{"id":5510,"date":"2024-05-03T06:39:41","date_gmt":"2024-05-03T06:39:41","guid":{"rendered":"https:\/\/elfsight.com\/pl\/?page_id=5510"},"modified":"2026-01-28T13:33:47","modified_gmt":"2026-01-28T13:33:47","slug":"webflow","status":"publish","type":"page","link":"https:\/\/elfsight.com\/pl\/instagram-feed-instashow\/webflow\/","title":{"rendered":"Instagram Feed &#8211; Webflow"},"content":{"rendered":"<div class=\"application-platform-content-item-description application-platform-content-item\" id=\"description\" data-nav-section=\"description\"><h2>Umie\u015b\u0107 Instagram w Webflow za pomoc\u0105 wid\u017cetu Elfsight<\/h2><p>InstaShow to pot\u0119\u017cny wid\u017cet Instagram, kt\u00f3ry umo\u017cliwia tworzenie wspania\u0142ych galerii na Twoim strona ze zdj\u0119ciami i filmami Instagram. Szerokie mo\u017cliwo\u015bci dostosowywania: obs\u0142ugiwane wszystkie rodzaje \u017ar\u00f3de\u0142, filtry tre\u015bci, ponad 60 parametr\u00f3w dostosowywania, 10 schemat\u00f3w kolor\u00f3w i w pe\u0142ni adaptacyjny uk\u0142ad responsywny dla ka\u017cdego urz\u0105dzenia.<\/p><p><b>U\u017cyj ca\u0142kowicie responsywnego i por\u0119cznego wid\u017cetu, aby natychmiast przyci\u0105gnij odbiorc\u00f3w swojej witryny.<\/b><\/p><ul><li><b>Zwi\u0119ksz liczb\u0119 konwersji dzi\u0119ki zdj\u0119ciom na Instagramie<\/b>.<br>Pokazuj zdj\u0119cia swoich produkt\u00f3w lub us\u0142ug zamieszczane przez zadowolonych klient\u00f3w na Instagram i zwi\u0119ksz konwersj\u0119.<\/li><li><b>Zwi\u0119ksz zaanga\u017cowanie u\u017cytkownik\u00f3w w swojej witrynie dzi\u0119ki atrakcyjnej tre\u015bci<\/b>.<br>Wykorzystaj tre\u015bci jednego z najpopularniejszych medi\u00f3w spo\u0142eczno\u015bciowych, aby utrzyma\u0107 zaanga\u017cowanie u\u017cytkownik\u00f3w Twojej witryny i zainteresowany.<\/li><li><b>Zdob\u0105d\u017a wi\u0119cej obserwuj\u0105cych promuj\u0105cych Twoje konto na Instagramie w witrynie<\/b>.<br>Wykorzystaj swoj\u0105 witryn\u0119 jako kolejny spos\u00f3b na promowanie konta na Instagramie i daj szans\u0119 na obserwowanie Ci\u0119 jedno klikni\u0119cie, aby zwi\u0119kszy\u0107 liczb\u0119 obserwuj\u0105cych.<\/li><\/ul><div class=\"faq\" data-component=\"FAQ\"> <div class=\"faq-item\">\r\n\t\t\t\t\t<div class=\"faq-item-question\">\r\n\t\t\t\t\t\t<h3 class=\"faq-item-question-text\">Jakie inne wtyczki do Webflow mo\u017cna doda\u0107 do mojej witryny? <\/h3>\r\n\r\n\t\t\t\t\t\t<div class=\"faq-item-question-icon\"><\/div>\r\n\t\t\t\t\t<\/div>\r\n\r\n\t\t\t\t\t<div class=\"faq-item-answer\">\r\n\t\t\t\t\t\t<div class=\"faq-item-answer-text\"> <p>Mo\u017cesz przetestowa\u0107 wiele aplikacji do dowolnych cel\u00f3w w Twojej witrynie, niezale\u017cnie od prowadzonej przez Ciebie dzia\u0142alno\u015bci. Zalecamy zapoznanie si\u0119 z tymi: <a href=\"https:\/\/elfsight.com\/online-form-builder\/webflow\/\">Kreator formularzy<\/a>, <a href=\"https:\/\/elfsight.com \/cookie-consent-widget\/webflow\/\">Zgoda na pliki cookie<\/a>, <a href=\"https:\/\/elfsight.com\/popup-widget\/webflow\/\">Wyskakuj\u0105ce okienko<\/a>, <a href=\"https:\/\/elfsight.com\/instagram-feed-instashow\/webflow\/\">Kana\u0142 na Instagramie<\/a>, <a href=\"https:\/\/elfsight.com\/slider-widget\/webflow\/\">Slider<\/a>.<\/p> <\/div>\r\n\t\t\t\t\t<\/div>\r\n\t\t\t\t<\/div> <div class=\"faq-item\">\r\n\t\t\t\t\t<div class=\"faq-item-question\">\r\n\t\t\t\t\t\t<h3 class=\"faq-item-question-text\">Jak bezp\u0142atnie osadzi\u0107 kana\u0142 Instagram w Webflow?<\/h3>\r\n\r\n\t\t\t\t\t\t<div class=\"faq-item-question-icon\"><\/div>\r\n\t\t\t\t\t<\/div>\r\n\r\n\t\t\t\t\t<div class=\"faq-item-answer\">\r\n\t\t\t\t\t\t<div class=\"faq-item-answer-text\"> <ol><p>Integracja kana\u0142u Instagram w witrynie Webflow to niezwyk\u0142y spos\u00f3b na zaprezentowanie swoich osi\u0105gni\u0119\u0107 aktualne posty i zwi\u0119kszaj zaanga\u017cowanie u\u017cytkownik\u00f3w.<\/p><ol><li>Aby <a href=\"https:\/\/elfsight.com\/blog\/how-to-embed-instagram-feed-on-website\/\">Umie\u015b\u0107 kana\u0142 Elfsight na Instagramie<\/a> za darmo w Webflow, odwied\u017a witryn\u0119 Elfsight i za\u0142\u00f3\u017c darmowe konto.<\/li><li>Wykorzystaj bezp\u0142atny widget Instagram, dostosowuj\u0105c jego wygl\u0105d i ustawienia tak, aby harmonizowa\u0142y z estetyk\u0105 Twojej witryny Webflow .<\/li><li>Po bezp\u0142atnym dostosowaniu kana\u0142u na Instagramie skopiuj ekskluzywny kod do umieszczenia na stronie i wklej go do kodu HTML swojej witryny Webflow, w miejscu, w kt\u00f3rym chcesz wy\u015bwietla\u0107 kana\u0142.<\/li><\/ol><p>Przez integruj\u0105c sw\u00f3j kana\u0142 Instagram ze swoj\u0105 witryn\u0105 Webflow, zwi\u0119kszysz jej atrakcyjno\u015b\u0107 wizualn\u0105 i zwi\u0119kszysz sta\u0142e zaanga\u017cowanie u\u017cytkownik\u00f3w. Korzystaj z zalet wid\u017cetu Elfsight na Instagramie bez ponoszenia \u017cadnych wydatk\u00f3w!<\/p><\/ol><\/div>\r\n\t\t\t\t\t<\/div>\r\n\t\t\t\t<\/div> <div class=\"faq-item\">\r\n\t\t\t\t\t<div class=\"faq-item-question\">\r\n\t\t\t\t\t\t<h3 class=\"faq-item-question-text\">Czy mog\u0119 zobaczy\u0107 w d\u0142oni wid\u017cet Twojego kana\u0142u Webflow na Instagramie?<\/h3>\r\n\r\n\t\t\t\t\t\t<div class=\"faq-item-question-icon\"><\/div>\r\n\t\t\t\t\t<\/div>\r\n\r\n\t\t\t\t\t<div class=\"faq-item-answer\">\r\n\t\t\t\t\t\t<div class=\"faq-item-answer-text\"> <p>Oczywi\u015bcie! Zapraszamy do wypr\u00f3bowania naszego kana\u0142u na Instagramie dla Webflow, korzystaj\u0105c z naszego aktywnego <a href=\"https:\/\/elfsight.com\/instagram-feed-instashow\/#demo\">demo<\/a>. Jest bezp\u0142atny i mo\u017cesz go tak\u017ce u\u017cy\u0107 do dodania wid\u017cetu do swojej witryny Webflow.<\/p><\/div>\r\n\t\t\t\t\t<\/div>\r\n\t\t\t\t<\/div> <\/div><\/div><div class=\"application-platform-content-item-features application-platform-content-item\" id=\"features\" data-nav-section=\"features\"><h2>G\u0142\u00f3wne funkcje kana\u0142u Instagram widget<\/h2><p>G\u0142\u00f3wne cechy widgetu, kt\u00f3re czyni\u0105 go najlepszym widgetem Webflow do wy\u015bwietlania kana\u0142u na Instagramie:<\/p><ul><li>Korzystaj z nieograniczonej liczby \u017ar\u00f3de\u0142, aby wy\u015bwietla\u0107 reklamy na swojej stronie internetowej<\/li><li>Dodawaj tre\u015bci wed\u0142ug adresu URL, hashtag\u00f3w i nazw u\u017cytkownik\u00f3w<\/li><li>Zastosuj wszystkie swoje ulubione filtry na Instagramie<\/li><li>2 gotowe do u\u017cycia uk\u0142ady kana\u0142\u00f3w: suwak i siatka<\/li><li>2 szablony post\u00f3w: kafelkowy i klasyczny<\/li><li>Regulowana liczba kolumn i wierszy<\/li><li>\u0141atwa integracja Instagrama z Webflow<\/li><\/ul><p><a href=\"#demo\">Odkryj wi\u0119cej funkcji w naszej wersji demonstracyjnej<\/a><\/p><\/div><div class=\"application-platform-content-item-installation application-platform-content-item\" id=\"installation\" data-nav-section=\"installation\"><h2>Jak doda\u0107 kana\u0142 Instagram do witryny Webflow<\/h2><div class=\"video-container\">\n<iframe width=\"720\" height=\"405\" src=\"https:\/\/www.youtube.com\/embed\/vYBeWOSz5ic?si=jtve75c7mBR9ipJq\" frameborder=\"0\" allowfullscreen=\"\"><\/iframe>\n<p align=\"center\"><em>Meet Official Tutorial by Weblow Team<\/em><\/p>\n<\/div><p>Zapoznaj si\u0119 z naszym kr\u00f3tkim przewodnikiem na temat instalacji i ustawie\u0144 wid\u017cet\u00f3w. \u015aredni czas instalacji nie przekracza dw\u00f3ch minut.<\/p><ol><li><b>Zaprojektuj sw\u00f3j spersonalizowany kana\u0142 na Instagramie<\/b>.<br> Za pomoc\u0105 naszej bezp\u0142atnej wersji demonstracyjnej wygeneruj wid\u017cet o po\u017c\u0105danym wygl\u0105dzie i mo\u017cliwo\u015bci.<\/li><li><b>Uzyskaj kod do konfiguracji wid\u017cetu<\/b>.<br> Po wygenerowaniu wid\u017cetu pobierz kod wid\u017cetu Instagram z wyskakuj\u0105cego powiadomienia w aplikacjach Elfsight.<\/li><li><b>Dodaj kana\u0142 Instagram do Webflow<\/b>.<br> Zintegruj kod instalacyjny widgetu w odpowiednim miejscu strony i zastosuj zmiany.<\/li><li><b>Jeste\u015b gotowy gotowe!<\/b><br> Odwied\u017a swoj\u0105 witryn\u0119, aby sprawdzi\u0107 sw\u00f3j Instagram.<\/li><\/ol><p>Masz problemy z integracj\u0105 Instagrama z Webflow lub dostosowywaniem swojego kana\u0142u? Skontaktuj si\u0119 z naszym dzia\u0142em pomocy technicznej.<\/p><\/div>","protected":false},"excerpt":{"rendered":"","protected":false},"author":9,"featured_media":0,"parent":614,"menu_order":0,"comment_status":"closed","ping_status":"closed","template":"templates\/template-application-platform.php","meta":{"publish_to_discourse":"","publish_post_category":"","wpdc_auto_publish_overridden":"","wpdc_topic_tags":"","wpdc_pin_topic":"","wpdc_pin_until":"","discourse_post_id":"","discourse_permalink":"","wpdc_publishing_response":"","wpdc_publishing_error":"","footnotes":""},"class_list":["post-5510","page","type-page","status-publish","hentry"],"yoast_head":"<!-- This site is optimized with the Yoast SEO plugin v25.3.1 - https:\/\/yoast.com\/wordpress\/plugins\/seo\/ -->\n<title>Osad\u017a kana\u0142 Instagram na Webflow za pomoc\u0105 wid\u017cetu - dodaj Instagram do strony internetowej w 2 minuty!<\/title>\n<meta name=\"description\" content=\"Wypr\u00f3buj za darmo najlepszy widget Instagram dla witryny Webflow! Utw\u00f3rz sw\u00f3j unikalny kana\u0142 na Instagramie w Elfsight w zaledwie dwie minuty.\" \/>\n<meta name=\"robots\" content=\"index, follow, max-snippet:-1, max-image-preview:large, max-video-preview:-1\" \/>\n<link rel=\"canonical\" href=\"https:\/\/elfsight.com\/pl\/instagram-feed-instashow\/webflow\/\" \/>\n<meta property=\"og:locale\" content=\"pl_PL\" \/>\n<meta property=\"og:type\" content=\"article\" \/>\n<meta property=\"og:title\" content=\"Osad\u017a kana\u0142 Instagram na Webflow za pomoc\u0105 wid\u017cetu - dodaj Instagram do strony internetowej w 2 minuty!\" \/>\n<meta property=\"og:description\" content=\"Wypr\u00f3buj za darmo najlepszy widget Instagram dla witryny Webflow! Utw\u00f3rz sw\u00f3j unikalny kana\u0142 na Instagramie w Elfsight w zaledwie dwie minuty.\" \/>\n<meta property=\"og:url\" content=\"https:\/\/elfsight.com\/pl\/instagram-feed-instashow\/webflow\/\" \/>\n<meta property=\"og:site_name\" content=\"Elfsight PL\" \/>\n<meta property=\"article:modified_time\" content=\"2026-01-28T13:33:47+00:00\" \/>\n<meta name=\"twitter:card\" content=\"summary_large_image\" \/>\n<meta name=\"twitter:label1\" content=\"Szacowany czas czytania\" \/>\n\t<meta name=\"twitter:data1\" content=\"4 minuty\" \/>\n<!-- \/ Yoast SEO plugin. -->","yoast_head_json":{"title":"Osad\u017a kana\u0142 Instagram na Webflow za pomoc\u0105 wid\u017cetu - dodaj Instagram do strony internetowej w 2 minuty!","description":"Wypr\u00f3buj za darmo najlepszy widget Instagram dla witryny Webflow! Utw\u00f3rz sw\u00f3j unikalny kana\u0142 na Instagramie w Elfsight w zaledwie dwie minuty.","robots":{"index":"index","follow":"follow","max-snippet":"max-snippet:-1","max-image-preview":"max-image-preview:large","max-video-preview":"max-video-preview:-1"},"canonical":"https:\/\/elfsight.com\/pl\/instagram-feed-instashow\/webflow\/","og_locale":"pl_PL","og_type":"article","og_title":"Osad\u017a kana\u0142 Instagram na Webflow za pomoc\u0105 wid\u017cetu - dodaj Instagram do strony internetowej w 2 minuty!","og_description":"Wypr\u00f3buj za darmo najlepszy widget Instagram dla witryny Webflow! Utw\u00f3rz sw\u00f3j unikalny kana\u0142 na Instagramie w Elfsight w zaledwie dwie minuty.","og_url":"https:\/\/elfsight.com\/pl\/instagram-feed-instashow\/webflow\/","og_site_name":"Elfsight PL","article_modified_time":"2026-01-28T13:33:47+00:00","twitter_card":"summary_large_image","twitter_misc":{"Szacowany czas czytania":"4 minuty"},"schema":{"@context":"https:\/\/schema.org","@graph":[{"@type":"WebPage","@id":"https:\/\/elfsight.com\/pl\/instagram-feed-instashow\/webflow\/","url":"https:\/\/elfsight.com\/pl\/instagram-feed-instashow\/webflow\/","name":"Osad\u017a kana\u0142 Instagram na Webflow za pomoc\u0105 wid\u017cetu - dodaj Instagram do strony internetowej w 2 minuty!","isPartOf":{"@id":"https:\/\/elfsight.com\/pl\/#website"},"datePublished":"2024-05-03T06:39:41+00:00","dateModified":"2026-01-28T13:33:47+00:00","description":"Wypr\u00f3buj za darmo najlepszy widget Instagram dla witryny Webflow! Utw\u00f3rz sw\u00f3j unikalny kana\u0142 na Instagramie w Elfsight w zaledwie dwie minuty.","breadcrumb":{"@id":"https:\/\/elfsight.com\/pl\/instagram-feed-instashow\/webflow\/#breadcrumb"},"inLanguage":"pl-PL","potentialAction":[{"@type":"ReadAction","target":["https:\/\/elfsight.com\/pl\/instagram-feed-instashow\/webflow\/"]}]},{"@type":"BreadcrumbList","@id":"https:\/\/elfsight.com\/pl\/instagram-feed-instashow\/webflow\/#breadcrumb","itemListElement":[{"@type":"ListItem","position":1,"name":"Home","item":"https:\/\/elfsight.com\/pl\/"},{"@type":"ListItem","position":2,"name":"Instagram Feed","item":"https:\/\/elfsight.com\/pl\/instagram-feed-instashow\/"},{"@type":"ListItem","position":3,"name":"Instagram Feed &#8211; Webflow"}]},{"@type":"WebSite","@id":"https:\/\/elfsight.com\/pl\/#website","url":"https:\/\/elfsight.com\/pl\/","name":"Elfsight PL","description":"Just another Elfsight Sites site","potentialAction":[{"@type":"SearchAction","target":{"@type":"EntryPoint","urlTemplate":"https:\/\/elfsight.com\/pl\/?s={search_term_string}"},"query-input":{"@type":"PropertyValueSpecification","valueRequired":true,"valueName":"search_term_string"}}],"inLanguage":"pl-PL"}]}},"meta_box":{"industry":"","seo_heading":"","heading":"","description":"","cta_heading":"","cta_description":"","application":"594","h1":"Widget kana\u0142u Instagram dla Webflow","h1_caption":"Dodawaj posty ze swojego konta na Instagramie lub za pomoc\u0105 hashtagu, zapewniaj\u0105c najlepszy spos\u00f3b na bezproblemowe zaprezentowanie dynamicznego kana\u0142u Instagram na swojej stronie internetowej w witrynie Webflow.","application_category":[],"applications_title":"","applications_request_title":"","applications_request_button_text":"","hero_text":"","hero_video":"","hero_video_schema_markup":"","selling_points_title":"","selling_points_caption":"","selling_points":[],"selling_points_cta_text":"","features_title":"","features":"","ed_cta_examples_text":"","ed_cta_examples_hidden":"","ed_cta_demo_text":"","ed_cta_demo_hidden":"","why_caption":"","why_editor_title":"","why_editor_text":"","why_team_title":"","why_team_text":"","why_service_title":"","why_service_text":"","template_catalog_visible":"0","template_catalog_title":"","template_catalog_text":"","template_catalog_categories_visible":"","demo_title":"Utw\u00f3rz wid\u017cet kana\u0142u na Instagramie","demo_caption":"Skonfiguruj sw\u00f3j kana\u0142 na Instagramie i dodaj go do swojej witryny Webflow za darmo!","default_faq_hidden":"","app_template_category":[],"platform":"127","template_public_id":"","codecanyon_url":"","codecanyon_item_id":"","codecanyon_price":"","pricing_caption":"","pricing_elfsight_apps_hide_column":"","pricing_elfsight_apps_url":"","pricing_codecanyon_price_caption":"","integration_category":[],"integration_request_title":"","integration_request_cta":"","integration_platform":"","integrations":[],"platform_category":[],"video_schema_markup":"","price":"od 0 USD \/ miesi\u0105c","trial":"","benefits":[{"text":"Bezp\u0142atna us\u0142uga monta\u017cu"},{"text":"Skuteczna obs\u0142uga klienta"},{"text":"14-dniowa gwarancja zwrotu pieni\u0119dzy"}],"button_url":"#demo","button_target_blank":"0","button_nofollow":"0","attributes":[{"name":"Instaluje","content":"100,000 - 500,000"},{"name":"Czu\u0142y","content":"Tak"},{"name":"Kompatybilne przegl\u0105darki","content":"IE11, Firefox, Safari, Opera, Chrome, Edge"}],"tags":[],"tags_disable_links":"0","hide_more_platforms":"0","video_object":"","demo_hide_cta":"0","demo_hide_cloud_options":"0","pricing_title":"","pricing":[{"pricing_icon":"platform","pricing_title":"Webflow widget","pricing_title_caption":"Niezale\u017cne od platformy rozwi\u0105zanie cyfrowe, kt\u00f3re dzia\u0142a na ka\u017cdej stronie","pricing_price":"od 0 USD \/ miesi\u0105c","pricing_price_caption":"zacznij od bezp\u0142atnego planu","pricing_benefits":[{"text":"Nielimitowane domeny"},{"text":"Szybka obs\u0142uga klienta"},{"text":"Bezp\u0142atna pomoc przy instalacji"},{"text":"Oferta specjalna na wiele aplikacji"}],"pricing_button_text":"Dodaj do witryny","pricing_button_url":"#demo"}],"related_apps_title":"","related_apps_hidden":"0","author":"","image":[],"title":"","job":"","social_networks":[]},"_links":{"self":[{"href":"https:\/\/elfsight.com\/pl\/wp-json\/wp\/v2\/pages\/5510","targetHints":{"allow":["GET"]}}],"collection":[{"href":"https:\/\/elfsight.com\/pl\/wp-json\/wp\/v2\/pages"}],"about":[{"href":"https:\/\/elfsight.com\/pl\/wp-json\/wp\/v2\/types\/page"}],"author":[{"embeddable":true,"href":"https:\/\/elfsight.com\/pl\/wp-json\/wp\/v2\/users\/9"}],"replies":[{"embeddable":true,"href":"https:\/\/elfsight.com\/pl\/wp-json\/wp\/v2\/comments?post=5510"}],"version-history":[{"count":3,"href":"https:\/\/elfsight.com\/pl\/wp-json\/wp\/v2\/pages\/5510\/revisions"}],"predecessor-version":[{"id":10853,"href":"https:\/\/elfsight.com\/pl\/wp-json\/wp\/v2\/pages\/5510\/revisions\/10853"}],"up":[{"embeddable":true,"href":"https:\/\/elfsight.com\/pl\/wp-json\/wp\/v2\/pages\/614"}],"wp:attachment":[{"href":"https:\/\/elfsight.com\/pl\/wp-json\/wp\/v2\/media?parent=5510"}],"curies":[{"name":"wp","href":"https:\/\/api.w.org\/{rel}","templated":true}]}}