{"id":5504,"date":"2024-05-03T06:39:39","date_gmt":"2024-05-03T06:39:39","guid":{"rendered":"https:\/\/elfsight.com\/pl\/?page_id=5504"},"modified":"2025-06-19T13:55:01","modified_gmt":"2025-06-19T13:55:01","slug":"bigcommerce","status":"publish","type":"page","link":"https:\/\/elfsight.com\/pl\/instagram-feed-instashow\/bigcommerce\/","title":{"rendered":"Instagram Feed &#8211; BigCommerce"},"content":{"rendered":"<div class=\"application-platform-content-item-description application-platform-content-item\" id=\"description\" data-nav-section=\"description\">\n<h2>Umie\u015b\u0107 Instagram w BigCommerce za pomoc\u0105 wid\u017cetu Elfsight<\/h2>\n<p>**InstaShow** to responsywna aplikacja Instagram, kt\u00f3ra umo\u017cliwia budowanie wspania\u0142ych portfolio ze zdj\u0119\u0107 i klip\u00f3w wideo na Instagramie. Istnieje ogromna liczba indywidualnych ustawie\u0144 Twojej strony osobistej: dost\u0119pne wszystkie \u017ar\u00f3d\u0142a, moderacja post\u00f3w, ponad 50 konfigurowalnych funkcji i 10 opcji szablon\u00f3w, a do tego ca\u0142kowicie dopasowuje si\u0119 do dowolnej wielko\u015bci ekranu.<\/p>\n<p><b>U\u017cyj ca\u0142kowicie responsywnej i wydajnej aplikacji, kt\u00f3ra od razu przyci\u0105gnie uwag\u0119 odwiedzaj\u0105cych Twoj\u0105 witryn\u0119.<\/b><\/p>\n<ul>\n    <li><b>Zwi\u0119ksz liczb\u0119 transakcji<\/b>.<br>Opowiedz o swoich towarach lub us\u0142ugach za po\u015brednictwem zdj\u0119\u0107 z Instagrama przy u\u017cyciu hashtag\u00f3w, lokalizacji lub okre\u015blonego adresu URL, aby podwoi\u0107 przychody z Twojej witryny.<\/li>\n    <li><b>Nowi obserwuj\u0105cy na Instagramie<\/b>.<br>Wstaw specjalne linki za pomoc\u0105 wezwania do subskrypcji i zwi\u0119kszenia liczby obserwuj\u0105cych Twoje konto na Instagramie.<\/li>\n    <li><b>Wi\u0119ksze zaanga\u017cowanie u\u017cytkownik\u00f3w w Twojej witrynie<\/b>.<br>Zadziwiaj odwiedzaj\u0105cych i wywo\u0142uj wi\u0119cej emocji, wykorzystuj\u0105c zdj\u0119cia z Instagrama, aby zapewni\u0107 silne zaanga\u017cowanie u\u017cytkownik\u00f3w.<\/li>\n<\/ul>\n\n<div class=\"faq\" data-component=\"FAQ\">\n    <div class=\"faq-item\">\r\n\t\t\t\t\t<div class=\"faq-item-question\">\r\n\t\t\t\t\t\t<h3 class=\"faq-item-question-text\">Czy mog\u0119 przetestowa\u0107 wid\u017cet Aktualno\u015bci na Instagramie w dzia\u0142aniu?<\/h3>\r\n\r\n\t\t\t\t\t\t<div class=\"faq-item-question-icon\"><\/div>\r\n\t\t\t\t\t<\/div>\r\n\r\n\t\t\t\t\t<div class=\"faq-item-answer\">\r\n\t\t\t\t\t\t<div class=\"faq-item-answer-text\">\n    <p>Tak, mo\u017cesz to z \u0142atwo\u015bci\u0105 zrobi\u0107 za pomoc\u0105 bezp\u0142atnego interaktywnego <a href=\"#demo\">demo<\/a> nawet bez rejestracji.<\/p>\n    <\/div>\r\n\t\t\t\t\t<\/div>\r\n\t\t\t\t<\/div>\n\n    <div class=\"faq-item\">\r\n\t\t\t\t\t<div class=\"faq-item-question\">\r\n\t\t\t\t\t\t<h3 class=\"faq-item-question-text\">Czy istnieje spos\u00f3b na osadzenie kana\u0142u Instagram w mojej witrynie BigCommerce bez \u017cadnych umiej\u0119tno\u015bci kodowania?<\/h3>\r\n\r\n\t\t\t\t\t\t<div class=\"faq-item-question-icon\"><\/div>\r\n\t\t\t\t\t<\/div>\r\n\r\n\t\t\t\t\t<div class=\"faq-item-answer\">\r\n\t\t\t\t\t\t<div class=\"faq-item-answer-text\">\n    <p>Firma Elfsight wprowadza rozwi\u0105zanie, kt\u00f3re pozwala <a href=\"https:\/\/elfsight.com\/blog\/how-to-embed-instagram-feed-on-website\/\">osadzi\u0107 kana\u0142 na Instagramie<\/a> samodzielnie, wykonaj proste kroki: <\/p>\n    <ul>\n        <li>Rozpocznij prac\u0119 bezpo\u015brednio w edytorze online, aby utworzy\u0107 wid\u017cet kana\u0142u na Instagramie, kt\u00f3ry chcesz doda\u0107 na swojej stronie internetowej BigCommerce.<\/li>\n        <li>Wybierz jeden z gotowych szablon\u00f3w i zmie\u0144 ustawienia Instagram Feed, zmie\u0144 uk\u0142ad i kolorystyk\u0119, zaktualizuj swoje tre\u015bci bez znajomo\u015bci kodowania.<\/li>\n        <li>Zapisz ustawienia, kt\u00f3re wprowadzi\u0142e\u015b w Instagram Feed i uzyskaj kod instalacyjny, kt\u00f3ry mo\u017cna po prostu osadzi\u0107 na stronie internetowej BigCommerce bez konieczno\u015bci kupowania p\u0142atnej subskrypcji.<\/li>\n    <\/ul>\n    <p>Dzi\u0119ki intuicyjnemu Edytorowi ka\u017cdy u\u017cytkownik Internetu mo\u017ce wygenerowa\u0107 wid\u017cet Instagram Feed online i \u0142atwo doda\u0107 go do dowolnej witryny BigCommerce. Aby wej\u015b\u0107 do naszego serwisu, nie powiniene\u015b otrzymywa\u0107 p\u0142atnej subskrypcji ani podawa\u0107 danych logowania do swojej karty. Je\u015bli napotkasz jakiekolwiek problemy, skontaktuj si\u0119 z naszym dzia\u0142em pomocy technicznej.<\/p>\n    <\/div>\r\n\t\t\t\t\t<\/div>\r\n\t\t\t\t<\/div>\n\n    <div class=\"faq-item\">\r\n\t\t\t\t\t<div class=\"faq-item-question\">\r\n\t\t\t\t\t\t<h3 class=\"faq-item-question-text\">Jak bezp\u0142atnie osadzi\u0107 kana\u0142 Instagram w BigCommerce?<\/h3>\r\n\r\n\t\t\t\t\t\t<div class=\"faq-item-question-icon\"><\/div>\r\n\t\t\t\t\t<\/div>\r\n\r\n\t\t\t\t\t<div class=\"faq-item-answer\">\r\n\t\t\t\t\t\t<div class=\"faq-item-answer-text\">\n    <p>Kana\u0142 na Instagramie pozwala wy\u015bwietla\u0107 najnowsze posty i skutecznie anga\u017cowa\u0107 odwiedzaj\u0105cych Twoj\u0105 witryn\u0119.<\/p>\n    <ol>\n        <li>Aby doda\u0107 kana\u0142 Elfsight na Instagramie za darmo w BigCommerce, zacznij od za\u0142o\u017cenia bezp\u0142atnego konta na stronie Elfsight.<\/li>\n        <li>Dzi\u0119ki bezp\u0142atnemu wid\u017cetowi Instagram mo\u017cesz z \u0142atwo\u015bci\u0105 dostosowa\u0107 wygl\u0105d i ustawienia do swojego sklepu BigCommerce.<\/li>\n        <li>Po skonfigurowaniu bezp\u0142atnego kana\u0142u na Instagramie po prostu skopiuj dostarczony kod do osadzenia i wklej go w kodzie HTML swojej witryny BigCommerce, w miejscu, w kt\u00f3rym chcesz, aby kana\u0142 si\u0119 pojawia\u0142.<\/li>\n    <\/ol>\n    <p>Teraz Tw\u00f3j sklep BigCommerce b\u0119dzie prezentowa\u0142 Tw\u00f3j kana\u0142 na Instagramie, poprawiaj\u0105c jego atrakcyjno\u015b\u0107 wizualn\u0105 i utrzymanie zaanga\u017cowania odwiedzaj\u0105cych. Korzystaj z zalet wid\u017cetu Elfsight Instagram bezp\u0142atnie!<\/p>\n    <\/div>\r\n\t\t\t\t\t<\/div>\r\n\t\t\t\t<\/div>\n<\/div>\n<\/div>\n\n<div class=\"application-platform-content-item-features application-platform-content-item\" id=\"features\" data-nav-section=\"features\">\n<h2>G\u0142\u00f3wne funkcje aplikacji Instagram Feed<\/h2>\n<p>G\u0142\u00f3wne parametry naszej aplikacji, kt\u00f3re czyni\u0105 j\u0105 najlepszym produktem BigCommerce do integracji Instagrama z witryn\u0105:<\/p>\n<ul>\n    <li>Dodawaj tre\u015b\u0107 wed\u0142ug adresu URL, hashtag\u00f3w i nazw u\u017cytkownik\u00f3w;<\/li>\n    <li>2 gotowe do u\u017cycia uk\u0142ady kana\u0142\u00f3w: suwak i siatka;<\/li>\n    <li>Duplikuj i zmieniaj kolejno\u015b\u0107 przycisk\u00f3w wezwa\u0144 do dzia\u0142ania;<\/li>\n    <li>11 element\u00f3w do pomalowania;<\/li>\n    <li>Opcja optymalizacji mobilnej dla r\u00f3\u017cnych urz\u0105dze\u0144.<\/li>\n<\/ul>\n<p><a href=\"#demo\">Wszystkie funkcje w naszej wersji demonstracyjnej<\/a><\/p>\n<p>Mo\u017cesz osadzi\u0107 Kana\u0142 Instagrama na BigCommerce, aby osi\u0105gn\u0105\u0107 lepsz\u0105 wydajno\u015b\u0107 witryny. Wid\u017cet zwi\u0119kszy zaanga\u017cowanie i czas, jaki ludzie sp\u0119dzaj\u0105 na stronie. Dzi\u0119ki temu, \u017ce jest znana wi\u0119kszo\u015bci u\u017cytkownik\u00f3w i zawiera interaktywn\u0105 galeri\u0119, przyci\u0105gnie wi\u0119kszo\u015b\u0107 ich uwagi i czasu. Ponadto za pomoc\u0105 tej aplikacji stylisty mo\u017cesz zaprosi\u0107 odwiedzaj\u0105cych witryn\u0119 do subskrybowania Twojego profilu na Instagramie. Wreszcie istnieje mo\u017cliwo\u015b\u0107 zwi\u0119kszenia zaufania do Twojej marki poprzez publikowanie \u015bwietnych referencji z Instagrama na stronie internetowej.<\/p>\n<\/div>\n\n<div class=\"application-platform-content-item-installation application-platform-content-item\" id=\"installation\" data-nav-section=\"installation\">\n<h2>Jak doda\u0107 aplikacj\u0119 Instagram do witryny BigCommerce<\/h2>\n<div class=\"video-container\"><iframe width=\"720\" height=\"405\" src=\"https:\/\/www.youtube.com\/embed\/0d2WEFDYZME\" frameborder=\"0\" allowfullscreen=\"\"><\/iframe><\/div>\n<p>Wystarczy wykona\u0107 poni\u017csze kroki, aby rozpocz\u0105\u0107 prac\u0119 z aplikacj\u0105 na BigCommerce.<\/p>\n<ol>\n    <li><b>Skorzystaj z naszej bezp\u0142atnej wersji demonstracyjnej i zacznij tworzy\u0107 swoj\u0105 spersonalizowan\u0105 aplikacj\u0119.<\/b><br>Wybierz wybran\u0105 form\u0119 i cechy funkcjonalne wid\u017cetu i zastosuj modyfikacje.<\/li>\n    <li><b>Zdob\u0105d\u017a sw\u00f3j osobisty kod widoczny w oknie aplikacji Elfsight.<\/b><br>Zaraz po utworzeniu osobistego wid\u017cetu kana\u0142u na Instagramie skopiuj ekskluzywny kod z wy\u015bwietlonego pola i zachowaj go do dalszego wykorzystania.<\/li>\n    <li><b>Zacznij korzysta\u0107 z wid\u017cetu na stronie BigCommerce.<\/b><br>Zaimplementuj skopiowany ostatnio kod na swojej stronie i zastosuj ulepszenia.<\/li>\n    <li><b>Konfiguracja zosta\u0142a w pe\u0142ni uko\u0144czona.<\/b><br>Przejd\u017a na swoj\u0105 stron\u0119 i sprawd\u017a, jak dzia\u0142a widget.<\/li>\n<\/ol>\n<p>Napotka\u0142e\u015b problemy podczas instalowania aplikacji lub dostosowywania swojego osobistego kana\u0142u na Instagramie? Skontaktuj si\u0119 z pomoc\u0105 techniczn\u0105 Elfsight.<\/p>\n<\/div><iframe width=\"720\" height=\"405\" src=\"https:\/\/www.youtube.com\/embed\/0d2WEFDYZME\" frameborder=\"0\" allowfullscreen=\"\"><\/iframe><!-- \/wp:paragraph -->","protected":false},"excerpt":{"rendered":"","protected":false},"author":9,"featured_media":0,"parent":614,"menu_order":0,"comment_status":"closed","ping_status":"closed","template":"templates\/template-application-platform.php","meta":{"publish_to_discourse":"","publish_post_category":"","wpdc_auto_publish_overridden":"","wpdc_topic_tags":"","wpdc_pin_topic":"","wpdc_pin_until":"","discourse_post_id":"","discourse_permalink":"","wpdc_publishing_response":"","wpdc_publishing_error":"","footnotes":""},"class_list":["post-5504","page","type-page","status-publish","hentry"],"yoast_head":"<!-- This site is optimized with the Yoast SEO plugin v25.3.1 - https:\/\/yoast.com\/wordpress\/plugins\/seo\/ -->\n<title>Umie\u015b\u0107 kana\u0142 Instagram na BigCommerce - dodaj Instagram do strony internetowej w 2 minuty!<\/title>\n<meta name=\"description\" content=\"Stw\u00f3rz za darmo najlepsz\u0105 wtyczk\u0119 Instagrama dla witryny BigCommerce! Kszta\u0142tuj sw\u00f3j kana\u0142 na Instagramie w Elfsight w zaledwie 2 minuty.\" \/>\n<meta name=\"robots\" content=\"index, follow, max-snippet:-1, max-image-preview:large, max-video-preview:-1\" \/>\n<link rel=\"canonical\" href=\"https:\/\/elfsight.com\/pl\/instagram-feed-instashow\/bigcommerce\/\" \/>\n<meta property=\"og:locale\" content=\"pl_PL\" \/>\n<meta property=\"og:type\" content=\"article\" \/>\n<meta property=\"og:title\" content=\"Umie\u015b\u0107 kana\u0142 Instagram na BigCommerce - dodaj Instagram do strony internetowej w 2 minuty!\" \/>\n<meta property=\"og:description\" content=\"Stw\u00f3rz za darmo najlepsz\u0105 wtyczk\u0119 Instagrama dla witryny BigCommerce! Kszta\u0142tuj sw\u00f3j kana\u0142 na Instagramie w Elfsight w zaledwie 2 minuty.\" \/>\n<meta property=\"og:url\" content=\"https:\/\/elfsight.com\/pl\/instagram-feed-instashow\/bigcommerce\/\" \/>\n<meta property=\"og:site_name\" content=\"Elfsight PL\" \/>\n<meta property=\"article:modified_time\" content=\"2025-06-19T13:55:01+00:00\" \/>\n<meta name=\"twitter:card\" content=\"summary_large_image\" \/>\n<meta name=\"twitter:label1\" content=\"Szacowany czas czytania\" \/>\n\t<meta name=\"twitter:data1\" content=\"5 minut\" \/>\n<!-- \/ Yoast SEO plugin. -->","yoast_head_json":{"title":"Umie\u015b\u0107 kana\u0142 Instagram na BigCommerce - dodaj Instagram do strony internetowej w 2 minuty!","description":"Stw\u00f3rz za darmo najlepsz\u0105 wtyczk\u0119 Instagrama dla witryny BigCommerce! Kszta\u0142tuj sw\u00f3j kana\u0142 na Instagramie w Elfsight w zaledwie 2 minuty.","robots":{"index":"index","follow":"follow","max-snippet":"max-snippet:-1","max-image-preview":"max-image-preview:large","max-video-preview":"max-video-preview:-1"},"canonical":"https:\/\/elfsight.com\/pl\/instagram-feed-instashow\/bigcommerce\/","og_locale":"pl_PL","og_type":"article","og_title":"Umie\u015b\u0107 kana\u0142 Instagram na BigCommerce - dodaj Instagram do strony internetowej w 2 minuty!","og_description":"Stw\u00f3rz za darmo najlepsz\u0105 wtyczk\u0119 Instagrama dla witryny BigCommerce! Kszta\u0142tuj sw\u00f3j kana\u0142 na Instagramie w Elfsight w zaledwie 2 minuty.","og_url":"https:\/\/elfsight.com\/pl\/instagram-feed-instashow\/bigcommerce\/","og_site_name":"Elfsight PL","article_modified_time":"2025-06-19T13:55:01+00:00","twitter_card":"summary_large_image","twitter_misc":{"Szacowany czas czytania":"5 minut"},"schema":{"@context":"https:\/\/schema.org","@graph":[{"@type":"WebPage","@id":"https:\/\/elfsight.com\/pl\/instagram-feed-instashow\/bigcommerce\/","url":"https:\/\/elfsight.com\/pl\/instagram-feed-instashow\/bigcommerce\/","name":"Umie\u015b\u0107 kana\u0142 Instagram na BigCommerce - dodaj Instagram do strony internetowej w 2 minuty!","isPartOf":{"@id":"https:\/\/elfsight.com\/pl\/#website"},"datePublished":"2024-05-03T06:39:39+00:00","dateModified":"2025-06-19T13:55:01+00:00","description":"Stw\u00f3rz za darmo najlepsz\u0105 wtyczk\u0119 Instagrama dla witryny BigCommerce! Kszta\u0142tuj sw\u00f3j kana\u0142 na Instagramie w Elfsight w zaledwie 2 minuty.","breadcrumb":{"@id":"https:\/\/elfsight.com\/pl\/instagram-feed-instashow\/bigcommerce\/#breadcrumb"},"inLanguage":"pl-PL","potentialAction":[{"@type":"ReadAction","target":["https:\/\/elfsight.com\/pl\/instagram-feed-instashow\/bigcommerce\/"]}]},{"@type":"BreadcrumbList","@id":"https:\/\/elfsight.com\/pl\/instagram-feed-instashow\/bigcommerce\/#breadcrumb","itemListElement":[{"@type":"ListItem","position":1,"name":"Home","item":"https:\/\/elfsight.com\/pl\/"},{"@type":"ListItem","position":2,"name":"Instagram Feed","item":"https:\/\/elfsight.com\/pl\/instagram-feed-instashow\/"},{"@type":"ListItem","position":3,"name":"Instagram Feed &#8211; BigCommerce"}]},{"@type":"WebSite","@id":"https:\/\/elfsight.com\/pl\/#website","url":"https:\/\/elfsight.com\/pl\/","name":"Elfsight PL","description":"Just another Elfsight Sites site","potentialAction":[{"@type":"SearchAction","target":{"@type":"EntryPoint","urlTemplate":"https:\/\/elfsight.com\/pl\/?s={search_term_string}"},"query-input":{"@type":"PropertyValueSpecification","valueRequired":true,"valueName":"search_term_string"}}],"inLanguage":"pl-PL"}]}},"meta_box":{"industry":"","seo_heading":"","heading":"","description":"","cta_heading":"","cta_description":"","application":"594","h1":"Aplikacja Instagram Feed dla BigCommerce","h1_caption":"Dodawaj posty ze swojego konta na Instagramie lub za pomoc\u0105 hashtagu, zapewniaj\u0105c najlepszy spos\u00f3b na bezproblemowe zaprezentowanie dynamicznego kana\u0142u Instagram na swojej stronie internetowej w witrynie BigCommerce.","application_category":[],"applications_title":"","applications_request_title":"","applications_request_button_text":"","hero_text":"","hero_video":"","hero_video_schema_markup":"","selling_points_title":"","selling_points_caption":"","selling_points":[],"selling_points_cta_text":"","features_title":"","features":"","ed_cta_examples_text":"","ed_cta_examples_hidden":"","ed_cta_demo_text":"","ed_cta_demo_hidden":"","why_caption":"","why_editor_title":"","why_editor_text":"","why_team_title":"","why_team_text":"","why_service_title":"","why_service_text":"","template_catalog_visible":"0","template_catalog_title":"","template_catalog_text":"","template_catalog_categories_visible":"","demo_title":"Utw\u00f3rz aplikacj\u0119 do obs\u0142ugi kana\u0142\u00f3w na Instagramie","demo_caption":"Skonfiguruj sw\u00f3j kana\u0142 na Instagramie i dodaj go do swojej witryny BigCommerce za darmo!","default_faq_hidden":"","app_template_category":[],"platform":"41","template_public_id":"","codecanyon_url":"","codecanyon_item_id":"","codecanyon_price":"","pricing_caption":"","pricing_elfsight_apps_hide_column":"","pricing_elfsight_apps_url":"","pricing_codecanyon_price_caption":"","integration_category":[],"integration_request_title":"","integration_request_cta":"","integration_platform":"","integrations":[],"platform_category":[],"video_schema_markup":"","price":"od 0 USD \/ miesi\u0105c","trial":"","benefits":[{"text":"Bezp\u0142atna us\u0142uga monta\u017cu"},{"text":"Profesjonalna obs\u0142uga klienta"},{"text":"14-dniowa gwarancja zwrotu pieni\u0119dzy"}],"button_url":"#demo","button_target_blank":"0","button_nofollow":"0","attributes":[{"name":"Instaluje"},{"name":"Czu\u0142y"},{"name":"Kompatybilne przegl\u0105darki"}],"tags":[],"tags_disable_links":"0","hide_more_platforms":"0","video_object":"","demo_hide_cta":"0","demo_hide_cloud_options":"0","pricing_title":"","pricing":[{"pricing_icon":"platform","pricing_title":"Elfsight Apps","pricing_title_caption":"Oprogramowanie niezale\u017cne od platformy","pricing_price":"od 0 USD \/ miesi\u0105c","pricing_price_caption":"zacznij od bezp\u0142atnego planu","pricing_benefits":[{"text":"Nielimitowane domeny"},{"text":"Bezp\u0142atne wsparcie i dobrze udokumentowane"},{"text":"Bezp\u0142atna us\u0142uga monta\u017cu"},{"text":"100% konfigurowalny"}],"pricing_button_text":"Dodaj do witryny","pricing_button_url":"#demo"}],"related_apps_title":"","related_apps_hidden":"0","author":"","image":[],"title":"","job":"","social_networks":[]},"_links":{"self":[{"href":"https:\/\/elfsight.com\/pl\/wp-json\/wp\/v2\/pages\/5504","targetHints":{"allow":["GET"]}}],"collection":[{"href":"https:\/\/elfsight.com\/pl\/wp-json\/wp\/v2\/pages"}],"about":[{"href":"https:\/\/elfsight.com\/pl\/wp-json\/wp\/v2\/types\/page"}],"author":[{"embeddable":true,"href":"https:\/\/elfsight.com\/pl\/wp-json\/wp\/v2\/users\/9"}],"replies":[{"embeddable":true,"href":"https:\/\/elfsight.com\/pl\/wp-json\/wp\/v2\/comments?post=5504"}],"version-history":[{"count":3,"href":"https:\/\/elfsight.com\/pl\/wp-json\/wp\/v2\/pages\/5504\/revisions"}],"predecessor-version":[{"id":10128,"href":"https:\/\/elfsight.com\/pl\/wp-json\/wp\/v2\/pages\/5504\/revisions\/10128"}],"up":[{"embeddable":true,"href":"https:\/\/elfsight.com\/pl\/wp-json\/wp\/v2\/pages\/614"}],"wp:attachment":[{"href":"https:\/\/elfsight.com\/pl\/wp-json\/wp\/v2\/media?parent=5504"}],"curies":[{"name":"wp","href":"https:\/\/api.w.org\/{rel}","templated":true}]}}