{"id":5503,"date":"2024-05-03T06:39:38","date_gmt":"2024-05-03T06:39:38","guid":{"rendered":"https:\/\/elfsight.com\/pl\/?page_id=5503"},"modified":"2025-06-19T13:56:04","modified_gmt":"2025-06-19T13:56:04","slug":"blogger","status":"publish","type":"page","link":"https:\/\/elfsight.com\/pl\/instagram-feed-instashow\/blogger\/","title":{"rendered":"Instagram Feed &#8211; Blogger"},"content":{"rendered":"<div class=\"application-platform-content-item-description application-platform-content-item\" id=\"description\" data-nav-section=\"description\">\n<h2>Osad\u017a Instagram na Elementorze za pomoc\u0105 wtyczki Elfsight<\/h2>\n<p>**InstaShow** to pot\u0119\u017cna wtyczka do Instagrama, kt\u00f3ra umo\u017cliwia tworzenie pi\u0119knych galerii ze zdj\u0119ciami i klipami wideo z Instagrama na Twojej stronie. Nieograniczona liczba wariant\u00f3w personalizacji kana\u0142u: wszystkie typy \u017ar\u00f3de\u0142, filtry tre\u015bci, ponad 70 regulowanych parametr\u00f3w, 10 opcji stylu oraz w pe\u0142ni adaptacyjny interfejs dla wszystkich rozdzielczo\u015bci. Zastosuj t\u0119 responsywn\u0105 i por\u0119czn\u0105 wtyczk\u0119, aby wzbudzi\u0107 zainteresowanie u\u017cytkownik\u00f3w Twojej witryny.<\/p>\n<ul>\n    <li><b>Zarabiaj wi\u0119cej dzi\u0119ki popularnym zdj\u0119ciom<\/b>.<br>Dodawaj obrazy z Instagrama, kt\u00f3ry jest jedn\u0105 z najskuteczniejszych platform do popularyzacji towar\u00f3w lub us\u0142ug i uzyskaj skok sprzeda\u017cy na swojej stronie internetowej.<\/li>\n    <li><b>Maksymalna liczba fan\u00f3w na Instagramie<\/b>.<br>Umie\u015b\u0107 dodatkowe przyciski z ikon\u0105 zadzwo\u0144, aby zasubskrybowa\u0107 i podwoi\u0107 liczb\u0119 fan\u00f3w swojego profilu na Instagramie.<\/li>\n    <li><b>Wi\u0119ksze zaanga\u017cowanie odwiedzaj\u0105cych<\/b>.<br>Przyci\u0105gaj odwiedzaj\u0105cych i wzbudzaj ich zainteresowanie za pomoc\u0105 tre\u015bci z Instagrama, aby interakcja z klientem by\u0142a bardziej intensywna.<\/li>\n<\/ul>\n<\/div>\n\n<div class=\"application-platform-content-item-features application-platform-content-item\" id=\"features\" data-nav-section=\"features\">\n<h2>G\u0142\u00f3wne cechy wid\u017cetu Kana\u0142 na Instagramie<\/h2>\n<p>Najwa\u017cniejsze funkcje naszej wtyczki, co czyni go najlepszym narz\u0119dziem Bloggera do osadzania Instagrama na stronie:<\/p>\n<ul>\n    <li>Zastosuj filtr, aby wy\u015bwietla\u0107 tylko z wybranego \u017ar\u00f3d\u0142a;<\/li>\n    <li>2 szablony post\u00f3w: kafelkowy i klasyczny;<\/li>\n    <li>7 prze\u0142\u0105czalnych element\u00f3w post\u00f3w do pokazania lub ukrycia;<\/li>\n    <li>Konfigurowalne kolory t\u0142a, tekstu, przycisk\u00f3w i nie tylko;<\/li>\n    <li>Opcja ustawienia czasu pami\u0119ci podr\u0119cznej;<\/li>\n    <li>8 wspania\u0142ych, por\u0119cznych szablon\u00f3w;<\/li>\n    <li>Mo\u017cesz w\u0142\u0105cza\u0107 i wy\u0142\u0105cza\u0107 nazw\u0119 u\u017cytkownika, dat\u0119 publikacji, przycisk CTA, liczb\u0119 polubie\u0144 i komentarzy;<\/li>\n    <li>Ponad dziesi\u0119\u0107 gotowych palet kolor\u00f3w;<\/li>\n    <li>Opcja niezale\u017cnej zmiany koloru ka\u017cdego elementu;<\/li>\n    <li>Konfigurowalny przycisk \u201eZa\u0142aduj wi\u0119cej\u201d.<\/li>\n<\/ul>\n<p><a href=\"#demo\">Zobacz wi\u0119cej opcji w edytorze Elfsight<\/a><\/p>\n<p>Wszystkie te wspania\u0142e funkcje mog\u0105 pom\u00f3c Ci osi\u0105gn\u0105\u0107 dowolne cele e-commerce. Mo\u017cesz na przyk\u0142ad **zwi\u0119kszy\u0107 liczb\u0119 obserwuj\u0105cych i zwi\u0119kszy\u0107 zaanga\u017cowanie** w witrynie. Ponadto utworzenie wid\u017cetu, kt\u00f3ry b\u0119dzie pasowa\u0142 do projektu Twojej witryny i b\u0119dzie sp\u00f3jny z Twoj\u0105 mark\u0105, nie stanowi problemu.<\/p>\n<\/div>\n\n<div class=\"application-platform-content-item-installation application-platform-content-item\" id=\"installation\" data-nav-section=\"installation\">\n<h2>Jak doda\u0107 wid\u017cet Instagram do witryny Bloggera<\/h2>\n<div class=\"video-container\"><iframe width=\"720\" height=\"405\" src=\"https:\/\/www.youtube.com\/embed\/DDOHA5az6eE\" frameborder=\"0\" allowfullscreen=\"\"><\/iframe><\/div>\n<p>Przeczytaj nasz\u0105 wyra\u017an\u0105 instrukcj\u0119 dotycz\u0105c\u0105 wy\u015bwietlania i generowania wtyczki. \u015aredni czas wykonania wynosi oko\u0142o 70 sekund, a mi\u0142ym dodatkiem jest to, \u017ce nie potrzebujesz do\u015bwiadczenia w kodowaniu.<\/p>\n<ol>\n    <li><b>Zaprojektuj sw\u00f3j unikalny kana\u0142 na Instagramie<\/b>.<br>Korzystaj\u0105c z naszego bezp\u0142atnego demo, zbuduj wtyczk\u0119 z niezb\u0119dnym szablonem i funkcjami.<\/li>\n    <li><b>Zdob\u0105d\u017a kod umo\u017cliwiaj\u0105cy wy\u015bwietlenie wtyczki<\/b>.<br>Po skonfigurowaniu wid\u017cetu zdob\u0105d\u017a kod wtyczki Instagram od pojawienia si\u0119 powiadomienia w aplikacjach Elfsight.<\/li>\n    <li><b>Dodaj kana\u0142 Instagram do Bloggera<\/b>.<br>Wy\u015bwietl wtyczk\u0119 w wymaganym miejscu strony i zastosuj zmiany.<\/li>\n    <li><b>Gotowe!<\/b><br>Przejd\u017a do swojej witryny, aby wy\u015bwietli\u0107 sw\u00f3j kana\u0142 Instagram w Bloggerze.<\/li>\n<\/ol>\n<p>Natrafiasz na zapytania podczas osadzania lub personalizowania w\u0142asnego Kana\u0142u na Instagramie? Nie wahaj si\u0119 skontaktowa\u0107 z naszym centrum pomocy.<\/p>\n<\/div>\n\n<div class=\"faq\" data-component=\"FAQ\">\n<div class=\"faq-item\">\r\n\t\t\t\t\t<div class=\"faq-item-question\">\r\n\t\t\t\t\t\t<h3 class=\"faq-item-question-text\">Czy istnieje metoda dodania kana\u0142u Instagram do mojej witryny Bloggera bez kodowania?<\/h3>\r\n\r\n\t\t\t\t\t\t<div class=\"faq-item-question-icon\"><\/div>\r\n\t\t\t\t\t<\/div>\r\n\r\n\t\t\t\t\t<div class=\"faq-item-answer\">\r\n\t\t\t\t\t\t<div class=\"faq-item-answer-text\">\n<p>Firma Elfsight wprowadza rozwi\u0105zanie, kt\u00f3re umo\u017cliwia samodzielne wygenerowanie wtyczki Instagram Feed, zobacz jakie to proste: <\/p>\n<ul>\n    <li>Przejd\u017a do edytora online, aby wygenerowa\u0107 wtyczk\u0119 Instagram Feed, kt\u00f3r\u0105 chcia\u0142by\u015b osadzi\u0107 na Bloggerze.<\/li>\n    <li>Wybierz jeden z wielu gotowych szablon\u00f3w i dostosuj ustawienia kana\u0142u Instagram, dodaj tre\u015b\u0107, zmie\u0144 uk\u0142ad i kolorystyk\u0119 bez kodowania.<\/li>\n    <li>Zapisz kana\u0142 Instagram i uzyskaj kod instalacyjny, kt\u00f3ry mo\u017cna bez problemu wklei\u0107 na stronie Bloggera bez konieczno\u015bci zakupu p\u0142atnej subskrypcji.<\/li>\n<\/ul>\n<p>Dzi\u0119ki prostemu edytorowi ka\u017cdy u\u017cytkownik Internetu mo\u017ce stworzy\u0107 wid\u017cet kana\u0142u Instagram online i osadzi\u0107 go na dowolnej stronie g\u0142\u00f3wnej Bloggera. Aby skorzysta\u0107 z us\u0142ugi Elfsight, nie trzeba p\u0142aci\u0107 ani wprowadza\u0107 danych karty. Je\u015bli napotkasz jakiekolwiek przeszkody, nie wahaj si\u0119 skontaktowa\u0107 z naszym zespo\u0142em pomocy.<\/p>\n<\/div>\r\n\t\t\t\t\t<\/div>\r\n\t\t\t\t<\/div>\n\n<div class=\"faq-item\">\r\n\t\t\t\t\t<div class=\"faq-item-question\">\r\n\t\t\t\t\t\t<h3 class=\"faq-item-question-text\">Jak bezp\u0142atnie umie\u015bci\u0107 kana\u0142 Instagram na Bloggerze?<\/h3>\r\n\r\n\t\t\t\t\t\t<div class=\"faq-item-question-icon\"><\/div>\r\n\t\t\t\t\t<\/div>\r\n\r\n\t\t\t\t\t<div class=\"faq-item-answer\">\r\n\t\t\t\t\t\t<div class=\"faq-item-answer-text\">\n<p>Integracja kana\u0142u Instagram z blogiem to \u015bwietny spos\u00f3b na zaprezentowanie najnowszych post\u00f3w i przyci\u0105gni\u0119cie uwagi odbiorc\u00f3w.<\/p>\n<ol>\n    <li>Aby <a href=\"https:\/\/elfsight.com\/blog\/how-to-embed-instagram-feed-on-website\/\">umie\u015bci\u0107 kana\u0142 Instagram<\/a> bezp\u0142atnie w Bloggerze, najpierw odwied\u017a witryn\u0119 Elfsight i utw\u00f3rz bezp\u0142atne konto.<\/li>\n    <li>Skorzystaj z Bezp\u0142atnego widgetu Instagrama, personalizuj\u0105c jego wygl\u0105d i ustawienia tak, aby uzupe\u0142nia\u0142 Twoj\u0105 witryn\u0119 Bloggera.<\/li>\n    <li>Po bezp\u0142atnej konfiguracji kana\u0142u Instagram po prostu skopiuj wygenerowany kod do umieszczenia na stronie i wklej go w kodzie HTML swojej witryny w odpowiednim miejscu kana\u0142, kt\u00f3ry ma by\u0107 wy\u015bwietlany.<\/li>\n<\/ol>\n<p>Dzi\u0119ki Twojej witrynie Bloggera zawieraj\u0105cej teraz kana\u0142 na Instagramie nie tylko zwi\u0119kszysz zainteresowanie wizualne, ale tak\u017ce utrzymasz zaanga\u017cowanie czytelnik\u00f3w. Poznaj zalety widgetu Elfsight Instagram bez \u017cadnych koszt\u00f3w!<\/p>\n<\/div>\r\n\t\t\t\t\t<\/div>\r\n\t\t\t\t<\/div>\n<\/div>","protected":false},"excerpt":{"rendered":"","protected":false},"author":9,"featured_media":0,"parent":614,"menu_order":0,"comment_status":"closed","ping_status":"closed","template":"templates\/template-application-platform.php","meta":{"publish_to_discourse":"","publish_post_category":"","wpdc_auto_publish_overridden":"","wpdc_topic_tags":"","wpdc_pin_topic":"","wpdc_pin_until":"","discourse_post_id":"","discourse_permalink":"","wpdc_publishing_response":"","wpdc_publishing_error":"","footnotes":""},"class_list":["post-5503","page","type-page","status-publish","hentry"],"yoast_head":"<!-- This site is optimized with the Yoast SEO plugin v25.3.1 - https:\/\/yoast.com\/wordpress\/plugins\/seo\/ -->\n<title>Osad\u017a kana\u0142 Instagram na Bloggerze za pomoc\u0105 wtyczki - dodaj Instagram do strony internetowej w 2 minuty!<\/title>\n<meta name=\"description\" content=\"Ju\u017c teraz uruchom w\u0142asn\u0105 wtyczk\u0119 premium Instagram dla witryny Bloggera! Wygeneruj osobisty kana\u0142 na Instagramie w Elfsight w zaledwie 3 minuty.\" \/>\n<meta name=\"robots\" content=\"index, follow, max-snippet:-1, max-image-preview:large, max-video-preview:-1\" \/>\n<link rel=\"canonical\" href=\"https:\/\/elfsight.com\/pl\/instagram-feed-instashow\/blogger\/\" \/>\n<meta property=\"og:locale\" content=\"pl_PL\" \/>\n<meta property=\"og:type\" content=\"article\" \/>\n<meta property=\"og:title\" content=\"Osad\u017a kana\u0142 Instagram na Bloggerze za pomoc\u0105 wtyczki - dodaj Instagram do strony internetowej w 2 minuty!\" \/>\n<meta property=\"og:description\" content=\"Ju\u017c teraz uruchom w\u0142asn\u0105 wtyczk\u0119 premium Instagram dla witryny Bloggera! Wygeneruj osobisty kana\u0142 na Instagramie w Elfsight w zaledwie 3 minuty.\" \/>\n<meta property=\"og:url\" content=\"https:\/\/elfsight.com\/pl\/instagram-feed-instashow\/blogger\/\" \/>\n<meta property=\"og:site_name\" content=\"Elfsight PL\" \/>\n<meta property=\"article:modified_time\" content=\"2025-06-19T13:56:04+00:00\" \/>\n<meta name=\"twitter:card\" content=\"summary_large_image\" \/>\n<meta name=\"twitter:label1\" content=\"Szacowany czas czytania\" \/>\n\t<meta name=\"twitter:data1\" content=\"4 minuty\" \/>\n<!-- \/ Yoast SEO plugin. -->","yoast_head_json":{"title":"Osad\u017a kana\u0142 Instagram na Bloggerze za pomoc\u0105 wtyczki - dodaj Instagram do strony internetowej w 2 minuty!","description":"Ju\u017c teraz uruchom w\u0142asn\u0105 wtyczk\u0119 premium Instagram dla witryny Bloggera! Wygeneruj osobisty kana\u0142 na Instagramie w Elfsight w zaledwie 3 minuty.","robots":{"index":"index","follow":"follow","max-snippet":"max-snippet:-1","max-image-preview":"max-image-preview:large","max-video-preview":"max-video-preview:-1"},"canonical":"https:\/\/elfsight.com\/pl\/instagram-feed-instashow\/blogger\/","og_locale":"pl_PL","og_type":"article","og_title":"Osad\u017a kana\u0142 Instagram na Bloggerze za pomoc\u0105 wtyczki - dodaj Instagram do strony internetowej w 2 minuty!","og_description":"Ju\u017c teraz uruchom w\u0142asn\u0105 wtyczk\u0119 premium Instagram dla witryny Bloggera! Wygeneruj osobisty kana\u0142 na Instagramie w Elfsight w zaledwie 3 minuty.","og_url":"https:\/\/elfsight.com\/pl\/instagram-feed-instashow\/blogger\/","og_site_name":"Elfsight PL","article_modified_time":"2025-06-19T13:56:04+00:00","twitter_card":"summary_large_image","twitter_misc":{"Szacowany czas czytania":"4 minuty"},"schema":{"@context":"https:\/\/schema.org","@graph":[{"@type":"WebPage","@id":"https:\/\/elfsight.com\/pl\/instagram-feed-instashow\/blogger\/","url":"https:\/\/elfsight.com\/pl\/instagram-feed-instashow\/blogger\/","name":"Osad\u017a kana\u0142 Instagram na Bloggerze za pomoc\u0105 wtyczki - dodaj Instagram do strony internetowej w 2 minuty!","isPartOf":{"@id":"https:\/\/elfsight.com\/pl\/#website"},"datePublished":"2024-05-03T06:39:38+00:00","dateModified":"2025-06-19T13:56:04+00:00","description":"Ju\u017c teraz uruchom w\u0142asn\u0105 wtyczk\u0119 premium Instagram dla witryny Bloggera! Wygeneruj osobisty kana\u0142 na Instagramie w Elfsight w zaledwie 3 minuty.","breadcrumb":{"@id":"https:\/\/elfsight.com\/pl\/instagram-feed-instashow\/blogger\/#breadcrumb"},"inLanguage":"pl-PL","potentialAction":[{"@type":"ReadAction","target":["https:\/\/elfsight.com\/pl\/instagram-feed-instashow\/blogger\/"]}]},{"@type":"BreadcrumbList","@id":"https:\/\/elfsight.com\/pl\/instagram-feed-instashow\/blogger\/#breadcrumb","itemListElement":[{"@type":"ListItem","position":1,"name":"Home","item":"https:\/\/elfsight.com\/pl\/"},{"@type":"ListItem","position":2,"name":"Instagram Feed","item":"https:\/\/elfsight.com\/pl\/instagram-feed-instashow\/"},{"@type":"ListItem","position":3,"name":"Instagram Feed &#8211; Blogger"}]},{"@type":"WebSite","@id":"https:\/\/elfsight.com\/pl\/#website","url":"https:\/\/elfsight.com\/pl\/","name":"Elfsight PL","description":"Just another Elfsight Sites site","potentialAction":[{"@type":"SearchAction","target":{"@type":"EntryPoint","urlTemplate":"https:\/\/elfsight.com\/pl\/?s={search_term_string}"},"query-input":{"@type":"PropertyValueSpecification","valueRequired":true,"valueName":"search_term_string"}}],"inLanguage":"pl-PL"}]}},"meta_box":{"industry":"","seo_heading":"","heading":"","description":"","cta_heading":"","cta_description":"","application":"594","h1":"Wid\u017cet kana\u0142u Instagram dla Bloggera","h1_caption":"Dodawaj posty ze swojego konta na Instagramie lub za pomoc\u0105 hashtagu, zapewniaj\u0105c najlepszy spos\u00f3b na \u0142atwe zaprezentowanie dynamicznego kana\u0142u Instagram w Twojej witrynie w witrynie Bloggera.","application_category":[],"applications_title":"","applications_request_title":"","applications_request_button_text":"","hero_text":"","hero_video":"","hero_video_schema_markup":"","selling_points_title":"","selling_points_caption":"","selling_points":[],"selling_points_cta_text":"","features_title":"","features":"","ed_cta_examples_text":"","ed_cta_examples_hidden":"","ed_cta_demo_text":"","ed_cta_demo_hidden":"","why_caption":"","why_editor_title":"","why_editor_text":"","why_team_title":"","why_team_text":"","why_service_title":"","why_service_text":"","template_catalog_visible":"0","template_catalog_title":"","template_catalog_text":"","template_catalog_categories_visible":"","demo_title":"Utw\u00f3rz wid\u017cet kana\u0142u na Instagramie","demo_caption":"Skonfiguruj sw\u00f3j kana\u0142 na Instagramie i dodaj go do swojej witryny Bloggera za darmo!","default_faq_hidden":"","app_template_category":[],"platform":"44","template_public_id":"","codecanyon_url":"","codecanyon_item_id":"","codecanyon_price":"","pricing_caption":"","pricing_elfsight_apps_hide_column":"","pricing_elfsight_apps_url":"","pricing_codecanyon_price_caption":"","integration_category":[],"integration_request_title":"","integration_request_cta":"","integration_platform":"","integrations":[],"platform_category":[],"video_schema_markup":"","price":"od 0 USD \/ miesi\u0105c","trial":"","benefits":[{"text":"Bezp\u0142atna pomoc w instalacji"},{"text":"Profesjonalna obs\u0142uga klienta"},{"text":"14-dniowa gwarancja zwrotu pieni\u0119dzy"}],"button_url":"#demo","button_target_blank":"0","button_nofollow":"0","attributes":[{"name":"Instaluje"},{"name":"Czu\u0142y"},{"name":"Kompatybilne przegl\u0105darki"}],"tags":[],"tags_disable_links":"0","hide_more_platforms":"0","video_object":"","demo_hide_cta":"0","demo_hide_cloud_options":"0","pricing_title":"","pricing":[{"pricing_icon":"platform","pricing_title":"Elfsight Apps","pricing_title_caption":"Oprogramowanie wieloplatformowe, kt\u00f3re pasuje do ka\u017cdej witryny","pricing_price":"od 0 USD \/ miesi\u0105c","pricing_price_caption":"zacznij od bezp\u0142atnego planu","pricing_benefits":[{"text":"Nielimitowane domeny"},{"text":"Szybka pomoc firmy i dobrze udokumentowana"},{"text":"Bezp\u0142atna pomoc w monta\u017cu"},{"text":"100% konfigurowalny"}],"pricing_button_text":"Dodaj do witryny","pricing_button_url":"#demo"}],"related_apps_title":"","related_apps_hidden":"0","author":"","image":[],"title":"","job":"","social_networks":[]},"_links":{"self":[{"href":"https:\/\/elfsight.com\/pl\/wp-json\/wp\/v2\/pages\/5503","targetHints":{"allow":["GET"]}}],"collection":[{"href":"https:\/\/elfsight.com\/pl\/wp-json\/wp\/v2\/pages"}],"about":[{"href":"https:\/\/elfsight.com\/pl\/wp-json\/wp\/v2\/types\/page"}],"author":[{"embeddable":true,"href":"https:\/\/elfsight.com\/pl\/wp-json\/wp\/v2\/users\/9"}],"replies":[{"embeddable":true,"href":"https:\/\/elfsight.com\/pl\/wp-json\/wp\/v2\/comments?post=5503"}],"version-history":[{"count":4,"href":"https:\/\/elfsight.com\/pl\/wp-json\/wp\/v2\/pages\/5503\/revisions"}],"predecessor-version":[{"id":10129,"href":"https:\/\/elfsight.com\/pl\/wp-json\/wp\/v2\/pages\/5503\/revisions\/10129"}],"up":[{"embeddable":true,"href":"https:\/\/elfsight.com\/pl\/wp-json\/wp\/v2\/pages\/614"}],"wp:attachment":[{"href":"https:\/\/elfsight.com\/pl\/wp-json\/wp\/v2\/media?parent=5503"}],"curies":[{"name":"wp","href":"https:\/\/api.w.org\/{rel}","templated":true}]}}