{"id":5501,"date":"2024-05-03T06:39:36","date_gmt":"2024-05-03T06:39:36","guid":{"rendered":"https:\/\/elfsight.com\/pl\/?page_id=5501"},"modified":"2025-01-24T12:07:10","modified_gmt":"2025-01-24T12:07:10","slug":"html","status":"publish","type":"page","link":"https:\/\/elfsight.com\/pl\/instagram-feed-instashow\/html\/","title":{"rendered":"Instagram Feed &#8211; HTML"},"content":{"rendered":"<div class=\"application-platform-content-item-description application-platform-content-item\" id=\"description\" data-nav-section=\"description\"><h2>Osad\u017a Instagram w formacie HTML za pomoc\u0105 wid\u017cetu Elfsight<\/h2><p>InstaShow to najlepszy wid\u017cet na Instagramie, kt\u00f3ry umo\u017cliwia projektowanie wspania\u0142ych galerii z Instagrama zdj\u0119cia i klipy wideo. Nieograniczona liczba wariant\u00f3w dostosowywania: wszystkie typy \u017ar\u00f3de\u0142, wst\u0119pna moderacja tre\u015bci, ponad 70 elastycznych opcji i 10 schemat\u00f3w wygl\u0105du, a interfejs w pe\u0142ni responsywny dla ka\u017cdej rozdzielczo\u015bci.<\/p><p><b>Zastosuj ca\u0142kowicie responsywne i por\u0119czna wtyczka, kt\u00f3ra w mgnieniu oka wzbudzi zainteresowanie u\u017cytkownik\u00f3w Twojej witryny.<\/b> Osad\u017a widget w kodzie HTML, po prostu wklejaj\u0105c kod instalacyjny w odpowiedniej sekcji.<\/p><ul><li><b>Rozwijaj liczba transakcji w Twojej witrynie<\/b>.<br>Opowiadaj odwiedzaj\u0105cym o Twoich towarach lub us\u0142ugach za pomoc\u0105 zdj\u0119\u0107 z Instagrama, u\u017cywaj\u0105c hashtag\u00f3w, lokalizacji, kont lub okre\u015blonego adresu URL, aby zwi\u0119kszy\u0107 przychody z Twojej witryny.<\/li><li><b>Zdob\u0105d\u017a nowych fan\u00f3w na Instagramie<\/b>.<br>Wy\u015bwietlaj zdj\u0119cia z linkami i zapraszaj do subskrypcji, aby zwi\u0119kszy\u0107 liczb\u0119 subskrybent\u00f3w swojego profilu na Instagramie.<\/li><li><b>Zaanga\u017cuj wi\u0119ksz\u0105 grup\u0119 ilo\u015b\u0107 czytelnik\u00f3w w dzia\u0142aniach na stronie<\/b>.<br>Osad\u017a kana\u0142 na Instagramie za pomoc\u0105 naszej wtyczki, a zainteresuje on wi\u0119cej u\u017cytkownik\u00f3w i sprawi, \u017ce pozostan\u0105 na stronie na d\u0142u\u017cej.<\/li><\/ul><\/div><div class=\"application-platform-content-item-features application-platform-content-item\" id=\"features\" data-nav-section=\"features\"><h2>G\u0142\u00f3wne cechy wid\u017cetu Instagram Feed<\/h2><p>Najmocniejsze strony wtyczki Elfsight, kt\u00f3re czyni\u0105 j\u0105 najlepszym narz\u0119dziem do wy\u015bwietlania kodu HTML kana\u0142u Instagram na stronie:<\/p> <ul><li>Ogl\u0105danie film\u00f3w bezpo\u015brednio na stronie<\/li><li>Zmienna przestrze\u0144 rynny<\/li><li>Trzy warianty akcji po klikni\u0119ciu obrazu: wyskakuj\u0105ce okienko, Instagram lub brak<\/li><li> 13 gotowych do u\u017cycia schemat\u00f3w kolor\u00f3w<\/li><li>Opcjonalna pr\u0119dko\u015b\u0107 automatycznego odtwarzania<\/li><li>8 wspania\u0142ych, gotowych do u\u017cycia szablon\u00f3w<\/li><li>Osadzaj kana\u0142 Instagram w formacie HTML kilkoma klikni\u0119ciami<\/li><li>R\u00f3\u017cne uk\u0142ady kana\u0142\u00f3w i szablony post\u00f3w<\/li><\/ul><p><a href=\"#demo\">Wi\u0119cej funkcji w wersji demonstracyjnej Elfsight<\/a><\/p><p>Mo\u017cesz osadzi\u0107 Instagram Kana\u0142 HTML strony internetowej, aby osi\u0105gn\u0105\u0107 wiele cel\u00f3w. Na przyk\u0142ad mo\u017cesz zwi\u0119kszy\u0107 baz\u0119 subskrybent\u00f3w za pomoc\u0105 przycisku CTA. Ponadto zdj\u0119cia z Instagrama ozdabiaj\u0105 ka\u017cd\u0105 stron\u0119 internetow\u0105, nadaj\u0105c jej schludny i profesjonalny wygl\u0105d. Wreszcie mo\u017cesz zwi\u0119kszy\u0107 zaanga\u017cowanie w witrynie, poniewa\u017c u\u017cytkownicy przewijaj\u0105, otwieraj\u0105 i zamykaj\u0105 posty oraz czytaj\u0105 opisy i komentarze.<\/p><\/div><div class=\"application-platform-content-item-installation application-platform-content-item\" id=\"installation\" data-nav-section=\"installation\"><h2>Jak osadzi\u0107 wid\u017cet kana\u0142u Instagram w witrynie HTML<\/h2><div class=\"video-container\"><iframe width=\"720\" height=\"405\" src=\"https:\/\/www.youtube.com\/embed\/zw26D1Ko-3w\" frameborder=\"0\" allowfullscreen=\"\"><\/iframe><\/div><p>Sprawd\u017a nasz\u0105 kr\u00f3tk\u0105 instrukcj\u0119 dotycz\u0105c\u0105 instalacji i dostosowywania wtyczki. Czas instalacji wynosi oko\u0142o 80 sekund; co wi\u0119cej, nie wymaga do\u015bwiadczenia w programowaniu stron internetowych.<\/p><ol><li><b>Stw\u00f3rz sw\u00f3j w\u0142asny kana\u0142 na Instagramie<\/b>.<br>Korzystaj\u0105c z naszego darmowego konfiguratora, ukszta\u0142tuj wtyczk\u0119 z niezb\u0119dnym projektem i ustawieniami.<\/li><li><b>Zdob\u0105d\u017a kod Instagram do wy\u015bwietlania wid\u017cetu<\/b>.<br>Po dostosowaniu wid\u017cetu uzyskaj kod wtyczki Instagram z powiadomienia, kt\u00f3re pojawi\u0142o si\u0119 w aplikacjach Elfsight. <\/li><li><b>Dodaj kod instalacyjny do kodu HTML strony internetowej<\/b>.<br>Otw\u00f3rz kod strony w edytorze HTML, ustaw wtyczk\u0119 w odpowiednim miejscu (sekcja tre\u015bci, stopka, pasek boczny itp.) i opublikuj zmiany.<\/li><li><b>Konfiguracja zosta\u0142a uko\u0144czona<\/b>.<br>Wejd\u017a na stron\u0119 HTML, aby zobaczy\u0107 swoj\u0105 wtyczk\u0119.<\/li><\/ol><p>Jakie\u015b trudno\u015bci z demonstracj\u0105 wtyczki lub personalizacj\u0105 kana\u0142u na Instagramie? Wy\u015blij wiadomo\u015b\u0107 do naszego zespo\u0142u pomocy technicznej.<\/p><div class=\"faq\" data-component=\"FAQ\"><div class=\"faq-item\">\r\n\t\t\t\t\t<div class=\"faq-item-question\">\r\n\t\t\t\t\t\t<h3 class=\"faq-item-question-text\">Jak bezp\u0142atnie osadzi\u0107 kana\u0142 Instagrama w formacie HTML?<\/h3>\r\n\r\n\t\t\t\t\t\t<div class=\"faq-item-question-icon\"><\/div>\r\n\t\t\t\t\t<\/div>\r\n\r\n\t\t\t\t\t<div class=\"faq-item-answer\">\r\n\t\t\t\t\t\t<div class=\"faq-item-answer-text\"><p>W\u0142\u0105czanie kana\u0142u Instagram do Twoja witryna HTML to fantastyczna metoda wy\u015bwietlania najnowszych post\u00f3w i utrzymywania zaanga\u017cowania odbiorc\u00f3w.<\/p><ol><li>Aby osadzi\u0107 Elfsight <a href=\"https:\/\/elfsight.com\/blog\/how-to-embed-instagram-feed-on-website\/\">Instagram Feed<\/a> za darmo na swojej stronie HTML, wejd\u017a na stron\u0119 Elfsight i zarejestruj bezp\u0142atne konto.<\/li><li>Maksymalizuj potencja\u0142 Instagrama darmowy widget, dostosowuj\u0105c jego wygl\u0105d i ustawienia do wygl\u0105du i stylu Twojej witryny HTML.<\/li><li>Po bezp\u0142atnym dostosowaniu kana\u0142u na Instagramie skopiuj unikalny kod do umieszczenia na stronie i wklej go do kodu HTML swojej witryny tam, gdzie chcesz, aby kana\u0142 by\u0142 wy\u015bwietlany.<\/li><\/ol><p>Dodaj\u0105c kana\u0142 Instagram do swojej witryny HTML, zwi\u0119kszysz jej atrakcyjno\u015b\u0107 wizualn\u0105 i zach\u0119cisz odbiorc\u00f3w do ci\u0105g\u0142ej interakcji. Zdob\u0105d\u017a nagrody dzi\u0119ki wid\u017cetowi Elfsight na Instagramie bez rozbijania banku!<\/p><\/div>\r\n\t\t\t\t\t<\/div>\r\n\t\t\t\t<\/div><div class=\"faq-item\">\r\n\t\t\t\t\t<div class=\"faq-item-question\">\r\n\t\t\t\t\t\t<h3 class=\"faq-item-question-text\">Jak mog\u0119 uzyska\u0107 kola\u017c lub suwak post\u00f3w na Instagramie za pomoc\u0105 wid\u017cet\u00f3w Elfsight?<\/h3>\r\n\r\n\t\t\t\t\t\t<div class=\"faq-item-question-icon\"><\/div>\r\n\t\t\t\t\t<\/div>\r\n\r\n\t\t\t\t\t<div class=\"faq-item-answer\">\r\n\t\t\t\t\t\t<div class=\"faq-item-answer-text\"><p>Dost\u0119pnych jest wiele szablon\u00f3w: lista, mur, siatka, kana\u0142, galeria i wiele innych, wraz z elastycznymi opcjami uk\u0142adu dostosowanymi do Twoich warunk\u00f3w wst\u0119pnych. Mo\u017cesz zbudowa\u0107 prawie ka\u017cde narz\u0119dzie, kt\u00f3rego Ci brakuje. <\/p><\/div>\r\n\t\t\t\t\t<\/div>\r\n\t\t\t\t<\/div><div class=\"faq-item\">\r\n\t\t\t\t\t<div class=\"faq-item-question\">\r\n\t\t\t\t\t\t<h3 class=\"faq-item-question-text\">Dlaczego m\u00f3j kana\u0142 HTML na Instagramie nie dzia\u0142a\/nie aktualizuje si\u0119?<\/h3>\r\n\r\n\t\t\t\t\t\t<div class=\"faq-item-question-icon\"><\/div>\r\n\t\t\t\t\t<\/div>\r\n\r\n\t\t\t\t\t<div class=\"faq-item-answer\">\r\n\t\t\t\t\t\t<div class=\"faq-item-answer-text\"><p>Gdy tylko pojawi\u0105 si\u0119 jakiekolwiek problemy z kodem HTML, zwr\u00f3\u0107 si\u0119 do klienta personel pomocniczy. Us\u0142uga wsparcia jest ca\u0142kowicie bezp\u0142atna dla wszystkich klient\u00f3w Elfsight. <\/p><\/div>\r\n\t\t\t\t\t<\/div>\r\n\t\t\t\t<\/div><\/div><\/div>","protected":false},"excerpt":{"rendered":"","protected":false},"author":9,"featured_media":0,"parent":614,"menu_order":0,"comment_status":"closed","ping_status":"closed","template":"templates\/template-application-platform.php","meta":{"publish_to_discourse":"","publish_post_category":"","wpdc_auto_publish_overridden":"","wpdc_topic_tags":"","wpdc_pin_topic":"","wpdc_pin_until":"","discourse_post_id":"","discourse_permalink":"","wpdc_publishing_response":"","wpdc_publishing_error":"","footnotes":""},"class_list":["post-5501","page","type-page","status-publish","hentry"],"yoast_head":"<!-- This site is optimized with the Yoast SEO plugin v25.3.1 - https:\/\/yoast.com\/wordpress\/plugins\/seo\/ -->\n<title>Osad\u017a kana\u0142 Instagram w formacie HTML za pomoc\u0105 wid\u017cetu - dodaj Instagram do strony internetowej w 2 minuty!<\/title>\n<meta name=\"description\" content=\"Dowiedz si\u0119, jak bezp\u0142atnie osadzi\u0107 kana\u0142 Instagram w kodzie HTML witryny. U\u017cyj najlepszego wid\u017cetu na Instagramie, aby dodawa\u0107 zdj\u0119cia i filmy bez programowania.\" \/>\n<meta name=\"robots\" content=\"index, follow, max-snippet:-1, max-image-preview:large, max-video-preview:-1\" \/>\n<link rel=\"canonical\" href=\"https:\/\/elfsight.com\/pl\/instagram-feed-instashow\/html\/\" \/>\n<meta property=\"og:locale\" content=\"pl_PL\" \/>\n<meta property=\"og:type\" content=\"article\" \/>\n<meta property=\"og:title\" content=\"Osad\u017a kana\u0142 Instagram w formacie HTML za pomoc\u0105 wid\u017cetu - dodaj Instagram do strony internetowej w 2 minuty!\" \/>\n<meta property=\"og:description\" content=\"Dowiedz si\u0119, jak bezp\u0142atnie osadzi\u0107 kana\u0142 Instagram w kodzie HTML witryny. U\u017cyj najlepszego wid\u017cetu na Instagramie, aby dodawa\u0107 zdj\u0119cia i filmy bez programowania.\" \/>\n<meta property=\"og:url\" content=\"https:\/\/elfsight.com\/pl\/instagram-feed-instashow\/html\/\" \/>\n<meta property=\"og:site_name\" content=\"Elfsight PL\" \/>\n<meta property=\"article:modified_time\" content=\"2025-01-24T12:07:10+00:00\" \/>\n<meta name=\"twitter:card\" content=\"summary_large_image\" \/>\n<meta name=\"twitter:label1\" content=\"Szacowany czas czytania\" \/>\n\t<meta name=\"twitter:data1\" content=\"4 minuty\" \/>\n<!-- \/ Yoast SEO plugin. -->","yoast_head_json":{"title":"Osad\u017a kana\u0142 Instagram w formacie HTML za pomoc\u0105 wid\u017cetu - dodaj Instagram do strony internetowej w 2 minuty!","description":"Dowiedz si\u0119, jak bezp\u0142atnie osadzi\u0107 kana\u0142 Instagram w kodzie HTML witryny. U\u017cyj najlepszego wid\u017cetu na Instagramie, aby dodawa\u0107 zdj\u0119cia i filmy bez programowania.","robots":{"index":"index","follow":"follow","max-snippet":"max-snippet:-1","max-image-preview":"max-image-preview:large","max-video-preview":"max-video-preview:-1"},"canonical":"https:\/\/elfsight.com\/pl\/instagram-feed-instashow\/html\/","og_locale":"pl_PL","og_type":"article","og_title":"Osad\u017a kana\u0142 Instagram w formacie HTML za pomoc\u0105 wid\u017cetu - dodaj Instagram do strony internetowej w 2 minuty!","og_description":"Dowiedz si\u0119, jak bezp\u0142atnie osadzi\u0107 kana\u0142 Instagram w kodzie HTML witryny. U\u017cyj najlepszego wid\u017cetu na Instagramie, aby dodawa\u0107 zdj\u0119cia i filmy bez programowania.","og_url":"https:\/\/elfsight.com\/pl\/instagram-feed-instashow\/html\/","og_site_name":"Elfsight PL","article_modified_time":"2025-01-24T12:07:10+00:00","twitter_card":"summary_large_image","twitter_misc":{"Szacowany czas czytania":"4 minuty"},"schema":{"@context":"https:\/\/schema.org","@graph":[{"@type":"WebPage","@id":"https:\/\/elfsight.com\/pl\/instagram-feed-instashow\/html\/","url":"https:\/\/elfsight.com\/pl\/instagram-feed-instashow\/html\/","name":"Osad\u017a kana\u0142 Instagram w formacie HTML za pomoc\u0105 wid\u017cetu - dodaj Instagram do strony internetowej w 2 minuty!","isPartOf":{"@id":"https:\/\/elfsight.com\/pl\/#website"},"datePublished":"2024-05-03T06:39:36+00:00","dateModified":"2025-01-24T12:07:10+00:00","description":"Dowiedz si\u0119, jak bezp\u0142atnie osadzi\u0107 kana\u0142 Instagram w kodzie HTML witryny. U\u017cyj najlepszego wid\u017cetu na Instagramie, aby dodawa\u0107 zdj\u0119cia i filmy bez programowania.","breadcrumb":{"@id":"https:\/\/elfsight.com\/pl\/instagram-feed-instashow\/html\/#breadcrumb"},"inLanguage":"pl-PL","potentialAction":[{"@type":"ReadAction","target":["https:\/\/elfsight.com\/pl\/instagram-feed-instashow\/html\/"]}]},{"@type":"BreadcrumbList","@id":"https:\/\/elfsight.com\/pl\/instagram-feed-instashow\/html\/#breadcrumb","itemListElement":[{"@type":"ListItem","position":1,"name":"Home","item":"https:\/\/elfsight.com\/pl\/"},{"@type":"ListItem","position":2,"name":"Instagram Feed","item":"https:\/\/elfsight.com\/pl\/instagram-feed-instashow\/"},{"@type":"ListItem","position":3,"name":"Instagram Feed &#8211; HTML"}]},{"@type":"WebSite","@id":"https:\/\/elfsight.com\/pl\/#website","url":"https:\/\/elfsight.com\/pl\/","name":"Elfsight PL","description":"Just another Elfsight Sites site","potentialAction":[{"@type":"SearchAction","target":{"@type":"EntryPoint","urlTemplate":"https:\/\/elfsight.com\/pl\/?s={search_term_string}"},"query-input":{"@type":"PropertyValueSpecification","valueRequired":true,"valueName":"search_term_string"}}],"inLanguage":"pl-PL"}]}},"meta_box":{"industry":"","seo_heading":"","heading":"","description":"","cta_heading":"","cta_description":"","application":"594","h1":"Wid\u017cet kana\u0142u Instagram dla HTML","h1_caption":"Dodawaj posty ze swojego konta na Instagramie lub za pomoc\u0105 hashtagu, zapewniaj\u0105c najlepszy spos\u00f3b na \u0142atwe zaprezentowanie dynamicznego kana\u0142u Instagram w Twojej witrynie w witrynie HTML.","application_category":[],"applications_title":"","applications_request_title":"","applications_request_button_text":"","hero_text":"","hero_video":"","hero_video_schema_markup":"","selling_points_title":"","selling_points_caption":"","selling_points":[],"selling_points_cta_text":"","features_title":"","features":"","ed_cta_examples_text":"","ed_cta_examples_hidden":"","ed_cta_demo_text":"","ed_cta_demo_hidden":"","why_caption":"","why_editor_title":"","why_editor_text":"","why_team_title":"","why_team_text":"","why_service_title":"","why_service_text":"","template_catalog_visible":"0","template_catalog_title":"","template_catalog_text":"","template_catalog_categories_visible":"","demo_title":"Utw\u00f3rz wid\u017cet kana\u0142u na Instagramie","demo_caption":"Skonfiguruj sw\u00f3j kana\u0142 na Instagramie i dodaj go do swojej witryny HTML za darmo!","default_faq_hidden":"","app_template_category":[],"platform":"50","template_public_id":"","codecanyon_url":"","codecanyon_item_id":"","codecanyon_price":"","pricing_caption":"","pricing_elfsight_apps_hide_column":"","pricing_elfsight_apps_url":"","pricing_codecanyon_price_caption":"","integration_category":[],"integration_request_title":"","integration_request_cta":"","integration_platform":"","integrations":[],"platform_category":[],"video_schema_markup":"","price":"od 0 USD \/ miesi\u0105c","trial":"","benefits":[{"text":"Bezp\u0142atna pomoc w instalacji"},{"text":"Skuteczna obs\u0142uga klienta"},{"text":"14-dniowa gwarancja zwrotu pieni\u0119dzy"}],"button_url":"#demo","button_target_blank":"0","button_nofollow":"0","attributes":[{"name":"Instaluje","content":"100,000 - 500,000"},{"name":"Czu\u0142y","content":"Tak"},{"name":"Kompatybilne przegl\u0105darki","content":"IE11, Firefox, Safari, Opera, Chrome, Edge"}],"tags":[],"tags_disable_links":"0","hide_more_platforms":"","video_object":"","demo_hide_cta":"0","demo_hide_cloud_options":"0","pricing_title":"","pricing":[{"pricing_icon":"platform","pricing_title":"Elfsight Apps","pricing_title_caption":"Niezale\u017cne od platformy rozwi\u0105zanie, kt\u00f3re pasuje do ka\u017cdej witryny internetowej","pricing_price":"od 0 USD \/ miesi\u0105c","pricing_price_caption":"zacznij od bezp\u0142atnego planu","pricing_benefits":[{"text":"Nielimitowane domeny"},{"text":"Najwy\u017csza obs\u0142uga klienta"},{"text":"Bezp\u0142atna pomoc w monta\u017cu"},{"text":"Oferta specjalna na wiele aplikacji"}],"pricing_button_text":"Dodaj do witryny","pricing_button_url":"#demo"}],"related_apps_title":"","related_apps_hidden":"0","author":"","image":[],"title":"","job":"","social_networks":[]},"_links":{"self":[{"href":"https:\/\/elfsight.com\/pl\/wp-json\/wp\/v2\/pages\/5501","targetHints":{"allow":["GET"]}}],"collection":[{"href":"https:\/\/elfsight.com\/pl\/wp-json\/wp\/v2\/pages"}],"about":[{"href":"https:\/\/elfsight.com\/pl\/wp-json\/wp\/v2\/types\/page"}],"author":[{"embeddable":true,"href":"https:\/\/elfsight.com\/pl\/wp-json\/wp\/v2\/users\/9"}],"replies":[{"embeddable":true,"href":"https:\/\/elfsight.com\/pl\/wp-json\/wp\/v2\/comments?post=5501"}],"version-history":[{"count":3,"href":"https:\/\/elfsight.com\/pl\/wp-json\/wp\/v2\/pages\/5501\/revisions"}],"predecessor-version":[{"id":9781,"href":"https:\/\/elfsight.com\/pl\/wp-json\/wp\/v2\/pages\/5501\/revisions\/9781"}],"up":[{"embeddable":true,"href":"https:\/\/elfsight.com\/pl\/wp-json\/wp\/v2\/pages\/614"}],"wp:attachment":[{"href":"https:\/\/elfsight.com\/pl\/wp-json\/wp\/v2\/media?parent=5501"}],"curies":[{"name":"wp","href":"https:\/\/api.w.org\/{rel}","templated":true}]}}