{"id":5496,"date":"2024-05-03T06:39:35","date_gmt":"2024-05-03T06:39:35","guid":{"rendered":"https:\/\/elfsight.com\/pl\/?page_id=5496"},"modified":"2025-06-19T13:58:51","modified_gmt":"2025-06-19T13:58:51","slug":"joomla","status":"publish","type":"page","link":"https:\/\/elfsight.com\/pl\/instagram-feed-instashow\/joomla\/","title":{"rendered":"Instagram Feed &#8211; Joomla"},"content":{"rendered":"<div class=\"application-platform-content-item-description application-platform-content-item\" id=\"description\" data-nav-section=\"description\">\n<h2>Osad\u017a Instagram na Joomla z modu\u0142em Elfsight<\/h2>\n<p>**InstaShow** to wydajna wtyczka do Instagrama, kt\u00f3ra umo\u017cliwia gromadzenie fascynuj\u0105cych portfolio zdj\u0119\u0107 i klip\u00f3w wideo na Instagramie i wy\u015bwietlanie ich na Twojej stronie. Oferuje najszersze opcje dostosowywania: wszystkie typy \u017ar\u00f3de\u0142, kt\u00f3re mo\u017cna dodawa\u0107, filtry tre\u015bci, ponad 50 konfigurowalnych ustawie\u0144, 10 schemat\u00f3w kolor\u00f3w i interfejs w pe\u0142ni responsywny dla r\u00f3\u017cnych urz\u0105dze\u0144.<\/p>\n<p><b>Zastosuj elastyczn\u0105 i por\u0119czn\u0105 wtyczk\u0119, kt\u00f3ra jednym rzutem oka przyci\u0105gnie i zaimponuje czytelnikom Twojej witryny.<\/b><\/p>\n<ul>\n    <li><b>Zwi\u0119ksz wsp\u00f3\u0142czynnik konwersji<\/b>.<br>Poka\u017c swoje produkty lub us\u0142ugi poprzez obrazy z Instagrama wed\u0142ug hashtag\u00f3w, lokalizacji, profilu lub potrzebnego adresu URL, aby zwi\u0119kszy\u0107 efektywno\u015b\u0107 sprzeda\u017cy swojej witryny.<\/li>\n    <li><b>Promuj sw\u00f3j profil na Instagramie<\/b>.<br>Zareklamuj swoje konto na Instagramie za po\u015brednictwem witryny, pozw\u00f3l wi\u0119kszej liczbie czytelnik\u00f3w zapozna\u0107 si\u0119 z Twoim kontem i zosta\u0107 Twoimi fanami.<\/li>\n    <li><b>Zaanga\u017cuj wi\u0119ksz\u0105 liczb\u0119 u\u017cytkownik\u00f3w<\/b>.<br>Dodawaj zdj\u0119cia z Instagrama do swojej witryny za pomoc\u0105 wtyczki Elfsight, a przyci\u0105gn\u0105 uwag\u0119 nowych go\u015bci, zach\u0119c\u0105 ich do obejrzenia wi\u0119kszej ilo\u015bci i pozostania na stronie na d\u0142u\u017cej.<\/li>\n<\/ul>\n\n<div class=\"faq\" data-component=\"FAQ\">\n    <div class=\"faq-item\">\r\n\t\t\t\t\t<div class=\"faq-item-question\">\r\n\t\t\t\t\t\t<h3 class=\"faq-item-question-text\">Czy mog\u0119 przetestowa\u0107 wid\u017cet Instagram Feed w akcja?<\/h3>\r\n\r\n\t\t\t\t\t\t<div class=\"faq-item-question-icon\"><\/div>\r\n\t\t\t\t\t<\/div>\r\n\r\n\t\t\t\t\t<div class=\"faq-item-answer\">\r\n\t\t\t\t\t\t<div class=\"faq-item-answer-text\">\n    <p>Tak, i nawet nie musisz si\u0119 rejestrowa\u0107. Mo\u017cesz bezp\u0142atnie stworzy\u0107 sw\u00f3j pierwszy modu\u0142 Joomla Instagram w interaktywnej <a href=\"#demo\">demo<\/a>. A najlepsze jest to, \u017ce zaraz po jego utworzeniu b\u0119dziesz m\u00f3g\u0142 przetestowa\u0107 wszystkie jego funkcje na swojej stronie internetowej &#8211; r\u00f3wnie\u017c za darmo.<\/p>\n    <\/div>\r\n\t\t\t\t\t<\/div>\r\n\t\t\t\t<\/div>\n\n    <div class=\"faq-item\">\r\n\t\t\t\t\t<div class=\"faq-item-question\">\r\n\t\t\t\t\t\t<h3 class=\"faq-item-question-text\">Jak osadzi\u0107 kana\u0142 Instagram za darmo w Joomla?<\/h3>\r\n\r\n\t\t\t\t\t\t<div class=\"faq-item-question-icon\"><\/div>\r\n\t\t\t\t\t<\/div>\r\n\r\n\t\t\t\t\t<div class=\"faq-item-answer\">\r\n\t\t\t\t\t\t<div class=\"faq-item-answer-text\">\n    <p>Integracja <a href=\"https:\/\/elfsight.com\/blog\/how-to-embed-instagram-feed-on-website\/\">kana\u0142u na Instagramie<\/a> na swojej stronie Joomla to wyj\u0105tkowa strategia prezentowania najnowszych post\u00f3w i zwi\u0119kszania udzia\u0142u odwiedzaj\u0105cych.<\/p>\n    <ol>\n        <li>Aby bezp\u0142atnie osadzi\u0107 kana\u0142 Elfsight Instagram Feed w Joomla, odwied\u017a witryn\u0119 Elfsight i za\u0142\u00f3\u017c bezp\u0142atne konto.<\/li>\n        <li>Korzystaj z bezp\u0142atnego wid\u017cetu Instagram, dostosowuj\u0105c jego wygl\u0105d i ustawienia do stylu wizualnego witryny Joomla.<\/li>\n        <li>Po bezp\u0142atnym poprawieniu kana\u0142u Instagram skopiuj unikalny kod osadzania i wklej go w kodzie HTML swojej strony Joomla, w miejscu, w kt\u00f3rym chcesz, aby kana\u0142 si\u0119 pojawia\u0142.<\/li>\n    <\/ol>\n    <p>Wstawiaj\u0105c sw\u00f3j kana\u0142 Instagram do swojej witryny Joomla, zwi\u0119kszysz jego wizualny magnetyzm i promowa\u0107 trwa\u0142e zaanga\u017cowanie odwiedzaj\u0105cych. Skorzystaj z zalet wid\u017cetu Elfsight Instagram, nie wydaj\u0105c ani grosza!<\/p>\n    <\/div>\r\n\t\t\t\t\t<\/div>\r\n\t\t\t\t<\/div>\n\n    <div class=\"faq-item\">\r\n\t\t\t\t\t<div class=\"faq-item-question\">\r\n\t\t\t\t\t\t<h3 class=\"faq-item-question-text\">Czy istnieje spos\u00f3b na osadzenie kana\u0142u Instagram na mojej stronie Joomla bez umiej\u0119tno\u015bci kodowania?<\/h3>\r\n\r\n\t\t\t\t\t\t<div class=\"faq-item-question-icon\"><\/div>\r\n\t\t\t\t\t<\/div>\r\n\r\n\t\t\t\t\t<div class=\"faq-item-answer\">\r\n\t\t\t\t\t\t<div class=\"faq-item-answer-text\">\n    <p>Firma Elfsight oferuje rozwi\u0105zanie w chmurze, kt\u00f3re umo\u017cliwia u\u017cytkownikom samodzielne utworzenie sekcji Aktualno\u015bci na Instagramie. Poznaj proste kroki: <\/p>\n    <ul>\n        <li>Pracuj w wersji demonstracyjnej online, aby wygenerowa\u0107 sekcj\u0119 Aktualno\u015bci na Instagramie, kt\u00f3r\u0105 chcesz osadzi\u0107 na stronie Joomla.<\/li>\n        <li>Wybierz jeden z gotowych szablon\u00f3w i zmie\u0144 ustawienia kana\u0142u Instagram, do\u0142\u0105cz swoj\u0105 tre\u015b\u0107, zmie\u0144 uk\u0142ad i kolor element\u00f3w bez umiej\u0119tno\u015bci kodowania.<\/li>\n        <li>Zapisz ustawienia wprowadzone w kanale Instagram i skopiuj kod wtyczki do instalacji, kt\u00f3r\u0105 mo\u017cna po prostu osadzi\u0107 na swojej stronie Joomla, korzystaj\u0105c z bezp\u0142atnego planu.<\/li>\n    <\/ul>\n    <p>Dzi\u0119ki naszemu prostemu konfiguratorowi ka\u017cdy u\u017cytkownik Internetu mo\u017ce skonfigurowa\u0107 aplikacj\u0119 Instagram Feed i \u0142atwo doda\u0107 j\u0105 do strony g\u0142\u00f3wnej Joomla. Aby uzyska\u0107 dost\u0119p do Edytora, nie nale\u017cy p\u0142aci\u0107 ani podawa\u0107 danych uwierzytelniaj\u0105cych karty. Je\u015bli napotkasz jakiekolwiek problemy, skontaktuj si\u0119 z naszym personelem pomocy technicznej.<\/p>\n    <\/div>\r\n\t\t\t\t\t<\/div>\r\n\t\t\t\t<\/div>\n<\/div>\n<\/div>\n\n<div class=\"application-platform-content-item-features application-platform-content-item\" id=\"features\" data-nav-section=\"features\">\n<h2>G\u0142\u00f3wne funkcje wtyczki Instagram RSS<\/h2>\n<p>Cechy wyr\u00f3\u017cniaj\u0105ce nasz\u0105 wtyczk\u0119, kt\u00f3re czyni\u0105 j\u0105 najlepszym narz\u0119dziem Joomla do dodawania kana\u0142u Instagram do strony internetowej:<\/p>\n<ul>\n    <li>Korzystaj z nieograniczonej liczby \u017ar\u00f3de\u0142 do wy\u015bwietlania na Twojej witrynie internetowej;<\/li>\n    <li>2 gotowe do u\u017cycia uk\u0142ady kana\u0142\u00f3w: Suwak i Siatka;<\/li>\n    <li>Liczby polubie\u0144 i komentarzy;<\/li>\n    <li>Konfigurowalne kolory t\u0142a, tekstu i przycisk\u00f3w i wi\u0119cej;<\/li>\n    <li>Regulowana pr\u0119dko\u015b\u0107 prze\u0142\u0105cznika suwakowego.<\/li>\n    <li>Tworzenie i dostosowywanie modu\u0142u Joomla Instagram jest ca\u0142kowicie bezp\u0142atne.<\/li>\n<\/ul>\n<p><a href=\"#demo\">Wi\u0119cej opcji w edytorze Elfsight<\/a><\/p>\n<\/div>\n\n<div class=\"application-platform-content-item-installation application-platform-content-item\" id=\"installation\" data-nav-section=\"installation\">\n<h2>Jak doda\u0107 rozszerzenie Instagram do witryny Joomla<\/h2>\n<div class=\"video-container\"><iframe width=\"720\" height=\"405\" src=\"https:\/\/www.youtube.com\/embed\/z7VUkpjaFU8\" frameborder=\"0\" allowfullscreen=\"\"><\/iframe><\/div>\n<p>Wystarczy wykona\u0107 poni\u017csze kroki, aby rozpocz\u0105\u0107 korzystanie z rozszerzenia w Joomla.<\/p>\n<ol>\n    <li><b>Uruchom nasz darmowy edytor i zacznij tworzy\u0107 w\u0142asne rozszerzenie kana\u0142u Instagram.<\/b><br>Wybierz niestandardowy uk\u0142ad i aspekty wtyczki i zapisz zmiany.<\/li>\n    <li><b>Odbierz unikalny kod ujawniony w specjalnym formularzu w aplikacjach Elfsight.<\/b><br>Zaraz po zako\u0144czeniu konfiguracji osobistego rozszerzenia skopiuj ekskluzywny kod z wy\u015bwietlonego pola i zachowaj go na przysz\u0142o\u015b\u0107.<\/li>\n    <li><b>Zacznij korzysta\u0107 z narz\u0119dzia w swojej witrynie Joomla.<\/b><br>Zintegruj zapisany ostatnio kod ze swoj\u0105 witryn\u0105 i zapisz poprawki.<\/li>\n    <li><b>Instalacja zosta\u0142a pomy\u015blnie uko\u0144czona.<\/b><br>Wejd\u017a na swoj\u0105 stron\u0119 i zobacz dzia\u0142anie narz\u0119dzia.<\/li>\n<\/ol>\n<p>Napotka\u0142e\u015b problemy podczas pr\u00f3by wy\u015bwietlenia modu\u0142u Joomla Instagram Feed? Skontaktuj si\u0119 z naszym dzia\u0142em obs\u0142ugi klienta.<\/p>\n<\/div>","protected":false},"excerpt":{"rendered":"","protected":false},"author":9,"featured_media":0,"parent":614,"menu_order":0,"comment_status":"closed","ping_status":"closed","template":"templates\/template-application-platform.php","meta":{"publish_to_discourse":"","publish_post_category":"","wpdc_auto_publish_overridden":"","wpdc_topic_tags":"","wpdc_pin_topic":"","wpdc_pin_until":"","discourse_post_id":"","discourse_permalink":"","wpdc_publishing_response":"","wpdc_publishing_error":"","footnotes":""},"class_list":["post-5496","page","type-page","status-publish","hentry"],"yoast_head":"<!-- This site is optimized with the Yoast SEO plugin v25.3.1 - https:\/\/yoast.com\/wordpress\/plugins\/seo\/ -->\n<title>Osad\u017a kana\u0142 Instagram na Joomla za pomoc\u0105 modu\u0142u - dodaj Instagram do strony w 2 minuty!<\/title>\n<meta name=\"description\" content=\"Wypr\u00f3buj wtyczk\u0119 premium Instagram dla witryny Joomla ju\u017c teraz! Stw\u00f3rz sw\u00f3j w\u0142asny kana\u0142 na Instagramie w Elfsight w zaledwie 1 minut\u0119.\" \/>\n<meta name=\"robots\" content=\"index, follow, max-snippet:-1, max-image-preview:large, max-video-preview:-1\" \/>\n<link rel=\"canonical\" href=\"https:\/\/elfsight.com\/pl\/instagram-feed-instashow\/joomla\/\" \/>\n<meta property=\"og:locale\" content=\"pl_PL\" \/>\n<meta property=\"og:type\" content=\"article\" \/>\n<meta property=\"og:title\" content=\"Osad\u017a kana\u0142 Instagram na Joomla za pomoc\u0105 modu\u0142u - dodaj Instagram do strony w 2 minuty!\" \/>\n<meta property=\"og:description\" content=\"Wypr\u00f3buj wtyczk\u0119 premium Instagram dla witryny Joomla ju\u017c teraz! Stw\u00f3rz sw\u00f3j w\u0142asny kana\u0142 na Instagramie w Elfsight w zaledwie 1 minut\u0119.\" \/>\n<meta property=\"og:url\" content=\"https:\/\/elfsight.com\/pl\/instagram-feed-instashow\/joomla\/\" \/>\n<meta property=\"og:site_name\" content=\"Elfsight PL\" \/>\n<meta property=\"article:modified_time\" content=\"2025-06-19T13:58:51+00:00\" \/>\n<meta name=\"twitter:card\" content=\"summary_large_image\" \/>\n<meta name=\"twitter:label1\" content=\"Szacowany czas czytania\" \/>\n\t<meta name=\"twitter:data1\" content=\"4 minuty\" \/>\n<!-- \/ Yoast SEO plugin. -->","yoast_head_json":{"title":"Osad\u017a kana\u0142 Instagram na Joomla za pomoc\u0105 modu\u0142u - dodaj Instagram do strony w 2 minuty!","description":"Wypr\u00f3buj wtyczk\u0119 premium Instagram dla witryny Joomla ju\u017c teraz! Stw\u00f3rz sw\u00f3j w\u0142asny kana\u0142 na Instagramie w Elfsight w zaledwie 1 minut\u0119.","robots":{"index":"index","follow":"follow","max-snippet":"max-snippet:-1","max-image-preview":"max-image-preview:large","max-video-preview":"max-video-preview:-1"},"canonical":"https:\/\/elfsight.com\/pl\/instagram-feed-instashow\/joomla\/","og_locale":"pl_PL","og_type":"article","og_title":"Osad\u017a kana\u0142 Instagram na Joomla za pomoc\u0105 modu\u0142u - dodaj Instagram do strony w 2 minuty!","og_description":"Wypr\u00f3buj wtyczk\u0119 premium Instagram dla witryny Joomla ju\u017c teraz! Stw\u00f3rz sw\u00f3j w\u0142asny kana\u0142 na Instagramie w Elfsight w zaledwie 1 minut\u0119.","og_url":"https:\/\/elfsight.com\/pl\/instagram-feed-instashow\/joomla\/","og_site_name":"Elfsight PL","article_modified_time":"2025-06-19T13:58:51+00:00","twitter_card":"summary_large_image","twitter_misc":{"Szacowany czas czytania":"4 minuty"},"schema":{"@context":"https:\/\/schema.org","@graph":[{"@type":"WebPage","@id":"https:\/\/elfsight.com\/pl\/instagram-feed-instashow\/joomla\/","url":"https:\/\/elfsight.com\/pl\/instagram-feed-instashow\/joomla\/","name":"Osad\u017a kana\u0142 Instagram na Joomla za pomoc\u0105 modu\u0142u - dodaj Instagram do strony w 2 minuty!","isPartOf":{"@id":"https:\/\/elfsight.com\/pl\/#website"},"datePublished":"2024-05-03T06:39:35+00:00","dateModified":"2025-06-19T13:58:51+00:00","description":"Wypr\u00f3buj wtyczk\u0119 premium Instagram dla witryny Joomla ju\u017c teraz! Stw\u00f3rz sw\u00f3j w\u0142asny kana\u0142 na Instagramie w Elfsight w zaledwie 1 minut\u0119.","breadcrumb":{"@id":"https:\/\/elfsight.com\/pl\/instagram-feed-instashow\/joomla\/#breadcrumb"},"inLanguage":"pl-PL","potentialAction":[{"@type":"ReadAction","target":["https:\/\/elfsight.com\/pl\/instagram-feed-instashow\/joomla\/"]}]},{"@type":"BreadcrumbList","@id":"https:\/\/elfsight.com\/pl\/instagram-feed-instashow\/joomla\/#breadcrumb","itemListElement":[{"@type":"ListItem","position":1,"name":"Home","item":"https:\/\/elfsight.com\/pl\/"},{"@type":"ListItem","position":2,"name":"Instagram Feed","item":"https:\/\/elfsight.com\/pl\/instagram-feed-instashow\/"},{"@type":"ListItem","position":3,"name":"Instagram Feed &#8211; Joomla"}]},{"@type":"WebSite","@id":"https:\/\/elfsight.com\/pl\/#website","url":"https:\/\/elfsight.com\/pl\/","name":"Elfsight PL","description":"Just another Elfsight Sites site","potentialAction":[{"@type":"SearchAction","target":{"@type":"EntryPoint","urlTemplate":"https:\/\/elfsight.com\/pl\/?s={search_term_string}"},"query-input":{"@type":"PropertyValueSpecification","valueRequired":true,"valueName":"search_term_string"}}],"inLanguage":"pl-PL"}]}},"meta_box":{"industry":"","seo_heading":"","heading":"","description":"","cta_heading":"","cta_description":"","application":"594","h1":"Wid\u017cet kana\u0142u Instagram dla Joomla","h1_caption":"Dodawaj posty ze swojego konta na Instagramie lub za pomoc\u0105 hashtagu, zapewniaj\u0105c najlepszy spos\u00f3b na bezproblemowe zaprezentowanie dynamicznego kana\u0142u Instagram na swojej stronie internetowej w witrynie Joomla.","application_category":[],"applications_title":"","applications_request_title":"","applications_request_button_text":"","hero_text":"","hero_video":"","hero_video_schema_markup":"","selling_points_title":"","selling_points_caption":"","selling_points":[],"selling_points_cta_text":"","features_title":"","features":"","ed_cta_examples_text":"","ed_cta_examples_hidden":"","ed_cta_demo_text":"","ed_cta_demo_hidden":"","why_caption":"","why_editor_title":"","why_editor_text":"","why_team_title":"","why_team_text":"","why_service_title":"","why_service_text":"","template_catalog_visible":"0","template_catalog_title":"","template_catalog_text":"","template_catalog_categories_visible":"","demo_title":"Utw\u00f3rz wtyczk\u0119 kana\u0142u Instagram","demo_caption":"Skonfiguruj sw\u00f3j kana\u0142 na Instagramie i dodaj go do swojej witryny Joomla za darmo!","default_faq_hidden":"","app_template_category":[],"platform":"53","template_public_id":"","codecanyon_url":"","codecanyon_item_id":"","codecanyon_price":"","pricing_caption":"","pricing_elfsight_apps_hide_column":"","pricing_elfsight_apps_url":"","pricing_codecanyon_price_caption":"","integration_category":[],"integration_request_title":"","integration_request_cta":"","integration_platform":"","integrations":[],"platform_category":[],"video_schema_markup":"","price":"od 0 USD \/ miesi\u0105c","trial":"","benefits":[{"text":"Bezp\u0142atna us\u0142uga monta\u017cu"},{"text":"Kompetentna obs\u0142uga klienta"},{"text":"14-dniowa gwarancja zwrotu pieni\u0119dzy"}],"button_url":"#demo","button_target_blank":"0","button_nofollow":"0","attributes":[{"name":"Instaluje"},{"name":"Czu\u0142y"},{"name":"Kompatybilne przegl\u0105darki"}],"tags":[],"tags_disable_links":"0","hide_more_platforms":"0","video_object":"","demo_hide_cta":"0","demo_hide_cloud_options":"0","pricing_title":"","pricing":[{"pricing_icon":"cloud","pricing_title":"Elfsight Apps","pricing_title_caption":"Oprogramowanie wieloplatformowe, kt\u00f3re pasuje do ka\u017cdej witryny","pricing_price":"od 0 USD \/ miesi\u0105c","pricing_price_caption":"zacznij od bezp\u0142atnego planu","pricing_benefits":[{"text":"Nielimitowane domeny"},{"text":"Wsparcie firmy premium"},{"text":"Bezp\u0142atna pomoc w instalacji"},{"text":"Cena do z\u0142apania dla wielu aplikacji"}],"pricing_button_text":"Dodaj do witryny","pricing_button_url":"#demo"}],"related_apps_title":"","related_apps_hidden":"0","author":"","image":[],"title":"","job":"","social_networks":[]},"_links":{"self":[{"href":"https:\/\/elfsight.com\/pl\/wp-json\/wp\/v2\/pages\/5496","targetHints":{"allow":["GET"]}}],"collection":[{"href":"https:\/\/elfsight.com\/pl\/wp-json\/wp\/v2\/pages"}],"about":[{"href":"https:\/\/elfsight.com\/pl\/wp-json\/wp\/v2\/types\/page"}],"author":[{"embeddable":true,"href":"https:\/\/elfsight.com\/pl\/wp-json\/wp\/v2\/users\/9"}],"replies":[{"embeddable":true,"href":"https:\/\/elfsight.com\/pl\/wp-json\/wp\/v2\/comments?post=5496"}],"version-history":[{"count":3,"href":"https:\/\/elfsight.com\/pl\/wp-json\/wp\/v2\/pages\/5496\/revisions"}],"predecessor-version":[{"id":10131,"href":"https:\/\/elfsight.com\/pl\/wp-json\/wp\/v2\/pages\/5496\/revisions\/10131"}],"up":[{"embeddable":true,"href":"https:\/\/elfsight.com\/pl\/wp-json\/wp\/v2\/pages\/614"}],"wp:attachment":[{"href":"https:\/\/elfsight.com\/pl\/wp-json\/wp\/v2\/media?parent=5496"}],"curies":[{"name":"wp","href":"https:\/\/api.w.org\/{rel}","templated":true}]}}