{"id":5495,"date":"2024-05-03T06:39:34","date_gmt":"2024-05-03T06:39:34","guid":{"rendered":"https:\/\/elfsight.com\/pl\/?page_id=5495"},"modified":"2024-11-14T12:46:55","modified_gmt":"2024-11-14T12:46:55","slug":"magento","status":"publish","type":"page","link":"https:\/\/elfsight.com\/pl\/instagram-feed-instashow\/magento\/","title":{"rendered":"Instagram Feed &#8211; Magento"},"content":{"rendered":"<div class=\"application-platform-content-item-description application-platform-content-item\" id=\"description\" data-nav-section=\"description\"><h2>Osad\u017a Instagram na Magento za pomoc\u0105 wid\u017cetu Elfsight<\/h2><p>InstaShow to responsywna wtyczka do Instagrama, kt\u00f3ra umo\u017cliwia tworzenie wspania\u0142ych kolekcji z Zdj\u0119cia i filmy z Instagrama. Ogromna ilo\u015b\u0107 wariant\u00f3w indywidualnych ustawie\u0144 Twojego profilu: wszelkiego rodzaju \u017ar\u00f3d\u0142a, filtry post\u00f3w, ponad 60 parametr\u00f3w adaptacyjnych i 10 wariant\u00f3w uk\u0142adu oraz adaptacyjny interfejs odpowiedni dla wszystkich rozdzielczo\u015bci.<\/p><p><b>Skorzystaj z w pe\u0142ni responsywny modu\u0142 Instagram dla Magento, kt\u00f3ry wzbudzi zainteresowanie odwiedzaj\u0105cych Twoj\u0105 witryn\u0119.<\/b><\/p><ul><li><b>Sprzedawaj wi\u0119cej dzi\u0119ki modnym obrazom<\/b>.<br>Wy\u015bwietlaj zdj\u0119cia z Instagrama \u2013 najskuteczniejsze media do reklamowania swoich produkt\u00f3w lub us\u0142ug i uzyskania wzrostu zysk\u00f3w w serwisie.<\/li><li><b>Znajd\u017a nowych subskrybent\u00f3w na Instagramie<\/b>.<br>Dodaj dodatkowe przyciski z po\u0142\u0105czeniem subskrybowa\u0107 i zwi\u0119ksza\u0107 liczb\u0119 subskrybent\u00f3w swojej strony na Instagramie.<\/li><li><b>Wy\u017cszy wsp\u00f3\u0142czynnik zaanga\u017cowania u\u017cytkownik\u00f3w<\/b>.<br>Zainspiruj odwiedzaj\u0105cych do przegl\u0105dania Twoich tre\u015bci i wywarcia g\u0142\u0119bokich wra\u017ce\u0144 dzi\u0119ki obrazom z Instagrama na Twojej stronie. Osi\u0105gnij wi\u0119ksze zaanga\u017cowanie odwiedzaj\u0105cych.<\/li><\/ul><div class=\"faq\" data-component=\"FAQ\"> <div class=\"faq-item\">\r\n\t\t\t\t\t<div class=\"faq-item-question\">\r\n\t\t\t\t\t\t<h3 class=\"faq-item-question-text\">Jakich innych narz\u0119dzi dla Magento mog\u0119 u\u017cy\u0107? <\/h3>\r\n\r\n\t\t\t\t\t\t<div class=\"faq-item-question-icon\"><\/div>\r\n\t\t\t\t\t<\/div>\r\n\r\n\t\t\t\t\t<div class=\"faq-item-answer\">\r\n\t\t\t\t\t\t<div class=\"faq-item-answer-text\"> <p>Mo\u017cesz przetestowa\u0107 mn\u00f3stwo wid\u017cet\u00f3w do dowolnych cel\u00f3w na swojej stronie internetowej, niezale\u017cnie od tego Twojej sfery biznesowej. Wybierz to, co najbardziej Ci odpowiada: <a href=\"https:\/\/elfsight.com\/whatsapp-chat-widget\/magento\/\">Czat WhatsApp<\/a>, <a href=\"https:\/\/elfsight.com\/amazon -reviews-widget\/magento\/\">Recenzje Amazon<\/a>, <a href=\"https:\/\/elfsight.com\/facebook-chat-widget\/magento\/\">Czat na Facebooku<\/a>, <a href=\"\/\/elfsight.com\/google-reviews-widget\/magento\/\">Recenzje Google<\/a>.<\/p> <\/div>\r\n\t\t\t\t\t<\/div>\r\n\t\t\t\t<\/div> <div class=\"faq-item\">\r\n\t\t\t\t\t<div class=\"faq-item-question\">\r\n\t\t\t\t\t\t<h3 class=\"faq-item-question-text\">Jak bezp\u0142atnie osadzi\u0107 kana\u0142 Instagram na Magento?<\/h3>\r\n\r\n\t\t\t\t\t\t<div class=\"faq-item-question-icon\"><\/div>\r\n\t\t\t\t\t<\/div>\r\n\r\n\t\t\t\t\t<div class=\"faq-item-answer\">\r\n\t\t\t\t\t\t<div class=\"faq-item-answer-text\"> <ol><p>Dodanie kana\u0142u Instagram do sklepu Magento to znakomite podej\u015bcie do wyr\u00f3\u017cniania ostatnich post\u00f3w i zach\u0119cania kupuj\u0105cych do zaanga\u017cowania.<\/p><ol><li>Aby <a href=\"https:\/\/elfsight .com\/blog\/how-to-embed-instagram-feed-on-website\/\">umie\u015b\u0107 kana\u0142 Elfsight na Instagramie<\/a> bezp\u0142atnie w Magento, odwied\u017a witryn\u0119 Elfsight i utw\u00f3rz bezp\u0142atne konto.<\/li><li>Zmaksymalizuj bezp\u0142atne rozszerzenie Instagram, dostosowuj\u0105c jego wygl\u0105d i ustawienia tak, aby pasowa\u0142y do \u200b\u200bmotywu wizualnego Twojego sklepu Magento.<\/li><li>Po bezp\u0142atnej konfiguracji kana\u0142u Instagram, skopiuj charakterystyczny kod do umieszczenia na stronie i wklej go do kodu HTML swojego sklepu Magento, gdzie chcesz, aby kana\u0142 by\u0142 polecany.<\/li><\/ol><p>Integruj\u0105c sw\u00f3j kana\u0142 na Instagramie ze sklepem Magento, podniesiesz jego atrakcyjno\u015b\u0107 wizualn\u0105 i wesprzesz ci\u0105g\u0142\u0105 interakcj\u0119 kupuj\u0105cych. Poznaj korzy\u015bci p\u0142yn\u0105ce z rozszerzenia Elfsight na Instagram bez \u017cadnych inwestycji finansowych!<\/p><\/ol><\/div>\r\n\t\t\t\t\t<\/div>\r\n\t\t\t\t<\/div> <div class=\"faq-item\">\r\n\t\t\t\t\t<div class=\"faq-item-question\">\r\n\t\t\t\t\t\t<h3 class=\"faq-item-question-text\">Czy mog\u0119 zobaczy\u0107, jak dzia\u0142a Twoja wtyczka Magento Instagram Feed? <\/h3>\r\n\r\n\t\t\t\t\t\t<div class=\"faq-item-question-icon\"><\/div>\r\n\t\t\t\t\t<\/div>\r\n\r\n\t\t\t\t\t<div class=\"faq-item-answer\">\r\n\t\t\t\t\t\t<div class=\"faq-item-answer-text\"> <p>Oczywi\u015bcie! Mo\u017cesz to zrobi\u0107, korzystaj\u0105c z naszego <a href=\"https:\/\/elfsight.com\/instagram-feed-instashow\/#demo\">demo<\/a> na \u017cywo! Wersja demonstracyjna mo\u017ce tak\u017ce pom\u00f3c w dodaniu wtyczki do Twojej witryny Magento.<\/p><\/div>\r\n\t\t\t\t\t<\/div>\r\n\t\t\t\t<\/div> <\/div><\/div><div class=\"application-platform-content-item-features application-platform-content-item\" id=\"features\" data-nav-section=\"features\"><h2>G\u0142\u00f3wne funkcje modu\u0142u Instagram Feed<\/h2><p>Kluczowe funkcjonalno\u015bci wtyczki Elfsight, kt\u00f3re przekszta\u0142caj\u0105 j\u0105 w najlepsze narz\u0119dzie Magento do wy\u015bwietlania tre\u015bci z Instagrama na stronie:<\/p><ul><li>Dodawaj tre\u015b\u0107 wed\u0142ug adresu URL, hashtag\u00f3w i nazw u\u017cytkownik\u00f3w<\/li><li>Regulowana liczba kolumn i wierszy<\/li><li>Strza\u0142ki, przeci\u0105ganie i nawigacja po slajdach<\/li><li>11 element\u00f3w do malowania<\/li><li>Elastyczna szeroko\u015b\u0107 wid\u017cetu<\/li><\/ul><p><a href=\"#demo\">Wszystkie funkcje w naszej wersji demonstracyjnej<\/a><\/p><\/div><div class=\"application-platform-content-item-installation application-platform-content-item\" id=\"installation\" data-nav-section=\"installation\"><h2>Jak doda\u0107 kana\u0142 Instagram do Magento strona internetowa<\/h2><p>Wystarczy post\u0119powa\u0107 zgodnie z poni\u017cszymi wskaz\u00f3wkami, aby rozpocz\u0105\u0107 prac\u0119 z widgetem w Magento.<\/p> <ol><li><b>Skorzystaj z naszego bezp\u0142atnego konfiguratora i zacznij tworzy\u0107 spersonalizowany kana\u0142 na Instagramie rozszerzenie. <\/b><br> Okre\u015bl wybran\u0105 form\u0119 i opcje wid\u017cetu oraz zastosuj modyfikacje. <\/li> <li><b>Uzyskaj unikalny kod wy\u015bwietlany w oknie aplikacji Elfsight. <\/b><br> Gdy tylko konfiguracja Twojego osobistego wid\u017cetu zostanie zako\u0144czona, skopiuj osobisty kod z wy\u015bwietlonego pola i zachowaj go na przysz\u0142o\u015b\u0107. <\/li> <li><b>Rozpocznij korzystanie z wid\u017cetu na swojej stronie g\u0142\u00f3wnej Magento. <\/b><br> Umie\u015b\u0107 ostatnio zapisany kod w swojej witrynie i zastosuj zmiany. <\/li> <li><b>Gotowe! Konfiguracja zosta\u0142a w pe\u0142ni uko\u0144czona. <\/b><br> Odwied\u017a swoj\u0105 witryn\u0119, aby sprawdzi\u0107 dzia\u0142anie narz\u0119dzia. <\/li><\/ol><p>Masz problemy z instalacj\u0105 wid\u017cetu Instagram dla Magento? Skontaktuj si\u0119 z pomoc\u0105 techniczn\u0105 Elfsight.<\/p><\/div>","protected":false},"excerpt":{"rendered":"","protected":false},"author":9,"featured_media":0,"parent":614,"menu_order":0,"comment_status":"closed","ping_status":"closed","template":"templates\/template-application-platform.php","meta":{"publish_to_discourse":"","publish_post_category":"","wpdc_auto_publish_overridden":"","wpdc_topic_tags":"","wpdc_pin_topic":"","wpdc_pin_until":"","discourse_post_id":"","discourse_permalink":"","wpdc_publishing_response":"","wpdc_publishing_error":"","footnotes":""},"class_list":["post-5495","page","type-page","status-publish","hentry"],"yoast_head":"<!-- This site is optimized with the Yoast SEO plugin v25.3.1 - https:\/\/yoast.com\/wordpress\/plugins\/seo\/ -->\n<title>Osad\u017a Instagram Feed na Magento z modu\u0142em - dodaj Instagram do strony w 2 minuty!<\/title>\n<meta name=\"description\" content=\"Przetestuj za darmo najlepsz\u0105 wtyczk\u0119 Instagrama dla witryny Magento! Utw\u00f3rz indywidualny kana\u0142 na Instagramie w Elfsight tylko w 2 minuty.\" \/>\n<meta name=\"robots\" content=\"index, follow, max-snippet:-1, max-image-preview:large, max-video-preview:-1\" \/>\n<link rel=\"canonical\" href=\"https:\/\/elfsight.com\/pl\/instagram-feed-instashow\/magento\/\" \/>\n<meta property=\"og:locale\" content=\"pl_PL\" \/>\n<meta property=\"og:type\" content=\"article\" \/>\n<meta property=\"og:title\" content=\"Osad\u017a Instagram Feed na Magento z modu\u0142em - dodaj Instagram do strony w 2 minuty!\" \/>\n<meta property=\"og:description\" content=\"Przetestuj za darmo najlepsz\u0105 wtyczk\u0119 Instagrama dla witryny Magento! Utw\u00f3rz indywidualny kana\u0142 na Instagramie w Elfsight tylko w 2 minuty.\" \/>\n<meta property=\"og:url\" content=\"https:\/\/elfsight.com\/pl\/instagram-feed-instashow\/magento\/\" \/>\n<meta property=\"og:site_name\" content=\"Elfsight PL\" \/>\n<meta property=\"article:modified_time\" content=\"2024-11-14T12:46:55+00:00\" \/>\n<meta name=\"twitter:card\" content=\"summary_large_image\" \/>\n<meta name=\"twitter:label1\" content=\"Szacowany czas czytania\" \/>\n\t<meta name=\"twitter:data1\" content=\"4 minuty\" \/>\n<!-- \/ Yoast SEO plugin. -->","yoast_head_json":{"title":"Osad\u017a Instagram Feed na Magento z modu\u0142em - dodaj Instagram do strony w 2 minuty!","description":"Przetestuj za darmo najlepsz\u0105 wtyczk\u0119 Instagrama dla witryny Magento! Utw\u00f3rz indywidualny kana\u0142 na Instagramie w Elfsight tylko w 2 minuty.","robots":{"index":"index","follow":"follow","max-snippet":"max-snippet:-1","max-image-preview":"max-image-preview:large","max-video-preview":"max-video-preview:-1"},"canonical":"https:\/\/elfsight.com\/pl\/instagram-feed-instashow\/magento\/","og_locale":"pl_PL","og_type":"article","og_title":"Osad\u017a Instagram Feed na Magento z modu\u0142em - dodaj Instagram do strony w 2 minuty!","og_description":"Przetestuj za darmo najlepsz\u0105 wtyczk\u0119 Instagrama dla witryny Magento! Utw\u00f3rz indywidualny kana\u0142 na Instagramie w Elfsight tylko w 2 minuty.","og_url":"https:\/\/elfsight.com\/pl\/instagram-feed-instashow\/magento\/","og_site_name":"Elfsight PL","article_modified_time":"2024-11-14T12:46:55+00:00","twitter_card":"summary_large_image","twitter_misc":{"Szacowany czas czytania":"4 minuty"},"schema":{"@context":"https:\/\/schema.org","@graph":[{"@type":"WebPage","@id":"https:\/\/elfsight.com\/pl\/instagram-feed-instashow\/magento\/","url":"https:\/\/elfsight.com\/pl\/instagram-feed-instashow\/magento\/","name":"Osad\u017a Instagram Feed na Magento z modu\u0142em - dodaj Instagram do strony w 2 minuty!","isPartOf":{"@id":"https:\/\/elfsight.com\/pl\/#website"},"datePublished":"2024-05-03T06:39:34+00:00","dateModified":"2024-11-14T12:46:55+00:00","description":"Przetestuj za darmo najlepsz\u0105 wtyczk\u0119 Instagrama dla witryny Magento! Utw\u00f3rz indywidualny kana\u0142 na Instagramie w Elfsight tylko w 2 minuty.","breadcrumb":{"@id":"https:\/\/elfsight.com\/pl\/instagram-feed-instashow\/magento\/#breadcrumb"},"inLanguage":"pl-PL","potentialAction":[{"@type":"ReadAction","target":["https:\/\/elfsight.com\/pl\/instagram-feed-instashow\/magento\/"]}]},{"@type":"BreadcrumbList","@id":"https:\/\/elfsight.com\/pl\/instagram-feed-instashow\/magento\/#breadcrumb","itemListElement":[{"@type":"ListItem","position":1,"name":"Home","item":"https:\/\/elfsight.com\/pl\/"},{"@type":"ListItem","position":2,"name":"Instagram Feed","item":"https:\/\/elfsight.com\/pl\/instagram-feed-instashow\/"},{"@type":"ListItem","position":3,"name":"Instagram Feed &#8211; Magento"}]},{"@type":"WebSite","@id":"https:\/\/elfsight.com\/pl\/#website","url":"https:\/\/elfsight.com\/pl\/","name":"Elfsight PL","description":"Just another Elfsight Sites site","potentialAction":[{"@type":"SearchAction","target":{"@type":"EntryPoint","urlTemplate":"https:\/\/elfsight.com\/pl\/?s={search_term_string}"},"query-input":{"@type":"PropertyValueSpecification","valueRequired":true,"valueName":"search_term_string"}}],"inLanguage":"pl-PL"}]}},"meta_box":{"industry":"","seo_heading":"","heading":"","description":"","cta_heading":"","cta_description":"","application":"594","h1":"Wid\u017cet kana\u0142u Instagram dla Magento","h1_caption":"Dodawaj posty ze swojego konta na Instagramie lub za pomoc\u0105 hashtagu, zapewniaj\u0105c najlepszy spos\u00f3b na bezproblemowe zaprezentowanie dynamicznego kana\u0142u Instagram na swojej stronie internetowej na swojej stronie Magento.","application_category":[],"applications_title":"","applications_request_title":"","applications_request_button_text":"","hero_text":"","hero_video":"","hero_video_schema_markup":"","selling_points_title":"","selling_points_caption":"","selling_points":[],"selling_points_cta_text":"","features_title":"","features":"","ed_cta_examples_text":"","ed_cta_examples_hidden":"","ed_cta_demo_text":"","ed_cta_demo_hidden":"","why_caption":"","why_editor_title":"","why_editor_text":"","why_team_title":"","why_team_text":"","why_service_title":"","why_service_text":"","template_catalog_visible":"0","template_catalog_title":"","template_catalog_text":"","template_catalog_categories_visible":"","demo_title":"Utw\u00f3rz rozszerzenie kana\u0142u na Instagramie","demo_caption":"Skonfiguruj sw\u00f3j kana\u0142 na Instagramie i dodaj go do swojej witryny Magento za darmo!","default_faq_hidden":"","app_template_category":[],"platform":"92","template_public_id":"","codecanyon_url":"","codecanyon_item_id":"","codecanyon_price":"","pricing_caption":"","pricing_elfsight_apps_hide_column":"","pricing_elfsight_apps_url":"","pricing_codecanyon_price_caption":"","integration_category":[],"integration_request_title":"","integration_request_cta":"","integration_platform":"","integrations":[],"platform_category":[],"video_schema_markup":"","price":"od 0 USD \/ miesi\u0105c","trial":"","benefits":[{"text":"Bezp\u0142atna us\u0142uga monta\u017cu"},{"text":"Skuteczna obs\u0142uga klienta"},{"text":"14-dniowa gwarancja zwrotu pieni\u0119dzy"}],"button_url":"#demo","button_target_blank":"0","button_nofollow":"0","attributes":[{"name":"Instaluje"},{"name":"Czu\u0142y"},{"name":"Kompatybilne przegl\u0105darki"}],"tags":[],"tags_disable_links":"0","hide_more_platforms":"","video_object":"","demo_hide_cta":"0","demo_hide_cloud_options":"0","pricing_title":"","pricing":[{"pricing_icon":"platform","pricing_title":"Elfsight Apps","pricing_title_caption":"Wieloplatformowe rozwi\u0105zanie cyfrowe, kt\u00f3re dzia\u0142a na ka\u017cdej stronie internetowej","pricing_price":"od 0 USD \/ miesi\u0105c","pricing_price_caption":"zacznij od bezp\u0142atnego planu","pricing_benefits":[{"text":"Nielimitowane domeny"},{"text":"Szybkie wsparcie firmy"},{"text":"Bezp\u0142atne wsparcie przy instalacji"},{"text":"W pe\u0142ni konfigurowalny"}],"pricing_button_text":"Dodaj do witryny","pricing_button_url":"#demo"}],"related_apps_title":"","related_apps_hidden":"0","author":"","image":[],"title":"","job":"","social_networks":[]},"_links":{"self":[{"href":"https:\/\/elfsight.com\/pl\/wp-json\/wp\/v2\/pages\/5495","targetHints":{"allow":["GET"]}}],"collection":[{"href":"https:\/\/elfsight.com\/pl\/wp-json\/wp\/v2\/pages"}],"about":[{"href":"https:\/\/elfsight.com\/pl\/wp-json\/wp\/v2\/types\/page"}],"author":[{"embeddable":true,"href":"https:\/\/elfsight.com\/pl\/wp-json\/wp\/v2\/users\/9"}],"replies":[{"embeddable":true,"href":"https:\/\/elfsight.com\/pl\/wp-json\/wp\/v2\/comments?post=5495"}],"version-history":[{"count":2,"href":"https:\/\/elfsight.com\/pl\/wp-json\/wp\/v2\/pages\/5495\/revisions"}],"predecessor-version":[{"id":7575,"href":"https:\/\/elfsight.com\/pl\/wp-json\/wp\/v2\/pages\/5495\/revisions\/7575"}],"up":[{"embeddable":true,"href":"https:\/\/elfsight.com\/pl\/wp-json\/wp\/v2\/pages\/614"}],"wp:attachment":[{"href":"https:\/\/elfsight.com\/pl\/wp-json\/wp\/v2\/media?parent=5495"}],"curies":[{"name":"wp","href":"https:\/\/api.w.org\/{rel}","templated":true}]}}