{"id":5493,"date":"2024-05-03T06:39:32","date_gmt":"2024-05-03T06:39:32","guid":{"rendered":"https:\/\/elfsight.com\/pl\/?page_id=5493"},"modified":"2026-01-28T14:21:12","modified_gmt":"2026-01-28T14:21:12","slug":"squarespace","status":"publish","type":"page","link":"https:\/\/elfsight.com\/pl\/instagram-feed-instashow\/squarespace\/","title":{"rendered":"Instagram Feed &#8211; Squarespace"},"content":{"rendered":"<div class=\"application-platform-content-item-description application-platform-content-item\" id=\"description\" data-nav-section=\"description\"><h2>Osad\u017a Instagram na Squarespace za pomoc\u0105 wtyczki Elfsight<\/h2><p>InstaShow to wydajna wtyczka do Instagrama, kt\u00f3ra umo\u017cliwia tworzenie fascynuj\u0105cych kolekcje zdj\u0119\u0107 i klip\u00f3w wideo z Instagrama dla Twojej witryny. Zalecamy dodanie kana\u0142u na Instagramie, aby Twoja witryna by\u0142a bardziej interaktywna i pi\u0119kna. Mo\u017ce pochwali\u0107 si\u0119 du\u017c\u0105 liczb\u0105 opcji dostosowywania: obs\u0142ugiwane wszystkie typy \u017ar\u00f3de\u0142, dost\u0119pne filtry post\u00f3w, ponad 50 elastycznych cech interfejsu i 10 opcji stylu, a tak\u017ce jest w 100% adaptacyjny do r\u00f3\u017cnych urz\u0105dze\u0144.<\/p><p><b> Dzi\u0119ki w pe\u0142ni responsywnej i u\u017cytecznej wtyczce zaanga\u017cuj odwiedzaj\u0105cych Twoj\u0105 witryn\u0119 ju\u017c od pierwszego spojrzenia.<\/b><\/p><ul><li><b>Uzyskaj najlepsze rezultaty dzi\u0119ki stylowym zdj\u0119ciom<\/b>.<br> Wykorzystaj zdj\u0119cia z Instagrama, kt\u00f3ry jest jedn\u0105 z najskuteczniejszych platform do reklamy Twoich produkt\u00f3w lub us\u0142ug, i uzyskaj wzrost zysk\u00f3w w serwisie.<\/li><li><b>Rozwijaj sw\u00f3j profil na Instagramie<\/b> .<br>Popularyzuj swoje konto na Instagramie za po\u015brednictwem witryny, pozw\u00f3l wi\u0119kszej liczbie u\u017cytkownik\u00f3w zauwa\u017cy\u0107 Twoj\u0105 firm\u0119 i zosta\u0107 Twoimi fanami.<\/li><li><b>Zaanga\u017cuj wi\u0119ksz\u0105 liczb\u0119 u\u017cytkownik\u00f3w w dzia\u0142ania na stronie<\/b>.<br>Wy\u015bwietlaj na swojej stronie zdj\u0119cia z Instagrama za pomoc\u0105 naszej wtyczki, a przyci\u0105gn\u0105 uwag\u0119 odwiedzaj\u0105cych Twoj\u0105 witryn\u0119 i sprawi\u0105, \u017ce pozostan\u0105 na niej d\u0142u\u017cej.<\/li><\/ul><div class=\"faq\" data-component=\"FAQ\"> <div class=\"faq-item\">\r\n\t\t\t\t\t<div class=\"faq-item-question\">\r\n\t\t\t\t\t\t<h3 class=\"faq-item-question-text\">Jakie jeszcze narz\u0119dzia do Czy Squarespace mo\u017cna doda\u0107 do mojej witryny? <\/h3>\r\n\r\n\t\t\t\t\t\t<div class=\"faq-item-question-icon\"><\/div>\r\n\t\t\t\t\t<\/div>\r\n\r\n\t\t\t\t\t<div class=\"faq-item-answer\">\r\n\t\t\t\t\t\t<div class=\"faq-item-answer-text\"> <p>Mo\u017cemy udost\u0119pni\u0107 Ci mn\u00f3stwo wid\u017cet\u00f3w, kt\u00f3re pozwol\u0105 Ci osi\u0105gn\u0105\u0107 dowolny cel w Twojej witrynie. Przekonaj si\u0119 sam: <a href=\"https:\/\/elfsight.com\/google-reviews-widget\/squarespace\/\">Recenzje Google<\/a>, <a href=\"https:\/\/elfsight.com\/whatsapp-chat-widget\/squarespace\/\">Czat WhatsApp<\/a>, <a href=\"https:\/\/elfsight.com \/event-calendar-widget\/squarespace\/\">Kalendarz wydarze\u0144<\/a>, <a href=\"https:\/\/elfsight.com\/countdown-timer-widget\/squarespace\/\">Licznik czasu<\/a>, <a href=\"https:\/\/elfsight.com\/qr-code-widget\/squarespace\/\">Kod QR<\/a>.<\/p> <\/div>\r\n\t\t\t\t\t<\/div>\r\n\t\t\t\t<\/div> <div class=\"faq-item\">\r\n\t\t\t\t\t<div class=\"faq-item-question\">\r\n\t\t\t\t\t\t<h3 class=\"faq-item-question-text\">Jak bezp\u0142atnie umie\u015bci\u0107 kana\u0142 Instagram w Squarespace ?<\/h3>\r\n\r\n\t\t\t\t\t\t<div class=\"faq-item-question-icon\"><\/div>\r\n\t\t\t\t\t<\/div>\r\n\r\n\t\t\t\t\t<div class=\"faq-item-answer\">\r\n\t\t\t\t\t\t<div class=\"faq-item-answer-text\"> <ol><p>Zawieranie kana\u0142u <a href=\"https:\/\/elfsight.com\/blog\/how-to-add-instagram-feed-to-squarespace\/\">do osadzania witryny Instagram<\/a> na Twojej stronie Squarespace to znakomity spos\u00f3b na promowanie bie\u017c\u0105cych post\u00f3w i wzmacnianie interakcji z odwiedzaj\u0105cymi. Dodaj kana\u0142 Instagram do swoich stron, aby zwi\u0119kszy\u0107 zaufanie i sta\u0107 si\u0119 bardziej otwartym na klient\u00f3w.<\/p><ol><li>Aby osadzi\u0107 Elfsight na Instagramie. Karmij bezp\u0142atnie Squarespace, przejd\u017a do witryny Elfsight i za\u0142\u00f3\u017c bezp\u0142atne konto.<\/li><li>Wykorzystaj bezp\u0142atn\u0105 wtyczk\u0119 Instagram, dostosowuj\u0105c jej wygl\u0105d i ustawienia tak, aby pasowa\u0142y do \u200b\u200bmotywu Twojej witryny Squarespace.<\/li><li> Po bezp\u0142atnym dostosowaniu kana\u0142u na Instagramie skopiuj konkretny kod do umieszczenia na stronie i wklej go do kodu HTML swojej witryny Squarespace, w miejscu, w kt\u00f3rym chcesz, aby kana\u0142 si\u0119 pojawia\u0142.<\/li><\/ol><p>Wstawiaj\u0105c sw\u00f3j kana\u0142 Instagram do Squarespace stronie internetowej, podniesiesz jej wizualny magnetyzm i zainspirujesz do ci\u0105g\u0142ego zaanga\u017cowania odwiedzaj\u0105cych. Skorzystaj z zalet wtyczki Elfsight Instagram bezp\u0142atnie!<\/p><\/ol><\/div>\r\n\t\t\t\t\t<\/div>\r\n\t\t\t\t<\/div> <div class=\"faq-item\">\r\n\t\t\t\t\t<div class=\"faq-item-question\">\r\n\t\t\t\t\t\t<h3 class=\"faq-item-question-text\">Czy istnieje spos\u00f3b, aby sprawdzi\u0107 dzia\u0142anie wtyczki Squarespace Instagram?<\/h3>\r\n\r\n\t\t\t\t\t\t<div class=\"faq-item-question-icon\"><\/div>\r\n\t\t\t\t\t<\/div>\r\n\r\n\t\t\t\t\t<div class=\"faq-item-answer\">\r\n\t\t\t\t\t\t<div class=\"faq-item-answer-text\"> <p>To jest to naprawd\u0119 \u0142atwe, poniewa\u017c mamy <a href=\"https:\/\/elfsight.com\/instagram-feed-instashow\/#demo\">demo<\/a> na \u017cywo! Mo\u017cesz go tak\u017ce u\u017cy\u0107, aby doda\u0107 wtyczk\u0119 do swojej witryny Squarespace.<\/p><\/div>\r\n\t\t\t\t\t<\/div>\r\n\t\t\t\t<\/div> <div class=\"faq-item\">\r\n\t\t\t\t\t<div class=\"faq-item-question\">\r\n\t\t\t\t\t\t<h3 class=\"faq-item-question-text\">Jak mog\u0119 skorzysta\u0107 z kana\u0142u Instagram na Squarespace?<\/h3>\r\n\r\n\t\t\t\t\t\t<div class=\"faq-item-question-icon\"><\/div>\r\n\t\t\t\t\t<\/div>\r\n\r\n\t\t\t\t\t<div class=\"faq-item-answer\">\r\n\t\t\t\t\t\t<div class=\"faq-item-answer-text\"> <p>Istnieje mo\u017cliwo\u015b\u0107 <strong>zyskania wi\u0119cej obserwuj\u0105cych profil<\/strong> za pomoc\u0105 przycisku CTA. Liczba odbiorc\u00f3w na Instagramie jest ograniczona, ale Twoja witryna mo\u017ce przyci\u0105gn\u0105\u0107 wiele os\u00f3b spoza aplikacji. Co wi\u0119cej, mo\u017cesz osadzi\u0107 post na Instagramie w Squarespace, aby zilustrowa\u0107 artyku\u0142 lub cytat. Dobrym pomys\u0142em jest dodanie tre\u015bci z Instagrama do swojej witryny, poniewa\u017c jest ona <strong>ci\u0105gle aktualizowana<\/strong> i zawiera informacje istotne dla Twojej firmy.<\/p><\/div>\r\n\t\t\t\t\t<\/div>\r\n\t\t\t\t<\/div><\/div><\/div><div class=\"application-platform-content-item-\u201efunkcje\u201d application-platform-content-item\" id=\"\u201efunkcje\u201d\" data-nav-section=\"\u201efunkcje\u201d\"><h2>G\u0142\u00f3wne funkcje wtyczki Instagram Feed<\/h2><p>Dodaj kana\u0142 Instagram do Squarespace, aby korzysta\u0107 z r\u00f3\u017cnych funkcji, z kt\u00f3rymi w\u0142\u0105czyli\u015bmy t\u0119 wtyczk\u0119. Najwa\u017cniejsze cechy funkcjonalne wtyczki Elfsight, kt\u00f3re czyni\u0105 j\u0105 najlepszym narz\u0119dziem Squarespace pomagaj\u0105cym w osadzaniu post\u00f3w na Instagramie:<\/p><ul><li>Korzystaj z nieograniczonej liczby \u017ar\u00f3de\u0142 do wy\u015bwietlania na swojej stronie internetowej;<\/li><li>2 gotowe uk\u0142ady kana\u0142\u00f3w: Suwak i Siatka;<\/li><li>Trzy warianty akcji po klikni\u0119ciu obrazu: wyskakuj\u0105ce okienko, Instagram lub brak;<\/li><li>11 element\u00f3w do pomalowania;<\/li><li>Opcja optymalizacji mobilnej dla r\u00f3\u017cnych urz\u0105dze\u0144.<\/li><\/ul><p><a href=\"#demo\">Wi\u0119cej funkcji w naszym edytorze<\/a><\/p><p>Opr\u00f3cz wszystkie te niesamowite korzy\u015bci, mo\u017cesz osadzi\u0107 kana\u0142 Instagram na Squarespace, aby odnie\u015b\u0107 sukces w e-commerce. Mo\u017cesz na przyk\u0142ad <strong>wzmocni\u0107 dow\u00f3d spo\u0142eczny<\/strong>, je\u015bli Twoje posty zawieraj\u0105 recenzje z podzi\u0119kowaniami. Lub zwi\u0119ksz zaanga\u017cowanie, poniewa\u017c ludzie b\u0119d\u0105 wchodzi\u0107 w interakcj\u0119 z pi\u0119knymi zdj\u0119ciami ze swojej ulubionej aplikacji, otwiera\u0107 wyskakuj\u0105ce okienka i czyta\u0107 komentarze.<\/p><\/div><div class=\"application-platform-content-item-installation application-platform-content-item\" id=\"installation\" data-nav-section=\"installation\"><h2>Jak doda\u0107 kana\u0142 Instagram do witryny Squarespace <\/h2><div class=\"video-container\"><iframe allowfullscreen=\"\" frameborder=\"0\" height=\"405\" src=\"https:\/\/www.youtube.com\/embed\/4E9cogkAl4M?si=VxK3zM6O01xqYsUU\" width=\"720\"><\/iframe><\/div><p>Zapoznaj si\u0119 z nasz\u0105 kr\u00f3tk\u0105 instrukcj\u0105 dotycz\u0105c\u0105 osadzania i generowania wtyczki. Przybli\u017cony czas instalacji wynosi oko\u0142o 1 minuty, poza tym nie s\u0105 potrzebne \u017cadne umiej\u0119tno\u015bci programistyczne, aby to zrobi\u0107.<\/p><ol><li><b>Utw\u00f3rz sw\u00f3j osobisty kana\u0142 na Instagramie<\/b>.<br>Dzi\u0119ki naszemu bezp\u0142atnemu konfiguratorze, wygeneruj wtyczk\u0119 z potrzebnym szablonem i mo\u017cliwo\u015bciami.<\/li><li><b>Uzyskaj kod do skonfigurowania wtyczki<\/b>.<br>Po dostosowaniu wid\u017cetu zdob\u0105d\u017a kod wtyczki Instagram z wy\u015bwietlonego w aplikacji Elfsight.<\/li><li><b>Odkryj wtyczk\u0119 w witrynie SquareSpace<\/b>.<br>Umie\u015b\u0107 wtyczk\u0119 w wymaganym miejscu witryny i zapisz zmiany.<\/li><li><b>Integracja przebieg\u0142a pomy\u015blnie!<\/b>.<br>Odwied\u017a swoj\u0105 witryn\u0119, aby zobaczy\u0107 swoj\u0105 wtyczk\u0119.<\/li><\/ol><p>Napotka\u0142e\u015b problemy z instalacj\u0105 wtyczki lub jej dostosowywaniem? Wy\u015blij wiadomo\u015b\u0107 do obs\u0142ugi klienta Elfsight.<\/p><\/div>","protected":false},"excerpt":{"rendered":"","protected":false},"author":9,"featured_media":0,"parent":614,"menu_order":0,"comment_status":"closed","ping_status":"closed","template":"templates\/template-application-platform.php","meta":{"publish_to_discourse":"","publish_post_category":"","wpdc_auto_publish_overridden":"","wpdc_topic_tags":"","wpdc_pin_topic":"","wpdc_pin_until":"","discourse_post_id":"","discourse_permalink":"","wpdc_publishing_response":"","wpdc_publishing_error":"","footnotes":""},"class_list":["post-5493","page","type-page","status-publish","hentry"],"yoast_head":"<!-- This site is optimized with the Yoast SEO plugin v25.3.1 - https:\/\/yoast.com\/wordpress\/plugins\/seo\/ -->\n<title>Kana\u0142 Squarespace na Instagramie \u2014 dodaj Instagram do Squarespace [ 2025 ]<\/title>\n<meta name=\"description\" content=\"Dodaj teraz kana\u0142 Instagram do witryny Squarespace! Wygeneruj spersonalizowany widget Squarespace Instagram przez Elfsight tylko w 2 minuty.\" \/>\n<meta name=\"robots\" content=\"index, follow, max-snippet:-1, max-image-preview:large, max-video-preview:-1\" \/>\n<link rel=\"canonical\" href=\"https:\/\/elfsight.com\/pl\/instagram-feed-instashow\/squarespace\/\" \/>\n<meta property=\"og:locale\" content=\"pl_PL\" \/>\n<meta property=\"og:type\" content=\"article\" \/>\n<meta property=\"og:title\" content=\"Kana\u0142 Squarespace na Instagramie \u2014 dodaj Instagram do Squarespace [ 2025 ]\" \/>\n<meta property=\"og:description\" content=\"Dodaj teraz kana\u0142 Instagram do witryny Squarespace! Wygeneruj spersonalizowany widget Squarespace Instagram przez Elfsight tylko w 2 minuty.\" \/>\n<meta property=\"og:url\" content=\"https:\/\/elfsight.com\/pl\/instagram-feed-instashow\/squarespace\/\" \/>\n<meta property=\"og:site_name\" content=\"Elfsight PL\" \/>\n<meta property=\"article:modified_time\" content=\"2026-01-28T14:21:12+00:00\" \/>\n<meta name=\"twitter:card\" content=\"summary_large_image\" \/>\n<meta name=\"twitter:label1\" content=\"Szacowany czas czytania\" \/>\n\t<meta name=\"twitter:data1\" content=\"5 minut\" \/>\n<!-- \/ Yoast SEO plugin. -->","yoast_head_json":{"title":"Kana\u0142 Squarespace na Instagramie \u2014 dodaj Instagram do Squarespace [ 2025 ]","description":"Dodaj teraz kana\u0142 Instagram do witryny Squarespace! Wygeneruj spersonalizowany widget Squarespace Instagram przez Elfsight tylko w 2 minuty.","robots":{"index":"index","follow":"follow","max-snippet":"max-snippet:-1","max-image-preview":"max-image-preview:large","max-video-preview":"max-video-preview:-1"},"canonical":"https:\/\/elfsight.com\/pl\/instagram-feed-instashow\/squarespace\/","og_locale":"pl_PL","og_type":"article","og_title":"Kana\u0142 Squarespace na Instagramie \u2014 dodaj Instagram do Squarespace [ 2025 ]","og_description":"Dodaj teraz kana\u0142 Instagram do witryny Squarespace! Wygeneruj spersonalizowany widget Squarespace Instagram przez Elfsight tylko w 2 minuty.","og_url":"https:\/\/elfsight.com\/pl\/instagram-feed-instashow\/squarespace\/","og_site_name":"Elfsight PL","article_modified_time":"2026-01-28T14:21:12+00:00","twitter_card":"summary_large_image","twitter_misc":{"Szacowany czas czytania":"5 minut"},"schema":{"@context":"https:\/\/schema.org","@graph":[{"@type":"WebPage","@id":"https:\/\/elfsight.com\/pl\/instagram-feed-instashow\/squarespace\/","url":"https:\/\/elfsight.com\/pl\/instagram-feed-instashow\/squarespace\/","name":"Kana\u0142 Squarespace na Instagramie \u2014 dodaj Instagram do Squarespace [ 2025 ]","isPartOf":{"@id":"https:\/\/elfsight.com\/pl\/#website"},"datePublished":"2024-05-03T06:39:32+00:00","dateModified":"2026-01-28T14:21:12+00:00","description":"Dodaj teraz kana\u0142 Instagram do witryny Squarespace! Wygeneruj spersonalizowany widget Squarespace Instagram przez Elfsight tylko w 2 minuty.","breadcrumb":{"@id":"https:\/\/elfsight.com\/pl\/instagram-feed-instashow\/squarespace\/#breadcrumb"},"inLanguage":"pl-PL","potentialAction":[{"@type":"ReadAction","target":["https:\/\/elfsight.com\/pl\/instagram-feed-instashow\/squarespace\/"]}]},{"@type":"BreadcrumbList","@id":"https:\/\/elfsight.com\/pl\/instagram-feed-instashow\/squarespace\/#breadcrumb","itemListElement":[{"@type":"ListItem","position":1,"name":"Home","item":"https:\/\/elfsight.com\/pl\/"},{"@type":"ListItem","position":2,"name":"Instagram Feed","item":"https:\/\/elfsight.com\/pl\/instagram-feed-instashow\/"},{"@type":"ListItem","position":3,"name":"Instagram Feed &#8211; Squarespace"}]},{"@type":"WebSite","@id":"https:\/\/elfsight.com\/pl\/#website","url":"https:\/\/elfsight.com\/pl\/","name":"Elfsight PL","description":"Just another Elfsight Sites site","potentialAction":[{"@type":"SearchAction","target":{"@type":"EntryPoint","urlTemplate":"https:\/\/elfsight.com\/pl\/?s={search_term_string}"},"query-input":{"@type":"PropertyValueSpecification","valueRequired":true,"valueName":"search_term_string"}}],"inLanguage":"pl-PL"}]}},"meta_box":{"industry":"","seo_heading":"","heading":"","description":"","cta_heading":"","cta_description":"","application":"594","h1":"Wid\u017cet kana\u0142u Squarespace na Instagramie","h1_caption":"Dodawaj posty ze swojego konta na Instagramie lub za pomoc\u0105 hashtagu, zapewniaj\u0105c najlepszy spos\u00f3b na bezproblemowe zaprezentowanie dynamicznego kana\u0142u na Instagramie w swojej witrynie w witrynie Squarespace.","application_category":[],"applications_title":"","applications_request_title":"","applications_request_button_text":"","hero_text":"","hero_video":"","hero_video_schema_markup":"","selling_points_title":"","selling_points_caption":"","selling_points":[],"selling_points_cta_text":"","features_title":"","features":"","ed_cta_examples_text":"","ed_cta_examples_hidden":"","ed_cta_demo_text":"","ed_cta_demo_hidden":"","why_caption":"","why_editor_title":"","why_editor_text":"","why_team_title":"","why_team_text":"","why_service_title":"","why_service_text":"","template_catalog_visible":"0","template_catalog_title":"","template_catalog_text":"","template_catalog_categories_visible":"","demo_title":"Utw\u00f3rz wtyczk\u0119 kana\u0142u Instagram","demo_caption":"Skonfiguruj sw\u00f3j kana\u0142 na Instagramie i dodaj go do swojej witryny Squarespace za darmo!","default_faq_hidden":"","app_template_category":[],"platform":"7588","template_public_id":"","codecanyon_url":"","codecanyon_item_id":"","codecanyon_price":"","pricing_caption":"","pricing_elfsight_apps_hide_column":"","pricing_elfsight_apps_url":"","pricing_codecanyon_price_caption":"","integration_category":[],"integration_request_title":"","integration_request_cta":"","integration_platform":"","integrations":[],"platform_category":[],"video_schema_markup":"","price":"od 0 USD \/ miesi\u0105c","trial":"","benefits":[{"text":"Bezp\u0142atna pomoc w instalacji"},{"text":"Wyj\u0105tkowe wsparcie"},{"text":"14-dniowa gwarancja zwrotu pieni\u0119dzy"}],"button_url":"#demo","button_target_blank":"0","button_nofollow":"0","attributes":[{"name":"Instaluje","content":"100,000 - 500,000"},{"name":"Czu\u0142y","content":"Tak"},{"name":"Kompatybilne przegl\u0105darki","content":"IE11, Firefox, Safari, Opera, Chrome, Edge"}],"tags":[],"tags_disable_links":"0","hide_more_platforms":"0","video_object":"","demo_hide_cta":"0","demo_hide_cloud_options":"0","pricing_title":"","pricing":[{"pricing_icon":"platform","pricing_title":"Elfsight Apps","pricing_title_caption":"Wersja wieloplatformowa, kt\u00f3ra pasuje do ka\u017cdej witryny internetowej","pricing_price":"od 0 USD \/ miesi\u0105c","pricing_price_caption":"zacznij od bezp\u0142atnego planu","pricing_benefits":[{"text":"Nielimitowane strony internetowe"},{"text":"Ca\u0142odobowe wsparcie i dobrze udokumentowane"},{"text":"Bezp\u0142atna us\u0142uga monta\u017cu"},{"text":"100% konfigurowalny"}],"pricing_button_text":"Dodaj do witryny","pricing_button_url":"#demo"}],"related_apps_title":"","related_apps_hidden":"0","author":"","image":[],"title":"","job":"","social_networks":[]},"_links":{"self":[{"href":"https:\/\/elfsight.com\/pl\/wp-json\/wp\/v2\/pages\/5493","targetHints":{"allow":["GET"]}}],"collection":[{"href":"https:\/\/elfsight.com\/pl\/wp-json\/wp\/v2\/pages"}],"about":[{"href":"https:\/\/elfsight.com\/pl\/wp-json\/wp\/v2\/types\/page"}],"author":[{"embeddable":true,"href":"https:\/\/elfsight.com\/pl\/wp-json\/wp\/v2\/users\/9"}],"replies":[{"embeddable":true,"href":"https:\/\/elfsight.com\/pl\/wp-json\/wp\/v2\/comments?post=5493"}],"version-history":[{"count":3,"href":"https:\/\/elfsight.com\/pl\/wp-json\/wp\/v2\/pages\/5493\/revisions"}],"predecessor-version":[{"id":10854,"href":"https:\/\/elfsight.com\/pl\/wp-json\/wp\/v2\/pages\/5493\/revisions\/10854"}],"up":[{"embeddable":true,"href":"https:\/\/elfsight.com\/pl\/wp-json\/wp\/v2\/pages\/614"}],"wp:attachment":[{"href":"https:\/\/elfsight.com\/pl\/wp-json\/wp\/v2\/media?parent=5493"}],"curies":[{"name":"wp","href":"https:\/\/api.w.org\/{rel}","templated":true}]}}