{"id":5488,"date":"2024-05-03T06:39:31","date_gmt":"2024-05-03T06:39:31","guid":{"rendered":"https:\/\/elfsight.com\/pl\/?page_id=5488"},"modified":"2024-11-14T12:46:47","modified_gmt":"2024-11-14T12:46:47","slug":"webnode","status":"publish","type":"page","link":"https:\/\/elfsight.com\/pl\/instagram-feed-instashow\/webnode\/","title":{"rendered":"Instagram Feed &#8211; Webnode"},"content":{"rendered":"<div class=\"application-platform-content-item-description application-platform-content-item\" id=\"description\" data-nav-section=\"description\"><h2>Osad\u017a Instagram na Webnode za pomoc\u0105 wtyczki Elfsight<\/h2><p>InstaShow to najlepsza wtyczka do Instagrama, kt\u00f3ra umo\u017cliwia tworzenie wspania\u0142ych kolekcji z Zdj\u0119cia i filmy na Instagramie dla Twojej witryny. Ogromna ilo\u015b\u0107 opcji personalizacji: dowolne \u017ar\u00f3d\u0142a, moderacja post\u00f3w, ponad 70 regulowanych preferencji i 10 opcji stylu oraz interfejs w pe\u0142ni dostosowuj\u0105cy si\u0119 do r\u00f3\u017cnych urz\u0105dze\u0144.<\/p><p><b>Zastosuj w pe\u0142ni responsywn\u0105 i wydajn\u0105 wtyczk\u0119, aby natychmiast zainteresowa\u0107 u\u017cytkownik\u00f3w Twojej witryny.<\/b><\/p><ul><li><b>Sprzedawaj wi\u0119cej dzi\u0119ki atrakcyjnym, modnym obrazom<\/b>.<br>Wy\u015bwietlaj zdj\u0119cia z Instagrama \u2013 jednego z najskuteczniejszych medi\u00f3w za promowanie swoich produkt\u00f3w lub us\u0142ug &#8211; i zyskaj wzrost zysk\u00f3w w witrynie.<\/li><li><b>Promuj sw\u00f3j profil na Instagramie<\/b>.<br>Reklamuj swoj\u0105 stron\u0119 na Instagramie za po\u015brednictwem witryny internetowej, zyskaj wi\u0119cej popularno\u015b\u0107 i pozw\u00f3l u\u017cytkownikom sta\u0107 si\u0119 Twoimi obserwatorami jednym klikni\u0119ciem.<\/li><li><b>Wi\u0119ksze zaanga\u017cowanie u\u017cytkownik\u00f3w witryny<\/b>.<br>Zaimponuj odwiedzaj\u0105cym i zapewnij im wi\u0119cej wy\u015bwietle\u0144 za pomoc\u0105 zdj\u0119\u0107 z Instagrama, aby wzmocni\u0107 interakcj\u0119 z klientem.<\/li><\/ul><div class=\"faq\" data-component=\"FAQ\"><div class=\"faq-item\">\r\n\t\t\t\t\t<div class=\"faq-item-question\">\r\n\t\t\t\t\t\t<h3 class=\"faq-item-question-text\">Czy mog\u0119 przetestowa\u0107 wid\u017cet Aktualno\u015bci na Instagramie w dzia\u0142aniu?<\/h3>\r\n\r\n\t\t\t\t\t\t<div class=\"faq-item-question-icon\"><\/div>\r\n\t\t\t\t\t<\/div>\r\n\r\n\t\t\t\t\t<div class=\"faq-item-answer\">\r\n\t\t\t\t\t\t<div class=\"faq-item-answer-text\"> <p>Tak, mo\u017cesz to z \u0142atwo\u015bci\u0105 zrobi\u0107 w bezp\u0142atnej wersji demonstracyjnej online bez zak\u0142adania konta. Mo\u017cesz tak\u017ce spr\u00f3bowa\u0107 bezp\u0142atnie zainstalowa\u0107 wid\u017cet na stronie internetowej.<\/p><\/div>\r\n\t\t\t\t\t<\/div>\r\n\t\t\t\t<\/div><div class=\"faq-item\">\r\n\t\t\t\t\t<div class=\"faq-item-question\">\r\n\t\t\t\t\t\t<h3 class=\"faq-item-question-text\">Jak bezp\u0142atnie osadzi\u0107 kana\u0142 Instagram na Webnode?<\/h3>\r\n\r\n\t\t\t\t\t\t<div class=\"faq-item-question-icon\"><\/div>\r\n\t\t\t\t\t<\/div>\r\n\r\n\t\t\t\t\t<div class=\"faq-item-answer\">\r\n\t\t\t\t\t\t<div class=\"faq-item-answer-text\"><ol> <p>W\u0142\u0105czenie kana\u0142u Instagram do witryny Webnode to \u015bwietny spos\u00f3b na prezentacj\u0119 najnowszych post\u00f3w i zwi\u0119kszenie zaanga\u017cowania odbiorc\u00f3w.<\/p><ol><li>Aby bezp\u0142atnie osadzi\u0107 kana\u0142 Elfsight na Instagramie w Webnode, przejd\u017a do Odwied\u017a witryn\u0119 Elfsight i zarejestruj bezp\u0142atne konto.<\/li><li>Zmaksymalizuj wykorzystanie bezp\u0142atnej wtyczki Instagram, dostosowuj\u0105c jej wygl\u0105d i ustawienia, aby dopasowa\u0107 je do projektu witryny Webnode.<\/li><li>Po udoskonaleniu Instagrama Kana\u0142 jest bezp\u0142atny, skopiuj odr\u0119bny kod do osadzenia i wklej go do kodu HTML swojej witryny Webnode, w miejscu, w kt\u00f3rym chcesz, aby kana\u0142 si\u0119 znajdowa\u0142.<\/li><\/ol><p>Osadzaj\u0105c kana\u0142 Instagram w swojej witrynie Webnode, mo\u017cesz zwi\u0119kszy jego atrakcyjno\u015b\u0107 wizualn\u0105 i b\u0119dzie promowa\u0107 trwa\u0142\u0105 interakcj\u0119 z publiczno\u015bci\u0105. Ciesz si\u0119 nagrodami, jakie daje wtyczka Elfsight do Instagrama, nie wydaj\u0105c \u017cadnych pieni\u0119dzy!<\/p><\/ol><\/div>\r\n\t\t\t\t\t<\/div>\r\n\t\t\t\t<\/div><\/div><\/div><div class=\"application-platform-content-item-features application-platform-content-item\" id=\"features\" data-nav-section=\"features\"><h2>G\u0142\u00f3wne funkcje Instagrama Wtyczka Feed<\/h2><p>Kluczowe cechy naszej wtyczki, kt\u00f3re czyni\u0105 j\u0105 najlepszym narz\u0119dziem Webnode do dodawania tre\u015bci z Instagrama na stronie:<\/p><ul><li>Dodawaj tre\u015b\u0107 wed\u0142ug adresu URL, hashtag\u00f3w i nazwy u\u017cytkownik\u00f3w;<\/li><li>Zmienna przestrze\u0144 mi\u0119dzy rynnami;<\/li><li>9 opcjonalnych element\u00f3w wyskakuj\u0105cych okienek;<\/li><li>Regulowany tytu\u0142 kana\u0142u;<\/li><li>Mo\u017cliwo\u015b\u0107 ustawienia czasu pami\u0119ci podr\u0119cznej.<\/li><\/ul><p><a href=\"#demo\">Zobacz wszystkie funkcje naszego edytora<\/a><\/p><\/div><div class=\"application-platform-content-item-installation application-platform-content-item\" id=\"installation\" data-nav-section=\"installation\"><h2>Jak osad\u017a kana\u0142 Instagram na Webnode<\/h2><p>Przeczytaj kr\u00f3tk\u0105 instrukcj\u0119 dotycz\u0105c\u0105 instalacji i personalizacji wtyczki. Czas konfiguracji to tylko oko\u0142o 60 sekund, a co wi\u0119cej, nie musisz mie\u0107 \u017cadnych umiej\u0119tno\u015bci programistycznych ani zna\u0107 si\u0119 na kodowaniu<\/p><ol><li><b>Utw\u00f3rz sw\u00f3j osobisty <a href=\"https:\/\/ elfsight.com\/blog\/how-to-embed-instagram-feed-on-website\/\">Witryna Instagram<\/a> Kana\u0142<\/b>.<br>Dzi\u0119ki naszej bezp\u0142atnej wersji demonstracyjnej utw\u00f3rz wtyczk\u0119 o po\u017c\u0105danym wygl\u0105dzie i mo\u017cliwo\u015bciach .<\/li><li><b>Odbierz kod do osadzenia wtyczki<\/b>.<br>Po ustawieniu wid\u017cetu zdob\u0105d\u017a kod do wtyczki Instagram z powiadomienia, kt\u00f3re pojawi si\u0119 w aplikacji Elfsight.<\/li><li><b>Odkryj wtyczk\u0119 na stronie Webnode<\/b>.<br>Zintegruj wtyczk\u0119 w wymaganym miejscu witryny i zastosuj wyniki.<\/li><li><b>Gotowe!<\/b> b&gt;.<br>Wejd\u017a na swoj\u0105 witryn\u0119 Webnode i zobacz swoj\u0105 prac\u0119.<\/li><\/ol><p>Masz problemy z konfiguracj\u0105 lub dostosowywaniem wtyczek? Nie wahaj si\u0119 skontaktowa\u0107 z centrum pomocy Elfsight lub zapozna\u0107 si\u0119 ze szczeg\u00f3\u0142owym podr\u0119cznikiem \u00ab<a href=\"https:\/\/elfsight.com\/tutorials\/how-to-add-instagram-feed-plugin-for-webnode\/\" target=\" _blank\" rel=\"noopener noreferrer\">Instalacja kana\u0142u Instagram na Webnode<\/a>\u00bb.<\/p><\/div>","protected":false},"excerpt":{"rendered":"","protected":false},"author":9,"featured_media":0,"parent":614,"menu_order":0,"comment_status":"closed","ping_status":"closed","template":"templates\/template-application-platform.php","meta":{"publish_to_discourse":"","publish_post_category":"","wpdc_auto_publish_overridden":"","wpdc_topic_tags":"","wpdc_pin_topic":"","wpdc_pin_until":"","discourse_post_id":"","discourse_permalink":"","wpdc_publishing_response":"","wpdc_publishing_error":"","footnotes":""},"class_list":["post-5488","page","type-page","status-publish","hentry"],"yoast_head":"<!-- This site is optimized with the Yoast SEO plugin v25.3.1 - https:\/\/yoast.com\/wordpress\/plugins\/seo\/ -->\n<title>Osad\u017a kana\u0142 Instagram w Webnode - dodaj Instagram do strony internetowej w 2 minuty!<\/title>\n<meta name=\"description\" content=\"Wypr\u00f3buj teraz najlepsz\u0105 wtyczk\u0119 Instagrama dla witryny Webnode! Utw\u00f3rz unikalny kana\u0142 na Instagramie w Elfsight tylko w 1 minut\u0119.\" \/>\n<meta name=\"robots\" content=\"index, follow, max-snippet:-1, max-image-preview:large, max-video-preview:-1\" \/>\n<link rel=\"canonical\" href=\"https:\/\/elfsight.com\/pl\/instagram-feed-instashow\/webnode\/\" \/>\n<meta property=\"og:locale\" content=\"pl_PL\" \/>\n<meta property=\"og:type\" content=\"article\" \/>\n<meta property=\"og:title\" content=\"Osad\u017a kana\u0142 Instagram w Webnode - dodaj Instagram do strony internetowej w 2 minuty!\" \/>\n<meta property=\"og:description\" content=\"Wypr\u00f3buj teraz najlepsz\u0105 wtyczk\u0119 Instagrama dla witryny Webnode! Utw\u00f3rz unikalny kana\u0142 na Instagramie w Elfsight tylko w 1 minut\u0119.\" \/>\n<meta property=\"og:url\" content=\"https:\/\/elfsight.com\/pl\/instagram-feed-instashow\/webnode\/\" \/>\n<meta property=\"og:site_name\" content=\"Elfsight PL\" \/>\n<meta property=\"article:modified_time\" content=\"2024-11-14T12:46:47+00:00\" \/>\n<meta name=\"twitter:card\" content=\"summary_large_image\" \/>\n<meta name=\"twitter:label1\" content=\"Szacowany czas czytania\" \/>\n\t<meta name=\"twitter:data1\" content=\"3 minuty\" \/>\n<!-- \/ Yoast SEO plugin. -->","yoast_head_json":{"title":"Osad\u017a kana\u0142 Instagram w Webnode - dodaj Instagram do strony internetowej w 2 minuty!","description":"Wypr\u00f3buj teraz najlepsz\u0105 wtyczk\u0119 Instagrama dla witryny Webnode! Utw\u00f3rz unikalny kana\u0142 na Instagramie w Elfsight tylko w 1 minut\u0119.","robots":{"index":"index","follow":"follow","max-snippet":"max-snippet:-1","max-image-preview":"max-image-preview:large","max-video-preview":"max-video-preview:-1"},"canonical":"https:\/\/elfsight.com\/pl\/instagram-feed-instashow\/webnode\/","og_locale":"pl_PL","og_type":"article","og_title":"Osad\u017a kana\u0142 Instagram w Webnode - dodaj Instagram do strony internetowej w 2 minuty!","og_description":"Wypr\u00f3buj teraz najlepsz\u0105 wtyczk\u0119 Instagrama dla witryny Webnode! Utw\u00f3rz unikalny kana\u0142 na Instagramie w Elfsight tylko w 1 minut\u0119.","og_url":"https:\/\/elfsight.com\/pl\/instagram-feed-instashow\/webnode\/","og_site_name":"Elfsight PL","article_modified_time":"2024-11-14T12:46:47+00:00","twitter_card":"summary_large_image","twitter_misc":{"Szacowany czas czytania":"3 minuty"},"schema":{"@context":"https:\/\/schema.org","@graph":[{"@type":"WebPage","@id":"https:\/\/elfsight.com\/pl\/instagram-feed-instashow\/webnode\/","url":"https:\/\/elfsight.com\/pl\/instagram-feed-instashow\/webnode\/","name":"Osad\u017a kana\u0142 Instagram w Webnode - dodaj Instagram do strony internetowej w 2 minuty!","isPartOf":{"@id":"https:\/\/elfsight.com\/pl\/#website"},"datePublished":"2024-05-03T06:39:31+00:00","dateModified":"2024-11-14T12:46:47+00:00","description":"Wypr\u00f3buj teraz najlepsz\u0105 wtyczk\u0119 Instagrama dla witryny Webnode! Utw\u00f3rz unikalny kana\u0142 na Instagramie w Elfsight tylko w 1 minut\u0119.","breadcrumb":{"@id":"https:\/\/elfsight.com\/pl\/instagram-feed-instashow\/webnode\/#breadcrumb"},"inLanguage":"pl-PL","potentialAction":[{"@type":"ReadAction","target":["https:\/\/elfsight.com\/pl\/instagram-feed-instashow\/webnode\/"]}]},{"@type":"BreadcrumbList","@id":"https:\/\/elfsight.com\/pl\/instagram-feed-instashow\/webnode\/#breadcrumb","itemListElement":[{"@type":"ListItem","position":1,"name":"Home","item":"https:\/\/elfsight.com\/pl\/"},{"@type":"ListItem","position":2,"name":"Instagram Feed","item":"https:\/\/elfsight.com\/pl\/instagram-feed-instashow\/"},{"@type":"ListItem","position":3,"name":"Instagram Feed &#8211; Webnode"}]},{"@type":"WebSite","@id":"https:\/\/elfsight.com\/pl\/#website","url":"https:\/\/elfsight.com\/pl\/","name":"Elfsight PL","description":"Just another Elfsight Sites site","potentialAction":[{"@type":"SearchAction","target":{"@type":"EntryPoint","urlTemplate":"https:\/\/elfsight.com\/pl\/?s={search_term_string}"},"query-input":{"@type":"PropertyValueSpecification","valueRequired":true,"valueName":"search_term_string"}}],"inLanguage":"pl-PL"}]}},"meta_box":{"industry":"","seo_heading":"","heading":"","description":"","cta_heading":"","cta_description":"","application":"594","h1":"Wid\u017cet kana\u0142u Instagram dla Webnode","h1_caption":"Dodawaj posty ze swojego konta na Instagramie lub za pomoc\u0105 hashtagu, zapewniaj\u0105c najlepszy spos\u00f3b na bezproblemowe zaprezentowanie dynamicznego kana\u0142u Instagram na swojej stronie internetowej w witrynie Webnode.","application_category":[],"applications_title":"","applications_request_title":"","applications_request_button_text":"","hero_text":"","hero_video":"","hero_video_schema_markup":"","selling_points_title":"","selling_points_caption":"","selling_points":[],"selling_points_cta_text":"","features_title":"","features":"","ed_cta_examples_text":"","ed_cta_examples_hidden":"","ed_cta_demo_text":"","ed_cta_demo_hidden":"","why_caption":"","why_editor_title":"","why_editor_text":"","why_team_title":"","why_team_text":"","why_service_title":"","why_service_text":"","template_catalog_visible":"","template_catalog_title":"","template_catalog_text":"","template_catalog_categories_visible":"","demo_title":"Utw\u00f3rz wid\u017cet kana\u0142u na Instagramie","demo_caption":"Skonfiguruj sw\u00f3j kana\u0142 na Instagramie i dodaj go do swojej witryny Webnode za darmo!","default_faq_hidden":"","app_template_category":[],"platform":"138","template_public_id":"","codecanyon_url":"","codecanyon_item_id":"","codecanyon_price":"","pricing_caption":"","pricing_elfsight_apps_hide_column":"","pricing_elfsight_apps_url":"","pricing_codecanyon_price_caption":"","integration_category":[],"integration_request_title":"","integration_request_cta":"","integration_platform":"","integrations":[],"platform_category":[],"video_schema_markup":"","price":"od 0 USD \/ miesi\u0105c","trial":"","benefits":[{"text":"Bezp\u0142atna pomoc w instalacji"},{"text":"Kompetentna obs\u0142uga klienta"},{"text":"14-dniowa gwarancja zwrotu pieni\u0119dzy"}],"button_url":"#demo","button_target_blank":"","button_nofollow":"","attributes":[{"name":"Instaluje"},{"name":"Czu\u0142y"},{"name":"Kompatybilne przegl\u0105darki"}],"tags":[],"tags_disable_links":"","hide_more_platforms":"","video_object":"","demo_hide_cta":"","demo_hide_cloud_options":"","pricing_title":"","pricing":[{"pricing_icon":"platform","pricing_title":"Elfsight Apps","pricing_title_caption":"Rozwi\u0105zanie wieloplatformowe","pricing_price":"od 0 USD \/ miesi\u0105c","pricing_price_caption":"zacznij od bezp\u0142atnego planu","pricing_benefits":[{"text":"Nielimitowane strony internetowe"},{"text":"Dedykowane i terminowe wsparcie"},{"text":"Bezp\u0142atna us\u0142uga monta\u017cu"},{"text":"Specjalna oferta na wiele aplikacji"}],"pricing_button_text":"Dodaj do witryny","pricing_button_url":"#demo"}],"related_apps_title":"","related_apps_hidden":"","author":"","image":[],"title":"","job":"","social_networks":[]},"_links":{"self":[{"href":"https:\/\/elfsight.com\/pl\/wp-json\/wp\/v2\/pages\/5488","targetHints":{"allow":["GET"]}}],"collection":[{"href":"https:\/\/elfsight.com\/pl\/wp-json\/wp\/v2\/pages"}],"about":[{"href":"https:\/\/elfsight.com\/pl\/wp-json\/wp\/v2\/types\/page"}],"author":[{"embeddable":true,"href":"https:\/\/elfsight.com\/pl\/wp-json\/wp\/v2\/users\/9"}],"replies":[{"embeddable":true,"href":"https:\/\/elfsight.com\/pl\/wp-json\/wp\/v2\/comments?post=5488"}],"version-history":[{"count":1,"href":"https:\/\/elfsight.com\/pl\/wp-json\/wp\/v2\/pages\/5488\/revisions"}],"predecessor-version":[{"id":5492,"href":"https:\/\/elfsight.com\/pl\/wp-json\/wp\/v2\/pages\/5488\/revisions\/5492"}],"up":[{"embeddable":true,"href":"https:\/\/elfsight.com\/pl\/wp-json\/wp\/v2\/pages\/614"}],"wp:attachment":[{"href":"https:\/\/elfsight.com\/pl\/wp-json\/wp\/v2\/media?parent=5488"}],"curies":[{"name":"wp","href":"https:\/\/api.w.org\/{rel}","templated":true}]}}