{"id":5486,"date":"2024-05-03T06:39:29","date_gmt":"2024-05-03T06:39:29","guid":{"rendered":"https:\/\/elfsight.com\/pl\/?page_id=5486"},"modified":"2025-06-19T14:00:02","modified_gmt":"2025-06-19T14:00:02","slug":"iframe","status":"publish","type":"page","link":"https:\/\/elfsight.com\/pl\/instagram-feed-instashow\/iframe\/","title":{"rendered":"Instagram Feed &#8211; iFrame"},"content":{"rendered":"<div class=\"application-platform-content-item-description application-platform-content-item\" id=\"description\" data-nav-section=\"description\">\n<h2>Osad\u017a Instagram na iFrame za pomoc\u0105 wid\u017cetu Elfsight<\/h2>\n<p>**InstaShow** to silna wtyczka do Instagrama, kt\u00f3ra pozwala generowa\u0107 pi\u0119kne galerie zdj\u0119\u0107 i klip\u00f3w wideo na Instagramie. Nieograniczona liczba wariant\u00f3w ustawie\u0144 Twojego kana\u0142u: wszystkie typy \u017ar\u00f3de\u0142, moderacja post\u00f3w, ponad 70 konfigurowalnych parametr\u00f3w i 10 schemat\u00f3w kolor\u00f3w oraz pe\u0142ne dostosowanie do r\u00f3\u017cnych rozdzielczo\u015bci. U\u017cyj ca\u0142kowicie responsywnej i wydajnej wtyczki, aby od razu zaanga\u017cowa\u0107 widz\u00f3w swojej witryny.<\/p>\n<p><b>Zwi\u0119ksz wska\u017anik konwersji<\/b><br>Zaprezentuj swoje towary lub us\u0142ugi za pomoc\u0105 zdj\u0119\u0107 z Instagrama, u\u017cywaj\u0105c hashtag\u00f3w, lokalizacji, profilu lub podanego adresu URL, aby zwi\u0119kszy\u0107 przychody ze swojej witryny.<\/p>\n<p><b>Reklamuj swoj\u0105 stron\u0119 na Instagramie<\/b><br>Promuj swoj\u0105 stron\u0119 na Instagramie za po\u015brednictwem witryny internetowej, daj zna\u0107 wi\u0119kszej liczbie u\u017cytkownik\u00f3w i zamie\u0144 si\u0119 w swoich fan\u00f3w.<\/p>\n<p><b>Zaanga\u017cuj wi\u0119ksz\u0105 liczb\u0119 u\u017cytkownik\u00f3w<\/b><br>Osad\u017a na swojej stronie zdj\u0119cia z Instagrama za pomoc\u0105 naszej wtyczki, a oni zatrudni\u0105 wi\u0119cej odwiedzaj\u0105cych i przekonaj\u0105 ich, aby pozosta\u0107 na stronie.<\/p>\n\n<div class=\"faq\" data-component=\"FAQ\">\n    <div class=\"faq-item\">\r\n\t\t\t\t\t<div class=\"faq-item-question\">\r\n\t\t\t\t\t\t<h3 class=\"faq-item-question-text\">Czy mog\u0119 przetestowa\u0107 wid\u017cet Instagram Feed w dzia\u0142aniu?<\/h3>\r\n\r\n\t\t\t\t\t\t<div class=\"faq-item-question-icon\"><\/div>\r\n\t\t\t\t\t<\/div>\r\n\r\n\t\t\t\t\t<div class=\"faq-item-answer\">\r\n\t\t\t\t\t\t<div class=\"faq-item-answer-text\">\n    <p>Tak, wszystkie funkcje mo\u017cesz przetestowa\u0107 bez konieczno\u015bci rejestracji w naszym serwisie. Mo\u017cesz przej\u015b\u0107 do <a href=\"#demo\">demo<\/a> na \u017cywo i stworzy\u0107 wspania\u0142y wid\u017cet iFrame na Instagramie. Dodatkowo mo\u017cesz za darmo osadzi\u0107 go na swojej stronie internetowej, aby przetestowa\u0107 jego dzia\u0142anie i zobaczy\u0107 jego projekt.<\/p>\n    <\/div>\r\n\t\t\t\t\t<\/div>\r\n\t\t\t\t<\/div>\n\n    <div class=\"faq-item\">\r\n\t\t\t\t\t<div class=\"faq-item-question\">\r\n\t\t\t\t\t\t<h3 class=\"faq-item-question-text\">Jak bezp\u0142atnie osadzi\u0107 kana\u0142 Instagram w iFrame?<\/h3>\r\n\r\n\t\t\t\t\t\t<div class=\"faq-item-question-icon\"><\/div>\r\n\t\t\t\t\t<\/div>\r\n\r\n\t\t\t\t\t<div class=\"faq-item-answer\">\r\n\t\t\t\t\t\t<div class=\"faq-item-answer-text\">\n    <p>Dodanie <a href=\"https:\/\/elfsight.com\/blog\/how-to-embed-instagram-feed-on-website\/\">Instagramu do witryny iFrame<\/a> to znakomite podej\u015bcie do wyr\u00f3\u017cniania swoich najnowszych post\u00f3w i utrzymywania zaanga\u017cowania u\u017cytkownik\u00f3w.<\/p>\n    <ol>\n        <li>Aby bezp\u0142atnie osadzi\u0107 kana\u0142 Elfsight na Instagramie w ramce iFrame, przejd\u017a do witryny Elfsight i utw\u00f3rz bezp\u0142atne konto.<\/li>\n        <li>Zoptymalizuj Bezp\u0142atny wid\u017cet Instagram, dostosowuj\u0105c jego wygl\u0105d i ustawienia do wygl\u0105du i funkcjonalno\u015bci ramki iFrame.<\/li>\n        <li>Po bezp\u0142atnej konfiguracji kana\u0142u Instagram skopiuj ekskluzywny kod do umieszczenia na stronie i wklej go do kodu HTML iFrame tam, gdzie chcesz, aby kana\u0142 si\u0119 pojawi.<\/li>\n    <\/ol>\n    <p>Udost\u0119pniaj\u0105c sw\u00f3j kana\u0142 na Instagramie w ramce iFrame, podniesiesz jego atrakcyjno\u015b\u0107 wizualn\u0105 i zwi\u0119kszysz zaanga\u017cowanie u\u017cytkownik\u00f3w. Poznaj zalety wid\u017cetu Elfsight Instagram bez ponoszenia \u017cadnych wydatk\u00f3w!<\/p>\n    <\/div>\r\n\t\t\t\t\t<\/div>\r\n\t\t\t\t<\/div>\n<\/div>\n<\/div>\n\n<div class=\"application-platform-content-item-features application-platform-content-item\" id=\"features\" data-nav-section=\"features\">\n<h2>G\u0142\u00f3wne funkcje kana\u0142u Instagram widget<\/h2>\n<p>Podstawowe cechy naszej wtyczki, kt\u00f3re czyni\u0105 j\u0105 najlepsz\u0105 metod\u0105 iFrame do wstawiania Instagrama:<\/p>\n<ul>\n    <li>Korzystaj z nieograniczonej liczby \u017ar\u00f3de\u0142 do wy\u015bwietlania na swojej stronie internetowej;<\/li>\n    <li>Dodawaj tre\u015bci wed\u0142ug adresu URL, hashtag\u00f3w i nazw u\u017cytkownik\u00f3w;<\/li>\n    <li>2 gotowe uk\u0142ady kana\u0142\u00f3w: suwak i siatka;<\/li>\n    <li>2 szablony post\u00f3w: kafelkowy i klasyczny;<\/li>\n    <li>R\u00f3\u017cne ustawienia post\u00f3w z elementami post\u00f3w i wyskakuj\u0105cych okienek.<\/li>\n<\/ul>\n<p><a href=\"#demo\">Wszystkie opcje w wersji demonstracyjnej Elfsight<\/a><\/p>\n<\/div>\n\n<div class=\"application-platform-content-item-installation application-platform-content-item\" id=\"installation\" data-nav-section=\"installation\">\n<h2>Jak doda\u0107 wtyczk\u0119 Instagram Feed do witryny iFrame<\/h2>\n<p>Sprawd\u017a nasz kr\u00f3tki samouczek na temat konfiguracji i dostosowywania wtyczki. Ca\u0142kowity czas konfiguracji wynosi nieca\u0142e 3 minuty, a ponadto nie potrzebujesz wiedzy z zakresu kodowania.<\/p>\n<ol>\n    <li><b>Wygeneruj niestandardow\u0105 wtyczk\u0119 do Instagrama<\/b><br>Za pomoc\u0105 naszego darmowego demo, ukszta\u0142tuj wtyczk\u0119 o preferowanym wygl\u0105dzie i cechach funkcjonalnych.<\/li>\n    <li><b>Zdob\u0105d\u017a indywidualny kod, aby zainstalowa\u0107 wtyczk\u0119<\/b><br>Po dostosowaniu wtyczki otrzymasz kod instalacyjny z powiadomienia pojawiaj\u0105cego si\u0119 w aplikacjach Elfsight. Skopiuj kod do dalszego wykorzystania.<\/li>\n    <li><b>Wtyczka na Twojej stronie iFrame<\/b><br>Okre\u015bl obszar, do kt\u00f3rego planujesz doda\u0107 wtyczk\u0119 i tam dodaj skopiowany kod. Opublikuj wyniki.<\/li>\n    <li><b>Uda\u0142o Ci si\u0119 skonfigurowa\u0107<\/b><br>Wejd\u017a do swojego sklepu, aby sprawdzi\u0107 swoj\u0105 prac\u0119.<\/li>\n<\/ol>\n<p>Masz trudno\u015bci z konfiguracj\u0105 lub personalizacj\u0105 swojego w\u0142asny kana\u0142 na Instagramie? Skontaktuj si\u0119 z centrum pomocy Elfsight lub przeczytaj ca\u0142\u0105 instrukcj\u0119: \u00abOsadzanie kana\u0142u Instagram na iFrame\u00bb.<\/p>\n<\/div>","protected":false},"excerpt":{"rendered":"","protected":false},"author":9,"featured_media":0,"parent":614,"menu_order":0,"comment_status":"closed","ping_status":"closed","template":"templates\/template-application-platform.php","meta":{"publish_to_discourse":"","publish_post_category":"","wpdc_auto_publish_overridden":"","wpdc_topic_tags":"","wpdc_pin_topic":"","wpdc_pin_until":"","discourse_post_id":"","discourse_permalink":"","wpdc_publishing_response":"","wpdc_publishing_error":"","footnotes":""},"class_list":["post-5486","page","type-page","status-publish","hentry"],"yoast_head":"<!-- This site is optimized with the Yoast SEO plugin v25.3.1 - https:\/\/yoast.com\/wordpress\/plugins\/seo\/ -->\n<title>Wtyczka iFrame Instagram Feed dla Twojej witryny (bezp\u0142atna i szybka)<\/title>\n<meta name=\"description\" content=\"Skorzystaj z najlepszej responsywnej wtyczki Instagrama dla witryny IFrame za darmo! Zaprojektuj sw\u00f3j w\u0142asny kana\u0142 na Instagramie w Elfsight tylko w 3 minuty.\" \/>\n<meta name=\"robots\" content=\"index, follow, max-snippet:-1, max-image-preview:large, max-video-preview:-1\" \/>\n<link rel=\"canonical\" href=\"https:\/\/elfsight.com\/pl\/instagram-feed-instashow\/iframe\/\" \/>\n<meta property=\"og:locale\" content=\"pl_PL\" \/>\n<meta property=\"og:type\" content=\"article\" \/>\n<meta property=\"og:title\" content=\"Wtyczka iFrame Instagram Feed dla Twojej witryny (bezp\u0142atna i szybka)\" \/>\n<meta property=\"og:description\" content=\"Skorzystaj z najlepszej responsywnej wtyczki Instagrama dla witryny IFrame za darmo! Zaprojektuj sw\u00f3j w\u0142asny kana\u0142 na Instagramie w Elfsight tylko w 3 minuty.\" \/>\n<meta property=\"og:url\" content=\"https:\/\/elfsight.com\/pl\/instagram-feed-instashow\/iframe\/\" \/>\n<meta property=\"og:site_name\" content=\"Elfsight PL\" \/>\n<meta property=\"article:modified_time\" content=\"2025-06-19T14:00:02+00:00\" \/>\n<meta name=\"twitter:card\" content=\"summary_large_image\" \/>\n<meta name=\"twitter:label1\" content=\"Szacowany czas czytania\" \/>\n\t<meta name=\"twitter:data1\" content=\"4 minuty\" \/>\n<!-- \/ Yoast SEO plugin. -->","yoast_head_json":{"title":"Wtyczka iFrame Instagram Feed dla Twojej witryny (bezp\u0142atna i szybka)","description":"Skorzystaj z najlepszej responsywnej wtyczki Instagrama dla witryny IFrame za darmo! Zaprojektuj sw\u00f3j w\u0142asny kana\u0142 na Instagramie w Elfsight tylko w 3 minuty.","robots":{"index":"index","follow":"follow","max-snippet":"max-snippet:-1","max-image-preview":"max-image-preview:large","max-video-preview":"max-video-preview:-1"},"canonical":"https:\/\/elfsight.com\/pl\/instagram-feed-instashow\/iframe\/","og_locale":"pl_PL","og_type":"article","og_title":"Wtyczka iFrame Instagram Feed dla Twojej witryny (bezp\u0142atna i szybka)","og_description":"Skorzystaj z najlepszej responsywnej wtyczki Instagrama dla witryny IFrame za darmo! Zaprojektuj sw\u00f3j w\u0142asny kana\u0142 na Instagramie w Elfsight tylko w 3 minuty.","og_url":"https:\/\/elfsight.com\/pl\/instagram-feed-instashow\/iframe\/","og_site_name":"Elfsight PL","article_modified_time":"2025-06-19T14:00:02+00:00","twitter_card":"summary_large_image","twitter_misc":{"Szacowany czas czytania":"4 minuty"},"schema":{"@context":"https:\/\/schema.org","@graph":[{"@type":"WebPage","@id":"https:\/\/elfsight.com\/pl\/instagram-feed-instashow\/iframe\/","url":"https:\/\/elfsight.com\/pl\/instagram-feed-instashow\/iframe\/","name":"Wtyczka iFrame Instagram Feed dla Twojej witryny (bezp\u0142atna i szybka)","isPartOf":{"@id":"https:\/\/elfsight.com\/pl\/#website"},"datePublished":"2024-05-03T06:39:29+00:00","dateModified":"2025-06-19T14:00:02+00:00","description":"Skorzystaj z najlepszej responsywnej wtyczki Instagrama dla witryny IFrame za darmo! Zaprojektuj sw\u00f3j w\u0142asny kana\u0142 na Instagramie w Elfsight tylko w 3 minuty.","breadcrumb":{"@id":"https:\/\/elfsight.com\/pl\/instagram-feed-instashow\/iframe\/#breadcrumb"},"inLanguage":"pl-PL","potentialAction":[{"@type":"ReadAction","target":["https:\/\/elfsight.com\/pl\/instagram-feed-instashow\/iframe\/"]}]},{"@type":"BreadcrumbList","@id":"https:\/\/elfsight.com\/pl\/instagram-feed-instashow\/iframe\/#breadcrumb","itemListElement":[{"@type":"ListItem","position":1,"name":"Home","item":"https:\/\/elfsight.com\/pl\/"},{"@type":"ListItem","position":2,"name":"Instagram Feed","item":"https:\/\/elfsight.com\/pl\/instagram-feed-instashow\/"},{"@type":"ListItem","position":3,"name":"Instagram Feed &#8211; iFrame"}]},{"@type":"WebSite","@id":"https:\/\/elfsight.com\/pl\/#website","url":"https:\/\/elfsight.com\/pl\/","name":"Elfsight PL","description":"Just another Elfsight Sites site","potentialAction":[{"@type":"SearchAction","target":{"@type":"EntryPoint","urlTemplate":"https:\/\/elfsight.com\/pl\/?s={search_term_string}"},"query-input":{"@type":"PropertyValueSpecification","valueRequired":true,"valueName":"search_term_string"}}],"inLanguage":"pl-PL"}]}},"meta_box":{"industry":"","seo_heading":"","heading":"","description":"","cta_heading":"","cta_description":"","application":"594","h1":"Wtyczka iFrame Instagram Feed","h1_caption":"Dodawaj posty ze swojego konta na Instagramie lub za pomoc\u0105 hashtagu, zapewniaj\u0105c najlepszy spos\u00f3b na \u0142atwe zaprezentowanie dynamicznego kana\u0142u Instagram w Twojej witrynie w witrynie iFrame.","application_category":[],"applications_title":"","applications_request_title":"","applications_request_button_text":"","hero_text":"","hero_video":"","hero_video_schema_markup":"","selling_points_title":"","selling_points_caption":"","selling_points":[],"selling_points_cta_text":"","features_title":"","features":"","ed_cta_examples_text":"","ed_cta_examples_hidden":"","ed_cta_demo_text":"","ed_cta_demo_hidden":"","why_caption":"","why_editor_title":"","why_editor_text":"","why_team_title":"","why_team_text":"","why_service_title":"","why_service_text":"","template_catalog_visible":"0","template_catalog_title":"","template_catalog_text":"","template_catalog_categories_visible":"","demo_title":"Utw\u00f3rz wid\u017cet kana\u0142u na Instagramie","demo_caption":"Skonfiguruj sw\u00f3j kana\u0142 na Instagramie i dodaj go do swojej witryny iFrame za darmo!","default_faq_hidden":"","app_template_category":[],"platform":"187","template_public_id":"","codecanyon_url":"","codecanyon_item_id":"","codecanyon_price":"","pricing_caption":"","pricing_elfsight_apps_hide_column":"","pricing_elfsight_apps_url":"","pricing_codecanyon_price_caption":"","integration_category":[],"integration_request_title":"","integration_request_cta":"","integration_platform":"","integrations":[],"platform_category":[],"video_schema_markup":"","price":"od 0 USD \/ miesi\u0105c","trial":"","benefits":[{"text":"Bezp\u0142atna us\u0142uga monta\u017cu"},{"text":"Profesjonalna obs\u0142uga klienta"},{"text":"14-dniowa gwarancja zwrotu pieni\u0119dzy"}],"button_url":"#demo","button_target_blank":"0","button_nofollow":"0","attributes":[{"name":"Instaluje"},{"name":"Czu\u0142y"},{"name":"Kompatybilne przegl\u0105darki"}],"tags":[],"tags_disable_links":"0","hide_more_platforms":"0","video_object":"","demo_hide_cta":"0","demo_hide_cloud_options":"0","pricing_title":"","pricing":[{"pricing_icon":"platform","pricing_title":"Elfsight Apps","pricing_title_caption":"Niezale\u017cne od platformy rozwi\u0105zanie, kt\u00f3re pasuje do ka\u017cdej witryny internetowej","pricing_price":"od 0 USD \/ miesi\u0105c","pricing_price_caption":"zacznij od bezp\u0142atnego planu","pricing_benefits":[{"text":"Nielimitowane domeny"},{"text":"Najwy\u017csza obs\u0142uga klienta"},{"text":"Bezp\u0142atne wsparcie przy instalacji"},{"text":"Specjalna cena za wiele aplikacji"}],"pricing_button_text":"Dodaj do witryny","pricing_button_url":"#demo"}],"related_apps_title":"","related_apps_hidden":"0","author":"","image":[],"title":"","job":"","social_networks":[]},"_links":{"self":[{"href":"https:\/\/elfsight.com\/pl\/wp-json\/wp\/v2\/pages\/5486","targetHints":{"allow":["GET"]}}],"collection":[{"href":"https:\/\/elfsight.com\/pl\/wp-json\/wp\/v2\/pages"}],"about":[{"href":"https:\/\/elfsight.com\/pl\/wp-json\/wp\/v2\/types\/page"}],"author":[{"embeddable":true,"href":"https:\/\/elfsight.com\/pl\/wp-json\/wp\/v2\/users\/9"}],"replies":[{"embeddable":true,"href":"https:\/\/elfsight.com\/pl\/wp-json\/wp\/v2\/comments?post=5486"}],"version-history":[{"count":2,"href":"https:\/\/elfsight.com\/pl\/wp-json\/wp\/v2\/pages\/5486\/revisions"}],"predecessor-version":[{"id":10132,"href":"https:\/\/elfsight.com\/pl\/wp-json\/wp\/v2\/pages\/5486\/revisions\/10132"}],"up":[{"embeddable":true,"href":"https:\/\/elfsight.com\/pl\/wp-json\/wp\/v2\/pages\/614"}],"wp:attachment":[{"href":"https:\/\/elfsight.com\/pl\/wp-json\/wp\/v2\/media?parent=5486"}],"curies":[{"name":"wp","href":"https:\/\/api.w.org\/{rel}","templated":true}]}}