{"id":5485,"date":"2024-05-03T06:39:28","date_gmt":"2024-05-03T06:39:28","guid":{"rendered":"https:\/\/elfsight.com\/pl\/?page_id=5485"},"modified":"2025-06-19T13:57:33","modified_gmt":"2025-06-19T13:57:33","slug":"facebook","status":"publish","type":"page","link":"https:\/\/elfsight.com\/pl\/instagram-feed-instashow\/facebook\/","title":{"rendered":"Instagram Feed &#8211; Facebook Page"},"content":{"rendered":"<div class=\"application-platform-content-item-description application-platform-content-item\" id=\"description\" data-nav-section=\"description\">\n<h2>Umie\u015b\u0107 Instagram na stronie Facebooka za pomoc\u0105 wid\u017cetu Elfsight<\/h2>\n<p>**InstaShow** to pot\u0119\u017cny wid\u017cet na Instagramie, kt\u00f3ry umo\u017cliwia tworzenie wspania\u0142ych portfolio ze zdj\u0119\u0107 i film\u00f3w na Instagramie. Oferujemy nieograniczon\u0105 liczb\u0119 ustawie\u0144 kana\u0142\u00f3w: wszelkiego rodzaju \u017ar\u00f3d\u0142a, filtry, ponad 60 konfigurowalnych parametr\u00f3w i 10 opcji stylu oraz ca\u0142kowicie adaptacyjny interfejs. Zastosuj w pe\u0142ni responsywn\u0105 wtyczk\u0119, aby zaanga\u017cowa\u0107 odwiedzaj\u0105cych swoj\u0105 stron\u0119.<\/p>\n<\/div>\n\n<div class=\"application-platform-content-item-features application-platform-content-item\" id=\"features\" data-nav-section=\"features\">\n<h2>G\u0142\u00f3wne cechy wid\u017cetu Kana\u0142 na Instagramie<\/h2>\n<p>Podstawowe punkty wid\u017cetu Elfsight, kt\u00f3ry przekszta\u0142ca go w najlepsze narz\u0119dzie dla strony na Facebooku:<\/p>\n<ul>\n    <li>2 gotowe do u\u017cycia uk\u0142ady kana\u0142\u00f3w: suwak i siatka;<\/li>\n    <li>Regulowana liczba kolumn i wierszy;<\/li>\n    <li>Zmienna przestrze\u0144 rynny;<\/li>\n    <li>Zak\u0142adka Instagram jest w pe\u0142ni konfigurowalna;<\/li>\n    <li>Ponad 10 gotowych schemat\u00f3w kolor\u00f3w dla Twojej galerii;<\/li>\n    <li>Mo\u017cesz w\u0142\u0105cza\u0107 i wy\u0142\u0105cza\u0107 wszystkie cz\u0119\u015bci wsp\u00f3lnego posta na Instagramie lub zaprezentowa\u0107 go takim, jakim jest;<\/li>\n    <li>Szablony post\u00f3w klasycznych i kafelkowych;<\/li>\n    <li>R\u00f3\u017cne, gotowe do u\u017cycia uk\u0142ady kana\u0142\u00f3w;<\/li>\n    <li>Regulowane kolumny i wiersze;<\/li>\n    <li>Prze\u0142\u0105czany przycisk wezwania do dzia\u0142ania.<\/li>\n<\/ul>\n<p><a href=\"#demo\">Zobacz wi\u0119cej funkcji w wersji demonstracyjnej Elfsight<\/a><\/p>\n<p>Umieszczaj\u0105c zak\u0142adk\u0119 Instagram na stronie na Facebooku, zyskujesz mn\u00f3stwo korzy\u015bci. Na przyk\u0142ad nie marnujesz czasu na tworzenie nowych, rzeczywistych tre\u015bci dla witryny internetowej \u2013 agreguj\u0105 one automatycznie, bez Twojej interwencji. Mo\u017cesz skoncentrowa\u0107 si\u0119 g\u0142\u00f3wnie na projektowaniu sekcji na Instagramie, zamiast kodowa\u0107 j\u0105 za pomoc\u0105 oficjalnego API. Wreszcie, je\u015bli Twoje posty zawieraj\u0105 \u015bwietne recenzje, mo\u017cesz za ich pomoc\u0105 zwi\u0119kszy\u0107 zaufanie do swojej marki.<\/p>\n<\/div>\n\n<div class=\"application-platform-content-item-installation application-platform-content-item\" id=\"installation\" data-nav-section=\"installation\">\n<h2>Jak doda\u0107 zak\u0142adk\u0119 Instagram do strony na Facebooku<\/h2>\n<p>Przeczytaj nasz ekspresowy poradnik na temat wy\u015bwietlania i ustawiania wid\u017cetu. Konfiguracja zajmie oko\u0142o 60 sekund, a ponadto nie potrzebujesz do\u015bwiadczenia w programowaniu.<\/p>\n<ul>\n    <li><b>Wygeneruj sw\u00f3j w\u0142asny kana\u0142 na Instagramie<\/b><br>Korzystaj\u0105c z naszej bezp\u0142atnej wersji demonstracyjnej, wygeneruj wtyczk\u0119 z wybranym wygl\u0105dem i funkcjami.<\/li>\n    <li><b>Skopiuj kod osobisty, aby wy\u015bwietli\u0107 wid\u017cet<\/b><br>Po utworzeniu wid\u017cetu otrzymasz sw\u00f3j osobisty kod z pojawiaj\u0105cego si\u0119 powiadomienia w aplikacjach Elfsight. Skopiuj kod.<\/li>\n    <li><b>Dodaj Instagram do strony firmowej na Facebooku<\/b><br>Utw\u00f3rz w\u0142asn\u0105 zak\u0142adk\u0119 na Facebooku. Wklej w zak\u0142adce kod otrzymany w aplikacji Elfsight. Je\u015bli masz jakiekolwiek problemy, po prostu zapoznaj si\u0119 z naszym przewodnikiem na stronie <a href=\"https:\/\/elfsight.com\/blog\/how-to-add-custom-tab-to-facebook-page\/\" target=\"_blank\" rel=\"noopener noreferrer\">tworzenie niestandardowej karty Facebook<\/a><\/li>\n    <li><b>Instalacja zosta\u0142a w pe\u0142ni przeprowadzona<\/b><br>Odwied\u017a swoj\u0105 stron\u0119 na Facebooku, aby zobaczy\u0107 swoj\u0105 prac\u0119.<\/li>\n<\/ul>\n<p>Masz problemy z instalacj\u0105 karty Instagram na stronie na Facebooku? Wy\u015blij wiadomo\u015b\u0107 do pomocy technicznej Elfsight.<\/p>\n<\/div>\n\n<div class=\"faq\" data-component=\"FAQ\">\n<div class=\"faq-item\">\r\n\t\t\t\t\t<div class=\"faq-item-question\">\r\n\t\t\t\t\t\t<h3 class=\"faq-item-question-text\">Jak bezp\u0142atnie umie\u015bci\u0107 kana\u0142 Instagram na stronie na Facebooku?<\/h3>\r\n\r\n\t\t\t\t\t\t<div class=\"faq-item-question-icon\"><\/div>\r\n\t\t\t\t\t<\/div>\r\n\r\n\t\t\t\t\t<div class=\"faq-item-answer\">\r\n\t\t\t\t\t\t<div class=\"faq-item-answer-text\">\n<p>Dodanie <a href=\"https:\/\/elfsight.com\/blog\/how-to-embed-instagram-feed-on-website\/\">kana\u0142u na Instagramie<\/a> do swojej strony na Facebooku to wyj\u0105tkowy spos\u00f3b na promowanie swoich najnowszych post\u00f3w i utrzymanie zaanga\u017cowania obserwuj\u0105cych.<\/p>\n<ol>\n    <li>Aby bezp\u0142atnie osadzi\u0107 kana\u0142 Elfsight na Instagramie na swojej stronie na Facebooku, przejd\u017a do witryny Elfsight i utw\u00f3rz bezp\u0142atne konto.<\/li>\n    <li>Korzystaj z bezp\u0142atnego wid\u017cetu Instagrama, dostosowuj\u0105c jego wygl\u0105d i ustawienia tak, aby harmonizowa\u0142y ze stylem Twojej strony na Facebooku.<\/li>\n    <li>Po bezp\u0142atnej konfiguracji kana\u0142u na Instagramie skopiuj charakterystyczny kod do umieszczenia na stronie i wklej go w wyznaczonym obszarze na swojej stronie na Facebooku, gdzie chcesz, aby kana\u0142 si\u0119 pojawia\u0142.<\/li>\n<\/ol>\n<p>Prezentuj\u0105c sw\u00f3j kana\u0142 na Instagramie na swojej stronie na Facebooku, poprawisz jego atrakcyjno\u015b\u0107 wizualn\u0105 i podtrzymasz zaanga\u017cowanie obserwuj\u0105cych. Poznaj zalety wid\u017cetu Elfsight Instagram ca\u0142kowicie bezp\u0142atnie!<\/p>\n<\/div>\r\n\t\t\t\t\t<\/div>\r\n\t\t\t\t<\/div>\n\n<div class=\"faq-item\">\r\n\t\t\t\t\t<div class=\"faq-item-question\">\r\n\t\t\t\t\t\t<h3 class=\"faq-item-question-text\">W jaki spos\u00f3b mog\u0119 uzyska\u0107 Instagram Slider lub Collage za pomoc\u0105 Twojego widgetu?<\/h3>\r\n\r\n\t\t\t\t\t\t<div class=\"faq-item-question-icon\"><\/div>\r\n\t\t\t\t\t<\/div>\r\n\r\n\t\t\t\t\t<div class=\"faq-item-answer\">\r\n\t\t\t\t\t\t<div class=\"faq-item-answer-text\">\n<p>Dost\u0119pna jest ogromna liczba szablon\u00f3w: siatka, galeria, lista, mur, kana\u0142 i wiele innych, z elastycznymi dostosowaniami uk\u0142adu, aby dostosowa\u0107 si\u0119 do Twoich wymaga\u0144. Mo\u017cesz stworzy\u0107 niemal dowolny projekt swojej zak\u0142adki Instagram. <\/p>\n<\/div>\r\n\t\t\t\t\t<\/div>\r\n\t\t\t\t<\/div>\n<\/div>","protected":false},"excerpt":{"rendered":"","protected":false},"author":9,"featured_media":0,"parent":614,"menu_order":0,"comment_status":"closed","ping_status":"closed","template":"templates\/template-application-platform.php","meta":{"publish_to_discourse":"","publish_post_category":"","wpdc_auto_publish_overridden":"","wpdc_topic_tags":"","wpdc_pin_topic":"","wpdc_pin_until":"","discourse_post_id":"","discourse_permalink":"","wpdc_publishing_response":"","wpdc_publishing_error":"","footnotes":""},"class_list":["post-5485","page","type-page","status-publish","hentry"],"yoast_head":"<!-- This site is optimized with the Yoast SEO plugin v25.3.1 - https:\/\/yoast.com\/wordpress\/plugins\/seo\/ -->\n<title>Umie\u015b\u0107 kana\u0142 na Instagramie na stronie na Facebooku - dodaj kana\u0142 na Instagramie w 2 minuty!<\/title>\n<meta name=\"description\" content=\"Wypr\u00f3buj kart\u0119 premium na Instagramie dla osobistej lub biznesowej strony na Facebooku ju\u017c teraz za darmo! Zaprojektuj unikaln\u0105 zak\u0142adk\u0119 na Instagramie w Elfsight w ci\u0105gu minuty.\" \/>\n<meta name=\"robots\" content=\"index, follow, max-snippet:-1, max-image-preview:large, max-video-preview:-1\" \/>\n<link rel=\"canonical\" href=\"https:\/\/elfsight.com\/pl\/instagram-feed-instashow\/facebook\/\" \/>\n<meta property=\"og:locale\" content=\"pl_PL\" \/>\n<meta property=\"og:type\" content=\"article\" \/>\n<meta property=\"og:title\" content=\"Umie\u015b\u0107 kana\u0142 na Instagramie na stronie na Facebooku - dodaj kana\u0142 na Instagramie w 2 minuty!\" \/>\n<meta property=\"og:description\" content=\"Wypr\u00f3buj kart\u0119 premium na Instagramie dla osobistej lub biznesowej strony na Facebooku ju\u017c teraz za darmo! Zaprojektuj unikaln\u0105 zak\u0142adk\u0119 na Instagramie w Elfsight w ci\u0105gu minuty.\" \/>\n<meta property=\"og:url\" content=\"https:\/\/elfsight.com\/pl\/instagram-feed-instashow\/facebook\/\" \/>\n<meta property=\"og:site_name\" content=\"Elfsight PL\" \/>\n<meta property=\"article:modified_time\" content=\"2025-06-19T13:57:33+00:00\" \/>\n<meta name=\"twitter:card\" content=\"summary_large_image\" \/>\n<meta name=\"twitter:label1\" content=\"Szacowany czas czytania\" \/>\n\t<meta name=\"twitter:data1\" content=\"4 minuty\" \/>\n<!-- \/ Yoast SEO plugin. -->","yoast_head_json":{"title":"Umie\u015b\u0107 kana\u0142 na Instagramie na stronie na Facebooku - dodaj kana\u0142 na Instagramie w 2 minuty!","description":"Wypr\u00f3buj kart\u0119 premium na Instagramie dla osobistej lub biznesowej strony na Facebooku ju\u017c teraz za darmo! Zaprojektuj unikaln\u0105 zak\u0142adk\u0119 na Instagramie w Elfsight w ci\u0105gu minuty.","robots":{"index":"index","follow":"follow","max-snippet":"max-snippet:-1","max-image-preview":"max-image-preview:large","max-video-preview":"max-video-preview:-1"},"canonical":"https:\/\/elfsight.com\/pl\/instagram-feed-instashow\/facebook\/","og_locale":"pl_PL","og_type":"article","og_title":"Umie\u015b\u0107 kana\u0142 na Instagramie na stronie na Facebooku - dodaj kana\u0142 na Instagramie w 2 minuty!","og_description":"Wypr\u00f3buj kart\u0119 premium na Instagramie dla osobistej lub biznesowej strony na Facebooku ju\u017c teraz za darmo! Zaprojektuj unikaln\u0105 zak\u0142adk\u0119 na Instagramie w Elfsight w ci\u0105gu minuty.","og_url":"https:\/\/elfsight.com\/pl\/instagram-feed-instashow\/facebook\/","og_site_name":"Elfsight PL","article_modified_time":"2025-06-19T13:57:33+00:00","twitter_card":"summary_large_image","twitter_misc":{"Szacowany czas czytania":"4 minuty"},"schema":{"@context":"https:\/\/schema.org","@graph":[{"@type":"WebPage","@id":"https:\/\/elfsight.com\/pl\/instagram-feed-instashow\/facebook\/","url":"https:\/\/elfsight.com\/pl\/instagram-feed-instashow\/facebook\/","name":"Umie\u015b\u0107 kana\u0142 na Instagramie na stronie na Facebooku - dodaj kana\u0142 na Instagramie w 2 minuty!","isPartOf":{"@id":"https:\/\/elfsight.com\/pl\/#website"},"datePublished":"2024-05-03T06:39:28+00:00","dateModified":"2025-06-19T13:57:33+00:00","description":"Wypr\u00f3buj kart\u0119 premium na Instagramie dla osobistej lub biznesowej strony na Facebooku ju\u017c teraz za darmo! Zaprojektuj unikaln\u0105 zak\u0142adk\u0119 na Instagramie w Elfsight w ci\u0105gu minuty.","breadcrumb":{"@id":"https:\/\/elfsight.com\/pl\/instagram-feed-instashow\/facebook\/#breadcrumb"},"inLanguage":"pl-PL","potentialAction":[{"@type":"ReadAction","target":["https:\/\/elfsight.com\/pl\/instagram-feed-instashow\/facebook\/"]}]},{"@type":"BreadcrumbList","@id":"https:\/\/elfsight.com\/pl\/instagram-feed-instashow\/facebook\/#breadcrumb","itemListElement":[{"@type":"ListItem","position":1,"name":"Home","item":"https:\/\/elfsight.com\/pl\/"},{"@type":"ListItem","position":2,"name":"Instagram Feed","item":"https:\/\/elfsight.com\/pl\/instagram-feed-instashow\/"},{"@type":"ListItem","position":3,"name":"Instagram Feed &#8211; Facebook Page"}]},{"@type":"WebSite","@id":"https:\/\/elfsight.com\/pl\/#website","url":"https:\/\/elfsight.com\/pl\/","name":"Elfsight PL","description":"Just another Elfsight Sites site","potentialAction":[{"@type":"SearchAction","target":{"@type":"EntryPoint","urlTemplate":"https:\/\/elfsight.com\/pl\/?s={search_term_string}"},"query-input":{"@type":"PropertyValueSpecification","valueRequired":true,"valueName":"search_term_string"}}],"inLanguage":"pl-PL"}]}},"meta_box":{"industry":"","seo_heading":"","heading":"","description":"","cta_heading":"","cta_description":"","application":"594","h1":"Karta Kana\u0142 na Instagramie dla strony na Facebooku","h1_caption":"Dodawaj posty ze swojego konta na Instagramie lub za pomoc\u0105 hashtagu, zapewniaj\u0105c najlepszy spos\u00f3b na \u0142atwe zaprezentowanie dynamicznego kana\u0142u Instagram w Twojej witrynie na stronie na Facebooku.","application_category":[],"applications_title":"","applications_request_title":"","applications_request_button_text":"","hero_text":"","hero_video":"","hero_video_schema_markup":"","selling_points_title":"","selling_points_caption":"","selling_points":[],"selling_points_cta_text":"","features_title":"","features":"","ed_cta_examples_text":"","ed_cta_examples_hidden":"","ed_cta_demo_text":"","ed_cta_demo_hidden":"","why_caption":"","why_editor_title":"","why_editor_text":"","why_team_title":"","why_team_text":"","why_service_title":"","why_service_text":"","template_catalog_visible":"0","template_catalog_title":"","template_catalog_text":"","template_catalog_categories_visible":"","demo_title":"Utw\u00f3rz wid\u017cet kana\u0142u na Instagramie","demo_caption":"Skonfiguruj sw\u00f3j kana\u0142 na Instagramie i dodaj go za darmo do swojej strony na Facebooku!","default_faq_hidden":"","app_template_category":[],"platform":"319","template_public_id":"","codecanyon_url":"","codecanyon_item_id":"","codecanyon_price":"","pricing_caption":"","pricing_elfsight_apps_hide_column":"","pricing_elfsight_apps_url":"","pricing_codecanyon_price_caption":"","integration_category":[],"integration_request_title":"","integration_request_cta":"","integration_platform":"","integrations":[],"platform_category":[],"video_schema_markup":"","price":"od 0 USD \/ miesi\u0105c","trial":"","benefits":[{"text":"Bezp\u0142atna pomoc w monta\u017cu"},{"text":"Wyj\u0105tkowe wsparcie"},{"text":"Do\u017cywotnie bezp\u0142atne ulepszenia"}],"button_url":"#demo","button_target_blank":"0","button_nofollow":"0","attributes":[{"name":"Instaluje"},{"name":"Reakcja na co\u015b"},{"name":"Kompatybilne przegl\u0105darki"}],"tags":[],"tags_disable_links":"0","hide_more_platforms":"0","video_object":"","demo_hide_cta":"0","demo_hide_cloud_options":"0","pricing_title":"","pricing":[{"pricing_icon":"platform","pricing_title":"Elfsight Apps","pricing_title_caption":"Oprogramowanie wieloplatformowe, kt\u00f3re dzia\u0142a na dowolnej stronie internetowej","pricing_price":"od 0 USD \/ miesi\u0105c","pricing_price_caption":"zacznij od bezp\u0142atnego planu","pricing_benefits":[{"text":"Nielimitowane strony internetowe"},{"text":"Profesjonalne wsparcie firmy"},{"text":"Bezp\u0142atna us\u0142uga monta\u017cu"},{"text":"Elastyczny projekt"}],"pricing_button_text":"Dodaj do witryny","pricing_button_url":"#demo"}],"related_apps_title":"","related_apps_hidden":"0","author":"","image":[],"title":"","job":"","social_networks":[]},"_links":{"self":[{"href":"https:\/\/elfsight.com\/pl\/wp-json\/wp\/v2\/pages\/5485","targetHints":{"allow":["GET"]}}],"collection":[{"href":"https:\/\/elfsight.com\/pl\/wp-json\/wp\/v2\/pages"}],"about":[{"href":"https:\/\/elfsight.com\/pl\/wp-json\/wp\/v2\/types\/page"}],"author":[{"embeddable":true,"href":"https:\/\/elfsight.com\/pl\/wp-json\/wp\/v2\/users\/9"}],"replies":[{"embeddable":true,"href":"https:\/\/elfsight.com\/pl\/wp-json\/wp\/v2\/comments?post=5485"}],"version-history":[{"count":2,"href":"https:\/\/elfsight.com\/pl\/wp-json\/wp\/v2\/pages\/5485\/revisions"}],"predecessor-version":[{"id":10130,"href":"https:\/\/elfsight.com\/pl\/wp-json\/wp\/v2\/pages\/5485\/revisions\/10130"}],"up":[{"embeddable":true,"href":"https:\/\/elfsight.com\/pl\/wp-json\/wp\/v2\/pages\/614"}],"wp:attachment":[{"href":"https:\/\/elfsight.com\/pl\/wp-json\/wp\/v2\/media?parent=5485"}],"curies":[{"name":"wp","href":"https:\/\/api.w.org\/{rel}","templated":true}]}}