{"id":5480,"date":"2024-05-03T06:39:27","date_gmt":"2024-05-03T06:39:27","guid":{"rendered":"https:\/\/elfsight.com\/pl\/?page_id=5480"},"modified":"2025-01-23T19:00:02","modified_gmt":"2025-01-23T19:00:02","slug":"woocommerce","status":"publish","type":"page","link":"https:\/\/elfsight.com\/pl\/instagram-feed-instashow\/woocommerce\/","title":{"rendered":"Instagram Feed &#8211; WooCommerce"},"content":{"rendered":"<div class=\"application-platform-content-item-description application-platform-content-item\" id=\"description\" data-nav-section=\"description\"><h2>Opis<\/h2><p>InstaShow to doskona\u0142a wtyczka do Instagrama, kt\u00f3ra umo\u017cliwia tworzenie wspania\u0142ych kolekcji zdj\u0119\u0107 i klip\u00f3w wideo. Ogromna ilo\u015b\u0107 wariant\u00f3w indywidualnych ustawie\u0144 w\u0142asnego profilu: wszystkie rodzaje \u017ar\u00f3de\u0142, premoderacja post\u00f3w, ponad 60 regulowanych warto\u015bci i 10 schemat\u00f3w projektowania oraz 100% dostosowania do r\u00f3\u017cnych rozdzielczo\u015bci.<\/p><p><b> Zastosuj w pe\u0142ni responsywn\u0105 i por\u0119czn\u0105 wtyczk\u0119 do Instagrama, aby jednym rzutem oka wzbudzi\u0107 zainteresowanie os\u00f3b przegl\u0105daj\u0105cych Twoj\u0105 witryn\u0119.<\/b><\/p><\/div> <div class=\"application-platform-content-item-features application-platform-content-item\" id=\"features\" data-nav-section=\"features\"><h2>Sprawd\u017a list\u0119 najwa\u017cniejsze funkcje:<\/h2><ul><li>Podw\u00f3jny indeks transakcji;<\/li><li>Nowi subskrybenci na Instagramie;<\/li><li>G\u0142\u0119bsze zaanga\u017cowanie u\u017cytkownik\u00f3w.<\/li><\/ul><p><a href=\"#demo\">Pe\u0142ne mo\u017cliwo\u015bci wid\u017cetu mo\u017cesz sprawdzi\u0107 w poni\u017cszej wersji demonstracyjnej<\/a><\/p><\/div><div class=\"application-platform-content-item-installation application-platform-content-item\" id=\"installation\" data-nav-section=\"installation\"><h2> Jak mog\u0119 doda\u0107 kana\u0142 Instagram do mojej strony internetowej WooCommerce?<\/h2><p>Wystarczy wykona\u0107 poni\u017csze kroki, aby wstawi\u0107 wtyczk\u0119.<\/p><ol><li><b>Skorzystaj z naszego bezp\u0142atnego konfiguratora i rozpocznij tworzenie sw\u00f3j spersonalizowany instrument.<\/b><br>Znajd\u017a preferowany uk\u0142ad i opcje wid\u017cetu i zapisz modyfikacje.<\/li><li><b>Wy\u015bwietl sw\u00f3j osobisty kod w specjalnym formularzu w aplikacjach Elfsight.<\/b><br>Gdy tylko tworzenie Twojego osobistego wid\u017cetu zostanie zako\u0144czone, skopiuj indywidualny kod z wy\u015bwietlonego pola i zapisz go do dalszego wykorzystania.<\/li><li><b>Rozpocznij korzystanie z wtyczki na Strona g\u0142\u00f3wna WooCommerce.<\/b><br>Osad\u017a ostatnio zapisany kod w swojej witrynie i zastosuj zmiany.<\/li><li><b>Konfiguracja zosta\u0142a zako\u0144czona.<\/b><br>Odwied\u017a swoj\u0105 witryn\u0119, aby sprawd\u017a dzia\u0142anie wtyczki.<\/li><\/ol><p>W przypadku napotkania jakichkolwiek trudno\u015bci prosimy o kontakt z naszym dzia\u0142em wsparcia. Nasi konsultanci ch\u0119tnie odpowiedz\u0105 na wszystkie Twoje pytania dotycz\u0105ce wid\u017cetu.<\/p><\/div><div class=\"faq\" data-component=\"FAQ\"><div class=\"faq-item\">\r\n\t\t\t\t\t<div class=\"faq-item-question\">\r\n\t\t\t\t\t\t<h3 class=\"faq-item-question-text\"><\/h3>\r\n\r\n\t\t\t\t\t\t<div class=\"faq-item-question-icon\"><\/div>\r\n\t\t\t\t\t<\/div>\r\n\r\n\t\t\t\t\t<div class=\"faq-item-answer\">\r\n\t\t\t\t\t\t<div class=\"faq-item-answer-text\"><ol><p>W\u0142\u0105czenie kana\u0142u Instagram do sklepu WooCommerce to doskona\u0142y spos\u00f3b na zaprezentowanie najnowszych post\u00f3w i zwi\u0119kszenie zaanga\u017cowania u\u017cytkownik\u00f3w.<\/p><ol><li>Aby osadzi\u0107 Elfsight <a href=\"\/\/elfsight.com\/blog\/how-to-embed-instagram-feed-on-website\/\">Kana\u0142 na Instagramie<\/a> za darmo w WooCommerce, przejd\u017a do witryny Elfsight i zarejestruj si\u0119, aby uzyska\u0107 bezp\u0142atny konto.<\/li><li>Wykorzystaj mo\u017cliwo\u015bci bezp\u0142atnego wid\u017cetu Instagram, dostosowuj\u0105c jego wygl\u0105d i ustawienia do wygl\u0105du sklepu WooCommerce.<\/li><li>Po bezp\u0142atnym dostosowaniu kana\u0142u Instagram po prostu skopiuj unikalny kod do osadzenia i wstaw go w wybrane miejsce w plikach motywu sklepu WooCommerce.<\/li><\/ol><p>Integruj\u0105c kana\u0142 Instagram ze swoim sklepem WooCommerce, poprawisz jego atrakcyjno\u015b\u0107 wizualn\u0105 i zach\u0119cisz sta\u0142ych u\u017cytkownik\u00f3w interakcja. Poznaj zalety wid\u017cetu Elfsight Instagram bez ponoszenia \u017cadnych dodatkowych koszt\u00f3w!<\/p><\/ol><\/div>\r\n\t\t\t\t\t<\/div>\r\n\t\t\t\t<\/div><\/div>","protected":false},"excerpt":{"rendered":"","protected":false},"author":9,"featured_media":0,"parent":614,"menu_order":0,"comment_status":"closed","ping_status":"closed","template":"templates\/template-application-platform.php","meta":{"publish_to_discourse":"","publish_post_category":"","wpdc_auto_publish_overridden":"","wpdc_topic_tags":"","wpdc_pin_topic":"","wpdc_pin_until":"","discourse_post_id":"","discourse_permalink":"","wpdc_publishing_response":"","wpdc_publishing_error":"","footnotes":""},"class_list":["post-5480","page","type-page","status-publish","hentry"],"yoast_head":"<!-- This site is optimized with the Yoast SEO plugin v25.3.1 - https:\/\/yoast.com\/wordpress\/plugins\/seo\/ -->\n<title>Wtyczka WooCommerce Instagram Feed dla Twojej witryny (2025)<\/title>\n<meta name=\"description\" content=\"Przetestuj premium wtyczk\u0119 Instagram Feed dla witryny WooCommerce ju\u017c teraz! Wygeneruj osobist\u0105, responsywn\u0105 wtyczk\u0119 do Instagrama na Elfsight w zaledwie 3 minuty.\" \/>\n<meta name=\"robots\" content=\"index, follow, max-snippet:-1, max-image-preview:large, max-video-preview:-1\" \/>\n<link rel=\"canonical\" href=\"https:\/\/elfsight.com\/pl\/instagram-feed-instashow\/woocommerce\/\" \/>\n<meta property=\"og:locale\" content=\"pl_PL\" \/>\n<meta property=\"og:type\" content=\"article\" \/>\n<meta property=\"og:title\" content=\"Wtyczka WooCommerce Instagram Feed dla Twojej witryny (2025)\" \/>\n<meta property=\"og:description\" content=\"Przetestuj premium wtyczk\u0119 Instagram Feed dla witryny WooCommerce ju\u017c teraz! Wygeneruj osobist\u0105, responsywn\u0105 wtyczk\u0119 do Instagrama na Elfsight w zaledwie 3 minuty.\" \/>\n<meta property=\"og:url\" content=\"https:\/\/elfsight.com\/pl\/instagram-feed-instashow\/woocommerce\/\" \/>\n<meta property=\"og:site_name\" content=\"Elfsight PL\" \/>\n<meta property=\"article:modified_time\" content=\"2025-01-23T19:00:02+00:00\" \/>\n<meta name=\"twitter:card\" content=\"summary_large_image\" \/>\n<meta name=\"twitter:label1\" content=\"Szacowany czas czytania\" \/>\n\t<meta name=\"twitter:data1\" content=\"2 minuty\" \/>\n<!-- \/ Yoast SEO plugin. -->","yoast_head_json":{"title":"Wtyczka WooCommerce Instagram Feed dla Twojej witryny (2025)","description":"Przetestuj premium wtyczk\u0119 Instagram Feed dla witryny WooCommerce ju\u017c teraz! Wygeneruj osobist\u0105, responsywn\u0105 wtyczk\u0119 do Instagrama na Elfsight w zaledwie 3 minuty.","robots":{"index":"index","follow":"follow","max-snippet":"max-snippet:-1","max-image-preview":"max-image-preview:large","max-video-preview":"max-video-preview:-1"},"canonical":"https:\/\/elfsight.com\/pl\/instagram-feed-instashow\/woocommerce\/","og_locale":"pl_PL","og_type":"article","og_title":"Wtyczka WooCommerce Instagram Feed dla Twojej witryny (2025)","og_description":"Przetestuj premium wtyczk\u0119 Instagram Feed dla witryny WooCommerce ju\u017c teraz! Wygeneruj osobist\u0105, responsywn\u0105 wtyczk\u0119 do Instagrama na Elfsight w zaledwie 3 minuty.","og_url":"https:\/\/elfsight.com\/pl\/instagram-feed-instashow\/woocommerce\/","og_site_name":"Elfsight PL","article_modified_time":"2025-01-23T19:00:02+00:00","twitter_card":"summary_large_image","twitter_misc":{"Szacowany czas czytania":"2 minuty"},"schema":{"@context":"https:\/\/schema.org","@graph":[{"@type":"WebPage","@id":"https:\/\/elfsight.com\/pl\/instagram-feed-instashow\/woocommerce\/","url":"https:\/\/elfsight.com\/pl\/instagram-feed-instashow\/woocommerce\/","name":"Wtyczka WooCommerce Instagram Feed dla Twojej witryny (2025)","isPartOf":{"@id":"https:\/\/elfsight.com\/pl\/#website"},"datePublished":"2024-05-03T06:39:27+00:00","dateModified":"2025-01-23T19:00:02+00:00","description":"Przetestuj premium wtyczk\u0119 Instagram Feed dla witryny WooCommerce ju\u017c teraz! Wygeneruj osobist\u0105, responsywn\u0105 wtyczk\u0119 do Instagrama na Elfsight w zaledwie 3 minuty.","breadcrumb":{"@id":"https:\/\/elfsight.com\/pl\/instagram-feed-instashow\/woocommerce\/#breadcrumb"},"inLanguage":"pl-PL","potentialAction":[{"@type":"ReadAction","target":["https:\/\/elfsight.com\/pl\/instagram-feed-instashow\/woocommerce\/"]}]},{"@type":"BreadcrumbList","@id":"https:\/\/elfsight.com\/pl\/instagram-feed-instashow\/woocommerce\/#breadcrumb","itemListElement":[{"@type":"ListItem","position":1,"name":"Home","item":"https:\/\/elfsight.com\/pl\/"},{"@type":"ListItem","position":2,"name":"Instagram Feed","item":"https:\/\/elfsight.com\/pl\/instagram-feed-instashow\/"},{"@type":"ListItem","position":3,"name":"Instagram Feed &#8211; WooCommerce"}]},{"@type":"WebSite","@id":"https:\/\/elfsight.com\/pl\/#website","url":"https:\/\/elfsight.com\/pl\/","name":"Elfsight PL","description":"Just another Elfsight Sites site","potentialAction":[{"@type":"SearchAction","target":{"@type":"EntryPoint","urlTemplate":"https:\/\/elfsight.com\/pl\/?s={search_term_string}"},"query-input":{"@type":"PropertyValueSpecification","valueRequired":true,"valueName":"search_term_string"}}],"inLanguage":"pl-PL"}]}},"meta_box":{"industry":"","seo_heading":"","heading":"","description":"","cta_heading":"","cta_description":"","application":"594","h1":"Wtyczka kana\u0142u WooCommerce na Instagramie","h1_caption":"Dodawaj posty ze swojego konta na Instagramie lub za pomoc\u0105 hashtagu, zapewniaj\u0105c najlepszy spos\u00f3b na bezproblemowe zaprezentowanie dynamicznego kana\u0142u Instagram na swojej stronie internetowej w witrynie WooCommerce.","application_category":[],"applications_title":"","applications_request_title":"","applications_request_button_text":"","hero_text":"","hero_video":"","hero_video_schema_markup":"","selling_points_title":"","selling_points_caption":"","selling_points":[],"selling_points_cta_text":"","features_title":"","features":"","ed_cta_examples_text":"","ed_cta_examples_hidden":"","ed_cta_demo_text":"","ed_cta_demo_hidden":"","why_caption":"","why_editor_title":"","why_editor_text":"","why_team_title":"","why_team_text":"","why_service_title":"","why_service_text":"","template_catalog_visible":"0","template_catalog_title":"","template_catalog_text":"","template_catalog_categories_visible":"","demo_title":"Utw\u00f3rz aplikacj\u0119 do obs\u0142ugi kana\u0142\u00f3w na Instagramie","demo_caption":"Skonfiguruj sw\u00f3j kana\u0142 na Instagramie i dodaj go do swojej witryny WooCommerce za darmo!","default_faq_hidden":"","app_template_category":[],"platform":"335","template_public_id":"","codecanyon_url":"","codecanyon_item_id":"","codecanyon_price":"","pricing_caption":"","pricing_elfsight_apps_hide_column":"","pricing_elfsight_apps_url":"","pricing_codecanyon_price_caption":"","integration_category":[],"integration_request_title":"","integration_request_cta":"","integration_platform":"","integrations":[],"platform_category":[],"video_schema_markup":"","price":"od 0 USD \/ miesi\u0105c","trial":"","benefits":[{"text":"Bezp\u0142atna pomoc w monta\u017cu"},{"text":"Skuteczna obs\u0142uga klienta"},{"text":"14-dniowa gwarancja zwrotu pieni\u0119dzy"}],"button_url":"#demo","button_target_blank":"0","button_nofollow":"0","attributes":[{"name":"Instaluje"},{"name":"Czu\u0142y"},{"name":"Kompatybilne przegl\u0105darki"}],"tags":[],"tags_disable_links":"0","hide_more_platforms":"","video_object":"","demo_hide_cta":"0","demo_hide_cloud_options":"0","pricing_title":"","pricing":[{"pricing_icon":"platform","pricing_title":"Elfsight Apps","pricing_title_caption":"Wersja niezale\u017cna od platformy, kt\u00f3ra dzia\u0142a na ka\u017cdej stronie","pricing_price":"od 0 USD \/ miesi\u0105c","pricing_price_caption":"zacznij od bezp\u0142atnego planu","pricing_benefits":[{"text":"Nielimitowane strony internetowe"},{"text":"Profesjonalne i terminowe wsparcie"},{"text":"Bezp\u0142atna us\u0142uga monta\u017cu"},{"text":"Elastyczny projekt"}],"pricing_button_text":"Dodaj do witryny","pricing_button_url":"#demo"}],"related_apps_title":"","related_apps_hidden":"0","author":"","image":[],"title":"","job":"","social_networks":[]},"_links":{"self":[{"href":"https:\/\/elfsight.com\/pl\/wp-json\/wp\/v2\/pages\/5480","targetHints":{"allow":["GET"]}}],"collection":[{"href":"https:\/\/elfsight.com\/pl\/wp-json\/wp\/v2\/pages"}],"about":[{"href":"https:\/\/elfsight.com\/pl\/wp-json\/wp\/v2\/types\/page"}],"author":[{"embeddable":true,"href":"https:\/\/elfsight.com\/pl\/wp-json\/wp\/v2\/users\/9"}],"replies":[{"embeddable":true,"href":"https:\/\/elfsight.com\/pl\/wp-json\/wp\/v2\/comments?post=5480"}],"version-history":[{"count":2,"href":"https:\/\/elfsight.com\/pl\/wp-json\/wp\/v2\/pages\/5480\/revisions"}],"predecessor-version":[{"id":9780,"href":"https:\/\/elfsight.com\/pl\/wp-json\/wp\/v2\/pages\/5480\/revisions\/9780"}],"up":[{"embeddable":true,"href":"https:\/\/elfsight.com\/pl\/wp-json\/wp\/v2\/pages\/614"}],"wp:attachment":[{"href":"https:\/\/elfsight.com\/pl\/wp-json\/wp\/v2\/media?parent=5480"}],"curies":[{"name":"wp","href":"https:\/\/api.w.org\/{rel}","templated":true}]}}