{"id":5478,"date":"2024-05-03T06:39:25","date_gmt":"2024-05-03T06:39:25","guid":{"rendered":"https:\/\/elfsight.com\/pl\/?page_id=5478"},"modified":"2025-01-24T13:10:04","modified_gmt":"2025-01-24T13:10:04","slug":"google-sites","status":"publish","type":"page","link":"https:\/\/elfsight.com\/pl\/instagram-feed-instashow\/google-sites\/","title":{"rendered":"Instagram Feed &#8211; Google Sites"},"content":{"rendered":"<div class=\"application-platform-content-item-description application-platform-content-item\" id=\"description\" data-nav-section=\"description\"><h2>Umie\u015b\u0107 Instagram w Witrynach Google za pomoc\u0105 wid\u017cetu Elfsight<\/h2> <p>InstaShow to pot\u0119\u017cna wtyczka do Instagrama, kt\u00f3ra umo\u017cliwia generowanie kusz\u0105cych galerie ze zdj\u0119\u0107 i film\u00f3w na Instagramie. Niesko\u0144czona liczba wariant\u00f3w ustawie\u0144 Twojego osobistego profilu: wszelkiego rodzaju \u017ar\u00f3d\u0142a, filtry kana\u0142\u00f3w, ponad 60 regulowanych warto\u015bci i 10 schemat\u00f3w kolor\u00f3w, w pe\u0142ni dostosowuj\u0105ce si\u0119 do r\u00f3\u017cnych rozmiar\u00f3w ekranu. U\u017cyj ca\u0142kowicie responsywnej i por\u0119cznej wtyczki, aby natychmiast przyci\u0105gn\u0105\u0107 odwiedzaj\u0105cych Twoj\u0105 witryn\u0119.<\/p> <p><b>Zwi\u0119ksz skuteczno\u015b\u0107 swojej witryny w celach e-commerce za pomoc\u0105 kana\u0142u na Instagramie<\/b><\/p><div class=\"faq\" data-component=\"FAQ\"><div class=\"faq-item\">\r\n\t\t\t\t\t<div class=\"faq-item-question\">\r\n\t\t\t\t\t\t<h3 class=\"faq-item-question-text\">Czy mog\u0119 przetestowa\u0107 wid\u017cet Instagram Feed w dzia\u0142aniu?<\/h3>\r\n\r\n\t\t\t\t\t\t<div class=\"faq-item-question-icon\"><\/div>\r\n\t\t\t\t\t<\/div>\r\n\r\n\t\t\t\t\t<div class=\"faq-item-answer\">\r\n\t\t\t\t\t\t<div class=\"faq-item-answer-text\"> <p>Tak, masz t\u0119 opcj\u0119 nawet bez rejestracji! Istnieje mo\u017cliwo\u015b\u0107 wizualnego przetestowania wszystkich funkcji wid\u017cetu w <a href=\"#demo\">demo<\/a>. Co wi\u0119cej, mo\u017cesz za darmo osadzi\u0107 kana\u0142 Instagrama w Witrynach Google i zobaczy\u0107 jego dzia\u0142anie za darmo.<\/p><\/div>\r\n\t\t\t\t\t<\/div>\r\n\t\t\t\t<\/div><div class=\"faq-item\">\r\n\t\t\t\t\t<div class=\"faq-item-question\">\r\n\t\t\t\t\t\t<h3 class=\"faq-item-question-text\">Jak bezp\u0142atnie osadzi\u0107 kana\u0142 Instagrama w Witrynach Google?<\/h3>\r\n\r\n\t\t\t\t\t\t<div class=\"faq-item-question-icon\"><\/div>\r\n\t\t\t\t\t<\/div>\r\n\r\n\t\t\t\t\t<div class=\"faq-item-answer\">\r\n\t\t\t\t\t\t<div class=\"faq-item-answer-text\"><ol><p>Zintegrowanie kana\u0142u Instagram ze swoj\u0105 stron\u0105 internetow\u0105 to \u015bwietny spos\u00f3b na zaprezentowanie najnowszych post\u00f3w i utrzymanie zainteresowania odwiedzaj\u0105cych.<\/p><ol><li>Aby <a href=\"https:\/\/elfsight.com\/blog\/how-to-embed-instagram-feed-on-website\/\">umie\u015b\u0107 kana\u0142 Elfsight na Instagramie<\/a> bezp\u0142atnie w Witrynach Google, odwied\u017a witryn\u0119 Elfsight i zarejestruj konto bezp\u0142atne.<\/li><li>Wykorzystaj w pe\u0142ni darmowy widget Instagrama, dostosowuj\u0105c jego wygl\u0105d i ustawienia tak, aby pasowa\u0142y do \u200b\u200bprojektu strony w Witrynach Google.<\/li><li>Po bezp\u0142atnej optymalizacji kana\u0142u Instagram skopiuj charakterystyczny kod do umieszczenia na stronie i wklej go do kodu HTML strony w Witrynach Google, na kt\u00f3rej chcesz wy\u015bwietla\u0107 kana\u0142.<\/li><\/ol><p>Umieszczaj\u0105c kana\u0142 Instagram na swojej stronie w Witrynach Google, zwi\u0119kszysz jego atrakcyjno\u015b\u0107 wizualn\u0105 i utrzymasz sta\u0142e zaanga\u017cowanie odwiedzaj\u0105cych . Korzystaj z zalet wid\u017cetu Elfsight Instagram bez \u017cadnych inwestycji finansowych!<\/p><\/ol><\/div>\r\n\t\t\t\t\t<\/div>\r\n\t\t\t\t<\/div><\/div><\/div> <div class=\"application-platform-content-item-features application-platform-content-item\" id=\"features\" data-nav-section=\"features\"> <h2>G\u0142\u00f3wne funkcje wtyczki Instagram Feed <\/h2><p>Oferujemy wydajne i szybkie funkcje, zobacz niekt\u00f3re z nich: <\/p> <ul><li>2 gotowe do u\u017cycia uk\u0142ady kana\u0142\u00f3w: suwak i siatka<\/li><li>2 posty szablony: kafelkowe i klasyczne<\/li><li>Regulowana liczba kolumn i wierszy<\/li><li>R\u00f3\u017cne ustawienia post\u00f3w za pomoc\u0105 element\u00f3w postu i element\u00f3w wyskakuj\u0105cych<\/li><li>Strza\u0142ki, przeci\u0105ganie i nawigacja po slajdach&lt;\/li <\/ul><p><a href=\"#demo\">Wystarczy sprawdzi\u0107 t\u0119 wersj\u0119 demonstracyjn\u0105, aby zobaczy\u0107, jak dzia\u0142a<\/a><\/p> <\/div> <div class=\"application-platform-content-item-installation application-platform-content-item\" id=\"installation\" data-nav-section=\"installation\"> <h2>Jak czy mog\u0119 doda\u0107 kana\u0142 Instagram do moich Witryn Google? <\/h2><div class=\"video-container\"><iframe width=\"720\" height=\"405\" src=\"https:\/\/www.youtube.com\/embed\/Z6pDxg1SqLg\" frameborder=\"0\" allowfullscreen=\"\"><\/iframe><\/div><p>Wystarczy wykona\u0107 poni\u017csze kroki, aby rozpocz\u0105\u0107 prac\u0119 z narz\u0119dziem. <\/p> <ol><li><b>Uruchom nasze bezp\u0142atne demo i zacznij tworzy\u0107 w\u0142asny instrument. <\/b><br> Okre\u015bl odpowiedni wygl\u0105d i aspekty wtyczki i zapisz poprawki. <\/li> <li><b>Odbierz sw\u00f3j osobisty kod widoczny w pude\u0142ku w aplikacjach Elfsight. <\/b><br> Zaraz po wygenerowaniu narz\u0119dzia skopiuj kod osobisty z wy\u015bwietlonego pola i zapisz go do dalszego wykorzystania. <\/li> <li><b>Zacznij u\u017cywa\u0107 wtyczki na swojej stronie internetowej Witryn Google. <\/b><br> Dodaj wcze\u015bniej zapisany kod do swojej strony g\u0142\u00f3wnej i zapisz zmiany. <\/li> <li><b>Gotowe! Osadzanie zosta\u0142o ca\u0142kowicie zako\u0144czone. <\/b><br> Odwied\u017a swoj\u0105 stron\u0119, aby zobaczy\u0107 w akcji, jak dzia\u0142a widget. <\/li><\/ol> <div class=\"tip-yellow tip\"><b>Ze wzgl\u0119du na specyfik\u0119 dzia\u0142ania Witryn Google wid\u017cet mo\u017ce wygl\u0105da\u0107 inaczej ni\u017c wersja demonstracyjna online. Przepraszamy za wszelkie niedogodno\u015bci.<\/b><\/div><p>Je\u015bli masz pytania lub pokonasz przeszkody, skontaktuj si\u0119 z naszym zespo\u0142em pomocy. Nasi konsultanci z przyjemno\u015bci\u0105 odpowiedz\u0105 na wszystkie pytania dotycz\u0105ce tego narz\u0119dzia. <\/p> <\/div>","protected":false},"excerpt":{"rendered":"","protected":false},"author":9,"featured_media":0,"parent":614,"menu_order":0,"comment_status":"closed","ping_status":"closed","template":"templates\/template-application-platform.php","meta":{"publish_to_discourse":"","publish_post_category":"","wpdc_auto_publish_overridden":"","wpdc_topic_tags":"","wpdc_pin_topic":"","wpdc_pin_until":"","discourse_post_id":"","discourse_permalink":"","wpdc_publishing_response":"","wpdc_publishing_error":"","footnotes":""},"class_list":["post-5478","page","type-page","status-publish","hentry"],"yoast_head":"<!-- This site is optimized with the Yoast SEO plugin v25.3.1 - https:\/\/yoast.com\/wordpress\/plugins\/seo\/ -->\n<title>Umie\u015b\u0107 kana\u0142 Instagram w Witrynach Google - dodaj kana\u0142 Instagram w 2 minuty!<\/title>\n<meta name=\"description\" content=\"Zaimplementuj responsywn\u0105 wtyczk\u0119 Instagram Feed w swojej witrynie Google Sites i zdob\u0105d\u017a pe\u0142ne zaufanie. Skorzystaj z wersji demonstracyjnej Elfsight, aby zbudowa\u0107 swoj\u0105 unikaln\u0105 funkcj\u0119.\" \/>\n<meta name=\"robots\" content=\"index, follow, max-snippet:-1, max-image-preview:large, max-video-preview:-1\" \/>\n<link rel=\"canonical\" href=\"https:\/\/elfsight.com\/pl\/instagram-feed-instashow\/google-sites\/\" \/>\n<meta property=\"og:locale\" content=\"pl_PL\" \/>\n<meta property=\"og:type\" content=\"article\" \/>\n<meta property=\"og:title\" content=\"Umie\u015b\u0107 kana\u0142 Instagram w Witrynach Google - dodaj kana\u0142 Instagram w 2 minuty!\" \/>\n<meta property=\"og:description\" content=\"Zaimplementuj responsywn\u0105 wtyczk\u0119 Instagram Feed w swojej witrynie Google Sites i zdob\u0105d\u017a pe\u0142ne zaufanie. Skorzystaj z wersji demonstracyjnej Elfsight, aby zbudowa\u0107 swoj\u0105 unikaln\u0105 funkcj\u0119.\" \/>\n<meta property=\"og:url\" content=\"https:\/\/elfsight.com\/pl\/instagram-feed-instashow\/google-sites\/\" \/>\n<meta property=\"og:site_name\" content=\"Elfsight PL\" \/>\n<meta property=\"article:modified_time\" content=\"2025-01-24T13:10:04+00:00\" \/>\n<meta name=\"twitter:card\" content=\"summary_large_image\" \/>\n<meta name=\"twitter:label1\" content=\"Szacowany czas czytania\" \/>\n\t<meta name=\"twitter:data1\" content=\"3 minuty\" \/>\n<!-- \/ Yoast SEO plugin. -->","yoast_head_json":{"title":"Umie\u015b\u0107 kana\u0142 Instagram w Witrynach Google - dodaj kana\u0142 Instagram w 2 minuty!","description":"Zaimplementuj responsywn\u0105 wtyczk\u0119 Instagram Feed w swojej witrynie Google Sites i zdob\u0105d\u017a pe\u0142ne zaufanie. Skorzystaj z wersji demonstracyjnej Elfsight, aby zbudowa\u0107 swoj\u0105 unikaln\u0105 funkcj\u0119.","robots":{"index":"index","follow":"follow","max-snippet":"max-snippet:-1","max-image-preview":"max-image-preview:large","max-video-preview":"max-video-preview:-1"},"canonical":"https:\/\/elfsight.com\/pl\/instagram-feed-instashow\/google-sites\/","og_locale":"pl_PL","og_type":"article","og_title":"Umie\u015b\u0107 kana\u0142 Instagram w Witrynach Google - dodaj kana\u0142 Instagram w 2 minuty!","og_description":"Zaimplementuj responsywn\u0105 wtyczk\u0119 Instagram Feed w swojej witrynie Google Sites i zdob\u0105d\u017a pe\u0142ne zaufanie. Skorzystaj z wersji demonstracyjnej Elfsight, aby zbudowa\u0107 swoj\u0105 unikaln\u0105 funkcj\u0119.","og_url":"https:\/\/elfsight.com\/pl\/instagram-feed-instashow\/google-sites\/","og_site_name":"Elfsight PL","article_modified_time":"2025-01-24T13:10:04+00:00","twitter_card":"summary_large_image","twitter_misc":{"Szacowany czas czytania":"3 minuty"},"schema":{"@context":"https:\/\/schema.org","@graph":[{"@type":"WebPage","@id":"https:\/\/elfsight.com\/pl\/instagram-feed-instashow\/google-sites\/","url":"https:\/\/elfsight.com\/pl\/instagram-feed-instashow\/google-sites\/","name":"Umie\u015b\u0107 kana\u0142 Instagram w Witrynach Google - dodaj kana\u0142 Instagram w 2 minuty!","isPartOf":{"@id":"https:\/\/elfsight.com\/pl\/#website"},"datePublished":"2024-05-03T06:39:25+00:00","dateModified":"2025-01-24T13:10:04+00:00","description":"Zaimplementuj responsywn\u0105 wtyczk\u0119 Instagram Feed w swojej witrynie Google Sites i zdob\u0105d\u017a pe\u0142ne zaufanie. Skorzystaj z wersji demonstracyjnej Elfsight, aby zbudowa\u0107 swoj\u0105 unikaln\u0105 funkcj\u0119.","breadcrumb":{"@id":"https:\/\/elfsight.com\/pl\/instagram-feed-instashow\/google-sites\/#breadcrumb"},"inLanguage":"pl-PL","potentialAction":[{"@type":"ReadAction","target":["https:\/\/elfsight.com\/pl\/instagram-feed-instashow\/google-sites\/"]}]},{"@type":"BreadcrumbList","@id":"https:\/\/elfsight.com\/pl\/instagram-feed-instashow\/google-sites\/#breadcrumb","itemListElement":[{"@type":"ListItem","position":1,"name":"Home","item":"https:\/\/elfsight.com\/pl\/"},{"@type":"ListItem","position":2,"name":"Instagram Feed","item":"https:\/\/elfsight.com\/pl\/instagram-feed-instashow\/"},{"@type":"ListItem","position":3,"name":"Instagram Feed &#8211; Google Sites"}]},{"@type":"WebSite","@id":"https:\/\/elfsight.com\/pl\/#website","url":"https:\/\/elfsight.com\/pl\/","name":"Elfsight PL","description":"Just another Elfsight Sites site","potentialAction":[{"@type":"SearchAction","target":{"@type":"EntryPoint","urlTemplate":"https:\/\/elfsight.com\/pl\/?s={search_term_string}"},"query-input":{"@type":"PropertyValueSpecification","valueRequired":true,"valueName":"search_term_string"}}],"inLanguage":"pl-PL"}]}},"meta_box":{"industry":"","seo_heading":"","heading":"","description":"","cta_heading":"","cta_description":"","application":"594","h1":"Wid\u017cet kana\u0142u Instagram w Witrynach Google","h1_caption":"Dodawaj posty ze swojego konta na Instagramie lub za pomoc\u0105 hashtagu, zapewniaj\u0105c najlepszy spos\u00f3b na bezproblemowe zaprezentowanie dynamicznego kana\u0142u Instagram w Twojej witrynie w Witrynach Google.","application_category":[],"applications_title":"","applications_request_title":"","applications_request_button_text":"","hero_text":"","hero_video":"","hero_video_schema_markup":"","selling_points_title":"","selling_points_caption":"","selling_points":[],"selling_points_cta_text":"","features_title":"","features":"","ed_cta_examples_text":"","ed_cta_examples_hidden":"","ed_cta_demo_text":"","ed_cta_demo_hidden":"","why_caption":"","why_editor_title":"","why_editor_text":"","why_team_title":"","why_team_text":"","why_service_title":"","why_service_text":"","template_catalog_visible":"0","template_catalog_title":"","template_catalog_text":"","template_catalog_categories_visible":"","demo_title":"Utw\u00f3rz wid\u017cet kana\u0142u na Instagramie","demo_caption":"Skonfiguruj sw\u00f3j kana\u0142 na Instagramie i dodaj go za darmo do swojej witryny Google Sites!","default_faq_hidden":"","app_template_category":[],"platform":"484","template_public_id":"","codecanyon_url":"","codecanyon_item_id":"","codecanyon_price":"","pricing_caption":"","pricing_elfsight_apps_hide_column":"","pricing_elfsight_apps_url":"","pricing_codecanyon_price_caption":"","integration_category":[],"integration_request_title":"","integration_request_cta":"","integration_platform":"","integrations":[],"platform_category":[],"video_schema_markup":"","price":"od 0 USD \/ miesi\u0105c","trial":"","benefits":[{"text":"Bezp\u0142atna pomoc w monta\u017cu"},{"text":"Wsparcie premium"},{"text":"14-dniowa gwarancja zwrotu pieni\u0119dzy"}],"button_url":"#demo","button_target_blank":"0","button_nofollow":"0","attributes":[{"name":"Instaluje"},{"name":"Czu\u0142y"},{"name":"Kompatybilne przegl\u0105darki"}],"tags":[],"tags_disable_links":"0","hide_more_platforms":"","video_object":"","demo_hide_cta":"0","demo_hide_cloud_options":"0","pricing_title":"","pricing":[{"pricing_icon":"cloud","pricing_title":"Elfsight Apps","pricing_title_caption":"Wersja wieloplatformowa, kt\u00f3ra dzia\u0142a na ka\u017cdej stronie internetowej","pricing_price":"od 0 USD \/ miesi\u0105c","pricing_price_caption":"zacznij od bezp\u0142atnego planu","pricing_benefits":[{"text":"Nielimitowane domeny"},{"text":"Szybkie wsparcie"},{"text":"Bezp\u0142atna pomoc w instalacji"},{"text":"Specjalna oferta na wiele aplikacji"}],"pricing_button_text":"Dodaj do witryny","pricing_button_url":"#demo"}],"related_apps_title":"","related_apps_hidden":"0","author":"","image":[],"title":"","job":"","social_networks":[]},"_links":{"self":[{"href":"https:\/\/elfsight.com\/pl\/wp-json\/wp\/v2\/pages\/5478","targetHints":{"allow":["GET"]}}],"collection":[{"href":"https:\/\/elfsight.com\/pl\/wp-json\/wp\/v2\/pages"}],"about":[{"href":"https:\/\/elfsight.com\/pl\/wp-json\/wp\/v2\/types\/page"}],"author":[{"embeddable":true,"href":"https:\/\/elfsight.com\/pl\/wp-json\/wp\/v2\/users\/9"}],"replies":[{"embeddable":true,"href":"https:\/\/elfsight.com\/pl\/wp-json\/wp\/v2\/comments?post=5478"}],"version-history":[{"count":3,"href":"https:\/\/elfsight.com\/pl\/wp-json\/wp\/v2\/pages\/5478\/revisions"}],"predecessor-version":[{"id":9784,"href":"https:\/\/elfsight.com\/pl\/wp-json\/wp\/v2\/pages\/5478\/revisions\/9784"}],"up":[{"embeddable":true,"href":"https:\/\/elfsight.com\/pl\/wp-json\/wp\/v2\/pages\/614"}],"wp:attachment":[{"href":"https:\/\/elfsight.com\/pl\/wp-json\/wp\/v2\/media?parent=5478"}],"curies":[{"name":"wp","href":"https:\/\/api.w.org\/{rel}","templated":true}]}}