{"id":5477,"date":"2024-05-03T06:39:24","date_gmt":"2024-05-03T06:39:24","guid":{"rendered":"https:\/\/elfsight.com\/pl\/?page_id=5477"},"modified":"2025-01-24T12:42:31","modified_gmt":"2025-01-24T12:42:31","slug":"godaddy","status":"publish","type":"page","link":"https:\/\/elfsight.com\/pl\/instagram-feed-instashow\/godaddy\/","title":{"rendered":"Instagram Feed &#8211; GoDaddy"},"content":{"rendered":"<div class=\"application-platform-content-item-description application-platform-content-item\" id=\"description\" data-nav-section=\"description\"> <h2>Umie\u015b\u0107 Instagram na GoDaddy za pomoc\u0105 wid\u017cetu Elfsight<\/h2> <p>Elfsight Instagram Feed to \u0142atwe rozwi\u0105zanie do osadzania, kt\u00f3re umo\u017cliwia wy\u015bwietlanie zdj\u0119cia z Instagrama bezpo\u015brednio na swojej stronie internetowej i zastosuj szerokie mo\u017cliwo\u015bci personalizacji. Korzystaj ze zdj\u0119\u0107 z r\u00f3\u017cnych \u017ar\u00f3de\u0142 na Instagramie i stosuj filtry, aby wy\u015bwietla\u0107 najbardziej atrakcyjne tre\u015bci. Mo\u017cesz mie\u0107 wp\u0142yw na to, co zobacz\u0105 odwiedzaj\u0105cy Twoj\u0105 witryn\u0119, niezale\u017cnie od tego, czy promujesz towary, czy opowiadasz im o wydarzeniach. Mo\u017cesz zmienia\u0107 uk\u0142ad zdj\u0119\u0107 na stronie i wybiera\u0107 pomi\u0119dzy szablonami post\u00f3w, a tak\u017ce wybiera\u0107 schemat kolor\u00f3w lub malowa\u0107 elementy wed\u0142ug w\u0142asnego gustu. Stw\u00f3rz wtyczk\u0119, kt\u00f3ra przyci\u0105gnie u\u017cytkownik\u00f3w stylowym wygl\u0105dem i przyci\u0105gnie ich uwag\u0119 starannie dobran\u0105 tre\u015bci\u0105.<\/p> <p><b>Gdy umie\u015bcisz wid\u017cet Instagram na swojej stronie, mo\u017cesz zwi\u0119kszy\u0107 zaanga\u017cowanie odwiedzaj\u0105cych na swojej stronie za pomoc\u0105 GoDaddy Kana\u0142 na Instagramie.<\/b><\/p><div class=\"faq\" data-component=\"FAQ\"><div class=\"faq-item\">\r\n\t\t\t\t\t<div class=\"faq-item-question\">\r\n\t\t\t\t\t\t<h3 class=\"faq-item-question-text\">Czy mog\u0119 przetestowa\u0107 wid\u017cet Kana\u0142 na Instagramie w dzia\u0142aniu?<\/h3>\r\n\r\n\t\t\t\t\t\t<div class=\"faq-item-question-icon\"><\/div>\r\n\t\t\t\t\t<\/div>\r\n\r\n\t\t\t\t\t<div class=\"faq-item-answer\">\r\n\t\t\t\t\t\t<div class=\"faq-item-answer-text\"> <p>Tak, mo\u017cesz! Jest darmowy, nie wymaga umiej\u0119tno\u015bci programowania, a nawet rejestracji. W naszym interaktywnym wizualnym <a href=\"#demo\">demo<\/a> mo\u017cesz zobaczy\u0107, jak utworzy\u0107 wid\u017cet. Najlepsze w tym jest to, \u017ce mo\u017cesz bezp\u0142atnie doda\u0107 kana\u0142 Instagram do witryny GoDaddy zaraz po jej utworzeniu! Przetestuj jego dzia\u0142anie i wygl\u0105d bezpo\u015brednio na swojej w\u0142asnej stronie internetowej.<\/p><\/div>\r\n\t\t\t\t\t<\/div>\r\n\t\t\t\t<\/div><div class=\"faq-item\">\r\n\t\t\t\t\t<div class=\"faq-item-question\">\r\n\t\t\t\t\t\t<h3 class=\"faq-item-question-text\">Czy istnieje mo\u017cliwo\u015b\u0107 dodania kana\u0142u Instagram do mojej strony internetowej GoDaddy bez znajomo\u015bci kodowania?<\/h3>\r\n\r\n\t\t\t\t\t\t<div class=\"faq-item-question-icon\"><\/div>\r\n\t\t\t\t\t<\/div>\r\n\r\n\t\t\t\t\t<div class=\"faq-item-answer\">\r\n\t\t\t\t\t\t<div class=\"faq-item-answer-text\"><p>Firma Elfsight zapewnia rozwi\u0105zanie SaaS, kt\u00f3re pozwala szerokiemu gronu odbiorc\u00f3w samodzielnie stworzy\u0107 wtyczk\u0119 Instagram Feed. Zobacz, jak \u0142atwy jest ten proces: <\/p><ul><li>Pracuj bezpo\u015brednio w edytorze na \u017cywo, aby utworzy\u0107 sekcj\u0119 Instagram Feed, kt\u00f3r\u0105 chcia\u0142by\u015b chcia\u0142by\u015b zobaczy\u0107 na stronie internetowej GoDaddy.<\/li><li>Wybierz jeden z gotowych szablon\u00f3w i dostosuj ustawienia kana\u0142u Instagram, zmie\u0144 uk\u0142ad i kolor element\u00f3w, zaktualizuj swoje tre\u015bci bez umiej\u0119tno\u015bci kodowania.<\/li> <li>Zapisz kana\u0142 na Instagramie i uzyskaj kod instalacyjny, kt\u00f3ry mo\u017cesz bezp\u0142atnie wklei\u0107 w dowolnej witrynie GoDaddy. <\/li><\/ul><p>Dzi\u0119ki naszemu przyjaznemu dla u\u017cytkownika edytorowi ka\u017cdy u\u017cytkownik Internetu mo\u017ce wygenerowa\u0107 kana\u0142 na Instagramie i po prostu umie\u015bci\u0107 go w swojej witrynie GoDaddy. Aby uzyska\u0107 dost\u0119p do us\u0142ugi, nie trzeba wykupi\u0107 p\u0142atnej subskrypcji ani ujawnia\u0107 danych karty. Je\u015bli na kt\u00f3rymkolwiek etapie napotkasz jakiekolwiek przeszkody, skontaktuj si\u0119 z naszym dzia\u0142em pomocy technicznej.<\/p><\/div>\r\n\t\t\t\t\t<\/div>\r\n\t\t\t\t<\/div><div class=\"faq-item\">\r\n\t\t\t\t\t<div class=\"faq-item-question\">\r\n\t\t\t\t\t\t<h3 class=\"faq-item-question-text\">Jak bezp\u0142atnie osadzi\u0107 kana\u0142 z Instagrama w GoDaddy?<\/h3>\r\n\r\n\t\t\t\t\t\t<div class=\"faq-item-question-icon\"><\/div>\r\n\t\t\t\t\t<\/div>\r\n\r\n\t\t\t\t\t<div class=\"faq-item-answer\">\r\n\t\t\t\t\t\t<div class=\"faq-item-answer-text\"><ol><p> Wdro\u017cenie kana\u0142u Instagram na swojej stronie internetowej to doskona\u0142y spos\u00f3b na wyr\u00f3\u017cnienie najnowszych post\u00f3w i przyci\u0105gni\u0119cie uwagi odwiedzaj\u0105cych.<\/p><ol><li>Aby osadzi\u0107 Elfsight <a href=\"https:\/\/elfsight.com\/blog\/how-to-embed-instagram-feed-on-website\/\">Kana\u0142 na Instagramie<\/a> za darmo w GoDaddy, przejd\u017a do witryny Elfsight i za\u0142\u00f3\u017c bezp\u0142atne konto.<\/li><li> Skorzystaj z bezp\u0142atnego wid\u017cetu Instagrama, dostosowuj\u0105c jego wygl\u0105d i ustawienia tak, aby idealnie komponowa\u0142y si\u0119 z uk\u0142adem witryny GoDaddy.<\/li><li>Po bezp\u0142atnej konfiguracji kana\u0142u Instagram skopiuj ekskluzywny kod do umieszczenia na stronie i wklej go w Kod HTML Twojej witryny GoDaddy, w kt\u00f3rym chcesz prezentowa\u0107 kana\u0142.<\/li><\/ol><p>Dzi\u0119ki Twojej witrynie GoDaddy zawieraj\u0105cej teraz Kana\u0142 na Instagramie nie tylko zwi\u0119kszysz jej atrakcyjno\u015b\u0107 wizualn\u0105, ale tak\u017ce zapewnisz sta\u0142e zaanga\u017cowanie odwiedzaj\u0105cych . Zamie\u0144 swoj\u0105 witryn\u0119 internetow\u0105 w interaktywn\u0105 platform\u0119 wizualn\u0105 dzi\u0119ki wbudowanemu rozwi\u0105zaniu Instagram. Ciesz si\u0119 nagrodami, jakie daje wid\u017cet Elfsight na Instagramie, nie wydaj\u0105c ani grosza!<\/p><\/ol><\/div>\r\n\t\t\t\t\t<\/div>\r\n\t\t\t\t<\/div><\/div><\/div> <div class=\"application-platform-content-item-features application-platform-content-item\" id=\"features\" data-nav-section=\"features\"> <h2>G\u0142\u00f3wne funkcje kana\u0142u Instagram widget<\/h2><p>Udost\u0119pniamy co\u015b wi\u0119cej ni\u017c tylko osadzony blok na Instagramie. Istniej\u0105 r\u00f3wnie\u017c ustawienia i elastyczne opcje do dostosowania. Wtyczka oferuje cenne i \u0142atwe funkcje. Zobacz niekt\u00f3re z nich: <\/p> <ul><li>Regulowany tytu\u0142 kana\u0142u<\/li><li>Konfigurowalne kolory post\u00f3w, suwak\u00f3w, siatki i wyskakuj\u0105cych okienek<\/li><li>Opcja optymalizacji mobilnej<\/li><li>13 gotowych schemat\u00f3w kolor\u00f3w<\/li><li>R\u00f3\u017cnorodne ustawienia post\u00f3w z elementami post\u00f3w i wyskakuj\u0105cych okienek<\/li><\/ul><p><a href=\"#demo\">Mo\u017cesz przetestowa\u0107 dzia\u0142anie wtyczki, korzystaj\u0105c z wersji demonstracyjnej<\/a><\/p><p>Dzi\u0119ki wid\u017cetowi Instagram dla GoDaddy mo\u017cesz zwi\u0119kszy\u0107 wydajno\u015b\u0107 swojej witryny bez konieczno\u015bci programowania. Masz na przyk\u0142ad mo\u017cliwo\u015b\u0107 zwi\u0119kszenia liczby subskrybent\u00f3w na Instagramie i maksymalizacji czasu sp\u0119dzonego na stronie internetowej.<\/p><\/div> <div class=\"application-platform-content-item-installation application-platform-content-item\" id=\"installation\" data-nav-section=\"installation\"><\/div> <h2>Jak osadzi\u0107 kana\u0142 Instagram na moim GoDaddy strona internetowa? <\/h2> <p>Nie s\u0105 wymagane \u017cadne umiej\u0119tno\u015bci kodowania. Aby rozpocz\u0105\u0107 korzystanie z wtyczki, wystarczy zastosowa\u0107 si\u0119 do poni\u017cszych wskaz\u00f3wek. S\u0105 jasne, a osadzenie wid\u017cetu nie zajmie Ci du\u017co czasu.<\/p> <ol><li><b>Zarz\u0105dzaj nasz\u0105 bezp\u0142atn\u0105 wersj\u0105 demonstracyjn\u0105 i zacznij tworzy\u0107 w\u0142asn\u0105 wtyczk\u0119. <\/b><br> Okre\u015bl preferowany uk\u0142ad i charakterystyk\u0119 narz\u0119dzia i zapisz zmiany. <\/li> <li><b>Odbierz sw\u00f3j osobisty kod widoczny w polu w aplikacjach Elfsight. <\/b><br> Po zako\u0144czeniu konfiguracji Twojego osobistego narz\u0119dzia skopiuj ekskluzywny kod z wyskakuj\u0105cego okienka i zachowaj go na dalsze potrzeby. <\/li> <li><b>Zacznij korzysta\u0107 z wtyczki na stronie internetowej GoDaddy. <\/b><br> Zaimplementuj skopiowany wcze\u015bniej kod na swojej stronie internetowej i zastosuj zmiany. <\/li> <li><b>Gotowe! Osadzanie zosta\u0142o w pe\u0142ni wykonane. <\/b><br> Przejd\u017a na swoj\u0105 stron\u0119 i obserwuj dzia\u0142anie narz\u0119dzia. <\/li><\/ol> <p>Je\u015bli masz trudno\u015bci z dodaniem Instagrama do GoDaddy, skontaktuj si\u0119 z naszym dzia\u0142em obs\u0142ugi klienta. Z przyjemno\u015bci\u0105 odpowiemy na wszystkie Twoje pytania dotycz\u0105ce rozwi\u0105zania Instagram. Elfsight gwarantuje, \u017ce ka\u017cdy mo\u017ce osadzi\u0107 widget na swojej stronie internetowej, niezale\u017cnie od u\u017cywanej platformy CMS. Mo\u017cemy tak\u017ce pom\u00f3c Ci w dostosowaniu wid\u017cetu Instagrama, tak aby prezentowa\u0142 si\u0119 jak najlepiej.<\/p> <p>\u017byczymy Ci przyjemnych wra\u017ce\u0144 podczas osadzania i korzystania z naszego oprogramowania bez u\u017cycia kodu.<\/p>[\/application_platform_content_item ]","protected":false},"excerpt":{"rendered":"Jak osadzi\u0107 kana\u0142 Instagram na moim GoDaddy strona internetowa? Nie s\u0105 wymagane \u017cadne umiej\u0119tno\u015bci kodowania. Aby rozpocz\u0105\u0107 korzystanie z wtyczki, wystarczy zastosowa\u0107 si\u0119 do poni\u017cszych wskaz\u00f3wek. S\u0105 jasne, a osadzenie wid\u017cetu nie zajmie Ci du\u017co czasu. Zarz\u0105dzaj nasz\u0105 bezp\u0142atn\u0105 wersj\u0105 demonstracyjn\u0105 i zacznij tworzy\u0107 w\u0142asn\u0105 wtyczk\u0119. Okre\u015bl preferowany uk\u0142ad i&#8230;","protected":false},"author":9,"featured_media":0,"parent":614,"menu_order":0,"comment_status":"closed","ping_status":"closed","template":"templates\/template-application-platform.php","meta":{"publish_to_discourse":"","publish_post_category":"","wpdc_auto_publish_overridden":"","wpdc_topic_tags":"","wpdc_pin_topic":"","wpdc_pin_until":"","discourse_post_id":"","discourse_permalink":"","wpdc_publishing_response":"","wpdc_publishing_error":"","footnotes":""},"class_list":["post-5477","page","type-page","status-publish","hentry"],"yoast_head":"<!-- This site is optimized with the Yoast SEO plugin v25.3.1 - https:\/\/yoast.com\/wordpress\/plugins\/seo\/ -->\n<title>Kana\u0142 GoDaddy na Instagramie \u2014 dodaj Instagram do GoDaddy [2025]<\/title>\n<meta name=\"description\" content=\"Uczy\u0144 swoj\u0105 witryn\u0119 jeszcze bardziej atrakcyjn\u0105 i przyci\u0105gaj\u0105c\u0105 wzrok dzi\u0119ki wtyczce Elfsight Instagram Feed dla GoDaddy!\" \/>\n<meta name=\"robots\" content=\"index, follow, max-snippet:-1, max-image-preview:large, max-video-preview:-1\" \/>\n<link rel=\"canonical\" href=\"https:\/\/elfsight.com\/pl\/instagram-feed-instashow\/godaddy\/\" \/>\n<meta property=\"og:locale\" content=\"pl_PL\" \/>\n<meta property=\"og:type\" content=\"article\" \/>\n<meta property=\"og:title\" content=\"Kana\u0142 GoDaddy na Instagramie \u2014 dodaj Instagram do GoDaddy [2025]\" \/>\n<meta property=\"og:description\" content=\"Uczy\u0144 swoj\u0105 witryn\u0119 jeszcze bardziej atrakcyjn\u0105 i przyci\u0105gaj\u0105c\u0105 wzrok dzi\u0119ki wtyczce Elfsight Instagram Feed dla GoDaddy!\" \/>\n<meta property=\"og:url\" content=\"https:\/\/elfsight.com\/pl\/instagram-feed-instashow\/godaddy\/\" \/>\n<meta property=\"og:site_name\" content=\"Elfsight PL\" \/>\n<meta property=\"article:modified_time\" content=\"2025-01-24T12:42:31+00:00\" \/>\n<meta name=\"twitter:card\" content=\"summary_large_image\" \/>\n<meta name=\"twitter:label1\" content=\"Szacowany czas czytania\" \/>\n\t<meta name=\"twitter:data1\" content=\"5 minut\" \/>\n<!-- \/ Yoast SEO plugin. -->","yoast_head_json":{"title":"Kana\u0142 GoDaddy na Instagramie \u2014 dodaj Instagram do GoDaddy [2025]","description":"Uczy\u0144 swoj\u0105 witryn\u0119 jeszcze bardziej atrakcyjn\u0105 i przyci\u0105gaj\u0105c\u0105 wzrok dzi\u0119ki wtyczce Elfsight Instagram Feed dla GoDaddy!","robots":{"index":"index","follow":"follow","max-snippet":"max-snippet:-1","max-image-preview":"max-image-preview:large","max-video-preview":"max-video-preview:-1"},"canonical":"https:\/\/elfsight.com\/pl\/instagram-feed-instashow\/godaddy\/","og_locale":"pl_PL","og_type":"article","og_title":"Kana\u0142 GoDaddy na Instagramie \u2014 dodaj Instagram do GoDaddy [2025]","og_description":"Uczy\u0144 swoj\u0105 witryn\u0119 jeszcze bardziej atrakcyjn\u0105 i przyci\u0105gaj\u0105c\u0105 wzrok dzi\u0119ki wtyczce Elfsight Instagram Feed dla GoDaddy!","og_url":"https:\/\/elfsight.com\/pl\/instagram-feed-instashow\/godaddy\/","og_site_name":"Elfsight PL","article_modified_time":"2025-01-24T12:42:31+00:00","twitter_card":"summary_large_image","twitter_misc":{"Szacowany czas czytania":"5 minut"},"schema":{"@context":"https:\/\/schema.org","@graph":[{"@type":"WebPage","@id":"https:\/\/elfsight.com\/pl\/instagram-feed-instashow\/godaddy\/","url":"https:\/\/elfsight.com\/pl\/instagram-feed-instashow\/godaddy\/","name":"Kana\u0142 GoDaddy na Instagramie \u2014 dodaj Instagram do GoDaddy [2025]","isPartOf":{"@id":"https:\/\/elfsight.com\/pl\/#website"},"datePublished":"2024-05-03T06:39:24+00:00","dateModified":"2025-01-24T12:42:31+00:00","description":"Uczy\u0144 swoj\u0105 witryn\u0119 jeszcze bardziej atrakcyjn\u0105 i przyci\u0105gaj\u0105c\u0105 wzrok dzi\u0119ki wtyczce Elfsight Instagram Feed dla GoDaddy!","breadcrumb":{"@id":"https:\/\/elfsight.com\/pl\/instagram-feed-instashow\/godaddy\/#breadcrumb"},"inLanguage":"pl-PL","potentialAction":[{"@type":"ReadAction","target":["https:\/\/elfsight.com\/pl\/instagram-feed-instashow\/godaddy\/"]}]},{"@type":"BreadcrumbList","@id":"https:\/\/elfsight.com\/pl\/instagram-feed-instashow\/godaddy\/#breadcrumb","itemListElement":[{"@type":"ListItem","position":1,"name":"Home","item":"https:\/\/elfsight.com\/pl\/"},{"@type":"ListItem","position":2,"name":"Instagram Feed","item":"https:\/\/elfsight.com\/pl\/instagram-feed-instashow\/"},{"@type":"ListItem","position":3,"name":"Instagram Feed &#8211; GoDaddy"}]},{"@type":"WebSite","@id":"https:\/\/elfsight.com\/pl\/#website","url":"https:\/\/elfsight.com\/pl\/","name":"Elfsight PL","description":"Just another Elfsight Sites site","potentialAction":[{"@type":"SearchAction","target":{"@type":"EntryPoint","urlTemplate":"https:\/\/elfsight.com\/pl\/?s={search_term_string}"},"query-input":{"@type":"PropertyValueSpecification","valueRequired":true,"valueName":"search_term_string"}}],"inLanguage":"pl-PL"}]}},"meta_box":{"industry":"","seo_heading":"","heading":"","description":"","cta_heading":"","cta_description":"","application":"594","h1":"Wtyczka GoDaddy Instagram Feed","h1_caption":"Dodawaj posty ze swojego konta na Instagramie lub za pomoc\u0105 hashtagu, zapewniaj\u0105c najlepszy spos\u00f3b na \u0142atwe zaprezentowanie dynamicznego kana\u0142u Instagram w Twojej witrynie w witrynie GoDaddy.","application_category":[],"applications_title":"","applications_request_title":"","applications_request_button_text":"","hero_text":"","hero_video":"","hero_video_schema_markup":"","selling_points_title":"","selling_points_caption":"","selling_points":[],"selling_points_cta_text":"","features_title":"","features":"","ed_cta_examples_text":"","ed_cta_examples_hidden":"","ed_cta_demo_text":"","ed_cta_demo_hidden":"","why_caption":"","why_editor_title":"","why_editor_text":"","why_team_title":"","why_team_text":"","why_service_title":"","why_service_text":"","template_catalog_visible":"0","template_catalog_title":"","template_catalog_text":"","template_catalog_categories_visible":"","demo_title":"Nie wahaj si\u0119 i utw\u00f3rz w\u0142asny kana\u0142 GoDaddy na Instagramie","demo_caption":"Spersonalizuj go i wstaw wtyczk\u0119 na swoj\u0105 stron\u0119 poprzez demonstracj\u0119 na \u017cywo.","default_faq_hidden":"","app_template_category":[],"platform":"180","template_public_id":"","codecanyon_url":"","codecanyon_item_id":"","codecanyon_price":"","pricing_caption":"","pricing_elfsight_apps_hide_column":"","pricing_elfsight_apps_url":"","pricing_codecanyon_price_caption":"","integration_category":[],"integration_request_title":"","integration_request_cta":"","integration_platform":"","integrations":[],"platform_category":[],"video_schema_markup":"","price":"od 0 USD \/ miesi\u0105c","trial":"","benefits":[{"text":"Bezp\u0142atna pomoc w monta\u017cu"},{"text":"Wsparcie premium"},{"text":"14-dniowa gwarancja zwrotu pieni\u0119dzy"}],"button_url":"#demo","button_target_blank":"0","button_nofollow":"0","attributes":[{"name":"Instaluje"},{"name":"Czu\u0142y"},{"name":"Kompatybilne przegl\u0105darki"}],"tags":[],"tags_disable_links":"0","hide_more_platforms":"","video_object":"","demo_hide_cta":"0","demo_hide_cloud_options":"0","pricing_title":"","pricing":[{"pricing_icon":"platform","pricing_title":"Elfsight Apps","pricing_title_caption":"Wieloplatformowe rozwi\u0105zanie cyfrowe","pricing_price":"od 0 USD \/ miesi\u0105c","pricing_price_caption":"zacznij od bezp\u0142atnego planu","pricing_benefits":[{"text":"Nielimitowane domeny"},{"text":"Szybka pomoc i dobrze udokumentowana"},{"text":"Bezp\u0142atna us\u0142uga monta\u017cu"},{"text":"100% konfigurowalny"}],"pricing_button_text":"Dodaj do witryny","pricing_button_url":"#demo"}],"related_apps_title":"","related_apps_hidden":"0","author":"","image":[],"title":"","job":"","social_networks":[]},"_links":{"self":[{"href":"https:\/\/elfsight.com\/pl\/wp-json\/wp\/v2\/pages\/5477","targetHints":{"allow":["GET"]}}],"collection":[{"href":"https:\/\/elfsight.com\/pl\/wp-json\/wp\/v2\/pages"}],"about":[{"href":"https:\/\/elfsight.com\/pl\/wp-json\/wp\/v2\/types\/page"}],"author":[{"embeddable":true,"href":"https:\/\/elfsight.com\/pl\/wp-json\/wp\/v2\/users\/9"}],"replies":[{"embeddable":true,"href":"https:\/\/elfsight.com\/pl\/wp-json\/wp\/v2\/comments?post=5477"}],"version-history":[{"count":2,"href":"https:\/\/elfsight.com\/pl\/wp-json\/wp\/v2\/pages\/5477\/revisions"}],"predecessor-version":[{"id":9782,"href":"https:\/\/elfsight.com\/pl\/wp-json\/wp\/v2\/pages\/5477\/revisions\/9782"}],"up":[{"embeddable":true,"href":"https:\/\/elfsight.com\/pl\/wp-json\/wp\/v2\/pages\/614"}],"wp:attachment":[{"href":"https:\/\/elfsight.com\/pl\/wp-json\/wp\/v2\/media?parent=5477"}],"curies":[{"name":"wp","href":"https:\/\/api.w.org\/{rel}","templated":true}]}}