{"id":5472,"date":"2024-05-03T06:39:23","date_gmt":"2024-05-03T06:39:23","guid":{"rendered":"https:\/\/elfsight.com\/pl\/?page_id=5472"},"modified":"2024-12-24T14:09:50","modified_gmt":"2024-12-24T14:09:50","slug":"prestashop","status":"publish","type":"page","link":"https:\/\/elfsight.com\/pl\/instagram-feed-instashow\/prestashop\/","title":{"rendered":"Instagram Feed &#8211; PrestaShop"},"content":{"rendered":"\n<div class=\"application-platform-content-item-description application-platform-content-item\" id=\"description\" data-nav-section=\"description\"> <h2>Opis<\/h2> <p>Elfsight Instagram Feed dla Prestashop to rozszerzenie, kt\u00f3rego celem jest pomoc we wszystkich bie\u017c\u0105cych potrzebach zwi\u0105zanych z uzyskiwaniem wy\u015bwietle\u0144 i \u017c\u0105da\u0144 od u\u017cytkownik\u00f3w Twojej witryny. Zademonstruj potrzebne aspekty wype\u0142nienia, znajd\u017a preferowany szablon i spersonalizuj interfejs, aby zainspirowa\u0107 klient\u00f3w do dalszego opuszczania zapotrzebowania na us\u0142ugi Twojej firmy. Kana\u0142 na Instagramie jest skomponowany tak, aby zaspokoi\u0107 ka\u017cd\u0105 Twoj\u0105 potrzeb\u0119 zbierania opinii i pozostawania w sta\u0142ym kontakcie z klientami. <\/p><p><b>Dzi\u0119ki kana\u0142owi na Instagramie mo\u017cesz osi\u0105gn\u0105\u0107 zr\u00f3wnowa\u017cony rozw\u00f3j firmy i lepsz\u0105 sprzeda\u017c <\/b><\/p> <\/div> <div class=\"application-platform-content-item-features application-platform-content-item\" id=\"features\" data-nav-section=\"features\"> <h2>Wid\u017cet zawiera przydatne i \u0142atwe w obs\u0142udze funkcje, sprawd\u017a niekt\u00f3re z nich: <\/h2> <ul><li>Dodaj tre\u015b\u0107 ze swojego profilu do strony internetowej<\/li><li>Dwa gotowe uk\u0142ady kana\u0142\u00f3w: suwak i siatka<\/li><li>2 szablony post\u00f3w: klasyczny i kafelkowy<\/li><li>Niestandardowa liczba wierszy i kolumn<\/li><li>Przyciski wezwania do dzia\u0142ania <\/li><li>R\u00f3\u017cne ustawienia post\u00f3w z elementami postu i wyskakuj\u0105cego okienka<\/li><li>Dzia\u0142anie po klikni\u0119ciu obrazu <\/li><\/ul><p><a href=\"#demo\">Mo\u017cesz sprawdzi\u0107, czy wid\u017cet jest dla Ciebie, korzystaj\u0105c z wersji demonstracyjnej<\/a><\/p> <\/div> <div class=\"application-platform-content-item-installation application-platform-content-item\" id=\"installation\" data-nav-section=\"installation\"> <h2>Jak mog\u0119 doda\u0107 kana\u0142 Instagram do mojej witryny PrestaShop? <\/h2> <p>Wystarczy wykona\u0107 poni\u017csze wskaz\u00f3wki, aby zintegrowa\u0107 dodatek. <\/p> <ol><li><b>Zarz\u0105dzaj nasz\u0105 bezp\u0142atn\u0105 wersj\u0105 demonstracyjn\u0105 i zacznij tworzy\u0107 niestandardowy widget. <\/b><br> Okre\u015bl odpowiedni wygl\u0105d i parametry narz\u0119dzia oraz nanie\u015b poprawki. <\/li> <li><b>Odbierz unikalny kod, kt\u00f3ry jest wy\u015bwietlany w specjalnym formularzu w aplikacjach Elfsight. <\/b><br> Zaraz po utworzeniu osobistego wid\u017cetu skopiuj ekskluzywny kod z wy\u015bwietlonego okna i zachowaj go do wykorzystania w przysz\u0142o\u015bci. <\/li> <li><b>Zaanga\u017cuj si\u0119 w korzystanie z wid\u017cetu na swojej stronie g\u0142\u00f3wnej PrestaShop. <\/b><br> Zintegruj zapisany wcze\u015bniej kod ze swoj\u0105 stron\u0105 g\u0142\u00f3wn\u0105 i zapisz zmiany. <\/li> <li><b>Instalacja zosta\u0142a pomy\u015blnie uko\u0144czona. <\/b><br> Przejd\u017a do swojej witryny, aby sprawdzi\u0107 dzia\u0142anie widgetu. <\/li><\/ol> <p>Je\u015bli masz do czynienia z pytaniami lub pokonujesz przeszkody, bez wahania skontaktuj si\u0119 z naszym personelem pomocniczym. Nasi specjali\u015bci z przyjemno\u015bci\u0105 pomog\u0105 Ci we wszystkich trudno\u015bciach, jakie mo\u017cesz mie\u0107 z dodatkiem. <\/p> <\/div><div class=\"faq\" data-component=\"FAQ\"><div class=\"faq-item\">\r\n\t\t\t\t\t<div class=\"faq-item-question\">\r\n\t\t\t\t\t\t<h3 class=\"faq-item-question-text\">Jak bezp\u0142atnie osadzi\u0107 kana\u0142 Instagram w PrestaShop?<\/h3>\r\n\r\n\t\t\t\t\t\t<div class=\"faq-item-question-icon\"><\/div>\r\n\t\t\t\t\t<\/div>\r\n\r\n\t\t\t\t\t<div class=\"faq-item-answer\">\r\n\t\t\t\t\t\t<div class=\"faq-item-answer-text\"><ol><p>Wdra\u017canie kana\u0142u Instagram na swoim Sklep PrestaShop to doskona\u0142a metoda prezentowania najnowszych post\u00f3w i zwi\u0119kszania zaanga\u017cowania klient\u00f3w.<\/p><ol><li>Aby <a href=\"https:\/\/elfsight.com\/blog\/how-to-embed-instagram-feed-on-website\/\" target=\"_blank\" rel=\"noopener\">umie\u015b\u0107 kana\u0142 Instagram<\/a> bezp\u0142atnie w PrestaShop, odwied\u017a witryn\u0119 Elfsight i zarejestruj bezp\u0142atne konto.<\/li><li>Wykorzystaj w pe\u0142ni darmowy widget Instagram, dostosowuj\u0105c jego wygl\u0105d i ustawienia dostosowane do uk\u0142adu Twojego sklepu PrestaShop.<\/li><li>Po bezp\u0142atnej optymalizacji kana\u0142u na Instagramie skopiuj jedyny w swoim rodzaju kod do umieszczenia na stronie i wklej go do kodu HTML swojego sklepu PrestaShop w miejscu, w kt\u00f3rym chcesz umie\u015bci\u0107 kana\u0142 zostanie zaprezentowany.<\/li><\/ol><p>Osadzaj\u0105c kana\u0142 Instagram w swoim sklepie PrestaShop, poprawisz jego atrakcyjno\u015b\u0107 wizualn\u0105 i pobudzisz ci\u0105g\u0142\u0105 interakcj\u0119 z klientem. Ciesz si\u0119 korzy\u015bciami, jakie daje wid\u017cet Elfsight Instagram, nie wydaj\u0105c ani grosza!<\/p><\/ol><\/div>\r\n\t\t\t\t\t<\/div>\r\n\t\t\t\t<\/div><\/div>\n","protected":false},"excerpt":{"rendered":"","protected":false},"author":9,"featured_media":0,"parent":614,"menu_order":0,"comment_status":"closed","ping_status":"closed","template":"templates\/template-application-platform.php","meta":{"publish_to_discourse":"","publish_post_category":"","wpdc_auto_publish_overridden":"","wpdc_topic_tags":"","wpdc_pin_topic":"","wpdc_pin_until":"","discourse_post_id":"","discourse_permalink":"","wpdc_publishing_response":"","wpdc_publishing_error":"","footnotes":""},"class_list":["post-5472","page","type-page","status-publish","hentry"],"yoast_head":"<!-- This site is optimized with the Yoast SEO plugin v25.3.1 - https:\/\/yoast.com\/wordpress\/plugins\/seo\/ -->\n<title>Kana\u0142 na Instagramie \u2014 dodaj wid\u017cet Instagram do witryny PrestaShop<\/title>\n<meta name=\"description\" content=\"Przetestuj premium dodatek do Instagrama dla witryny PrestaShop ju\u017c teraz! Wygeneruj spersonalizowany kana\u0142 na Instagramie w Elfsight tylko w 2 minuty.\" \/>\n<meta name=\"robots\" content=\"index, follow, max-snippet:-1, max-image-preview:large, max-video-preview:-1\" \/>\n<link rel=\"canonical\" href=\"https:\/\/elfsight.com\/pl\/instagram-feed-instashow\/prestashop\/\" \/>\n<meta property=\"og:locale\" content=\"pl_PL\" \/>\n<meta property=\"og:type\" content=\"article\" \/>\n<meta property=\"og:title\" content=\"Kana\u0142 na Instagramie \u2014 dodaj wid\u017cet Instagram do witryny PrestaShop\" \/>\n<meta property=\"og:description\" content=\"Przetestuj premium dodatek do Instagrama dla witryny PrestaShop ju\u017c teraz! Wygeneruj spersonalizowany kana\u0142 na Instagramie w Elfsight tylko w 2 minuty.\" \/>\n<meta property=\"og:url\" content=\"https:\/\/elfsight.com\/pl\/instagram-feed-instashow\/prestashop\/\" \/>\n<meta property=\"og:site_name\" content=\"Elfsight PL\" \/>\n<meta property=\"article:modified_time\" content=\"2024-12-24T14:09:50+00:00\" \/>\n<meta name=\"twitter:card\" content=\"summary_large_image\" \/>\n<meta name=\"twitter:label1\" content=\"Szacowany czas czytania\" \/>\n\t<meta name=\"twitter:data1\" content=\"3 minuty\" \/>\n<!-- \/ Yoast SEO plugin. -->","yoast_head_json":{"title":"Kana\u0142 na Instagramie \u2014 dodaj wid\u017cet Instagram do witryny PrestaShop","description":"Przetestuj premium dodatek do Instagrama dla witryny PrestaShop ju\u017c teraz! Wygeneruj spersonalizowany kana\u0142 na Instagramie w Elfsight tylko w 2 minuty.","robots":{"index":"index","follow":"follow","max-snippet":"max-snippet:-1","max-image-preview":"max-image-preview:large","max-video-preview":"max-video-preview:-1"},"canonical":"https:\/\/elfsight.com\/pl\/instagram-feed-instashow\/prestashop\/","og_locale":"pl_PL","og_type":"article","og_title":"Kana\u0142 na Instagramie \u2014 dodaj wid\u017cet Instagram do witryny PrestaShop","og_description":"Przetestuj premium dodatek do Instagrama dla witryny PrestaShop ju\u017c teraz! Wygeneruj spersonalizowany kana\u0142 na Instagramie w Elfsight tylko w 2 minuty.","og_url":"https:\/\/elfsight.com\/pl\/instagram-feed-instashow\/prestashop\/","og_site_name":"Elfsight PL","article_modified_time":"2024-12-24T14:09:50+00:00","twitter_card":"summary_large_image","twitter_misc":{"Szacowany czas czytania":"3 minuty"},"schema":{"@context":"https:\/\/schema.org","@graph":[{"@type":"WebPage","@id":"https:\/\/elfsight.com\/pl\/instagram-feed-instashow\/prestashop\/","url":"https:\/\/elfsight.com\/pl\/instagram-feed-instashow\/prestashop\/","name":"Kana\u0142 na Instagramie \u2014 dodaj wid\u017cet Instagram do witryny PrestaShop","isPartOf":{"@id":"https:\/\/elfsight.com\/pl\/#website"},"datePublished":"2024-05-03T06:39:23+00:00","dateModified":"2024-12-24T14:09:50+00:00","description":"Przetestuj premium dodatek do Instagrama dla witryny PrestaShop ju\u017c teraz! Wygeneruj spersonalizowany kana\u0142 na Instagramie w Elfsight tylko w 2 minuty.","breadcrumb":{"@id":"https:\/\/elfsight.com\/pl\/instagram-feed-instashow\/prestashop\/#breadcrumb"},"inLanguage":"pl-PL","potentialAction":[{"@type":"ReadAction","target":["https:\/\/elfsight.com\/pl\/instagram-feed-instashow\/prestashop\/"]}]},{"@type":"BreadcrumbList","@id":"https:\/\/elfsight.com\/pl\/instagram-feed-instashow\/prestashop\/#breadcrumb","itemListElement":[{"@type":"ListItem","position":1,"name":"Home","item":"https:\/\/elfsight.com\/pl\/"},{"@type":"ListItem","position":2,"name":"Instagram Feed","item":"https:\/\/elfsight.com\/pl\/instagram-feed-instashow\/"},{"@type":"ListItem","position":3,"name":"Instagram Feed &#8211; PrestaShop"}]},{"@type":"WebSite","@id":"https:\/\/elfsight.com\/pl\/#website","url":"https:\/\/elfsight.com\/pl\/","name":"Elfsight PL","description":"Just another Elfsight Sites site","potentialAction":[{"@type":"SearchAction","target":{"@type":"EntryPoint","urlTemplate":"https:\/\/elfsight.com\/pl\/?s={search_term_string}"},"query-input":{"@type":"PropertyValueSpecification","valueRequired":true,"valueName":"search_term_string"}}],"inLanguage":"pl-PL"}]}},"meta_box":{"industry":"","seo_heading":"","heading":"","description":"","cta_heading":"","cta_description":"","application":"594","h1":"Dodatek do kana\u0142u Instagram dla PrestaShop","h1_caption":"Dodawaj posty ze swojego konta na Instagramie lub za pomoc\u0105 hashtagu, zapewniaj\u0105c najlepszy spos\u00f3b na bezproblemowe zaprezentowanie dynamicznego kana\u0142u Instagram na swojej stronie internetowej w witrynie Prestashop.","application_category":[],"applications_title":"","applications_request_title":"","applications_request_button_text":"","hero_text":"","hero_video":"","hero_video_schema_markup":"","selling_points_title":"","selling_points_caption":"","selling_points":[],"selling_points_cta_text":"","features_title":"","features":"","ed_cta_examples_text":"","ed_cta_examples_hidden":"","ed_cta_demo_text":"","ed_cta_demo_hidden":"","why_caption":"","why_editor_title":"","why_editor_text":"","why_team_title":"","why_team_text":"","why_service_title":"","why_service_text":"","template_catalog_visible":"0","template_catalog_title":"","template_catalog_text":"","template_catalog_categories_visible":"","demo_title":"Pospiesz si\u0119, aby stworzy\u0107 szyty na miar\u0119 kana\u0142 PrestaShop na Instagramie!","demo_caption":"Spersonalizuj go i zaimplementuj dodatek na swojej stronie g\u0142\u00f3wnej z wersji demonstracyjnej na \u017cywo.","default_faq_hidden":"","app_template_category":[],"platform":"586","template_public_id":"","codecanyon_url":"","codecanyon_item_id":"","codecanyon_price":"","pricing_caption":"","pricing_elfsight_apps_hide_column":"","pricing_elfsight_apps_url":"","pricing_codecanyon_price_caption":"","integration_category":[],"integration_request_title":"","integration_request_cta":"","integration_platform":"","integrations":[],"platform_category":[],"video_schema_markup":"","price":"od 0 USD \/ miesi\u0105c","trial":"","benefits":[{"text":"Bezp\u0142atna pomoc w instalacji"},{"text":"Profesjonalna obs\u0142uga klienta"},{"text":"14-dniowa gwarancja zwrotu pieni\u0119dzy"}],"button_url":"#demo","button_target_blank":"0","button_nofollow":"0","attributes":[{"name":"Instaluje"},{"name":"Czu\u0142y"},{"name":"Kompatybilne przegl\u0105darki"}],"tags":[],"tags_disable_links":"0","hide_more_platforms":"","video_object":"","demo_hide_cta":"0","demo_hide_cloud_options":"0","pricing_title":"","pricing":[{"pricing_icon":"platform","pricing_title":"Elfsight Apps","pricing_title_caption":"Oprogramowanie niezale\u017cne od platformy","pricing_price":"od 0 USD \/ miesi\u0105c","pricing_price_caption":"zacznij od bezp\u0142atnego planu","pricing_benefits":[{"text":"Nielimitowane domeny"},{"text":"Ca\u0142odobowe i dobrze udokumentowane wsparcie"},{"text":"Bezp\u0142atna pomoc w monta\u017cu"},{"text":"100% konfigurowalny"}],"pricing_button_text":"Dodaj do witryny","pricing_button_url":"#demo"}],"related_apps_title":"","related_apps_hidden":"0","author":"","image":[],"title":"","job":"","social_networks":[]},"_links":{"self":[{"href":"https:\/\/elfsight.com\/pl\/wp-json\/wp\/v2\/pages\/5472","targetHints":{"allow":["GET"]}}],"collection":[{"href":"https:\/\/elfsight.com\/pl\/wp-json\/wp\/v2\/pages"}],"about":[{"href":"https:\/\/elfsight.com\/pl\/wp-json\/wp\/v2\/types\/page"}],"author":[{"embeddable":true,"href":"https:\/\/elfsight.com\/pl\/wp-json\/wp\/v2\/users\/9"}],"replies":[{"embeddable":true,"href":"https:\/\/elfsight.com\/pl\/wp-json\/wp\/v2\/comments?post=5472"}],"version-history":[{"count":2,"href":"https:\/\/elfsight.com\/pl\/wp-json\/wp\/v2\/pages\/5472\/revisions"}],"predecessor-version":[{"id":9629,"href":"https:\/\/elfsight.com\/pl\/wp-json\/wp\/v2\/pages\/5472\/revisions\/9629"}],"up":[{"embeddable":true,"href":"https:\/\/elfsight.com\/pl\/wp-json\/wp\/v2\/pages\/614"}],"wp:attachment":[{"href":"https:\/\/elfsight.com\/pl\/wp-json\/wp\/v2\/media?parent=5472"}],"curies":[{"name":"wp","href":"https:\/\/api.w.org\/{rel}","templated":true}]}}