{"id":5471,"date":"2024-05-03T06:39:22","date_gmt":"2024-05-03T06:39:22","guid":{"rendered":"https:\/\/elfsight.com\/pl\/?page_id=5471"},"modified":"2025-01-22T10:11:34","modified_gmt":"2025-01-22T10:11:34","slug":"jimdo","status":"publish","type":"page","link":"https:\/\/elfsight.com\/pl\/instagram-feed-instashow\/jimdo\/","title":{"rendered":"Instagram Feed &#8211; Jimdo"},"content":{"rendered":"<div class=\"application-platform-content-item-description application-platform-content-item\" id=\"description\" data-nav-section=\"description\"> <h2>Opis<\/h2> <p>Elfsight Instagram Feed dla Jimdo to wtyczka, kt\u00f3ra ma pom\u00f3c Ci we wszystkich bie\u017c\u0105cych potrzebach zwi\u0105zanych z pozyskiwaniem wy\u015bwietle\u0144 i \u017c\u0105da\u0144 od klient\u00f3w Twojej witryny. Odkryj najwa\u017cniejsze elementy do wype\u0142nienia, wybierz wymagany szablon i dostosuj interfejs, aby zach\u0119ci\u0107 klient\u00f3w do pozostawienia pr\u00f3\u015bb o us\u0142ugi oferowane przez Twoj\u0105 firm\u0119. Kana\u0142 na Instagramie zosta\u0142 zaprojektowany tak, aby zaspokoi\u0107 ka\u017cd\u0105 Twoj\u0105 potrzeb\u0119 uzyskania informacji zwrotnej i pozostania w sta\u0142ym kontakcie z klientami. <\/p><p><b>Dodaj kana\u0142 na Instagramie, aby osi\u0105gn\u0105\u0107 swoje cele e-commerce przy mniejszym wysi\u0142ku! <\/b><\/p> <\/div> <div class=\"application-platform-content-item-features application-platform-content-item\" id=\"features\" data-nav-section=\"features\"> <h2>Znajd\u017a poni\u017cej podstawowe funkcje wid\u017cetu: <\/h2> <ul><li>Dodaj kana\u0142 ze swojego profilu do strony internetowej<\/li><li>2 gotowe uk\u0142ady kana\u0142\u00f3w: slider i grid<\/li><li>Dwa szablony post\u00f3w: klasyczny i kafelkowy<\/li><li>Regulowana liczba kolumn i wierszy<\/li><li>Przyciski wezwa\u0144 do dzia\u0142ania <\/li><li>Szerokie ustawienia post\u00f3w z elementami post\u00f3w i wyskakuj\u0105cych okienek<\/li><li>Dzia\u0142anie po klikni\u0119ciu obrazu <\/li><\/ul><p><a href=\" #demo\">Wypr\u00f3buj wszystkie funkcje personalizacji w pe\u0142nej wersji demonstracyjnej<\/a><\/p> <\/div> <div class=\"application-platform-content-item-installation application-platform-content-item\" id=\"installation\" data-nav-section=\"installation\"> <h2>Jak osadzi\u0107 kana\u0142 Instagram na mojej stronie Jimdo? <\/h2> <p>Wystarczy wykona\u0107 poni\u017csze wskaz\u00f3wki, aby rozpocz\u0105\u0107 prac\u0119 z wid\u017cetem. <\/p> <ol><li><b>Uruchom nasze bezp\u0142atne demo i zacznij tworzy\u0107 w\u0142asny widget. <\/b><br> Okre\u015bl preferowan\u0105 form\u0119 i funkcje wid\u017cetu oraz zastosuj zmiany. <\/li> <li><b>Wy\u015bwietl sw\u00f3j osobisty kod w oknie aplikacji Elfsight. <\/b><br> Po zako\u0144czeniu dostosowywania wid\u017cetu skopiuj indywidualny kod z wyskakuj\u0105cego okienka i zachowaj go na p\u00f3\u017aniej. <\/li> <li><b>Zainicjuj u\u017cycie wid\u017cetu na stronie internetowej Jimdo. <\/b><br> Zintegruj zapisany wcze\u015bniej kod ze swoj\u0105 witryn\u0105 i zastosuj poprawki. <\/li> <li><b>Gotowe! Integracja zosta\u0142a pomy\u015blnie przeprowadzona. <\/b><br> Przejd\u017a na swoj\u0105 stron\u0119 i obserwuj dzia\u0142anie widgetu. <\/li><\/ol> <p>Je\u015bli napotkasz jakiekolwiek trudno\u015bci, nie wahaj si\u0119 skontaktowa\u0107 z naszym dzia\u0142em obs\u0142ugi klienta. Nasi ludzie ch\u0119tnie pomog\u0105 Ci we wszystkich trudno\u015bciach, jakie mo\u017cesz napotka\u0107 w zwi\u0105zku z tym narz\u0119dziem. <\/p> <\/div><div class=\"faq\" data-component=\"FAQ\"><div class=\"faq-item\">\r\n\t\t\t\t\t<div class=\"faq-item-question\">\r\n\t\t\t\t\t\t<h3 class=\"faq-item-question-text\">Czy istnieje spos\u00f3b na osadzenie kana\u0142u Instagram na mojej stronie internetowej Jimdo bez kodowania?<\/h3>\r\n\r\n\t\t\t\t\t\t<div class=\"faq-item-question-icon\"><\/div>\r\n\t\t\t\t\t<\/div>\r\n\r\n\t\t\t\t\t<div class=\"faq-item-answer\">\r\n\t\t\t\t\t\t<div class=\"faq-item-answer-text\"><p>Firma Elfsight zapewnia rozwi\u0105zania SaaS, kt\u00f3re umo\u017cliwia u\u017cytkownikom samodzielne utworzenie sekcji kana\u0142\u00f3w na Instagramie, odkryj proste kroki: <\/p><ul><li>Przejd\u017a do wersji demonstracyjnej online, aby stworzy\u0107 aplikacj\u0119 do obs\u0142ugi kana\u0142\u00f3w na Instagramie, kt\u00f3r\u0105 chcesz doda\u0107 na swojej stronie Jimdo.<\/li><li>Wybierz jeden z wst\u0119pnie zaprojektowanych szablon\u00f3w i zmodyfikuj ustawienia kana\u0142u Instagram, zaktualizuj zawarto\u015b\u0107, zmie\u0144 uk\u0142ad i kolory bez \u017cadnego kodowania.<\/li><li>Kliknij, aby zapisa\u0107 kana\u0142 Instagram i uzyska\u0107 wtyczki kod instalacyjny, kt\u00f3ry mo\u017cna osadzi\u0107 na stronie g\u0142\u00f3wnej Jimdo bez konieczno\u015bci kupowania wersji p\u0142atnej. <\/li><\/ul><p>Dzi\u0119ki przyjaznemu dla u\u017cytkownika konfiguratorowi ka\u017cdy u\u017cytkownik sieci mo\u017ce zbudowa\u0107 kana\u0142 na Instagramie i bez wysi\u0142ku doda\u0107 go do strony internetowej Jimdo. Nie mo\u017cesz p\u0142aci\u0107 ani podawa\u0107 danych swojej karty, aby wej\u015b\u0107 do Edytora Elfsight. Je\u015bli napotkasz jakiekolwiek przeszkody, skontaktuj si\u0119 z naszym personelem pomocy technicznej.<\/p><\/div>\r\n\t\t\t\t\t<\/div>\r\n\t\t\t\t<\/div><div class=\"faq-item\">\r\n\t\t\t\t\t<div class=\"faq-item-question\">\r\n\t\t\t\t\t\t<h3 class=\"faq-item-question-text\">Jak bezp\u0142atnie osadzi\u0107 kana\u0142 Instagram na Jimdo?<\/h3>\r\n\r\n\t\t\t\t\t\t<div class=\"faq-item-question-icon\"><\/div>\r\n\t\t\t\t\t<\/div>\r\n\r\n\t\t\t\t\t<div class=\"faq-item-answer\">\r\n\t\t\t\t\t\t<div class=\"faq-item-answer-text\"><ol><p>Osadzanie Kana\u0142 Instagram na Twojej stronie Jimdo to niezwyk\u0142y spos\u00f3b na promowanie najnowszych post\u00f3w i utrzymywanie wysokiego zaanga\u017cowania odwiedzaj\u0105cych.<\/p><ol><li>Aby <a href=\"https:\/\/elfsight.com\/blog\/how-to-embed-instagram-feed-on-website\/\">umie\u015b\u0107 kana\u0142 Instagram<\/a> za darmo na Jimdo, wejd\u017a na stron\u0119 Elfsight i za\u0142\u00f3\u017c darmowe konto.<\/li><li>Korzystaj z darmowego Instagrama wid\u017cet, dostosowuj\u0105c jego wygl\u0105d i ustawienia tak, aby harmonizowa\u0142y z estetyk\u0105 Twojej witryny Jimdo.<\/li><li>Po dostrojeniu swojego kana\u0142u na Instagramie za darmo, skopiuj odr\u0119bny kod do umieszczenia na stronie i wklej go w kodzie HTML swojej strony Jimdo, gdzie chcesz kana\u0142, kt\u00f3ry ma by\u0107 prezentowany.<\/li><\/ol><p>Umieszczaj\u0105c sw\u00f3j kana\u0142 na Instagramie na swojej stronie Jimdo, zwi\u0119kszysz jej urok wizualny i zapewnisz sp\u00f3jn\u0105 interakcj\u0119 z odwiedzaj\u0105cymi. Korzystaj z zalet wid\u017cetu Elfsight Instagram bezp\u0142atnie!<\/p><\/ol><\/div>\r\n\t\t\t\t\t<\/div>\r\n\t\t\t\t<\/div><\/div>","protected":false},"excerpt":{"rendered":"","protected":false},"author":9,"featured_media":0,"parent":614,"menu_order":0,"comment_status":"closed","ping_status":"closed","template":"templates\/template-application-platform.php","meta":{"publish_to_discourse":"","publish_post_category":"","wpdc_auto_publish_overridden":"","wpdc_topic_tags":"","wpdc_pin_topic":"","wpdc_pin_until":"","discourse_post_id":"","discourse_permalink":"","wpdc_publishing_response":"","wpdc_publishing_error":"","footnotes":""},"class_list":["post-5471","page","type-page","status-publish","hentry"],"yoast_head":"<!-- This site is optimized with the Yoast SEO plugin v25.3.1 - https:\/\/yoast.com\/wordpress\/plugins\/seo\/ -->\n<title>Kana\u0142 Instagram - Dodaj wid\u017cet Instagram do strony internetowej Jimdo<\/title>\n<meta name=\"description\" content=\"Przetestuj premium widget Instagram dla witryny Jimdo ju\u017c teraz! Wygeneruj spersonalizowany kana\u0142 na Instagramie w Elfsight tylko w 2 minuty.\" \/>\n<meta name=\"robots\" content=\"index, follow, max-snippet:-1, max-image-preview:large, max-video-preview:-1\" \/>\n<link rel=\"canonical\" href=\"https:\/\/elfsight.com\/pl\/instagram-feed-instashow\/jimdo\/\" \/>\n<meta property=\"og:locale\" content=\"pl_PL\" \/>\n<meta property=\"og:type\" content=\"article\" \/>\n<meta property=\"og:title\" content=\"Kana\u0142 Instagram - Dodaj wid\u017cet Instagram do strony internetowej Jimdo\" \/>\n<meta property=\"og:description\" content=\"Przetestuj premium widget Instagram dla witryny Jimdo ju\u017c teraz! Wygeneruj spersonalizowany kana\u0142 na Instagramie w Elfsight tylko w 2 minuty.\" \/>\n<meta property=\"og:url\" content=\"https:\/\/elfsight.com\/pl\/instagram-feed-instashow\/jimdo\/\" \/>\n<meta property=\"og:site_name\" content=\"Elfsight PL\" \/>\n<meta property=\"article:modified_time\" content=\"2025-01-22T10:11:34+00:00\" \/>\n<meta name=\"twitter:card\" content=\"summary_large_image\" \/>\n<meta name=\"twitter:label1\" content=\"Szacowany czas czytania\" \/>\n\t<meta name=\"twitter:data1\" content=\"4 minuty\" \/>\n<!-- \/ Yoast SEO plugin. -->","yoast_head_json":{"title":"Kana\u0142 Instagram - Dodaj wid\u017cet Instagram do strony internetowej Jimdo","description":"Przetestuj premium widget Instagram dla witryny Jimdo ju\u017c teraz! Wygeneruj spersonalizowany kana\u0142 na Instagramie w Elfsight tylko w 2 minuty.","robots":{"index":"index","follow":"follow","max-snippet":"max-snippet:-1","max-image-preview":"max-image-preview:large","max-video-preview":"max-video-preview:-1"},"canonical":"https:\/\/elfsight.com\/pl\/instagram-feed-instashow\/jimdo\/","og_locale":"pl_PL","og_type":"article","og_title":"Kana\u0142 Instagram - Dodaj wid\u017cet Instagram do strony internetowej Jimdo","og_description":"Przetestuj premium widget Instagram dla witryny Jimdo ju\u017c teraz! Wygeneruj spersonalizowany kana\u0142 na Instagramie w Elfsight tylko w 2 minuty.","og_url":"https:\/\/elfsight.com\/pl\/instagram-feed-instashow\/jimdo\/","og_site_name":"Elfsight PL","article_modified_time":"2025-01-22T10:11:34+00:00","twitter_card":"summary_large_image","twitter_misc":{"Szacowany czas czytania":"4 minuty"},"schema":{"@context":"https:\/\/schema.org","@graph":[{"@type":"WebPage","@id":"https:\/\/elfsight.com\/pl\/instagram-feed-instashow\/jimdo\/","url":"https:\/\/elfsight.com\/pl\/instagram-feed-instashow\/jimdo\/","name":"Kana\u0142 Instagram - Dodaj wid\u017cet Instagram do strony internetowej Jimdo","isPartOf":{"@id":"https:\/\/elfsight.com\/pl\/#website"},"datePublished":"2024-05-03T06:39:22+00:00","dateModified":"2025-01-22T10:11:34+00:00","description":"Przetestuj premium widget Instagram dla witryny Jimdo ju\u017c teraz! Wygeneruj spersonalizowany kana\u0142 na Instagramie w Elfsight tylko w 2 minuty.","breadcrumb":{"@id":"https:\/\/elfsight.com\/pl\/instagram-feed-instashow\/jimdo\/#breadcrumb"},"inLanguage":"pl-PL","potentialAction":[{"@type":"ReadAction","target":["https:\/\/elfsight.com\/pl\/instagram-feed-instashow\/jimdo\/"]}]},{"@type":"BreadcrumbList","@id":"https:\/\/elfsight.com\/pl\/instagram-feed-instashow\/jimdo\/#breadcrumb","itemListElement":[{"@type":"ListItem","position":1,"name":"Home","item":"https:\/\/elfsight.com\/pl\/"},{"@type":"ListItem","position":2,"name":"Instagram Feed","item":"https:\/\/elfsight.com\/pl\/instagram-feed-instashow\/"},{"@type":"ListItem","position":3,"name":"Instagram Feed &#8211; Jimdo"}]},{"@type":"WebSite","@id":"https:\/\/elfsight.com\/pl\/#website","url":"https:\/\/elfsight.com\/pl\/","name":"Elfsight PL","description":"Just another Elfsight Sites site","potentialAction":[{"@type":"SearchAction","target":{"@type":"EntryPoint","urlTemplate":"https:\/\/elfsight.com\/pl\/?s={search_term_string}"},"query-input":{"@type":"PropertyValueSpecification","valueRequired":true,"valueName":"search_term_string"}}],"inLanguage":"pl-PL"}]}},"meta_box":{"industry":"","seo_heading":"","heading":"","description":"","cta_heading":"","cta_description":"","application":"594","h1":"Wid\u017cet kana\u0142u Instagram dla Jimdo","h1_caption":"Dodawaj posty ze swojego konta na Instagramie lub za pomoc\u0105 hashtagu, zapewniaj\u0105c najlepszy spos\u00f3b na bezproblemowe zaprezentowanie dynamicznego kana\u0142u Instagram na swojej stronie internetowej na swojej stronie Jimdo.","application_category":[],"applications_title":"","applications_request_title":"","applications_request_button_text":"","hero_text":"","hero_video":"","hero_video_schema_markup":"","selling_points_title":"","selling_points_caption":"","selling_points":[],"selling_points_cta_text":"","features_title":"","features":"","ed_cta_examples_text":"","ed_cta_examples_hidden":"","ed_cta_demo_text":"","ed_cta_demo_hidden":"","why_caption":"","why_editor_title":"","why_editor_text":"","why_team_title":"","why_team_text":"","why_service_title":"","why_service_text":"","template_catalog_visible":"0","template_catalog_title":"","template_catalog_text":"","template_catalog_categories_visible":"","demo_title":"Pospiesz si\u0119, aby stworzy\u0107 dostosowany do indywidualnych potrzeb kana\u0142 Jimdo na Instagramie!","demo_caption":"Dostosuj widget i umie\u015b\u0107 go na swojej stronie internetowej, korzystaj\u0105c z wersji demonstracyjnej na \u017cywo.","default_faq_hidden":"","app_template_category":[],"platform":"193","template_public_id":"","codecanyon_url":"","codecanyon_item_id":"","codecanyon_price":"","pricing_caption":"","pricing_elfsight_apps_hide_column":"","pricing_elfsight_apps_url":"","pricing_codecanyon_price_caption":"","integration_category":[],"integration_request_title":"","integration_request_cta":"","integration_platform":"","integrations":[],"platform_category":[],"video_schema_markup":"","price":"od 0 USD \/ miesi\u0105c","trial":"","benefits":[{"text":"Bezp\u0142atna pomoc w instalacji"},{"text":"Kompetentna obs\u0142uga klienta"},{"text":"14-dniowa gwarancja zwrotu pieni\u0119dzy"}],"button_url":"#demo","button_target_blank":"0","button_nofollow":"0","attributes":[{"name":"Instaluje"},{"name":"Czu\u0142y"},{"name":"Kompatybilne przegl\u0105darki"}],"tags":[],"tags_disable_links":"0","hide_more_platforms":"","video_object":"","demo_hide_cta":"0","demo_hide_cloud_options":"0","pricing_title":"","pricing":[{"pricing_icon":"platform","pricing_title":"Elfsight Apps","pricing_title_caption":"Rozwi\u0105zanie wieloplatformowe, kt\u00f3re pasuje do ka\u017cdej witryny","pricing_price":"od 0 USD \/ miesi\u0105c","pricing_price_caption":"zacznij od bezp\u0142atnego planu","pricing_benefits":[{"text":"Nielimitowane domeny"},{"text":"Bezp\u0142atna obs\u0142uga klienta"},{"text":"Bezp\u0142atna pomoc w monta\u017cu"},{"text":"Ca\u0142kowicie konfigurowalny"}],"pricing_button_text":"Dodaj do witryny","pricing_button_url":"#demo"}],"related_apps_title":"","related_apps_hidden":"0","author":"","image":[],"title":"","job":"","social_networks":[]},"_links":{"self":[{"href":"https:\/\/elfsight.com\/pl\/wp-json\/wp\/v2\/pages\/5471","targetHints":{"allow":["GET"]}}],"collection":[{"href":"https:\/\/elfsight.com\/pl\/wp-json\/wp\/v2\/pages"}],"about":[{"href":"https:\/\/elfsight.com\/pl\/wp-json\/wp\/v2\/types\/page"}],"author":[{"embeddable":true,"href":"https:\/\/elfsight.com\/pl\/wp-json\/wp\/v2\/users\/9"}],"replies":[{"embeddable":true,"href":"https:\/\/elfsight.com\/pl\/wp-json\/wp\/v2\/comments?post=5471"}],"version-history":[{"count":2,"href":"https:\/\/elfsight.com\/pl\/wp-json\/wp\/v2\/pages\/5471\/revisions"}],"predecessor-version":[{"id":9768,"href":"https:\/\/elfsight.com\/pl\/wp-json\/wp\/v2\/pages\/5471\/revisions\/9768"}],"up":[{"embeddable":true,"href":"https:\/\/elfsight.com\/pl\/wp-json\/wp\/v2\/pages\/614"}],"wp:attachment":[{"href":"https:\/\/elfsight.com\/pl\/wp-json\/wp\/v2\/media?parent=5471"}],"curies":[{"name":"wp","href":"https:\/\/api.w.org\/{rel}","templated":true}]}}