{"id":547,"date":"2020-11-20T12:18:59","date_gmt":"2020-11-20T12:18:59","guid":{"rendered":"https:\/\/elfsight.com\/pl\/?page_id=547"},"modified":"2021-04-21T13:48:17","modified_gmt":"2021-04-21T13:48:17","slug":"templatetoaster-widgets","status":"publish","type":"page","link":"https:\/\/elfsight.com\/pl\/templatetoaster-widgets\/","title":{"rendered":"TemplateToaster widgets"},"content":{"rendered":"\n<h2>Najdoskonalsze wtyczki Elfsight dla aktualizacji twojej strony www TemplateToaster<\/h2>\n\n<p>W ci\u0105gu 9 lat nasz zesp\u00f3\u0142 specjalist\u00f3w Elfsight konstruuje proste i wszechstronne elementy interfejsu chmurowe dla Twojej witryny internetowej. Gwarantujemy serwis wsparcia i szybkie \u0142adowanie. Wid\u017cety Elfsight s\u0142u\u017c\u0105 w\u0142a\u015bcicielom stron online, niekomercyjnych i wielu innym na ca\u0142ym \u015bwiecie upora\u0107 si\u0119 z podstawowymi dzia\u0142aniami efektywniej. \n<\/p>\n\n<p>Mo\u017cesz podnie\u015b\u0107 dochody, przedstawi\u0107 5-gwiazdkow\u0105 ocen\u0119 na Pa\u0144stwa produkty, zwi\u0119kszy\u0107 zaufanie do swojej marki poprzez zainstalowanie plugina do swojej strony internetowej. Nasze plany taryfowe s\u0105 w zakresie od bezp\u0142atnych do premium. Spr\u00f3buj zastosowa\u0107 dowolnie odpowiednie wtyczki u\u017cywaj\u0105c naszej wersji Live Demo i sprawd\u017a jak bardzo mo\u017ce to by\u0107 korzystne w kwestii rozwoju strony Web Twojego przedsi\u0119biorstwa. <\/p>\n\n<h2>Co powoduje, \u017ce nasze dodatki Elfsight s\u0105 jednymi z najlepszych instrument\u00f3w dla Twojej strony www? <\/h2>\n\n<p> Oto spis kluczowych charakterystyk naszych aplikacji, kt\u00f3re umo\u017cliwiaj\u0105 nam wyprzedzi\u0107 konkurencj\u0119: <\/p>\n\n\n<ul>\n<li> Nieodp\u0142atna i natychmiastowa wsparcie przy instalacje lub customizacji aplikacji; <\/li>\n<li> Automatyczne dostosowanie do wszystkich rozdzielczo\u015bci stron internetowych i przyjazne dla urz\u0105dze\u0144 mobilnych; <\/li>\n<li> Nie ma potrzeby uczy\u0107 si\u0119 programowa\u0107; <\/li>\n<li> Bogata gama mo\u017cliwo\u015bci personalizacji; <\/li>\n<li> Przechowywanie danych chmurze pomagaj\u0105 zwi\u0119kszy\u0107 pr\u0119dko\u015b\u0107 witryny; <\/li>\n<li> Wszystkie przysz\u0142e aktualizacje s\u0105 bezp\u0142atne i regularnie publikowane; <\/li>\n<li> Uczciwe ceny; <\/li>\n<li> Profesjonalna pomoc w przypadku problem\u00f3w. <\/li>\n<\/ul>\n\n<p> Sprawd\u017a bezp\u0142atne opcje naszych plugin\u00f3w i wykorzystaj jej potencja\u0142 lub kup dowolne wymagane rozwi\u0105zanie z 20% zni\u017ck\u0105. <\/p>\n\n\n<h2> W jaki spos\u00f3b integrowa\u0107 Pa\u0144stwa pluginy na serwisie www TemplateToaster <\/h2>\n\n<p> Aby osadzi\u0107 pluginy, zobacz nast\u0119pnie etapy z prostej wskaz\u00f3wki: <\/p>\n\n\n<ol>\n<li> Naci\u015bnij odpowiedni\u0105 wtyczk\u0119; <\/li>\n<li> Zmodyfikuj odpowiednie zmiany; <\/li>\n<li> Zastosuj zmiany; <\/li>\n<li> Skopiuj otrzymany kod; <\/li>\n<li> Wstaw go w potrzebnym miejscu Twojej witryny lub szablonu; <\/li>\n<li> Gotowe! Masz zainstalowany widget. <\/li>\n<\/ol>\n\n<p> Je\u015bli potrzebujesz porady, nie wahaj si\u0119 skontaktowa\u0107 z zespo\u0142em wsparcia Elfsight. <\/p>\n","protected":false},"excerpt":{"rendered":"Najdoskonalsze wtyczki Elfsight dla aktualizacji twojej strony www TemplateToaster W ci\u0105gu 9 lat nasz zesp\u00f3\u0142 specjalist\u00f3w Elfsight konstruuje proste i wszechstronne elementy interfejsu chmurowe dla Twojej witryny internetowej. Gwarantujemy serwis wsparcia i szybkie \u0142adowanie. Wid\u017cety Elfsight s\u0142u\u017c\u0105 w\u0142a\u015bcicielom stron online, niekomercyjnych i wielu innym na ca\u0142ym \u015bwiecie upora\u0107 si\u0119 z&#8230;","protected":false},"author":13,"featured_media":0,"parent":0,"menu_order":0,"comment_status":"closed","ping_status":"closed","template":"templates\/template-platform.php","meta":{"publish_to_discourse":"","publish_post_category":"","wpdc_auto_publish_overridden":"","wpdc_topic_tags":"","wpdc_pin_topic":"","wpdc_pin_until":"","discourse_post_id":"","discourse_permalink":"","wpdc_publishing_response":"","wpdc_publishing_error":"","footnotes":""},"class_list":["post-547","page","type-page","status-publish","hentry"],"yoast_head":"<!-- This site is optimized with the Yoast SEO plugin v25.3.1 - https:\/\/yoast.com\/wordpress\/plugins\/seo\/ -->\n<title>Ponad 80 darmowych TemplateToaster wtyczek dla strony internetowej<\/title>\n<meta name=\"description\" content=\"Lista najlepszych widget\u00f3w pierwszej klasy dla witryny internetowej TemplateToaster. Pom\u00f3c przy dostosowanie i rozbudowana gama mo\u017cliwo\u015bci.\" \/>\n<meta name=\"robots\" content=\"index, follow, max-snippet:-1, max-image-preview:large, max-video-preview:-1\" \/>\n<link rel=\"canonical\" href=\"https:\/\/elfsight.com\/pl\/templatetoaster-widgets\/\" \/>\n<meta property=\"og:locale\" content=\"pl_PL\" \/>\n<meta property=\"og:type\" content=\"article\" \/>\n<meta property=\"og:title\" content=\"Ponad 80 darmowych TemplateToaster wtyczek dla strony internetowej\" \/>\n<meta property=\"og:description\" content=\"Lista najlepszych widget\u00f3w pierwszej klasy dla witryny internetowej TemplateToaster. Pom\u00f3c przy dostosowanie i rozbudowana gama mo\u017cliwo\u015bci.\" \/>\n<meta property=\"og:url\" content=\"https:\/\/elfsight.com\/pl\/templatetoaster-widgets\/\" \/>\n<meta property=\"og:site_name\" content=\"Elfsight PL\" \/>\n<meta property=\"article:modified_time\" content=\"2021-04-21T13:48:17+00:00\" \/>\n<meta name=\"twitter:card\" content=\"summary_large_image\" \/>\n<meta name=\"twitter:label1\" content=\"Szacowany czas czytania\" \/>\n\t<meta name=\"twitter:data1\" content=\"1 minuta\" \/>\n<!-- \/ Yoast SEO plugin. -->","yoast_head_json":{"title":"Ponad 80 darmowych TemplateToaster wtyczek dla strony internetowej","description":"Lista najlepszych widget\u00f3w pierwszej klasy dla witryny internetowej TemplateToaster. Pom\u00f3c przy dostosowanie i rozbudowana gama mo\u017cliwo\u015bci.","robots":{"index":"index","follow":"follow","max-snippet":"max-snippet:-1","max-image-preview":"max-image-preview:large","max-video-preview":"max-video-preview:-1"},"canonical":"https:\/\/elfsight.com\/pl\/templatetoaster-widgets\/","og_locale":"pl_PL","og_type":"article","og_title":"Ponad 80 darmowych TemplateToaster wtyczek dla strony internetowej","og_description":"Lista najlepszych widget\u00f3w pierwszej klasy dla witryny internetowej TemplateToaster. Pom\u00f3c przy dostosowanie i rozbudowana gama mo\u017cliwo\u015bci.","og_url":"https:\/\/elfsight.com\/pl\/templatetoaster-widgets\/","og_site_name":"Elfsight PL","article_modified_time":"2021-04-21T13:48:17+00:00","twitter_card":"summary_large_image","twitter_misc":{"Szacowany czas czytania":"1 minuta"},"schema":{"@context":"https:\/\/schema.org","@graph":[{"@type":"WebPage","@id":"https:\/\/elfsight.com\/pl\/templatetoaster-widgets\/","url":"https:\/\/elfsight.com\/pl\/templatetoaster-widgets\/","name":"Ponad 80 darmowych TemplateToaster wtyczek dla strony internetowej","isPartOf":{"@id":"https:\/\/elfsight.com\/pl\/#website"},"datePublished":"2020-11-20T12:18:59+00:00","dateModified":"2021-04-21T13:48:17+00:00","description":"Lista najlepszych widget\u00f3w pierwszej klasy dla witryny internetowej TemplateToaster. Pom\u00f3c przy dostosowanie i rozbudowana gama mo\u017cliwo\u015bci.","breadcrumb":{"@id":"https:\/\/elfsight.com\/pl\/templatetoaster-widgets\/#breadcrumb"},"inLanguage":"pl-PL","potentialAction":[{"@type":"ReadAction","target":["https:\/\/elfsight.com\/pl\/templatetoaster-widgets\/"]}]},{"@type":"BreadcrumbList","@id":"https:\/\/elfsight.com\/pl\/templatetoaster-widgets\/#breadcrumb","itemListElement":[{"@type":"ListItem","position":1,"name":"Home","item":"https:\/\/elfsight.com\/pl\/"},{"@type":"ListItem","position":2,"name":"TemplateToaster widgets"}]},{"@type":"WebSite","@id":"https:\/\/elfsight.com\/pl\/#website","url":"https:\/\/elfsight.com\/pl\/","name":"Elfsight PL","description":"Just another Elfsight Sites site","potentialAction":[{"@type":"SearchAction","target":{"@type":"EntryPoint","urlTemplate":"https:\/\/elfsight.com\/pl\/?s={search_term_string}"},"query-input":{"@type":"PropertyValueSpecification","valueRequired":true,"valueName":"search_term_string"}}],"inLanguage":"pl-PL"}]}},"meta_box":{"industry":"","seo_heading":"","heading":"","description":"","cta_heading":"","cta_description":"","application":"","h1":"Najlepsze widgety TemplateToaster","h1_caption":"Nieodp\u0142atny zestaw gotowych do u\u017cycia element\u00f3w interfejsu wysokiej klasy z szerok\u0105 gam\u0105 funkcjonalno\u015bci dla zwi\u0119kszenia sprzeda\u017cy oraz realizacji wszystkich r\u00f3\u017cnych dzia\u0142a\u0144 handlowych. \u0141atwe instalowanie, bogata oferta mo\u017cliwo\u015bci modyfikacji i profesjonalna obs\u0142uga klienta.","application_category":[],"applications_title":"Przetestuj najodpowiedniejsze widgety dla twojej strony internetowej w\u015br\u00f3d wszystkich aplikacji darmowych w demonstracje online","applications_request_title":"Nie mo\u017cesz znale\u017a\u0107 odpowiedniego widgeta?","applications_request_button_text":"Zam\u00f3w widget","hero_text":"","hero_video":"","hero_video_schema_markup":"","selling_points_title":"","selling_points_caption":"","selling_points":[],"selling_points_cta_text":"","features_title":"","features":"","ed_cta_examples_text":"","ed_cta_examples_hidden":"","ed_cta_demo_text":"","ed_cta_demo_hidden":"","why_caption":"","why_editor_title":"","why_editor_text":"","why_team_title":"","why_team_text":"","why_service_title":"","why_service_text":"","template_catalog_visible":"","template_catalog_title":"","template_catalog_text":"","template_catalog_categories_visible":"","demo_title":"","demo_caption":"","default_faq_hidden":"","app_template_category":[],"platform":"544","template_public_id":"","codecanyon_url":"","codecanyon_item_id":"","codecanyon_price":"","pricing_caption":"","pricing_elfsight_apps_hide_column":"","pricing_elfsight_apps_url":"","pricing_codecanyon_price_caption":"","integration_category":[],"integration_request_title":"","integration_request_cta":"","integration_platform":"","integrations":[],"platform_category":[],"video_schema_markup":"","price":"","trial":"","benefits":[],"button_url":"","button_target_blank":"","button_nofollow":"","attributes":[],"tags":[],"tags_disable_links":"","hide_more_platforms":"","video_object":"","demo_hide_cta":"","demo_hide_cloud_options":"","pricing_title":"","pricing":[],"related_apps_title":"","related_apps_hidden":"","author":"","image":[],"title":"","job":"","social_networks":[]},"_links":{"self":[{"href":"https:\/\/elfsight.com\/pl\/wp-json\/wp\/v2\/pages\/547","targetHints":{"allow":["GET"]}}],"collection":[{"href":"https:\/\/elfsight.com\/pl\/wp-json\/wp\/v2\/pages"}],"about":[{"href":"https:\/\/elfsight.com\/pl\/wp-json\/wp\/v2\/types\/page"}],"author":[{"embeddable":true,"href":"https:\/\/elfsight.com\/pl\/wp-json\/wp\/v2\/users\/13"}],"replies":[{"embeddable":true,"href":"https:\/\/elfsight.com\/pl\/wp-json\/wp\/v2\/comments?post=547"}],"version-history":[{"count":2,"href":"https:\/\/elfsight.com\/pl\/wp-json\/wp\/v2\/pages\/547\/revisions"}],"predecessor-version":[{"id":549,"href":"https:\/\/elfsight.com\/pl\/wp-json\/wp\/v2\/pages\/547\/revisions\/549"}],"wp:attachment":[{"href":"https:\/\/elfsight.com\/pl\/wp-json\/wp\/v2\/media?parent=547"}],"curies":[{"name":"wp","href":"https:\/\/api.w.org\/{rel}","templated":true}]}}