{"id":5469,"date":"2024-05-03T06:39:20","date_gmt":"2024-05-03T06:39:20","guid":{"rendered":"https:\/\/elfsight.com\/pl\/?page_id=5469"},"modified":"2024-11-14T12:36:31","modified_gmt":"2024-11-14T12:36:31","slug":"bigcommerce","status":"publish","type":"page","link":"https:\/\/elfsight.com\/pl\/google-reviews-widget\/bigcommerce\/","title":{"rendered":"Google Reviews &#8211; BigCommerce"},"content":{"rendered":"<div class=\"application-platform-content-item-description application-platform-content-item\" id=\"description\" data-nav-section=\"description\"> <h2>Osadzaj recenzje Google za pomoc\u0105 wid\u017cetu Elfsight<\/h2> <p>Elfsight Recenzje Google to nieskomplikowany wid\u017cet, kt\u00f3ry u\u0142atwi Ci publikacj\u0119 w Twojej witrynie opinie klient\u00f3w na temat Twoich produkt\u00f3w lub us\u0142ug od u\u017cytkownik\u00f3w Google. Za pomoc\u0105 tego wid\u017cetu masz do dyspozycji kilka filtr\u00f3w pozwalaj\u0105cych sortowa\u0107 niechciane recenzje, mo\u017cesz wy\u015bwietli\u0107 swoje oceny w postaci gwiazdek i liczb z Google, doda\u0107 szczeg\u00f3\u0142owe informacje o autorach i zintegrowa\u0107 przycisk, kt\u00f3ry poprowadzi odwiedzaj\u0105cych do opuszczenia recenzji w Google. Elfsight pomo\u017ce Ci wykaza\u0107 si\u0119 wysokim poziomem wiarygodno\u015bci spo\u0142ecznej na stronie internetowej i przyci\u0105gn\u0105\u0107 now\u0105 sprzeda\u017c. <\/p><div class=\"faq\" data-component=\"FAQ\"> <div class=\"faq-item\">\r\n\t\t\t\t\t<div class=\"faq-item-question\">\r\n\t\t\t\t\t\t<h3 class=\"faq-item-question-text\">Gdzie w mojej witrynie mog\u0119 zainstalowa\u0107 aplikacj\u0119 Bigcommerce do przegl\u0105dania recenzji?<\/h3>\r\n\r\n\t\t\t\t\t\t<div class=\"faq-item-question-icon\"><\/div>\r\n\t\t\t\t\t<\/div>\r\n\r\n\t\t\t\t\t<div class=\"faq-item-answer\">\r\n\t\t\t\t\t\t<div class=\"faq-item-answer-text\"> <p>Mo\u017cesz wstawi\u0107 wid\u017cet opinii klient\u00f3w na dowolnej stronie witryny lub wklei\u0107 go do szablon witryny, aby pojawi\u0142 si\u0119 na wszystkich stronach. Recenzje sprawdzaj\u0105 si\u0119 na stronach produkt\u00f3w lub na stronie O nas, gdzie chcesz pochwali\u0107 si\u0119 wysok\u0105 ocen\u0105.<\/p><\/div>\r\n\t\t\t\t\t<\/div>\r\n\t\t\t\t<\/div> <div class=\"faq-item\">\r\n\t\t\t\t\t<div class=\"faq-item-question\">\r\n\t\t\t\t\t\t<h3 class=\"faq-item-question-text\">Jakie b\u0119d\u0119 z tego korzy\u015bci?<\/h3>\r\n\r\n\t\t\t\t\t\t<div class=\"faq-item-question-icon\"><\/div>\r\n\t\t\t\t\t<\/div>\r\n\r\n\t\t\t\t\t<div class=\"faq-item-answer\">\r\n\t\t\t\t\t\t<div class=\"faq-item-answer-text\"> <p>Recenzje wystawione przez prawdziwych ludzi maksymalnie godny zaufania u\u017cytkownik\u00f3w Twojej witryny i udowodnij im, \u017ce Twoja firma jest wiarygodnym partnerem. Wysoka ocena i dobre referencje mog\u0105 pom\u00f3c w zwi\u0119kszeniu poziomu zakup\u00f3w w Twojej witrynie. Aktywny przycisk mo\u017ce tak\u017ce przyczyni\u0107 si\u0119 do zwi\u0119kszenia liczby opinii u\u017cytkownik\u00f3w na temat Twoich ofert lub us\u0142ug w Google.<\/p> <\/div>\r\n\t\t\t\t\t<\/div>\r\n\t\t\t\t<\/div><div class=\"faq-item\">\r\n\t\t\t\t\t<div class=\"faq-item-question\">\r\n\t\t\t\t\t\t<h3 class=\"faq-item-question-text\">Jak doda\u0107 recenzje Google do mojej witryny BigCommerce?<\/h3>\r\n\r\n\t\t\t\t\t\t<div class=\"faq-item-question-icon\"><\/div>\r\n\t\t\t\t\t<\/div>\r\n\r\n\t\t\t\t\t<div class=\"faq-item-answer\">\r\n\t\t\t\t\t\t<div class=\"faq-item-answer-text\"> <p> Wykonanie tej czynno\u015bci zajmuje dwie minuty. Instalacja jest niezwykle szybka, bezp\u0142atna i nie wymaga kodowania.<\/p> <p>Widget mo\u017cna skonfigurowa\u0107 bezpo\u015brednio za po\u015brednictwem naszego serwisu lub za po\u015brednictwem rynku. Mo\u017cesz zapozna\u0107 si\u0119 z zaletami obu opcji i wybra\u0107 swoj\u0105.<\/p> <\/div>\r\n\t\t\t\t\t<\/div>\r\n\t\t\t\t<\/div> <\/div> <\/div><div class=\"application-platform-content-item-features application-platform-content-item\" id=\"features\" data-nav-section=\"features\"> <h2>G\u0142\u00f3wne funkcje aplikacji Recenzje Google<\/h2> <p>Aby lepiej zrozumie\u0107 wid\u017cet, mo\u017cesz przejrze\u0107 list\u0119 podstawowych cech. Sprawiaj\u0105, \u017ce ten widget jest niezwykle wydajny dla Twojej witryny: <\/p> <ul> <li>3 opcje filtr\u00f3w: wed\u0142ug typu, wykluczenia wed\u0142ug i liczby wy\u015bwietlanych recenzji; <\/li> <li>Cztery predefiniowane uk\u0142ady: Lista, Siatka, Mur i Suwak;<\/li> <li> W pe\u0142ni elastyczny nag\u0142\u00f3wek wid\u017cetu; <\/li> <li>Przycisk pro\u015bby o recenzj\u0119 przenosi u\u017cytkownik\u00f3w na stron\u0119 Google;<\/li> <li>Sze\u015b\u0107 regulowanych element\u00f3w interfejsu: nazwisko i zdj\u0119cie autora, tekst rekomendacji, data, ikona Google i liczba gwiazdek ;<\/li> <li>Dwie alternatywne scenariusze po odrzuceniu pro\u015bby o sprawdzenie: ujawnij wiadomo\u015b\u0107 lub ukryj przycisk.<\/li> <\/ul><p><a href=\"#demo\">Aby pozna\u0107 wi\u0119cej funkcji, zobacz demo<\/a><\/p> <\/div><div class=\"application-platform-content-item-installation application-platform-content-item\" id=\"installation\" data-nav-section=\"installation\"> <h2>Jak osadzi\u0107 recenzje Google w swoim BigCommerce<\/h2><iframe width=\"720\" height=\"405\" src=\"https:\/\/www.youtube.com\/embed\/mHu12-4gtWQ\" frameborder=\"0\" allowfullscreen=\"\"><\/iframe><p>Wystarczy wykona\u0107 kilka krok\u00f3w opisanych poni\u017cej, aby rozpocz\u0105\u0107 korzystanie z aplikacji w BigCommerce.<\/p> <ol><li><b>Skorzystaj z naszej bezp\u0142atnej wersji demonstracyjnej i zacznij tworzy\u0107 niestandardowy wid\u017cet Recenzji Google.<\/b><br> Znajd\u017a preferowan\u0105 form\u0119 i cechy funkcjonalne aplikacji i zapisz poprawki.<\/li> <li><b>Zdob\u0105d\u017a sw\u00f3j osobisty kod pojawiaj\u0105cy si\u0119 w polu w aplikacjach Elfsight.<\/b><br> Zaraz po zako\u0144czeniu konfiguracji wid\u017cetu skopiuj ekskluzywny kod z wy\u015bwietlonego okna i zachowaj go na przysz\u0142o\u015b\u0107.<\/li> <li><b>Zainicjuj stosowanie wid\u017cetu na stronie BigCommerce.<\/b><br> Osad\u017a ostatnio zapisany kod na swojej stronie i zapisz zmiany. <\/li> <li><b>Gotowe! Osadzanie zosta\u0142o pomy\u015blnie wykonane. <\/b><br> Przejd\u017a do swojej strony, aby zobaczy\u0107, jak dzia\u0142a aplikacja. <\/li><\/ol><p>Nadal masz w\u0105tpliwo\u015bci? A mo\u017ce masz problemy z wstawianiem recenzji Google w Bigcommerce? Po prostu wy\u015blij swoj\u0105 pro\u015bb\u0119 do naszego dzia\u0142u obs\u0142ugi klienta, aby otrzyma\u0107 pomoc w przypadku jakichkolwiek pyta\u0144. <\/p> <\/div>","protected":false},"excerpt":{"rendered":"","protected":false},"author":9,"featured_media":0,"parent":675,"menu_order":0,"comment_status":"closed","ping_status":"closed","template":"templates\/template-application-platform.php","meta":{"publish_to_discourse":"","publish_post_category":"","wpdc_auto_publish_overridden":"","wpdc_topic_tags":"","wpdc_pin_topic":"","wpdc_pin_until":"","discourse_post_id":"","discourse_permalink":"","wpdc_publishing_response":"","wpdc_publishing_error":"","footnotes":""},"class_list":["post-5469","page","type-page","status-publish","hentry"],"yoast_head":"<!-- This site is optimized with the Yoast SEO plugin v25.3.1 - https:\/\/yoast.com\/wordpress\/plugins\/seo\/ -->\n<title>Osad\u017a recenzje Google na BigCommerce - dodaj recenzje na stronie w 2 minuty!<\/title>\n<meta name=\"description\" content=\"Dzi\u0119ki Elfsight mo\u017cesz b\u0142yskawicznie tworzy\u0107 recenzje Google i publikowa\u0107 je w sklepie BigCommerce. Oferujemy bezp\u0142atn\u0105 obs\u0142ug\u0119 klienta i wi\u0119cej bonus\u00f3w.\" \/>\n<meta name=\"robots\" content=\"index, follow, max-snippet:-1, max-image-preview:large, max-video-preview:-1\" \/>\n<link rel=\"canonical\" href=\"https:\/\/elfsight.com\/pl\/google-reviews-widget\/bigcommerce\/\" \/>\n<meta property=\"og:locale\" content=\"pl_PL\" \/>\n<meta property=\"og:type\" content=\"article\" \/>\n<meta property=\"og:title\" content=\"Osad\u017a recenzje Google na BigCommerce - dodaj recenzje na stronie w 2 minuty!\" \/>\n<meta property=\"og:description\" content=\"Dzi\u0119ki Elfsight mo\u017cesz b\u0142yskawicznie tworzy\u0107 recenzje Google i publikowa\u0107 je w sklepie BigCommerce. Oferujemy bezp\u0142atn\u0105 obs\u0142ug\u0119 klienta i wi\u0119cej bonus\u00f3w.\" \/>\n<meta property=\"og:url\" content=\"https:\/\/elfsight.com\/pl\/google-reviews-widget\/bigcommerce\/\" \/>\n<meta property=\"og:site_name\" content=\"Elfsight PL\" \/>\n<meta property=\"article:modified_time\" content=\"2024-11-14T12:36:31+00:00\" \/>\n<meta name=\"twitter:card\" content=\"summary_large_image\" \/>\n<meta name=\"twitter:label1\" content=\"Szacowany czas czytania\" \/>\n\t<meta name=\"twitter:data1\" content=\"3 minuty\" \/>\n<!-- \/ Yoast SEO plugin. -->","yoast_head_json":{"title":"Osad\u017a recenzje Google na BigCommerce - dodaj recenzje na stronie w 2 minuty!","description":"Dzi\u0119ki Elfsight mo\u017cesz b\u0142yskawicznie tworzy\u0107 recenzje Google i publikowa\u0107 je w sklepie BigCommerce. Oferujemy bezp\u0142atn\u0105 obs\u0142ug\u0119 klienta i wi\u0119cej bonus\u00f3w.","robots":{"index":"index","follow":"follow","max-snippet":"max-snippet:-1","max-image-preview":"max-image-preview:large","max-video-preview":"max-video-preview:-1"},"canonical":"https:\/\/elfsight.com\/pl\/google-reviews-widget\/bigcommerce\/","og_locale":"pl_PL","og_type":"article","og_title":"Osad\u017a recenzje Google na BigCommerce - dodaj recenzje na stronie w 2 minuty!","og_description":"Dzi\u0119ki Elfsight mo\u017cesz b\u0142yskawicznie tworzy\u0107 recenzje Google i publikowa\u0107 je w sklepie BigCommerce. Oferujemy bezp\u0142atn\u0105 obs\u0142ug\u0119 klienta i wi\u0119cej bonus\u00f3w.","og_url":"https:\/\/elfsight.com\/pl\/google-reviews-widget\/bigcommerce\/","og_site_name":"Elfsight PL","article_modified_time":"2024-11-14T12:36:31+00:00","twitter_card":"summary_large_image","twitter_misc":{"Szacowany czas czytania":"3 minuty"},"schema":{"@context":"https:\/\/schema.org","@graph":[{"@type":"WebPage","@id":"https:\/\/elfsight.com\/pl\/google-reviews-widget\/bigcommerce\/","url":"https:\/\/elfsight.com\/pl\/google-reviews-widget\/bigcommerce\/","name":"Osad\u017a recenzje Google na BigCommerce - dodaj recenzje na stronie w 2 minuty!","isPartOf":{"@id":"https:\/\/elfsight.com\/pl\/#website"},"datePublished":"2024-05-03T06:39:20+00:00","dateModified":"2024-11-14T12:36:31+00:00","description":"Dzi\u0119ki Elfsight mo\u017cesz b\u0142yskawicznie tworzy\u0107 recenzje Google i publikowa\u0107 je w sklepie BigCommerce. Oferujemy bezp\u0142atn\u0105 obs\u0142ug\u0119 klienta i wi\u0119cej bonus\u00f3w.","breadcrumb":{"@id":"https:\/\/elfsight.com\/pl\/google-reviews-widget\/bigcommerce\/#breadcrumb"},"inLanguage":"pl-PL","potentialAction":[{"@type":"ReadAction","target":["https:\/\/elfsight.com\/pl\/google-reviews-widget\/bigcommerce\/"]}]},{"@type":"BreadcrumbList","@id":"https:\/\/elfsight.com\/pl\/google-reviews-widget\/bigcommerce\/#breadcrumb","itemListElement":[{"@type":"ListItem","position":1,"name":"Home","item":"https:\/\/elfsight.com\/pl\/"},{"@type":"ListItem","position":2,"name":"Google Reviews","item":"https:\/\/elfsight.com\/pl\/google-reviews-widget\/"},{"@type":"ListItem","position":3,"name":"Google Reviews &#8211; BigCommerce"}]},{"@type":"WebSite","@id":"https:\/\/elfsight.com\/pl\/#website","url":"https:\/\/elfsight.com\/pl\/","name":"Elfsight PL","description":"Just another Elfsight Sites site","potentialAction":[{"@type":"SearchAction","target":{"@type":"EntryPoint","urlTemplate":"https:\/\/elfsight.com\/pl\/?s={search_term_string}"},"query-input":{"@type":"PropertyValueSpecification","valueRequired":true,"valueName":"search_term_string"}}],"inLanguage":"pl-PL"}]}},"meta_box":{"industry":"","seo_heading":"","heading":"","description":"","cta_heading":"","cta_description":"","application":"668","h1":"Aplikacja BigCommerce Recenzje Google","h1_caption":"Osadzaj recenzje swojego miejsca z Google, aby bez wysi\u0142ku uzyska\u0107 najlepsze wra\u017cenia klient\u00f3w w swojej witrynie w witrynie BigCommerce.","application_category":[],"applications_title":"","applications_request_title":"","applications_request_button_text":"","hero_text":"","hero_video":"","hero_video_schema_markup":"","selling_points_title":"","selling_points_caption":"","selling_points":[],"selling_points_cta_text":"","features_title":"","features":"","ed_cta_examples_text":"","ed_cta_examples_hidden":"","ed_cta_demo_text":"","ed_cta_demo_hidden":"","why_caption":"","why_editor_title":"","why_editor_text":"","why_team_title":"","why_team_text":"","why_service_title":"","why_service_text":"","template_catalog_visible":"","template_catalog_title":"","template_catalog_text":"","template_catalog_categories_visible":"","demo_title":"Utw\u00f3rz aplikacj\u0119 Recenzje Google","demo_caption":"Skonfiguruj swoje recenzje Google i dodaj je do swojej witryny BigCommerce za darmo!","default_faq_hidden":"","app_template_category":[],"platform":"41","template_public_id":"","codecanyon_url":"","codecanyon_item_id":"","codecanyon_price":"","pricing_caption":"","pricing_elfsight_apps_hide_column":"","pricing_elfsight_apps_url":"","pricing_codecanyon_price_caption":"","integration_category":[],"integration_request_title":"","integration_request_cta":"","integration_platform":"","integrations":[],"platform_category":[],"video_schema_markup":"","price":"od 0 USD \/ miesi\u0105c","trial":"","benefits":[{"text":"Bezp\u0142atna us\u0142uga monta\u017cu"},{"text":"Do\u015bwiadczona obs\u0142uga klienta"},{"text":"14-dniowa gwarancja zwrotu pieni\u0119dzy"}],"button_url":"#demo","button_target_blank":"","button_nofollow":"","attributes":[{"name":"Instaluje"},{"name":"Czu\u0142y"},{"name":"Kompatybilne przegl\u0105darki"}],"tags":[],"tags_disable_links":"","hide_more_platforms":"","video_object":"","demo_hide_cta":"","demo_hide_cloud_options":"","pricing_title":"","pricing":[{"pricing_icon":"platform","pricing_title":"Elfsight Apps","pricing_title_caption":"Wersja niezale\u017cna od platformy, kt\u00f3ra dzia\u0142a na ka\u017cdej stronie","pricing_price":"od 0 USD \/ miesi\u0105c","pricing_price_caption":"zacznij od bezp\u0142atnego planu","pricing_benefits":[{"text":"Nielimitowane strony internetowe"},{"text":"Dedykowane wsparcie"},{"text":"Bezp\u0142atna pomoc przy instalacji"},{"text":"W pe\u0142ni konfigurowalny"}],"pricing_button_text":"Dodaj do witryny","pricing_button_url":"#demo"}],"related_apps_title":"","related_apps_hidden":"","author":"","image":[],"title":"","job":"","social_networks":[]},"_links":{"self":[{"href":"https:\/\/elfsight.com\/pl\/wp-json\/wp\/v2\/pages\/5469","targetHints":{"allow":["GET"]}}],"collection":[{"href":"https:\/\/elfsight.com\/pl\/wp-json\/wp\/v2\/pages"}],"about":[{"href":"https:\/\/elfsight.com\/pl\/wp-json\/wp\/v2\/types\/page"}],"author":[{"embeddable":true,"href":"https:\/\/elfsight.com\/pl\/wp-json\/wp\/v2\/users\/9"}],"replies":[{"embeddable":true,"href":"https:\/\/elfsight.com\/pl\/wp-json\/wp\/v2\/comments?post=5469"}],"version-history":[{"count":2,"href":"https:\/\/elfsight.com\/pl\/wp-json\/wp\/v2\/pages\/5469\/revisions"}],"predecessor-version":[{"id":7841,"href":"https:\/\/elfsight.com\/pl\/wp-json\/wp\/v2\/pages\/5469\/revisions\/7841"}],"up":[{"embeddable":true,"href":"https:\/\/elfsight.com\/pl\/wp-json\/wp\/v2\/pages\/675"}],"wp:attachment":[{"href":"https:\/\/elfsight.com\/pl\/wp-json\/wp\/v2\/media?parent=5469"}],"curies":[{"name":"wp","href":"https:\/\/api.w.org\/{rel}","templated":true}]}}