{"id":5463,"date":"2024-05-03T06:39:18","date_gmt":"2024-05-03T06:39:18","guid":{"rendered":"https:\/\/elfsight.com\/pl\/?page_id=5463"},"modified":"2024-11-14T12:36:31","modified_gmt":"2024-11-14T12:36:31","slug":"drupal","status":"publish","type":"page","link":"https:\/\/elfsight.com\/pl\/google-reviews-widget\/drupal\/","title":{"rendered":"Google Reviews &#8211; Drupal"},"content":{"rendered":"<div class=\"application-platform-content-item-description application-platform-content-item\" id=\"description\" data-nav-section=\"description\"> <h2>Osadzaj recenzje Google za pomoc\u0105 modu\u0142u Elfsight<\/h2> <p>Elfsight Recenzje Google to \u0142atwy wid\u017cet, kt\u00f3ry pomaga Ci prezentowa\u0107 recenzje na temat Twojego firmy z wpis\u00f3w w Google. Dzi\u0119ki naszemu wid\u017cetowi b\u0119dziesz m\u00f3g\u0142 zastosowa\u0107 filtry, aby ukry\u0107 negatywne recenzje, pochwali\u0107 si\u0119 gwiazdkami i ocenami liczbowymi w Google, poda\u0107 informacje o autorach oraz doda\u0107 przycisk, kt\u00f3ry pomo\u017ce odwiedzaj\u0105cym doda\u0107 jeszcze jedn\u0105 recenzj\u0119 w Google. Widget Recenzje Google Elfsight pomo\u017ce Ci pochwali\u0107 si\u0119 doskona\u0142ym dowodem spo\u0142eczno\u015bciowym na Twojej osobistej stronie i zwi\u0119kszy\u0107 sprzeda\u017c. <\/p><div class=\"faq\" data-component=\"FAQ\"> <div class=\"faq-item\">\r\n\t\t\t\t\t<div class=\"faq-item-question\">\r\n\t\t\t\t\t\t<h3 class=\"faq-item-question-text\">Gdzie na mojej stronie internetowej mog\u0119 zainstalowa\u0107 widget?<\/h3>\r\n\r\n\t\t\t\t\t\t<div class=\"faq-item-question-icon\"><\/div>\r\n\t\t\t\t\t<\/div>\r\n\r\n\t\t\t\t\t<div class=\"faq-item-answer\">\r\n\t\t\t\t\t\t<div class=\"faq-item-answer-text\"> <p>Nasz widget mo\u017cna umie\u015bci\u0107 na dowolnej stronie internetowej, na kt\u00f3rej chcia\u0142by\u015b pokaza\u0107 swoje du\u017ce uznanie i popularno\u015b\u0107 w\u015br\u00f3d klient\u00f3w . Je\u015bli potrzebujesz go na wszystkich stronach swojej witryny, mo\u017cesz \u0142atwo wstawi\u0107 go do szablonu witryny. <\/p><\/div>\r\n\t\t\t\t\t<\/div>\r\n\t\t\t\t<\/div> <div class=\"faq-item\">\r\n\t\t\t\t\t<div class=\"faq-item-question\">\r\n\t\t\t\t\t\t<h3 class=\"faq-item-question-text\">Jakie korzy\u015bci odnios\u0119 z modu\u0142u Drupala dla Recenzji Google?<\/h3>\r\n\r\n\t\t\t\t\t\t<div class=\"faq-item-question-icon\"><\/div>\r\n\t\t\t\t\t<\/div>\r\n\r\n\t\t\t\t\t<div class=\"faq-item-answer\">\r\n\t\t\t\t\t\t<div class=\"faq-item-answer-text\"> <p>Recenzje wystawiane przez prawdziwych ludzi wygl\u0105daj\u0105 dla klient\u00f3w Twojej witryny bezb\u0142\u0119dnie wiarygodnie i pokazuj\u0105 im, \u017ce Twoja firma jest wiarygodna partner. Wysoka ocena i dobre referencje mog\u0105 pom\u00f3c w podniesieniu poziomu sprzeda\u017cy w Twojej witrynie. Aktywny przycisk mo\u017ce tak\u017ce przyczyni\u0107 si\u0119 do zwi\u0119kszenia liczby opinii u\u017cytkownik\u00f3w na temat Twojej firmy w Google. <\/p> <\/div>\r\n\t\t\t\t\t<\/div>\r\n\t\t\t\t<\/div> <div class=\"faq-item\">\r\n\t\t\t\t\t<div class=\"faq-item-question\">\r\n\t\t\t\t\t\t<h3 class=\"faq-item-question-text\">Jak doda\u0107 wid\u017cet Recenzje Google na mojej stronie Drupal?<\/h3>\r\n\r\n\t\t\t\t\t\t<div class=\"faq-item-question-icon\"><\/div>\r\n\t\t\t\t\t<\/div>\r\n\r\n\t\t\t\t\t<div class=\"faq-item-answer\">\r\n\t\t\t\t\t\t<div class=\"faq-item-answer-text\"> <p>Zajmie to dwie minuty. Instalacja jest niezwykle szybka, darmowa i bez kodowania. <\/p> <p>Wid\u017cet mo\u017cna skonfigurowa\u0107 bezpo\u015brednio w naszym serwisie lub za po\u015brednictwem rynku. Mo\u017cesz zapozna\u0107 si\u0119 z zaletami obu opcji i wybra\u0107 swoj\u0105. <\/p> <\/div>\r\n\t\t\t\t\t<\/div>\r\n\t\t\t\t<\/div> <\/div><\/div><div class=\"application-platform-content-item-features application-platform-content-item\" id=\"features\" data-nav-section=\"features\"> <h2>G\u0142\u00f3wne funkcje modu\u0142u Recenzje Google<\/h2> <p>Aby lepiej zrozumie\u0107 wid\u017cet, mo\u017cesz przejrze\u0107 list\u0119 cech podstawowych. Sprawiaj\u0105, \u017ce ten widget jest niezwykle wydajny dla Twojej witryny: <\/p> <ul> <li>3 gotowe do u\u017cycia filtry: wed\u0142ug typu, wykluczania i ilo\u015bci wy\u015bwietlanych recenzji; <\/li> <li>4 gotowe do u\u017cycia uk\u0142ady: Lista, Siatka, Mur i Suwak; <\/li> <li>Opcja w\u0142\u0105czania\/wy\u0142\u0105czania nag\u0142\u00f3wka wid\u017cetu; <\/li> <li>Aktywny przycisk umo\u017cliwiaj\u0105cy udost\u0119pnienie jeszcze jednej recenzji przenosi u\u017cytkownik\u00f3w na stron\u0119 Google; <\/li> <li>6 regulowanych element\u00f3w wid\u017cetu: imi\u0119 i nazwisko autora i zdj\u0119cie, rekomendacja, data udost\u0119pnienia, ikona Google i liczba gwiazdek; <\/li> <li>Dwa warianty scenariuszy po odrzuceniu pro\u015bby o sprawdzenie: wy\u015bwietl wiadomo\u015b\u0107 lub usu\u0144 przycisk. <\/li> <\/ul><p><a href=\"#demo\">Aby pozna\u0107 wi\u0119cej funkcji, zobacz wersj\u0119 demonstracyjn\u0105<\/a><\/p> <\/div><div class=\"application-platform-content-item-installation application-platform-content-item\" id=\"installation\" data-nav-section=\"installation\"> <h2> Dowiedz si\u0119, jak zintegrowa\u0107 Recenzje Google ze swoj\u0105 witryn\u0105 Drupal<\/h2> <div class=\"video-container\"><iframe width=\"720\" height=\"405\" src=\"https:\/\/www.youtube.com\/embed\/eALhc53nhdU\" frameborder=\"0\" allowfullscreen=\"\"><\/iframe><\/div><p>Wystarczy post\u0119powa\u0107 zgodnie z poni\u017cszymi instrukcjami, aby zintegrowa\u0107 modu\u0142 z Drupalem.<\/p> <ol><li><b> Skorzystaj z naszego bezp\u0142atnego edytora i zacznij tworzy\u0107 spersonalizowany modu\u0142 Recenzji Google. <\/b><br> Wybierz preferowany uk\u0142ad i opcje narz\u0119dzia i zapisz zmiany. <\/li> <li><b>Odbierz sw\u00f3j indywidualny kod pojawiaj\u0105cy si\u0119 w polu aplikacji Elfsight. <\/b><br> Zaraz po zako\u0144czeniu tworzenia osobistego wid\u017cetu skopiuj osobisty kod z wyskakuj\u0105cego okienka i zachowaj go na przysz\u0142o\u015b\u0107. <\/li> <li><b>Rozpocznij korzystanie z narz\u0119dzia na stronie Drupal. <\/b><br> Wstaw skopiowany ostatnio kod na swoj\u0105 stron\u0119 i zapisz zmiany. <\/li> <li><b>Gotowe! Integracja przebieg\u0142a pomy\u015blnie.<\/b><br> Przejd\u017a do swojej witryny, aby sprawdzi\u0107 dzia\u0142anie modu\u0142u. <\/li><\/ol><p>Nadal masz w\u0105tpliwo\u015bci? A mo\u017ce masz problemy z instalacj\u0105 Recenzji Google na Drupalu? Po prostu wy\u015blij swoj\u0105 pro\u015bb\u0119 do naszego dzia\u0142u obs\u0142ugi klienta, a oni odpowiedz\u0105 na ka\u017cde pytanie. <\/p> <\/div>","protected":false},"excerpt":{"rendered":"","protected":false},"author":9,"featured_media":0,"parent":675,"menu_order":0,"comment_status":"closed","ping_status":"closed","template":"templates\/template-application-platform.php","meta":{"publish_to_discourse":"","publish_post_category":"","wpdc_auto_publish_overridden":"","wpdc_topic_tags":"","wpdc_pin_topic":"","wpdc_pin_until":"","discourse_post_id":"","discourse_permalink":"","wpdc_publishing_response":"","wpdc_publishing_error":"","footnotes":""},"class_list":["post-5463","page","type-page","status-publish","hentry"],"yoast_head":"<!-- This site is optimized with the Yoast SEO plugin v25.3.1 - https:\/\/yoast.com\/wordpress\/plugins\/seo\/ -->\n<title>Osad\u017a modu\u0142 Recenzje Google na swojej stronie Drupal (w 2 minuty)<\/title>\n<meta name=\"description\" content=\"Dzi\u0119ki Elfsight zaprojektuj modu\u0142 Recenzji Google i b\u0142yskawicznie umie\u015b\u0107 go na swojej stronie Drupal. Mamy bezp\u0142atn\u0105 obs\u0142ug\u0119 klienta i inne bonusy.\" \/>\n<meta name=\"robots\" content=\"index, follow, max-snippet:-1, max-image-preview:large, max-video-preview:-1\" \/>\n<link rel=\"canonical\" href=\"https:\/\/elfsight.com\/pl\/google-reviews-widget\/drupal\/\" \/>\n<meta property=\"og:locale\" content=\"pl_PL\" \/>\n<meta property=\"og:type\" content=\"article\" \/>\n<meta property=\"og:title\" content=\"Osad\u017a modu\u0142 Recenzje Google na swojej stronie Drupal (w 2 minuty)\" \/>\n<meta property=\"og:description\" content=\"Dzi\u0119ki Elfsight zaprojektuj modu\u0142 Recenzji Google i b\u0142yskawicznie umie\u015b\u0107 go na swojej stronie Drupal. Mamy bezp\u0142atn\u0105 obs\u0142ug\u0119 klienta i inne bonusy.\" \/>\n<meta property=\"og:url\" content=\"https:\/\/elfsight.com\/pl\/google-reviews-widget\/drupal\/\" \/>\n<meta property=\"og:site_name\" content=\"Elfsight PL\" \/>\n<meta property=\"article:modified_time\" content=\"2024-11-14T12:36:31+00:00\" \/>\n<meta name=\"twitter:card\" content=\"summary_large_image\" \/>\n<meta name=\"twitter:label1\" content=\"Szacowany czas czytania\" \/>\n\t<meta name=\"twitter:data1\" content=\"3 minuty\" \/>\n<!-- \/ Yoast SEO plugin. -->","yoast_head_json":{"title":"Osad\u017a modu\u0142 Recenzje Google na swojej stronie Drupal (w 2 minuty)","description":"Dzi\u0119ki Elfsight zaprojektuj modu\u0142 Recenzji Google i b\u0142yskawicznie umie\u015b\u0107 go na swojej stronie Drupal. Mamy bezp\u0142atn\u0105 obs\u0142ug\u0119 klienta i inne bonusy.","robots":{"index":"index","follow":"follow","max-snippet":"max-snippet:-1","max-image-preview":"max-image-preview:large","max-video-preview":"max-video-preview:-1"},"canonical":"https:\/\/elfsight.com\/pl\/google-reviews-widget\/drupal\/","og_locale":"pl_PL","og_type":"article","og_title":"Osad\u017a modu\u0142 Recenzje Google na swojej stronie Drupal (w 2 minuty)","og_description":"Dzi\u0119ki Elfsight zaprojektuj modu\u0142 Recenzji Google i b\u0142yskawicznie umie\u015b\u0107 go na swojej stronie Drupal. Mamy bezp\u0142atn\u0105 obs\u0142ug\u0119 klienta i inne bonusy.","og_url":"https:\/\/elfsight.com\/pl\/google-reviews-widget\/drupal\/","og_site_name":"Elfsight PL","article_modified_time":"2024-11-14T12:36:31+00:00","twitter_card":"summary_large_image","twitter_misc":{"Szacowany czas czytania":"3 minuty"},"schema":{"@context":"https:\/\/schema.org","@graph":[{"@type":"WebPage","@id":"https:\/\/elfsight.com\/pl\/google-reviews-widget\/drupal\/","url":"https:\/\/elfsight.com\/pl\/google-reviews-widget\/drupal\/","name":"Osad\u017a modu\u0142 Recenzje Google na swojej stronie Drupal (w 2 minuty)","isPartOf":{"@id":"https:\/\/elfsight.com\/pl\/#website"},"datePublished":"2024-05-03T06:39:18+00:00","dateModified":"2024-11-14T12:36:31+00:00","description":"Dzi\u0119ki Elfsight zaprojektuj modu\u0142 Recenzji Google i b\u0142yskawicznie umie\u015b\u0107 go na swojej stronie Drupal. Mamy bezp\u0142atn\u0105 obs\u0142ug\u0119 klienta i inne bonusy.","breadcrumb":{"@id":"https:\/\/elfsight.com\/pl\/google-reviews-widget\/drupal\/#breadcrumb"},"inLanguage":"pl-PL","potentialAction":[{"@type":"ReadAction","target":["https:\/\/elfsight.com\/pl\/google-reviews-widget\/drupal\/"]}]},{"@type":"BreadcrumbList","@id":"https:\/\/elfsight.com\/pl\/google-reviews-widget\/drupal\/#breadcrumb","itemListElement":[{"@type":"ListItem","position":1,"name":"Home","item":"https:\/\/elfsight.com\/pl\/"},{"@type":"ListItem","position":2,"name":"Google Reviews","item":"https:\/\/elfsight.com\/pl\/google-reviews-widget\/"},{"@type":"ListItem","position":3,"name":"Google Reviews &#8211; Drupal"}]},{"@type":"WebSite","@id":"https:\/\/elfsight.com\/pl\/#website","url":"https:\/\/elfsight.com\/pl\/","name":"Elfsight PL","description":"Just another Elfsight Sites site","potentialAction":[{"@type":"SearchAction","target":{"@type":"EntryPoint","urlTemplate":"https:\/\/elfsight.com\/pl\/?s={search_term_string}"},"query-input":{"@type":"PropertyValueSpecification","valueRequired":true,"valueName":"search_term_string"}}],"inLanguage":"pl-PL"}]}},"meta_box":{"industry":"","seo_heading":"","heading":"","description":"","cta_heading":"","cta_description":"","application":"668","h1":"Modu\u0142 Drupal Recenzje Google","h1_caption":"Osadzaj recenzje swojego miejsca z Google, aby bezproblemowo uzyska\u0107 najlepsze wra\u017cenia klient\u00f3w w swojej witrynie w witrynie Drupal.","application_category":[],"applications_title":"","applications_request_title":"","applications_request_button_text":"","hero_text":"","hero_video":"","hero_video_schema_markup":"","selling_points_title":"","selling_points_caption":"","selling_points":[],"selling_points_cta_text":"","features_title":"","features":"","ed_cta_examples_text":"","ed_cta_examples_hidden":"","ed_cta_demo_text":"","ed_cta_demo_hidden":"","why_caption":"","why_editor_title":"","why_editor_text":"","why_team_title":"","why_team_text":"","why_service_title":"","why_service_text":"","template_catalog_visible":"","template_catalog_title":"","template_catalog_text":"","template_catalog_categories_visible":"","demo_title":"Utw\u00f3rz modu\u0142 Recenzji Google","demo_caption":"Skonfiguruj swoje Recenzje Google i dodaj je do swojej witryny Drupal za darmo!","default_faq_hidden":"","app_template_category":[],"platform":"47","template_public_id":"","codecanyon_url":"","codecanyon_item_id":"","codecanyon_price":"","pricing_caption":"","pricing_elfsight_apps_hide_column":"","pricing_elfsight_apps_url":"","pricing_codecanyon_price_caption":"","integration_category":[],"integration_request_title":"","integration_request_cta":"","integration_platform":"","integrations":[],"platform_category":[],"video_schema_markup":"","price":"od 0 USD \/ miesi\u0105c","trial":"","benefits":[{"text":"Bezp\u0142atna us\u0142uga monta\u017cu"},{"text":"Wyj\u0105tkowe wsparcie"},{"text":"14-dniowa gwarancja zwrotu pieni\u0119dzy"}],"button_url":"#demo","button_target_blank":"","button_nofollow":"","attributes":[{"name":"Instaluje"},{"name":"Czu\u0142y"},{"name":"Kompatybilne przegl\u0105darki"}],"tags":[],"tags_disable_links":"","hide_more_platforms":"","video_object":"","demo_hide_cta":"","demo_hide_cloud_options":"","pricing_title":"","pricing":[{"pricing_icon":"platform","pricing_title":"Elfsight Apps","pricing_title_caption":"Oprogramowanie niezale\u017cne od platformy","pricing_price":"od 0 USD \/ miesi\u0105c","pricing_price_caption":"zacznij od bezp\u0142atnego planu","pricing_benefits":[{"text":"Nielimitowane strony internetowe"},{"text":"Bezp\u0142atne i terminowe wsparcie"},{"text":"Bezp\u0142atna us\u0142uga monta\u017cu"},{"text":"Oferta ograniczona czasowo dla wielu aplikacji"}],"pricing_button_text":"Dodaj do witryny","pricing_button_url":"#demo"}],"related_apps_title":"","related_apps_hidden":"","author":"","image":[],"title":"","job":"","social_networks":[]},"_links":{"self":[{"href":"https:\/\/elfsight.com\/pl\/wp-json\/wp\/v2\/pages\/5463","targetHints":{"allow":["GET"]}}],"collection":[{"href":"https:\/\/elfsight.com\/pl\/wp-json\/wp\/v2\/pages"}],"about":[{"href":"https:\/\/elfsight.com\/pl\/wp-json\/wp\/v2\/types\/page"}],"author":[{"embeddable":true,"href":"https:\/\/elfsight.com\/pl\/wp-json\/wp\/v2\/users\/9"}],"replies":[{"embeddable":true,"href":"https:\/\/elfsight.com\/pl\/wp-json\/wp\/v2\/comments?post=5463"}],"version-history":[{"count":2,"href":"https:\/\/elfsight.com\/pl\/wp-json\/wp\/v2\/pages\/5463\/revisions"}],"predecessor-version":[{"id":7839,"href":"https:\/\/elfsight.com\/pl\/wp-json\/wp\/v2\/pages\/5463\/revisions\/7839"}],"up":[{"embeddable":true,"href":"https:\/\/elfsight.com\/pl\/wp-json\/wp\/v2\/pages\/675"}],"wp:attachment":[{"href":"https:\/\/elfsight.com\/pl\/wp-json\/wp\/v2\/media?parent=5463"}],"curies":[{"name":"wp","href":"https:\/\/api.w.org\/{rel}","templated":true}]}}