{"id":5461,"date":"2024-05-03T06:39:16","date_gmt":"2024-05-03T06:39:16","guid":{"rendered":"https:\/\/elfsight.com\/pl\/?page_id=5461"},"modified":"2024-11-14T12:36:23","modified_gmt":"2024-11-14T12:36:23","slug":"jquery","status":"publish","type":"page","link":"https:\/\/elfsight.com\/pl\/google-reviews-widget\/jquery\/","title":{"rendered":"Google Reviews &#8211; jQuery"},"content":{"rendered":"<div class=\"application-platform-content-item-description application-platform-content-item\" id=\"description\" data-nav-section=\"description\"> <h2>Umie\u015b\u0107 recenzje Google za pomoc\u0105 wid\u017cetu Elfsight<\/h2> <p>Je\u015bli chcesz zademonstrowa\u0107 swoj\u0105 wysok\u0105 ocen\u0119 i przekona\u0107 odwiedzaj\u0105cych witryn\u0119, \u017ce Twoje oferty s\u0105 na kt\u00f3re warto wydawa\u0107 pieni\u0105dze, Elfsight Google Places Reviews to w\u0142a\u015bciwy wyb\u00f3r. Dzi\u0119ki naszemu narz\u0119dziu z \u0142atwo\u015bci\u0105 umie\u015bcisz na swojej stronie recenzje klient\u00f3w z Google z informacj\u0105 o ich autorach, przefiltrujesz je tak, aby wy\u015bwietla\u0142y si\u0119 tylko dobre, dodasz oceny i przycisk pro\u015bby o recenzj\u0119, kt\u00f3ry przekieruje u\u017cytkownik\u00f3w na Twoje konto Google, aby mogli je opu\u015bci\u0107 \u015bwie\u017ca recenzja. <\/p><div class=\"faq\" data-component=\"FAQ\"> <div class=\"faq-item\">\r\n\t\t\t\t\t<div class=\"faq-item-question\">\r\n\t\t\t\t\t\t<h3 class=\"faq-item-question-text\">Gdzie na mojej stronie mog\u0119 go zainstalowa\u0107?<\/h3>\r\n\r\n\t\t\t\t\t\t<div class=\"faq-item-question-icon\"><\/div>\r\n\t\t\t\t\t<\/div>\r\n\r\n\t\t\t\t\t<div class=\"faq-item-answer\">\r\n\t\t\t\t\t\t<div class=\"faq-item-answer-text\"> <p>Wid\u017cet mo\u017cna opublikowa\u0107 na dowolnej stronie internetowej, na kt\u00f3rej chcesz zaimponowa\u0107 u\u017cytkownikom swoj\u0105 wysok\u0105 ocen\u0105 i popularno\u015bci\u0105 w\u015br\u00f3d klient\u00f3w . Je\u015bli chcesz, aby widget wy\u015bwietla\u0142 si\u0119 na wszystkich stronach serwisu, mo\u017cesz po prostu wprowadzi\u0107 go do szablonu serwisu. <\/p><\/div>\r\n\t\t\t\t\t<\/div>\r\n\t\t\t\t<\/div> <div class=\"faq-item\">\r\n\t\t\t\t\t<div class=\"faq-item-question\">\r\n\t\t\t\t\t\t<h3 class=\"faq-item-question-text\">Jakie b\u0119d\u0119 z tego korzy\u015bci? <\/h3>\r\n\r\n\t\t\t\t\t\t<div class=\"faq-item-question-icon\"><\/div>\r\n\t\t\t\t\t<\/div>\r\n\r\n\t\t\t\t\t<div class=\"faq-item-answer\">\r\n\t\t\t\t\t\t<div class=\"faq-item-answer-text\"> <p>Recenzje dodane przez prawdziwych ludzi wydaj\u0105 si\u0119 osobom odwiedzaj\u0105cym Twoj\u0105 witryn\u0119 maksymalnie godne zaufania i pokazuj\u0105 im, \u017ce mo\u017cna zaufa\u0107 Twojej firmie. Wysoka ocena i doskona\u0142e recenzje mog\u0105 pom\u00f3c w podniesieniu poziomu zakup\u00f3w na Twojej stronie. Co wi\u0119cej, aktywny przycisk w widgecie jQuery mo\u017ce przyczyni\u0107 si\u0119 do zwi\u0119kszenia liczby opinii klient\u00f3w na temat Twoich ofert lub us\u0142ug w miejscach Google.<\/p> <\/div>\r\n\t\t\t\t\t<\/div>\r\n\t\t\t\t<\/div> <div class=\"faq-item\">\r\n\t\t\t\t\t<div class=\"faq-item-question\">\r\n\t\t\t\t\t\t<h3 class=\"faq-item-question-text\">Jak osadzi\u0107 wid\u017cet Recenzje Google w mojej witrynie jQuery ? <\/h3>\r\n\r\n\t\t\t\t\t\t<div class=\"faq-item-question-icon\"><\/div>\r\n\t\t\t\t\t<\/div>\r\n\r\n\t\t\t\t\t<div class=\"faq-item-answer\">\r\n\t\t\t\t\t\t<div class=\"faq-item-answer-text\"> <p>Potrzebujesz na to dw\u00f3ch minut. Instalacja jest niezwykle szybka, bezp\u0142atna i nie wymaga kodowania. <\/p> <p>Mo\u017cesz osadzi\u0107 wid\u017cet na swojej stronie bezpo\u015brednio za po\u015brednictwem naszej us\u0142ugi. Aby to zrobi\u0107, zapoznaj si\u0119 z kr\u00f3tk\u0105 instrukcj\u0105 instalacji znajduj\u0105c\u0105 si\u0119 poni\u017cej na tej stronie. <\/p> <\/div>\r\n\t\t\t\t\t<\/div>\r\n\t\t\t\t<\/div> <\/div> <\/div> <div class=\"application-platform-content-item-features application-platform-content-item\" id=\"features\" data-nav-section=\"features\"> <h2>G\u0142\u00f3wne funkcje wid\u017cetu Recenzje Google<\/h2> <p>Aby lepiej zrozumie\u0107 wid\u017cet, mo\u017ce przegl\u0105da\u0107 list\u0119 cech podstawowych. Dzi\u0119ki nim ten widget jest niezwykle wydajny dla Twojej witryny: <\/p> <ul> <li>3 rodzaje filtr\u00f3w: wed\u0142ug typu, wykluczania i liczby wy\u015bwietlanych recenzji<\/li> <li>4 gotowe do u\u017cycia uk\u0142ad\u00f3w: Lista, Siatka, Mur i Suwak<\/li> <li>W pe\u0142ni elastyczny nag\u0142\u00f3wek wid\u017cetu<\/li> <li>Przycisk pro\u015bby o sprawdzenie przenosi odwiedzaj\u0105cych na Twoj\u0105 stron\u0119 Google<\/li> <li>6 konfigurowalnych element\u00f3w recenzji: nazwisko i zdj\u0119cie autora, rekomendacja, data opuszczenia, ikona Google i liczba gwiazdek<\/li> <li>Dwa warianty scenariuszy, gdy u\u017cytkownik odm\u00f3wi opuszczenia recenzji: poka\u017c SMS-a lub ukryj przycisk przed wid\u017cet jQuery. <\/li> <\/ul><p><a href=\"#demo\">Aby pozna\u0107 wi\u0119cej funkcji, zobacz demonstracj\u0119<\/a><\/p> <\/div> <div class=\"application-platform-content-item-installation application-platform-content-item\" id=\"installation\" data-nav-section=\"installation\"> <h2> Jak doda\u0107 Recenzje Google do witryny jQuery<\/h2> <p>Jedyne, co musisz zrobi\u0107, to poni\u017csze czynno\u015bci. Zajmie to kilka minut i nie wymaga kodowania.<\/p> <ol><li><b>Stw\u00f3rz w\u0142asn\u0105 wtyczk\u0119 Recenzji Google<\/b><br> Za pomoc\u0105 naszego darmowego edytora wygeneruj wtyczka o preferowanym wygl\u0105dzie i cechach funkcjonalnych.<\/li> <li><b>Zdob\u0105d\u017a osobisty kod, aby doda\u0107 wtyczk\u0119<\/b><br> Po ustawieniu wid\u017cetu jQuery Google Reviews uzyskasz sw\u00f3j osobisty kod z wyskakuj\u0105cego okna aplikacji Elfsight. Skopiuj kod do p\u00f3\u017aniejszego wykorzystania.<\/li> <li><b>Opublikuj wtyczk\u0119 na swojej stronie jQuery<\/b><br> Okre\u015bl obszar, w kt\u00f3rym chcesz osadzi\u0107 widget i wstaw tam skopiowany kod. Zapisz wyniki.<\/li> <li><b>Konfiguracja powiod\u0142a si\u0119!<\/b><br> Odwied\u017a swoj\u0105 witryn\u0119, aby zobaczy\u0107 swoj\u0105 prac\u0119.<\/li> <\/ol><p>Nadal masz w\u0105tpliwo\u015bci? A mo\u017ce masz problemy z recenzjami Google jQuery? Po prostu wy\u015blij swoj\u0105 pro\u015bb\u0119 do naszego dzia\u0142u obs\u0142ugi klienta, a oni odpowiedz\u0105 na ka\u017cde pytanie.<\/p> <\/div>","protected":false},"excerpt":{"rendered":"","protected":false},"author":9,"featured_media":0,"parent":675,"menu_order":0,"comment_status":"closed","ping_status":"closed","template":"templates\/template-application-platform.php","meta":{"publish_to_discourse":"","publish_post_category":"","wpdc_auto_publish_overridden":"","wpdc_topic_tags":"","wpdc_pin_topic":"","wpdc_pin_until":"","discourse_post_id":"","discourse_permalink":"","wpdc_publishing_response":"","wpdc_publishing_error":"","footnotes":""},"class_list":["post-5461","page","type-page","status-publish","hentry"],"yoast_head":"<!-- This site is optimized with the Yoast SEO plugin v25.3.1 - https:\/\/yoast.com\/wordpress\/plugins\/seo\/ -->\n<title>Osad\u017a recenzje Google w jQuery - dodaj recenzje na stron\u0119 w 2 minuty!<\/title>\n<meta name=\"description\" content=\"Utworzenie wtyczki Recenzji Google i umieszczenie jej w witrynie jQuery jest \u0142atwe. Obs\u0142uga klienta Elfsight jest bezp\u0142atna i szybka.\" \/>\n<meta name=\"robots\" content=\"index, follow, max-snippet:-1, max-image-preview:large, max-video-preview:-1\" \/>\n<link rel=\"canonical\" href=\"https:\/\/elfsight.com\/pl\/google-reviews-widget\/jquery\/\" \/>\n<meta property=\"og:locale\" content=\"pl_PL\" \/>\n<meta property=\"og:type\" content=\"article\" \/>\n<meta property=\"og:title\" content=\"Osad\u017a recenzje Google w jQuery - dodaj recenzje na stron\u0119 w 2 minuty!\" \/>\n<meta property=\"og:description\" content=\"Utworzenie wtyczki Recenzji Google i umieszczenie jej w witrynie jQuery jest \u0142atwe. Obs\u0142uga klienta Elfsight jest bezp\u0142atna i szybka.\" \/>\n<meta property=\"og:url\" content=\"https:\/\/elfsight.com\/pl\/google-reviews-widget\/jquery\/\" \/>\n<meta property=\"og:site_name\" content=\"Elfsight PL\" \/>\n<meta property=\"article:modified_time\" content=\"2024-11-14T12:36:23+00:00\" \/>\n<meta name=\"twitter:card\" content=\"summary_large_image\" \/>\n<meta name=\"twitter:label1\" content=\"Szacowany czas czytania\" \/>\n\t<meta name=\"twitter:data1\" content=\"3 minuty\" \/>\n<!-- \/ Yoast SEO plugin. -->","yoast_head_json":{"title":"Osad\u017a recenzje Google w jQuery - dodaj recenzje na stron\u0119 w 2 minuty!","description":"Utworzenie wtyczki Recenzji Google i umieszczenie jej w witrynie jQuery jest \u0142atwe. Obs\u0142uga klienta Elfsight jest bezp\u0142atna i szybka.","robots":{"index":"index","follow":"follow","max-snippet":"max-snippet:-1","max-image-preview":"max-image-preview:large","max-video-preview":"max-video-preview:-1"},"canonical":"https:\/\/elfsight.com\/pl\/google-reviews-widget\/jquery\/","og_locale":"pl_PL","og_type":"article","og_title":"Osad\u017a recenzje Google w jQuery - dodaj recenzje na stron\u0119 w 2 minuty!","og_description":"Utworzenie wtyczki Recenzji Google i umieszczenie jej w witrynie jQuery jest \u0142atwe. Obs\u0142uga klienta Elfsight jest bezp\u0142atna i szybka.","og_url":"https:\/\/elfsight.com\/pl\/google-reviews-widget\/jquery\/","og_site_name":"Elfsight PL","article_modified_time":"2024-11-14T12:36:23+00:00","twitter_card":"summary_large_image","twitter_misc":{"Szacowany czas czytania":"3 minuty"},"schema":{"@context":"https:\/\/schema.org","@graph":[{"@type":"WebPage","@id":"https:\/\/elfsight.com\/pl\/google-reviews-widget\/jquery\/","url":"https:\/\/elfsight.com\/pl\/google-reviews-widget\/jquery\/","name":"Osad\u017a recenzje Google w jQuery - dodaj recenzje na stron\u0119 w 2 minuty!","isPartOf":{"@id":"https:\/\/elfsight.com\/pl\/#website"},"datePublished":"2024-05-03T06:39:16+00:00","dateModified":"2024-11-14T12:36:23+00:00","description":"Utworzenie wtyczki Recenzji Google i umieszczenie jej w witrynie jQuery jest \u0142atwe. Obs\u0142uga klienta Elfsight jest bezp\u0142atna i szybka.","breadcrumb":{"@id":"https:\/\/elfsight.com\/pl\/google-reviews-widget\/jquery\/#breadcrumb"},"inLanguage":"pl-PL","potentialAction":[{"@type":"ReadAction","target":["https:\/\/elfsight.com\/pl\/google-reviews-widget\/jquery\/"]}]},{"@type":"BreadcrumbList","@id":"https:\/\/elfsight.com\/pl\/google-reviews-widget\/jquery\/#breadcrumb","itemListElement":[{"@type":"ListItem","position":1,"name":"Home","item":"https:\/\/elfsight.com\/pl\/"},{"@type":"ListItem","position":2,"name":"Google Reviews","item":"https:\/\/elfsight.com\/pl\/google-reviews-widget\/"},{"@type":"ListItem","position":3,"name":"Google Reviews &#8211; jQuery"}]},{"@type":"WebSite","@id":"https:\/\/elfsight.com\/pl\/#website","url":"https:\/\/elfsight.com\/pl\/","name":"Elfsight PL","description":"Just another Elfsight Sites site","potentialAction":[{"@type":"SearchAction","target":{"@type":"EntryPoint","urlTemplate":"https:\/\/elfsight.com\/pl\/?s={search_term_string}"},"query-input":{"@type":"PropertyValueSpecification","valueRequired":true,"valueName":"search_term_string"}}],"inLanguage":"pl-PL"}]}},"meta_box":{"industry":"","seo_heading":"","heading":"","description":"","cta_heading":"","cta_description":"","application":"668","h1":"Wtyczka jQuery Recenzje Google","h1_caption":"Osadzaj recenzje swojego miejsca z Google, aby bezproblemowo uzyska\u0107 najlepsze wra\u017cenia klient\u00f3w w swojej witrynie w witrynie jQuery.","application_category":[],"applications_title":"","applications_request_title":"","applications_request_button_text":"","hero_text":"","hero_video":"","hero_video_schema_markup":"","selling_points_title":"","selling_points_caption":"","selling_points":[],"selling_points_cta_text":"","features_title":"","features":"","ed_cta_examples_text":"","ed_cta_examples_hidden":"","ed_cta_demo_text":"","ed_cta_demo_hidden":"","why_caption":"","why_editor_title":"","why_editor_text":"","why_team_title":"","why_team_text":"","why_service_title":"","why_service_text":"","template_catalog_visible":"","template_catalog_title":"","template_catalog_text":"","template_catalog_categories_visible":"","demo_title":"Utw\u00f3rz wtyczk\u0119 Recenzji Google","demo_caption":"Skonfiguruj swoje recenzje Google i dodaj je do swojej witryny jQuery za darmo!","default_faq_hidden":"","app_template_category":[],"platform":"56","template_public_id":"","codecanyon_url":"","codecanyon_item_id":"","codecanyon_price":"","pricing_caption":"","pricing_elfsight_apps_hide_column":"","pricing_elfsight_apps_url":"","pricing_codecanyon_price_caption":"","integration_category":[],"integration_request_title":"","integration_request_cta":"","integration_platform":"","integrations":[],"platform_category":[],"video_schema_markup":"","price":"od 0 USD \/ miesi\u0105c","trial":"","benefits":[{"text":"Bezp\u0142atna us\u0142uga monta\u017cu"},{"text":"Wyj\u0105tkowe wsparcie"},{"text":"14-dniowa gwarancja zwrotu pieni\u0119dzy"}],"button_url":"#demo","button_target_blank":"","button_nofollow":"","attributes":[{"name":"Instaluje"},{"name":"Czu\u0142y"},{"name":"Kompatybilne przegl\u0105darki"}],"tags":[],"tags_disable_links":"","hide_more_platforms":"","video_object":"","demo_hide_cta":"","demo_hide_cloud_options":"","pricing_title":"","pricing":[{"pricing_icon":"platform","pricing_title":"Elfsight Apps","pricing_title_caption":"Wersja wieloplatformowa, kt\u00f3ra dzia\u0142a na ka\u017cdej stronie internetowej","pricing_price":"od 0 USD \/ miesi\u0105c","pricing_price_caption":"zacznij od bezp\u0142atnego planu","pricing_benefits":[{"text":"Nielimitowane strony internetowe"},{"text":"Szybka obs\u0142uga klienta"},{"text":"Bezp\u0142atna pomoc w instalacji"},{"text":"100% konfigurowalny"}],"pricing_button_text":"Dodaj do witryny","pricing_button_url":"#demo"}],"related_apps_title":"","related_apps_hidden":"","author":"","image":[],"title":"","job":"","social_networks":[]},"_links":{"self":[{"href":"https:\/\/elfsight.com\/pl\/wp-json\/wp\/v2\/pages\/5461","targetHints":{"allow":["GET"]}}],"collection":[{"href":"https:\/\/elfsight.com\/pl\/wp-json\/wp\/v2\/pages"}],"about":[{"href":"https:\/\/elfsight.com\/pl\/wp-json\/wp\/v2\/types\/page"}],"author":[{"embeddable":true,"href":"https:\/\/elfsight.com\/pl\/wp-json\/wp\/v2\/users\/9"}],"replies":[{"embeddable":true,"href":"https:\/\/elfsight.com\/pl\/wp-json\/wp\/v2\/comments?post=5461"}],"version-history":[{"count":1,"href":"https:\/\/elfsight.com\/pl\/wp-json\/wp\/v2\/pages\/5461\/revisions"}],"predecessor-version":[{"id":5465,"href":"https:\/\/elfsight.com\/pl\/wp-json\/wp\/v2\/pages\/5461\/revisions\/5465"}],"up":[{"embeddable":true,"href":"https:\/\/elfsight.com\/pl\/wp-json\/wp\/v2\/pages\/675"}],"wp:attachment":[{"href":"https:\/\/elfsight.com\/pl\/wp-json\/wp\/v2\/media?parent=5461"}],"curies":[{"name":"wp","href":"https:\/\/api.w.org\/{rel}","templated":true}]}}