{"id":5456,"date":"2024-05-03T06:39:15","date_gmt":"2024-05-03T06:39:15","guid":{"rendered":"https:\/\/elfsight.com\/pl\/?page_id=5456"},"modified":"2024-11-14T12:36:23","modified_gmt":"2024-11-14T12:36:23","slug":"magento","status":"publish","type":"page","link":"https:\/\/elfsight.com\/pl\/google-reviews-widget\/magento\/","title":{"rendered":"Google Reviews &#8211; Magento"},"content":{"rendered":"<div class=\"application-platform-content-item-description application-platform-content-item\" id=\"description\" data-nav-section=\"description\"> <h2>Umie\u015b\u0107 recenzje Google za pomoc\u0105 wid\u017cetu Elfsight<\/h2> <p>Elfsight Opinie klient\u00f3w Google dla Magento to przydatny widget, kt\u00f3ry umo\u017cliwia wy\u015bwietlanie witryna zawiera recenzje na temat Twojej firmy z wpis\u00f3w w Google. Korzystaj\u0105c z tego wid\u017cetu, masz kilka filtr\u00f3w do sortowania niepo\u017c\u0105danych recenzji, dodawania gwiazdek i ocen liczbowych z Google, ujawniania szczeg\u00f3\u0142\u00f3w o autorach i wprowadzenia przycisku, kt\u00f3ry poprowadzi odwiedzaj\u0105cych do opublikowania nowej recenzji w Google. Widget Elfsight Recenzje Google pomo\u017ce Ci zademonstrowa\u0107 doskona\u0142y dow\u00f3d spo\u0142eczno\u015bciowy w Twojej witrynie i zwi\u0119kszy\u0107 sprzeda\u017c. <\/p><div class=\"faq\" data-component=\"FAQ\"> <div class=\"faq-item\">\r\n\t\t\t\t\t<div class=\"faq-item-question\">\r\n\t\t\t\t\t\t<h3 class=\"faq-item-question-text\">Gdzie w mojej witrynie mog\u0119 go zainstalowa\u0107?<\/h3>\r\n\r\n\t\t\t\t\t\t<div class=\"faq-item-question-icon\"><\/div>\r\n\t\t\t\t\t<\/div>\r\n\r\n\t\t\t\t\t<div class=\"faq-item-answer\">\r\n\t\t\t\t\t\t<div class=\"faq-item-answer-text\"> <p>Mo\u017cesz doda\u0107 wid\u017cet do dowolnej strony witryny lub doda\u0107 go do szablonu witryny, a zostanie on opublikowane na wszystkich stronach. Recenzje \u015bwietnie sprawdz\u0105 si\u0119 na stronach produkt\u00f3w lub na stronach O nas, tam, gdzie chcesz wyeksponowa\u0107 swoj\u0105 wysok\u0105 ocen\u0119. <\/p><\/div>\r\n\t\t\t\t\t<\/div>\r\n\t\t\t\t<\/div> <div class=\"faq-item\">\r\n\t\t\t\t\t<div class=\"faq-item-question\">\r\n\t\t\t\t\t\t<h3 class=\"faq-item-question-text\">Jakie b\u0119d\u0119 z tego korzy\u015bci?<\/h3>\r\n\r\n\t\t\t\t\t\t<div class=\"faq-item-question-icon\"><\/div>\r\n\t\t\t\t\t<\/div>\r\n\r\n\t\t\t\t\t<div class=\"faq-item-answer\">\r\n\t\t\t\t\t\t<div class=\"faq-item-answer-text\"> <p>Opinie udost\u0119pniane przez prawdziwe osoby s\u0105 maksymalnie wiarygodne dla os\u00f3b odwiedzaj\u0105cych Twoj\u0105 witryn\u0119 i pokazuj\u0105, \u017ce Twoja firma jest wiarygodnym partnerem. Wysoka ocena i doskona\u0142e recenzje mog\u0105 pom\u00f3c zwi\u0119kszy\u0107 liczb\u0119 zakup\u00f3w w Twojej witrynie. Ponadto aktywny przycisk przyczyni si\u0119 do wi\u0119kszej liczby opinii klient\u00f3w na temat Twojej firmy w Google. <\/p> <\/div>\r\n\t\t\t\t\t<\/div>\r\n\t\t\t\t<\/div> <div class=\"faq-item\">\r\n\t\t\t\t\t<div class=\"faq-item-question\">\r\n\t\t\t\t\t\t<h3 class=\"faq-item-question-text\">Jak doda\u0107 wid\u017cet Recenzje Google do mojej witryny Magento?<\/h3>\r\n\r\n\t\t\t\t\t\t<div class=\"faq-item-question-icon\"><\/div>\r\n\t\t\t\t\t<\/div>\r\n\r\n\t\t\t\t\t<div class=\"faq-item-answer\">\r\n\t\t\t\t\t\t<div class=\"faq-item-answer-text\"> <p>Dodanie recenzji klient\u00f3w Google do Magento zajmuje nie wi\u0119cej ni\u017c dwie minuty. Instalacja recenzji klient\u00f3w Google na Magento jest szybka, bezp\u0142atna i nie wymaga \u017cadnego kodowania.<\/p><p>Opinie klient\u00f3w mo\u017cna skonfigurowa\u0107 bezpo\u015brednio za po\u015brednictwem naszej us\u0142ugi lub za po\u015brednictwem rynku. Mo\u017cesz zapozna\u0107 si\u0119 z zaletami obu opcji i wybra\u0107 swoj\u0105.<\/p> <\/div>\r\n\t\t\t\t\t<\/div>\r\n\t\t\t\t<\/div> <\/div> <\/div> <div class=\"application-platform-content-item-features application-platform-content-item\" id=\"features\" data-nav-section=\"features\"> <h2>G\u0142\u00f3wne funkcje rozszerzenia Google Recenzje<\/h2> <p>Aby lepiej zrozumie\u0107 rozszerzenie, mo\u017cesz przejrze\u0107 list\u0119 g\u0142\u00f3wnych cech. Sprawiaj\u0105, \u017ce ten widget jest niezwykle wydajny dla Twojej witryny: <\/p> <ul> <li>Trzy gotowe do u\u017cycia filtry: wed\u0142ug typu, wykluczenia wed\u0142ug i liczby wy\u015bwietlanych recenzji; <\/li> <li>Dost\u0119pne cztery uk\u0142ady: Lista, Siatka, Mur i Suwak; <\/li> <li>Opcja kontroli wy\u015bwietlania nag\u0142\u00f3wka wid\u017cetu; <\/li> <li>Przycisk pro\u015bby o sprawdzenie przenosi u\u017cytkownik\u00f3w na stron\u0119 Google; <\/li> <li>6 regulowanych element\u00f3w interfejsu: imi\u0119 i nazwisko autora oraz zdj\u0119cie, rekomendacja, data opublikowania, ikona Google i liczba gwiazdek; <\/li> <li>Dwa mo\u017cliwe scenariusze odmowy pozostawienia recenzji przez u\u017cytkownika: ujawnienie niestandardowej wiadomo\u015bci lub usuni\u0119cie przycisku. <\/li> <\/ul><p><a href=\"#demo\">Aby pozna\u0107 wi\u0119cej funkcji, zobacz wersj\u0119 demonstracyjn\u0105<\/a><\/p><p>Powiniene\u015b doda\u0107 do witryny recenzje klient\u00f3w Google bez sekundy wahania. Recenzje prawdziwych klient\u00f3w maj\u0105 zalety, kt\u00f3re wyr\u00f3\u017cniaj\u0105 go na tle konkurencji. Na przyk\u0142ad znaczniki schematu s\u0105 domy\u015blnie wstawiane w recenzjach Google automatycznie. Oznacza to, \u017ce link do Twojej witryny w SERP jest oznaczony gwiazdkami, co wyr\u00f3\u017cnia go w oczach widz\u00f3w.<\/p><p>Nie spowalnia tak\u017ce Twojej witryny. Wreszcie Google poprawia te witryny, kt\u00f3re maj\u0105 dobre oceny w SERP, poniewa\u017c zawieraj\u0105 odpowiednie i warto\u015bciowe tre\u015bci.<\/p> <\/div><div class=\"application-platform-content-item-installation application-platform-content-item\" id=\"installation\" data-nav-section=\"installation\"> <h2>Jak osadzi\u0107 recenzje Google w swojej witrynie Magento <\/h2> <p>Wystarczy wykona\u0107 poni\u017csze kroki, aby doda\u0107 wid\u017cet na Magento.<\/p> <ol><li><b>Skorzystaj z naszego darmowego edytora i zacznij tworzy\u0107 spersonalizowane rozszerzenie. <\/b><br> Znajd\u017a preferowany uk\u0142ad i specyfikacje narz\u0119dzia i zastosuj modyfikacje. <\/li> <li><b>Skopiuj sw\u00f3j osobisty kod pojawiaj\u0105cy si\u0119 w oknie aplikacji Elfsight. <\/b><br> Po zako\u0144czeniu tworzenia osobistego wid\u017cetu skopiuj osobisty kod z wy\u015bwietlonego okna i zapisz go do wykorzystania w przysz\u0142o\u015bci. <\/li> <li><b>Zacznij korzysta\u0107 z rozszerzenia Google Reviews na stronie Magento. <\/b><br> Wklej ostatnio skopiowany kod na swoj\u0105 stron\u0119 internetow\u0105 i zapisz zmiany. <\/li> <li><b>Instalacja zosta\u0142a w pe\u0142ni uko\u0144czona. <\/b><br> Wejd\u017a na swoj\u0105 stron\u0119 internetow\u0105 i zapoznaj si\u0119 z dzia\u0142aniem narz\u0119dzia. <\/li><\/ol><p>Nadal masz w\u0105tpliwo\u015bci? A mo\u017ce masz problemy z opiniami klient\u00f3w w Google? Po prostu wy\u015blij swoj\u0105 pro\u015bb\u0119 do naszego dzia\u0142u obs\u0142ugi klienta, a oni odpowiedz\u0105 na ka\u017cde pytanie. <\/p> <\/div>","protected":false},"excerpt":{"rendered":"","protected":false},"author":9,"featured_media":0,"parent":675,"menu_order":0,"comment_status":"closed","ping_status":"closed","template":"templates\/template-application-platform.php","meta":{"publish_to_discourse":"","publish_post_category":"","wpdc_auto_publish_overridden":"","wpdc_topic_tags":"","wpdc_pin_topic":"","wpdc_pin_until":"","discourse_post_id":"","discourse_permalink":"","wpdc_publishing_response":"","wpdc_publishing_error":"","footnotes":""},"class_list":["post-5456","page","type-page","status-publish","hentry"],"yoast_head":"<!-- This site is optimized with the Yoast SEO plugin v25.3.1 - https:\/\/yoast.com\/wordpress\/plugins\/seo\/ -->\n<title>Osadzaj recenzje Google na Magento - dodaj recenzje klient\u00f3w na stron\u0119 w 2 minuty!<\/title>\n<meta name=\"description\" content=\"Dzi\u0119ki Elfsight zbuduj rozszerzenie Google Reviews i szybko dodaj je na stronie Magento. Mamy bezp\u0142atn\u0105 obs\u0142ug\u0119 klienta i wi\u0119cej bonus\u00f3w.\" \/>\n<meta name=\"robots\" content=\"index, follow, max-snippet:-1, max-image-preview:large, max-video-preview:-1\" \/>\n<link rel=\"canonical\" href=\"https:\/\/elfsight.com\/pl\/google-reviews-widget\/magento\/\" \/>\n<meta property=\"og:locale\" content=\"pl_PL\" \/>\n<meta property=\"og:type\" content=\"article\" \/>\n<meta property=\"og:title\" content=\"Osadzaj recenzje Google na Magento - dodaj recenzje klient\u00f3w na stron\u0119 w 2 minuty!\" \/>\n<meta property=\"og:description\" content=\"Dzi\u0119ki Elfsight zbuduj rozszerzenie Google Reviews i szybko dodaj je na stronie Magento. Mamy bezp\u0142atn\u0105 obs\u0142ug\u0119 klienta i wi\u0119cej bonus\u00f3w.\" \/>\n<meta property=\"og:url\" content=\"https:\/\/elfsight.com\/pl\/google-reviews-widget\/magento\/\" \/>\n<meta property=\"og:site_name\" content=\"Elfsight PL\" \/>\n<meta property=\"article:modified_time\" content=\"2024-11-14T12:36:23+00:00\" \/>\n<meta name=\"twitter:card\" content=\"summary_large_image\" \/>\n<meta name=\"twitter:label1\" content=\"Szacowany czas czytania\" \/>\n\t<meta name=\"twitter:data1\" content=\"3 minuty\" \/>\n<!-- \/ Yoast SEO plugin. -->","yoast_head_json":{"title":"Osadzaj recenzje Google na Magento - dodaj recenzje klient\u00f3w na stron\u0119 w 2 minuty!","description":"Dzi\u0119ki Elfsight zbuduj rozszerzenie Google Reviews i szybko dodaj je na stronie Magento. Mamy bezp\u0142atn\u0105 obs\u0142ug\u0119 klienta i wi\u0119cej bonus\u00f3w.","robots":{"index":"index","follow":"follow","max-snippet":"max-snippet:-1","max-image-preview":"max-image-preview:large","max-video-preview":"max-video-preview:-1"},"canonical":"https:\/\/elfsight.com\/pl\/google-reviews-widget\/magento\/","og_locale":"pl_PL","og_type":"article","og_title":"Osadzaj recenzje Google na Magento - dodaj recenzje klient\u00f3w na stron\u0119 w 2 minuty!","og_description":"Dzi\u0119ki Elfsight zbuduj rozszerzenie Google Reviews i szybko dodaj je na stronie Magento. Mamy bezp\u0142atn\u0105 obs\u0142ug\u0119 klienta i wi\u0119cej bonus\u00f3w.","og_url":"https:\/\/elfsight.com\/pl\/google-reviews-widget\/magento\/","og_site_name":"Elfsight PL","article_modified_time":"2024-11-14T12:36:23+00:00","twitter_card":"summary_large_image","twitter_misc":{"Szacowany czas czytania":"3 minuty"},"schema":{"@context":"https:\/\/schema.org","@graph":[{"@type":"WebPage","@id":"https:\/\/elfsight.com\/pl\/google-reviews-widget\/magento\/","url":"https:\/\/elfsight.com\/pl\/google-reviews-widget\/magento\/","name":"Osadzaj recenzje Google na Magento - dodaj recenzje klient\u00f3w na stron\u0119 w 2 minuty!","isPartOf":{"@id":"https:\/\/elfsight.com\/pl\/#website"},"datePublished":"2024-05-03T06:39:15+00:00","dateModified":"2024-11-14T12:36:23+00:00","description":"Dzi\u0119ki Elfsight zbuduj rozszerzenie Google Reviews i szybko dodaj je na stronie Magento. Mamy bezp\u0142atn\u0105 obs\u0142ug\u0119 klienta i wi\u0119cej bonus\u00f3w.","breadcrumb":{"@id":"https:\/\/elfsight.com\/pl\/google-reviews-widget\/magento\/#breadcrumb"},"inLanguage":"pl-PL","potentialAction":[{"@type":"ReadAction","target":["https:\/\/elfsight.com\/pl\/google-reviews-widget\/magento\/"]}]},{"@type":"BreadcrumbList","@id":"https:\/\/elfsight.com\/pl\/google-reviews-widget\/magento\/#breadcrumb","itemListElement":[{"@type":"ListItem","position":1,"name":"Home","item":"https:\/\/elfsight.com\/pl\/"},{"@type":"ListItem","position":2,"name":"Google Reviews","item":"https:\/\/elfsight.com\/pl\/google-reviews-widget\/"},{"@type":"ListItem","position":3,"name":"Google Reviews &#8211; Magento"}]},{"@type":"WebSite","@id":"https:\/\/elfsight.com\/pl\/#website","url":"https:\/\/elfsight.com\/pl\/","name":"Elfsight PL","description":"Just another Elfsight Sites site","potentialAction":[{"@type":"SearchAction","target":{"@type":"EntryPoint","urlTemplate":"https:\/\/elfsight.com\/pl\/?s={search_term_string}"},"query-input":{"@type":"PropertyValueSpecification","valueRequired":true,"valueName":"search_term_string"}}],"inLanguage":"pl-PL"}]}},"meta_box":{"industry":"","seo_heading":"","heading":"","description":"","cta_heading":"","cta_description":"","application":"668","h1":"Rozszerzenie Magento Google Reviews","h1_caption":"Osadzaj recenzje swojego miejsca z Google, aby bezproblemowo uzyska\u0107 najlepsze wra\u017cenia klient\u00f3w w swojej witrynie w witrynie Magento.","application_category":[],"applications_title":"","applications_request_title":"","applications_request_button_text":"","hero_text":"","hero_video":"","hero_video_schema_markup":"","selling_points_title":"","selling_points_caption":"","selling_points":[],"selling_points_cta_text":"","features_title":"","features":"","ed_cta_examples_text":"","ed_cta_examples_hidden":"","ed_cta_demo_text":"","ed_cta_demo_hidden":"","why_caption":"","why_editor_title":"","why_editor_text":"","why_team_title":"","why_team_text":"","why_service_title":"","why_service_text":"","template_catalog_visible":"","template_catalog_title":"","template_catalog_text":"","template_catalog_categories_visible":"","demo_title":"Utw\u00f3rz rozszerzenie Opinii Google","demo_caption":"Skonfiguruj swoje Recenzje Google i dodaj je do swojej witryny Magento za darmo!","default_faq_hidden":"","app_template_category":[],"platform":"92","template_public_id":"","codecanyon_url":"","codecanyon_item_id":"","codecanyon_price":"","pricing_caption":"","pricing_elfsight_apps_hide_column":"","pricing_elfsight_apps_url":"","pricing_codecanyon_price_caption":"","integration_category":[],"integration_request_title":"","integration_request_cta":"","integration_platform":"","integrations":[],"platform_category":[],"video_schema_markup":"","price":"od 0 USD \/ miesi\u0105c","trial":"","benefits":[{"text":"Bezp\u0142atna pomoc w monta\u017cu"},{"text":"Skuteczna obs\u0142uga klienta"},{"text":"14-dniowa gwarancja zwrotu pieni\u0119dzy"}],"button_url":"#demo","button_target_blank":"","button_nofollow":"","attributes":[{"name":"Instaluje"},{"name":"Czu\u0142y"},{"name":"Kompatybilne przegl\u0105darki"}],"tags":[],"tags_disable_links":"","hide_more_platforms":"","video_object":"","demo_hide_cta":"","demo_hide_cloud_options":"","pricing_title":"","pricing":[{"pricing_icon":"platform","pricing_title":"Elfsight Apps","pricing_title_caption":"Wersja wieloplatformowa, kt\u00f3ra dzia\u0142a na dowolnej witrynie","pricing_price":"od 0 USD \/ miesi\u0105c","pricing_price_caption":"zacznij od bezp\u0142atnego planu","pricing_benefits":[{"text":"Nielimitowane strony internetowe"},{"text":"Wsparcie premium i na czas"},{"text":"Bezp\u0142atne wsparcie przy instalacji"},{"text":"Elastyczny projekt"}],"pricing_button_text":"Dodaj do witryny","pricing_button_url":"#demo"}],"related_apps_title":"","related_apps_hidden":"","author":"","image":[],"title":"","job":"","social_networks":[]},"_links":{"self":[{"href":"https:\/\/elfsight.com\/pl\/wp-json\/wp\/v2\/pages\/5456","targetHints":{"allow":["GET"]}}],"collection":[{"href":"https:\/\/elfsight.com\/pl\/wp-json\/wp\/v2\/pages"}],"about":[{"href":"https:\/\/elfsight.com\/pl\/wp-json\/wp\/v2\/types\/page"}],"author":[{"embeddable":true,"href":"https:\/\/elfsight.com\/pl\/wp-json\/wp\/v2\/users\/9"}],"replies":[{"embeddable":true,"href":"https:\/\/elfsight.com\/pl\/wp-json\/wp\/v2\/comments?post=5456"}],"version-history":[{"count":1,"href":"https:\/\/elfsight.com\/pl\/wp-json\/wp\/v2\/pages\/5456\/revisions"}],"predecessor-version":[{"id":5460,"href":"https:\/\/elfsight.com\/pl\/wp-json\/wp\/v2\/pages\/5456\/revisions\/5460"}],"up":[{"embeddable":true,"href":"https:\/\/elfsight.com\/pl\/wp-json\/wp\/v2\/pages\/675"}],"wp:attachment":[{"href":"https:\/\/elfsight.com\/pl\/wp-json\/wp\/v2\/media?parent=5456"}],"curies":[{"name":"wp","href":"https:\/\/api.w.org\/{rel}","templated":true}]}}