{"id":5455,"date":"2024-05-03T06:39:14","date_gmt":"2024-05-03T06:39:14","guid":{"rendered":"https:\/\/elfsight.com\/pl\/?page_id=5455"},"modified":"2025-10-13T16:39:57","modified_gmt":"2025-10-13T16:39:57","slug":"html","status":"publish","type":"page","link":"https:\/\/elfsight.com\/pl\/google-reviews-widget\/html\/","title":{"rendered":"Google Reviews &#8211; HTML"},"content":{"rendered":"<div class=\"application-platform-content-item-description application-platform-content-item\" id=\"description\" data-nav-section=\"description\"> <h2>Umie\u015b\u0107 recenzje Google za pomoc\u0105 wid\u017cetu Elfsight<\/h2> <p>Je\u015bli szukasz sposobu na pokazanie swojej wysokiej oceny przez u\u017cytkownik\u00f3w i przekonaj odwiedzaj\u0105cych witryn\u0119, \u017ce Twoje produkty lub us\u0142ugi maj\u0105 dobry stosunek jako\u015bci do ceny, kod Elfsight Google Reviews b\u0119dzie w\u0142a\u015bciwym wyborem. Za pomoc\u0105 tego widgetu szybko umie\u015bcisz na swojej stronie recenzje klient\u00f3w z Google ze szczeg\u00f3\u0142ami o ich autorach, przefiltrujesz je tak, aby prezentowa\u0142y tylko te najlepsze, wy\u015bwietlisz oceny i przycisk przekierowania, kt\u00f3ry pokieruje ludzi na Twoj\u0105 stron\u0119 Google, gdzie b\u0119d\u0105 mogli napisa\u0107 recenzj\u0119 nowa recenzja.<\/p><div class=\"faq\" data-component=\"FAQ\"> <div class=\"faq-item\">\r\n\t\t\t\t\t<div class=\"faq-item-question\">\r\n\t\t\t\t\t\t<h3 class=\"faq-item-question-text\">Gdzie mog\u0119 osadzi\u0107 Recenzje Google w formacie HTML?<\/h3>\r\n\r\n\t\t\t\t\t\t<div class=\"faq-item-question-icon\"><\/div>\r\n\t\t\t\t\t<\/div>\r\n\r\n\t\t\t\t\t<div class=\"faq-item-answer\">\r\n\t\t\t\t\t\t<div class=\"faq-item-answer-text\"> <p>Ten widget mo\u017cna zainstalowa\u0107 na dowolnej stronie, na kt\u00f3rej chcesz zademonstrowa\u0107 swoj\u0105 wysok\u0105 ocen\u0119 i popularno\u015b\u0107 w\u015br\u00f3d klient\u00f3w . Je\u015bli potrzebujesz go na wszystkich stronach swojej witryny, mo\u017cesz \u0142atwo doda\u0107 go do szablonu witryny. Po prostu znajd\u017a potrzebn\u0105 sekcj\u0119, w kt\u00f3rej chcesz zaprezentowa\u0107 recenzje, i wklej tam kod instalacyjny.<\/p><\/div>\r\n\t\t\t\t\t<\/div>\r\n\t\t\t\t<\/div> <div class=\"faq-item\">\r\n\t\t\t\t\t<div class=\"faq-item-question\">\r\n\t\t\t\t\t\t<h3 class=\"faq-item-question-text\">Jakie korzy\u015bci odniesie moja witryna, je\u015bli dodam do niej wid\u017cet?<\/h3>\r\n\r\n\t\t\t\t\t\t<div class=\"faq-item-question-icon\"><\/div>\r\n\t\t\t\t\t<\/div>\r\n\r\n\t\t\t\t\t<div class=\"faq-item-answer\">\r\n\t\t\t\t\t\t<div class=\"faq-item-answer-text\"> <p>Klient opinie prawdziwych ludzi wygl\u0105daj\u0105 dla klient\u00f3w Twojej witryny bez zarzutu i udowadniaj\u0105 im, \u017ce Twoja firma jest wiarygodna. Wysoka ocena i pozytywne referencje mog\u0105 pom\u00f3c w podniesieniu poziomu sprzeda\u017cy na Twojej stronie. Dodatkowo przycisk przekierowania mo\u017ce przyczyni\u0107 si\u0119 do zwi\u0119kszenia liczby opinii klient\u00f3w na temat Twoich ofert lub us\u0142ug w Google. <\/p> <\/div>\r\n\t\t\t\t\t<\/div>\r\n\t\t\t\t<\/div> <div class=\"faq-item\">\r\n\t\t\t\t\t<div class=\"faq-item-question\">\r\n\t\t\t\t\t\t<h3 class=\"faq-item-question-text\">Jak osadzi\u0107 wid\u017cet Recenzji Google w mojej witrynie HTML?<\/h3>\r\n\r\n\t\t\t\t\t\t<div class=\"faq-item-question-icon\"><\/div>\r\n\t\t\t\t\t<\/div>\r\n\r\n\t\t\t\t\t<div class=\"faq-item-answer\">\r\n\t\t\t\t\t\t<div class=\"faq-item-answer-text\"> <p>Zajmie to dwie minuty. Instalacja jest niezwykle szybka, bezp\u0142atna i nie wymaga kodowania. <\/p> <p>Mo\u017cesz osadzi\u0107 recenzje w formacie HTML na swojej stronie zaraz po utworzeniu wid\u017cetu w naszym serwisie. Aby go zbudowa\u0107, zapoznaj si\u0119 z kr\u00f3tk\u0105 instrukcj\u0105 instalacji znajduj\u0105c\u0105 si\u0119 poni\u017cej na tej stronie. <\/p> <\/div>\r\n\t\t\t\t\t<\/div>\r\n\t\t\t\t<\/div> <\/div> <\/div> <div class=\"application-platform-content-item-features application-platform-content-item\" id=\"features\" data-nav-section=\"features\"> <h2>G\u0142\u00f3wne funkcje wid\u017cetu Recenzje Google<\/h2> <p>Aby lepiej zrozumie\u0107 wid\u017cet, mo\u017ce przegl\u0105da\u0107 list\u0119 jego g\u0142\u00f3wnych cech. Dzi\u0119ki nim ten widget jest niezwykle wydajny dla Twojej witryny: <\/p> <ul> <li>3 predefiniowane filtry: wed\u0142ug typu, wykluczania i liczby wy\u015bwietlanych recenzji;<\/li> <li>4 warianty uk\u0142ad\u00f3w: Lista , Siatka, Mur i Suwak;<\/li> <li>Prze\u0142\u0105czany nag\u0142\u00f3wek wid\u017cetu;<\/li> <li>Przycisk pro\u015bby o recenzj\u0119 kieruje klient\u00f3w do Twojej strony Google;<\/li> <li>Sze\u015b\u0107 konfigurowalnych elementy recenzji: imi\u0119 i nazwisko autora oraz zdj\u0119cie, tekst rekomendacji, data, ikona Google i liczba gwiazdek;<\/li> <li>Dwie mo\u017cliwo\u015bci scenariuszy po odrzuceniu pro\u015bby klienta o recenzj\u0119: wy\u015bwietl wiadomo\u015b\u0107 tekstow\u0105 lub ukryj przycisk .<\/li> <\/ul><p><a href=\"#demo\">Aby pozna\u0107 wi\u0119cej funkcji, zobacz nasz\u0105 wersj\u0119 demonstracyjn\u0105<\/a><\/p> <\/div><div class=\"application-platform-content-item-installation application-platform-content-item\" id=\"installation\" data-nav-section=\"installation\"> <h2>Jak osadzi\u0107 kod Recenzji Google w swojej witrynie HTML<\/h2><div class=\"video-container\"><iframe width=\"720\" height=\"405\" src=\"https:\/\/www.youtube.com\/embed\/fAB-nMKIWYk?si=FuSbsjVxMCwqO0lI\" frameborder=\"0\" allowfullscreen=\"\"><\/iframe><\/div><p>Poni\u017csze czynno\u015bci to jedyne, co musisz zrobi\u0107, aby skonfigurowa\u0107 wid\u017cet na swojej stronie internetowej. Zajmie to kilka minut i nie wymaga kodowania.<\/p> <ol><li><b>Utw\u00f3rz dostosowan\u0105 wtyczk\u0119 Google Recenzje<\/b><br> Zarz\u0105dzanie nasz\u0105 bezp\u0142atn\u0105 wersj\u0105 demonstracyjn\u0105, Shape wtyczka o cechach projektowych i funkcjonalnych, kt\u00f3rych najbardziej potrzebujesz. <\/li><li><b>Uzyskaj osobisty kod do skonfigurowania wtyczki<\/b><br> Po utworzeniu wid\u017cetu otrzymasz unikalny kod instalacyjny z wyskakuj\u0105cego powiadomienia w aplikacji Elfsight. Skopiuj kod do dalszego wykorzystania. <\/li> <li><b> Wtyczka na Twoj\u0105 stron\u0119 HTML<\/b><br> Znajd\u017a miejsce, w kt\u00f3rym planujesz doda\u0107 widget i wklej tam zapisany kod. Opublikuj zmiany. <\/li> <li><b>Gotowe! Pomy\u015blnie umie\u015bci\u0142e\u015b kod HTML.<\/b><br> Odwied\u017a sw\u00f3j sklep, aby zobaczy\u0107 swoje referencje. <\/li> <\/ol><p>Nadal masz w\u0105tpliwo\u015bci dotycz\u0105ce osadzania Recenzji Google w formacie HTML? Wystarczy wys\u0142a\u0107 zapytanie do naszego dzia\u0142u obs\u0142ugi klienta. Pomo\u017cemy w ka\u017cdym pytaniu. <\/p> <\/div>","protected":false},"excerpt":{"rendered":"","protected":false},"author":9,"featured_media":0,"parent":675,"menu_order":0,"comment_status":"closed","ping_status":"closed","template":"templates\/template-application-platform.php","meta":{"publish_to_discourse":"","publish_post_category":"","wpdc_auto_publish_overridden":"","wpdc_topic_tags":"","wpdc_pin_topic":"","wpdc_pin_until":"","discourse_post_id":"","discourse_permalink":"","wpdc_publishing_response":"","wpdc_publishing_error":"","footnotes":""},"class_list":["post-5455","page","type-page","status-publish","hentry"],"yoast_head":"<!-- This site is optimized with the Yoast SEO plugin v25.3.1 - https:\/\/yoast.com\/wordpress\/plugins\/seo\/ -->\n<title>Osad\u017a recenzje Google na stronie HTML - dodaj recenzje w 2 minuty!<\/title>\n<meta name=\"description\" content=\"Oto mo\u017cliwo\u015b\u0107 osadzenia wid\u017cetu Recenzje Google w kodzie HTML Twojej witryny. Ciesz si\u0119 bezp\u0142atn\u0105 obs\u0142ug\u0105 klienta i innymi korzy\u015bciami od Elfsight.\" \/>\n<meta name=\"robots\" content=\"index, follow, max-snippet:-1, max-image-preview:large, max-video-preview:-1\" \/>\n<link rel=\"canonical\" href=\"https:\/\/elfsight.com\/pl\/google-reviews-widget\/html\/\" \/>\n<meta property=\"og:locale\" content=\"pl_PL\" \/>\n<meta property=\"og:type\" content=\"article\" \/>\n<meta property=\"og:title\" content=\"Osad\u017a recenzje Google na stronie HTML - dodaj recenzje w 2 minuty!\" \/>\n<meta property=\"og:description\" content=\"Oto mo\u017cliwo\u015b\u0107 osadzenia wid\u017cetu Recenzje Google w kodzie HTML Twojej witryny. Ciesz si\u0119 bezp\u0142atn\u0105 obs\u0142ug\u0105 klienta i innymi korzy\u015bciami od Elfsight.\" \/>\n<meta property=\"og:url\" content=\"https:\/\/elfsight.com\/pl\/google-reviews-widget\/html\/\" \/>\n<meta property=\"og:site_name\" content=\"Elfsight PL\" \/>\n<meta property=\"article:modified_time\" content=\"2025-10-13T16:39:57+00:00\" \/>\n<meta name=\"twitter:card\" content=\"summary_large_image\" \/>\n<meta name=\"twitter:label1\" content=\"Szacowany czas czytania\" \/>\n\t<meta name=\"twitter:data1\" content=\"3 minuty\" \/>\n<!-- \/ Yoast SEO plugin. -->","yoast_head_json":{"title":"Osad\u017a recenzje Google na stronie HTML - dodaj recenzje w 2 minuty!","description":"Oto mo\u017cliwo\u015b\u0107 osadzenia wid\u017cetu Recenzje Google w kodzie HTML Twojej witryny. Ciesz si\u0119 bezp\u0142atn\u0105 obs\u0142ug\u0105 klienta i innymi korzy\u015bciami od Elfsight.","robots":{"index":"index","follow":"follow","max-snippet":"max-snippet:-1","max-image-preview":"max-image-preview:large","max-video-preview":"max-video-preview:-1"},"canonical":"https:\/\/elfsight.com\/pl\/google-reviews-widget\/html\/","og_locale":"pl_PL","og_type":"article","og_title":"Osad\u017a recenzje Google na stronie HTML - dodaj recenzje w 2 minuty!","og_description":"Oto mo\u017cliwo\u015b\u0107 osadzenia wid\u017cetu Recenzje Google w kodzie HTML Twojej witryny. Ciesz si\u0119 bezp\u0142atn\u0105 obs\u0142ug\u0105 klienta i innymi korzy\u015bciami od Elfsight.","og_url":"https:\/\/elfsight.com\/pl\/google-reviews-widget\/html\/","og_site_name":"Elfsight PL","article_modified_time":"2025-10-13T16:39:57+00:00","twitter_card":"summary_large_image","twitter_misc":{"Szacowany czas czytania":"3 minuty"},"schema":{"@context":"https:\/\/schema.org","@graph":[{"@type":"WebPage","@id":"https:\/\/elfsight.com\/pl\/google-reviews-widget\/html\/","url":"https:\/\/elfsight.com\/pl\/google-reviews-widget\/html\/","name":"Osad\u017a recenzje Google na stronie HTML - dodaj recenzje w 2 minuty!","isPartOf":{"@id":"https:\/\/elfsight.com\/pl\/#website"},"datePublished":"2024-05-03T06:39:14+00:00","dateModified":"2025-10-13T16:39:57+00:00","description":"Oto mo\u017cliwo\u015b\u0107 osadzenia wid\u017cetu Recenzje Google w kodzie HTML Twojej witryny. Ciesz si\u0119 bezp\u0142atn\u0105 obs\u0142ug\u0105 klienta i innymi korzy\u015bciami od Elfsight.","breadcrumb":{"@id":"https:\/\/elfsight.com\/pl\/google-reviews-widget\/html\/#breadcrumb"},"inLanguage":"pl-PL","potentialAction":[{"@type":"ReadAction","target":["https:\/\/elfsight.com\/pl\/google-reviews-widget\/html\/"]}]},{"@type":"BreadcrumbList","@id":"https:\/\/elfsight.com\/pl\/google-reviews-widget\/html\/#breadcrumb","itemListElement":[{"@type":"ListItem","position":1,"name":"Home","item":"https:\/\/elfsight.com\/pl\/"},{"@type":"ListItem","position":2,"name":"Google Reviews","item":"https:\/\/elfsight.com\/pl\/google-reviews-widget\/"},{"@type":"ListItem","position":3,"name":"Google Reviews &#8211; HTML"}]},{"@type":"WebSite","@id":"https:\/\/elfsight.com\/pl\/#website","url":"https:\/\/elfsight.com\/pl\/","name":"Elfsight PL","description":"Just another Elfsight Sites site","potentialAction":[{"@type":"SearchAction","target":{"@type":"EntryPoint","urlTemplate":"https:\/\/elfsight.com\/pl\/?s={search_term_string}"},"query-input":{"@type":"PropertyValueSpecification","valueRequired":true,"valueName":"search_term_string"}}],"inLanguage":"pl-PL"}]}},"meta_box":{"industry":"","seo_heading":"","heading":"","description":"","cta_heading":"","cta_description":"","application":"668","h1":"Wid\u017cet HTML Recenzji Google","h1_caption":"Osadzaj recenzje swojego miejsca z Google, aby bez wysi\u0142ku uzyska\u0107 najlepsze wra\u017cenia klient\u00f3w w swojej witrynie internetowej w witrynie HTML.","application_category":[],"applications_title":"","applications_request_title":"","applications_request_button_text":"","hero_text":"","hero_video":"","hero_video_schema_markup":"","selling_points_title":"","selling_points_caption":"","selling_points":[],"selling_points_cta_text":"","features_title":"","features":"","ed_cta_examples_text":"","ed_cta_examples_hidden":"","ed_cta_demo_text":"","ed_cta_demo_hidden":"","why_caption":"","why_editor_title":"","why_editor_text":"","why_team_title":"","why_team_text":"","why_service_title":"","why_service_text":"","template_catalog_visible":"0","template_catalog_title":"","template_catalog_text":"","template_catalog_categories_visible":"","demo_title":"Utw\u00f3rz wid\u017cet Recenzji Google","demo_caption":"Skonfiguruj swoje Recenzje Google i dodaj je do swojej witryny HTML za darmo!","default_faq_hidden":"","app_template_category":[],"platform":"50","template_public_id":"","codecanyon_url":"","codecanyon_item_id":"","codecanyon_price":"","pricing_caption":"","pricing_elfsight_apps_hide_column":"","pricing_elfsight_apps_url":"","pricing_codecanyon_price_caption":"","integration_category":[],"integration_request_title":"","integration_request_cta":"","integration_platform":"","integrations":[],"platform_category":[],"video_schema_markup":"","price":"od 0 USD \/ miesi\u0105c","trial":"","benefits":[{"text":"Bezp\u0142atna pomoc w instalacji"},{"text":"Profesjonalna obs\u0142uga klienta"},{"text":"14-dniowa gwarancja zwrotu pieni\u0119dzy"}],"button_url":"#demo","button_target_blank":"0","button_nofollow":"0","attributes":[{"name":"Instaluje","content":"100,000 - 500,000"},{"name":"Czu\u0142y","content":"Tak"},{"name":"Kompatybilne przegl\u0105darki","content":"Firefox, Safari, Opera, Chrome, Edge"}],"tags":[],"tags_disable_links":"0","hide_more_platforms":"0","video_object":"","demo_hide_cta":"0","demo_hide_cloud_options":"0","pricing_title":"","pricing":[{"pricing_icon":"platform","pricing_title":"Elfsight Apps","pricing_title_caption":"Wersja wieloplatformowa, kt\u00f3ra dzia\u0142a na dowolnej witrynie","pricing_price":"od 0 USD \/ miesi\u0105c","pricing_price_caption":"zacznij od bezp\u0142atnego planu","pricing_benefits":[{"text":"Nielimitowane domeny"},{"text":"Profesjonalna obs\u0142uga klienta"},{"text":"Bezp\u0142atna pomoc w instalacji"},{"text":"Specjalna oferta na wiele aplikacji"}],"pricing_button_text":"Dodaj do witryny","pricing_button_url":"#demo"}],"related_apps_title":"","related_apps_hidden":"0","author":"","image":[],"title":"","job":"","social_networks":[]},"_links":{"self":[{"href":"https:\/\/elfsight.com\/pl\/wp-json\/wp\/v2\/pages\/5455","targetHints":{"allow":["GET"]}}],"collection":[{"href":"https:\/\/elfsight.com\/pl\/wp-json\/wp\/v2\/pages"}],"about":[{"href":"https:\/\/elfsight.com\/pl\/wp-json\/wp\/v2\/types\/page"}],"author":[{"embeddable":true,"href":"https:\/\/elfsight.com\/pl\/wp-json\/wp\/v2\/users\/9"}],"replies":[{"embeddable":true,"href":"https:\/\/elfsight.com\/pl\/wp-json\/wp\/v2\/comments?post=5455"}],"version-history":[{"count":3,"href":"https:\/\/elfsight.com\/pl\/wp-json\/wp\/v2\/pages\/5455\/revisions"}],"predecessor-version":[{"id":10761,"href":"https:\/\/elfsight.com\/pl\/wp-json\/wp\/v2\/pages\/5455\/revisions\/10761"}],"up":[{"embeddable":true,"href":"https:\/\/elfsight.com\/pl\/wp-json\/wp\/v2\/pages\/675"}],"wp:attachment":[{"href":"https:\/\/elfsight.com\/pl\/wp-json\/wp\/v2\/media?parent=5455"}],"curies":[{"name":"wp","href":"https:\/\/api.w.org\/{rel}","templated":true}]}}