{"id":5453,"date":"2024-05-03T06:39:12","date_gmt":"2024-05-03T06:39:12","guid":{"rendered":"https:\/\/elfsight.com\/pl\/?page_id=5453"},"modified":"2025-06-24T13:52:46","modified_gmt":"2025-06-24T13:52:46","slug":"opencart","status":"publish","type":"page","link":"https:\/\/elfsight.com\/pl\/google-reviews-widget\/opencart\/","title":{"rendered":"Google Reviews &#8211; OpenCart"},"content":{"rendered":"<div class=\"application-platform-content-item-description application-platform-content-item\" id=\"description\" data-nav-section=\"description\"> <h2>Umie\u015b\u0107 recenzje Google za pomoc\u0105 wid\u017cetu Elfsight<\/h2> <p>Je\u015bli chcesz pochwali\u0107 si\u0119 wysok\u0105 ocen\u0105 i przekona\u0107 odwiedzaj\u0105cych witryn\u0119 do Twoich ofert s\u0105 dobrej jako\u015bci, Elfsight Google Reviews jest dok\u0142adnie tym, czego potrzebujesz. Za pomoc\u0105 naszego widgetu b\u0119dziesz m\u00f3g\u0142 osadzi\u0107 na swojej stronie recenzje klient\u00f3w z Google z informacj\u0105 o ich autorach, u\u017cy\u0107 filtr\u00f3w, aby wy\u015bwietli\u0107 tylko najlepsze, doda\u0107 oceny i przycisk przekierowania, kt\u00f3ry przekieruje ludzi na Twoj\u0105 stron\u0119 Google, gdzie b\u0119d\u0105 mo\u017ce opublikowa\u0107 swoj\u0105 recenzj\u0119.<\/p><div class=\"faq\" data-component=\"FAQ\"> <div class=\"faq-item\">\r\n\t\t\t\t\t<div class=\"faq-item-question\">\r\n\t\t\t\t\t\t<h3 class=\"faq-item-question-text\">Gdzie w mojej witrynie mog\u0119 zainstalowa\u0107 recenzje Google Opencart?<\/h3>\r\n\r\n\t\t\t\t\t\t<div class=\"faq-item-question-icon\"><\/div>\r\n\t\t\t\t\t<\/div>\r\n\r\n\t\t\t\t\t<div class=\"faq-item-answer\">\r\n\t\t\t\t\t\t<div class=\"faq-item-answer-text\"> <p>Mo\u017cesz doda\u0107 wid\u017cet do dowolnej strony swojej witryny lub wklei\u0107 go do szablonu witryny i b\u0119dzie on wy\u015bwietlany na wszystkich stronach. Recenzje \u015bwietnie sprawdz\u0105 si\u0119 na stronach produkt\u00f3w lub na stronie O nas, gdzie chcesz udowodni\u0107 swoj\u0105 wysok\u0105 ocen\u0119. <\/p><\/div>\r\n\t\t\t\t\t<\/div>\r\n\t\t\t\t<\/div> <div class=\"faq-item\">\r\n\t\t\t\t\t<div class=\"faq-item-question\">\r\n\t\t\t\t\t\t<h3 class=\"faq-item-question-text\">Jak widget mo\u017ce poprawi\u0107 funkcjonalno\u015b\u0107 witryny?<\/h3>\r\n\r\n\t\t\t\t\t\t<div class=\"faq-item-question-icon\"><\/div>\r\n\t\t\t\t\t<\/div>\r\n\r\n\t\t\t\t\t<div class=\"faq-item-answer\">\r\n\t\t\t\t\t\t<div class=\"faq-item-answer-text\"> <p>Dodaj\u0105c Recenzje Google do WordPressa, zyskujesz wiele korzy\u015bci. Oto najwa\u017cniejsze z nich:<\/p><ul><li><p><strong>Ponad 77% os\u00f3b czyta opinie przed zakupem nieznanej marki.<\/strong><br>Oznacza to, \u017ce je\u015bli masz \u015bwietne oceny w Google, b\u0119dziesz mie\u0107 wi\u0119ksze szanse na sprzeda\u017c swoich produkt\u00f3w i us\u0142ug.<\/p><\/li><li><p><strong>Recenzje dostarczaj\u0105 Twojej witrynie przydatnych materia\u0142\u00f3w.<\/strong><br> Referencje zawieraj\u0105 trafne s\u0142owa kluczowe pasuj\u0105ce do opisu Twojej firmy. B\u0119d\u0105 one postrzegane przez wyszukiwark\u0119 jako tekst ze s\u0142owami kluczowymi na stronie.<\/p><\/li><li><p><strong>Fragmenty recenzji zwi\u0119kszaj\u0105 wsp\u00f3\u0142czynnik klikalno\u015bci SERP.<\/strong><br>Bogaty fragment Twojej oceny gwiazdowej jest tworzony automatycznie przez wtyczk\u0119 Opencart Google Reviews. W rezultacie jest bardziej prawdopodobne, \u017ce u\u017cytkownicy klikn\u0105 wyr\u00f3\u017cniaj\u0105cy si\u0119 link do witryny w Google.<\/p><\/li><\/ul><\/div>\r\n\t\t\t\t\t<\/div>\r\n\t\t\t\t<\/div> <div class=\"faq-item\">\r\n\t\t\t\t\t<div class=\"faq-item-question\">\r\n\t\t\t\t\t\t<h3 class=\"faq-item-question-text\">Jak osadzi\u0107 wid\u017cet Recenzje Google w witrynie moja witryna OpenCart?<\/h3>\r\n\r\n\t\t\t\t\t\t<div class=\"faq-item-question-icon\"><\/div>\r\n\t\t\t\t\t<\/div>\r\n\r\n\t\t\t\t\t<div class=\"faq-item-answer\">\r\n\t\t\t\t\t\t<div class=\"faq-item-answer-text\"> <p>Tworzenie wid\u017cetu Recenzje dla OpenCart zajmuje nie wi\u0119cej ni\u017c dwie minuty. Mo\u017cesz przetestowa\u0107 wszystkie korzy\u015bci i ustawienia w darmowym edytorze wizualnym. Proces ten nie wymaga nawet rejestracji. Instalacja jest niezwykle szybka, darmowa i bez kodowania. Po prostu skopiujesz dwie linie kodu instalacyjnego i wkleisz je do zaplecza witryny.<\/p> <\/div>\r\n\t\t\t\t\t<\/div>\r\n\t\t\t\t<\/div> <\/div> <\/div><div class=\"application-platform-content-item-features application-platform-content-item\" id=\"features\" data-nav-section=\"features\"> <h2>G\u0142\u00f3wne funkcje Google Rozszerzenie Recenzje<\/h2> <p>Aby lepiej zrozumie\u0107 rozszerzenie, mo\u017cesz przejrze\u0107 list\u0119 jego najwa\u017cniejszych funkcji. Dzi\u0119ki nim ten widget jest niezwykle wydajny dla Twojej witryny:<\/p> <ul> <li>Trzy rodzaje filtr\u00f3w: wed\u0142ug typu, wykluczania i liczby wy\u015bwietlanych recenzji;<\/li> <li>Cztery warianty uk\u0142ad\u00f3w: Lista, Siatka, Mur i Suwak;<\/li> <li>Opcja pokazania lub ukrycia nag\u0142\u00f3wka wid\u017cetu;<\/li> <li>Przycisk pro\u015bby o sprawdzenie przenosi ludzi na Twoj\u0105 stron\u0119 Google;<\/li> <li> li&gt; <li>6 regulowanych element\u00f3w wid\u017cetu: imi\u0119 i nazwisko autora i zdj\u0119cie, tekst rekomendacji, data opublikowania, ikona Google i liczba gwiazdek;<\/li> <li>Dwa mo\u017cliwe scenariusze po odrzuceniu pro\u015bby o sprawdzenie: ujawnij wiadomo\u015b\u0107 tekstow\u0105 lub ukryj przycisk.<\/li> <\/ul><p><a href=\"#demo\">Aby pozna\u0107 wi\u0119cej funkcji, zobacz wersj\u0119 demonstracyjn\u0105<\/a><\/p> <\/div><div class=\"application-platform-content-item-installation application-platform-content-item\" id=\"installation\" data-nav-section=\"installation\"> <h2>Jak osadzi\u0107 Recenzje Google na swojej stronie OpenCart<\/h2> <p>Jedyne, co musisz zrobi\u0107, to poni\u017csze czynno\u015bci. Zajmie to kilka minut i nie wymaga \u017cadnego kodowania.<\/p> <ol><li><b>Uruchom nasz bezp\u0142atny konfigurator i zacznij tworzy\u0107 spersonalizowane rozszerzenie Opinii Google. <\/b><br> Okre\u015bl odpowiedni\u0105 form\u0119 i funkcje rozszerzenia oraz zastosuj wszystkie zmiany. <\/li> <li><b>Skopiuj unikalny kod pojawiaj\u0105cy si\u0119 w oknie aplikacji Elfsight. <\/b><br> Po zako\u0144czeniu tworzenia osobistego rozszerzenia skopiuj ekskluzywny kod w wy\u015bwietlonym oknie i zapisz go do p\u00f3\u017aniejszego wykorzystania. <\/li> <li><b>Rozpocznij stosowanie rozszerzenia na stronie internetowej OpenCart. <\/b><br> Umie\u015b\u0107 ostatnio skopiowany kod na swojej stronie internetowej i zastosuj zmiany. <\/li> <li><b>Konfiguracja zosta\u0142a ca\u0142kowicie uko\u0144czona. <\/b><br> Przejd\u017a do swojej witryny i zobacz, jak dzia\u0142a rozszerzenie. <\/li><\/ol><p>Nadal masz w\u0105tpliwo\u015bci? Lub do\u015bwiadczasz problem\u00f3w? Po prostu wy\u015blij swoj\u0105 pro\u015bb\u0119 do naszego dzia\u0142u obs\u0142ugi klienta, a oni odpowiedz\u0105 na ka\u017cde pytanie. <\/p> <\/div>","protected":false},"excerpt":{"rendered":"","protected":false},"author":9,"featured_media":0,"parent":675,"menu_order":0,"comment_status":"closed","ping_status":"closed","template":"templates\/template-application-platform.php","meta":{"publish_to_discourse":"","publish_post_category":"","wpdc_auto_publish_overridden":"","wpdc_topic_tags":"","wpdc_pin_topic":"","wpdc_pin_until":"","discourse_post_id":"","discourse_permalink":"","wpdc_publishing_response":"","wpdc_publishing_error":"","footnotes":""},"class_list":["post-5453","page","type-page","status-publish","hentry"],"yoast_head":"<!-- This site is optimized with the Yoast SEO plugin v25.3.1 - https:\/\/yoast.com\/wordpress\/plugins\/seo\/ -->\n<title>Osad\u017a recenzje Google na stronie OpenCart - dodaj recenzje na stronie w 2 minuty!<\/title>\n<meta name=\"description\" content=\"Oto mo\u017cliwo\u015b\u0107 stworzenia wid\u017cetu Recenzji Google i osadzenia go na swojej stronie OpenCart. Uzyskaj bezp\u0142atn\u0105 obs\u0142ug\u0119 klienta i inne bonusy od Elfsight.\" \/>\n<meta name=\"robots\" content=\"index, follow, max-snippet:-1, max-image-preview:large, max-video-preview:-1\" \/>\n<link rel=\"canonical\" href=\"https:\/\/elfsight.com\/pl\/google-reviews-widget\/opencart\/\" \/>\n<meta property=\"og:locale\" content=\"pl_PL\" \/>\n<meta property=\"og:type\" content=\"article\" \/>\n<meta property=\"og:title\" content=\"Osad\u017a recenzje Google na stronie OpenCart - dodaj recenzje na stronie w 2 minuty!\" \/>\n<meta property=\"og:description\" content=\"Oto mo\u017cliwo\u015b\u0107 stworzenia wid\u017cetu Recenzji Google i osadzenia go na swojej stronie OpenCart. Uzyskaj bezp\u0142atn\u0105 obs\u0142ug\u0119 klienta i inne bonusy od Elfsight.\" \/>\n<meta property=\"og:url\" content=\"https:\/\/elfsight.com\/pl\/google-reviews-widget\/opencart\/\" \/>\n<meta property=\"og:site_name\" content=\"Elfsight PL\" \/>\n<meta property=\"article:modified_time\" content=\"2025-06-24T13:52:46+00:00\" \/>\n<meta name=\"twitter:card\" content=\"summary_large_image\" \/>\n<meta name=\"twitter:label1\" content=\"Szacowany czas czytania\" \/>\n\t<meta name=\"twitter:data1\" content=\"4 minuty\" \/>\n<!-- \/ Yoast SEO plugin. -->","yoast_head_json":{"title":"Osad\u017a recenzje Google na stronie OpenCart - dodaj recenzje na stronie w 2 minuty!","description":"Oto mo\u017cliwo\u015b\u0107 stworzenia wid\u017cetu Recenzji Google i osadzenia go na swojej stronie OpenCart. Uzyskaj bezp\u0142atn\u0105 obs\u0142ug\u0119 klienta i inne bonusy od Elfsight.","robots":{"index":"index","follow":"follow","max-snippet":"max-snippet:-1","max-image-preview":"max-image-preview:large","max-video-preview":"max-video-preview:-1"},"canonical":"https:\/\/elfsight.com\/pl\/google-reviews-widget\/opencart\/","og_locale":"pl_PL","og_type":"article","og_title":"Osad\u017a recenzje Google na stronie OpenCart - dodaj recenzje na stronie w 2 minuty!","og_description":"Oto mo\u017cliwo\u015b\u0107 stworzenia wid\u017cetu Recenzji Google i osadzenia go na swojej stronie OpenCart. Uzyskaj bezp\u0142atn\u0105 obs\u0142ug\u0119 klienta i inne bonusy od Elfsight.","og_url":"https:\/\/elfsight.com\/pl\/google-reviews-widget\/opencart\/","og_site_name":"Elfsight PL","article_modified_time":"2025-06-24T13:52:46+00:00","twitter_card":"summary_large_image","twitter_misc":{"Szacowany czas czytania":"4 minuty"},"schema":{"@context":"https:\/\/schema.org","@graph":[{"@type":"WebPage","@id":"https:\/\/elfsight.com\/pl\/google-reviews-widget\/opencart\/","url":"https:\/\/elfsight.com\/pl\/google-reviews-widget\/opencart\/","name":"Osad\u017a recenzje Google na stronie OpenCart - dodaj recenzje na stronie w 2 minuty!","isPartOf":{"@id":"https:\/\/elfsight.com\/pl\/#website"},"datePublished":"2024-05-03T06:39:12+00:00","dateModified":"2025-06-24T13:52:46+00:00","description":"Oto mo\u017cliwo\u015b\u0107 stworzenia wid\u017cetu Recenzji Google i osadzenia go na swojej stronie OpenCart. Uzyskaj bezp\u0142atn\u0105 obs\u0142ug\u0119 klienta i inne bonusy od Elfsight.","breadcrumb":{"@id":"https:\/\/elfsight.com\/pl\/google-reviews-widget\/opencart\/#breadcrumb"},"inLanguage":"pl-PL","potentialAction":[{"@type":"ReadAction","target":["https:\/\/elfsight.com\/pl\/google-reviews-widget\/opencart\/"]}]},{"@type":"BreadcrumbList","@id":"https:\/\/elfsight.com\/pl\/google-reviews-widget\/opencart\/#breadcrumb","itemListElement":[{"@type":"ListItem","position":1,"name":"Home","item":"https:\/\/elfsight.com\/pl\/"},{"@type":"ListItem","position":2,"name":"Google Reviews","item":"https:\/\/elfsight.com\/pl\/google-reviews-widget\/"},{"@type":"ListItem","position":3,"name":"Google Reviews &#8211; OpenCart"}]},{"@type":"WebSite","@id":"https:\/\/elfsight.com\/pl\/#website","url":"https:\/\/elfsight.com\/pl\/","name":"Elfsight PL","description":"Just another Elfsight Sites site","potentialAction":[{"@type":"SearchAction","target":{"@type":"EntryPoint","urlTemplate":"https:\/\/elfsight.com\/pl\/?s={search_term_string}"},"query-input":{"@type":"PropertyValueSpecification","valueRequired":true,"valueName":"search_term_string"}}],"inLanguage":"pl-PL"}]}},"meta_box":{"industry":"","seo_heading":"","heading":"","description":"","cta_heading":"","cta_description":"","application":"668","h1":"Rozszerzenie Opinii Google OpenCart","h1_caption":"Osadzaj recenzje swojego miejsca z Google, aby bez wysi\u0142ku uzyska\u0107 najlepsze wra\u017cenia klient\u00f3w w swojej witrynie w witrynie Opencart.","application_category":[],"applications_title":"","applications_request_title":"","applications_request_button_text":"","hero_text":"","hero_video":"","hero_video_schema_markup":"","selling_points_title":"","selling_points_caption":"","selling_points":[],"selling_points_cta_text":"","features_title":"","features":"","ed_cta_examples_text":"","ed_cta_examples_hidden":"","ed_cta_demo_text":"","ed_cta_demo_hidden":"","why_caption":"","why_editor_title":"","why_editor_text":"","why_team_title":"","why_team_text":"","why_service_title":"","why_service_text":"","template_catalog_visible":"0","template_catalog_title":"","template_catalog_text":"","template_catalog_categories_visible":"","demo_title":"Utw\u00f3rz rozszerzenie Opinii Google","demo_caption":"Skonfiguruj swoje Recenzje Google i dodaj je do swojej witryny OpenCart za darmo!","default_faq_hidden":"","app_template_category":[],"platform":"107","template_public_id":"","codecanyon_url":"","codecanyon_item_id":"","codecanyon_price":"","pricing_caption":"","pricing_elfsight_apps_hide_column":"","pricing_elfsight_apps_url":"","pricing_codecanyon_price_caption":"","integration_category":[],"integration_request_title":"","integration_request_cta":"","integration_platform":"","integrations":[],"platform_category":[],"video_schema_markup":"","price":"od 0 USD \/ miesi\u0105c","trial":"","benefits":[{"text":"Bezp\u0142atna pomoc w monta\u017cu"},{"text":"Kompetentna obs\u0142uga klienta"},{"text":"14-dniowa gwarancja zwrotu pieni\u0119dzy"}],"button_url":"#demo","button_target_blank":"0","button_nofollow":"0","attributes":[{"name":"Instaluje"},{"name":"Czu\u0142y"},{"name":"Kompatybilne przegl\u0105darki"}],"tags":[],"tags_disable_links":"0","hide_more_platforms":"0","video_object":"","demo_hide_cta":"0","demo_hide_cloud_options":"0","pricing_title":"","pricing":[{"pricing_icon":"platform","pricing_title":"Elfsight Apps","pricing_title_caption":"Wersja wieloplatformowa, kt\u00f3ra dzia\u0142a na ka\u017cdej stronie internetowej","pricing_price":"od 0 USD \/ miesi\u0105c","pricing_price_caption":"zacznij od bezp\u0142atnego planu","pricing_benefits":[{"text":"Nielimitowane domeny"},{"text":"Profesjonalne i terminowe wsparcie"},{"text":"Bezp\u0142atna pomoc w monta\u017cu"},{"text":"100% konfigurowalny"}],"pricing_button_text":"Dodaj do witryny","pricing_button_url":"#demo"}],"related_apps_title":"","related_apps_hidden":"0","author":"","image":[],"title":"","job":"","social_networks":[]},"_links":{"self":[{"href":"https:\/\/elfsight.com\/pl\/wp-json\/wp\/v2\/pages\/5453","targetHints":{"allow":["GET"]}}],"collection":[{"href":"https:\/\/elfsight.com\/pl\/wp-json\/wp\/v2\/pages"}],"about":[{"href":"https:\/\/elfsight.com\/pl\/wp-json\/wp\/v2\/types\/page"}],"author":[{"embeddable":true,"href":"https:\/\/elfsight.com\/pl\/wp-json\/wp\/v2\/users\/9"}],"replies":[{"embeddable":true,"href":"https:\/\/elfsight.com\/pl\/wp-json\/wp\/v2\/comments?post=5453"}],"version-history":[{"count":2,"href":"https:\/\/elfsight.com\/pl\/wp-json\/wp\/v2\/pages\/5453\/revisions"}],"predecessor-version":[{"id":10418,"href":"https:\/\/elfsight.com\/pl\/wp-json\/wp\/v2\/pages\/5453\/revisions\/10418"}],"up":[{"embeddable":true,"href":"https:\/\/elfsight.com\/pl\/wp-json\/wp\/v2\/pages\/675"}],"wp:attachment":[{"href":"https:\/\/elfsight.com\/pl\/wp-json\/wp\/v2\/media?parent=5453"}],"curies":[{"name":"wp","href":"https:\/\/api.w.org\/{rel}","templated":true}]}}