{"id":5447,"date":"2024-05-03T06:39:10","date_gmt":"2024-05-03T06:39:10","guid":{"rendered":"https:\/\/elfsight.com\/pl\/?page_id=5447"},"modified":"2025-01-24T13:33:52","modified_gmt":"2025-01-24T13:33:52","slug":"squarespace","status":"publish","type":"page","link":"https:\/\/elfsight.com\/pl\/google-reviews-widget\/squarespace\/","title":{"rendered":"Google Reviews &#8211; Squarespace"},"content":{"rendered":"<div class=\"application-platform-content-item-description application-platform-content-item\" id=\"description\" data-nav-section=\"description\"> <h2>Umie\u015b\u0107 recenzje Google za pomoc\u0105 wtyczki Elfsight<\/h2> <p>Je\u015bli chcesz wykaza\u0107 si\u0119 wysok\u0105 ocen\u0105 klient\u00f3w i przekona\u0107 odwiedzaj\u0105cych witryn\u0119, \u017ce Twoja oferty s\u0105 warte zakupu, widget Elfsight Google Reviews jest dok\u0142adnie tym, czego potrzebujesz. Dzi\u0119ki temu narz\u0119dziu b\u0119dziesz m\u00f3g\u0142 wstawia\u0107 na swoj\u0105 stron\u0119 recenzje klient\u00f3w z Google ze szczeg\u00f3\u0142ami o ich autorach, filtrowa\u0107 je tak, aby ukaza\u0142y si\u0119 tylko dobre, dodawa\u0107 oceny i przycisk przekierowuj\u0105cy, kt\u00f3ry poprowadzi u\u017cytkownik\u00f3w na Twoj\u0105 stron\u0119 Google, aby mogli udost\u0119pnia\u0107 nowa recenzja. <\/p><div class=\"faq\" data-component=\"FAQ\"> <div class=\"faq-item\">\r\n\t\t\t\t\t<div class=\"faq-item-question\">\r\n\t\t\t\t\t\t<h3 class=\"faq-item-question-text\">Czy s\u0105 jakie\u015b inne narz\u0119dzia dla Squarespace, kt\u00f3re mog\u0119 umie\u015bci\u0107 na mojej stronie internetowej? <\/h3>\r\n\r\n\t\t\t\t\t\t<div class=\"faq-item-question-icon\"><\/div>\r\n\t\t\t\t\t<\/div>\r\n\r\n\t\t\t\t\t<div class=\"faq-item-answer\">\r\n\t\t\t\t\t\t<div class=\"faq-item-answer-text\"> <p>Mamy do zaoferowania ca\u0142\u0105 mas\u0119 wid\u017cet\u00f3w, dzi\u0119ki kt\u00f3rym mo\u017cesz wykona\u0107 dowolne zadanie Twoja strona. Zobacz je tutaj: <a href=\"https:\/\/elfsight.com\/qr-code-widget\/squarespace\/\">Kod QR<\/a>, <a href=\"https:\/\/elfsight.com\/whatsapp-chat -widget\/squarespace\/\">Czat WhatsApp<\/a>, <a href=\"https:\/\/elfsight.com\/event-calendar-widget\/squarespace\/\">Kalendarz wydarze\u0144<\/a>, <a href=\"https:\/\/elfsight.com\/countdown-timer-widget\/squarespace\/\">Licznik czasu<\/a>.<\/p> <\/div>\r\n\t\t\t\t\t<\/div>\r\n\t\t\t\t<\/div> <div class=\"faq-item\">\r\n\t\t\t\t\t<div class=\"faq-item-question\">\r\n\t\t\t\t\t\t<h3 class=\"faq-item-question-text\">W jaki spos\u00f3b mog\u0119 osadzi\u0107 wtyczk\u0119 Google Reviews w mojej witrynie Squarespace ? <\/h3>\r\n\r\n\t\t\t\t\t\t<div class=\"faq-item-question-icon\"><\/div>\r\n\t\t\t\t\t<\/div>\r\n\r\n\t\t\t\t\t<div class=\"faq-item-answer\">\r\n\t\t\t\t\t\t<div class=\"faq-item-answer-text\"> <p>Mo\u017cesz doda\u0107 wtyczk\u0119 Google Reviews do swojej witryny Squarespace i nie b\u0119dzie to wymaga\u0107 du\u017cego wysi\u0142ku! Wystarczy przej\u015b\u0107 do panelu administracyjnego i wykona\u0107 nast\u0119puj\u0105ce czynno\u015bci: <\/p><ol><li>Przejd\u017a do ustawie\u0144 motywu. <\/li><li>Znajd\u017a blok, w kt\u00f3rym chcesz zaimplementowa\u0107 wid\u017cet w swojej witrynie Squarespace. <\/li><li>Wklej sw\u00f3j kod z aplikacji Elfsight i zastosuj zmiany. <\/li><li>To takie proste. <\/li><\/ol><p>Bardziej szczeg\u00f3\u0142owy przewodnik znajdziesz tak\u017ce na stronie <a href=\"https:\/\/elfsight.com\/tutorials\/how-to-add-google-reviews-to-any-website-full-guide\/#google-reviews-squarespace\">jak doda\u0107 Recenzje Google<\/a>.<\/p><\/div>\r\n\t\t\t\t\t<\/div>\r\n\t\t\t\t<\/div> <div class=\"faq-item\">\r\n\t\t\t\t\t<div class=\"faq-item-question\">\r\n\t\t\t\t\t\t<h3 class=\"faq-item-question-text\">Jak mog\u0119 zobaczy\u0107 w r\u0119ku wtyczk\u0119 Squarespace Recenzje Google?<\/h3>\r\n\r\n\t\t\t\t\t\t<div class=\"faq-item-question-icon\"><\/div>\r\n\t\t\t\t\t<\/div>\r\n\r\n\t\t\t\t\t<div class=\"faq-item-answer\">\r\n\t\t\t\t\t\t<div class=\"faq-item-answer-text\"> <p>To naprawd\u0119 \u0142atwe! Po prostu skorzystaj z naszej <a href=\"https:\/\/elfsight.com\/google-reviews-widget\/#demo\">demo<\/a> na \u017cywo i utw\u00f3rz widget online za darmo. Nast\u0119pnie b\u0119dziesz m\u00f3g\u0142 dodawa\u0107 Recenzje Google do Squarespace.<\/p><\/div>\r\n\t\t\t\t\t<\/div>\r\n\t\t\t\t<\/div> <\/div><\/div> <div class=\"application-platform-content-item-features application-platform-content-item\" id=\"features\" data-nav-section=\"features\"> <h2>G\u0142\u00f3wne funkcje wtyczki Recenzje Google<\/h2> <p>Aby lepiej zrozumie\u0107 wid\u017cet, mo\u017cesz przejrze\u0107 list\u0119 g\u0142\u00f3wnych cech. Dzi\u0119ki nim ten widget jest niezwykle wydajny dla Twojej witryny: <\/p> <ul> <li>Trzy predefiniowane filtry: wed\u0142ug typu, wykluczenia wed\u0142ug i liczby wy\u015bwietlanych recenzji; <\/li> <li>Dost\u0119pne cztery uk\u0142ady: Lista, Siatka, Mur i Suwak; <\/li> <li>Opcja kontroli wy\u015bwietlania nag\u0142\u00f3wka wid\u017cetu; <\/li> <li>Przycisk pro\u015bby o sprawdzenie kieruje u\u017cytkownik\u00f3w do strony Google; <\/li> <li>6 konfigurowalnych element\u00f3w interfejsu: imi\u0119 i zdj\u0119cie autora, tekst rekomendacji, data, ikona Google i liczba gwiazdek; <\/li> <li>Dwie mo\u017cliwo\u015bci odrzucenia pro\u015bby o sprawdzenie: zaprezentuj wiadomo\u015b\u0107 lub usu\u0144 przycisk. <\/li> <\/ul><p><a href=\"#demo\">Aby pozna\u0107 wi\u0119cej funkcji, zobacz demonstracj\u0119<\/a><\/p> <\/div> <div class=\"application-platform-content-item-installation application-platform-content-item\" id=\"installation\" data-nav-section=\"installation\"> <h2> Dowiedz si\u0119, jak zintegrowa\u0107 recenzje Google ze swoj\u0105 witryn\u0105 Squarespace<\/h2><div class=\"video-container\"><iframe width=\"720\" height=\"405\" src=\"https:\/\/www.youtube.com\/embed\/AaI1geeGyNA\" frameborder=\"0\" allowfullscreen=\"\"><\/iframe><\/div><p>Poni\u017csze czynno\u015bci to jedyne, czego potrzebujesz, aby skonfigurowa\u0107 wid\u017cet na swojej stronie internetowej. Zajmie to kilka minut i nie wymaga kodowania. <\/p> <ol><li><p><b>Wygeneruj spersonalizowan\u0105 wtyczk\u0119 Recenzji<\/b><br>Korzystaj\u0105c z naszej bezp\u0142atnej wersji demonstracyjnej, mo\u017cesz stworzy\u0107 wtyczk\u0119 o preferowanym sk\u0142adzie i cechach funkcjonalnych.<\/p> <\/li><li><p><b>Uzyskaj indywidualny kod, aby doda\u0107 wtyczk\u0119<\/b><br>Po utworzeniu wid\u017cetu otrzymasz indywidualny kod z wy\u015bwietlonego okna aplikacji Elfsight. Skopiuj kod do wykorzystania w przysz\u0142o\u015bci.<\/p><\/li> <li><p><b>Osadzanie recenzji Google w witrynie Squarespace<\/b><br>Nast\u0119pnie w panelu kontrolnym Squarespace przejd\u017a do strony, na kt\u00f3rej w kt\u00f3rym chcesz osadzi\u0107 wtyczk\u0119 Recenzje i kliknij ikon\u0119 \u201eDodaj blok\u201d w prawym g\u00f3rnym rogu kontenera strony. Wybierz blok \u201eKod\u201d w sekcji Wi\u0119cej. Wybierz obszar, w kt\u00f3rym chcesz wy\u015bwietli\u0107 wtyczk\u0119 i wklej tam skopiowany kod. Opublikuj zmiany.<\/p><\/li> <li><p><b>Gotowe!<\/b><br>Wejd\u017a na stron\u0119 i obejrzyj swoj\u0105 wtyczk\u0119. Pomy\u015blnie umie\u015bci\u0142e\u015b recenzje Google w witrynie Squarespace!<\/p><\/li> <\/ol><p>Nadal masz w\u0105tpliwo\u015bci dotycz\u0105ce umieszczania recenzji? Po prostu wy\u015blij swoj\u0105 pro\u015bb\u0119 do naszego dzia\u0142u obs\u0142ugi klienta, a oni odpowiedz\u0105 na ka\u017cde pytanie. <\/p> <\/div>","protected":false},"excerpt":{"rendered":"","protected":false},"author":9,"featured_media":0,"parent":675,"menu_order":0,"comment_status":"closed","ping_status":"closed","template":"templates\/template-application-platform.php","meta":{"publish_to_discourse":"","publish_post_category":"","wpdc_auto_publish_overridden":"","wpdc_topic_tags":"","wpdc_pin_topic":"","wpdc_pin_until":"","discourse_post_id":"","discourse_permalink":"","wpdc_publishing_response":"","wpdc_publishing_error":"","footnotes":""},"class_list":["post-5447","page","type-page","status-publish","hentry"],"yoast_head":"<!-- This site is optimized with the Yoast SEO plugin v25.3.1 - https:\/\/yoast.com\/wordpress\/plugins\/seo\/ -->\n<title>Umie\u015b\u0107 wtyczk\u0119 Google Reviews w Squarespace - dodaj recenzje do witryny w 2 minuty!<\/title>\n<meta name=\"description\" content=\"Utworzenie wtyczki Recenzje Google i dodanie jej do witryny Squarespace nie jest trudne. Obs\u0142uga klienta Elfsight jest bezp\u0142atna i szybka.\" \/>\n<meta name=\"robots\" content=\"index, follow, max-snippet:-1, max-image-preview:large, max-video-preview:-1\" \/>\n<link rel=\"canonical\" href=\"https:\/\/elfsight.com\/pl\/google-reviews-widget\/squarespace\/\" \/>\n<meta property=\"og:locale\" content=\"pl_PL\" \/>\n<meta property=\"og:type\" content=\"article\" \/>\n<meta property=\"og:title\" content=\"Umie\u015b\u0107 wtyczk\u0119 Google Reviews w Squarespace - dodaj recenzje do witryny w 2 minuty!\" \/>\n<meta property=\"og:description\" content=\"Utworzenie wtyczki Recenzje Google i dodanie jej do witryny Squarespace nie jest trudne. Obs\u0142uga klienta Elfsight jest bezp\u0142atna i szybka.\" \/>\n<meta property=\"og:url\" content=\"https:\/\/elfsight.com\/pl\/google-reviews-widget\/squarespace\/\" \/>\n<meta property=\"og:site_name\" content=\"Elfsight PL\" \/>\n<meta property=\"article:modified_time\" content=\"2025-01-24T13:33:52+00:00\" \/>\n<meta name=\"twitter:card\" content=\"summary_large_image\" \/>\n<meta name=\"twitter:label1\" content=\"Szacowany czas czytania\" \/>\n\t<meta name=\"twitter:data1\" content=\"3 minuty\" \/>\n<!-- \/ Yoast SEO plugin. -->","yoast_head_json":{"title":"Umie\u015b\u0107 wtyczk\u0119 Google Reviews w Squarespace - dodaj recenzje do witryny w 2 minuty!","description":"Utworzenie wtyczki Recenzje Google i dodanie jej do witryny Squarespace nie jest trudne. Obs\u0142uga klienta Elfsight jest bezp\u0142atna i szybka.","robots":{"index":"index","follow":"follow","max-snippet":"max-snippet:-1","max-image-preview":"max-image-preview:large","max-video-preview":"max-video-preview:-1"},"canonical":"https:\/\/elfsight.com\/pl\/google-reviews-widget\/squarespace\/","og_locale":"pl_PL","og_type":"article","og_title":"Umie\u015b\u0107 wtyczk\u0119 Google Reviews w Squarespace - dodaj recenzje do witryny w 2 minuty!","og_description":"Utworzenie wtyczki Recenzje Google i dodanie jej do witryny Squarespace nie jest trudne. Obs\u0142uga klienta Elfsight jest bezp\u0142atna i szybka.","og_url":"https:\/\/elfsight.com\/pl\/google-reviews-widget\/squarespace\/","og_site_name":"Elfsight PL","article_modified_time":"2025-01-24T13:33:52+00:00","twitter_card":"summary_large_image","twitter_misc":{"Szacowany czas czytania":"3 minuty"},"schema":{"@context":"https:\/\/schema.org","@graph":[{"@type":"WebPage","@id":"https:\/\/elfsight.com\/pl\/google-reviews-widget\/squarespace\/","url":"https:\/\/elfsight.com\/pl\/google-reviews-widget\/squarespace\/","name":"Umie\u015b\u0107 wtyczk\u0119 Google Reviews w Squarespace - dodaj recenzje do witryny w 2 minuty!","isPartOf":{"@id":"https:\/\/elfsight.com\/pl\/#website"},"datePublished":"2024-05-03T06:39:10+00:00","dateModified":"2025-01-24T13:33:52+00:00","description":"Utworzenie wtyczki Recenzje Google i dodanie jej do witryny Squarespace nie jest trudne. Obs\u0142uga klienta Elfsight jest bezp\u0142atna i szybka.","breadcrumb":{"@id":"https:\/\/elfsight.com\/pl\/google-reviews-widget\/squarespace\/#breadcrumb"},"inLanguage":"pl-PL","potentialAction":[{"@type":"ReadAction","target":["https:\/\/elfsight.com\/pl\/google-reviews-widget\/squarespace\/"]}]},{"@type":"BreadcrumbList","@id":"https:\/\/elfsight.com\/pl\/google-reviews-widget\/squarespace\/#breadcrumb","itemListElement":[{"@type":"ListItem","position":1,"name":"Home","item":"https:\/\/elfsight.com\/pl\/"},{"@type":"ListItem","position":2,"name":"Google Reviews","item":"https:\/\/elfsight.com\/pl\/google-reviews-widget\/"},{"@type":"ListItem","position":3,"name":"Google Reviews &#8211; Squarespace"}]},{"@type":"WebSite","@id":"https:\/\/elfsight.com\/pl\/#website","url":"https:\/\/elfsight.com\/pl\/","name":"Elfsight PL","description":"Just another Elfsight Sites site","potentialAction":[{"@type":"SearchAction","target":{"@type":"EntryPoint","urlTemplate":"https:\/\/elfsight.com\/pl\/?s={search_term_string}"},"query-input":{"@type":"PropertyValueSpecification","valueRequired":true,"valueName":"search_term_string"}}],"inLanguage":"pl-PL"}]}},"meta_box":{"industry":"","seo_heading":"","heading":"","description":"","cta_heading":"","cta_description":"","application":"668","h1":"Wtyczka Squarespace Recenzje Google","h1_caption":"Osadzaj recenzje swojego miejsca z Google, aby bezproblemowo uzyska\u0107 najlepsze wra\u017cenia klient\u00f3w w swojej witrynie w witrynie Squarespace.","application_category":[],"applications_title":"","applications_request_title":"","applications_request_button_text":"","hero_text":"","hero_video":"","hero_video_schema_markup":"","selling_points_title":"","selling_points_caption":"","selling_points":[],"selling_points_cta_text":"","features_title":"","features":"","ed_cta_examples_text":"","ed_cta_examples_hidden":"","ed_cta_demo_text":"","ed_cta_demo_hidden":"","why_caption":"","why_editor_title":"","why_editor_text":"","why_team_title":"","why_team_text":"","why_service_title":"","why_service_text":"","template_catalog_visible":"0","template_catalog_title":"","template_catalog_text":"","template_catalog_categories_visible":"","demo_title":"Utw\u00f3rz wtyczk\u0119 Recenzji Google","demo_caption":"Skonfiguruj swoje recenzje Google i dodaj je do swojej witryny Squarespace za darmo!","default_faq_hidden":"","app_template_category":[],"platform":"7588","template_public_id":"","codecanyon_url":"","codecanyon_item_id":"","codecanyon_price":"","pricing_caption":"","pricing_elfsight_apps_hide_column":"","pricing_elfsight_apps_url":"","pricing_codecanyon_price_caption":"","integration_category":[],"integration_request_title":"","integration_request_cta":"","integration_platform":"","integrations":[],"platform_category":[],"video_schema_markup":"","price":"od 0 USD \/ miesi\u0105c","trial":"","benefits":[{"text":"Bezp\u0142atna pomoc w instalacji"},{"text":"Wsparcie premium"},{"text":"14-dniowa gwarancja zwrotu pieni\u0119dzy"}],"button_url":"#demo","button_target_blank":"0","button_nofollow":"0","attributes":[{"name":"Instaluje","content":"100,000 - 500,000"},{"name":"Czu\u0142y","content":"Tak"},{"name":"Kompatybilne przegl\u0105darki","content":"IE11, Firefox, Safari, Opera, Chrome, Edge"}],"tags":[],"tags_disable_links":"0","hide_more_platforms":"","video_object":"","demo_hide_cta":"0","demo_hide_cloud_options":"0","pricing_title":"","pricing":[{"pricing_icon":"platform","pricing_title":"Elfsight Apps","pricing_title_caption":"Rozwi\u0105zanie niezale\u017cne od platformy, kt\u00f3re dzia\u0142a na ka\u017cdej stronie internetowej","pricing_price":"od 0 USD \/ miesi\u0105c","pricing_price_caption":"zacznij od bezp\u0142atnego planu","pricing_benefits":[{"text":"Nielimitowane domeny"},{"text":"Profesjonalna i terminowa pomoc oraz dobrze udokumentowana"},{"text":"Bezp\u0142atna pomoc w instalacji"},{"text":"Elastyczny projekt"}],"pricing_button_text":"Dodaj do witryny","pricing_button_url":"#demo"}],"related_apps_title":"","related_apps_hidden":"0","author":"","image":[],"title":"","job":"","social_networks":[]},"_links":{"self":[{"href":"https:\/\/elfsight.com\/pl\/wp-json\/wp\/v2\/pages\/5447","targetHints":{"allow":["GET"]}}],"collection":[{"href":"https:\/\/elfsight.com\/pl\/wp-json\/wp\/v2\/pages"}],"about":[{"href":"https:\/\/elfsight.com\/pl\/wp-json\/wp\/v2\/types\/page"}],"author":[{"embeddable":true,"href":"https:\/\/elfsight.com\/pl\/wp-json\/wp\/v2\/users\/9"}],"replies":[{"embeddable":true,"href":"https:\/\/elfsight.com\/pl\/wp-json\/wp\/v2\/comments?post=5447"}],"version-history":[{"count":3,"href":"https:\/\/elfsight.com\/pl\/wp-json\/wp\/v2\/pages\/5447\/revisions"}],"predecessor-version":[{"id":9792,"href":"https:\/\/elfsight.com\/pl\/wp-json\/wp\/v2\/pages\/5447\/revisions\/9792"}],"up":[{"embeddable":true,"href":"https:\/\/elfsight.com\/pl\/wp-json\/wp\/v2\/pages\/675"}],"wp:attachment":[{"href":"https:\/\/elfsight.com\/pl\/wp-json\/wp\/v2\/media?parent=5447"}],"curies":[{"name":"wp","href":"https:\/\/api.w.org\/{rel}","templated":true}]}}