{"id":5446,"date":"2024-05-03T06:39:09","date_gmt":"2024-05-03T06:39:09","guid":{"rendered":"https:\/\/elfsight.com\/pl\/?page_id=5446"},"modified":"2025-06-24T14:02:27","modified_gmt":"2025-06-24T14:02:27","slug":"webflow","status":"publish","type":"page","link":"https:\/\/elfsight.com\/pl\/google-reviews-widget\/webflow\/","title":{"rendered":"Google Reviews &#8211; Webflow"},"content":{"rendered":"<div class=\"application-platform-content-item-description application-platform-content-item\" id=\"description\" data-nav-section=\"description\"> <h2>Umie\u015b\u0107 recenzje Google za pomoc\u0105 wid\u017cetu Elfsight<\/h2> <p>Je\u015bli chcesz wyrazi\u0107 swoje uznanie w\u015br\u00f3d u\u017cytkownik\u00f3w i przekona\u0107 odwiedzaj\u0105cych witryn\u0119 \u017ce Twoje oferty maj\u0105 dobry stosunek jako\u015bci do ceny, Elfsight Google Reviews jest w\u0142a\u015bnie dla Ciebie. Za pomoc\u0105 naszego widgetu mo\u017cesz umie\u015bci\u0107 na swojej stronie opinie klient\u00f3w z Google ze szczeg\u00f3\u0142ami o ich autorach, posortowa\u0107 je tak, aby wy\u015bwietla\u0142y si\u0119 tylko pozytywne, wy\u015bwietli\u0107 oceny i przycisk przekierowuj\u0105cy, kt\u00f3ry przekieruje ludzi na Twoj\u0105 stron\u0119 Google, gdzie b\u0119d\u0105 mogli zamie\u015bci\u0107 now\u0105 recenzj\u0119 . <\/p><div class=\"faq\" data-component=\"FAQ\"> <div class=\"faq-item\">\r\n\t\t\t\t\t<div class=\"faq-item-question\">\r\n\t\t\t\t\t\t<h3 class=\"faq-item-question-text\">Gdzie na mojej stronie internetowej mog\u0119 zainstalowa\u0107 Recenzje Google Webflow?<\/h3>\r\n\r\n\t\t\t\t\t\t<div class=\"faq-item-question-icon\"><\/div>\r\n\t\t\t\t\t<\/div>\r\n\r\n\t\t\t\t\t<div class=\"faq-item-answer\">\r\n\t\t\t\t\t\t<div class=\"faq-item-answer-text\"> <p>Nasz widget mo\u017cna doda\u0107 do dowolnej strony, na kt\u00f3rej chcesz udowodni\u0107 swoje du\u017ce uznanie i popularno\u015b\u0107 w\u015br\u00f3d klient\u00f3w . Je\u015bli chcesz, aby wid\u017cet wy\u015bwietla\u0142 si\u0119 na wszystkich stronach Twojej witryny, mo\u017cesz \u0142atwo wprowadzi\u0107 go do szablonu witryny. <\/p><\/div>\r\n\t\t\t\t\t<\/div>\r\n\t\t\t\t<\/div> <div class=\"faq-item\">\r\n\t\t\t\t\t<div class=\"faq-item-question\">\r\n\t\t\t\t\t\t<h3 class=\"faq-item-question-text\">Jakie korzy\u015bci odnios\u0119 z recenzji na stronie internetowej? <\/h3>\r\n\r\n\t\t\t\t\t\t<div class=\"faq-item-question-icon\"><\/div>\r\n\t\t\t\t\t<\/div>\r\n\r\n\t\t\t\t\t<div class=\"faq-item-answer\">\r\n\t\t\t\t\t\t<div class=\"faq-item-answer-text\"> <p>Opinie pozostawione przez prawdziwych ludzi wygl\u0105daj\u0105 dla klient\u00f3w Twojej witryny jako wiarygodne i wskazuj\u0105 im, \u017ce mo\u017cna zaufa\u0107 Twojej firmie . Wysoka ocena i dobre recenzje mog\u0105 pom\u00f3c zwi\u0119kszy\u0107 liczb\u0119 zakup\u00f3w w Twojej witrynie. Aktywny przycisk mo\u017ce tak\u017ce przyczyni\u0107 si\u0119 do zwi\u0119kszenia liczby opinii u\u017cytkownik\u00f3w na temat Twoich ofert lub us\u0142ug w miejscach Google.<\/p> <\/div>\r\n\t\t\t\t\t<\/div>\r\n\t\t\t\t<\/div> <div class=\"faq-item\">\r\n\t\t\t\t\t<div class=\"faq-item-question\">\r\n\t\t\t\t\t\t<h3 class=\"faq-item-question-text\">Jak osadzi\u0107 wid\u017cet Recenzje Google w mojej witrynie Webflow? <\/h3>\r\n\r\n\t\t\t\t\t\t<div class=\"faq-item-question-icon\"><\/div>\r\n\t\t\t\t\t<\/div>\r\n\r\n\t\t\t\t\t<div class=\"faq-item-answer\">\r\n\t\t\t\t\t\t<div class=\"faq-item-answer-text\"> <p>Wymaga to dw\u00f3ch minut. Instalacja jest niezwykle szybka, bezp\u0142atna i nie wymaga kodowania. <\/p> <p>Mo\u017cesz osadzi\u0107 wid\u017cet na swojej stronie bezpo\u015brednio za po\u015brednictwem naszej us\u0142ugi. Aby to zrobi\u0107, zapoznaj si\u0119 z kr\u00f3tk\u0105 instrukcj\u0105 instalacji znajduj\u0105c\u0105 si\u0119 poni\u017cej na tej stronie. <\/p> <\/div>\r\n\t\t\t\t\t<\/div>\r\n\t\t\t\t<\/div> <\/div> <\/div><div class=\"application-platform-content-item-features application-platform-content-item\" id=\"features\" data-nav-section=\"features\"> <h2>G\u0142\u00f3wne funkcje wid\u017cetu Recenzje Google<\/h2> <p>Aby lepiej zrozumie\u0107 dzia\u0142alno\u015b\u0107 Google Recenzje, mo\u017cesz przegl\u0105da\u0107 list\u0119 g\u0142\u00f3wnych cech. Sprawiaj\u0105, \u017ce ten widget jest niezwykle wydajny dla Twojej witryny: <\/p> <ul> <li>Trzy gotowe do u\u017cycia filtry: wed\u0142ug typu, wykluczania i ilo\u015bci wy\u015bwietlanych recenzji; <\/li> <li>Cztery opcje uk\u0142ad\u00f3w: Lista, Siatka, Mur i Suwak; <\/li> <li>W pe\u0142ni elastyczny nag\u0142\u00f3wek wid\u017cetu; <\/li> <li>Aktywny przycisk umo\u017cliwiaj\u0105cy opublikowanie jeszcze jednej recenzji kieruje ludzi na Twoj\u0105 stron\u0119 Google; <\/li> <li>Sze\u015b\u0107 elastycznych element\u00f3w recenzji: imi\u0119 i zdj\u0119cie autora, rekomendacja, data opuszczenia, ikona Google i liczba gwiazdek; <\/li> <li>Dwa mo\u017cliwe scenariusze pro\u015bby o sprawdzenie: ujawnienie wiadomo\u015bci tekstowej lub ukrycie przycisku.<\/li> <\/ul><p><a href=\"#demo\">Aby pozna\u0107 wi\u0119cej funkcji, zobacz wersj\u0119 demonstracyjn\u0105 <\/a><\/p> <\/div><div class=\"application-platform-content-item-installation application-platform-content-item\" id=\"installation\" data-nav-section=\"installation\"> <h2>Jak osadzi\u0107 recenzje Google w swojej witrynie Webflow<\/h2><div class=\"video-container\"><iframe width=\"720\" height=\"405\" src=\"https:\/\/www.youtube.com\/embed\/AoIHItjhJfU\" frameborder=\"0\" allowfullscreen=\"\"><\/iframe><\/div><p>Nast\u0119puj\u0105ce dzia\u0142ania to jedyne, czego potrzebujesz, aby skonfigurowa\u0107 wid\u017cet na swojej stronie internetowej. Zajmie to kilka minut i nie b\u0119dzie wymaga\u0142o kodowania.<\/p> <ol><li><b>Tw\u00f3rz spersonalizowane recenzje Google<\/b><br> Korzystaj\u0105c z naszego bezp\u0142atnego edytora, pobierz wtyczk\u0119 z preferowany uk\u0142ad i cechy funkcjonalne.<\/li><li><b>Skopiuj kod osobisty, aby skonfigurowa\u0107 wtyczk\u0119<\/b><br> Po wygenerowaniu wid\u017cetu otrzymasz indywidualny kod z wyskakuj\u0105cego powiadomienia w aplikacjach Elfsight. Skopiuj kod do p\u00f3\u017aniejszego wykorzystania.<\/li> <li><b>Opublikuj wtyczk\u0119 na swojej stronie Webflow<\/b><br> Znajd\u017a obszar, w kt\u00f3rym planujesz wy\u015bwietla\u0107 wid\u017cet i wklej tam zapisany kod. Zapisz zmiany.<\/li> <li><b>Gotowe! Recenzje s\u0105 ju\u017c dost\u0119pne w Webflow.<\/b><br> Odwied\u017a swoj\u0105 stron\u0119 internetow\u0105, aby zobaczy\u0107 swoje referencje.<\/li> <\/ol><p>Nadal masz w\u0105tpliwo\u015bci lub problemy z recenzjami Google Webflow? Po prostu wy\u015blij swoj\u0105 pro\u015bb\u0119 do naszego dzia\u0142u obs\u0142ugi klienta, a oni odpowiedz\u0105 na ka\u017cde pytanie. <\/p> <\/div>\n","protected":false},"excerpt":{"rendered":"","protected":false},"author":9,"featured_media":0,"parent":675,"menu_order":0,"comment_status":"closed","ping_status":"closed","template":"templates\/template-application-platform.php","meta":{"publish_to_discourse":"","publish_post_category":"","wpdc_auto_publish_overridden":"","wpdc_topic_tags":"","wpdc_pin_topic":"","wpdc_pin_until":"","discourse_post_id":"","discourse_permalink":"","wpdc_publishing_response":"","wpdc_publishing_error":"","footnotes":""},"class_list":["post-5446","page","type-page","status-publish","hentry"],"yoast_head":"<!-- This site is optimized with the Yoast SEO plugin v25.3.1 - https:\/\/yoast.com\/wordpress\/plugins\/seo\/ -->\n<title>Osad\u017a recenzje Google w Webflow - dodaj recenzje do witryny w 2 minuty!<\/title>\n<meta name=\"description\" content=\"Stworzenie wid\u017cetu Recenzji Google i opublikowanie go w witrynie Webflow jest niezwykle proste. Obs\u0142uga klienta Elfsight jest bezp\u0142atna i szybka.\" \/>\n<meta name=\"robots\" content=\"index, follow, max-snippet:-1, max-image-preview:large, max-video-preview:-1\" \/>\n<link rel=\"canonical\" href=\"https:\/\/elfsight.com\/pl\/google-reviews-widget\/webflow\/\" \/>\n<meta property=\"og:locale\" content=\"pl_PL\" \/>\n<meta property=\"og:type\" content=\"article\" \/>\n<meta property=\"og:title\" content=\"Osad\u017a recenzje Google w Webflow - dodaj recenzje do witryny w 2 minuty!\" \/>\n<meta property=\"og:description\" content=\"Stworzenie wid\u017cetu Recenzji Google i opublikowanie go w witrynie Webflow jest niezwykle proste. Obs\u0142uga klienta Elfsight jest bezp\u0142atna i szybka.\" \/>\n<meta property=\"og:url\" content=\"https:\/\/elfsight.com\/pl\/google-reviews-widget\/webflow\/\" \/>\n<meta property=\"og:site_name\" content=\"Elfsight PL\" \/>\n<meta property=\"article:modified_time\" content=\"2025-06-24T14:02:27+00:00\" \/>\n<meta name=\"twitter:card\" content=\"summary_large_image\" \/>\n<meta name=\"twitter:label1\" content=\"Szacowany czas czytania\" \/>\n\t<meta name=\"twitter:data1\" content=\"3 minuty\" \/>\n<!-- \/ Yoast SEO plugin. -->","yoast_head_json":{"title":"Osad\u017a recenzje Google w Webflow - dodaj recenzje do witryny w 2 minuty!","description":"Stworzenie wid\u017cetu Recenzji Google i opublikowanie go w witrynie Webflow jest niezwykle proste. Obs\u0142uga klienta Elfsight jest bezp\u0142atna i szybka.","robots":{"index":"index","follow":"follow","max-snippet":"max-snippet:-1","max-image-preview":"max-image-preview:large","max-video-preview":"max-video-preview:-1"},"canonical":"https:\/\/elfsight.com\/pl\/google-reviews-widget\/webflow\/","og_locale":"pl_PL","og_type":"article","og_title":"Osad\u017a recenzje Google w Webflow - dodaj recenzje do witryny w 2 minuty!","og_description":"Stworzenie wid\u017cetu Recenzji Google i opublikowanie go w witrynie Webflow jest niezwykle proste. Obs\u0142uga klienta Elfsight jest bezp\u0142atna i szybka.","og_url":"https:\/\/elfsight.com\/pl\/google-reviews-widget\/webflow\/","og_site_name":"Elfsight PL","article_modified_time":"2025-06-24T14:02:27+00:00","twitter_card":"summary_large_image","twitter_misc":{"Szacowany czas czytania":"3 minuty"},"schema":{"@context":"https:\/\/schema.org","@graph":[{"@type":"WebPage","@id":"https:\/\/elfsight.com\/pl\/google-reviews-widget\/webflow\/","url":"https:\/\/elfsight.com\/pl\/google-reviews-widget\/webflow\/","name":"Osad\u017a recenzje Google w Webflow - dodaj recenzje do witryny w 2 minuty!","isPartOf":{"@id":"https:\/\/elfsight.com\/pl\/#website"},"datePublished":"2024-05-03T06:39:09+00:00","dateModified":"2025-06-24T14:02:27+00:00","description":"Stworzenie wid\u017cetu Recenzji Google i opublikowanie go w witrynie Webflow jest niezwykle proste. Obs\u0142uga klienta Elfsight jest bezp\u0142atna i szybka.","breadcrumb":{"@id":"https:\/\/elfsight.com\/pl\/google-reviews-widget\/webflow\/#breadcrumb"},"inLanguage":"pl-PL","potentialAction":[{"@type":"ReadAction","target":["https:\/\/elfsight.com\/pl\/google-reviews-widget\/webflow\/"]}]},{"@type":"BreadcrumbList","@id":"https:\/\/elfsight.com\/pl\/google-reviews-widget\/webflow\/#breadcrumb","itemListElement":[{"@type":"ListItem","position":1,"name":"Home","item":"https:\/\/elfsight.com\/pl\/"},{"@type":"ListItem","position":2,"name":"Google Reviews","item":"https:\/\/elfsight.com\/pl\/google-reviews-widget\/"},{"@type":"ListItem","position":3,"name":"Google Reviews &#8211; Webflow"}]},{"@type":"WebSite","@id":"https:\/\/elfsight.com\/pl\/#website","url":"https:\/\/elfsight.com\/pl\/","name":"Elfsight PL","description":"Just another Elfsight Sites site","potentialAction":[{"@type":"SearchAction","target":{"@type":"EntryPoint","urlTemplate":"https:\/\/elfsight.com\/pl\/?s={search_term_string}"},"query-input":{"@type":"PropertyValueSpecification","valueRequired":true,"valueName":"search_term_string"}}],"inLanguage":"pl-PL"}]}},"meta_box":{"industry":"","seo_heading":"","heading":"","description":"","cta_heading":"","cta_description":"","application":"668","h1":"Wid\u017cet Recenzji Google w przep\u0142ywie sieci","h1_caption":"Osadzaj recenzje swojego miejsca z Google, aby bez wysi\u0142ku uzyska\u0107 najlepsze wra\u017cenia klient\u00f3w w swojej witrynie internetowej w witrynie Webflow.","application_category":[],"applications_title":"","applications_request_title":"","applications_request_button_text":"","hero_text":"","hero_video":"","hero_video_schema_markup":"","selling_points_title":"","selling_points_caption":"","selling_points":[],"selling_points_cta_text":"","features_title":"","features":"","ed_cta_examples_text":"","ed_cta_examples_hidden":"","ed_cta_demo_text":"","ed_cta_demo_hidden":"","why_caption":"","why_editor_title":"","why_editor_text":"","why_team_title":"","why_team_text":"","why_service_title":"","why_service_text":"","template_catalog_visible":"0","template_catalog_title":"","template_catalog_text":"","template_catalog_categories_visible":"","demo_title":"Utw\u00f3rz wid\u017cet Recenzji Google","demo_caption":"Skonfiguruj swoje recenzje Google i dodaj je za darmo do swojej witryny Webflow!","default_faq_hidden":"","app_template_category":[],"platform":"127","template_public_id":"","codecanyon_url":"","codecanyon_item_id":"","codecanyon_price":"","pricing_caption":"","pricing_elfsight_apps_hide_column":"","pricing_elfsight_apps_url":"","pricing_codecanyon_price_caption":"","integration_category":[],"integration_request_title":"","integration_request_cta":"","integration_platform":"","integrations":[],"platform_category":[],"video_schema_markup":"","price":"od 0 USD \/ miesi\u0105c","trial":"","benefits":[{"text":"Bezp\u0142atna us\u0142uga monta\u017cu"},{"text":"Kompetentna obs\u0142uga klienta"},{"text":"14-dniowa gwarancja zwrotu pieni\u0119dzy"}],"button_url":"#demo","button_target_blank":"0","button_nofollow":"0","attributes":[{"name":"Instaluje","content":"100,000 - 500,000"},{"name":"Czu\u0142y","content":"Tak"},{"name":"Kompatybilne przegl\u0105darki","content":"IE11, Firefox, Safari, Opera, Chrome, Edge"}],"tags":[],"tags_disable_links":"0","hide_more_platforms":"0","video_object":"","demo_hide_cta":"0","demo_hide_cloud_options":"0","pricing_title":"","pricing":[{"pricing_icon":"platform","pricing_title":"Elfsight Apps","pricing_title_caption":"Oprogramowanie wieloplatformowe, kt\u00f3re dzia\u0142a na dowolnej stronie internetowej","pricing_price":"od 0 USD \/ miesi\u0105c","pricing_price_caption":"zacznij od bezp\u0142atnego planu","pricing_benefits":[{"text":"Nielimitowane domeny"},{"text":"Najwy\u017csza obs\u0142uga klienta"},{"text":"Bezp\u0142atna pomoc w monta\u017cu"},{"text":"Specjalna cena za wiele aplikacji"}],"pricing_button_text":"Dodaj do witryny","pricing_button_url":"#demo"}],"related_apps_title":"","related_apps_hidden":"0","author":"","image":[],"title":"","job":"","social_networks":[]},"_links":{"self":[{"href":"https:\/\/elfsight.com\/pl\/wp-json\/wp\/v2\/pages\/5446","targetHints":{"allow":["GET"]}}],"collection":[{"href":"https:\/\/elfsight.com\/pl\/wp-json\/wp\/v2\/pages"}],"about":[{"href":"https:\/\/elfsight.com\/pl\/wp-json\/wp\/v2\/types\/page"}],"author":[{"embeddable":true,"href":"https:\/\/elfsight.com\/pl\/wp-json\/wp\/v2\/users\/9"}],"replies":[{"embeddable":true,"href":"https:\/\/elfsight.com\/pl\/wp-json\/wp\/v2\/comments?post=5446"}],"version-history":[{"count":3,"href":"https:\/\/elfsight.com\/pl\/wp-json\/wp\/v2\/pages\/5446\/revisions"}],"predecessor-version":[{"id":10419,"href":"https:\/\/elfsight.com\/pl\/wp-json\/wp\/v2\/pages\/5446\/revisions\/10419"}],"up":[{"embeddable":true,"href":"https:\/\/elfsight.com\/pl\/wp-json\/wp\/v2\/pages\/675"}],"wp:attachment":[{"href":"https:\/\/elfsight.com\/pl\/wp-json\/wp\/v2\/media?parent=5446"}],"curies":[{"name":"wp","href":"https:\/\/api.w.org\/{rel}","templated":true}]}}