{"id":5440,"date":"2024-05-03T06:39:07","date_gmt":"2024-05-03T06:39:07","guid":{"rendered":"https:\/\/elfsight.com\/pl\/?page_id=5440"},"modified":"2024-11-14T12:36:06","modified_gmt":"2024-11-14T12:36:06","slug":"weebly","status":"publish","type":"page","link":"https:\/\/elfsight.com\/pl\/google-reviews-widget\/weebly\/","title":{"rendered":"Google Reviews &#8211; Weebly"},"content":{"rendered":"<div class=\"application-platform-content-item-description application-platform-content-item\" id=\"description\" data-nav-section=\"description\"> <h2>Umie\u015b\u0107 recenzje Google za pomoc\u0105 wid\u017cetu Elfsight<\/h2> <p>Je\u015bli chcesz wy\u015bwietli\u0107 swoj\u0105 wysok\u0105 ocen\u0119 i przekona\u0107 odwiedzaj\u0105cych witryn\u0119, \u017ce Twoje produkty lub us\u0142ugi s\u0105 warte zakupu, Elfsight Google Reviews to w\u0142a\u015bciwy wyb\u00f3r. Dzi\u0119ki temu wid\u017cetowi szybko zintegrujesz na swojej stronie opinie klient\u00f3w z Google z informacjami o ich autorach, posegregujesz je tak, aby wyr\u00f3\u017cnia\u0142y si\u0119 tylko dobre, poka\u017cesz oceny i aktywny przycisk, kt\u00f3ry przeniesie u\u017cytkownik\u00f3w na Twoje konto Google, gdzie b\u0119d\u0105 mogli udost\u0119pnia\u0107 jeszcze jedna recenzja.<\/p><div class=\"faq\" data-component=\"FAQ\"> <div class=\"faq-item\">\r\n\t\t\t\t\t<div class=\"faq-item-question\">\r\n\t\t\t\t\t\t<h3 class=\"faq-item-question-text\">Gdzie na mojej stronie mog\u0119 go zainstalowa\u0107?<\/h3>\r\n\r\n\t\t\t\t\t\t<div class=\"faq-item-question-icon\"><\/div>\r\n\t\t\t\t\t<\/div>\r\n\r\n\t\t\t\t\t<div class=\"faq-item-answer\">\r\n\t\t\t\t\t\t<div class=\"faq-item-answer-text\"> <p>Ten widget mo\u017cna umie\u015bci\u0107 na dowolnej stronie, gdzie chcesz zademonstrowa\u0107 swoj\u0105 wysok\u0105 ocen\u0119 i popularno\u015b\u0107 w\u015br\u00f3d klienci. Je\u015bli chcesz, aby widget wy\u015bwietla\u0142 si\u0119 na wszystkich stronach serwisu, mo\u017cesz \u0142atwo wstawi\u0107 go do szablonu serwisu. <\/p><\/div>\r\n\t\t\t\t\t<\/div>\r\n\t\t\t\t<\/div> <div class=\"faq-item\">\r\n\t\t\t\t\t<div class=\"faq-item-question\">\r\n\t\t\t\t\t\t<h3 class=\"faq-item-question-text\">Jakie b\u0119d\u0119 z tego korzy\u015bci?<\/h3>\r\n\r\n\t\t\t\t\t\t<div class=\"faq-item-question-icon\"><\/div>\r\n\t\t\t\t\t<\/div>\r\n\r\n\t\t\t\t\t<div class=\"faq-item-answer\">\r\n\t\t\t\t\t\t<div class=\"faq-item-answer-text\"> <p>Recenzje napisane przez prawdziwych ludzi wydaj\u0105 si\u0119 u\u017cytkownikom Twojej witryny ca\u0142kowicie godne zaufania i oznaczaj\u0105 dla nich, \u017ce mo\u017cna zaufa\u0107 Twojej firmie. Ponadto dobrym pomys\u0142em jest osadzenie Recenzji Google w Weebly, poniewa\u017c wysoka ocena mo\u017ce pom\u00f3c zwi\u0119kszy\u0107 liczb\u0119 zakup\u00f3w w Twojej witrynie. Co wi\u0119cej, aktywny przycisk przyczyni si\u0119 do posiadania wi\u0119kszej liczby opinii u\u017cytkownik\u00f3w na temat Twojej firmy w Google. <\/p> <\/div>\r\n\t\t\t\t\t<\/div>\r\n\t\t\t\t<\/div> <div class=\"faq-item\">\r\n\t\t\t\t\t<div class=\"faq-item-question\">\r\n\t\t\t\t\t\t<h3 class=\"faq-item-question-text\">Jak doda\u0107 recenzje Google w Weebly?<\/h3>\r\n\r\n\t\t\t\t\t\t<div class=\"faq-item-question-icon\"><\/div>\r\n\t\t\t\t\t<\/div>\r\n\r\n\t\t\t\t\t<div class=\"faq-item-answer\">\r\n\t\t\t\t\t\t<div class=\"faq-item-answer-text\"> <p>Zajmie to tylko dwie minuty. Instalacja jest niezwykle szybka i nie wymaga kodowania. <\/p> <p>Wid\u017cet mo\u017cna skonfigurowa\u0107 bezpo\u015brednio w naszym serwisie lub za po\u015brednictwem rynku. Mo\u017cesz zapozna\u0107 si\u0119 z zaletami obu opcji i wybra\u0107 swoj\u0105.<\/p> <\/div>\r\n\t\t\t\t\t<\/div>\r\n\t\t\t\t<\/div> <\/div> <\/div><div class=\"application-platform-content-item-features application-platform-content-item\" id=\"features\" data-nav-section=\"features\"> <h2>G\u0142\u00f3wne funkcje wid\u017cetu Recenzje Google<\/h2> <p>Aby lepiej zrozumie\u0107 wid\u017cet Recenzji biznesowych Google, mo\u017cesz przejrze\u0107 list\u0119 g\u0142\u00f3wnych cech. Sprawiaj\u0105, \u017ce ten widget jest niezwykle wydajny dla Twojej witryny: <\/p> <ul> <li>Trzy opcje filtr\u00f3w: wed\u0142ug typu, wykluczenia wed\u0142ug i liczby wy\u015bwietlanych recenzji; <\/li> <li>4 rodzaje uk\u0142ad\u00f3w: lista, siatka, mur i suwak; <\/li> <li>Mo\u017cliwo\u015b\u0107 kontrolowania wy\u015bwietlania nag\u0142\u00f3wka wid\u017cetu; <\/li> <li>Przycisk pro\u015bby o sprawdzenie kieruje odwiedzaj\u0105cych do strony Google; <\/li> <li>Sze\u015b\u0107 regulowanych element\u00f3w wid\u017cetu: imi\u0119 i zdj\u0119cie autora, rekomendacja, data udost\u0119pnienia, ikona Google i liczba gwiazdek; <\/li> <li>Dwa mo\u017cliwe scenariusze odrzucenia pro\u015bby o sprawdzenie: wy\u015bwietl wiadomo\u015b\u0107 lub usu\u0144 przycisk. <\/li> <\/ul><p><a href=\"#demo\">Aby pozna\u0107 wi\u0119cej funkcji, zobacz demonstracj\u0119<\/a><\/p> <\/div> <div class=\"application-platform-content-item-installation application-platform-content-item\" id=\"installation\" data-nav-section=\"installation\"> <h2> Jak doda\u0107 recenzje Google do swojej witryny Weebly<\/h2><div class=\"video-container\"><iframe width=\"720\" height=\"405\" src=\"https:\/\/www.youtube.com\/embed\/PuztlqlQWqQ\" frameborder=\"0\" allowfullscreen=\"\"><\/iframe><\/div><p>Wystarcz\u0105 poni\u017csze kroki, aby pobra\u0107 wid\u017cet. Zajmie to tylko kilka minut i nie wymaga kodowania. <\/p> <ol><li><b>Uruchom nasz\u0105 bezp\u0142atn\u0105 wersj\u0119 demonstracyjn\u0105 i rozpocznij prac\u0119 ze swoj\u0105 niestandardow\u0105 aplikacj\u0105. <\/b><br> Okre\u015bl niestandardowy uk\u0142ad i parametry aplikacji i zapisz wszystkie zmiany. <\/li> <li><b>Odbierz sw\u00f3j unikalny kod pokazany w specjalnym formularzu w aplikacjach Elfsight. <\/b><br> Po zako\u0144czeniu konfiguracji aplikacji osobistej skopiuj kod osobisty z wy\u015bwietlonego wyskakuj\u0105cego okienka i zachowaj go do dalszego wykorzystania. <\/li> <li><b>Rozpocznij korzystanie z aplikacji na stronie internetowej Weebly. <\/b><br> Zaimplementuj zapisany ostatnio kod w swojej witrynie i zastosuj ulepszenia. <\/li> <li><b>Konfiguracja zosta\u0142a w pe\u0142ni uko\u0144czona. <\/b><br> Przejd\u017a do swojej strony internetowej, aby sprawdzi\u0107 dzia\u0142anie aplikacji. <\/li><\/ol><p>Nadal masz w\u0105tpliwo\u015bci dotycz\u0105ce dodawania recenzji do Weebly? Lub do\u015bwiadczasz innych problem\u00f3w? Po prostu wy\u015blij swoj\u0105 pro\u015bb\u0119 do naszego dzia\u0142u obs\u0142ugi klienta, a oni odpowiedz\u0105 na ka\u017cde pytanie. <\/p> <\/div>","protected":false},"excerpt":{"rendered":"","protected":false},"author":9,"featured_media":0,"parent":675,"menu_order":0,"comment_status":"closed","ping_status":"closed","template":"templates\/template-application-platform.php","meta":{"publish_to_discourse":"","publish_post_category":"","wpdc_auto_publish_overridden":"","wpdc_topic_tags":"","wpdc_pin_topic":"","wpdc_pin_until":"","discourse_post_id":"","discourse_permalink":"","wpdc_publishing_response":"","wpdc_publishing_error":"","footnotes":""},"class_list":["post-5440","page","type-page","status-publish","hentry"],"yoast_head":"<!-- This site is optimized with the Yoast SEO plugin v25.3.1 - https:\/\/yoast.com\/wordpress\/plugins\/seo\/ -->\n<title>Umie\u015b\u0107 recenzje Google w witrynie Weebly \u2014 dodaj recenzje w 2 minuty!<\/title>\n<meta name=\"description\" content=\"Oto mo\u017cliwo\u015b\u0107 ukszta\u0142towania wid\u017cetu Recenzji Google i dodania go do swojej witryny Weebly. Ciesz si\u0119 bezp\u0142atn\u0105 obs\u0142ug\u0105 klienta i innymi korzy\u015bciami od Elfsight.\" \/>\n<meta name=\"robots\" content=\"index, follow, max-snippet:-1, max-image-preview:large, max-video-preview:-1\" \/>\n<link rel=\"canonical\" href=\"https:\/\/elfsight.com\/pl\/google-reviews-widget\/weebly\/\" \/>\n<meta property=\"og:locale\" content=\"pl_PL\" \/>\n<meta property=\"og:type\" content=\"article\" \/>\n<meta property=\"og:title\" content=\"Umie\u015b\u0107 recenzje Google w witrynie Weebly \u2014 dodaj recenzje w 2 minuty!\" \/>\n<meta property=\"og:description\" content=\"Oto mo\u017cliwo\u015b\u0107 ukszta\u0142towania wid\u017cetu Recenzji Google i dodania go do swojej witryny Weebly. Ciesz si\u0119 bezp\u0142atn\u0105 obs\u0142ug\u0105 klienta i innymi korzy\u015bciami od Elfsight.\" \/>\n<meta property=\"og:url\" content=\"https:\/\/elfsight.com\/pl\/google-reviews-widget\/weebly\/\" \/>\n<meta property=\"og:site_name\" content=\"Elfsight PL\" \/>\n<meta property=\"article:modified_time\" content=\"2024-11-14T12:36:06+00:00\" \/>\n<meta name=\"twitter:card\" content=\"summary_large_image\" \/>\n<meta name=\"twitter:label1\" content=\"Szacowany czas czytania\" \/>\n\t<meta name=\"twitter:data1\" content=\"3 minuty\" \/>\n<!-- \/ Yoast SEO plugin. -->","yoast_head_json":{"title":"Umie\u015b\u0107 recenzje Google w witrynie Weebly \u2014 dodaj recenzje w 2 minuty!","description":"Oto mo\u017cliwo\u015b\u0107 ukszta\u0142towania wid\u017cetu Recenzji Google i dodania go do swojej witryny Weebly. Ciesz si\u0119 bezp\u0142atn\u0105 obs\u0142ug\u0105 klienta i innymi korzy\u015bciami od Elfsight.","robots":{"index":"index","follow":"follow","max-snippet":"max-snippet:-1","max-image-preview":"max-image-preview:large","max-video-preview":"max-video-preview:-1"},"canonical":"https:\/\/elfsight.com\/pl\/google-reviews-widget\/weebly\/","og_locale":"pl_PL","og_type":"article","og_title":"Umie\u015b\u0107 recenzje Google w witrynie Weebly \u2014 dodaj recenzje w 2 minuty!","og_description":"Oto mo\u017cliwo\u015b\u0107 ukszta\u0142towania wid\u017cetu Recenzji Google i dodania go do swojej witryny Weebly. Ciesz si\u0119 bezp\u0142atn\u0105 obs\u0142ug\u0105 klienta i innymi korzy\u015bciami od Elfsight.","og_url":"https:\/\/elfsight.com\/pl\/google-reviews-widget\/weebly\/","og_site_name":"Elfsight PL","article_modified_time":"2024-11-14T12:36:06+00:00","twitter_card":"summary_large_image","twitter_misc":{"Szacowany czas czytania":"3 minuty"},"schema":{"@context":"https:\/\/schema.org","@graph":[{"@type":"WebPage","@id":"https:\/\/elfsight.com\/pl\/google-reviews-widget\/weebly\/","url":"https:\/\/elfsight.com\/pl\/google-reviews-widget\/weebly\/","name":"Umie\u015b\u0107 recenzje Google w witrynie Weebly \u2014 dodaj recenzje w 2 minuty!","isPartOf":{"@id":"https:\/\/elfsight.com\/pl\/#website"},"datePublished":"2024-05-03T06:39:07+00:00","dateModified":"2024-11-14T12:36:06+00:00","description":"Oto mo\u017cliwo\u015b\u0107 ukszta\u0142towania wid\u017cetu Recenzji Google i dodania go do swojej witryny Weebly. Ciesz si\u0119 bezp\u0142atn\u0105 obs\u0142ug\u0105 klienta i innymi korzy\u015bciami od Elfsight.","breadcrumb":{"@id":"https:\/\/elfsight.com\/pl\/google-reviews-widget\/weebly\/#breadcrumb"},"inLanguage":"pl-PL","potentialAction":[{"@type":"ReadAction","target":["https:\/\/elfsight.com\/pl\/google-reviews-widget\/weebly\/"]}]},{"@type":"BreadcrumbList","@id":"https:\/\/elfsight.com\/pl\/google-reviews-widget\/weebly\/#breadcrumb","itemListElement":[{"@type":"ListItem","position":1,"name":"Home","item":"https:\/\/elfsight.com\/pl\/"},{"@type":"ListItem","position":2,"name":"Google Reviews","item":"https:\/\/elfsight.com\/pl\/google-reviews-widget\/"},{"@type":"ListItem","position":3,"name":"Google Reviews &#8211; Weebly"}]},{"@type":"WebSite","@id":"https:\/\/elfsight.com\/pl\/#website","url":"https:\/\/elfsight.com\/pl\/","name":"Elfsight PL","description":"Just another Elfsight Sites site","potentialAction":[{"@type":"SearchAction","target":{"@type":"EntryPoint","urlTemplate":"https:\/\/elfsight.com\/pl\/?s={search_term_string}"},"query-input":{"@type":"PropertyValueSpecification","valueRequired":true,"valueName":"search_term_string"}}],"inLanguage":"pl-PL"}]}},"meta_box":{"industry":"","seo_heading":"","heading":"","description":"","cta_heading":"","cta_description":"","application":"668","h1":"Aplikacja Weebly Recenzje Google","h1_caption":"Osadzaj recenzje swojego miejsca z Google, aby bez wysi\u0142ku uzyska\u0107 najlepsze wra\u017cenia klient\u00f3w w swojej witrynie internetowej w witrynie Weebly.","application_category":[],"applications_title":"","applications_request_title":"","applications_request_button_text":"","hero_text":"","hero_video":"","hero_video_schema_markup":"","selling_points_title":"","selling_points_caption":"","selling_points":[],"selling_points_cta_text":"","features_title":"","features":"","ed_cta_examples_text":"","ed_cta_examples_hidden":"","ed_cta_demo_text":"","ed_cta_demo_hidden":"","why_caption":"","why_editor_title":"","why_editor_text":"","why_team_title":"","why_team_text":"","why_service_title":"","why_service_text":"","template_catalog_visible":"","template_catalog_title":"","template_catalog_text":"","template_catalog_categories_visible":"","demo_title":"Utw\u00f3rz aplikacj\u0119 Recenzje Google","demo_caption":"Skonfiguruj swoje recenzje Google i dodaj je za darmo do swojej witryny Weebly!","default_faq_hidden":"","app_template_category":[],"platform":"132","template_public_id":"","codecanyon_url":"","codecanyon_item_id":"","codecanyon_price":"","pricing_caption":"","pricing_elfsight_apps_hide_column":"","pricing_elfsight_apps_url":"","pricing_codecanyon_price_caption":"","integration_category":[],"integration_request_title":"","integration_request_cta":"","integration_platform":"","integrations":[],"platform_category":[],"video_schema_markup":"","price":"od 0 USD \/ miesi\u0105c","trial":"","benefits":[{"text":"Bezp\u0142atna pomoc w instalacji"},{"text":"Do\u015bwiadczona obs\u0142uga klienta"},{"text":"14-dniowa gwarancja zwrotu pieni\u0119dzy"}],"button_url":"#demo","button_target_blank":"","button_nofollow":"","attributes":[{"name":"Instaluje"},{"name":"Czu\u0142y"},{"name":"Kompatybilne przegl\u0105darki"}],"tags":[],"tags_disable_links":"","hide_more_platforms":"","video_object":"","demo_hide_cta":"","demo_hide_cloud_options":"","pricing_title":"","pricing":[{"pricing_icon":"platform","pricing_title":"Elfsight Apps","pricing_title_caption":"Wieloplatformowe rozwi\u0105zanie cyfrowe, kt\u00f3re dzia\u0142a na ka\u017cdej stronie internetowej","pricing_price":"od 0 USD \/ miesi\u0105c","pricing_price_caption":"zacznij od bezp\u0142atnego planu","pricing_benefits":[{"text":"Nielimitowane strony internetowe"},{"text":"Bezp\u0142atne wsparcie i dobrze udokumentowane"},{"text":"Bezp\u0142atna pomoc w monta\u017cu"},{"text":"100% konfigurowalny"}],"pricing_button_text":"Dodaj do witryny","pricing_button_url":"#demo"}],"related_apps_title":"","related_apps_hidden":"","author":"","image":[],"title":"","job":"","social_networks":[]},"_links":{"self":[{"href":"https:\/\/elfsight.com\/pl\/wp-json\/wp\/v2\/pages\/5440","targetHints":{"allow":["GET"]}}],"collection":[{"href":"https:\/\/elfsight.com\/pl\/wp-json\/wp\/v2\/pages"}],"about":[{"href":"https:\/\/elfsight.com\/pl\/wp-json\/wp\/v2\/types\/page"}],"author":[{"embeddable":true,"href":"https:\/\/elfsight.com\/pl\/wp-json\/wp\/v2\/users\/9"}],"replies":[{"embeddable":true,"href":"https:\/\/elfsight.com\/pl\/wp-json\/wp\/v2\/comments?post=5440"}],"version-history":[{"count":2,"href":"https:\/\/elfsight.com\/pl\/wp-json\/wp\/v2\/pages\/5440\/revisions"}],"predecessor-version":[{"id":7837,"href":"https:\/\/elfsight.com\/pl\/wp-json\/wp\/v2\/pages\/5440\/revisions\/7837"}],"up":[{"embeddable":true,"href":"https:\/\/elfsight.com\/pl\/wp-json\/wp\/v2\/pages\/675"}],"wp:attachment":[{"href":"https:\/\/elfsight.com\/pl\/wp-json\/wp\/v2\/media?parent=5440"}],"curies":[{"name":"wp","href":"https:\/\/api.w.org\/{rel}","templated":true}]}}