{"id":5438,"date":"2024-05-03T06:39:05","date_gmt":"2024-05-03T06:39:05","guid":{"rendered":"https:\/\/elfsight.com\/pl\/?page_id=5438"},"modified":"2025-01-24T12:54:50","modified_gmt":"2025-01-24T12:54:50","slug":"wordpress","status":"publish","type":"page","link":"https:\/\/elfsight.com\/pl\/google-reviews-widget\/wordpress\/","title":{"rendered":"Google Reviews &#8211; WordPress"},"content":{"rendered":"<div class=\"application-platform-content-item-description application-platform-content-item\" id=\"description\" data-nav-section=\"description\"> <h2>Umie\u015b\u0107 recenzje Google za pomoc\u0105 wtyczki Elfsight<\/h2> <p>Je\u015bli chcesz wyrazi\u0107 swoje uznanie w\u015br\u00f3d u\u017cytkownik\u00f3w i przekona\u0107 odwiedzaj\u0105cych witryn\u0119, \u017ce Twoje oferty s\u0105 warte zakupu, Elfsight Reviews jest w\u0142a\u015bnie dla Ciebie. Za pomoc\u0105 naszej wtyczki mo\u017cesz osadzi\u0107 na swojej stronie recenzje klient\u00f3w z Google ze szczeg\u00f3\u0142ami o ich autorach, u\u017cy\u0107 filtr\u00f3w, aby pokaza\u0107 tylko pozytywne, pokaza\u0107 oceny i przycisk pro\u015bby o recenzj\u0119, kt\u00f3ry przeniesie u\u017cytkownik\u00f3w na Twoje konto Google, tak aby mogli mo\u017ce zostawi\u0107 swoj\u0105 opini\u0119.<\/p><div class=\"faq\" data-component=\"FAQ\"> <div class=\"faq-item\">\r\n\t\t\t\t\t<div class=\"faq-item-question\">\r\n\t\t\t\t\t\t<h3 class=\"faq-item-question-text\">Jakie dok\u0142adnie inne wid\u017cety do WordPress masz do zaoferowania? <\/h3>\r\n\r\n\t\t\t\t\t\t<div class=\"faq-item-question-icon\"><\/div>\r\n\t\t\t\t\t<\/div>\r\n\r\n\t\t\t\t\t<div class=\"faq-item-answer\">\r\n\t\t\t\t\t\t<div class=\"faq-item-answer-text\"> <p>Mo\u017cemy zaoferowa\u0107 mn\u00f3stwo wtyczek i wid\u017cet\u00f3w, dzi\u0119ki kt\u00f3rym mo\u017cesz osi\u0105gn\u0105\u0107 dowolny rodzaj celuj w swoj\u0105 witryn\u0119. Przekonaj si\u0119 sam: <a href=\"https:\/\/elfsight.com\/whatsapp-chat-widget\/wordpress\/\">czat WhatsApp<\/a>, <a href=\"https:\/\/elfsight.com\/facebook-chat -widget\/wordpress\/\">Czat na Facebooku<\/a>, <a href=\"https:\/\/elfsight.com\/testimonials-slider-widget\/wordpress\/\">Suwak opinii<\/a>, <a href=\"https:\/\/elfsight.com\/youtube-channel-plugin-yottie\/wordpress\/\">Galeria YouTube<\/a>.<\/p> <\/div>\r\n\t\t\t\t\t<\/div>\r\n\t\t\t\t<\/div> <div class=\"faq-item\">\r\n\t\t\t\t\t<div class=\"faq-item-question\">\r\n\t\t\t\t\t\t<h3 class=\"faq-item-question-text\">W jaki spos\u00f3b wtyczka Google Recenzje mo\u017ce poprawi\u0107 wydajno\u015b\u0107 mojej witryny?<\/h3>\r\n\r\n\t\t\t\t\t\t<div class=\"faq-item-question-icon\"><\/div>\r\n\t\t\t\t\t<\/div>\r\n\r\n\t\t\t\t\t<div class=\"faq-item-answer\">\r\n\t\t\t\t\t\t<div class=\"faq-item-answer-text\"> <p>Dodaj\u0105c Recenzje Google do WordPressa, zyskujesz mn\u00f3stwo korzy\u015bci. Oto g\u0142\u00f3wne z nich:<\/p><ul><li><p><strong>Dobra ocena zwi\u0119ksza konwersj\u0119<\/strong><br>77% potencjalnych nabywc\u00f3w \u201ezawsze\u201d lub \u201eregularnie\u201d czyta opinie podczas przegl\u0105dania dla nowych produkt\u00f3w i us\u0142ug.<\/p><\/li><li><p><strong>Recenzje dodaj\u0105 odpowiedni\u0105 tre\u015b\u0107 do Twojej witryny<\/strong><br>Referencje zawieraj\u0105 odpowiednie s\u0142owa kluczowe, kt\u00f3re pasuj\u0105 do opisu Twojej firmy. Wyszukiwarka potraktuje je jako cz\u0119\u015b\u0107 tekstu witryny.<\/p><\/li><li><p><strong>Fragmenty recenzji automatycznie zwi\u0119kszaj\u0105 wsp\u00f3\u0142czynnik klikalno\u015bci w SERP<\/strong><br>Wtyczka WordPress do Recenzji Google generuje fragment rozszerzony dla Twojej doskona\u0142ej oceny. Dzi\u0119ki temu ludzie zobacz\u0105 w Google ulepszony link do witryny i prawdopodobnie go klikn\u0105.<\/p><\/li><\/ul><\/div>\r\n\t\t\t\t\t<\/div>\r\n\t\t\t\t<\/div> <div class=\"faq-item\">\r\n\t\t\t\t\t<div class=\"faq-item-question\">\r\n\t\t\t\t\t\t<h3 class=\"faq-item-question-text\">W jaki spos\u00f3b mog\u0119 osadzi\u0107 wtyczk\u0119 WordPress Google Reviews w witrynie moja witryna? <\/h3>\r\n\r\n\t\t\t\t\t\t<div class=\"faq-item-question-icon\"><\/div>\r\n\t\t\t\t\t<\/div>\r\n\r\n\t\t\t\t\t<div class=\"faq-item-answer\">\r\n\t\t\t\t\t\t<div class=\"faq-item-answer-text\"> <p>Mo\u017cesz doda\u0107 wtyczk\u0119 Recenzje Google do swojej witryny WordPress i nie b\u0119dzie to wymaga\u0107 du\u017cego wysi\u0142ku. Wystarczy otworzy\u0107 panel administracyjny i wykona\u0107 nast\u0119puj\u0105ce czynno\u015bci: <\/p><ol><li>Kliknij ustawienia motywu. <\/li><li>Wybierz element, na kt\u00f3rym chcesz zaimplementowa\u0107 wtyczk\u0119 WordPress. <\/li><li>Osad\u017a sw\u00f3j kod z aplikacji Elfsight i zastosuj zmiany. <\/li><li>Zako\u0144czono. <\/li><\/ol><p>Pami\u0119taj, \u017ce je\u015bli potrzebujesz wi\u0119cej informacji na temat dzia\u0142ania wid\u017cetu dla WordPress, zapraszamy na stron\u0119 <a href=\"https:\/\/elfsight.com\/tutorials\/how-to-add-google-reviews-to-any-website-full-guide\/#google-reviews-wordpress\">t\u0119 stron\u0119<\/a>.<\/p><\/div>\r\n\t\t\t\t\t<\/div>\r\n\t\t\t\t<\/div> <div class=\"faq-item\">\r\n\t\t\t\t\t<div class=\"faq-item-question\">\r\n\t\t\t\t\t\t<h3 class=\"faq-item-question-text\">Czy mog\u0119 przetestowa\u0107 Twoj\u0105 Wtyczka WordPress Google Reviews, kiedy jest u\u017cywana?<\/h3>\r\n\r\n\t\t\t\t\t\t<div class=\"faq-item-question-icon\"><\/div>\r\n\t\t\t\t\t<\/div>\r\n\r\n\t\t\t\t\t<div class=\"faq-item-answer\">\r\n\t\t\t\t\t\t<div class=\"faq-item-answer-text\"> <p>Pewnie! Zapraszamy do przetestowania wtyczki Recenzje Google w naszej <a href=\"https:\/\/elfsight.com\/google-reviews-widget\/#demo\">demo<\/a> online, kt\u00f3rej mo\u017cna r\u00f3wnie\u017c u\u017cy\u0107 do dodania wtyczki do Twoj\u0105 witryn\u0119 WordPress.<\/p><\/div>\r\n\t\t\t\t\t<\/div>\r\n\t\t\t\t<\/div> <\/div><\/div><div class=\"application-platform-content-item-features application-platform-content-item\" id=\"features\" data-nav-section=\"features\"> <h2>G\u0142\u00f3wne funkcje wtyczki Google Recenzje<\/h2> <p>Aby lepiej zrozumie\u0107 w Recenzjach firmowych Google dla WordPressa mo\u017cesz przejrze\u0107 list\u0119 g\u0142\u00f3wnych cech. Sprawiaj\u0105, \u017ce wtyczka Google Reviews WordPress jest niezwykle wydajna dla Twojej witryny: <\/p> <ul> <li>3 predefiniowane filtry: wed\u0142ug typu, wykluczania i liczby wy\u015bwietlanych recenzji; <\/li> <li>4 predefiniowane uk\u0142ady: Lista, Siatka, Mur i Suwak; <\/li> <li>Mo\u017cliwo\u015b\u0107 w\u0142\u0105czenia\/wy\u0142\u0105czenia nag\u0142\u00f3wka wid\u017cetu; <\/li> <li>Przycisk pro\u015bby o sprawdzenie przenosi u\u017cytkownik\u00f3w na stron\u0119 Google; <\/li> <li>Sze\u015b\u0107 dostosowywalnych element\u00f3w recenzji wtyczki: nazwisko i zdj\u0119cie autora, rekomendacja, data, ikona Google i liczba gwiazdek; <\/li> <li>Dwie mo\u017cliwo\u015bci odrzucenia pro\u015bby o sprawdzenie: zaprezentuj wiadomo\u015b\u0107 tekstow\u0105 lub ukryj przycisk. <\/li> <\/ul><p><a href=\"#demo\">Aby pozna\u0107 wi\u0119cej funkcji, zobacz demonstracj\u0119<\/a><\/p> <\/div> <div class=\"application-platform-content-item-installation application-platform-content-item\" id=\"installation\" data-nav-section=\"installation\"> <h2> Jak osadzi\u0107 recenzje Google w witrynie WordPress<\/h2><div class=\"video-container\"><iframe width=\"720\" height=\"405\" src=\"https:\/\/www.youtube.com\/embed\/s18Hg5h8U-E\" frameborder=\"0\" allowfullscreen=\"\"><\/iframe><\/div><p>Wystarczy wykona\u0107 kilka krok\u00f3w podanych poni\u017cej, aby rozpocz\u0105\u0107 prac\u0119 z narz\u0119dziem w WordPressie.<\/p> <ol><li> <b>Uruchom nasz darmowy konfigurator i zacznij tworzy\u0107 w\u0142asn\u0105 wtyczk\u0119.<\/b><br> Okre\u015bl po\u017c\u0105dan\u0105 form\u0119 i funkcjonalno\u015b\u0107 Recenzji Google oraz zapisz zmiany.<\/li> <li><b>Skopiuj unikalny kod ujawnione w oknie aplikacji Elfsight.<\/b><br> Zaraz po zako\u0144czeniu konfiguracji wtyczki skopiuj ekskluzywny kod z wy\u015bwietlonego okna i zachowaj go do dalszego wykorzystania.<\/li> <li><b>Rozpocznij korzystanie z widgetu na stronie WordPress.<\/b><br> Umie\u015b\u0107 kod na swojej stronie i zapisz zmiany. <\/li> <li><b>Konfiguracja zosta\u0142a pomy\u015blnie przeprowadzona.<\/b><br> Odwied\u017a swoj\u0105 witryn\u0119, aby sprawdzi\u0107 dzia\u0142anie wtyczki Google Recenzje.<\/li><\/ol> <p>Nadal masz w\u0105tpliwo\u015bci z osadzaniem recenzji Google na stronie WordPress? Lub do\u015bwiadczasz innych problem\u00f3w? Po prostu wy\u015blij swoj\u0105 pro\u015bb\u0119 do naszego dzia\u0142u obs\u0142ugi klienta, a oni pomog\u0105 Ci umie\u015bci\u0107 Recenzje Google w Twojej witrynie. <\/p> <\/div>","protected":false},"excerpt":{"rendered":"","protected":false},"author":9,"featured_media":0,"parent":675,"menu_order":0,"comment_status":"closed","ping_status":"closed","template":"templates\/template-application-platform.php","meta":{"publish_to_discourse":"","publish_post_category":"","wpdc_auto_publish_overridden":"","wpdc_topic_tags":"","wpdc_pin_topic":"","wpdc_pin_until":"","discourse_post_id":"","discourse_permalink":"","wpdc_publishing_response":"","wpdc_publishing_error":"","footnotes":""},"class_list":["post-5438","page","type-page","status-publish","hentry"],"yoast_head":"<!-- This site is optimized with the Yoast SEO plugin v25.3.1 - https:\/\/yoast.com\/wordpress\/plugins\/seo\/ -->\n<title>Wtyczka Wordpress Google Reviews - Dodaj recenzje Google do Wordpress [2025]<\/title>\n<meta name=\"description\" content=\"Utworzenie wtyczki Recenzje Google i osadzenie jej na stronie WordPress jest \u0142atwe. Wypr\u00f3buj za darmo najlepszy suwak recenzji WP Google.\" \/>\n<meta name=\"robots\" content=\"index, follow, max-snippet:-1, max-image-preview:large, max-video-preview:-1\" \/>\n<link rel=\"canonical\" href=\"https:\/\/elfsight.com\/pl\/google-reviews-widget\/wordpress\/\" \/>\n<meta property=\"og:locale\" content=\"pl_PL\" \/>\n<meta property=\"og:type\" content=\"article\" \/>\n<meta property=\"og:title\" content=\"Wtyczka Wordpress Google Reviews - Dodaj recenzje Google do Wordpress [2025]\" \/>\n<meta property=\"og:description\" content=\"Utworzenie wtyczki Recenzje Google i osadzenie jej na stronie WordPress jest \u0142atwe. Wypr\u00f3buj za darmo najlepszy suwak recenzji WP Google.\" \/>\n<meta property=\"og:url\" content=\"https:\/\/elfsight.com\/pl\/google-reviews-widget\/wordpress\/\" \/>\n<meta property=\"og:site_name\" content=\"Elfsight PL\" \/>\n<meta property=\"article:modified_time\" content=\"2025-01-24T12:54:50+00:00\" \/>\n<meta name=\"twitter:card\" content=\"summary_large_image\" \/>\n<meta name=\"twitter:label1\" content=\"Szacowany czas czytania\" \/>\n\t<meta name=\"twitter:data1\" content=\"4 minuty\" \/>\n<!-- \/ Yoast SEO plugin. -->","yoast_head_json":{"title":"Wtyczka Wordpress Google Reviews - Dodaj recenzje Google do Wordpress [2025]","description":"Utworzenie wtyczki Recenzje Google i osadzenie jej na stronie WordPress jest \u0142atwe. Wypr\u00f3buj za darmo najlepszy suwak recenzji WP Google.","robots":{"index":"index","follow":"follow","max-snippet":"max-snippet:-1","max-image-preview":"max-image-preview:large","max-video-preview":"max-video-preview:-1"},"canonical":"https:\/\/elfsight.com\/pl\/google-reviews-widget\/wordpress\/","og_locale":"pl_PL","og_type":"article","og_title":"Wtyczka Wordpress Google Reviews - Dodaj recenzje Google do Wordpress [2025]","og_description":"Utworzenie wtyczki Recenzje Google i osadzenie jej na stronie WordPress jest \u0142atwe. Wypr\u00f3buj za darmo najlepszy suwak recenzji WP Google.","og_url":"https:\/\/elfsight.com\/pl\/google-reviews-widget\/wordpress\/","og_site_name":"Elfsight PL","article_modified_time":"2025-01-24T12:54:50+00:00","twitter_card":"summary_large_image","twitter_misc":{"Szacowany czas czytania":"4 minuty"},"schema":{"@context":"https:\/\/schema.org","@graph":[{"@type":"WebPage","@id":"https:\/\/elfsight.com\/pl\/google-reviews-widget\/wordpress\/","url":"https:\/\/elfsight.com\/pl\/google-reviews-widget\/wordpress\/","name":"Wtyczka Wordpress Google Reviews - Dodaj recenzje Google do Wordpress [2025]","isPartOf":{"@id":"https:\/\/elfsight.com\/pl\/#website"},"datePublished":"2024-05-03T06:39:05+00:00","dateModified":"2025-01-24T12:54:50+00:00","description":"Utworzenie wtyczki Recenzje Google i osadzenie jej na stronie WordPress jest \u0142atwe. Wypr\u00f3buj za darmo najlepszy suwak recenzji WP Google.","breadcrumb":{"@id":"https:\/\/elfsight.com\/pl\/google-reviews-widget\/wordpress\/#breadcrumb"},"inLanguage":"pl-PL","potentialAction":[{"@type":"ReadAction","target":["https:\/\/elfsight.com\/pl\/google-reviews-widget\/wordpress\/"]}]},{"@type":"BreadcrumbList","@id":"https:\/\/elfsight.com\/pl\/google-reviews-widget\/wordpress\/#breadcrumb","itemListElement":[{"@type":"ListItem","position":1,"name":"Home","item":"https:\/\/elfsight.com\/pl\/"},{"@type":"ListItem","position":2,"name":"Google Reviews","item":"https:\/\/elfsight.com\/pl\/google-reviews-widget\/"},{"@type":"ListItem","position":3,"name":"Google Reviews &#8211; WordPress"}]},{"@type":"WebSite","@id":"https:\/\/elfsight.com\/pl\/#website","url":"https:\/\/elfsight.com\/pl\/","name":"Elfsight PL","description":"Just another Elfsight Sites site","potentialAction":[{"@type":"SearchAction","target":{"@type":"EntryPoint","urlTemplate":"https:\/\/elfsight.com\/pl\/?s={search_term_string}"},"query-input":{"@type":"PropertyValueSpecification","valueRequired":true,"valueName":"search_term_string"}}],"inLanguage":"pl-PL"}]}},"meta_box":{"industry":"","seo_heading":"","heading":"","description":"","cta_heading":"","cta_description":"","application":"668","h1":"Wtyczka WordPress Recenzje Google","h1_caption":"Osadzaj recenzje swojego miejsca z Google, aby bezproblemowo i bezproblemowo uzyska\u0107 najlepsze wra\u017cenia klient\u00f3w w swojej witrynie w witrynie WordPress.","application_category":[],"applications_title":"","applications_request_title":"","applications_request_button_text":"","hero_text":"","hero_video":"","hero_video_schema_markup":"","selling_points_title":"","selling_points_caption":"","selling_points":[],"selling_points_cta_text":"","features_title":"","features":"","ed_cta_examples_text":"","ed_cta_examples_hidden":"","ed_cta_demo_text":"","ed_cta_demo_hidden":"","why_caption":"","why_editor_title":"","why_editor_text":"","why_team_title":"","why_team_text":"","why_service_title":"","why_service_text":"","template_catalog_visible":"0","template_catalog_title":"","template_catalog_text":"","template_catalog_categories_visible":"","demo_title":"Utw\u00f3rz wtyczk\u0119 Recenzji Google","demo_caption":"Skonfiguruj swoje recenzje Google i dodaj je do swojej witryny WordPress za darmo!","default_faq_hidden":"","app_template_category":[],"platform":"31","template_public_id":"","codecanyon_url":"","codecanyon_item_id":"","codecanyon_price":"","pricing_caption":"","pricing_elfsight_apps_hide_column":"","pricing_elfsight_apps_url":"","pricing_codecanyon_price_caption":"","integration_category":[],"integration_request_title":"","integration_request_cta":"","integration_platform":"","integrations":[],"platform_category":[],"video_schema_markup":"","price":"od 0 USD \/ miesi\u0105c","trial":"","benefits":[{"text":"Bezp\u0142atna us\u0142uga monta\u017cu"},{"text":"Wsparcie premium"},{"text":"14-dniowa gwarancja zwrotu pieni\u0119dzy"},{"text":"Lifetime free improvements"}],"button_url":"#demo","button_target_blank":"0","button_nofollow":"0","attributes":[{"name":"Instaluje","content":"100,000 - 500,000"},{"name":"Czu\u0142y","content":"Tak"},{"name":"Kompatybilne przegl\u0105darki","content":"Firefox, Safari, Opera, Chrome, Edge"}],"tags":[],"tags_disable_links":"0","hide_more_platforms":"","video_object":"","demo_hide_cta":"0","demo_hide_cloud_options":"0","pricing_title":"","pricing":[{"pricing_icon":"platform","pricing_title":"Elfsight Apps","pricing_title_caption":"Rozwi\u0105zanie wieloplatformowe, kt\u00f3re dzia\u0142a na ka\u017cdej stronie internetowej","pricing_price":"od 0 USD \/ miesi\u0105c","pricing_price_caption":"zacznij od bezp\u0142atnego planu","pricing_benefits":[{"text":"Nielimitowane strony internetowe"},{"text":"Szybkie wsparcie"},{"text":"Bezp\u0142atna us\u0142uga monta\u017cu"},{"text":"Oferta ograniczona czasowo dla wielu aplikacji"}],"pricing_button_text":"Dodaj do witryny","pricing_button_url":"#demo"}],"related_apps_title":"","related_apps_hidden":"0","author":"","image":[],"title":"","job":"","social_networks":[]},"_links":{"self":[{"href":"https:\/\/elfsight.com\/pl\/wp-json\/wp\/v2\/pages\/5438","targetHints":{"allow":["GET"]}}],"collection":[{"href":"https:\/\/elfsight.com\/pl\/wp-json\/wp\/v2\/pages"}],"about":[{"href":"https:\/\/elfsight.com\/pl\/wp-json\/wp\/v2\/types\/page"}],"author":[{"embeddable":true,"href":"https:\/\/elfsight.com\/pl\/wp-json\/wp\/v2\/users\/9"}],"replies":[{"embeddable":true,"href":"https:\/\/elfsight.com\/pl\/wp-json\/wp\/v2\/comments?post=5438"}],"version-history":[{"count":4,"href":"https:\/\/elfsight.com\/pl\/wp-json\/wp\/v2\/pages\/5438\/revisions"}],"predecessor-version":[{"id":9783,"href":"https:\/\/elfsight.com\/pl\/wp-json\/wp\/v2\/pages\/5438\/revisions\/9783"}],"up":[{"embeddable":true,"href":"https:\/\/elfsight.com\/pl\/wp-json\/wp\/v2\/pages\/675"}],"wp:attachment":[{"href":"https:\/\/elfsight.com\/pl\/wp-json\/wp\/v2\/media?parent=5438"}],"curies":[{"name":"wp","href":"https:\/\/api.w.org\/{rel}","templated":true}]}}