{"id":5437,"date":"2024-05-03T06:39:04","date_gmt":"2024-05-03T06:39:04","guid":{"rendered":"https:\/\/elfsight.com\/pl\/?page_id=5437"},"modified":"2025-11-13T14:07:31","modified_gmt":"2025-11-13T14:07:31","slug":"elementor","status":"publish","type":"page","link":"https:\/\/elfsight.com\/pl\/google-reviews-widget\/elementor\/","title":{"rendered":"Google Reviews &#8211; Elementor"},"content":{"rendered":"<div class=\"application-platform-content-item-description application-platform-content-item\" id=\"description\" data-nav-section=\"description\"> <h2>Osadzaj recenzje Google za pomoc\u0105 wid\u017cetu Elfsight<\/h2> <p>Widget Elfsight Recenzje to przydatne narz\u0119dzie, kt\u00f3re umo\u017cliwia wstawianie recenzji na stronie internetowej o Twojej firmie z Google. Za pomoc\u0105 tego wid\u017cetu b\u0119dziesz m\u00f3g\u0142 zastosowa\u0107 filtry, aby ukry\u0107 niechciane recenzje, ujawni\u0107 swoje gwiazdki i oceny liczbowe przed Google, poda\u0107 szczeg\u00f3\u0142owe informacje o autorach i umie\u015bci\u0107 przycisk, kt\u00f3ry przekieruje odwiedzaj\u0105cych w celu dodania recenzji do Google. Wid\u017cet Recenzje Elfsight pomo\u017ce Ci wykaza\u0107 si\u0119 wysokim poziomem wiarygodno\u015bci spo\u0142ecznej w witrynie i zwi\u0119kszy\u0107 sprzeda\u017c.<\/p><div class=\"faq\" data-component=\"FAQ\"><div class=\"faq-item\">\r\n\t\t\t\t\t<div class=\"faq-item-question\">\r\n\t\t\t\t\t\t<h3 class=\"faq-item-question-text\">Gdzie w mojej witrynie mog\u0119 go zainstalowa\u0107?<\/h3>\r\n\r\n\t\t\t\t\t\t<div class=\"faq-item-question-icon\"><\/div>\r\n\t\t\t\t\t<\/div>\r\n\r\n\t\t\t\t\t<div class=\"faq-item-answer\">\r\n\t\t\t\t\t\t<div class=\"faq-item-answer-text\"> <p>Mo\u017cesz osadzi\u0107 wid\u017cet w dowoln\u0105 stron\u0119 swojej witryny lub umie\u015b\u0107 j\u0105 w szablonie, a zostanie ona wy\u015bwietlona na wszystkich stronach. Recenzje mog\u0105 by\u0107 skuteczne na stronach produkt\u00f3w lub na stronie O nas, gdzie chcesz zademonstrowa\u0107 swoj\u0105 wysok\u0105 ocen\u0119. <\/p><\/div>\r\n\t\t\t\t\t<\/div>\r\n\t\t\t\t<\/div><div class=\"faq-item\">\r\n\t\t\t\t\t<div class=\"faq-item-question\">\r\n\t\t\t\t\t\t<h3 class=\"faq-item-question-text\">Jakie b\u0119d\u0119 z tego korzy\u015bci?<\/h3>\r\n\r\n\t\t\t\t\t\t<div class=\"faq-item-question-icon\"><\/div>\r\n\t\t\t\t\t<\/div>\r\n\r\n\t\t\t\t\t<div class=\"faq-item-answer\">\r\n\t\t\t\t\t\t<div class=\"faq-item-answer-text\"> <p>Opinie zamieszczane przez prawdziwe osoby s\u0105 bezb\u0142\u0119dnie wiarygodne dla klient\u00f3w Twojej witryny i pokazuj\u0105 im, \u017ce mo\u017cna zaufa\u0107 Twojej firmie. Wysoka ocena i dobre referencje mog\u0105 pom\u00f3c zwi\u0119kszy\u0107 poziom zakup\u00f3w w Twojej witrynie. Co wi\u0119cej, przycisk przekierowania mo\u017ce przyczyni\u0107 si\u0119 do zwi\u0119kszenia liczby opinii u\u017cytkownik\u00f3w na temat Twojej firmy w Google.<\/p> <\/div>\r\n\t\t\t\t\t<\/div>\r\n\t\t\t\t<\/div><div class=\"faq-item\">\r\n\t\t\t\t\t<div class=\"faq-item-question\">\r\n\t\t\t\t\t\t<h3 class=\"faq-item-question-text\">Jak doda\u0107 wid\u017cet Recenzje Google do Elementora?<\/h3>\r\n\r\n\t\t\t\t\t\t<div class=\"faq-item-question-icon\"><\/div>\r\n\t\t\t\t\t<\/div>\r\n\r\n\t\t\t\t\t<div class=\"faq-item-answer\">\r\n\t\t\t\t\t\t<div class=\"faq-item-answer-text\"> <p>Ty mo\u017cesz doda\u0107 recenzje Google do Elementora w dwie minuty. Instalacja jest niezwykle szybka, bezp\u0142atna i nie wymaga kodowania.<br>Mo\u017cesz osadzi\u0107 widget na swojej stronie bezpo\u015brednio za po\u015brednictwem naszego serwisu. Aby to zrobi\u0107, zapoznaj si\u0119 z kr\u00f3tk\u0105 instrukcj\u0105 instalacji znajduj\u0105c\u0105 si\u0119 poni\u017cej na tej stronie.<\/p><\/div>\r\n\t\t\t\t\t<\/div>\r\n\t\t\t\t<\/div><\/div><\/div><div class=\"application-platform-content-item-features application-platform-content-item\" id=\"features\" data-nav-section=\"features\"> <h2>G\u0142\u00f3wne funkcje wid\u017cetu Recenzje Google<\/h2> <p>Aby lepiej zrozumie\u0107 wid\u017cet, mo\u017cesz przejrze\u0107 list\u0119 g\u0142\u00f3wnych cech. Sprawiaj\u0105, \u017ce ten widget jest niezwykle wydajny dla Twojej witryny:<\/p> <ul> <li>Trzy rodzaje filtr\u00f3w: wed\u0142ug typu, wykluczania i liczby wy\u015bwietlanych recenzji.<\/li> <li>4 dost\u0119pne uk\u0142ady: Lista , Siatka, Mur i Suwak<\/li> <li>Prze\u0142\u0105czany nag\u0142\u00f3wek wid\u017cetu<\/li> <li>Aktywny przycisk umo\u017cliwiaj\u0105cy pozostawienie kolejnej recenzji przenosi odwiedzaj\u0105cych na Twoj\u0105 stron\u0119 Google<\/li> <li>6 konfigurowalnych element\u00f3w recenzje: nazwisko i zdj\u0119cie autora, tekst rekomendacji, data, ikona Google i liczba gwiazdek<\/li> <li>Dwa mo\u017cliwe scenariusze po odrzuceniu pro\u015bby o sprawdzenie: zaprezentuj niestandardowy komunikat lub ukryj przycisk.<\/li> <\/ul><p><a href=\"#demo\">Aby pozna\u0107 wi\u0119cej funkcji, zobacz demonstracj\u0119<\/a><\/p> <\/div> <div class=\"application-platform-content-item-installation application-platform-content-item\" id=\"installation\" data-nav-section=\"installation\"> <h2>Dowiedz si\u0119, jak doda\u0107 recenzje Google do Twoja witryna Elementora<\/h2> <div class=\"video-container\">\n<iframe width=\"720\" height=\"405\" src=\"https:\/\/www.youtube.com\/embed\/8Gz8uO_dKDE?si=YcAOYdkxmawcDOLn\" frameborder=\"0\" allowfullscreen=\"\"><\/iframe>\n<\/div><p>Poni\u017csze czynno\u015bci to jedyne, co musisz zrobi\u0107, aby skonfigurowa\u0107 wid\u017cet na swojej stronie internetowej. Zajmie to kilka minut i nie wymaga kodowania.<\/p><ol><li><b>Wygeneruj w\u0142asne recenzje Google<\/b><br>Za pomoc\u0105 naszego bezp\u0142atnego edytora utw\u00f3rz wtyczka z \u017c\u0105danym uk\u0142adem i opcjami.<\/li><li><b>Zdob\u0105d\u017a kod do integracji wid\u017cetu<\/b><br>Po ustawieniu wid\u017cetu, pobierz kod do wtyczki Recenzje z wy\u015bwietlonego okna aplikacji Elfsight.<\/li><li><b>Osad\u017a widget na stronie<\/b><br>Dodaj kod recenzji w wymaganym miejscu strony i zapisz zmiany.<\/li><li><b>Uda\u0142o si\u0119 instalacja<\/b><br>Przejd\u017a na swoj\u0105 stron\u0119 i sprawd\u017a, czy opublikowa\u0142e\u015b recenzje Google na Elementorze.<\/li><\/ol><p>Nadal masz w\u0105tpliwo\u015bci? Lub do\u015bwiadczasz problem\u00f3w? Po prostu wy\u015blij swoj\u0105 pro\u015bb\u0119 do naszego dzia\u0142u obs\u0142ugi klienta, a oni odpowiedz\u0105 na ka\u017cde pytanie.<\/p><\/div>","protected":false},"excerpt":{"rendered":"","protected":false},"author":9,"featured_media":0,"parent":675,"menu_order":0,"comment_status":"closed","ping_status":"closed","template":"templates\/template-application-platform.php","meta":{"publish_to_discourse":"","publish_post_category":"","wpdc_auto_publish_overridden":"","wpdc_topic_tags":"","wpdc_pin_topic":"","wpdc_pin_until":"","discourse_post_id":"","discourse_permalink":"","wpdc_publishing_response":"","wpdc_publishing_error":"","footnotes":""},"class_list":["post-5437","page","type-page","status-publish","hentry"],"yoast_head":"<!-- This site is optimized with the Yoast SEO plugin v25.3.1 - https:\/\/yoast.com\/wordpress\/plugins\/seo\/ -->\n<title>Osad\u017a recenzje Google na Elementorze - dodaj recenzje na stronie w 2 minuty!<\/title>\n<meta name=\"description\" content=\"Dowiedz si\u0119, jak bezp\u0142atnie doda\u0107 Recenzje Google do Elementora! Szczeg\u00f3\u0142owy przewodnik na temat osadzania wid\u017cetu Recenzje biznesowe Google na Elementorze z Elfsight.\" \/>\n<meta name=\"robots\" content=\"index, follow, max-snippet:-1, max-image-preview:large, max-video-preview:-1\" \/>\n<link rel=\"canonical\" href=\"https:\/\/elfsight.com\/pl\/google-reviews-widget\/elementor\/\" \/>\n<meta property=\"og:locale\" content=\"pl_PL\" \/>\n<meta property=\"og:type\" content=\"article\" \/>\n<meta property=\"og:title\" content=\"Osad\u017a recenzje Google na Elementorze - dodaj recenzje na stronie w 2 minuty!\" \/>\n<meta property=\"og:description\" content=\"Dowiedz si\u0119, jak bezp\u0142atnie doda\u0107 Recenzje Google do Elementora! Szczeg\u00f3\u0142owy przewodnik na temat osadzania wid\u017cetu Recenzje biznesowe Google na Elementorze z Elfsight.\" \/>\n<meta property=\"og:url\" content=\"https:\/\/elfsight.com\/pl\/google-reviews-widget\/elementor\/\" \/>\n<meta property=\"og:site_name\" content=\"Elfsight PL\" \/>\n<meta property=\"article:modified_time\" content=\"2025-11-13T14:07:31+00:00\" \/>\n<meta name=\"twitter:card\" content=\"summary_large_image\" \/>\n<meta name=\"twitter:label1\" content=\"Szacowany czas czytania\" \/>\n\t<meta name=\"twitter:data1\" content=\"3 minuty\" \/>\n<!-- \/ Yoast SEO plugin. -->","yoast_head_json":{"title":"Osad\u017a recenzje Google na Elementorze - dodaj recenzje na stronie w 2 minuty!","description":"Dowiedz si\u0119, jak bezp\u0142atnie doda\u0107 Recenzje Google do Elementora! Szczeg\u00f3\u0142owy przewodnik na temat osadzania wid\u017cetu Recenzje biznesowe Google na Elementorze z Elfsight.","robots":{"index":"index","follow":"follow","max-snippet":"max-snippet:-1","max-image-preview":"max-image-preview:large","max-video-preview":"max-video-preview:-1"},"canonical":"https:\/\/elfsight.com\/pl\/google-reviews-widget\/elementor\/","og_locale":"pl_PL","og_type":"article","og_title":"Osad\u017a recenzje Google na Elementorze - dodaj recenzje na stronie w 2 minuty!","og_description":"Dowiedz si\u0119, jak bezp\u0142atnie doda\u0107 Recenzje Google do Elementora! Szczeg\u00f3\u0142owy przewodnik na temat osadzania wid\u017cetu Recenzje biznesowe Google na Elementorze z Elfsight.","og_url":"https:\/\/elfsight.com\/pl\/google-reviews-widget\/elementor\/","og_site_name":"Elfsight PL","article_modified_time":"2025-11-13T14:07:31+00:00","twitter_card":"summary_large_image","twitter_misc":{"Szacowany czas czytania":"3 minuty"},"schema":{"@context":"https:\/\/schema.org","@graph":[{"@type":"WebPage","@id":"https:\/\/elfsight.com\/pl\/google-reviews-widget\/elementor\/","url":"https:\/\/elfsight.com\/pl\/google-reviews-widget\/elementor\/","name":"Osad\u017a recenzje Google na Elementorze - dodaj recenzje na stronie w 2 minuty!","isPartOf":{"@id":"https:\/\/elfsight.com\/pl\/#website"},"datePublished":"2024-05-03T06:39:04+00:00","dateModified":"2025-11-13T14:07:31+00:00","description":"Dowiedz si\u0119, jak bezp\u0142atnie doda\u0107 Recenzje Google do Elementora! Szczeg\u00f3\u0142owy przewodnik na temat osadzania wid\u017cetu Recenzje biznesowe Google na Elementorze z Elfsight.","breadcrumb":{"@id":"https:\/\/elfsight.com\/pl\/google-reviews-widget\/elementor\/#breadcrumb"},"inLanguage":"pl-PL","potentialAction":[{"@type":"ReadAction","target":["https:\/\/elfsight.com\/pl\/google-reviews-widget\/elementor\/"]}]},{"@type":"BreadcrumbList","@id":"https:\/\/elfsight.com\/pl\/google-reviews-widget\/elementor\/#breadcrumb","itemListElement":[{"@type":"ListItem","position":1,"name":"Home","item":"https:\/\/elfsight.com\/pl\/"},{"@type":"ListItem","position":2,"name":"Google Reviews","item":"https:\/\/elfsight.com\/pl\/google-reviews-widget\/"},{"@type":"ListItem","position":3,"name":"Google Reviews &#8211; Elementor"}]},{"@type":"WebSite","@id":"https:\/\/elfsight.com\/pl\/#website","url":"https:\/\/elfsight.com\/pl\/","name":"Elfsight PL","description":"Just another Elfsight Sites site","potentialAction":[{"@type":"SearchAction","target":{"@type":"EntryPoint","urlTemplate":"https:\/\/elfsight.com\/pl\/?s={search_term_string}"},"query-input":{"@type":"PropertyValueSpecification","valueRequired":true,"valueName":"search_term_string"}}],"inLanguage":"pl-PL"}]}},"meta_box":{"industry":"","seo_heading":"","heading":"","description":"","cta_heading":"","cta_description":"","application":"668","h1":"Widget Elementor Recenzje Google","h1_caption":"Osadzaj recenzje swojego miejsca z Google, aby bez wysi\u0142ku uzyska\u0107 najlepsze wra\u017cenia klient\u00f3w w swojej witrynie internetowej w witrynie Elementor.","application_category":[],"applications_title":"","applications_request_title":"","applications_request_button_text":"","hero_text":"","hero_video":"","hero_video_schema_markup":"","selling_points_title":"","selling_points_caption":"","selling_points":[],"selling_points_cta_text":"","features_title":"","features":"","ed_cta_examples_text":"","ed_cta_examples_hidden":"","ed_cta_demo_text":"","ed_cta_demo_hidden":"","why_caption":"","why_editor_title":"","why_editor_text":"","why_team_title":"","why_team_text":"","why_service_title":"","why_service_text":"","template_catalog_visible":"0","template_catalog_title":"","template_catalog_text":"","template_catalog_categories_visible":"","demo_title":"Utw\u00f3rz wid\u017cet Recenzji Google","demo_caption":"Skonfiguruj swoje Recenzje Google i dodaj je za darmo do swojej witryny Elementor!","default_faq_hidden":"","app_template_category":[],"platform":"268","template_public_id":"","codecanyon_url":"","codecanyon_item_id":"","codecanyon_price":"","pricing_caption":"W naszej wersji demonstracyjnej utw\u00f3rz spersonalizowany wid\u017cet i opublikuj go na swojej stronie Elementor.","pricing_elfsight_apps_hide_column":"","pricing_elfsight_apps_url":"","pricing_codecanyon_price_caption":"","integration_category":[],"integration_request_title":"","integration_request_cta":"","integration_platform":"","integrations":[],"platform_category":[],"video_schema_markup":"","price":"od 0 USD \/ miesi\u0105c","trial":"","benefits":[{"text":"Bezp\u0142atna pomoc w instalacji"},{"text":"Wsparcie premium"},{"text":"14-dniowa gwarancja zwrotu pieni\u0119dzy"}],"button_url":"#demo","button_target_blank":"0","button_nofollow":"0","attributes":[{"name":"Instaluje","content":"100,000 - 500,000"},{"name":"Czu\u0142y","content":"Tak"},{"name":"Kompatybilne przegl\u0105darki","content":"Firefox, Safari, Opera, Chrome, Edge"}],"tags":[],"tags_disable_links":"0","hide_more_platforms":"0","video_object":"","demo_hide_cta":"0","demo_hide_cloud_options":"0","pricing_title":"Organizuj recenzje Google Elementor maksymalnie szybko!","pricing":[{"pricing_icon":"platform","pricing_title":"Elfsight Apps","pricing_title_caption":"Niezale\u017cne od platformy rozwi\u0105zanie cyfrowe","pricing_price":"od 0 USD \/ miesi\u0105c","pricing_price_caption":"zacznij od bezp\u0142atnego planu","pricing_benefits":[{"text":"Nielimitowane domeny"},{"text":"Wsparcie premium i na czas"},{"text":"Bezp\u0142atna us\u0142uga monta\u017cu"},{"text":"Specjalna cena za wiele aplikacji"}],"pricing_button_text":"Dodaj do witryny","pricing_button_url":"#demo"}],"related_apps_title":"","related_apps_hidden":"0","author":"","image":[],"title":"","job":"","social_networks":[]},"_links":{"self":[{"href":"https:\/\/elfsight.com\/pl\/wp-json\/wp\/v2\/pages\/5437","targetHints":{"allow":["GET"]}}],"collection":[{"href":"https:\/\/elfsight.com\/pl\/wp-json\/wp\/v2\/pages"}],"about":[{"href":"https:\/\/elfsight.com\/pl\/wp-json\/wp\/v2\/types\/page"}],"author":[{"embeddable":true,"href":"https:\/\/elfsight.com\/pl\/wp-json\/wp\/v2\/users\/9"}],"replies":[{"embeddable":true,"href":"https:\/\/elfsight.com\/pl\/wp-json\/wp\/v2\/comments?post=5437"}],"version-history":[{"count":3,"href":"https:\/\/elfsight.com\/pl\/wp-json\/wp\/v2\/pages\/5437\/revisions"}],"predecessor-version":[{"id":10794,"href":"https:\/\/elfsight.com\/pl\/wp-json\/wp\/v2\/pages\/5437\/revisions\/10794"}],"up":[{"embeddable":true,"href":"https:\/\/elfsight.com\/pl\/wp-json\/wp\/v2\/pages\/675"}],"wp:attachment":[{"href":"https:\/\/elfsight.com\/pl\/wp-json\/wp\/v2\/media?parent=5437"}],"curies":[{"name":"wp","href":"https:\/\/api.w.org\/{rel}","templated":true}]}}