{"id":5432,"date":"2024-05-03T06:39:03","date_gmt":"2024-05-03T06:39:03","guid":{"rendered":"https:\/\/elfsight.com\/pl\/?page_id=5432"},"modified":"2024-11-14T09:31:46","modified_gmt":"2024-11-14T09:31:46","slug":"iframe","status":"publish","type":"page","link":"https:\/\/elfsight.com\/pl\/google-reviews-widget\/iframe\/","title":{"rendered":"Google Reviews &#8211; iFrame"},"content":{"rendered":"<div class=\"application-platform-content-item-description application-platform-content-item\" id=\"description\" data-nav-section=\"description\"><h2>Osadzaj recenzje Google za pomoc\u0105 wtyczki Elfsight<\/h2><p>Je\u015bli chcesz pokaza\u0107 swoj\u0105 wysok\u0105 ocen\u0119 i przekona\u0107 odwiedzaj\u0105cych witryn\u0119, \u017ce Twoje oferty s\u0105 na co warto wydawa\u0107 pieni\u0105dze, widget Elfsight Google Reviews jest dok\u0142adnie tym, czego potrzebujesz. Dzi\u0119ki naszemu narz\u0119dziu szybko zintegrujesz opinie u\u017cytkownik\u00f3w z Google na Twojej stronie z informacjami o ich autorach, posegregujesz je tak, aby ukaza\u0142y si\u0119 tylko pozytywne, dodasz oceny i przycisk przekierowuj\u0105cy, kt\u00f3ry przeniesie u\u017cytkownik\u00f3w na Twoj\u0105 stron\u0119 Google, aby mogli j\u0105 opu\u015bci\u0107 jeszcze jedna recenzja.<\/p><p><b>Umie\u015b\u0107 najlepsze recenzje klient\u00f3w od Google na swojej stronie<\/b><\/p><div class=\"faq\" data-component=\"FAQ\"> <div class=\"faq-item\">\r\n\t\t\t\t\t<div class=\"faq-item-question\">\r\n\t\t\t\t\t\t<h3 class=\"faq-item-question-text\">Gdzie mog\u0119 doda\u0107 wid\u017cet<\/h3>\r\n\r\n\t\t\t\t\t\t<div class=\"faq-item-question-icon\"><\/div>\r\n\t\t\t\t\t<\/div>\r\n\r\n\t\t\t\t\t<div class=\"faq-item-answer\">\r\n\t\t\t\t\t\t<div class=\"faq-item-answer-text\"> <p>Mo\u017cesz osadzi\u0107 sekcj\u0119 recenzji na dowolnej stronie witryny lub wybra\u0107 konkretn\u0105, na kt\u00f3rej b\u0119dzie ona wy\u015bwietlana, na przyk\u0142ad stron\u0119 g\u0142\u00f3wn\u0105.<\/p> <\/div>\r\n\t\t\t\t\t<\/div>\r\n\t\t\t\t<\/div> <div class=\"faq-item\">\r\n\t\t\t\t\t<div class=\"faq-item-question\">\r\n\t\t\t\t\t\t<h3 class=\"faq-item-question-text\">Jak mog\u0119 zyska\u0107 na recenzjach w witrynie ?<\/h3>\r\n\r\n\t\t\t\t\t\t<div class=\"faq-item-question-icon\"><\/div>\r\n\t\t\t\t\t<\/div>\r\n\r\n\t\t\t\t\t<div class=\"faq-item-answer\">\r\n\t\t\t\t\t\t<div class=\"faq-item-answer-text\"> <p>Dobre recenzje zwi\u0119kszaj\u0105 zaufanie do Twoich produkt\u00f3w i utwierdzaj\u0105 u\u017cytkownik\u00f3w w przekonaniu, \u017ce jeste\u015b firm\u0105 godn\u0105 zaufania. Ponadto ludzie zawsze czytaj\u0105 referencje przed zakupem. Oznacza to, \u017ce dobre recenzje pomog\u0105 niezdecydowanym kupuj\u0105cym podj\u0105\u0107 decyzj\u0119 o zakupie. <\/p> <\/div>\r\n\t\t\t\t\t<\/div>\r\n\t\t\t\t<\/div> <div class=\"faq-item\">\r\n\t\t\t\t\t<div class=\"faq-item-question\">\r\n\t\t\t\t\t\t<h3 class=\"faq-item-question-text\">Czy mog\u0119 przetestowa\u0107 Tw\u00f3j wid\u017cet Recenzje Google iFrame?<\/h3>\r\n\r\n\t\t\t\t\t\t<div class=\"faq-item-question-icon\"><\/div>\r\n\t\t\t\t\t<\/div>\r\n\r\n\t\t\t\t\t<div class=\"faq-item-answer\">\r\n\t\t\t\t\t\t<div class=\"faq-item-answer-text\"> <p>Tak, mo\u017cesz to \u0142atwo zrobi\u0107 w bezp\u0142atnej <a href=\"#demo\">demo<\/a>. Przetestuj wszystkie funkcje, utw\u00f3rz nowy wid\u017cet i dodaj dwie linijki kodu instalacyjnego do witryny.<\/p> <\/div>\r\n\t\t\t\t\t<\/div>\r\n\t\t\t\t<\/div> <div class=\"faq-item\">\r\n\t\t\t\t\t<div class=\"faq-item-question\">\r\n\t\t\t\t\t\t<h3 class=\"faq-item-question-text\">Jak mog\u0119 doda\u0107 recenzje Google do mojej witryny iFrame bez umiej\u0119tno\u015bci kodowania?<\/h3>\r\n\r\n\t\t\t\t\t\t<div class=\"faq-item-question-icon\"><\/div>\r\n\t\t\t\t\t<\/div>\r\n\r\n\t\t\t\t\t<div class=\"faq-item-answer\">\r\n\t\t\t\t\t\t<div class=\"faq-item-answer-text\"> <p>Elfsight zapewnia rozwi\u0105zanie SaaS, kt\u00f3re umo\u017cliwia samodzielne utworzenie wid\u017cetu Recenzji Google. Przekonaj si\u0119, jak \u0142atwy jest ten proces: Pracuj bezpo\u015brednio w edytorze online, aby utworzy\u0107 wid\u017cet Recenzji Google, kt\u00f3ry chcesz widzie\u0107 w swojej witrynie iFrame. Wybierz jeden z gotowych szablon\u00f3w i dostosuj ustawienia Recenzji Google, dodaj swoj\u0105 tre\u015b\u0107, zmie\u0144 uk\u0142ad i kolorystyk\u0119 bez umiej\u0119tno\u015bci kodowania. Zapisz Recenzje Google i skopiuj jego kod instalacyjny, kt\u00f3ry mo\u017cesz osadzi\u0107 na swojej stronie iFrame bez konieczno\u015bci kupowania wersji p\u0142atnej. Dzi\u0119ki naszemu intuicyjnemu edytorowi ka\u017cdy u\u017cytkownik Internetu mo\u017ce stworzy\u0107 wid\u017cet Recenzji Google online i \u0142atwo osadzi\u0107 go na swojej stronie iFrame. Aby uzyska\u0107 dost\u0119p do us\u0142ugi, nie trzeba p\u0142aci\u0107 ani wprowadza\u0107 danych uwierzytelniaj\u0105cych karty. Je\u015bli na kt\u00f3rymkolwiek etapie napotkasz jakiekolwiek problemy, skontaktuj si\u0119 z naszym zespo\u0142em pomocy technicznej.<\/p> <\/div>\r\n\t\t\t\t\t<\/div>\r\n\t\t\t\t<\/div> <\/div> <\/div><div class=\"application-platform-content-item-features application-platform-content-item\" id=\"features\" data-nav-section=\"features\"><h2>G\u0142\u00f3wne funkcje Rozszerzenie Recenzje Google<\/h2><p>Aby uzyska\u0107 pe\u0142ny widok wid\u017cetu Recenzje Google, mo\u017cesz przejrze\u0107 list\u0119 jego najwa\u017cniejszych funkcji. Dzi\u0119ki nim nasz widget jest niezwykle skuteczny w Twojej promocji: <\/p> <ul> <li>Trzy gotowe do u\u017cycia filtry: wed\u0142ug typu, wykluczania i ilo\u015bci wy\u015bwietlanych recenzji; <\/li> <li>Cztery predefiniowane uk\u0142ady: Lista, Siatka, Mur i Suwak; <\/li> <li>Opcja kontroli wy\u015bwietlania nag\u0142\u00f3wka wid\u017cetu; <\/li> <li>Przycisk pro\u015bby o sprawdzenie przenosi klient\u00f3w na Twoj\u0105 stron\u0119 Google; <\/li> <li>6 dostosowywalnych element\u00f3w recenzji: imi\u0119 i nazwisko autora i zdj\u0119cie, tekst rekomendacji, data opublikowania, ikona Google i liczba gwiazdek; <\/li> <li>Dwie mo\u017cliwo\u015bci scenariuszy po odrzuceniu pro\u015bby o sprawdzenie: ujawnij swoj\u0105 wiadomo\u015b\u0107 lub usu\u0144 przycisk. <\/li> <\/ul><p><a href=\"#demo\">Korzystaj ze wszystkich opcji wersji demonstracyjnej na \u017cywo<\/a><\/p><\/div><div class=\"application-platform-content-item-installation application-platform-content-item\" id=\"installation\" data-nav-section=\"installation\"><h2> Jak doda\u0107 Recenzje Google do witryny iFrame<\/h2><p>Wystarcz\u0105 te proste kroki, aby aktywowa\u0107 wid\u017cet. <\/p> <ol><li><b>Stw\u00f3rz unikaln\u0105 wtyczk\u0119 Google Recenzje<\/b><br> Za pomoc\u0105 naszego bezp\u0142atnego konfiguratora mo\u017cesz stworzy\u0107 wtyczk\u0119 o preferowanym wygl\u0105dzie i funkcjonalno\u015bci. <\/li><li><b>Uzyskaj osobisty kod do osadzenia wtyczki<\/b><br> Po utworzeniu wid\u017cetu otrzymasz kod instalacyjny z powiadomienia pojawiaj\u0105cego si\u0119 w aplikacjach Elfsight. Skopiuj to. <\/li> <li><b>Osad\u017a recenzje Google w ramce iFrame<\/b><br> Wybierz miejsce, w kt\u00f3rym chcesz wy\u015bwietli\u0107 wtyczk\u0119 i wklej tam zapisany kod. Zastosuj wyniki. <\/li> <li><b>Gotowe! <\/b><br> Odwied\u017a swoj\u0105 witryn\u0119, aby wy\u015bwietli\u0107 wtyczk\u0119. <\/li> <\/ol><p>Je\u015bli masz jakiekolwiek pytania, nie wahaj si\u0119 skontaktowa\u0107 z naszym zespo\u0142em obs\u0142ugi klienta. Ch\u0119tnie pomo\u017cemy!<\/p><\/div>","protected":false},"excerpt":{"rendered":"","protected":false},"author":9,"featured_media":0,"parent":675,"menu_order":0,"comment_status":"closed","ping_status":"closed","template":"templates\/template-application-platform.php","meta":{"publish_to_discourse":"","publish_post_category":"","wpdc_auto_publish_overridden":"","wpdc_topic_tags":"","wpdc_pin_topic":"","wpdc_pin_until":"","discourse_post_id":"","discourse_permalink":"","wpdc_publishing_response":"","wpdc_publishing_error":"","footnotes":""},"class_list":["post-5432","page","type-page","status-publish","hentry"],"yoast_head":"<!-- This site is optimized with the Yoast SEO plugin v25.3.1 - https:\/\/yoast.com\/wordpress\/plugins\/seo\/ -->\n<title>iFrame Google Reviews - dodaj recenzje do strony internetowej w 2 minuty!<\/title>\n<meta name=\"description\" content=\"Utworzenie wid\u017cetu Recenzji Google i opublikowanie go w witrynie iFrame jest ca\u0142kowicie proste. Obs\u0142uga klienta Elfsight jest bezp\u0142atna i szybka.\" \/>\n<meta name=\"robots\" content=\"index, follow, max-snippet:-1, max-image-preview:large, max-video-preview:-1\" \/>\n<link rel=\"canonical\" href=\"https:\/\/elfsight.com\/pl\/google-reviews-widget\/iframe\/\" \/>\n<meta property=\"og:locale\" content=\"pl_PL\" \/>\n<meta property=\"og:type\" content=\"article\" \/>\n<meta property=\"og:title\" content=\"iFrame Google Reviews - dodaj recenzje do strony internetowej w 2 minuty!\" \/>\n<meta property=\"og:description\" content=\"Utworzenie wid\u017cetu Recenzji Google i opublikowanie go w witrynie iFrame jest ca\u0142kowicie proste. Obs\u0142uga klienta Elfsight jest bezp\u0142atna i szybka.\" \/>\n<meta property=\"og:url\" content=\"https:\/\/elfsight.com\/pl\/google-reviews-widget\/iframe\/\" \/>\n<meta property=\"og:site_name\" content=\"Elfsight PL\" \/>\n<meta property=\"article:modified_time\" content=\"2024-11-14T09:31:46+00:00\" \/>\n<meta name=\"twitter:card\" content=\"summary_large_image\" \/>\n<meta name=\"twitter:label1\" content=\"Szacowany czas czytania\" \/>\n\t<meta name=\"twitter:data1\" content=\"3 minuty\" \/>\n<!-- \/ Yoast SEO plugin. -->","yoast_head_json":{"title":"iFrame Google Reviews - dodaj recenzje do strony internetowej w 2 minuty!","description":"Utworzenie wid\u017cetu Recenzji Google i opublikowanie go w witrynie iFrame jest ca\u0142kowicie proste. Obs\u0142uga klienta Elfsight jest bezp\u0142atna i szybka.","robots":{"index":"index","follow":"follow","max-snippet":"max-snippet:-1","max-image-preview":"max-image-preview:large","max-video-preview":"max-video-preview:-1"},"canonical":"https:\/\/elfsight.com\/pl\/google-reviews-widget\/iframe\/","og_locale":"pl_PL","og_type":"article","og_title":"iFrame Google Reviews - dodaj recenzje do strony internetowej w 2 minuty!","og_description":"Utworzenie wid\u017cetu Recenzji Google i opublikowanie go w witrynie iFrame jest ca\u0142kowicie proste. Obs\u0142uga klienta Elfsight jest bezp\u0142atna i szybka.","og_url":"https:\/\/elfsight.com\/pl\/google-reviews-widget\/iframe\/","og_site_name":"Elfsight PL","article_modified_time":"2024-11-14T09:31:46+00:00","twitter_card":"summary_large_image","twitter_misc":{"Szacowany czas czytania":"3 minuty"},"schema":{"@context":"https:\/\/schema.org","@graph":[{"@type":"WebPage","@id":"https:\/\/elfsight.com\/pl\/google-reviews-widget\/iframe\/","url":"https:\/\/elfsight.com\/pl\/google-reviews-widget\/iframe\/","name":"iFrame Google Reviews - dodaj recenzje do strony internetowej w 2 minuty!","isPartOf":{"@id":"https:\/\/elfsight.com\/pl\/#website"},"datePublished":"2024-05-03T06:39:03+00:00","dateModified":"2024-11-14T09:31:46+00:00","description":"Utworzenie wid\u017cetu Recenzji Google i opublikowanie go w witrynie iFrame jest ca\u0142kowicie proste. Obs\u0142uga klienta Elfsight jest bezp\u0142atna i szybka.","breadcrumb":{"@id":"https:\/\/elfsight.com\/pl\/google-reviews-widget\/iframe\/#breadcrumb"},"inLanguage":"pl-PL","potentialAction":[{"@type":"ReadAction","target":["https:\/\/elfsight.com\/pl\/google-reviews-widget\/iframe\/"]}]},{"@type":"BreadcrumbList","@id":"https:\/\/elfsight.com\/pl\/google-reviews-widget\/iframe\/#breadcrumb","itemListElement":[{"@type":"ListItem","position":1,"name":"Home","item":"https:\/\/elfsight.com\/pl\/"},{"@type":"ListItem","position":2,"name":"Google Reviews","item":"https:\/\/elfsight.com\/pl\/google-reviews-widget\/"},{"@type":"ListItem","position":3,"name":"Google Reviews &#8211; iFrame"}]},{"@type":"WebSite","@id":"https:\/\/elfsight.com\/pl\/#website","url":"https:\/\/elfsight.com\/pl\/","name":"Elfsight PL","description":"Just another Elfsight Sites site","potentialAction":[{"@type":"SearchAction","target":{"@type":"EntryPoint","urlTemplate":"https:\/\/elfsight.com\/pl\/?s={search_term_string}"},"query-input":{"@type":"PropertyValueSpecification","valueRequired":true,"valueName":"search_term_string"}}],"inLanguage":"pl-PL"}]}},"meta_box":{"industry":"","seo_heading":"","heading":"","description":"","cta_heading":"","cta_description":"","application":"668","h1":"Recenzje Google iFrame","h1_caption":"Osadzaj recenzje swojego miejsca z Google, aby bezproblemowo uzyska\u0107 najlepsze wra\u017cenia klient\u00f3w w swojej witrynie w witrynie iFrame.","application_category":[],"applications_title":"","applications_request_title":"","applications_request_button_text":"","hero_text":"","hero_video":"","hero_video_schema_markup":"","selling_points_title":"","selling_points_caption":"","selling_points":[],"selling_points_cta_text":"","features_title":"","features":"","ed_cta_examples_text":"","ed_cta_examples_hidden":"","ed_cta_demo_text":"","ed_cta_demo_hidden":"","why_caption":"","why_editor_title":"","why_editor_text":"","why_team_title":"","why_team_text":"","why_service_title":"","why_service_text":"","template_catalog_visible":"","template_catalog_title":"","template_catalog_text":"","template_catalog_categories_visible":"","demo_title":"Utw\u00f3rz wid\u017cet Recenzji Google","demo_caption":"Skonfiguruj swoje recenzje Google i dodaj je do swojej witryny iFrame za darmo!","default_faq_hidden":"","app_template_category":[],"platform":"187","template_public_id":"","codecanyon_url":"","codecanyon_item_id":"","codecanyon_price":"","pricing_caption":"","pricing_elfsight_apps_hide_column":"","pricing_elfsight_apps_url":"","pricing_codecanyon_price_caption":"","integration_category":[],"integration_request_title":"","integration_request_cta":"","integration_platform":"","integrations":[],"platform_category":[],"video_schema_markup":"","price":"od 0 USD \/ miesi\u0105c","trial":"","benefits":[{"text":"Bezp\u0142atna us\u0142uga monta\u017cu"},{"text":"Wsparcie premium"},{"text":"14-dniowa gwarancja zwrotu pieni\u0119dzy"}],"button_url":"#demo","button_target_blank":"","button_nofollow":"","attributes":[{"name":"Instaluje"},{"name":"Czu\u0142y"},{"name":"Kompatybilne przegl\u0105darki"}],"tags":[],"tags_disable_links":"","hide_more_platforms":"","video_object":"","demo_hide_cta":"","demo_hide_cloud_options":"","pricing_title":"","pricing":[{"pricing_icon":"platform","pricing_title":"Elfsight Apps","pricing_title_caption":"Wieloplatformowe rozwi\u0105zanie cyfrowe","pricing_price":"od 0 USD \/ miesi\u0105c","pricing_price_caption":"zacznij od bezp\u0142atnego planu","pricing_benefits":[{"text":"Nielimitowane strony internetowe"},{"text":"Profesjonalne i terminowe wsparcie"},{"text":"Bezp\u0142atna pomoc w monta\u017cu"},{"text":"Oferta specjalna na wiele aplikacji"}],"pricing_button_text":"Dodaj do witryny","pricing_button_url":"#demo"}],"related_apps_title":"","related_apps_hidden":"","author":"","image":[],"title":"","job":"","social_networks":[]},"_links":{"self":[{"href":"https:\/\/elfsight.com\/pl\/wp-json\/wp\/v2\/pages\/5432","targetHints":{"allow":["GET"]}}],"collection":[{"href":"https:\/\/elfsight.com\/pl\/wp-json\/wp\/v2\/pages"}],"about":[{"href":"https:\/\/elfsight.com\/pl\/wp-json\/wp\/v2\/types\/page"}],"author":[{"embeddable":true,"href":"https:\/\/elfsight.com\/pl\/wp-json\/wp\/v2\/users\/9"}],"replies":[{"embeddable":true,"href":"https:\/\/elfsight.com\/pl\/wp-json\/wp\/v2\/comments?post=5432"}],"version-history":[{"count":1,"href":"https:\/\/elfsight.com\/pl\/wp-json\/wp\/v2\/pages\/5432\/revisions"}],"predecessor-version":[{"id":5436,"href":"https:\/\/elfsight.com\/pl\/wp-json\/wp\/v2\/pages\/5432\/revisions\/5436"}],"up":[{"embeddable":true,"href":"https:\/\/elfsight.com\/pl\/wp-json\/wp\/v2\/pages\/675"}],"wp:attachment":[{"href":"https:\/\/elfsight.com\/pl\/wp-json\/wp\/v2\/media?parent=5432"}],"curies":[{"name":"wp","href":"https:\/\/api.w.org\/{rel}","templated":true}]}}