{"id":5431,"date":"2024-05-03T06:39:02","date_gmt":"2024-05-03T06:39:02","guid":{"rendered":"https:\/\/elfsight.com\/pl\/?page_id=5431"},"modified":"2024-11-14T09:27:31","modified_gmt":"2024-11-14T09:27:31","slug":"facebook","status":"publish","type":"page","link":"https:\/\/elfsight.com\/pl\/google-reviews-widget\/facebook\/","title":{"rendered":"Google Reviews &#8211; Facebook Page"},"content":{"rendered":"<div class=\"application-platform-content-item-description application-platform-content-item\" id=\"description\" data-nav-section=\"description\"><h2>Osadzaj recenzje Google za pomoc\u0105 wid\u017cetu Elfsight<\/h2><p>Recenzje Google Elfsight to nieskomplikowane narz\u0119dzie, kt\u00f3re pomaga wstawia\u0107 recenzje na temat Twojego oferty od Google. Za pomoc\u0105 tego wid\u017cetu mo\u017cesz zastosowa\u0107 filtry, aby ukry\u0107 niechciane recenzje, ujawni\u0107 Google swoje oceny w postaci gwiazdek i liczb, ujawni\u0107 informacje o autorach i umie\u015bci\u0107 przycisk, kt\u00f3ry pomo\u017ce odwiedzaj\u0105cym opublikowa\u0107 jeszcze jedn\u0105 recenzj\u0119 w Google. Widget Recenzje Elfsight pomo\u017ce Ci wykaza\u0107 si\u0119 wysokim poziomem wiarygodno\u015bci spo\u0142ecznej na stronie i zwi\u0119kszy\u0107 sprzeda\u017c. <\/p><p><b>Poka\u017c najlepsze recenzje od Google i zwi\u0119ksz sprzeda\u017c.<\/b><\/p><div class=\"faq\" data-component=\"FAQ\"> <div class=\"faq-item\">\r\n\t\t\t\t\t<div class=\"faq-item-question\">\r\n\t\t\t\t\t\t<h3 class=\"faq-item-question-text\">Jak doda\u0107 niestandardow\u0105 kart\u0119 do strony na Facebooku<\/h3>\r\n\r\n\t\t\t\t\t\t<div class=\"faq-item-question-icon\"><\/div>\r\n\t\t\t\t\t<\/div>\r\n\r\n\t\t\t\t\t<div class=\"faq-item-answer\">\r\n\t\t\t\t\t\t<div class=\"faq-item-answer-text\"> \u200b\u200b<p>Jak po\u0142\u0105czy\u0107 Recenzje Google ze stron\u0105 na Facebooku, mo\u017cesz przeczyta\u0107 w naszym <a href=\"https:\/\/elfsight.com\/blog\/how-to-add-custom-tab-to-facebook-page\/\" target=\" _blank\" rel=\"noopener noreferrer\">dok\u0142adny przewodnik po kolacji<\/a>.<\/p> <\/div>\r\n\t\t\t\t\t<\/div>\r\n\t\t\t\t<\/div> <div class=\"faq-item\">\r\n\t\t\t\t\t<div class=\"faq-item-question\">\r\n\t\t\t\t\t\t<h3 class=\"faq-item-question-text\">W jaki spos\u00f3b moja witryna mo\u017ce skorzysta\u0107 z wid\u017cetu?<\/h3>\r\n\r\n\t\t\t\t\t\t<div class=\"faq-item-question-icon\"><\/div>\r\n\t\t\t\t\t<\/div>\r\n\r\n\t\t\t\t\t<div class=\"faq-item-answer\">\r\n\t\t\t\t\t\t<div class=\"faq-item-answer-text\"> <p>Opinie Google s\u0105 skuteczne i sami s\u0105 praktyczni. Osadzaj\u0105c Recenzje Google na Facebooku, mo\u017cesz od razu zwi\u0119kszy\u0107 konwersj\u0119 na zakupy. Dodatkowo ten interaktywny element zwi\u0119ksza czas sp\u0119dzany przez u\u017cytkownik\u00f3w na stronach internetowych. Wreszcie, Google opiera si\u0119 na warto\u015bciowych tre\u015bciach, a je\u015bli otrzymasz najlepsze oceny, Google zak\u0142ada, \u017ce \u200b\u200bTwoja witryna jest godna zaufania i korzystna. W zwi\u0105zku z tym witryna pojawia si\u0119 wysoko w SERP.<\/p> <\/div>\r\n\t\t\t\t\t<\/div>\r\n\t\t\t\t<\/div> <div class=\"faq-item\">\r\n\t\t\t\t\t<div class=\"faq-item-question\">\r\n\t\t\t\t\t\t<h3 class=\"faq-item-question-text\">Czy mog\u0119 przetestowa\u0107 wid\u017cet Recenzje Google na Facebooku?<\/h3>\r\n\r\n\t\t\t\t\t\t<div class=\"faq-item-question-icon\"><\/div>\r\n\t\t\t\t\t<\/div>\r\n\r\n\t\t\t\t\t<div class=\"faq-item-answer\">\r\n\t\t\t\t\t\t<div class=\"faq-item-answer-text\"> <p>Mo\u017cesz przetestowa\u0107 wszystkie funkcje i ustawienia wid\u017cetu w bezp\u0142atnej witrynie internetowej <a href=\"#demo\">demo<\/a>. Nie musisz nawet rejestrowa\u0107 si\u0119 w naszym serwisie.<\/p> <\/div>\r\n\t\t\t\t\t<\/div>\r\n\t\t\t\t<\/div> <div class=\"faq-item\">\r\n\t\t\t\t\t<div class=\"faq-item-question\">\r\n\t\t\t\t\t\t<h3 class=\"faq-item-question-text\">Jak doda\u0107 recenzje Google do mojej strony na Facebooku bez umiej\u0119tno\u015bci kodowania?<\/h3>\r\n\r\n\t\t\t\t\t\t<div class=\"faq-item-question-icon\"><\/div>\r\n\t\t\t\t\t<\/div>\r\n\r\n\t\t\t\t\t<div class=\"faq-item-answer\">\r\n\t\t\t\t\t\t<div class=\"faq-item-answer-text\"> <p>Elfsight zapewnia rozwi\u0105zanie SaaS, kt\u00f3re umo\u017cliwia samodzielne utworzenie wid\u017cetu Recenzji Google. Zobacz, jakie to proste: Pracuj bezpo\u015brednio w edytorze online, aby utworzy\u0107 wid\u017cet Recenzji Google, kt\u00f3ry chcesz widzie\u0107 w witrynie swojej strony na Facebooku. Wybierz jeden z gotowych szablon\u00f3w i dostosuj ustawienia Recenzji Google, dodaj swoj\u0105 tre\u015b\u0107, zmie\u0144 uk\u0142ad i kolorystyk\u0119 bez umiej\u0119tno\u015bci kodowania. Zapisz Recenzje Google i skopiuj jej kod instalacyjny, kt\u00f3ry mo\u017cesz doda\u0107 do swojej witryny na Facebooku bez konieczno\u015bci kupowania wersji p\u0142atnej. Dzi\u0119ki naszemu intuicyjnemu edytorowi ka\u017cdy u\u017cytkownik Internetu mo\u017ce stworzy\u0107 wid\u017cet Recenzji Google online i \u0142atwo osadzi\u0107 go na swojej stronie na Facebooku. Aby uzyska\u0107 dost\u0119p do us\u0142ugi, nie trzeba p\u0142aci\u0107 ani wprowadza\u0107 danych uwierzytelniaj\u0105cych karty. Je\u015bli na kt\u00f3rymkolwiek etapie napotkasz jakiekolwiek problemy, skontaktuj si\u0119 z naszym zespo\u0142em pomocy technicznej.<\/p> <\/div>\r\n\t\t\t\t\t<\/div>\r\n\t\t\t\t<\/div> <\/div> <\/div> <div class=\"application-platform-content-item-features application-platform-content-item\" id=\"features\" data-nav-section=\"features\"><h2>G\u0142\u00f3wne funkcje Widget Recenzje Google<\/h2><p>Sprawd\u017a wszystkie cechy funkcjonalne wid\u017cetu. Mo\u017cesz nimi zarz\u0105dza\u0107 bezpo\u015brednio w edytorze, a one pomog\u0105 Ci ukszta\u0142towa\u0107 wid\u017cet najbardziej odpowiedni dla Twojego przypadku. <\/p><ul><li>Trzy typy filtr\u00f3w: wed\u0142ug typu, wykluczania i liczby wy\u015bwietlanych recenzji; <\/li><li>4 dost\u0119pne uk\u0142ady: Lista, Siatka, Mur i Suwak; <\/li><li>Mo\u017cliwo\u015b\u0107 w\u0142\u0105czenia\/wy\u0142\u0105czenia nag\u0142\u00f3wka wid\u017cetu; <\/li><li>Przycisk pro\u015bby o recenzj\u0119 kieruje u\u017cytkownik\u00f3w do Twojej strony Google; <\/li><li>6 elastycznych element\u00f3w interfejsu: nazwisko i zdj\u0119cie autora, rekomendacja, data opublikowania, ikona Google i liczba gwiazdek; <\/li><li>Dwa mo\u017cliwe scenariusze odrzucenia pro\u015bby o sprawdzenie: ujawnij wiadomo\u015b\u0107 lub ukryj przycisk. <\/li><\/ul><p><a href=\"#demo\">Sprawd\u017a wszystkie pozosta\u0142e funkcje w wersji demonstracyjnej<\/a><\/p><\/div><div class=\"application-platform-content-item-installation application-platform-content-item\" id=\"installation\" data-nav-section=\"installation\"><h2> jak udost\u0119pnia\u0107 recenzje Google na stronie na Facebooku<\/h2><p>Aby aktywowa\u0107 wid\u017cet, wykonaj kilka szybkich krok\u00f3w<\/p><ul><li><b>Wygeneruj niestandardowy wid\u017cet Google<\/b><br>In w naszym darmowym edytorze skonfiguruj wtyczk\u0119 z niestandardowym uk\u0142adem i funkcjonalno\u015bci\u0105. <\/li><li><b>Skopiuj kod osobisty, aby opublikowa\u0107 wid\u017cet<\/b><br>Po dostosowaniu wid\u017cetu otrzymasz unikalny kod z wy\u015bwietlonego okna aplikacji Elfsight. Skopiuj ten kod. <\/li><li><b>Dodaj recenzje do strony na Facebooku<\/b><br> Utw\u00f3rz w\u0142asn\u0105 zak\u0142adk\u0119 na Facebooku. Wstaw kod otrzymany w aplikacji elfsight do zak\u0142adki.<\/li><li><b>Instalacja zosta\u0142a zako\u0144czona<\/b><br>Odwied\u017a swoj\u0105 stron\u0119, aby zobaczy\u0107 swoj\u0105 wtyczk\u0119. <\/li><\/ul><p>W razie pyta\u0144 dotycz\u0105cych udost\u0119pniania recenzji Google na Facebooku nie wahaj si\u0119 skontaktowa\u0107 z naszym zespo\u0142em pomocy technicznej. Ch\u0119tnie pomo\u017cemy w ka\u017cdej sprawie. <\/p><\/div>","protected":false},"excerpt":{"rendered":"","protected":false},"author":9,"featured_media":0,"parent":675,"menu_order":0,"comment_status":"closed","ping_status":"closed","template":"templates\/template-application-platform.php","meta":{"publish_to_discourse":"","publish_post_category":"","wpdc_auto_publish_overridden":"","wpdc_topic_tags":"","wpdc_pin_topic":"","wpdc_pin_until":"","discourse_post_id":"","discourse_permalink":"","wpdc_publishing_response":"","wpdc_publishing_error":"","footnotes":""},"class_list":["post-5431","page","type-page","status-publish","hentry"],"yoast_head":"<!-- This site is optimized with the Yoast SEO plugin v25.3.1 - https:\/\/yoast.com\/wordpress\/plugins\/seo\/ -->\n<title>Umie\u015b\u0107 recenzje Google na stronie na Facebooku \u2014 dodaj recenzje w 2 minuty!<\/title>\n<meta name=\"description\" content=\"Utworzenie karty Recenzje Google i dodanie jej do strony firmowej na Facebooku jest \u0142atwe. Obs\u0142uga klienta Elfsight jest bezp\u0142atna i szybka.\" \/>\n<meta name=\"robots\" content=\"index, follow, max-snippet:-1, max-image-preview:large, max-video-preview:-1\" \/>\n<link rel=\"canonical\" href=\"https:\/\/elfsight.com\/pl\/google-reviews-widget\/facebook\/\" \/>\n<meta property=\"og:locale\" content=\"pl_PL\" \/>\n<meta property=\"og:type\" content=\"article\" \/>\n<meta property=\"og:title\" content=\"Umie\u015b\u0107 recenzje Google na stronie na Facebooku \u2014 dodaj recenzje w 2 minuty!\" \/>\n<meta property=\"og:description\" content=\"Utworzenie karty Recenzje Google i dodanie jej do strony firmowej na Facebooku jest \u0142atwe. Obs\u0142uga klienta Elfsight jest bezp\u0142atna i szybka.\" \/>\n<meta property=\"og:url\" content=\"https:\/\/elfsight.com\/pl\/google-reviews-widget\/facebook\/\" \/>\n<meta property=\"og:site_name\" content=\"Elfsight PL\" \/>\n<meta property=\"article:modified_time\" content=\"2024-11-14T09:27:31+00:00\" \/>\n<meta name=\"twitter:card\" content=\"summary_large_image\" \/>\n<meta name=\"twitter:label1\" content=\"Szacowany czas czytania\" \/>\n\t<meta name=\"twitter:data1\" content=\"3 minuty\" \/>\n<!-- \/ Yoast SEO plugin. -->","yoast_head_json":{"title":"Umie\u015b\u0107 recenzje Google na stronie na Facebooku \u2014 dodaj recenzje w 2 minuty!","description":"Utworzenie karty Recenzje Google i dodanie jej do strony firmowej na Facebooku jest \u0142atwe. Obs\u0142uga klienta Elfsight jest bezp\u0142atna i szybka.","robots":{"index":"index","follow":"follow","max-snippet":"max-snippet:-1","max-image-preview":"max-image-preview:large","max-video-preview":"max-video-preview:-1"},"canonical":"https:\/\/elfsight.com\/pl\/google-reviews-widget\/facebook\/","og_locale":"pl_PL","og_type":"article","og_title":"Umie\u015b\u0107 recenzje Google na stronie na Facebooku \u2014 dodaj recenzje w 2 minuty!","og_description":"Utworzenie karty Recenzje Google i dodanie jej do strony firmowej na Facebooku jest \u0142atwe. Obs\u0142uga klienta Elfsight jest bezp\u0142atna i szybka.","og_url":"https:\/\/elfsight.com\/pl\/google-reviews-widget\/facebook\/","og_site_name":"Elfsight PL","article_modified_time":"2024-11-14T09:27:31+00:00","twitter_card":"summary_large_image","twitter_misc":{"Szacowany czas czytania":"3 minuty"},"schema":{"@context":"https:\/\/schema.org","@graph":[{"@type":"WebPage","@id":"https:\/\/elfsight.com\/pl\/google-reviews-widget\/facebook\/","url":"https:\/\/elfsight.com\/pl\/google-reviews-widget\/facebook\/","name":"Umie\u015b\u0107 recenzje Google na stronie na Facebooku \u2014 dodaj recenzje w 2 minuty!","isPartOf":{"@id":"https:\/\/elfsight.com\/pl\/#website"},"datePublished":"2024-05-03T06:39:02+00:00","dateModified":"2024-11-14T09:27:31+00:00","description":"Utworzenie karty Recenzje Google i dodanie jej do strony firmowej na Facebooku jest \u0142atwe. Obs\u0142uga klienta Elfsight jest bezp\u0142atna i szybka.","breadcrumb":{"@id":"https:\/\/elfsight.com\/pl\/google-reviews-widget\/facebook\/#breadcrumb"},"inLanguage":"pl-PL","potentialAction":[{"@type":"ReadAction","target":["https:\/\/elfsight.com\/pl\/google-reviews-widget\/facebook\/"]}]},{"@type":"BreadcrumbList","@id":"https:\/\/elfsight.com\/pl\/google-reviews-widget\/facebook\/#breadcrumb","itemListElement":[{"@type":"ListItem","position":1,"name":"Home","item":"https:\/\/elfsight.com\/pl\/"},{"@type":"ListItem","position":2,"name":"Google Reviews","item":"https:\/\/elfsight.com\/pl\/google-reviews-widget\/"},{"@type":"ListItem","position":3,"name":"Google Reviews &#8211; Facebook Page"}]},{"@type":"WebSite","@id":"https:\/\/elfsight.com\/pl\/#website","url":"https:\/\/elfsight.com\/pl\/","name":"Elfsight PL","description":"Just another Elfsight Sites site","potentialAction":[{"@type":"SearchAction","target":{"@type":"EntryPoint","urlTemplate":"https:\/\/elfsight.com\/pl\/?s={search_term_string}"},"query-input":{"@type":"PropertyValueSpecification","valueRequired":true,"valueName":"search_term_string"}}],"inLanguage":"pl-PL"}]}},"meta_box":{"industry":"","seo_heading":"","heading":"","description":"","cta_heading":"","cta_description":"","application":"668","h1":"Recenzje Google dotycz\u0105ce strony firmowej na Facebooku","h1_caption":"Osadzaj recenzje swojego miejsca z Google, aby bezproblemowo i bez wysi\u0142ku uzyska\u0107 najlepsze wra\u017cenia klient\u00f3w w swojej witrynie na swojej stronie na Facebooku.","application_category":[],"applications_title":"","applications_request_title":"","applications_request_button_text":"","hero_text":"","hero_video":"","hero_video_schema_markup":"","selling_points_title":"","selling_points_caption":"","selling_points":[],"selling_points_cta_text":"","features_title":"","features":"","ed_cta_examples_text":"","ed_cta_examples_hidden":"","ed_cta_demo_text":"","ed_cta_demo_hidden":"","why_caption":"","why_editor_title":"","why_editor_text":"","why_team_title":"","why_team_text":"","why_service_title":"","why_service_text":"","template_catalog_visible":"","template_catalog_title":"","template_catalog_text":"","template_catalog_categories_visible":"","demo_title":"Utw\u00f3rz wid\u017cet Recenzji Google","demo_caption":"Skonfiguruj swoje recenzje Google i dodaj je za darmo do swojej witryny na Facebooku!","default_faq_hidden":"","app_template_category":[],"platform":"319","template_public_id":"","codecanyon_url":"","codecanyon_item_id":"","codecanyon_price":"","pricing_caption":"","pricing_elfsight_apps_hide_column":"","pricing_elfsight_apps_url":"","pricing_codecanyon_price_caption":"","integration_category":[],"integration_request_title":"","integration_request_cta":"","integration_platform":"","integrations":[],"platform_category":[],"video_schema_markup":"","price":"od 0 USD \/ miesi\u0105c","trial":"","benefits":[{"text":"Bezp\u0142atna pomoc w monta\u017cu"},{"text":"Wsparcie premium"},{"text":"14-dniowa gwarancja zwrotu pieni\u0119dzy"}],"button_url":"#demo","button_target_blank":"","button_nofollow":"","attributes":[{"name":"Instaluje"},{"name":"Reakcja na co\u015b"},{"name":"Kompatybilne przegl\u0105darki"}],"tags":[],"tags_disable_links":"","hide_more_platforms":"","video_object":"","demo_hide_cta":"","demo_hide_cloud_options":"","pricing_title":"","pricing":[{"pricing_icon":"platform","pricing_title":"Elfsight Apps","pricing_title_caption":"Wieloplatformowe rozwi\u0105zanie cyfrowe, kt\u00f3re dzia\u0142a na ka\u017cdej stronie internetowej","pricing_price":"od 0 USD \/ miesi\u0105c","pricing_price_caption":"zacznij od bezp\u0142atnego planu","pricing_benefits":[{"text":"Nielimitowane domeny"},{"text":"Profesjonalna obs\u0142uga klienta"},{"text":"Bezp\u0142atna pomoc w monta\u017cu"},{"text":"100% konfigurowalny"}],"pricing_button_text":"Dodaj do witryny","pricing_button_url":"#demo"}],"related_apps_title":"","related_apps_hidden":"","author":"","image":[],"title":"","job":"","social_networks":[]},"_links":{"self":[{"href":"https:\/\/elfsight.com\/pl\/wp-json\/wp\/v2\/pages\/5431","targetHints":{"allow":["GET"]}}],"collection":[{"href":"https:\/\/elfsight.com\/pl\/wp-json\/wp\/v2\/pages"}],"about":[{"href":"https:\/\/elfsight.com\/pl\/wp-json\/wp\/v2\/types\/page"}],"author":[{"embeddable":true,"href":"https:\/\/elfsight.com\/pl\/wp-json\/wp\/v2\/users\/9"}],"replies":[{"embeddable":true,"href":"https:\/\/elfsight.com\/pl\/wp-json\/wp\/v2\/comments?post=5431"}],"version-history":[{"count":1,"href":"https:\/\/elfsight.com\/pl\/wp-json\/wp\/v2\/pages\/5431\/revisions"}],"predecessor-version":[{"id":5435,"href":"https:\/\/elfsight.com\/pl\/wp-json\/wp\/v2\/pages\/5431\/revisions\/5435"}],"up":[{"embeddable":true,"href":"https:\/\/elfsight.com\/pl\/wp-json\/wp\/v2\/pages\/675"}],"wp:attachment":[{"href":"https:\/\/elfsight.com\/pl\/wp-json\/wp\/v2\/media?parent=5431"}],"curies":[{"name":"wp","href":"https:\/\/api.w.org\/{rel}","templated":true}]}}