{"id":5430,"date":"2024-05-03T06:39:01","date_gmt":"2024-05-03T06:39:01","guid":{"rendered":"https:\/\/elfsight.com\/pl\/?page_id=5430"},"modified":"2024-11-14T09:03:27","modified_gmt":"2024-11-14T09:03:27","slug":"woocommerce","status":"publish","type":"page","link":"https:\/\/elfsight.com\/pl\/google-reviews-widget\/woocommerce\/","title":{"rendered":"Google Reviews &#8211; WooCommerce"},"content":{"rendered":"<div class=\"application-platform-content-item-description application-platform-content-item\" id=\"description\" data-nav-section=\"description\"><h2>Osadzaj recenzje klient\u00f3w Google za pomoc\u0105 wtyczki Elfsight<\/h2><p>Prosty widget &#8211; <strong>Recenzje Elfsight Google<\/strong> &#8211; u\u0142atwi Ci publikowanie opinii klient\u00f3w od u\u017cytkownik\u00f3w Google na Twojej stronie internetowej. Za pomoc\u0105 tego wid\u017cetu mo\u017cesz usuwa\u0107 negatywne recenzje za pomoc\u0105 r\u00f3\u017cnych filtr\u00f3w, wy\u015bwietla\u0107 swoj\u0105 ocen\u0119 w gwiazdkach Google, dodawa\u0107 informacje o autorach i zawiera\u0107 przycisk przekierowuj\u0105cy u\u017cytkownik\u00f3w do publikowania recenzji w Google. Elfsight pomo\u017ce Ci wy\u015bwietli\u0107 Tw\u00f3j silny dow\u00f3d spo\u0142eczno\u015bciowy na stronie internetowej i wygenerowa\u0107 dodatkowe zakupy.<\/p><p><b>Dodaj Recenzje Google, aby szybciej osi\u0105gn\u0105\u0107 swoje cele biznesowe!<\/b><\/p><div class=\"faq\" data-component=\"FAQ\"> [ faq_item question=&#8221;Gdzie w mojej witrynie mog\u0119 go zainstalowa\u0107?&#8221;] <p>Wid\u017cet opinii klient\u00f3w Google mo\u017cna dowolnie doda\u0107 do dowolnej strony witryny lub wklei\u0107 do projektu witryny, aby wy\u015bwietla\u0142 si\u0119 na ka\u017cdej stronie. Recenzje dobrze sprawdzaj\u0105 si\u0119 na stronach produkt\u00f3w lub na naszej stronie \u201eO mnie\u201d, gdzie chcesz si\u0119 pochwali\u0107, jak wysoko zosta\u0142e\u015b oceniony.<\/p>[\/faq_item] <div class=\"faq-item\">\r\n\t\t\t\t\t<div class=\"faq-item-question\">\r\n\t\t\t\t\t\t<h3 class=\"faq-item-question-text\">Jakie korzy\u015bci odnios\u0119 z wtyczki Woocommerce Google Reviews?<\/h3>\r\n\r\n\t\t\t\t\t\t<div class=\"faq-item-question-icon\"><\/div>\r\n\t\t\t\t\t<\/div>\r\n\r\n\t\t\t\t\t<div class=\"faq-item-answer\">\r\n\t\t\t\t\t\t<div class=\"faq-item-answer-text\"> <p>U\u017cytkownicy Twojej witryny uznaj\u0105 opinie rzeczywistych klient\u00f3w za wiarygodne i zobacz\u0105, \u017ce Twoja firma jest partnerem godnym zaufania. Wysokie oceny i pozytywne recenzje mog\u0105 zwi\u0119kszy\u0107 liczb\u0119 zakup\u00f3w dokonanych w Twojej witrynie. Dodatkowo aktywny przycisk mo\u017ce pom\u00f3c Ci uzyska\u0107 wi\u0119cej recenzji Google dla Twoich produkt\u00f3w lub us\u0142ug.<\/p> <\/div>\r\n\t\t\t\t\t<\/div>\r\n\t\t\t\t<\/div><div class=\"faq-item\">\r\n\t\t\t\t\t<div class=\"faq-item-question\">\r\n\t\t\t\t\t\t<h3 class=\"faq-item-question-text\">Czy mog\u0119 przetestowa\u0107 Twoj\u0105 wtyczk\u0119 WooCommerce Recenzje Google?<\/h3>\r\n\r\n\t\t\t\t\t\t<div class=\"faq-item-question-icon\"><\/div>\r\n\t\t\t\t\t<\/div>\r\n\r\n\t\t\t\t\t<div class=\"faq-item-answer\">\r\n\t\t\t\t\t\t<div class=\"faq-item-answer-text\"> <p>Tak, mo\u017cesz to \u0142atwo zr\u00f3b to w bezp\u0142atnym interaktywnym <a href=\"#demo\">demo<\/a>, bez rejestracji. Wid\u017cet mo\u017cna skonfigurowa\u0107 bezpo\u015brednio poprzez nasz serwis. Mo\u017cesz przetestowa\u0107 wszystkie ustawienia, wybra\u0107 gotowy szablon i dostosowa\u0107 recenzje klient\u00f3w Google dla Woocommerce.<\/p> <\/div>\r\n\t\t\t\t\t<\/div>\r\n\t\t\t\t<\/div> <div class=\"faq-item\">\r\n\t\t\t\t\t<div class=\"faq-item-question\">\r\n\t\t\t\t\t\t<h3 class=\"faq-item-question-text\">Jak mog\u0119 doda\u0107 recenzje Google do mojej witryny WooCommerce bez umiej\u0119tno\u015bci kodowania?<\/h3>\r\n\r\n\t\t\t\t\t\t<div class=\"faq-item-question-icon\"><\/div>\r\n\t\t\t\t\t<\/div>\r\n\r\n\t\t\t\t\t<div class=\"faq-item-answer\">\r\n\t\t\t\t\t\t<div class=\"faq-item-answer-text\"> <p>Elfsight zapewnia rozwi\u0105zanie SaaS, kt\u00f3re umo\u017cliwia samodzielne utworzenie wid\u017cetu Recenzji Google. Zobacz, jak \u0142atwy jest ten proces: Pracuj bezpo\u015brednio w edytorze online, aby utworzy\u0107 wid\u017cet Recenzji Google, kt\u00f3ry chcesz widzie\u0107 w swojej witrynie WooCommerce. Wybierz jeden z gotowych szablon\u00f3w i dostosuj ustawienia Recenzji Google, dodaj swoj\u0105 tre\u015b\u0107, zmie\u0144 uk\u0142ad i kolorystyk\u0119 bez umiej\u0119tno\u015bci kodowania. Zapisz Recenzje Google i skopiuj jego kod instalacyjny, kt\u00f3ry mo\u017cesz umie\u015bci\u0107 na swojej stronie WooCommerce bez kupowania p\u0142atnego planu. Dzi\u0119ki naszemu intuicyjnemu edytorowi ka\u017cdy u\u017cytkownik Internetu mo\u017ce stworzy\u0107 wid\u017cet Recenzji Google online i \u0142atwo osadzi\u0107 go na swojej stronie WooCommerce. Aby uzyska\u0107 dost\u0119p do us\u0142ugi, nie trzeba p\u0142aci\u0107 ani wprowadza\u0107 danych uwierzytelniaj\u0105cych karty. Je\u015bli na kt\u00f3rymkolwiek etapie napotkasz jakiekolwiek problemy, skontaktuj si\u0119 z naszym zespo\u0142em pomocy technicznej.<\/p> <\/div>\r\n\t\t\t\t\t<\/div>\r\n\t\t\t\t<\/div> <\/div><\/div> <div class=\"application-platform-content-item-features application-platform-content-item\" id=\"features\" data-nav-section=\"features\"><h2>G\u0142\u00f3wne funkcje Wtyczka Google Recenzje<\/h2><ul><li>Trzy gotowe do u\u017cycia filtry: wed\u0142ug typu, wykluczania i liczby wy\u015bwietlanych recenzji;<\/li><li>Dost\u0119pne cztery uk\u0142ady: lista, siatka, Kamieniarstwo i Suwak;<\/li><li>Opcja kontroli wy\u015bwietlania nag\u0142\u00f3wka wid\u017cetu;<\/li><li>Aktywny przycisk dodawania recenzji przenosi odwiedzaj\u0105cego na stron\u0119 Google;<\/li><li>Sze\u015b\u0107 elastycznych element\u00f3w interfejsu: imi\u0119 i nazwisko autora i zdj\u0119cie, tekst rekomendacji, data, ikona Google i liczba gwiazdek;<\/li><li>Dwa warianty scenariuszy po odrzuceniu pro\u015bby o sprawdzenie: poka\u017c SMS-a lub ukryj przycisk.<\/li><\/ul><p><a href=\"#demo\">Wystarczy sprawdzi\u0107 t\u0119 wersj\u0119 demonstracyjn\u0105, aby uzyska\u0107 pe\u0142ny obraz<\/a><\/p><\/div><div class=\"application-platform-content-item-installation  application-platform-content-item\" id=\"installation \" data-nav-section=\"installation \"><h2>Jak osadzi\u0107 Recenzje Google na mojej stronie internetowej WooCommerce?<\/h2><p>Wystarczy wykona\u0107 poni\u017csze kroki, aby zintegrowa\u0107 narz\u0119dzie.<\/p><ol><li><b>Otw\u00f3rz nasze bezp\u0142atn\u0105 wersj\u0119 demonstracyjn\u0105 i zacznij kszta\u0142towa\u0107 sw\u00f3j niestandardowy instrument.<\/b><br>Okre\u015bl niestandardowy interfejs i parametry wid\u017cetu oraz zapisz modyfikacje.<\/li><li><b>Pozw\u00f3l, aby Tw\u00f3j osobisty kod pojawi\u0142 si\u0119 w box w aplikacjach Elfsight.<\/b><br>Po zako\u0144czeniu dostosowywania wtyczki skopiuj indywidualny kod z wy\u015bwietlonego okna i zachowaj go do wykorzystania w przysz\u0142o\u015bci.<\/li><li><b>Rozpocznij korzystanie z wtyczki na stronie WooCommerce.<\/b><br>Osad\u017a ostatnio skopiowany kod na swojej stronie i zastosuj modyfikacje.<\/li><li><b>Gotowe! Integracja zosta\u0142a ca\u0142kowicie zako\u0144czona.<\/b><br>Odwied\u017a swoj\u0105 stron\u0119, aby sprawdzi\u0107 dzia\u0142anie wtyczki.<\/li><\/ol><p>Je\u015bli napotkasz jakiekolwiek przeszkody w opiniach klient\u00f3w WooCommerce, skontaktuj si\u0119 z nami bez wahania napisz do naszego personelu pomocy technicznej. Nasi specjali\u015bci ch\u0119tnie pomog\u0105 Ci we wszystkich trudno\u015bciach, jakie mo\u017cesz mie\u0107 z produktem.<\/p><\/div>","protected":false},"excerpt":{"rendered":"","protected":false},"author":9,"featured_media":0,"parent":675,"menu_order":0,"comment_status":"closed","ping_status":"closed","template":"templates\/template-application-platform.php","meta":{"publish_to_discourse":"","publish_post_category":"","wpdc_auto_publish_overridden":"","wpdc_topic_tags":"","wpdc_pin_topic":"","wpdc_pin_until":"","discourse_post_id":"","discourse_permalink":"","wpdc_publishing_response":"","wpdc_publishing_error":"","footnotes":""},"class_list":["post-5430","page","type-page","status-publish","hentry"],"yoast_head":"<!-- This site is optimized with the Yoast SEO plugin v25.3.1 - https:\/\/yoast.com\/wordpress\/plugins\/seo\/ -->\n<title>Wtyczka WooCommerce Google Reviews na Twoj\u0105 stron\u0119 internetow\u0105 - dodawaj opinie klient\u00f3w kilkoma klikni\u0119ciami!<\/title>\n<meta name=\"description\" content=\"Skorzystaj z okazji, aby dostosowa\u0107 wtyczk\u0119 Recenzje Google w edytorze i wstaw j\u0105 do swojej witryny WooCommerce bezpo\u015brednio w wersji demonstracyjnej.\" \/>\n<meta name=\"robots\" content=\"index, follow, max-snippet:-1, max-image-preview:large, max-video-preview:-1\" \/>\n<link rel=\"canonical\" href=\"https:\/\/elfsight.com\/pl\/google-reviews-widget\/woocommerce\/\" \/>\n<meta property=\"og:locale\" content=\"pl_PL\" \/>\n<meta property=\"og:type\" content=\"article\" \/>\n<meta property=\"og:title\" content=\"Wtyczka WooCommerce Google Reviews na Twoj\u0105 stron\u0119 internetow\u0105 - dodawaj opinie klient\u00f3w kilkoma klikni\u0119ciami!\" \/>\n<meta property=\"og:description\" content=\"Skorzystaj z okazji, aby dostosowa\u0107 wtyczk\u0119 Recenzje Google w edytorze i wstaw j\u0105 do swojej witryny WooCommerce bezpo\u015brednio w wersji demonstracyjnej.\" \/>\n<meta property=\"og:url\" content=\"https:\/\/elfsight.com\/pl\/google-reviews-widget\/woocommerce\/\" \/>\n<meta property=\"og:site_name\" content=\"Elfsight PL\" \/>\n<meta property=\"article:modified_time\" content=\"2024-11-14T09:03:27+00:00\" \/>\n<meta name=\"twitter:card\" content=\"summary_large_image\" \/>\n<meta name=\"twitter:label1\" content=\"Szacowany czas czytania\" \/>\n\t<meta name=\"twitter:data1\" content=\"4 minuty\" \/>\n<!-- \/ Yoast SEO plugin. -->","yoast_head_json":{"title":"Wtyczka WooCommerce Google Reviews na Twoj\u0105 stron\u0119 internetow\u0105 - dodawaj opinie klient\u00f3w kilkoma klikni\u0119ciami!","description":"Skorzystaj z okazji, aby dostosowa\u0107 wtyczk\u0119 Recenzje Google w edytorze i wstaw j\u0105 do swojej witryny WooCommerce bezpo\u015brednio w wersji demonstracyjnej.","robots":{"index":"index","follow":"follow","max-snippet":"max-snippet:-1","max-image-preview":"max-image-preview:large","max-video-preview":"max-video-preview:-1"},"canonical":"https:\/\/elfsight.com\/pl\/google-reviews-widget\/woocommerce\/","og_locale":"pl_PL","og_type":"article","og_title":"Wtyczka WooCommerce Google Reviews na Twoj\u0105 stron\u0119 internetow\u0105 - dodawaj opinie klient\u00f3w kilkoma klikni\u0119ciami!","og_description":"Skorzystaj z okazji, aby dostosowa\u0107 wtyczk\u0119 Recenzje Google w edytorze i wstaw j\u0105 do swojej witryny WooCommerce bezpo\u015brednio w wersji demonstracyjnej.","og_url":"https:\/\/elfsight.com\/pl\/google-reviews-widget\/woocommerce\/","og_site_name":"Elfsight PL","article_modified_time":"2024-11-14T09:03:27+00:00","twitter_card":"summary_large_image","twitter_misc":{"Szacowany czas czytania":"4 minuty"},"schema":{"@context":"https:\/\/schema.org","@graph":[{"@type":"WebPage","@id":"https:\/\/elfsight.com\/pl\/google-reviews-widget\/woocommerce\/","url":"https:\/\/elfsight.com\/pl\/google-reviews-widget\/woocommerce\/","name":"Wtyczka WooCommerce Google Reviews na Twoj\u0105 stron\u0119 internetow\u0105 - dodawaj opinie klient\u00f3w kilkoma klikni\u0119ciami!","isPartOf":{"@id":"https:\/\/elfsight.com\/pl\/#website"},"datePublished":"2024-05-03T06:39:01+00:00","dateModified":"2024-11-14T09:03:27+00:00","description":"Skorzystaj z okazji, aby dostosowa\u0107 wtyczk\u0119 Recenzje Google w edytorze i wstaw j\u0105 do swojej witryny WooCommerce bezpo\u015brednio w wersji demonstracyjnej.","breadcrumb":{"@id":"https:\/\/elfsight.com\/pl\/google-reviews-widget\/woocommerce\/#breadcrumb"},"inLanguage":"pl-PL","potentialAction":[{"@type":"ReadAction","target":["https:\/\/elfsight.com\/pl\/google-reviews-widget\/woocommerce\/"]}]},{"@type":"BreadcrumbList","@id":"https:\/\/elfsight.com\/pl\/google-reviews-widget\/woocommerce\/#breadcrumb","itemListElement":[{"@type":"ListItem","position":1,"name":"Home","item":"https:\/\/elfsight.com\/pl\/"},{"@type":"ListItem","position":2,"name":"Google Reviews","item":"https:\/\/elfsight.com\/pl\/google-reviews-widget\/"},{"@type":"ListItem","position":3,"name":"Google Reviews &#8211; WooCommerce"}]},{"@type":"WebSite","@id":"https:\/\/elfsight.com\/pl\/#website","url":"https:\/\/elfsight.com\/pl\/","name":"Elfsight PL","description":"Just another Elfsight Sites site","potentialAction":[{"@type":"SearchAction","target":{"@type":"EntryPoint","urlTemplate":"https:\/\/elfsight.com\/pl\/?s={search_term_string}"},"query-input":{"@type":"PropertyValueSpecification","valueRequired":true,"valueName":"search_term_string"}}],"inLanguage":"pl-PL"}]}},"meta_box":{"industry":"","seo_heading":"","heading":"","description":"","cta_heading":"","cta_description":"","application":"668","h1":"Wtyczka WooCommerce Recenzje Google","h1_caption":"Osadzaj recenzje swojego miejsca z Google, aby bez wysi\u0142ku uzyska\u0107 najlepsze wra\u017cenia klient\u00f3w w swojej witrynie w witrynie WooCommerce.","application_category":[],"applications_title":"","applications_request_title":"","applications_request_button_text":"","hero_text":"","hero_video":"","hero_video_schema_markup":"","selling_points_title":"","selling_points_caption":"","selling_points":[],"selling_points_cta_text":"","features_title":"","features":"","ed_cta_examples_text":"","ed_cta_examples_hidden":"","ed_cta_demo_text":"","ed_cta_demo_hidden":"","why_caption":"","why_editor_title":"","why_editor_text":"","why_team_title":"","why_team_text":"","why_service_title":"","why_service_text":"","template_catalog_visible":"","template_catalog_title":"","template_catalog_text":"","template_catalog_categories_visible":"","demo_title":"Utw\u00f3rz aplikacj\u0119 Recenzje Google","demo_caption":"Skonfiguruj swoje recenzje Google i dodaj je za darmo do swojej witryny WooCommerce!","default_faq_hidden":"","app_template_category":[],"platform":"335","template_public_id":"","codecanyon_url":"","codecanyon_item_id":"","codecanyon_price":"","pricing_caption":"","pricing_elfsight_apps_hide_column":"","pricing_elfsight_apps_url":"","pricing_codecanyon_price_caption":"","integration_category":[],"integration_request_title":"","integration_request_cta":"","integration_platform":"","integrations":[],"platform_category":[],"video_schema_markup":"","price":"od 0 USD \/ miesi\u0105c","trial":"","benefits":[{"text":"Bezp\u0142atna us\u0142uga monta\u017cu"},{"text":"Profesjonalna obs\u0142uga klienta"},{"text":"14-dniowa gwarancja zwrotu pieni\u0119dzy"}],"button_url":"#demo","button_target_blank":"","button_nofollow":"","attributes":[{"name":"Instaluje"},{"name":"Czu\u0142y"},{"name":"Kompatybilne przegl\u0105darki"}],"tags":[],"tags_disable_links":"","hide_more_platforms":"","video_object":"","demo_hide_cta":"","demo_hide_cloud_options":"","pricing_title":"","pricing":[{"pricing_icon":"platform","pricing_title":"Elfsight Apps","pricing_title_caption":"Wersja niezale\u017cna od platformy, kt\u00f3ra pasuje do ka\u017cdej witryny","pricing_price":"od 0 USD \/ miesi\u0105c","pricing_price_caption":"zacznij od bezp\u0142atnego planu","pricing_benefits":[{"text":"Nielimitowane domeny"},{"text":"Wsparcie firmy premium"},{"text":"Bezp\u0142atna us\u0142uga monta\u017cu"},{"text":"W pe\u0142ni konfigurowalny"}],"pricing_button_text":"Dodaj do witryny","pricing_button_url":"#demo"}],"related_apps_title":"","related_apps_hidden":"","author":"","image":[],"title":"","job":"","social_networks":[]},"_links":{"self":[{"href":"https:\/\/elfsight.com\/pl\/wp-json\/wp\/v2\/pages\/5430","targetHints":{"allow":["GET"]}}],"collection":[{"href":"https:\/\/elfsight.com\/pl\/wp-json\/wp\/v2\/pages"}],"about":[{"href":"https:\/\/elfsight.com\/pl\/wp-json\/wp\/v2\/types\/page"}],"author":[{"embeddable":true,"href":"https:\/\/elfsight.com\/pl\/wp-json\/wp\/v2\/users\/9"}],"replies":[{"embeddable":true,"href":"https:\/\/elfsight.com\/pl\/wp-json\/wp\/v2\/comments?post=5430"}],"version-history":[{"count":1,"href":"https:\/\/elfsight.com\/pl\/wp-json\/wp\/v2\/pages\/5430\/revisions"}],"predecessor-version":[{"id":5434,"href":"https:\/\/elfsight.com\/pl\/wp-json\/wp\/v2\/pages\/5430\/revisions\/5434"}],"up":[{"embeddable":true,"href":"https:\/\/elfsight.com\/pl\/wp-json\/wp\/v2\/pages\/675"}],"wp:attachment":[{"href":"https:\/\/elfsight.com\/pl\/wp-json\/wp\/v2\/media?parent=5430"}],"curies":[{"name":"wp","href":"https:\/\/api.w.org\/{rel}","templated":true}]}}