{"id":5424,"date":"2024-05-03T06:38:59","date_gmt":"2024-05-03T06:38:59","guid":{"rendered":"https:\/\/elfsight.com\/pl\/?page_id=5424"},"modified":"2025-06-24T14:03:26","modified_gmt":"2025-06-24T14:03:26","slug":"google-sites","status":"publish","type":"page","link":"https:\/\/elfsight.com\/pl\/google-reviews-widget\/google-sites\/","title":{"rendered":"Google Reviews &#8211; Google Sites"},"content":{"rendered":"<div class=\"application-platform-content-item-description application-platform-content-item\" id=\"description\" data-nav-section=\"description\"> <h2>Osadzaj recenzje Google za pomoc\u0105 wid\u017cetu Elfsight<\/h2> <p>Widget recenzji Elfsight dla witryny Google to przydatne narz\u0119dzie, kt\u00f3re umo\u017cliwia wstawianie na stronie internetowej referencje o Twojej firmie z zamieszczonych w Google. Za pomoc\u0105 tego wid\u017cetu b\u0119dziesz m\u00f3g\u0142 zastosowa\u0107 filtry, aby ukry\u0107 niechciane recenzje, ujawni\u0107 swoje gwiazdki i oceny liczbowe przed Google, poda\u0107 szczeg\u00f3\u0142owe informacje o autorach i umie\u015bci\u0107 przycisk, kt\u00f3ry przekieruje odwiedzaj\u0105cych do dodania swojej recenzji w Google. Widget Elfsight Recenzje Google pomo\u017ce Ci wykaza\u0107 si\u0119 wysokim poziomem wiarygodno\u015bci spo\u0142ecznej w witrynie i zwi\u0119kszy\u0107 sprzeda\u017c. <\/p> <p><b>Dzi\u0119ki wid\u017cetowi Elfsight rozpocznij aktywny rozw\u00f3j biznesu i zwi\u0119ksz sprzeda\u017c <\/b><\/p><div class=\"faq\" data-component=\"FAQ\"> <div class=\"faq-item\">\r\n\t\t\t\t\t<div class=\"faq-item-question\">\r\n\t\t\t\t\t\t<h3 class=\"faq-item-question-text\">Gdzie w witrynie Google mog\u0119 doda\u0107 wid\u017cet<\/h3>\r\n\r\n\t\t\t\t\t\t<div class=\"faq-item-question-icon\"><\/div>\r\n\t\t\t\t\t<\/div>\r\n\r\n\t\t\t\t\t<div class=\"faq-item-answer\">\r\n\t\t\t\t\t\t<div class=\"faq-item-answer-text\"> <p>Mo\u017cesz umie\u015bci\u0107 okno recenzji na wszystkich stronach serwisu lub na wybranych. Mo\u017cesz na przyk\u0142ad doda\u0107 widget do strony g\u0142\u00f3wnej i przyci\u0105gn\u0105\u0107 do niego maksymaln\u0105 uwag\u0119. <\/p> <\/div>\r\n\t\t\t\t\t<\/div>\r\n\t\t\t\t<\/div> <div class=\"faq-item\">\r\n\t\t\t\t\t<div class=\"faq-item-question\">\r\n\t\t\t\t\t\t<h3 class=\"faq-item-question-text\">Jak mog\u0119 skorzysta\u0107 z wid\u017cetu? <\/h3>\r\n\r\n\t\t\t\t\t\t<div class=\"faq-item-question-icon\"><\/div>\r\n\t\t\t\t\t<\/div>\r\n\r\n\t\t\t\t\t<div class=\"faq-item-answer\">\r\n\t\t\t\t\t\t<div class=\"faq-item-answer-text\"> <p>Dzi\u0119ki wid\u017cetowi Elfsight skonfigurowanie sekcji Recenzji Google i przyci\u0105gni\u0119cie nowych za pomoc\u0105 przycisku CTA jest absolutnie \u0142atwe i szybkie . Dodadz\u0105 odpowiedni\u0105 tre\u015b\u0107 do serwisu. Co wi\u0119cej, Google umieszcza strony, produkty i firmy z dobrymi ocenami na najwy\u017cszych pozycjach w SERP, poniewa\u017c uwa\u017ca, \u017ce \u200b\u200bte strony zawieraj\u0105 cenne informacje. <\/p> <\/div>\r\n\t\t\t\t\t<\/div>\r\n\t\t\t\t<\/div> <div class=\"faq-item\">\r\n\t\t\t\t\t<div class=\"faq-item-question\">\r\n\t\t\t\t\t\t<h3 class=\"faq-item-question-text\">Czy mog\u0119 przetestowa\u0107 Tw\u00f3j wid\u017cet Recenzje Google iFrame?<\/h3>\r\n\r\n\t\t\t\t\t\t<div class=\"faq-item-question-icon\"><\/div>\r\n\t\t\t\t\t<\/div>\r\n\r\n\t\t\t\t\t<div class=\"faq-item-answer\">\r\n\t\t\t\t\t\t<div class=\"faq-item-answer-text\"> <p>Tak, to proste jak raz dwa-trzy. Mo\u017cesz po prostu skorzysta\u0107 z bezp\u0142atnej <a href=\"#demo\">demo<\/a> online i bez trudu skonfigurowa\u0107 wygl\u0105d ca\u0142ej sekcji recenzji.<\/p> <\/div>\r\n\t\t\t\t\t<\/div>\r\n\t\t\t\t<\/div> <div class=\"faq-item\">\r\n\t\t\t\t\t<div class=\"faq-item-question\">\r\n\t\t\t\t\t\t<h3 class=\"faq-item-question-text\">Jak doda\u0107 Google Recenzje do mojej witryny Witryn Google bez umiej\u0119tno\u015bci kodowania?<\/h3>\r\n\r\n\t\t\t\t\t\t<div class=\"faq-item-question-icon\"><\/div>\r\n\t\t\t\t\t<\/div>\r\n\r\n\t\t\t\t\t<div class=\"faq-item-answer\">\r\n\t\t\t\t\t\t<div class=\"faq-item-answer-text\"> <p>Elfsight zapewnia rozwi\u0105zanie SaaS, kt\u00f3re pozwala samodzielnie utworzy\u0107 wid\u017cet Recenzji Google. Zobacz, jak \u0142atwy jest ten proces: Pracuj bezpo\u015brednio w edytorze online, aby utworzy\u0107 wid\u017cet Recenzji Google. kt\u00f3re chcesz zobaczy\u0107 w Twojej witrynie Witryn Google. Wybierz jeden z gotowych szablon\u00f3w i dostosuj ustawienia Recenzji Google, dodaj swoj\u0105 tre\u015b\u0107, zmie\u0144 uk\u0142ad i kolorystyk\u0119 bez umiej\u0119tno\u015bci kodowania. Zapisz Recenzje Google i skopiuj ich kod instalacyjny, kt\u00f3ry mo\u017cesz \u0142atwo umie\u015bci\u0107 w swojej witrynie Google Sites bez konieczno\u015bci kupowania p\u0142atnej subskrypcji. Dzi\u0119ki naszemu intuicyjnemu edytorowi ka\u017cdy u\u017cytkownik Internetu mo\u017ce utworzy\u0107 wid\u017cet Recenzji Google online i \u0142atwo umie\u015bci\u0107 go w swojej witrynie Google Sites. Aby uzyska\u0107 dost\u0119p do us\u0142ugi, nie trzeba p\u0142aci\u0107 ani wprowadza\u0107 danych uwierzytelniaj\u0105cych karty. Je\u015bli na kt\u00f3rymkolwiek etapie napotkasz jakiekolwiek problemy, skontaktuj si\u0119 z naszym zespo\u0142em pomocy technicznej.<\/p> <\/div>\r\n\t\t\t\t\t<\/div>\r\n\t\t\t\t<\/div> <\/div> <\/div> <div class=\"application-platform-content-item-features application-platform-content-item\" id=\"features\" data-nav-section=\"features\"><h2>G\u0142\u00f3wne funkcje Google Wid\u017cet recenzji<\/h2><p>Wid\u017cet oferuje przydatne i proste funkcje, zobacz niekt\u00f3re z nich: <\/p><ul> <li>Trzy rodzaje filtr\u00f3w: wed\u0142ug typu, wykluczenia wed\u0142ug i liczby wy\u015bwietlanych recenzji; <\/li> <li>Dost\u0119pne 4 uk\u0142ady: Lista, Siatka, Mur i Suwak; <\/li> <li>Prze\u0142\u0105czany nag\u0142\u00f3wek wid\u017cetu; <\/li> <li>Aktywny przycisk umo\u017cliwiaj\u0105cy pozostawienie kolejnej recenzji przenosi odwiedzaj\u0105cych na Twoj\u0105 stron\u0119 Google; <\/li> <li>6 dostosowywalnych element\u00f3w recenzji: imi\u0119 i zdj\u0119cie autora, tekst rekomendacji, data, ikona Google i liczba gwiazdek; <\/li> <li>Dwa mo\u017cliwe scenariusze po odrzuceniu pro\u015bby o sprawdzenie: zaprezentuj niestandardowy komunikat lub ukryj przycisk. <\/li> <\/ul><p><a href=\"#demo\">Mo\u017cesz sprawdzi\u0107, czy wid\u017cet jest dla Ciebie, korzystaj\u0105c z wersji demonstracyjnej<\/a><\/p> <\/div> <div class=\"application-platform-content-item-installation application-platform-content-item\" id=\"installation\" data-nav-section=\"installation\"> <h2>Jak osadzi\u0107 recenzje Google w moich Witrynach Google?<\/h2> <div class=\"video-container\"><iframe width=\"720\" height=\"405\" src=\"https:\/\/www.youtube.com\/embed\/7kOTiTh_0-8\" frameborder=\"0\" allowfullscreen=\"\"><\/iframe><\/div><p>Wystarczy wykona\u0107 kilka krok\u00f3w przedstawionych poni\u017cej, aby rozpocz\u0105\u0107 korzystanie z wid\u017cetu. <\/p> <ol><li><b>Zarz\u0105dzaj naszym bezp\u0142atnym konfiguratorem i zacznij tworzy\u0107 sw\u00f3j w\u0142asny instrument.<\/b><br> Wybierz niestandardow\u0105 form\u0119 i cechy narz\u0119dzia oraz zapisz zmiany.<\/li> <li><b>Zdob\u0105d\u017a unikalny kod widoczny w pude\u0142ku w aplikacji Elfsight.<\/b><br> Po utworzeniu osobistej wtyczki skopiuj osobisty kod z wy\u015bwietlonego pola i zapisz go do wykorzystania w przysz\u0142o\u015bci .<\/li> <li><b>Dodaj recenzje do Witryn Google.<\/b><br> Wklej zapisany wcze\u015bniej kod na swojej stronie i zapisz zmiany.<\/li> <li><b>Konfiguracja zosta\u0142a zako\u0144czona pomy\u015blnie wykonane.<\/b><br> Odwied\u017a swoj\u0105 witryn\u0119, aby zobaczy\u0107 dzia\u0142anie wtyczki.<\/li><\/ol> <div class=\"tip-yellow tip\"><b>Ze wzgl\u0119du na specyfik\u0119 dzia\u0142ania Witryn Google widget mo\u017ce wygl\u0105daj\u0105 inaczej ni\u017c wersja demonstracyjna online. Przepraszamy za wszelkie niedogodno\u015bci.<\/b><\/div><p>W przypadku pyta\u0144 lub napotkania jakichkolwiek komplikacji nie wahaj si\u0119 zwr\u00f3ci\u0107 do naszego personelu obs\u0142ugi klienta. Nasi konsultanci z przyjemno\u015bci\u0105 pomog\u0105 Ci we wszystkich problemach, jakie mo\u017cesz mie\u0107 z wid\u017cetem.<\/p> <\/div>","protected":false},"excerpt":{"rendered":"","protected":false},"author":9,"featured_media":0,"parent":675,"menu_order":0,"comment_status":"closed","ping_status":"closed","template":"templates\/template-application-platform.php","meta":{"publish_to_discourse":"","publish_post_category":"","wpdc_auto_publish_overridden":"","wpdc_topic_tags":"","wpdc_pin_topic":"","wpdc_pin_until":"","discourse_post_id":"","discourse_permalink":"","wpdc_publishing_response":"","wpdc_publishing_error":"","footnotes":""},"class_list":["post-5424","page","type-page","status-publish","hentry"],"yoast_head":"<!-- This site is optimized with the Yoast SEO plugin v25.3.1 - https:\/\/yoast.com\/wordpress\/plugins\/seo\/ -->\n<title>Recenzje Google \u2013 dodaj wid\u017cet recenzji do Witryn Google (2025)<\/title>\n<meta name=\"description\" content=\"Dodaj responsywny wid\u017cet Recenzji Google do swoich Witryn Google i zdob\u0105d\u017a pe\u0142ne zaufanie. Zastosuj przydatne demo Elfsight, aby stworzy\u0107 swoje unikalne narz\u0119dzie.\" \/>\n<meta name=\"robots\" content=\"index, follow, max-snippet:-1, max-image-preview:large, max-video-preview:-1\" \/>\n<link rel=\"canonical\" href=\"https:\/\/elfsight.com\/pl\/google-reviews-widget\/google-sites\/\" \/>\n<meta property=\"og:locale\" content=\"pl_PL\" \/>\n<meta property=\"og:type\" content=\"article\" \/>\n<meta property=\"og:title\" content=\"Recenzje Google \u2013 dodaj wid\u017cet recenzji do Witryn Google (2025)\" \/>\n<meta property=\"og:description\" content=\"Dodaj responsywny wid\u017cet Recenzji Google do swoich Witryn Google i zdob\u0105d\u017a pe\u0142ne zaufanie. Zastosuj przydatne demo Elfsight, aby stworzy\u0107 swoje unikalne narz\u0119dzie.\" \/>\n<meta property=\"og:url\" content=\"https:\/\/elfsight.com\/pl\/google-reviews-widget\/google-sites\/\" \/>\n<meta property=\"og:site_name\" content=\"Elfsight PL\" \/>\n<meta property=\"article:modified_time\" content=\"2025-06-24T14:03:26+00:00\" \/>\n<meta name=\"twitter:card\" content=\"summary_large_image\" \/>\n<meta name=\"twitter:label1\" content=\"Szacowany czas czytania\" \/>\n\t<meta name=\"twitter:data1\" content=\"4 minuty\" \/>\n<!-- \/ Yoast SEO plugin. -->","yoast_head_json":{"title":"Recenzje Google \u2013 dodaj wid\u017cet recenzji do Witryn Google (2025)","description":"Dodaj responsywny wid\u017cet Recenzji Google do swoich Witryn Google i zdob\u0105d\u017a pe\u0142ne zaufanie. Zastosuj przydatne demo Elfsight, aby stworzy\u0107 swoje unikalne narz\u0119dzie.","robots":{"index":"index","follow":"follow","max-snippet":"max-snippet:-1","max-image-preview":"max-image-preview:large","max-video-preview":"max-video-preview:-1"},"canonical":"https:\/\/elfsight.com\/pl\/google-reviews-widget\/google-sites\/","og_locale":"pl_PL","og_type":"article","og_title":"Recenzje Google \u2013 dodaj wid\u017cet recenzji do Witryn Google (2025)","og_description":"Dodaj responsywny wid\u017cet Recenzji Google do swoich Witryn Google i zdob\u0105d\u017a pe\u0142ne zaufanie. Zastosuj przydatne demo Elfsight, aby stworzy\u0107 swoje unikalne narz\u0119dzie.","og_url":"https:\/\/elfsight.com\/pl\/google-reviews-widget\/google-sites\/","og_site_name":"Elfsight PL","article_modified_time":"2025-06-24T14:03:26+00:00","twitter_card":"summary_large_image","twitter_misc":{"Szacowany czas czytania":"4 minuty"},"schema":{"@context":"https:\/\/schema.org","@graph":[{"@type":"WebPage","@id":"https:\/\/elfsight.com\/pl\/google-reviews-widget\/google-sites\/","url":"https:\/\/elfsight.com\/pl\/google-reviews-widget\/google-sites\/","name":"Recenzje Google \u2013 dodaj wid\u017cet recenzji do Witryn Google (2025)","isPartOf":{"@id":"https:\/\/elfsight.com\/pl\/#website"},"datePublished":"2024-05-03T06:38:59+00:00","dateModified":"2025-06-24T14:03:26+00:00","description":"Dodaj responsywny wid\u017cet Recenzji Google do swoich Witryn Google i zdob\u0105d\u017a pe\u0142ne zaufanie. Zastosuj przydatne demo Elfsight, aby stworzy\u0107 swoje unikalne narz\u0119dzie.","breadcrumb":{"@id":"https:\/\/elfsight.com\/pl\/google-reviews-widget\/google-sites\/#breadcrumb"},"inLanguage":"pl-PL","potentialAction":[{"@type":"ReadAction","target":["https:\/\/elfsight.com\/pl\/google-reviews-widget\/google-sites\/"]}]},{"@type":"BreadcrumbList","@id":"https:\/\/elfsight.com\/pl\/google-reviews-widget\/google-sites\/#breadcrumb","itemListElement":[{"@type":"ListItem","position":1,"name":"Home","item":"https:\/\/elfsight.com\/pl\/"},{"@type":"ListItem","position":2,"name":"Google Reviews","item":"https:\/\/elfsight.com\/pl\/google-reviews-widget\/"},{"@type":"ListItem","position":3,"name":"Google Reviews &#8211; Google Sites"}]},{"@type":"WebSite","@id":"https:\/\/elfsight.com\/pl\/#website","url":"https:\/\/elfsight.com\/pl\/","name":"Elfsight PL","description":"Just another Elfsight Sites site","potentialAction":[{"@type":"SearchAction","target":{"@type":"EntryPoint","urlTemplate":"https:\/\/elfsight.com\/pl\/?s={search_term_string}"},"query-input":{"@type":"PropertyValueSpecification","valueRequired":true,"valueName":"search_term_string"}}],"inLanguage":"pl-PL"}]}},"meta_box":{"industry":"","seo_heading":"","heading":"","description":"","cta_heading":"","cta_description":"","application":"668","h1":"Widget Recenzje Google dla Witryn Google","h1_caption":"Osadzaj recenzje swojego miejsca z Google, aby bezproblemowo i bezproblemowo uzyska\u0107 najlepsze wra\u017cenia klient\u00f3w w swojej witrynie w Witrynach Google.","application_category":[],"applications_title":"","applications_request_title":"","applications_request_button_text":"","hero_text":"","hero_video":"","hero_video_schema_markup":"","selling_points_title":"","selling_points_caption":"","selling_points":[],"selling_points_cta_text":"","features_title":"","features":"","ed_cta_examples_text":"","ed_cta_examples_hidden":"","ed_cta_demo_text":"","ed_cta_demo_hidden":"","why_caption":"","why_editor_title":"","why_editor_text":"","why_team_title":"","why_team_text":"","why_service_title":"","why_service_text":"","template_catalog_visible":"0","template_catalog_title":"","template_catalog_text":"","template_catalog_categories_visible":"","demo_title":"Utw\u00f3rz wid\u017cet Recenzji Google","demo_caption":"Skonfiguruj swoje recenzje Google i dodaj je do swojej witryny Google Sites za darmo!","default_faq_hidden":"","app_template_category":[],"platform":"484","template_public_id":"","codecanyon_url":"","codecanyon_item_id":"","codecanyon_price":"","pricing_caption":"","pricing_elfsight_apps_hide_column":"","pricing_elfsight_apps_url":"","pricing_codecanyon_price_caption":"","integration_category":[],"integration_request_title":"","integration_request_cta":"","integration_platform":"","integrations":[],"platform_category":[],"video_schema_markup":"","price":"od 0 USD \/ miesi\u0105c","trial":"","benefits":[{"text":"Bezp\u0142atna pomoc w monta\u017cu"},{"text":"Profesjonalna obs\u0142uga klienta"},{"text":"14-dniowa gwarancja zwrotu pieni\u0119dzy"}],"button_url":"#demo","button_target_blank":"0","button_nofollow":"0","attributes":[{"name":"Instaluje"},{"name":"Czu\u0142y"},{"name":"Kompatybilne przegl\u0105darki"}],"tags":[],"tags_disable_links":"0","hide_more_platforms":"0","video_object":"","demo_hide_cta":"0","demo_hide_cloud_options":"0","pricing_title":"","pricing":[{"pricing_icon":"platform","pricing_title":"Elfsight Apps","pricing_title_caption":"Wersja wieloplatformowa, kt\u00f3ra pasuje do ka\u017cdej witryny internetowej","pricing_price":"od 0 USD \/ miesi\u0105c","pricing_price_caption":"zacznij od bezp\u0142atnego planu","pricing_benefits":[{"text":"Nielimitowane strony internetowe"},{"text":"Wsparcie premium"},{"text":"Bezp\u0142atne wsparcie przy instalacji"},{"text":"Specjalna cena za wiele aplikacji"}],"pricing_button_text":"Dodaj do witryny","pricing_button_url":"#demo"}],"related_apps_title":"","related_apps_hidden":"0","author":"","image":[],"title":"","job":"","social_networks":[]},"_links":{"self":[{"href":"https:\/\/elfsight.com\/pl\/wp-json\/wp\/v2\/pages\/5424","targetHints":{"allow":["GET"]}}],"collection":[{"href":"https:\/\/elfsight.com\/pl\/wp-json\/wp\/v2\/pages"}],"about":[{"href":"https:\/\/elfsight.com\/pl\/wp-json\/wp\/v2\/types\/page"}],"author":[{"embeddable":true,"href":"https:\/\/elfsight.com\/pl\/wp-json\/wp\/v2\/users\/9"}],"replies":[{"embeddable":true,"href":"https:\/\/elfsight.com\/pl\/wp-json\/wp\/v2\/comments?post=5424"}],"version-history":[{"count":3,"href":"https:\/\/elfsight.com\/pl\/wp-json\/wp\/v2\/pages\/5424\/revisions"}],"predecessor-version":[{"id":10420,"href":"https:\/\/elfsight.com\/pl\/wp-json\/wp\/v2\/pages\/5424\/revisions\/10420"}],"up":[{"embeddable":true,"href":"https:\/\/elfsight.com\/pl\/wp-json\/wp\/v2\/pages\/675"}],"wp:attachment":[{"href":"https:\/\/elfsight.com\/pl\/wp-json\/wp\/v2\/media?parent=5424"}],"curies":[{"name":"wp","href":"https:\/\/api.w.org\/{rel}","templated":true}]}}