{"id":5423,"date":"2024-05-03T06:38:58","date_gmt":"2024-05-03T06:38:58","guid":{"rendered":"https:\/\/elfsight.com\/pl\/?page_id=5423"},"modified":"2024-10-24T11:56:34","modified_gmt":"2024-10-24T11:56:34","slug":"godaddy","status":"publish","type":"page","link":"https:\/\/elfsight.com\/pl\/google-reviews-widget\/godaddy\/","title":{"rendered":"Google Reviews &#8211; GoDaddy"},"content":{"rendered":"<div class=\"application-platform-content-item-description application-platform-content-item\" id=\"description\" data-nav-section=\"description\"> <h2>Osadzaj recenzje Google za pomoc\u0105 wid\u017cetu Elfsight<\/h2> <p>Elfsight Google Reviews to wtyczka do GoDaddy, kt\u00f3ra pomaga ujawnia\u0107 recenzje na temat Twojego produkty Google w witrynie. Za pomoc\u0105 naszej wtyczki mo\u017cesz zastosowa\u0107 filtry, aby uporz\u0105dkowa\u0107 niechciane recenzje, wy\u015bwietli\u0107 swoj\u0105 liczb\u0119 gwiazdek i ocen\u0119 z Google, ujawni\u0107 informacje o autorach recenzji i wy\u015bwietli\u0107 aktywny przycisk wezwania do dzia\u0142ania, kt\u00f3ry zaprosi odwiedzaj\u0105cych do podzielenia si\u0119 kolejn\u0105 recenzj\u0105 o Tobie. Wtyczka Elfsight Google Reviews pomo\u017ce Ci pochwali\u0107 si\u0119 wysokim poziomem wiarygodno\u015bci spo\u0142ecznej w Twojej witrynie i generowa\u0107 now\u0105 sprzeda\u017c.<\/p> <p><b>Tworzyj nowe recenzje za pomoc\u0105 przycisku wezwania do dzia\u0142ania i przekierowuj na Twoj\u0105 stron\u0119 Google<\/b><\/p><div class=\"faq\" data-component=\"FAQ\"> <div class=\"faq-item\">\r\n\t\t\t\t\t<div class=\"faq-item-question\">\r\n\t\t\t\t\t\t<h3 class=\"faq-item-question-text\">Na jakich stronach mog\u0119 doda\u0107 widget?<\/h3>\r\n\r\n\t\t\t\t\t\t<div class=\"faq-item-question-icon\"><\/div>\r\n\t\t\t\t\t<\/div>\r\n\r\n\t\t\t\t\t<div class=\"faq-item-answer\">\r\n\t\t\t\t\t\t<div class=\"faq-item-answer-text\"> <p>Mo\u017cesz dodawa\u0107 recenzje do wszystkich stron produkt\u00f3w lub tylko do poszczeg\u00f3lnych. Istnieje mo\u017cliwo\u015b\u0107 dodania wid\u017cetu do dowolnej strony, na kt\u00f3rej mo\u017cna edytowa\u0107 kod HTML, poniewa\u017c kod instalacyjny to dwuwierszowy fragment kodu, kt\u00f3ry nale\u017cy wstawi\u0107 do backendu.<\/p> <\/div>\r\n\t\t\t\t\t<\/div>\r\n\t\t\t\t<\/div> <div class=\"faq-item\">\r\n\t\t\t\t\t<div class=\"faq-item-question\">\r\n\t\t\t\t\t\t<h3 class=\"faq-item-question-text\"> Jak mog\u0119 skorzysta\u0107 z recenzji Google w witrynie internetowej?<\/h3>\r\n\r\n\t\t\t\t\t\t<div class=\"faq-item-question-icon\"><\/div>\r\n\t\t\t\t\t<\/div>\r\n\r\n\t\t\t\t\t<div class=\"faq-item-answer\">\r\n\t\t\t\t\t\t<div class=\"faq-item-answer-text\"> <p>Dodaj\u0105c recenzje Google do witryny GoDaddy, zyskujesz mn\u00f3stwo korzy\u015bci. Najwa\u017cniejsze z nich to:<\/p><ul><li>Zwi\u0119ksz zaufanie potencjalnych nabywc\u00f3w, co prowadzi do wzrostu liczby konwersji.<\/li><li>Znacznik schematu lub gwiazdki we fragmencie, kt\u00f3re wyr\u00f3\u017cni\u0105 Twoj\u0105 witryn\u0119 w\u015br\u00f3d konkurent\u00f3w w SERP.<\/li><li>Google ufa opiniom pozostawionym na swojej platformie. Im wy\u017csza jest Twoja ocena w Google, tym wy\u017cej Twoja witryna pojawia si\u0119 w SERP.<\/li><\/ul><\/div>\r\n\t\t\t\t\t<\/div>\r\n\t\t\t\t<\/div> <div class=\"faq-item\">\r\n\t\t\t\t\t<div class=\"faq-item-question\">\r\n\t\t\t\t\t\t<h3 class=\"faq-item-question-text\">Czy mog\u0119 przetestowa\u0107 wid\u017cet iFrame Recenzje Google?<\/h3>\r\n\r\n\t\t\t\t\t\t<div class=\"faq-item-question-icon\"><\/div>\r\n\t\t\t\t\t<\/div>\r\n\r\n\t\t\t\t\t<div class=\"faq-item-answer\">\r\n\t\t\t\t\t\t<div class=\"faq-item-answer-text\"> <p>Tak, oczywi\u015bcie . Mo\u017cesz to zrobi\u0107 bez rejestracji i za darmo w naszym internetowym <a href=\"#demo\">demo.<\/a> Mo\u017cesz nawet bezp\u0142atnie zainstalowa\u0107 widget na swojej stronie internetowej, aby zobaczy\u0107, jak to dzia\u0142a.<\/p> [\/ faq_item] [faq_item question_tag=\"h3\" question=\"Jak doda\u0107 Recenzje Google do mojej witryny GoDaddy bez umiej\u0119tno\u015bci kodowania?\"] <p>Elfsight zapewnia rozwi\u0105zanie SaaS, kt\u00f3re pozwala samodzielnie utworzy\u0107 wid\u017cet Recenzji Google. Przekonaj si\u0119, jak \u0142atwy jest ten proces: Pracuj bezpo\u015brednio w Edytor online, aby utworzy\u0107 wid\u017cet Recenzji Google, kt\u00f3ry chcesz widzie\u0107 w swojej witrynie GoDaddy. Wybierz jeden z gotowych szablon\u00f3w i dostosuj ustawienia Recenzji Google, dodaj swoj\u0105 tre\u015b\u0107, zmie\u0144 uk\u0142ad i kolory bez umiej\u0119tno\u015bci kodowania. Zapisz Recenzje Google i skopiuj jej kod instalacyjny, kt\u00f3ry mo\u017cesz bez problemu wklei\u0107 na swojej stronie GoDaddy, bez konieczno\u015bci kupowania p\u0142atnej subskrypcji. Dzi\u0119ki naszemu intuicyjnemu edytorowi ka\u017cdy u\u017cytkownik Internetu mo\u017ce stworzy\u0107 wid\u017cet Recenzji Google online i \u0142atwo osadzi\u0107 go na swojej stronie internetowej GoDaddy. Aby uzyska\u0107 dost\u0119p do us\u0142ugi, nie trzeba p\u0142aci\u0107 ani wprowadza\u0107 danych uwierzytelniaj\u0105cych karty. Je\u015bli na kt\u00f3rymkolwiek etapie napotkasz jakiekolwiek problemy, skontaktuj si\u0119 z naszym zespo\u0142em pomocy technicznej.<\/p> <\/div>\r\n\t\t\t\t\t<\/div>\r\n\t\t\t\t<\/div> <\/div> <\/div> <div class=\"application-platform-content-item-features application-platform-content-item\" id=\"features\" data-nav-section=\"features\"> <h2>G\u0142\u00f3wne funkcje Google Wid\u017cet recenzji<\/h2><p>Poni\u017cej znajdziesz jego najwa\u017cniejsze zalety techniczne:<\/p> <ul> <li>Trzy gotowe do u\u017cycia filtry: wed\u0142ug typu, wykluczenia wed\u0142ug i ilo\u015bci recenzji dla wy\u015bwietlanie<\/li> <li>Cztery predefiniowane uk\u0142ady: Lista, Siatka, Mur i Suwak<\/li> <li>Opcja kontrolowania wy\u015bwietlania nag\u0142\u00f3wka wtyczki w witrynie GoDaddy<\/li> <li>Recenzja przycisk \u017c\u0105dania przenosi klient\u00f3w na Twoj\u0105 stron\u0119 Google<\/li> <li>6 dostosowywalnych element\u00f3w recenzji: imi\u0119 i nazwisko autora i zdj\u0119cie, tekst rekomendacji, data opublikowania, ikona Google i liczba gwiazdek<\/li><li> Dodanie Recenzji Google do witryny GoDaddy zajmuje kilka klikni\u0119\u0107 i kilka minut<\/li><li>Dwie opcje scenariuszy po odrzuceniu pro\u015bby o sprawdzenie: wy\u015bwietl komunikat lub usu\u0144 przycisk<\/li> <\/ul><p><a href=\"#demo\">Sprawd\u017a wszystkie opcje dostosowywania we w pe\u0142ni funkcjonalnej wersji demonstracyjnej<\/a><\/p> <\/div> <div class=\"application-platform-content-item-installation application-platform-content-item\" id=\"installation\" data-nav-section=\"installation\"> <h2>Jak doda\u0107 recenzje Google do mojego GoDaddy stron\u0119 internetow\u0105?<\/h2> <p>Wystarczy post\u0119powa\u0107 zgodnie z poni\u017cszymi instrukcjami, aby zintegrowa\u0107 wtyczk\u0119.<\/p> <ol><li><b>Zarz\u0105dzaj naszym bezp\u0142atnym konfiguratorem i zacznij tworzy\u0107 w\u0142asn\u0105 wtyczk\u0119. <\/b><br> Okre\u015bl spersonalizowany interfejs i funkcje wtyczki Recenzje Google dla GoDaddy i zastosuj zmiany. <\/li> <li><b>Skopiuj kod osobisty pojawiaj\u0105cy si\u0119 w oknie aplikacji Elfsight. <\/b><br> Zaraz po utworzeniu wtyczki osobistej skopiuj kod osobisty z wy\u015bwietlonego okna i zapisz go do wykorzystania w przysz\u0142o\u015bci w witrynie GoDaddy. <\/li> <li><b>Rozpocznij korzystanie z wtyczki w witrynie GoDaddy. <\/b><br> Zintegruj ostatnio zapisany kod z backendem swojej witryny i zapisz zmiany. <\/li> <li><b>Instalacja zako\u0144czona. <\/b><br> Przejd\u017a do swojej witryny GoDaddy, aby sprawdzi\u0107, jak dzia\u0142a tam wtyczka.<\/li><\/ol> <p>W przypadku napotkania jakichkolwiek trudno\u015bci nie b\u00f3j si\u0119 skontaktowa\u0107 z naszym zespo\u0142em obs\u0142ugi klienta w celu uzyskania pomocy . Nasi konsultanci z przyjemno\u015bci\u0105 rozwi\u0105\u017c\u0105 wszystkie problemy, jakie mo\u017cesz mie\u0107 podczas dodawania Recenzji Google do GoDaddy. <\/p> <\/div>","protected":false},"excerpt":{"rendered":"","protected":false},"author":9,"featured_media":0,"parent":675,"menu_order":0,"comment_status":"closed","ping_status":"closed","template":"templates\/template-application-platform.php","meta":{"publish_to_discourse":"","publish_post_category":"","wpdc_auto_publish_overridden":"","wpdc_topic_tags":"","wpdc_pin_topic":"","wpdc_pin_until":"","discourse_post_id":"","discourse_permalink":"","wpdc_publishing_response":"","wpdc_publishing_error":"","footnotes":""},"class_list":["post-5423","page","type-page","status-publish","hentry"],"yoast_head":"<!-- This site is optimized with the Yoast SEO plugin v25.3.1 - https:\/\/yoast.com\/wordpress\/plugins\/seo\/ -->\n<title>Osadzaj recenzje Google na GoDaddy \u2014 dodawaj recenzje do witryny w 2 minuty!<\/title>\n<meta name=\"description\" content=\"Wyra\u017a swoj\u0105 wysok\u0105 ocen\u0119 dzi\u0119ki wtyczce Recenzje Google dla Twojej witryny GoDaddy! U\u0142atw sobie wystawianie pozytywnych opinii.\" \/>\n<meta name=\"robots\" content=\"index, follow, max-snippet:-1, max-image-preview:large, max-video-preview:-1\" \/>\n<link rel=\"canonical\" href=\"https:\/\/elfsight.com\/pl\/google-reviews-widget\/godaddy\/\" \/>\n<meta property=\"og:locale\" content=\"pl_PL\" \/>\n<meta property=\"og:type\" content=\"article\" \/>\n<meta property=\"og:title\" content=\"Osadzaj recenzje Google na GoDaddy \u2014 dodawaj recenzje do witryny w 2 minuty!\" \/>\n<meta property=\"og:description\" content=\"Wyra\u017a swoj\u0105 wysok\u0105 ocen\u0119 dzi\u0119ki wtyczce Recenzje Google dla Twojej witryny GoDaddy! U\u0142atw sobie wystawianie pozytywnych opinii.\" \/>\n<meta property=\"og:url\" content=\"https:\/\/elfsight.com\/pl\/google-reviews-widget\/godaddy\/\" \/>\n<meta property=\"og:site_name\" content=\"Elfsight PL\" \/>\n<meta property=\"article:modified_time\" content=\"2024-10-24T11:56:34+00:00\" \/>\n<meta name=\"twitter:card\" content=\"summary_large_image\" \/>\n<meta name=\"twitter:label1\" content=\"Szacowany czas czytania\" \/>\n\t<meta name=\"twitter:data1\" content=\"4 minuty\" \/>\n<!-- \/ Yoast SEO plugin. -->","yoast_head_json":{"title":"Osadzaj recenzje Google na GoDaddy \u2014 dodawaj recenzje do witryny w 2 minuty!","description":"Wyra\u017a swoj\u0105 wysok\u0105 ocen\u0119 dzi\u0119ki wtyczce Recenzje Google dla Twojej witryny GoDaddy! U\u0142atw sobie wystawianie pozytywnych opinii.","robots":{"index":"index","follow":"follow","max-snippet":"max-snippet:-1","max-image-preview":"max-image-preview:large","max-video-preview":"max-video-preview:-1"},"canonical":"https:\/\/elfsight.com\/pl\/google-reviews-widget\/godaddy\/","og_locale":"pl_PL","og_type":"article","og_title":"Osadzaj recenzje Google na GoDaddy \u2014 dodawaj recenzje do witryny w 2 minuty!","og_description":"Wyra\u017a swoj\u0105 wysok\u0105 ocen\u0119 dzi\u0119ki wtyczce Recenzje Google dla Twojej witryny GoDaddy! U\u0142atw sobie wystawianie pozytywnych opinii.","og_url":"https:\/\/elfsight.com\/pl\/google-reviews-widget\/godaddy\/","og_site_name":"Elfsight PL","article_modified_time":"2024-10-24T11:56:34+00:00","twitter_card":"summary_large_image","twitter_misc":{"Szacowany czas czytania":"4 minuty"},"schema":{"@context":"https:\/\/schema.org","@graph":[{"@type":"WebPage","@id":"https:\/\/elfsight.com\/pl\/google-reviews-widget\/godaddy\/","url":"https:\/\/elfsight.com\/pl\/google-reviews-widget\/godaddy\/","name":"Osadzaj recenzje Google na GoDaddy \u2014 dodawaj recenzje do witryny w 2 minuty!","isPartOf":{"@id":"https:\/\/elfsight.com\/pl\/#website"},"datePublished":"2024-05-03T06:38:58+00:00","dateModified":"2024-10-24T11:56:34+00:00","description":"Wyra\u017a swoj\u0105 wysok\u0105 ocen\u0119 dzi\u0119ki wtyczce Recenzje Google dla Twojej witryny GoDaddy! U\u0142atw sobie wystawianie pozytywnych opinii.","breadcrumb":{"@id":"https:\/\/elfsight.com\/pl\/google-reviews-widget\/godaddy\/#breadcrumb"},"inLanguage":"pl-PL","potentialAction":[{"@type":"ReadAction","target":["https:\/\/elfsight.com\/pl\/google-reviews-widget\/godaddy\/"]}]},{"@type":"BreadcrumbList","@id":"https:\/\/elfsight.com\/pl\/google-reviews-widget\/godaddy\/#breadcrumb","itemListElement":[{"@type":"ListItem","position":1,"name":"Home","item":"https:\/\/elfsight.com\/pl\/"},{"@type":"ListItem","position":2,"name":"Google Reviews","item":"https:\/\/elfsight.com\/pl\/google-reviews-widget\/"},{"@type":"ListItem","position":3,"name":"Google Reviews &#8211; GoDaddy"}]},{"@type":"WebSite","@id":"https:\/\/elfsight.com\/pl\/#website","url":"https:\/\/elfsight.com\/pl\/","name":"Elfsight PL","description":"Just another Elfsight Sites site","potentialAction":[{"@type":"SearchAction","target":{"@type":"EntryPoint","urlTemplate":"https:\/\/elfsight.com\/pl\/?s={search_term_string}"},"query-input":{"@type":"PropertyValueSpecification","valueRequired":true,"valueName":"search_term_string"}}],"inLanguage":"pl-PL"}]}},"meta_box":{"industry":"","seo_heading":"","heading":"","description":"","cta_heading":"","cta_description":"","application":"668","h1":"Wtyczka GoDaddy Google Recenzje","h1_caption":"Osadzaj recenzje swojego miejsca z Google, aby bezproblemowo uzyska\u0107 najlepsze wra\u017cenia klient\u00f3w w swojej witrynie w witrynie GoDaddy.","application_category":[],"applications_title":"","applications_request_title":"","applications_request_button_text":"","hero_text":"","hero_video":"","hero_video_schema_markup":"","selling_points_title":"","selling_points_caption":"","selling_points":[],"selling_points_cta_text":"","features_title":"","features":"","ed_cta_examples_text":"","ed_cta_examples_hidden":"","ed_cta_demo_text":"","ed_cta_demo_hidden":"","why_caption":"","why_editor_title":"","why_editor_text":"","why_team_title":"","why_team_text":"","why_service_title":"","why_service_text":"","template_catalog_visible":"","template_catalog_title":"","template_catalog_text":"","template_catalog_categories_visible":"","demo_title":"Mo\u017cesz tworzy\u0107 w\u0142asne recenzje GoDaddy Google","demo_caption":"Dostosuj go i zaimplementuj wtyczk\u0119 na swojej stronie internetowej za pomoc\u0105 wersji demonstracyjnej.","default_faq_hidden":"","app_template_category":[],"platform":"180","template_public_id":"","codecanyon_url":"","codecanyon_item_id":"","codecanyon_price":"","pricing_caption":"","pricing_elfsight_apps_hide_column":"","pricing_elfsight_apps_url":"","pricing_codecanyon_price_caption":"","integration_category":[],"integration_request_title":"","integration_request_cta":"","integration_platform":"","integrations":[],"platform_category":[],"video_schema_markup":"","price":"od 0 USD \/ miesi\u0105c","trial":"","benefits":[{"text":"Bezp\u0142atna pomoc w monta\u017cu"},{"text":"Do\u015bwiadczona obs\u0142uga klienta"},{"text":"14-dniowa gwarancja zwrotu pieni\u0119dzy"}],"button_url":"#demo","button_target_blank":"","button_nofollow":"","attributes":[{"name":"Instaluje"},{"name":"Czu\u0142y"},{"name":"Kompatybilne przegl\u0105darki"}],"tags":[],"tags_disable_links":"","hide_more_platforms":"","video_object":"","demo_hide_cta":"","demo_hide_cloud_options":"","pricing_title":"","pricing":[{"pricing_icon":"platform","pricing_title":"Elfsight Apps","pricing_title_caption":"Oprogramowanie wieloplatformowe, kt\u00f3re dzia\u0142a na dowolnej witrynie","pricing_price":"od 0 USD \/ miesi\u0105c","pricing_price_caption":"zacznij od bezp\u0142atnego planu","pricing_benefits":[{"text":"Nielimitowane strony internetowe"},{"text":"Wsparcie premium i dobrze udokumentowane"},{"text":"Bezp\u0142atna pomoc w monta\u017cu"},{"text":"100% konfigurowalny"}],"pricing_button_text":"Dodaj do witryny","pricing_button_url":"#demo"}],"related_apps_title":"","related_apps_hidden":"","author":"","image":[],"title":"","job":"","social_networks":[]},"_links":{"self":[{"href":"https:\/\/elfsight.com\/pl\/wp-json\/wp\/v2\/pages\/5423","targetHints":{"allow":["GET"]}}],"collection":[{"href":"https:\/\/elfsight.com\/pl\/wp-json\/wp\/v2\/pages"}],"about":[{"href":"https:\/\/elfsight.com\/pl\/wp-json\/wp\/v2\/types\/page"}],"author":[{"embeddable":true,"href":"https:\/\/elfsight.com\/pl\/wp-json\/wp\/v2\/users\/9"}],"replies":[{"embeddable":true,"href":"https:\/\/elfsight.com\/pl\/wp-json\/wp\/v2\/comments?post=5423"}],"version-history":[{"count":1,"href":"https:\/\/elfsight.com\/pl\/wp-json\/wp\/v2\/pages\/5423\/revisions"}],"predecessor-version":[{"id":5427,"href":"https:\/\/elfsight.com\/pl\/wp-json\/wp\/v2\/pages\/5423\/revisions\/5427"}],"up":[{"embeddable":true,"href":"https:\/\/elfsight.com\/pl\/wp-json\/wp\/v2\/pages\/675"}],"wp:attachment":[{"href":"https:\/\/elfsight.com\/pl\/wp-json\/wp\/v2\/media?parent=5423"}],"curies":[{"name":"wp","href":"https:\/\/api.w.org\/{rel}","templated":true}]}}