{"id":5421,"date":"2024-05-03T06:38:56","date_gmt":"2024-05-03T06:38:56","guid":{"rendered":"https:\/\/elfsight.com\/pl\/?page_id=5421"},"modified":"2024-10-24T11:56:25","modified_gmt":"2024-10-24T11:56:25","slug":"jimdo","status":"publish","type":"page","link":"https:\/\/elfsight.com\/pl\/google-reviews-widget\/jimdo\/","title":{"rendered":"Google Reviews &#8211; Jimdo"},"content":{"rendered":"<div class=\"application-platform-content-item-description application-platform-content-item\" id=\"description\" data-nav-section=\"description\"> <h2>Opis<\/h2> <p>Elfsight Recenzje Google to przydatny widget oferuj\u0105cy mo\u017cliwo\u015b\u0107 wy\u015bwietlania recenzji Twoich akcji bezpo\u015brednio na Twoim ze wszystkich wiod\u0105cych witryn z recenzjami. Za pomoc\u0105 naszego wid\u017cetu mo\u017cesz u\u017cywa\u0107 filtr\u00f3w do ukrywania niechcianych recenzji, zwi\u0119ksza\u0107 liczb\u0119 gwiazdek i liczb\u0119 ocen na swojej stronie na dowolnej stronie z recenzjami biznesowymi, dodawa\u0107 informacje o autorach recenzji i dodawa\u0107 wezwanie do- przycisk akcji, kt\u00f3ry sprowokuje odwiedzaj\u0105cych do napisania swoich przemy\u015ble\u0144. Widget Recenzje Google Elfsight zach\u0119ci Ci\u0119 do wy\u015bwietlenia Twojego wspania\u0142ego dowodu spo\u0142eczno\u015bciowego na stronie internetowej i rozpocz\u0119cia wi\u0119kszej sprzeda\u017cy. <\/p> <p><b>Zwi\u0119ksz skuteczno\u015b\u0107 swojej witryny w osi\u0105ganiu cel\u00f3w biznesowych przy pomocy Google<\/b><\/p> <\/div> <div class=\"application-platform-content-item-features application-platform-content-item\" id=\"features\" data-nav-section=\"features\"> <h2>Oto lista najwa\u017cniejsze funkcje: <\/h2> <ul><li>Osadzaj recenzje klient\u00f3w z konta Google<\/li><li>3 rodzaje filtr\u00f3w: wykluczaj wed\u0142ug, rodzaju i ilo\u015bci recenzji<\/li><li>Cztery rodzaje uk\u0142ad\u00f3w: Suwak, Lista, Siatka i Mur<\/li><li>przeci\u0105ga nawigacj\u0119 i strza\u0142ki w uk\u0142adzie Slidera<\/li><li>Ustaw pr\u0119dko\u015b\u0107 automatycznego odtwarzania i pr\u0119dko\u015b\u0107 przesuwania<\/li><li>Wybierz typ paginacji w Uk\u0142ad suwaka<\/li><li>Przycisk wezwania do dzia\u0142ania umo\u017cliwiaj\u0105cy uzyskanie recenzji nowych u\u017cytkownik\u00f3w na stronie Google<\/li><li>3 szablony recenzji: Ba\u0144ka, Spotlight, Klasyczny<\/li><li>Sze\u015b\u0107 elastycznych element\u00f3w recenzje: data i ikona Google, liczba gwiazdek, zdj\u0119cie, nazwisko autora i rekomendacja<\/li><li>Opcja zmiany rozmiaru czcionki tekstu recenzji<\/li><\/ul><p><a href=\"# demo\">Mo\u017cesz przetestowa\u0107 pe\u0142ne mo\u017cliwo\u015bci wid\u017cetu w wersji demonstracyjnej tutaj<\/a><\/p> <\/div> <div class=\"application-platform-content-item-installation application-platform-content-item\" id=\"installation\" data-nav-section=\"installation\"> <h2>Jak doda\u0107 Recenzje Google do mojej witryny Jimdo? <\/h2> <p>Wystarczy post\u0119powa\u0107 zgodnie z poni\u017cszymi wskaz\u00f3wkami, aby wstawi\u0107 narz\u0119dzie. <\/p> <ol><li><b>Zarz\u0105dzaj nasz\u0105 bezp\u0142atn\u0105 wersj\u0105 demonstracyjn\u0105 i zacznij budowa\u0107 sw\u00f3j w\u0142asny instrument. <\/b><br> Okre\u015bl preferowany uk\u0142ad i opcje wid\u017cetu i zastosuj modyfikacje. <\/li> <li><b>Skopiuj sw\u00f3j unikalny kod widoczny w oknie aplikacji Elfsight. <\/b><br> Po zako\u0144czeniu konfiguracji wid\u017cetu skopiuj kod osobisty z pola i zapisz go do p\u00f3\u017aniejszego wykorzystania. <\/li> <li><b>Zainicjuj u\u017cycie narz\u0119dzia na swojej stronie internetowej Jimdo. <\/b><br> Umie\u015b\u0107 ostatnio zapisany kod na swojej stronie i zastosuj modyfikacje. <\/li> <li><b>Konfiguracja zosta\u0142a w pe\u0142ni przeprowadzona. <\/b><br> Przejd\u017a na swoj\u0105 stron\u0119 i sprawd\u017a dzia\u0142anie widgetu. <\/li><\/ol> <p>W przypadku napotkania trudno\u015bci nie wahaj si\u0119 skontaktowa\u0107 z naszym dzia\u0142em obs\u0142ugi klienta. Nasi specjali\u015bci z przyjemno\u015bci\u0105 pomog\u0105 Ci we wszystkich problemach, jakie mo\u017cesz mie\u0107 z widgetem. <\/p> <div class=\"faq\" data-component=\"FAQ\"> <div class=\"faq-item\">\r\n\t\t\t\t\t<div class=\"faq-item-question\">\r\n\t\t\t\t\t\t<h3 class=\"faq-item-question-text\">Jak doda\u0107 Recenzje Google do mojej witryny Jimdo bez umiej\u0119tno\u015bci kodowania?<\/h3>\r\n\r\n\t\t\t\t\t\t<div class=\"faq-item-question-icon\"><\/div>\r\n\t\t\t\t\t<\/div>\r\n\r\n\t\t\t\t\t<div class=\"faq-item-answer\">\r\n\t\t\t\t\t\t<div class=\"faq-item-answer-text\"> <p>Elfsight zapewnia rozwi\u0105zanie SaaS, kt\u00f3re pozwala samodzielnie utworzy\u0107 wid\u017cet Recenzji Google. Zobacz, jak \u0142atwy jest ten proces to: Pracuj bezpo\u015brednio w edytorze online, aby utworzy\u0107 wid\u017cet Recenzji Google, kt\u00f3ry chcesz zobaczy\u0107 na swojej stronie Jimdo. Wybierz jeden z gotowych szablon\u00f3w i dostosuj ustawienia Recenzji Google, dodaj swoj\u0105 tre\u015b\u0107, zmie\u0144 uk\u0142ad i kolorystyk\u0119 bez umiej\u0119tno\u015bci kodowania. Zapisz Recenzje Google i skopiuj jego kod instalacyjny, kt\u00f3ry mo\u017cesz \u0142atwo osadzi\u0107 na swojej stronie Jimdo bez konieczno\u015bci kupowania wersji p\u0142atnej. Dzi\u0119ki naszemu intuicyjnemu edytorowi ka\u017cdy u\u017cytkownik Internetu mo\u017ce stworzy\u0107 wid\u017cet Recenzji Google online i \u0142atwo umie\u015bci\u0107 go na swojej stronie internetowej Jimdo. Aby uzyska\u0107 dost\u0119p do us\u0142ugi, nie trzeba p\u0142aci\u0107 ani wprowadza\u0107 danych uwierzytelniaj\u0105cych karty. Je\u015bli na kt\u00f3rymkolwiek etapie napotkasz jakiekolwiek problemy, skontaktuj si\u0119 z naszym zespo\u0142em pomocy technicznej.<\/p> <\/div>\r\n\t\t\t\t\t<\/div>\r\n\t\t\t\t<\/div> <\/div> <\/div>","protected":false},"excerpt":{"rendered":"","protected":false},"author":9,"featured_media":0,"parent":675,"menu_order":0,"comment_status":"closed","ping_status":"closed","template":"templates\/template-application-platform.php","meta":{"publish_to_discourse":"","publish_post_category":"","wpdc_auto_publish_overridden":"","wpdc_topic_tags":"","wpdc_pin_topic":"","wpdc_pin_until":"","discourse_post_id":"","discourse_permalink":"","wpdc_publishing_response":"","wpdc_publishing_error":"","footnotes":""},"class_list":["post-5421","page","type-page","status-publish","hentry"],"yoast_head":"<!-- This site is optimized with the Yoast SEO plugin v25.3.1 - https:\/\/yoast.com\/wordpress\/plugins\/seo\/ -->\n<title>Umie\u015b\u0107 wid\u017cet Recenzje Google na swojej stronie internetowej Jimdo (2025)<\/title>\n<meta name=\"description\" content=\"Utworzenie wid\u017cetu Recenzji Google i dodanie go na stronie Jimdo nie jest trudne. Obs\u0142uga klienta Elfsight jest bezp\u0142atna i szybka.\" \/>\n<meta name=\"robots\" content=\"index, follow, max-snippet:-1, max-image-preview:large, max-video-preview:-1\" \/>\n<link rel=\"canonical\" href=\"https:\/\/elfsight.com\/pl\/google-reviews-widget\/jimdo\/\" \/>\n<meta property=\"og:locale\" content=\"pl_PL\" \/>\n<meta property=\"og:type\" content=\"article\" \/>\n<meta property=\"og:title\" content=\"Umie\u015b\u0107 wid\u017cet Recenzje Google na swojej stronie internetowej Jimdo (2025)\" \/>\n<meta property=\"og:description\" content=\"Utworzenie wid\u017cetu Recenzji Google i dodanie go na stronie Jimdo nie jest trudne. Obs\u0142uga klienta Elfsight jest bezp\u0142atna i szybka.\" \/>\n<meta property=\"og:url\" content=\"https:\/\/elfsight.com\/pl\/google-reviews-widget\/jimdo\/\" \/>\n<meta property=\"og:site_name\" content=\"Elfsight PL\" \/>\n<meta property=\"article:modified_time\" content=\"2024-10-24T11:56:25+00:00\" \/>\n<meta name=\"twitter:card\" content=\"summary_large_image\" \/>\n<meta name=\"twitter:label1\" content=\"Szacowany czas czytania\" \/>\n\t<meta name=\"twitter:data1\" content=\"3 minuty\" \/>\n<!-- \/ Yoast SEO plugin. -->","yoast_head_json":{"title":"Umie\u015b\u0107 wid\u017cet Recenzje Google na swojej stronie internetowej Jimdo (2025)","description":"Utworzenie wid\u017cetu Recenzji Google i dodanie go na stronie Jimdo nie jest trudne. Obs\u0142uga klienta Elfsight jest bezp\u0142atna i szybka.","robots":{"index":"index","follow":"follow","max-snippet":"max-snippet:-1","max-image-preview":"max-image-preview:large","max-video-preview":"max-video-preview:-1"},"canonical":"https:\/\/elfsight.com\/pl\/google-reviews-widget\/jimdo\/","og_locale":"pl_PL","og_type":"article","og_title":"Umie\u015b\u0107 wid\u017cet Recenzje Google na swojej stronie internetowej Jimdo (2025)","og_description":"Utworzenie wid\u017cetu Recenzji Google i dodanie go na stronie Jimdo nie jest trudne. Obs\u0142uga klienta Elfsight jest bezp\u0142atna i szybka.","og_url":"https:\/\/elfsight.com\/pl\/google-reviews-widget\/jimdo\/","og_site_name":"Elfsight PL","article_modified_time":"2024-10-24T11:56:25+00:00","twitter_card":"summary_large_image","twitter_misc":{"Szacowany czas czytania":"3 minuty"},"schema":{"@context":"https:\/\/schema.org","@graph":[{"@type":"WebPage","@id":"https:\/\/elfsight.com\/pl\/google-reviews-widget\/jimdo\/","url":"https:\/\/elfsight.com\/pl\/google-reviews-widget\/jimdo\/","name":"Umie\u015b\u0107 wid\u017cet Recenzje Google na swojej stronie internetowej Jimdo (2025)","isPartOf":{"@id":"https:\/\/elfsight.com\/pl\/#website"},"datePublished":"2024-05-03T06:38:56+00:00","dateModified":"2024-10-24T11:56:25+00:00","description":"Utworzenie wid\u017cetu Recenzji Google i dodanie go na stronie Jimdo nie jest trudne. Obs\u0142uga klienta Elfsight jest bezp\u0142atna i szybka.","breadcrumb":{"@id":"https:\/\/elfsight.com\/pl\/google-reviews-widget\/jimdo\/#breadcrumb"},"inLanguage":"pl-PL","potentialAction":[{"@type":"ReadAction","target":["https:\/\/elfsight.com\/pl\/google-reviews-widget\/jimdo\/"]}]},{"@type":"BreadcrumbList","@id":"https:\/\/elfsight.com\/pl\/google-reviews-widget\/jimdo\/#breadcrumb","itemListElement":[{"@type":"ListItem","position":1,"name":"Home","item":"https:\/\/elfsight.com\/pl\/"},{"@type":"ListItem","position":2,"name":"Google Reviews","item":"https:\/\/elfsight.com\/pl\/google-reviews-widget\/"},{"@type":"ListItem","position":3,"name":"Google Reviews &#8211; Jimdo"}]},{"@type":"WebSite","@id":"https:\/\/elfsight.com\/pl\/#website","url":"https:\/\/elfsight.com\/pl\/","name":"Elfsight PL","description":"Just another Elfsight Sites site","potentialAction":[{"@type":"SearchAction","target":{"@type":"EntryPoint","urlTemplate":"https:\/\/elfsight.com\/pl\/?s={search_term_string}"},"query-input":{"@type":"PropertyValueSpecification","valueRequired":true,"valueName":"search_term_string"}}],"inLanguage":"pl-PL"}]}},"meta_box":{"industry":"","seo_heading":"","heading":"","description":"","cta_heading":"","cta_description":"","application":"668","h1":"Wid\u017cet Recenzje Google Jimdo","h1_caption":"Osadzaj recenzje swojego miejsca z Google, aby bezproblemowo i bez wysi\u0142ku uzyska\u0107 najlepsze wra\u017cenia klient\u00f3w w swojej witrynie internetowej w witrynie Jimdo.","application_category":[],"applications_title":"","applications_request_title":"","applications_request_button_text":"","hero_text":"","hero_video":"","hero_video_schema_markup":"","selling_points_title":"","selling_points_caption":"","selling_points":[],"selling_points_cta_text":"","features_title":"","features":"","ed_cta_examples_text":"","ed_cta_examples_hidden":"","ed_cta_demo_text":"","ed_cta_demo_hidden":"","why_caption":"","why_editor_title":"","why_editor_text":"","why_team_title":"","why_team_text":"","why_service_title":"","why_service_text":"","template_catalog_visible":"","template_catalog_title":"","template_catalog_text":"","template_catalog_categories_visible":"","demo_title":"\u015amia\u0142o, tw\u00f3rz szyte na miar\u0119 recenzje Jimdo Google!","demo_caption":"Dostosuj wid\u017cet i umie\u015b\u0107 narz\u0119dzie na swojej stronie internetowej, korzystaj\u0105c z wersji demonstracyjnej na \u017cywo.","default_faq_hidden":"","app_template_category":[],"platform":"193","template_public_id":"","codecanyon_url":"","codecanyon_item_id":"","codecanyon_price":"","pricing_caption":"","pricing_elfsight_apps_hide_column":"","pricing_elfsight_apps_url":"","pricing_codecanyon_price_caption":"","integration_category":[],"integration_request_title":"","integration_request_cta":"","integration_platform":"","integrations":[],"platform_category":[],"video_schema_markup":"","price":"od 0 USD \/ miesi\u0105c","trial":"","benefits":[{"text":"Bezp\u0142atna us\u0142uga monta\u017cu"},{"text":"Wyj\u0105tkowe wsparcie"},{"text":"14-dniowa gwarancja zwrotu pieni\u0119dzy"}],"button_url":"#demo","button_target_blank":"","button_nofollow":"","attributes":[{"name":"Instaluje"},{"name":"Czu\u0142y"},{"name":"Kompatybilne przegl\u0105darki"}],"tags":[],"tags_disable_links":"","hide_more_platforms":"","video_object":"","demo_hide_cta":"","demo_hide_cloud_options":"","pricing_title":"","pricing":[{"pricing_icon":"platform","pricing_title":"Elfsight Apps","pricing_title_caption":"Oprogramowanie wieloplatformowe","pricing_price":"od 0 USD \/ miesi\u0105c","pricing_price_caption":"zacznij od bezp\u0142atnego planu","pricing_benefits":[{"text":"Nielimitowane strony internetowe"},{"text":"Bezp\u0142atne i terminowe wsparcie"},{"text":"Bezp\u0142atna us\u0142uga monta\u017cu"},{"text":"W pe\u0142ni konfigurowalny"}],"pricing_button_text":"Dodaj do witryny","pricing_button_url":"#demo"}],"related_apps_title":"","related_apps_hidden":"","author":"","image":[],"title":"","job":"","social_networks":[]},"_links":{"self":[{"href":"https:\/\/elfsight.com\/pl\/wp-json\/wp\/v2\/pages\/5421","targetHints":{"allow":["GET"]}}],"collection":[{"href":"https:\/\/elfsight.com\/pl\/wp-json\/wp\/v2\/pages"}],"about":[{"href":"https:\/\/elfsight.com\/pl\/wp-json\/wp\/v2\/types\/page"}],"author":[{"embeddable":true,"href":"https:\/\/elfsight.com\/pl\/wp-json\/wp\/v2\/users\/9"}],"replies":[{"embeddable":true,"href":"https:\/\/elfsight.com\/pl\/wp-json\/wp\/v2\/comments?post=5421"}],"version-history":[{"count":1,"href":"https:\/\/elfsight.com\/pl\/wp-json\/wp\/v2\/pages\/5421\/revisions"}],"predecessor-version":[{"id":5425,"href":"https:\/\/elfsight.com\/pl\/wp-json\/wp\/v2\/pages\/5421\/revisions\/5425"}],"up":[{"embeddable":true,"href":"https:\/\/elfsight.com\/pl\/wp-json\/wp\/v2\/pages\/675"}],"wp:attachment":[{"href":"https:\/\/elfsight.com\/pl\/wp-json\/wp\/v2\/media?parent=5421"}],"curies":[{"name":"wp","href":"https:\/\/api.w.org\/{rel}","templated":true}]}}