{"id":5416,"date":"2024-05-03T06:38:55","date_gmt":"2024-05-03T06:38:55","guid":{"rendered":"https:\/\/elfsight.com\/pl\/?page_id=5416"},"modified":"2026-01-14T12:46:37","modified_gmt":"2026-01-14T12:46:37","slug":"wordpress","status":"publish","type":"page","link":"https:\/\/elfsight.com\/pl\/google-maps-widget\/wordpress\/","title":{"rendered":"Google Maps &#8211; WordPress"},"content":{"rendered":"<div class=\"application-platform-content-item-description application-platform-content-item\" id=\"description\" data-nav-section=\"description\"><h2>Osad\u017a Mapy Google w WordPress za pomoc\u0105 wid\u017cetu Elfsight<\/h2>Bezproblemowa konfiguracja i w pe\u0142ni konfigurowalny interfejs sprawiaj\u0105, \u017ce jest to jedna z najlepszych wtyczek dla kierowanie klient\u00f3w do Twoich lokalizacji. Pomaga pozyska\u0107 nowych klient\u00f3w offline, zbli\u017cy\u0107 si\u0119 do odbiorc\u00f3w i co wi\u0119cej, zapewnia naj\u0142atwiejsz\u0105 integracj\u0119 z Twoj\u0105 witryn\u0105.<b>Zbuduj wi\u0119cej klient\u00f3w offline dzi\u0119ki inteligentnym mapom na Twojej stronie!<\/b><ul> <li><b>Zbli\u017c si\u0119 do u\u017cytkownik\u00f3w<\/b>. Dodaj swoje dane kontaktowe, dzi\u0119ki kt\u00f3rym odwiedzaj\u0105cy b\u0119d\u0105 mogli do Ciebie pisa\u0107 lub wyszukiwa\u0107 Ci\u0119 zar\u00f3wno w rzeczywisto\u015bci, jak i online.<\/li> <li><b>Zwi\u0119ksz konwersj\u0119 swoj\u0105 witryn\u0119 za pomoc\u0105 szczeg\u00f3\u0142owej karty informacyjnej Twojej firmy<\/b>. Dodaj pe\u0142ne dane kontaktowe, aby pozyska\u0107 wi\u0119cej potencjalnych klient\u00f3w chc\u0105cych z Tob\u0105 wsp\u00f3\u0142pracowa\u0107 i nak\u0142oni\u0107 ich, aby zbli\u017cyli si\u0119 o krok do z\u0142o\u017cenia zam\u00f3wienia.<\/li> <li><b>Oszcz\u0119dzaj czas potrzebny na dostosowanie mapy<\/b>. Dziesi\u0105tki ustawie\u0144 pojawi\u0105 si\u0119 po 2 klikni\u0119ciach myszk\u0105, dzi\u0119ki czemu mo\u017cesz stworzy\u0107 wydajn\u0105 map\u0119 swojej witryny w kilka sekund.<\/li><\/ul><\/div><div class=\"application-platform-content-item-features application-platform-content-item\" id=\"features\" data-nav-section=\"features\"><h2>G\u0142\u00f3wne funkcje wid\u017cetu Map Google<\/h2>Jakie cechy sprawiaj\u0105, \u017ce zaawansowana mapa Elfsight jest najlepsza dla Twojej witryny WordPress?<ul> <li>Automatyczne tworzenie tras z lokalizacji odwiedzaj\u0105cego;<\/li> <li>5 zaawansowanych warstw Map Google: POI, ruch drogowy, transport publiczny, rower, widok ulicy;<\/li> <li>Karta informacyjna z maksymaln\u0105 liczb\u0105 informacji kontaktowych;<\/li> <li> Ponad 20 element\u00f3w z mo\u017cliwo\u015bci\u0105 dostosowania kolor\u00f3w;<\/li> <li>Por\u0119czny edytor (nie wymaga kodowania).<\/li><\/ul><a href=\"#demo\">Zobacz ca\u0142\u0105 list\u0119 zalet w panelu!<\/a><\/div><div class=\"application-platform-content-item-installation application-platform-content-item\" id=\"installation\" data-nav-section=\"installation\"><h2>Jak osadzi\u0107 wtyczk\u0119 Google Maps na stronie WordPress<\/h2><div class=\"video-container\">\n<iframe width=\"720\" height=\"405\" src=\"https:\/\/www.youtube.com\/embed\/EgCedKF5F_o?si=i-jhN1kkfg-P7EMR\" frameborder=\"0\" allowfullscreen=\"\"><\/iframe>\n<\/div>Wystarczy post\u0119powa\u0107 zgodnie z poni\u017cszymi instrukcjami, aby zintegrowa\u0107 narz\u0119dzie z WordPress.<ol> <li><b>Zarz\u0105dzaj naszym darmowym edytorem i zacznij tworzy\u0107 w\u0142asn\u0105 wtyczk\u0119. <\/b>Wybierz niestandardow\u0105 form\u0119 i cechy funkcjonalne wtyczki i zastosuj modyfikacje.<\/li> <li><b>Skopiuj sw\u00f3j indywidualny kod pojawiaj\u0105cy si\u0119 w oknie aplikacji Elfsight. <\/b>Po zako\u0144czeniu konfiguracji wtyczki Google Maps skopiuj ekskluzywny kod z wy\u015bwietlonego pola i zapisz go do dalszego wykorzystania.<\/li> <li><b>Zainicjuj u\u017cycie wtyczki w swojej witrynie WordPress. <\/b>Wstaw kod zapisany ostatnio w swojej witrynie i zastosuj modyfikacje.<\/li> <li><b>Instalacja zosta\u0142a pomy\u015blnie zako\u0144czona. <\/b>Wejd\u017a na swoj\u0105 stron\u0119 internetow\u0105, aby zobaczy\u0107 dzia\u0142anie wid\u017cetu.<\/li><\/ol>Masz trudno\u015bci lub problemy podczas wykonywania samouczka lub dostosowywania mapy? Sprawd\u017a ca\u0142y artyku\u0142 \u00ab<a href=\"https:\/\/elfsight.com\/tutorials\/how-to-add-google-map-to-wordpress-website\/\" target=\"_blank\" rel=\"noopener noreferrer\">Jak osadzi\u0107 Mapy Google w witrynie WordPress<\/a>\u00bb lub skontaktuj si\u0119 z naszym dzia\u0142em obs\u0142ugi klienta, a z przyjemno\u015bci\u0105 pomo\u017cemy Ci w tworzeniu i wy\u015bwietlaniu map w Twojej witrynie.<\/div><div class=\"faq\" data-component=\"FAQ\"><div class=\"faq-item\">\r\n\t\t\t\t\t<div class=\"faq-item-question\">\r\n\t\t\t\t\t\t<h3 class=\"faq-item-question-text\">W jaki spos\u00f3b mog\u0119 doda\u0107 Mapy Google do mojej witryny WordPress? <\/h3>\r\n\r\n\t\t\t\t\t\t<div class=\"faq-item-question-icon\"><\/div>\r\n\t\t\t\t\t<\/div>\r\n\r\n\t\t\t\t\t<div class=\"faq-item-answer\">\r\n\t\t\t\t\t\t<div class=\"faq-item-answer-text\"><p>Tworzenie narz\u0119dzia odbywa si\u0119 w ramach us\u0142ugi Elfsight i nie ma potrzeby kodowania. Wykorzystaj aktywne demo, aby zaprojektowa\u0107 w\u0142asny widget, zdob\u0105d\u017a kod i zaimplementuj go na swojej stronie internetowej. <\/p><\/div>\r\n\t\t\t\t\t<\/div>\r\n\t\t\t\t<\/div><div class=\"faq-item\">\r\n\t\t\t\t\t<div class=\"faq-item-question\">\r\n\t\t\t\t\t\t<h3 class=\"faq-item-question-text\">Najlepsze przyk\u0142ady wykorzystania integracji z Mapami<\/h3>\r\n\r\n\t\t\t\t\t\t<div class=\"faq-item-question-icon\"><\/div>\r\n\t\t\t\t\t<\/div>\r\n\r\n\t\t\t\t\t<div class=\"faq-item-answer\">\r\n\t\t\t\t\t\t<div class=\"faq-item-answer-text\"><p>Zapewnimy Ci szeroki zakres mo\u017cliwo\u015bci dostosowywania: pe\u0142nowymiarowe wid\u017cety do osadzania w strefa tre\u015bci, p\u0142ywaj\u0105ce wtyczki umo\u017cliwiaj\u0105ce przewijanie, uk\u0142ady stopki, sekcji nag\u0142\u00f3wka i wszystkie warianty mo\u017cliwo\u015bci pionowych pask\u00f3w bocznych i menu witryny. <\/p><\/div>\r\n\t\t\t\t\t<\/div>\r\n\t\t\t\t<\/div><div class=\"faq-item\">\r\n\t\t\t\t\t<div class=\"faq-item-question\">\r\n\t\t\t\t\t\t<h3 class=\"faq-item-question-text\">Czy mog\u0119 utworzy\u0107 interaktywn\u0105 map\u0119 Google za po\u015brednictwem Twojego redaktora? <\/h3>\r\n\r\n\t\t\t\t\t\t<div class=\"faq-item-question-icon\"><\/div>\r\n\t\t\t\t\t<\/div>\r\n\r\n\t\t\t\t\t<div class=\"faq-item-answer\">\r\n\t\t\t\t\t\t<div class=\"faq-item-answer-text\"><p>Mo\u017cesz tworzy\u0107 dowolne odmiany wid\u017cetu. W edytorze dost\u0119pnych jest mn\u00f3stwo uk\u0142ad\u00f3w, a ka\u017cdy z nich mo\u017cna szybko spersonalizowa\u0107 wed\u0142ug potrzeb. <\/p><\/div>\r\n\t\t\t\t\t<\/div>\r\n\t\t\t\t<\/div><\/div>","protected":false},"excerpt":{"rendered":"","protected":false},"author":9,"featured_media":0,"parent":2191,"menu_order":0,"comment_status":"closed","ping_status":"closed","template":"templates\/template-application-platform.php","meta":{"publish_to_discourse":"","publish_post_category":"","wpdc_auto_publish_overridden":"","wpdc_topic_tags":"","wpdc_pin_topic":"","wpdc_pin_until":"","discourse_post_id":"","discourse_permalink":"","wpdc_publishing_response":"","wpdc_publishing_error":"","footnotes":""},"class_list":["post-5416","page","type-page","status-publish","hentry"],"yoast_head":"<!-- This site is optimized with the Yoast SEO plugin v25.3.1 - https:\/\/yoast.com\/wordpress\/plugins\/seo\/ -->\n<title>Najlepsza wtyczka do map Google WordPress (za darmo) - Elfsight<\/title>\n<meta name=\"description\" content=\"Zaprojektuj wtyczk\u0119 Google Maps dla witryny WordPress. Zademonstruj rozbudowane mapy w zaledwie 3 minuty za darmo w najbardziej por\u0119cznym edytorze wtyczek.\" \/>\n<meta name=\"robots\" content=\"index, follow, max-snippet:-1, max-image-preview:large, max-video-preview:-1\" \/>\n<link rel=\"canonical\" href=\"https:\/\/elfsight.com\/pl\/google-maps-widget\/wordpress\/\" \/>\n<meta property=\"og:locale\" content=\"pl_PL\" \/>\n<meta property=\"og:type\" content=\"article\" \/>\n<meta property=\"og:title\" content=\"Najlepsza wtyczka do map Google WordPress (za darmo) - Elfsight\" \/>\n<meta property=\"og:description\" content=\"Zaprojektuj wtyczk\u0119 Google Maps dla witryny WordPress. Zademonstruj rozbudowane mapy w zaledwie 3 minuty za darmo w najbardziej por\u0119cznym edytorze wtyczek.\" \/>\n<meta property=\"og:url\" content=\"https:\/\/elfsight.com\/pl\/google-maps-widget\/wordpress\/\" \/>\n<meta property=\"og:site_name\" content=\"Elfsight PL\" \/>\n<meta property=\"article:modified_time\" content=\"2026-01-14T12:46:37+00:00\" \/>\n<meta name=\"twitter:card\" content=\"summary_large_image\" \/>\n<meta name=\"twitter:label1\" content=\"Szacowany czas czytania\" \/>\n\t<meta name=\"twitter:data1\" content=\"3 minuty\" \/>\n<!-- \/ Yoast SEO plugin. -->","yoast_head_json":{"title":"Najlepsza wtyczka do map Google WordPress (za darmo) - Elfsight","description":"Zaprojektuj wtyczk\u0119 Google Maps dla witryny WordPress. Zademonstruj rozbudowane mapy w zaledwie 3 minuty za darmo w najbardziej por\u0119cznym edytorze wtyczek.","robots":{"index":"index","follow":"follow","max-snippet":"max-snippet:-1","max-image-preview":"max-image-preview:large","max-video-preview":"max-video-preview:-1"},"canonical":"https:\/\/elfsight.com\/pl\/google-maps-widget\/wordpress\/","og_locale":"pl_PL","og_type":"article","og_title":"Najlepsza wtyczka do map Google WordPress (za darmo) - Elfsight","og_description":"Zaprojektuj wtyczk\u0119 Google Maps dla witryny WordPress. Zademonstruj rozbudowane mapy w zaledwie 3 minuty za darmo w najbardziej por\u0119cznym edytorze wtyczek.","og_url":"https:\/\/elfsight.com\/pl\/google-maps-widget\/wordpress\/","og_site_name":"Elfsight PL","article_modified_time":"2026-01-14T12:46:37+00:00","twitter_card":"summary_large_image","twitter_misc":{"Szacowany czas czytania":"3 minuty"},"schema":{"@context":"https:\/\/schema.org","@graph":[{"@type":"WebPage","@id":"https:\/\/elfsight.com\/pl\/google-maps-widget\/wordpress\/","url":"https:\/\/elfsight.com\/pl\/google-maps-widget\/wordpress\/","name":"Najlepsza wtyczka do map Google WordPress (za darmo) - Elfsight","isPartOf":{"@id":"https:\/\/elfsight.com\/pl\/#website"},"datePublished":"2024-05-03T06:38:55+00:00","dateModified":"2026-01-14T12:46:37+00:00","description":"Zaprojektuj wtyczk\u0119 Google Maps dla witryny WordPress. Zademonstruj rozbudowane mapy w zaledwie 3 minuty za darmo w najbardziej por\u0119cznym edytorze wtyczek.","breadcrumb":{"@id":"https:\/\/elfsight.com\/pl\/google-maps-widget\/wordpress\/#breadcrumb"},"inLanguage":"pl-PL","potentialAction":[{"@type":"ReadAction","target":["https:\/\/elfsight.com\/pl\/google-maps-widget\/wordpress\/"]}]},{"@type":"BreadcrumbList","@id":"https:\/\/elfsight.com\/pl\/google-maps-widget\/wordpress\/#breadcrumb","itemListElement":[{"@type":"ListItem","position":1,"name":"Home","item":"https:\/\/elfsight.com\/pl\/"},{"@type":"ListItem","position":2,"name":"Google Maps","item":"https:\/\/elfsight.com\/pl\/google-maps-widget\/"},{"@type":"ListItem","position":3,"name":"Google Maps &#8211; WordPress"}]},{"@type":"WebSite","@id":"https:\/\/elfsight.com\/pl\/#website","url":"https:\/\/elfsight.com\/pl\/","name":"Elfsight PL","description":"Just another Elfsight Sites site","potentialAction":[{"@type":"SearchAction","target":{"@type":"EntryPoint","urlTemplate":"https:\/\/elfsight.com\/pl\/?s={search_term_string}"},"query-input":{"@type":"PropertyValueSpecification","valueRequired":true,"valueName":"search_term_string"}}],"inLanguage":"pl-PL"}]}},"meta_box":{"industry":"","seo_heading":"","heading":"","description":"","cta_heading":"","cta_description":"","application":"2190","h1":"Wtyczka WordPress do Map Google","h1_caption":"Osad\u017a responsywn\u0105 map\u0119 Google, aby wy\u015bwietli\u0107 swoj\u0105 lokalizacj\u0119 lub wiele lokalizacji, aby u\u0142atwi\u0107 nawigacj\u0119 po witrynie WordPress.","application_category":[],"applications_title":"","applications_request_title":"","applications_request_button_text":"","hero_text":"","hero_video":"","hero_video_schema_markup":"","selling_points_title":"","selling_points_caption":"","selling_points":[],"selling_points_cta_text":"","features_title":"","features":"","ed_cta_examples_text":"","ed_cta_examples_hidden":"","ed_cta_demo_text":"","ed_cta_demo_hidden":"","why_caption":"","why_editor_title":"","why_editor_text":"","why_team_title":"","why_team_text":"","why_service_title":"","why_service_text":"","template_catalog_visible":"0","template_catalog_title":"","template_catalog_text":"","template_catalog_categories_visible":"","demo_title":"Utw\u00f3rz wtyczk\u0119 Map Google","demo_caption":"Skonfiguruj swoje Mapy Google i dodaj je do swojej witryny WordPress za darmo!","default_faq_hidden":"","app_template_category":[],"platform":"31","template_public_id":"","codecanyon_url":"","codecanyon_item_id":"","codecanyon_price":"","pricing_caption":"","pricing_elfsight_apps_hide_column":"","pricing_elfsight_apps_url":"","pricing_codecanyon_price_caption":"","integration_category":[],"integration_request_title":"","integration_request_cta":"","integration_platform":"","integrations":[],"platform_category":[],"video_schema_markup":"","price":"od 0 USD \/ miesi\u0105c","trial":"","benefits":[{"text":"Bezp\u0142atna us\u0142uga monta\u017cu"},{"text":"Do\u015bwiadczona obs\u0142uga klienta"},{"text":"Wsparcie premium"}],"button_url":"#demo","button_target_blank":"0","button_nofollow":"0","attributes":[{"name":"Instaluje"},{"name":"Czu\u0142y"},{"name":"Kompatybilne przegl\u0105darki"}],"tags":[],"tags_disable_links":"0","hide_more_platforms":"0","video_object":"","demo_hide_cta":"0","demo_hide_cloud_options":"0","pricing_title":"","pricing":[{"pricing_icon":"cloud","pricing_title":"Elfsight Apps","pricing_title_caption":"Wersja wieloplatformowa, kt\u00f3ra dzia\u0142a na ka\u017cdej stronie internetowej","pricing_price":"od 0 USD \/ miesi\u0105c","pricing_price_caption":"zacznij od bezp\u0142atnego planu","pricing_benefits":[{"text":"Nielimitowane strony internetowe"},{"text":"Bezp\u0142atne i terminowe wsparcie oraz dobrze udokumentowane"},{"text":"Bezp\u0142atna pomoc w monta\u017cu"},{"text":"\u015awietna oferta na wiele aplikacji"}],"pricing_button_text":"Dodaj do witryny","pricing_button_url":"#demo"}],"related_apps_title":"","related_apps_hidden":"0","author":"","image":[],"title":"","job":"","social_networks":[]},"_links":{"self":[{"href":"https:\/\/elfsight.com\/pl\/wp-json\/wp\/v2\/pages\/5416","targetHints":{"allow":["GET"]}}],"collection":[{"href":"https:\/\/elfsight.com\/pl\/wp-json\/wp\/v2\/pages"}],"about":[{"href":"https:\/\/elfsight.com\/pl\/wp-json\/wp\/v2\/types\/page"}],"author":[{"embeddable":true,"href":"https:\/\/elfsight.com\/pl\/wp-json\/wp\/v2\/users\/9"}],"replies":[{"embeddable":true,"href":"https:\/\/elfsight.com\/pl\/wp-json\/wp\/v2\/comments?post=5416"}],"version-history":[{"count":3,"href":"https:\/\/elfsight.com\/pl\/wp-json\/wp\/v2\/pages\/5416\/revisions"}],"predecessor-version":[{"id":10835,"href":"https:\/\/elfsight.com\/pl\/wp-json\/wp\/v2\/pages\/5416\/revisions\/10835"}],"up":[{"embeddable":true,"href":"https:\/\/elfsight.com\/pl\/wp-json\/wp\/v2\/pages\/2191"}],"wp:attachment":[{"href":"https:\/\/elfsight.com\/pl\/wp-json\/wp\/v2\/media?parent=5416"}],"curies":[{"name":"wp","href":"https:\/\/api.w.org\/{rel}","templated":true}]}}