{"id":5415,"date":"2024-05-03T06:38:54","date_gmt":"2024-05-03T06:38:54","guid":{"rendered":"https:\/\/elfsight.com\/pl\/?page_id=5415"},"modified":"2025-06-26T15:28:11","modified_gmt":"2025-06-26T15:28:11","slug":"shopify","status":"publish","type":"page","link":"https:\/\/elfsight.com\/pl\/google-maps-widget\/shopify\/","title":{"rendered":"Google Maps &#8211; Shopify"},"content":{"rendered":"<div class=\"application-platform-content-item-description application-platform-content-item\" id=\"description\" data-nav-section=\"description\">\n<h2>Osad\u017a Mapy Google w Shopify za pomoc\u0105 wid\u017cetu Elfsight<\/h2>\n<p>To skuteczne i w pe\u0142ni spersonalizowane narz\u0119dzie z bezproblemow\u0105 konfiguracj\u0105 u\u0142atwia Twojemu odwiedzaj\u0105cy, aby znale\u017a\u0107 lokalizacje dla swoich go\u015bci. Skuteczny w przyci\u0105ganiu klient\u00f3w offline, szybka instalacja i konfiguracja sprawiaj\u0105, \u017ce jest to prawdopodobnie najlepsze narz\u0119dzie dla ka\u017cdej witryny Shopify.<\/p>\n<p><b>Przyci\u0105gaj wi\u0119cej prawdziwych odwiedzaj\u0105cych, pokazuj\u0105c najbardziej przyjazne dla u\u017cytkownika mapy w Twojej witrynie!<\/b><\/p>\n<ul>\n    <li><b>Zwi\u0119ksz interakcj\u0119 z klientami dzi\u0119ki mapom<\/b>. Zaprojektuj map\u0119 tak, aby by\u0142a przydatna dla potencjalnych klient\u00f3w i poka\u017c j\u0105 na swojej stronie, aby mogli efektywniej korzysta\u0107 z Twoich informacji kontaktowych.<\/li>\n    <li><b>Wyszukaj i przyci\u0105gnij klient\u00f3w z regionu<\/b>. Zaprojektuj map\u0119 tak, aby by\u0142a przydatna dla potencjalnych klient\u00f3w i poka\u017c j\u0105 na swojej stronie, aby mogli efektywniej korzysta\u0107 z Twoich informacji kontaktowych.<\/li>\n    <li><b>Pokazuj niesko\u0144czon\u0105 liczb\u0119 lokalizacji na jednej mapie<\/b>. Nie ograniczaj ilo\u015bci punkt\u00f3w na mapie, wy\u015bwietlaj wszystko, co mo\u017ce by\u0107 wa\u017cne i zabawne dla Twoich u\u017cytkownik\u00f3w.<\/li>\n<\/ul>\n<\/div>\n\n<div class=\"application-platform-content-item-features application-platform-content-item\" id=\"features\" data-nav-section=\"features\">\n<h2>G\u0142\u00f3wne funkcje wid\u017cetu Map Google<\/h2>\n<p>Jakie zalety sprawiaj\u0105, \u017ce mapa Elfsight jest najlepsza dla ka\u017cdej witryny Shopify?<\/p>\n<ul>\n    <li>R\u00f3\u017cne znaczniki lokalizacji dla mapy interaktywnej;<\/li>\n    <li>4 typy map: mapa drogowa, satelitarna, hybrydowa, terenowa;<\/li>\n    <li>Karta informacyjna wy\u015bwietlana indywidualnie dla ka\u017cdego znacznika;<\/li>\n    <li>Regulowana szeroko\u015b\u0107 i wysoko\u015b\u0107;<\/li>\n    <li>Dost\u0119pne regularne aktualizacje na \u017cywo.<\/li>\n<\/ul>\n<p><a href=\"#demo\">Sprawd\u017a pe\u0142ny zestaw funkcji w wersji demonstracyjnej!<\/a><\/p>\n<\/div>\n\n<div class=\"application-platform-content-item-installation application-platform-content-item\" id=\"installation\" data-nav-section=\"installation\">\n<h2>Jak doda\u0107 aplikacj\u0119 Mapy Google do witryny Shopify<\/h2>\n<div class=\"video-container\"><iframe width=\"720\" height=\"405\" src=\"https:\/\/www.youtube.com\/embed\/MbgtdYQjJJc\" frameborder=\"0\" allowfullscreen=\"\"><\/iframe><\/div>\n<p>Zwi\u0119z\u0142y podr\u0119cznik dotycz\u0105cy samodzielnego instalowania responsywnych map w Shopify. Aby to zrobi\u0107, nie musisz zatrudnia\u0107 programisty internetowego ani mie\u0107 umiej\u0119tno\u015bci programowania. \u015aredni czas instalacji nie przekracza 2 minut.<\/p>\n<ol>\n    <li><b>Skorzystaj z naszego bezp\u0142atnego konfiguratora i rozpocznij prac\u0119 ze swoj\u0105 aplikacj\u0105 szyt\u0105 na miar\u0119. <\/b>Okre\u015bl wybrany uk\u0142ad i parametry aplikacji oraz zastosuj wszystkie zmiany.<\/li>\n    <li><b>Skopiuj indywidualny kod pokazany w polu w aplikacjach Elfsight. <\/b>Zaraz po utworzeniu aplikacji skopiuj kod w wy\u015bwietlonym wyskakuj\u0105cym okienku i zachowaj go na p\u00f3\u017aniej.<\/li>\n    <li><b>Zarejestruj korzystanie z aplikacji w swojej witrynie Shopify. <\/b>Wstaw skopiowany ostatnio kod do swojej witryny i zapisz zmiany.<\/li>\n    <li><b>Konfiguracja zosta\u0142a zako\u0144czona. <\/b>Otw\u00f3rz swoj\u0105 witryn\u0119, aby sprawdzi\u0107 dzia\u0142anie aplikacji.<\/li>\n<\/ol>\n<p>Masz problemy lub pytania podczas korzystania z samouczka lub konfigurowania unikalnej mapy? Przeczytaj ca\u0142y artyku\u0142 \u00ab<a href=\"https:\/\/elfsight.com\/tutorials\/how-to-add-google-maps-builder-to-shopify\/\" target=\"_blank\" rel=\"noopener noreferrer\">Jak dodaj map\u0119 na stronie Shopify<\/a>\u00bb lub skontaktuj si\u0119 z centrum pomocy, a nasz zesp\u00f3\u0142 wsparcia z przyjemno\u015bci\u0105 pomo\u017ce Ci w generowaniu i wy\u015bwietlaniu map na Twojej stronie.<\/p>\n<div class=\"faq\" data-component=\"FAQ\">\n    <div class=\"faq-item\">\r\n\t\t\t\t\t<div class=\"faq-item-question\">\r\n\t\t\t\t\t\t<h3 class=\"faq-item-question-text\">Jak mog\u0119 doda\u0107 Mapy Google do mojej witryny Witryna Shopify bez umiej\u0119tno\u015bci kodowania?<\/h3>\r\n\r\n\t\t\t\t\t\t<div class=\"faq-item-question-icon\"><\/div>\r\n\t\t\t\t\t<\/div>\r\n\r\n\t\t\t\t\t<div class=\"faq-item-answer\">\r\n\t\t\t\t\t\t<div class=\"faq-item-answer-text\">\n    <p>Elfsight zapewnia rozwi\u0105zanie SaaS, kt\u00f3re pozwala samodzielnie utworzy\u0107 wid\u017cet Map Google. Zobacz, jak \u0142atwy jest ten proces: Pracuj bezpo\u015brednio w edytorze online, aby utworzy\u0107 wid\u017cet Map Google, kt\u00f3ry chcesz zobaczy\u0107 na Twojej stronie Shopify. Wybierz jeden z gotowych szablon\u00f3w i dostosuj ustawienia Map Google, dodaj tre\u015b\u0107, zmie\u0144 uk\u0142ad i kolory bez umiej\u0119tno\u015bci kodowania. Zapisz Mapy Google i skopiuj ich kod instalacyjny, aby\u015b m\u00f3g\u0142 \u0142atwo doda\u0107 je do swojej witryny Shopify bez konieczno\u015bci kupowania p\u0142atnego planu. Dzi\u0119ki naszemu intuicyjnemu edytorowi ka\u017cdy u\u017cytkownik Internetu mo\u017ce stworzy\u0107 wid\u017cet Map Google online i \u0142atwo osadzi\u0107 go na swojej stronie Shopify. Aby uzyska\u0107 dost\u0119p do us\u0142ugi, nie trzeba p\u0142aci\u0107 ani wprowadza\u0107 danych uwierzytelniaj\u0105cych karty. Je\u015bli na kt\u00f3rymkolwiek etapie napotkasz jakiekolwiek problemy, skontaktuj si\u0119 z naszym zespo\u0142em pomocy technicznej.<\/p>\n    <\/div>\r\n\t\t\t\t\t<\/div>\r\n\t\t\t\t<\/div>\n<\/div>\n<\/div>","protected":false},"excerpt":{"rendered":"","protected":false},"author":9,"featured_media":0,"parent":2191,"menu_order":0,"comment_status":"closed","ping_status":"closed","template":"templates\/template-application-platform.php","meta":{"publish_to_discourse":"","publish_post_category":"","wpdc_auto_publish_overridden":"","wpdc_topic_tags":"","wpdc_pin_topic":"","wpdc_pin_until":"","discourse_post_id":"","discourse_permalink":"","wpdc_publishing_response":"","wpdc_publishing_error":"","footnotes":""},"class_list":["post-5415","page","type-page","status-publish","hentry"],"yoast_head":"<!-- This site is optimized with the Yoast SEO plugin v25.3.1 - https:\/\/yoast.com\/wordpress\/plugins\/seo\/ -->\n<title>Mapy Google \u2014 dodaj aplikacj\u0119 Map do witryny Shopify<\/title>\n<meta name=\"description\" content=\"Skonfiguruj dostosowan\u0105 aplikacj\u0119 Mapy Google dla witryny Shopify. Zaprezentuj rozbudowan\u0105 map\u0119 w zaledwie 3 minuty w najprostszym edytorze wid\u017cet\u00f3w, ca\u0142kowicie za darmo.\" \/>\n<meta name=\"robots\" content=\"index, follow, max-snippet:-1, max-image-preview:large, max-video-preview:-1\" \/>\n<link rel=\"canonical\" href=\"https:\/\/elfsight.com\/pl\/google-maps-widget\/shopify\/\" \/>\n<meta property=\"og:locale\" content=\"pl_PL\" \/>\n<meta property=\"og:type\" content=\"article\" \/>\n<meta property=\"og:title\" content=\"Mapy Google \u2014 dodaj aplikacj\u0119 Map do witryny Shopify\" \/>\n<meta property=\"og:description\" content=\"Skonfiguruj dostosowan\u0105 aplikacj\u0119 Mapy Google dla witryny Shopify. Zaprezentuj rozbudowan\u0105 map\u0119 w zaledwie 3 minuty w najprostszym edytorze wid\u017cet\u00f3w, ca\u0142kowicie za darmo.\" \/>\n<meta property=\"og:url\" content=\"https:\/\/elfsight.com\/pl\/google-maps-widget\/shopify\/\" \/>\n<meta property=\"og:site_name\" content=\"Elfsight PL\" \/>\n<meta property=\"article:modified_time\" content=\"2025-06-26T15:28:11+00:00\" \/>\n<meta name=\"twitter:card\" content=\"summary_large_image\" \/>\n<meta name=\"twitter:label1\" content=\"Szacowany czas czytania\" \/>\n\t<meta name=\"twitter:data1\" content=\"4 minuty\" \/>\n<!-- \/ Yoast SEO plugin. -->","yoast_head_json":{"title":"Mapy Google \u2014 dodaj aplikacj\u0119 Map do witryny Shopify","description":"Skonfiguruj dostosowan\u0105 aplikacj\u0119 Mapy Google dla witryny Shopify. Zaprezentuj rozbudowan\u0105 map\u0119 w zaledwie 3 minuty w najprostszym edytorze wid\u017cet\u00f3w, ca\u0142kowicie za darmo.","robots":{"index":"index","follow":"follow","max-snippet":"max-snippet:-1","max-image-preview":"max-image-preview:large","max-video-preview":"max-video-preview:-1"},"canonical":"https:\/\/elfsight.com\/pl\/google-maps-widget\/shopify\/","og_locale":"pl_PL","og_type":"article","og_title":"Mapy Google \u2014 dodaj aplikacj\u0119 Map do witryny Shopify","og_description":"Skonfiguruj dostosowan\u0105 aplikacj\u0119 Mapy Google dla witryny Shopify. Zaprezentuj rozbudowan\u0105 map\u0119 w zaledwie 3 minuty w najprostszym edytorze wid\u017cet\u00f3w, ca\u0142kowicie za darmo.","og_url":"https:\/\/elfsight.com\/pl\/google-maps-widget\/shopify\/","og_site_name":"Elfsight PL","article_modified_time":"2025-06-26T15:28:11+00:00","twitter_card":"summary_large_image","twitter_misc":{"Szacowany czas czytania":"4 minuty"},"schema":{"@context":"https:\/\/schema.org","@graph":[{"@type":"WebPage","@id":"https:\/\/elfsight.com\/pl\/google-maps-widget\/shopify\/","url":"https:\/\/elfsight.com\/pl\/google-maps-widget\/shopify\/","name":"Mapy Google \u2014 dodaj aplikacj\u0119 Map do witryny Shopify","isPartOf":{"@id":"https:\/\/elfsight.com\/pl\/#website"},"datePublished":"2024-05-03T06:38:54+00:00","dateModified":"2025-06-26T15:28:11+00:00","description":"Skonfiguruj dostosowan\u0105 aplikacj\u0119 Mapy Google dla witryny Shopify. Zaprezentuj rozbudowan\u0105 map\u0119 w zaledwie 3 minuty w najprostszym edytorze wid\u017cet\u00f3w, ca\u0142kowicie za darmo.","breadcrumb":{"@id":"https:\/\/elfsight.com\/pl\/google-maps-widget\/shopify\/#breadcrumb"},"inLanguage":"pl-PL","potentialAction":[{"@type":"ReadAction","target":["https:\/\/elfsight.com\/pl\/google-maps-widget\/shopify\/"]}]},{"@type":"BreadcrumbList","@id":"https:\/\/elfsight.com\/pl\/google-maps-widget\/shopify\/#breadcrumb","itemListElement":[{"@type":"ListItem","position":1,"name":"Home","item":"https:\/\/elfsight.com\/pl\/"},{"@type":"ListItem","position":2,"name":"Google Maps","item":"https:\/\/elfsight.com\/pl\/google-maps-widget\/"},{"@type":"ListItem","position":3,"name":"Google Maps &#8211; Shopify"}]},{"@type":"WebSite","@id":"https:\/\/elfsight.com\/pl\/#website","url":"https:\/\/elfsight.com\/pl\/","name":"Elfsight PL","description":"Just another Elfsight Sites site","potentialAction":[{"@type":"SearchAction","target":{"@type":"EntryPoint","urlTemplate":"https:\/\/elfsight.com\/pl\/?s={search_term_string}"},"query-input":{"@type":"PropertyValueSpecification","valueRequired":true,"valueName":"search_term_string"}}],"inLanguage":"pl-PL"}]}},"meta_box":{"industry":"","seo_heading":"","heading":"","description":"","cta_heading":"","cta_description":"","application":"2190","h1":"Aplikacja Mapy Google dla Shopify","h1_caption":"Osad\u017a responsywn\u0105 map\u0119 Google, aby wy\u015bwietli\u0107 swoj\u0105 lokalizacj\u0119 lub wiele lokalizacji, aby u\u0142atwi\u0107 nawigacj\u0119 po witrynie Shopify.","application_category":[],"applications_title":"","applications_request_title":"","applications_request_button_text":"","hero_text":"","hero_video":"","hero_video_schema_markup":"","selling_points_title":"","selling_points_caption":"","selling_points":[],"selling_points_cta_text":"","features_title":"","features":"","ed_cta_examples_text":"","ed_cta_examples_hidden":"","ed_cta_demo_text":"","ed_cta_demo_hidden":"","why_caption":"","why_editor_title":"","why_editor_text":"","why_team_title":"","why_team_text":"","why_service_title":"","why_service_text":"","template_catalog_visible":"0","template_catalog_title":"","template_catalog_text":"","template_catalog_categories_visible":"","demo_title":"Utw\u00f3rz aplikacj\u0119 Mapy Google","demo_caption":"Skonfiguruj swoje Mapy Google i dodaj je do swojej witryny Shopify za darmo!","default_faq_hidden":"","app_template_category":[],"platform":"7580","template_public_id":"","codecanyon_url":"","codecanyon_item_id":"","codecanyon_price":"","pricing_caption":"","pricing_elfsight_apps_hide_column":"","pricing_elfsight_apps_url":"","pricing_codecanyon_price_caption":"","integration_category":[],"integration_request_title":"","integration_request_cta":"","integration_platform":"","integrations":[],"platform_category":[],"video_schema_markup":"","price":"od 0 USD \/ miesi\u0105c","trial":"","benefits":[{"text":"Bezp\u0142atna us\u0142uga monta\u017cu"},{"text":"Wsparcie premium"},{"text":"14-dniowa gwarancja zwrotu pieni\u0119dzy"}],"button_url":"#demo","button_target_blank":"0","button_nofollow":"0","attributes":[{"name":"Instaluje"},{"name":"Czu\u0142y"},{"name":"Kompatybilne przegl\u0105darki"}],"tags":[],"tags_disable_links":"0","hide_more_platforms":"0","video_object":"","demo_hide_cta":"0","demo_hide_cloud_options":"0","pricing_title":"","pricing":[{"pricing_icon":"cloud","pricing_title":"Elfsight Apps","pricing_title_caption":"Wersja wieloplatformowa dzia\u0142aj\u0105ca na dowolnej stronie internetowej (w tym Shopify)","pricing_price":"od 0 USD \/ miesi\u0105c","pricing_price_caption":"Zacznij od bezp\u0142atnego planu","pricing_benefits":[{"text":"Nielimitowane strony internetowe"},{"text":"Oferta specjalna na wiele aplikacji"},{"text":"Wsparcie premium"},{"text":"Bezp\u0142atna us\u0142uga monta\u017cu"}],"pricing_button_text":"Dodaj do witryny","pricing_button_url":"#demo"}],"related_apps_title":"","related_apps_hidden":"0","author":"","image":[],"title":"","job":"","social_networks":[]},"_links":{"self":[{"href":"https:\/\/elfsight.com\/pl\/wp-json\/wp\/v2\/pages\/5415","targetHints":{"allow":["GET"]}}],"collection":[{"href":"https:\/\/elfsight.com\/pl\/wp-json\/wp\/v2\/pages"}],"about":[{"href":"https:\/\/elfsight.com\/pl\/wp-json\/wp\/v2\/types\/page"}],"author":[{"embeddable":true,"href":"https:\/\/elfsight.com\/pl\/wp-json\/wp\/v2\/users\/9"}],"replies":[{"embeddable":true,"href":"https:\/\/elfsight.com\/pl\/wp-json\/wp\/v2\/comments?post=5415"}],"version-history":[{"count":4,"href":"https:\/\/elfsight.com\/pl\/wp-json\/wp\/v2\/pages\/5415\/revisions"}],"predecessor-version":[{"id":10591,"href":"https:\/\/elfsight.com\/pl\/wp-json\/wp\/v2\/pages\/5415\/revisions\/10591"}],"up":[{"embeddable":true,"href":"https:\/\/elfsight.com\/pl\/wp-json\/wp\/v2\/pages\/2191"}],"wp:attachment":[{"href":"https:\/\/elfsight.com\/pl\/wp-json\/wp\/v2\/media?parent=5415"}],"curies":[{"name":"wp","href":"https:\/\/api.w.org\/{rel}","templated":true}]}}