{"id":5413,"date":"2024-05-03T06:38:52","date_gmt":"2024-05-03T06:38:52","guid":{"rendered":"https:\/\/elfsight.com\/pl\/?page_id=5413"},"modified":"2025-06-26T15:16:46","modified_gmt":"2025-06-26T15:16:46","slug":"bigcommerce","status":"publish","type":"page","link":"https:\/\/elfsight.com\/pl\/google-maps-widget\/bigcommerce\/","title":{"rendered":"Google Maps &#8211; BigCommerce"},"content":{"rendered":"<div class=\"application-platform-content-item-description application-platform-content-item\" id=\"description\" data-nav-section=\"description\">\n<h2>Opis<\/h2>\n<p>Prosta konfiguracja, efektywna i ca\u0142kowicie niestandardowa aplikacja, dzi\u0119ki kt\u00f3rej Twoi klienci mog\u0105 naprawd\u0119 \u0142atwo znale\u017a\u0107 lokalizacje. Skuteczne przyci\u0105ganie prawdziwych klient\u00f3w, szybka integracja i konfiguracja sprawiaj\u0105, \u017ce jest to jeden z najlepszych zakup\u00f3w dla ka\u017cdej witryny BigCommerce.<\/p>\n<p><b>Przyci\u0105gnij wi\u0119cej odwiedzaj\u0105cych offline za pomoc\u0105 responsywnych map w Twojej witrynie!<\/b><\/p>\n<ul>\n    <li><b>Zbli\u017c si\u0119 do klient\u00f3w<\/b>.<br>Poka\u017c swoje dane kontaktowe, dzi\u0119ki kt\u00f3rym Twoi klienci b\u0119d\u0105 mogli kontaktowa\u0107 si\u0119 z Tob\u0105 zar\u00f3wno w rzeczywisto\u015bci, jak i online.<\/li>\n    <li><b>Znajd\u017a i przyci\u0105gnij lokalnych klient\u00f3w<\/b>.<br>Oznacz swoj\u0105 lokalizacj\u0119, aby u\u017cytkownicy mieli pewno\u015b\u0107, \u017ce jeste\u015b blisko i \u017ce w ka\u017cdej chwili mog\u0105 uda\u0107 si\u0119 do Twojego biura.<\/li>\n    <li><b>Pokazuj nieograniczon\u0105 liczb\u0119 lokalizacji na jednej mapie<\/b>.<br>Nie ograniczaj liczby swoich punkt\u00f3w na mapie, poka\u017c wszystko, co mo\u017ce by\u0107 przydatne i zabawne dla Twoich klient\u00f3w.<\/li>\n<\/ul>\n<\/div>\n\n<div class=\"application-platform-content-item-features application-platform-content-item\" id=\"features\" data-nav-section=\"features\">\n<h2>Funkcje<\/h2>\n<p>Jakie aspekty sprawiaj\u0105, \u017ce nasza mapa jest najlepsza dla wszystkich witryn BigCommerce?<\/p>\n<ul>\n    <li>Dodawanie nowej lokalizacji przez wystarczy wpisa\u0107 jego adres, nazw\u0119 lub wsp\u00f3\u0142rz\u0119dne;<\/li>\n    <li>5 warstw Map Google: POI, ruch drogowy, transport publiczny, rower, widok ulicy;<\/li>\n    <li>Karta informacyjna z maksymaln\u0105 liczb\u0105 danych kontaktowych;<\/li>\n    <li>Ponad 20 element\u00f3w z mo\u017cliwo\u015bci\u0105 dostosowania kolor\u00f3w;<\/li>\n    <li>Dost\u0119pne regularne aktualizacje na \u017cywo.<\/li>\n<\/ul>\n<p><a href=\"#demo\">Przestudiuj pe\u0142ny zestaw cech w redaktor!<\/a><\/p>\n<\/div>\n\n<div class=\"application-platform-content-item-installation application-platform-content-item\" id=\"installation\" data-nav-section=\"installation\">\n<h2>Jak doda\u0107 aplikacj\u0119 Google Maps do witryny BigCommerce<\/h2>\n<div class=\"video-container\"><iframe width=\"720\" height=\"405\" src=\"https:\/\/www.youtube.com\/embed\/LuW0rgP4XHE\" frameborder=\"0\" allowfullscreen=\"\"><\/iframe><\/div>\n<p>Po prostu wykonaj poni\u017csze kroki, aby osadzi\u0107 aplikacj\u0119 w BigCommerce.<\/p>\n<ol>\n    <li><b>Skorzystaj z naszego darmowego edytora i zacznij tworzy\u0107 spersonalizowany widget. <\/b><br>Znajd\u017a odpowiedni projekt i aspekty narz\u0119dzia i zapisz zmiany.<\/li>\n    <li><b>Uzyskaj osobisty kod, kt\u00f3ry pojawi si\u0119 w polu aplikacji Elfsight. <\/b><br>Po zako\u0144czeniu tworzenia wid\u017cetu Map Google skopiuj indywidualny kod z wy\u015bwietlonego pola i zapisz go na p\u00f3\u017aniej.<\/li>\n    <li><b>Rozpocznij korzystanie z narz\u0119dzia na BigCommerce strona internetowa. <\/b><br>Zaimplementuj skopiowany ostatnio kod w swojej witrynie i zapisz zmiany.<\/li>\n    <li><b>Gotowe! Osadzanie zosta\u0142o pomy\u015blnie zako\u0144czone. <\/b><br>Odwied\u017a swoj\u0105 witryn\u0119, aby zobaczy\u0107 dzia\u0142anie aplikacji.<\/li>\n<\/ol>\n<p>Napotka\u0142e\u015b trudno\u015bci lub problemy podczas wykonywania instrukcji lub tworzenia niestandardowej mapy? Przeczytaj obszern\u0105 instrukcj\u0119 \u00ab<a href=\"https:\/\/elfsight.com\/tutorials\/how-to-add-store-locator-to-bigcommerce\/\" target=\"_blank\" rel=\"noopener noreferrer\">Jak umie\u015bci\u0107 map na stronie BigCommerce<\/a>\u00bb lub zostaw wiadomo\u015b\u0107 w centrum wsparcia Elfsight, a my z przyjemno\u015bci\u0105 pomo\u017cemy Ci w kszta\u0142towaniu i wstawianiu map na Twoj\u0105 witryn\u0119.<\/p>\n<div class=\"faq\" data-component=\"FAQ\">\n    <div class=\"faq-item\">\r\n\t\t\t\t\t<div class=\"faq-item-question\">\r\n\t\t\t\t\t\t<h3 class=\"faq-item-question-text\">Jak mog\u0119 doda\u0107 Google Maps do mojej witryny BigCommerce bez umiej\u0119tno\u015bci kodowania?<\/h3>\r\n\r\n\t\t\t\t\t\t<div class=\"faq-item-question-icon\"><\/div>\r\n\t\t\t\t\t<\/div>\r\n\r\n\t\t\t\t\t<div class=\"faq-item-answer\">\r\n\t\t\t\t\t\t<div class=\"faq-item-answer-text\">\n    <p>Elfsight zapewnia rozwi\u0105zanie SaaS, kt\u00f3re pozwala samodzielnie utworzy\u0107 wid\u017cet Map Google. Zobacz, jak \u0142atwy jest ten proces: Pracuj bezpo\u015brednio w edytorze online, aby utworzy\u0107 wid\u017cet Map Google, kt\u00f3ry chcesz chcia\u0142bym zobaczy\u0107 na Twojej stronie BigCommerce. Wybierz jeden z gotowych szablon\u00f3w i dostosuj ustawienia Map Google, dodaj tre\u015b\u0107, zmie\u0144 uk\u0142ad i kolory bez umiej\u0119tno\u015bci kodowania. Zapisz Mapy Google i skopiuj ich kod instalacyjny, aby\u015b m\u00f3g\u0142 \u0142atwo doda\u0107 swoj\u0105 witryn\u0119 BigCommerce bez konieczno\u015bci kupowania p\u0142atnej subskrypcji. Dzi\u0119ki naszemu intuicyjnemu edytorowi ka\u017cdy u\u017cytkownik Internetu mo\u017ce stworzy\u0107 wid\u017cet Map Google online i \u0142atwo osadzi\u0107 go na swojej stronie BigCommerce. Aby uzyska\u0107 dost\u0119p do us\u0142ugi, nie trzeba p\u0142aci\u0107 ani wprowadza\u0107 danych uwierzytelniaj\u0105cych karty. Je\u015bli na kt\u00f3rymkolwiek etapie napotkasz jakiekolwiek problemy, skontaktuj si\u0119 z naszym zespo\u0142em pomocy technicznej.<\/p>\n    <\/div>\r\n\t\t\t\t\t<\/div>\r\n\t\t\t\t<\/div>\n<\/div>\n<\/div>","protected":false},"excerpt":{"rendered":"","protected":false},"author":9,"featured_media":0,"parent":2191,"menu_order":0,"comment_status":"closed","ping_status":"closed","template":"templates\/template-application-platform.php","meta":{"publish_to_discourse":"","publish_post_category":"","wpdc_auto_publish_overridden":"","wpdc_topic_tags":"","wpdc_pin_topic":"","wpdc_pin_until":"","discourse_post_id":"","discourse_permalink":"","wpdc_publishing_response":"","wpdc_publishing_error":"","footnotes":""},"class_list":["post-5413","page","type-page","status-publish","hentry"],"yoast_head":"<!-- This site is optimized with the Yoast SEO plugin v25.3.1 - https:\/\/yoast.com\/wordpress\/plugins\/seo\/ -->\n<title>Mapy Google - dodaj aplikacj\u0119 Map do witryny BigCommerce<\/title>\n<meta name=\"description\" content=\"Wygeneruj niestandardow\u0105 aplikacj\u0119 Mapy Google dla witryny BigCommerce. Zainstaluj obszerne mapy w zaledwie 2 minuty za darmo w najszybszym edytorze wtyczek.\" \/>\n<meta name=\"robots\" content=\"index, follow, max-snippet:-1, max-image-preview:large, max-video-preview:-1\" \/>\n<link rel=\"canonical\" href=\"https:\/\/elfsight.com\/pl\/google-maps-widget\/bigcommerce\/\" \/>\n<meta property=\"og:locale\" content=\"pl_PL\" \/>\n<meta property=\"og:type\" content=\"article\" \/>\n<meta property=\"og:title\" content=\"Mapy Google - dodaj aplikacj\u0119 Map do witryny BigCommerce\" \/>\n<meta property=\"og:description\" content=\"Wygeneruj niestandardow\u0105 aplikacj\u0119 Mapy Google dla witryny BigCommerce. Zainstaluj obszerne mapy w zaledwie 2 minuty za darmo w najszybszym edytorze wtyczek.\" \/>\n<meta property=\"og:url\" content=\"https:\/\/elfsight.com\/pl\/google-maps-widget\/bigcommerce\/\" \/>\n<meta property=\"og:site_name\" content=\"Elfsight PL\" \/>\n<meta property=\"article:modified_time\" content=\"2025-06-26T15:16:46+00:00\" \/>\n<meta name=\"twitter:card\" content=\"summary_large_image\" \/>\n<meta name=\"twitter:label1\" content=\"Szacowany czas czytania\" \/>\n\t<meta name=\"twitter:data1\" content=\"3 minuty\" \/>\n<!-- \/ Yoast SEO plugin. -->","yoast_head_json":{"title":"Mapy Google - dodaj aplikacj\u0119 Map do witryny BigCommerce","description":"Wygeneruj niestandardow\u0105 aplikacj\u0119 Mapy Google dla witryny BigCommerce. Zainstaluj obszerne mapy w zaledwie 2 minuty za darmo w najszybszym edytorze wtyczek.","robots":{"index":"index","follow":"follow","max-snippet":"max-snippet:-1","max-image-preview":"max-image-preview:large","max-video-preview":"max-video-preview:-1"},"canonical":"https:\/\/elfsight.com\/pl\/google-maps-widget\/bigcommerce\/","og_locale":"pl_PL","og_type":"article","og_title":"Mapy Google - dodaj aplikacj\u0119 Map do witryny BigCommerce","og_description":"Wygeneruj niestandardow\u0105 aplikacj\u0119 Mapy Google dla witryny BigCommerce. Zainstaluj obszerne mapy w zaledwie 2 minuty za darmo w najszybszym edytorze wtyczek.","og_url":"https:\/\/elfsight.com\/pl\/google-maps-widget\/bigcommerce\/","og_site_name":"Elfsight PL","article_modified_time":"2025-06-26T15:16:46+00:00","twitter_card":"summary_large_image","twitter_misc":{"Szacowany czas czytania":"3 minuty"},"schema":{"@context":"https:\/\/schema.org","@graph":[{"@type":"WebPage","@id":"https:\/\/elfsight.com\/pl\/google-maps-widget\/bigcommerce\/","url":"https:\/\/elfsight.com\/pl\/google-maps-widget\/bigcommerce\/","name":"Mapy Google - dodaj aplikacj\u0119 Map do witryny BigCommerce","isPartOf":{"@id":"https:\/\/elfsight.com\/pl\/#website"},"datePublished":"2024-05-03T06:38:52+00:00","dateModified":"2025-06-26T15:16:46+00:00","description":"Wygeneruj niestandardow\u0105 aplikacj\u0119 Mapy Google dla witryny BigCommerce. Zainstaluj obszerne mapy w zaledwie 2 minuty za darmo w najszybszym edytorze wtyczek.","breadcrumb":{"@id":"https:\/\/elfsight.com\/pl\/google-maps-widget\/bigcommerce\/#breadcrumb"},"inLanguage":"pl-PL","potentialAction":[{"@type":"ReadAction","target":["https:\/\/elfsight.com\/pl\/google-maps-widget\/bigcommerce\/"]}]},{"@type":"BreadcrumbList","@id":"https:\/\/elfsight.com\/pl\/google-maps-widget\/bigcommerce\/#breadcrumb","itemListElement":[{"@type":"ListItem","position":1,"name":"Home","item":"https:\/\/elfsight.com\/pl\/"},{"@type":"ListItem","position":2,"name":"Google Maps","item":"https:\/\/elfsight.com\/pl\/google-maps-widget\/"},{"@type":"ListItem","position":3,"name":"Google Maps &#8211; BigCommerce"}]},{"@type":"WebSite","@id":"https:\/\/elfsight.com\/pl\/#website","url":"https:\/\/elfsight.com\/pl\/","name":"Elfsight PL","description":"Just another Elfsight Sites site","potentialAction":[{"@type":"SearchAction","target":{"@type":"EntryPoint","urlTemplate":"https:\/\/elfsight.com\/pl\/?s={search_term_string}"},"query-input":{"@type":"PropertyValueSpecification","valueRequired":true,"valueName":"search_term_string"}}],"inLanguage":"pl-PL"}]}},"meta_box":{"industry":"","seo_heading":"","heading":"","description":"","cta_heading":"","cta_description":"","application":"2190","h1":"Aplikacja Mapy Google dla BigCommerce","h1_caption":"Osad\u017a responsywn\u0105 map\u0119 Google, aby wy\u015bwietli\u0107 swoj\u0105 lokalizacj\u0119 lub wiele lokalizacji, aby u\u0142atwi\u0107 nawigacj\u0119 po witrynie BigCommerce bez wysi\u0142ku.","application_category":[],"applications_title":"","applications_request_title":"","applications_request_button_text":"","hero_text":"","hero_video":"","hero_video_schema_markup":"","selling_points_title":"","selling_points_caption":"","selling_points":[],"selling_points_cta_text":"","features_title":"","features":"","ed_cta_examples_text":"","ed_cta_examples_hidden":"","ed_cta_demo_text":"","ed_cta_demo_hidden":"","why_caption":"","why_editor_title":"","why_editor_text":"","why_team_title":"","why_team_text":"","why_service_title":"","why_service_text":"","template_catalog_visible":"0","template_catalog_title":"","template_catalog_text":"","template_catalog_categories_visible":"","demo_title":"Utw\u00f3rz aplikacj\u0119 Mapy Google","demo_caption":"Skonfiguruj swoje Mapy Google i dodaj je do swojej witryny BigCommerce za darmo!","default_faq_hidden":"","app_template_category":[],"platform":"41","template_public_id":"","codecanyon_url":"","codecanyon_item_id":"","codecanyon_price":"","pricing_caption":"","pricing_elfsight_apps_hide_column":"","pricing_elfsight_apps_url":"","pricing_codecanyon_price_caption":"","integration_category":[],"integration_request_title":"","integration_request_cta":"","integration_platform":"","integrations":[],"platform_category":[],"video_schema_markup":"","price":"od 0 USD \/ miesi\u0105c","trial":"","benefits":[{"text":"Bezp\u0142atna us\u0142uga monta\u017cu"},{"text":"Wyj\u0105tkowe wsparcie"},{"text":"14-dniowa gwarancja zwrotu pieni\u0119dzy"}],"button_url":"#demo","button_target_blank":"0","button_nofollow":"0","attributes":[{"name":"Instaluje"},{"name":"Czu\u0142y"},{"name":"Kompatybilne przegl\u0105darki"}],"tags":[],"tags_disable_links":"0","hide_more_platforms":"0","video_object":"","demo_hide_cta":"0","demo_hide_cloud_options":"0","pricing_title":"","pricing":[{"pricing_icon":"cloud","pricing_title":"Elfsight Apps","pricing_title_caption":"Wersja wieloplatformowa","pricing_price":"od 0 USD \/ miesi\u0105c","pricing_price_caption":"zacznij od bezp\u0142atnego planu","pricing_benefits":[{"text":"Nielimitowane domeny"},{"text":"Dedykowane wsparcie firmy"},{"text":"Bezp\u0142atna pomoc w monta\u017cu"},{"text":"W pe\u0142ni konfigurowalny"}],"pricing_button_text":"Dodaj do witryny","pricing_button_url":"#demo"}],"related_apps_title":"","related_apps_hidden":"0","author":"","image":[],"title":"","job":"","social_networks":[]},"_links":{"self":[{"href":"https:\/\/elfsight.com\/pl\/wp-json\/wp\/v2\/pages\/5413","targetHints":{"allow":["GET"]}}],"collection":[{"href":"https:\/\/elfsight.com\/pl\/wp-json\/wp\/v2\/pages"}],"about":[{"href":"https:\/\/elfsight.com\/pl\/wp-json\/wp\/v2\/types\/page"}],"author":[{"embeddable":true,"href":"https:\/\/elfsight.com\/pl\/wp-json\/wp\/v2\/users\/9"}],"replies":[{"embeddable":true,"href":"https:\/\/elfsight.com\/pl\/wp-json\/wp\/v2\/comments?post=5413"}],"version-history":[{"count":5,"href":"https:\/\/elfsight.com\/pl\/wp-json\/wp\/v2\/pages\/5413\/revisions"}],"predecessor-version":[{"id":10577,"href":"https:\/\/elfsight.com\/pl\/wp-json\/wp\/v2\/pages\/5413\/revisions\/10577"}],"up":[{"embeddable":true,"href":"https:\/\/elfsight.com\/pl\/wp-json\/wp\/v2\/pages\/2191"}],"wp:attachment":[{"href":"https:\/\/elfsight.com\/pl\/wp-json\/wp\/v2\/media?parent=5413"}],"curies":[{"name":"wp","href":"https:\/\/api.w.org\/{rel}","templated":true}]}}