{"id":5408,"date":"2024-05-03T06:38:51","date_gmt":"2024-05-03T06:38:51","guid":{"rendered":"https:\/\/elfsight.com\/pl\/?page_id=5408"},"modified":"2025-06-26T15:17:17","modified_gmt":"2025-06-26T15:17:17","slug":"blogger","status":"publish","type":"page","link":"https:\/\/elfsight.com\/pl\/google-maps-widget\/blogger\/","title":{"rendered":"Google Maps &#8211; Blogger"},"content":{"rendered":"<div class=\"application-platform-content-item-description application-platform-content-item\" id=\"description\" data-nav-section=\"description\"><h2>Opis<\/h2>\u0141atwy w instalacji, uniwersalny i konfigurowalny widget, kt\u00f3ry znacznie u\u0142atwia wyszukiwanie sklep\u00f3w dla Twoich klient\u00f3w. Skuteczne przyci\u0105ganie klient\u00f3w offline, szybka konfiguracja i dostosowywanie interfejsu sprawiaj\u0105, \u017ce jest to prawdopodobnie najlepszy widget dla ka\u017cdej witryny Bloggera.<b>Zdob\u0105d\u017a wi\u0119cej klient\u00f3w offline dzi\u0119ki najlepszym mapom w Twojej witrynie!<\/b><ul> <li> <b>Wi\u0119cej zapyta\u0144 od klient\u00f3w z Twojej strony<\/b>. Podaj pe\u0142ne dane kontaktowe (adres, numer telefonu, godziny otwarcia poczty itd.), aby Twoi przyszli klienci mogli kontaktowa\u0107 si\u0119 z Tob\u0105 dowoln\u0105 dogodn\u0105 dla nich metod\u0105.<\/li> <li><b>Wy\u015bwietl na mapie pe\u0142ny zestaw swoich sklep\u00f3w<\/b>. Wy\u015bwietl na mapie wszystkie dzia\u0142aj\u0105ce sklepy, miejsca sprzeda\u017cy lub kompletacji towar\u00f3w i pozw\u00f3l swoim klientom znale\u017a\u0107 najodpowiedniejszy sklep, a oni to zrobi\u0105 b\u0105d\u017a wdzi\u0119czny.<\/li> <li><b>Oszcz\u0119d\u017a sw\u00f3j wysi\u0142ek na tworzeniu map<\/b>. Dziesi\u0105tki opcji s\u0105 dost\u0119pne jedna po drugiej jednym klikni\u0119ciem myszy; skonstruuj maksymalnie efektywn\u0105 map\u0119 swojej witryny w zaledwie kilka minut.<\/li><\/ul><\/div><div class=\"application-platform-content-item-features application-platform-content-item\" id=\"features\" data-nav-section=\"features\"><h2>Funkcje<\/h2>Jakie funkcje sprawiaj\u0105, \u017ce nasza mapa jest najlepsza Twoja witryna Bloggera?<ul> <li>Automatyczne budowanie tras na podstawie lokalizacji odwiedzaj\u0105cego;<\/li> <li>Obs\u0142ugiwane s\u0105 wszystkie funkcje Map Google: warstwy, typy map, elementy steruj\u0105ce;<\/li> <li>Poka\u017c\/ukryj panel lokalizacji aby wy\u015bwietli\u0107 list\u0119 wielu dzia\u0142\u00f3w;<\/li> <li>5 predefiniowanych schemat\u00f3w kolor\u00f3w;<\/li> <li>Por\u0119czny edytor (nie wymaga kodowania).<\/li><\/ul><a href=\"#demo\">Test ca\u0142a lista funkcji w panelu!<\/a><\/div><div class=\"application-platform-content-item-installation application-platform-content-item\" id=\"installation\" data-nav-section=\"installation\"><h2>Jak doda\u0107 wid\u017cet Map Google do witryny Bloggera<\/h2><div class=\"video-container\"> <iframe width=\"720\" height=\"405\" src=\"https:\/\/www.youtube.com\/embed\/tSTjWhGTt3U\" frameborder=\"0\" allowfullscreen=\"\"><\/iframe><\/div>Kr\u00f3tka instrukcja na temat samodzielnego wy\u015bwietlania responsywnych map w Bloggerze. Aby to zrobi\u0107, nie musisz zaprasza\u0107 programisty ani osobi\u015bcie posiada\u0107 umiej\u0119tno\u015bci tworzenia stron internetowych. Ca\u0142kowity czas instalacji to tylko 4 minuty.<ol> <li><b>Utw\u00f3rz w\u0142asne mapy Google<\/b>. Korzystaj\u0105c z naszego bezp\u0142atnego konfiguratora, zmontuj wtyczk\u0119 z niezb\u0119dnym uk\u0142adem i funkcjami.<\/li> <li><b>Skopiuj kod do konfiguracji wtyczki<\/b>. Po skonfigurowaniu wid\u017cetu uzyskaj kod wtyczki Map z wy\u015bwietlonego powiadomienia w aplikacji Elfsight.<\/li> <li><b>Poka\u017c wtyczk\u0119 w witrynie Bloggera<\/b>.Dodaj wtyczk\u0119 w wybranym miejscu strony i opublikuj zmiany.<\/li> <li><b>Gotowe!<\/b>. Przejd\u017a do witryny Bloggera, aby sprawdzi\u0107 swoj\u0105 prac\u0119.<\/li><\/ol>Wyst\u0119puj\u0105 trudno\u015bci lub problemy podczas wykonywania samouczka lub ustawiania w\u0142asnej mapy? Zobacz pe\u0142n\u0105 instrukcj\u0119 \u00ab<a href=\"https:\/\/elfsight.com\/tutorials\/how-to-add-google-maps-builder-to-blogger\/\" target=\"_blank\" rel=\"noopener noreferrer\">Jak wy\u015bwietl map\u0119 w witrynie Bloggera<\/a>\u00bb lub napisz do naszego centrum pomocy, a zesp\u00f3\u0142 wsparcia z przyjemno\u015bci\u0105 pomo\u017ce Ci w tworzeniu i wy\u015bwietlaniu map w Twojej witrynie.<div class=\"faq\" data-component=\"FAQ\"><div class=\"faq-item\">\r\n\t\t\t\t\t<div class=\"faq-item-question\">\r\n\t\t\t\t\t\t<h3 class=\"faq-item-question-text\">Jak doda\u0107 Mapy Google do mojego Bloggera stron\u0119 internetow\u0105 bez umiej\u0119tno\u015bci kodowania?<\/h3>\r\n\r\n\t\t\t\t\t\t<div class=\"faq-item-question-icon\"><\/div>\r\n\t\t\t\t\t<\/div>\r\n\r\n\t\t\t\t\t<div class=\"faq-item-answer\">\r\n\t\t\t\t\t\t<div class=\"faq-item-answer-text\"> <p>Elfsight zapewnia rozwi\u0105zanie SaaS, kt\u00f3re pozwala samodzielnie utworzy\u0107 wid\u017cet Map Google. Zobacz, jak \u0142atwy jest ten proces: Pracuj bezpo\u015brednio w edytorze online, aby utworzy\u0107 wid\u017cet Map Google, w kt\u00f3rym chcesz go ogl\u0105da\u0107 Twoja witryna Bloggera. Wybierz jeden z gotowych szablon\u00f3w i dostosuj ustawienia Map Google, dodaj tre\u015b\u0107, zmie\u0144 uk\u0142ad i kolory bez umiej\u0119tno\u015bci kodowania. Zapisz Mapy Google i skopiuj ich kod instalacyjny, kt\u00f3ry mo\u017cesz po prostu umie\u015bci\u0107 na swojej stronie Bloggera, bez konieczno\u015bci kupowania p\u0142atnej subskrypcji. Dzi\u0119ki naszemu intuicyjnemu edytorowi ka\u017cdy u\u017cytkownik Internetu mo\u017ce stworzy\u0107 wid\u017cet Map Google online i \u0142atwo osadzi\u0107 go na swojej stronie Bloggera. Aby uzyska\u0107 dost\u0119p do us\u0142ugi, nie trzeba p\u0142aci\u0107 ani wprowadza\u0107 danych uwierzytelniaj\u0105cych karty. Je\u015bli na kt\u00f3rymkolwiek etapie napotkasz jakiekolwiek problemy, skontaktuj si\u0119 z naszym zespo\u0142em pomocy technicznej.<\/p> <\/div>\r\n\t\t\t\t\t<\/div>\r\n\t\t\t\t<\/div> <\/div><\/div>","protected":false},"excerpt":{"rendered":"","protected":false},"author":9,"featured_media":0,"parent":2191,"menu_order":0,"comment_status":"closed","ping_status":"closed","template":"templates\/template-application-platform.php","meta":{"publish_to_discourse":"","publish_post_category":"","wpdc_auto_publish_overridden":"","wpdc_topic_tags":"","wpdc_pin_topic":"","wpdc_pin_until":"","discourse_post_id":"","discourse_permalink":"","wpdc_publishing_response":"","wpdc_publishing_error":"","footnotes":""},"class_list":["post-5408","page","type-page","status-publish","hentry"],"yoast_head":"<!-- This site is optimized with the Yoast SEO plugin v25.3.1 - https:\/\/yoast.com\/wordpress\/plugins\/seo\/ -->\n<title>Mapy Google \u2014 dodaj wid\u017cet mapy do witryny Bloggera<\/title>\n<meta name=\"description\" content=\"Wypr\u00f3buj responsywny wid\u017cet Map Google dla witryny Bloggera. Wy\u015bwietlaj interaktywne mapy w zaledwie 1 minut\u0119 za darmo w najbardziej przydatnej wersji demonstracyjnej wtyczki.\" \/>\n<meta name=\"robots\" content=\"index, follow, max-snippet:-1, max-image-preview:large, max-video-preview:-1\" \/>\n<link rel=\"canonical\" href=\"https:\/\/elfsight.com\/pl\/google-maps-widget\/blogger\/\" \/>\n<meta property=\"og:locale\" content=\"pl_PL\" \/>\n<meta property=\"og:type\" content=\"article\" \/>\n<meta property=\"og:title\" content=\"Mapy Google \u2014 dodaj wid\u017cet mapy do witryny Bloggera\" \/>\n<meta property=\"og:description\" content=\"Wypr\u00f3buj responsywny wid\u017cet Map Google dla witryny Bloggera. Wy\u015bwietlaj interaktywne mapy w zaledwie 1 minut\u0119 za darmo w najbardziej przydatnej wersji demonstracyjnej wtyczki.\" \/>\n<meta property=\"og:url\" content=\"https:\/\/elfsight.com\/pl\/google-maps-widget\/blogger\/\" \/>\n<meta property=\"og:site_name\" content=\"Elfsight PL\" \/>\n<meta property=\"article:modified_time\" content=\"2025-06-26T15:17:17+00:00\" \/>\n<meta name=\"twitter:card\" content=\"summary_large_image\" \/>\n<meta name=\"twitter:label1\" content=\"Szacowany czas czytania\" \/>\n\t<meta name=\"twitter:data1\" content=\"3 minuty\" \/>\n<!-- \/ Yoast SEO plugin. -->","yoast_head_json":{"title":"Mapy Google \u2014 dodaj wid\u017cet mapy do witryny Bloggera","description":"Wypr\u00f3buj responsywny wid\u017cet Map Google dla witryny Bloggera. Wy\u015bwietlaj interaktywne mapy w zaledwie 1 minut\u0119 za darmo w najbardziej przydatnej wersji demonstracyjnej wtyczki.","robots":{"index":"index","follow":"follow","max-snippet":"max-snippet:-1","max-image-preview":"max-image-preview:large","max-video-preview":"max-video-preview:-1"},"canonical":"https:\/\/elfsight.com\/pl\/google-maps-widget\/blogger\/","og_locale":"pl_PL","og_type":"article","og_title":"Mapy Google \u2014 dodaj wid\u017cet mapy do witryny Bloggera","og_description":"Wypr\u00f3buj responsywny wid\u017cet Map Google dla witryny Bloggera. Wy\u015bwietlaj interaktywne mapy w zaledwie 1 minut\u0119 za darmo w najbardziej przydatnej wersji demonstracyjnej wtyczki.","og_url":"https:\/\/elfsight.com\/pl\/google-maps-widget\/blogger\/","og_site_name":"Elfsight PL","article_modified_time":"2025-06-26T15:17:17+00:00","twitter_card":"summary_large_image","twitter_misc":{"Szacowany czas czytania":"3 minuty"},"schema":{"@context":"https:\/\/schema.org","@graph":[{"@type":"WebPage","@id":"https:\/\/elfsight.com\/pl\/google-maps-widget\/blogger\/","url":"https:\/\/elfsight.com\/pl\/google-maps-widget\/blogger\/","name":"Mapy Google \u2014 dodaj wid\u017cet mapy do witryny Bloggera","isPartOf":{"@id":"https:\/\/elfsight.com\/pl\/#website"},"datePublished":"2024-05-03T06:38:51+00:00","dateModified":"2025-06-26T15:17:17+00:00","description":"Wypr\u00f3buj responsywny wid\u017cet Map Google dla witryny Bloggera. Wy\u015bwietlaj interaktywne mapy w zaledwie 1 minut\u0119 za darmo w najbardziej przydatnej wersji demonstracyjnej wtyczki.","breadcrumb":{"@id":"https:\/\/elfsight.com\/pl\/google-maps-widget\/blogger\/#breadcrumb"},"inLanguage":"pl-PL","potentialAction":[{"@type":"ReadAction","target":["https:\/\/elfsight.com\/pl\/google-maps-widget\/blogger\/"]}]},{"@type":"BreadcrumbList","@id":"https:\/\/elfsight.com\/pl\/google-maps-widget\/blogger\/#breadcrumb","itemListElement":[{"@type":"ListItem","position":1,"name":"Home","item":"https:\/\/elfsight.com\/pl\/"},{"@type":"ListItem","position":2,"name":"Google Maps","item":"https:\/\/elfsight.com\/pl\/google-maps-widget\/"},{"@type":"ListItem","position":3,"name":"Google Maps &#8211; Blogger"}]},{"@type":"WebSite","@id":"https:\/\/elfsight.com\/pl\/#website","url":"https:\/\/elfsight.com\/pl\/","name":"Elfsight PL","description":"Just another Elfsight Sites site","potentialAction":[{"@type":"SearchAction","target":{"@type":"EntryPoint","urlTemplate":"https:\/\/elfsight.com\/pl\/?s={search_term_string}"},"query-input":{"@type":"PropertyValueSpecification","valueRequired":true,"valueName":"search_term_string"}}],"inLanguage":"pl-PL"}]}},"meta_box":{"industry":"","seo_heading":"","heading":"","description":"","cta_heading":"","cta_description":"","application":"2190","h1":"Wid\u017cet Map Google dla Bloggera","h1_caption":"Osad\u017a responsywn\u0105 map\u0119 Google, aby wy\u015bwietla\u0107 swoj\u0105 lokalizacj\u0119 lub wiele lokalizacji, co u\u0142atwi nawigacj\u0119 po witrynie Bloggera.","application_category":[],"applications_title":"","applications_request_title":"","applications_request_button_text":"","hero_text":"","hero_video":"","hero_video_schema_markup":"","selling_points_title":"","selling_points_caption":"","selling_points":[],"selling_points_cta_text":"","features_title":"","features":"","ed_cta_examples_text":"","ed_cta_examples_hidden":"","ed_cta_demo_text":"","ed_cta_demo_hidden":"","why_caption":"","why_editor_title":"","why_editor_text":"","why_team_title":"","why_team_text":"","why_service_title":"","why_service_text":"","template_catalog_visible":"0","template_catalog_title":"","template_catalog_text":"","template_catalog_categories_visible":"","demo_title":"Utw\u00f3rz wid\u017cet Map Google","demo_caption":"Skonfiguruj swoje Mapy Google i dodaj je do swojej witryny Bloggera za darmo!","default_faq_hidden":"","app_template_category":[],"platform":"44","template_public_id":"","codecanyon_url":"","codecanyon_item_id":"","codecanyon_price":"","pricing_caption":"","pricing_elfsight_apps_hide_column":"","pricing_elfsight_apps_url":"","pricing_codecanyon_price_caption":"","integration_category":[],"integration_request_title":"","integration_request_cta":"","integration_platform":"","integrations":[],"platform_category":[],"video_schema_markup":"","price":"od 0 USD \/ miesi\u0105c","trial":"","benefits":[{"text":"Bezp\u0142atna pomoc w monta\u017cu"},{"text":"Profesjonalna obs\u0142uga klienta"},{"text":"14-dniowa gwarancja zwrotu pieni\u0119dzy"}],"button_url":"#demo","button_target_blank":"0","button_nofollow":"0","attributes":[{"name":"Instaluje"},{"name":"Czu\u0142y"},{"name":"Kompatybilne przegl\u0105darki"}],"tags":[],"tags_disable_links":"0","hide_more_platforms":"0","video_object":"","demo_hide_cta":"0","demo_hide_cloud_options":"0","pricing_title":"","pricing":[{"pricing_icon":"platform","pricing_title":"Blogger widget","pricing_title_caption":"Wieloplatformowe rozwi\u0105zanie cyfrowe, kt\u00f3re pasuje do ka\u017cdej witryny","pricing_price":"od 0 USD \/ miesi\u0105c","pricing_price_caption":"zacznij od bezp\u0142atnego planu","pricing_benefits":[{"text":"Nielimitowane strony internetowe"},{"text":"Dedykowane wsparcie firmy i dobrze udokumentowane"},{"text":"Bezp\u0142atna pomoc w instalacji"},{"text":"100% konfigurowalny"}],"pricing_button_text":"Dodaj do witryny","pricing_button_url":"#demo"}],"related_apps_title":"","related_apps_hidden":"0","author":"","image":[],"title":"","job":"","social_networks":[]},"_links":{"self":[{"href":"https:\/\/elfsight.com\/pl\/wp-json\/wp\/v2\/pages\/5408","targetHints":{"allow":["GET"]}}],"collection":[{"href":"https:\/\/elfsight.com\/pl\/wp-json\/wp\/v2\/pages"}],"about":[{"href":"https:\/\/elfsight.com\/pl\/wp-json\/wp\/v2\/types\/page"}],"author":[{"embeddable":true,"href":"https:\/\/elfsight.com\/pl\/wp-json\/wp\/v2\/users\/9"}],"replies":[{"embeddable":true,"href":"https:\/\/elfsight.com\/pl\/wp-json\/wp\/v2\/comments?post=5408"}],"version-history":[{"count":3,"href":"https:\/\/elfsight.com\/pl\/wp-json\/wp\/v2\/pages\/5408\/revisions"}],"predecessor-version":[{"id":10578,"href":"https:\/\/elfsight.com\/pl\/wp-json\/wp\/v2\/pages\/5408\/revisions\/10578"}],"up":[{"embeddable":true,"href":"https:\/\/elfsight.com\/pl\/wp-json\/wp\/v2\/pages\/2191"}],"wp:attachment":[{"href":"https:\/\/elfsight.com\/pl\/wp-json\/wp\/v2\/media?parent=5408"}],"curies":[{"name":"wp","href":"https:\/\/api.w.org\/{rel}","templated":true}]}}