{"id":5407,"date":"2024-05-03T06:38:50","date_gmt":"2024-05-03T06:38:50","guid":{"rendered":"https:\/\/elfsight.com\/pl\/?page_id=5407"},"modified":"2025-06-26T15:17:56","modified_gmt":"2025-06-26T15:17:56","slug":"drupal","status":"publish","type":"page","link":"https:\/\/elfsight.com\/pl\/google-maps-widget\/drupal\/","title":{"rendered":"Google Maps &#8211; Drupal"},"content":{"rendered":"<div class=\"application-platform-content-item-description application-platform-content-item\" id=\"description\" data-nav-section=\"description\"><h2>Opis<\/h2>Proste dodawanie, funkcjonalne i ca\u0142kowicie spersonalizowane narz\u0119dzie, kt\u00f3re naprawd\u0119 u\u0142atwia wyszukiwanie lokalizacji dla Twoich u\u017cytkownik\u00f3w. Dzi\u0119ki temu przyci\u0105ga prawdziwych klient\u00f3w, \u0142atwa instalacja i dostosowywanie interfejsu czyni go jednym z najlepszych narz\u0119dzi dla ka\u017cdej witryny Drupal.<b>Ukszta\u0142tuj wi\u0119cej prawdziwych klient\u00f3w, korzystaj\u0105c z inteligentnych map w swojej witrynie!<\/b><ul> <li><b>Wi\u0119cej kontakt\u00f3w kupuj\u0105cych z Twojej witryny<\/b>. Dodaj szczeg\u00f3\u0142owe informacje kontaktowe (lokalizacja, telefon, godziny pracy komunikatora itd.), aby Twoi potencjalni klienci mogli skontaktowa\u0107 si\u0119 z Tob\u0105 w dowolnym momencie ich spos\u00f3b.<\/li> <li><b>Poka\u017c pe\u0142n\u0105 list\u0119 swoich dzia\u0142\u00f3w na mapie<\/b>.Dodaj na mapie wszystkie dost\u0119pne punkty, miejsca sprzeda\u017cy lub kompletacji towar\u00f3w i pozw\u00f3l swoim klientom korzysta\u0107 z maksymalnej liczby u\u017cytkownik\u00f3w -przyjazna lokalizacja, a u\u017cytkownicy b\u0119d\u0105 zadowoleni.<\/li> <li><b>Automatyczne rysowanie trasy do Twojego adresu<\/b>.Nie pozwalaj klientom opuszcza\u0107 Twojej witryny, gdy s\u0105 ju\u017c prawie gotowi do skontaktowania si\u0119 z Tob\u0105. Zbuduj tras\u0119 do swojego miejsca bezpo\u015brednio na mapie dla wszystkich u\u017cytkownik\u00f3w!<\/li><\/ul><\/div><div class=\"application-platform-content-item-features application-platform-content-item\" id=\"features\" data-nav-section=\"features\"><h2>Funkcje<\/h2>Jakie zalety sprawiaj\u0105, \u017ce mapa Elfsight jest najlepsza dla ka\u017cdej witryny Drupal?<ul> <li>R\u00f3\u017cne znaczniki lokalizacji na interaktywnej mapie;<\/li> <li>4 typy map: mapa drogowa, satelitarna, hybrydowa, terenowa;<\/li> <li>Edytuj tytu\u0142 panelu lokalizacji i wybierz elementy;<\/li> <li>3 typy animacji znacznik\u00f3w;<\/li> <li>Obs\u0142ugiwane ponad 60 j\u0119zyk\u00f3w.<\/li><\/ul><a href=\"#demo\">Odkryj pe\u0142ny zestaw zalet w redaktorze!<\/a><\/div><div class=\"application-platform-content-item-installation application-platform-content-item\" id=\"installation\" data-nav-section=\"installation\"><h2>Jak doda\u0107 modu\u0142 Google Maps do strony Drupal<\/h2><div class=\"video-container\"><iframe width=\"720\" height=\"405\" src=\"https:\/\/www.youtube.com\/embed\/zgDr5Jq1KQE\" frameborder=\"0\" allowfullscreen=\"\"><\/iframe><\/div>Wystarczy wykona\u0107 kroki podane poni\u017cej, aby wstawi\u0107 narz\u0119dzie na Drupalu.<ol> <li><b>Skorzystaj z naszego darmowego edytora i zacznij tworzy\u0107 sw\u00f3j spersonalizowany modu\u0142. <\/b>Okre\u015bl niestandardowy wygl\u0105d i parametry modu\u0142u oraz zastosuj poprawki.<\/li> <li><b>Wy\u015bwietl indywidualny kod w oknie aplikacji Elfsight. <\/b>Gdy tylko zako\u0144czy si\u0119 konfiguracja modu\u0142u Map Google, skopiuj ekskluzywny kod z wy\u015bwietlonego pola i zachowaj go na p\u00f3\u017aniej.<\/li> <li><b>Rozpocznij korzystanie z narz\u0119dzia na stronie Drupal . <\/b>Zaimplementuj zapisany ostatnio kod na swojej stronie i zapisz ulepszenia.<\/li> <li><b>Gotowe! Integracja zako\u0144czy\u0142a si\u0119 pomy\u015blnie. <\/b>Odwied\u017a swoj\u0105 witryn\u0119, aby sprawdzi\u0107 dzia\u0142anie modu\u0142u.<\/li><\/ol>Masz trudno\u015bci lub pytania podczas wykonywania przewodnika lub konfigurowania unikalnej mapy? Sprawd\u017a szczeg\u00f3\u0142owy samouczek \u00ab<a href=\"https:\/\/elfsight.com\/tutorials\/how-to-add-google-maps-builder-to-drupal\/\" target=\"_blank\" rel=\"noopener noreferrer\">Jak wstaw map\u0119 do witryny Drupala<\/a>\u00bb lub skontaktuj si\u0119 z obs\u0142ug\u0105 klienta, a nasi programi\u015bci ch\u0119tnie pomog\u0105 Ci w projektowaniu i dodawaniu map na Twojej stronie.<div class=\"faq\" data-component=\"FAQ\"><div class=\"faq-item\">\r\n\t\t\t\t\t<div class=\"faq-item-question\">\r\n\t\t\t\t\t\t<h3 class=\"faq-item-question-text\">Jak mog\u0119 doda\u0107 Mapy Google do mojego Drupala stron\u0119 internetow\u0105 bez umiej\u0119tno\u015bci kodowania?<\/h3>\r\n\r\n\t\t\t\t\t\t<div class=\"faq-item-question-icon\"><\/div>\r\n\t\t\t\t\t<\/div>\r\n\r\n\t\t\t\t\t<div class=\"faq-item-answer\">\r\n\t\t\t\t\t\t<div class=\"faq-item-answer-text\"> <p>Elfsight zapewnia rozwi\u0105zanie SaaS, kt\u00f3re pozwala samodzielnie utworzy\u0107 wid\u017cet Map Google. Zobacz, jak \u0142atwy jest ten proces: Pracuj bezpo\u015brednio w edytorze online, aby utworzy\u0107 wid\u017cet Map Google, w kt\u00f3rym chcesz go ogl\u0105da\u0107 Twoja witryna Drupal. Wybierz jeden z gotowych szablon\u00f3w i dostosuj ustawienia Map Google, dodaj tre\u015b\u0107, zmie\u0144 uk\u0142ad i kolory bez umiej\u0119tno\u015bci kodowania. Zapisz Google Maps i skopiuj jego kod instalacyjny, kt\u00f3ry mo\u017cesz \u0142atwo wklei\u0107 na swojej stronie Drupal, bez konieczno\u015bci wykupywania p\u0142atnej subskrypcji. Dzi\u0119ki naszemu intuicyjnemu Edytorowi ka\u017cdy u\u017cytkownik Internetu mo\u017ce stworzy\u0107 wid\u017cet Map Google online i \u0142atwo osadzi\u0107 go na swojej stronie Drupal. Aby uzyska\u0107 dost\u0119p do us\u0142ugi, nie trzeba p\u0142aci\u0107 ani wprowadza\u0107 danych uwierzytelniaj\u0105cych karty. Je\u015bli na kt\u00f3rymkolwiek etapie napotkasz jakiekolwiek problemy, skontaktuj si\u0119 z naszym zespo\u0142em pomocy technicznej.<\/p> <\/div>\r\n\t\t\t\t\t<\/div>\r\n\t\t\t\t<\/div> <\/div><\/div>","protected":false},"excerpt":{"rendered":"","protected":false},"author":9,"featured_media":0,"parent":2191,"menu_order":0,"comment_status":"closed","ping_status":"closed","template":"templates\/template-application-platform.php","meta":{"publish_to_discourse":"","publish_post_category":"","wpdc_auto_publish_overridden":"","wpdc_topic_tags":"","wpdc_pin_topic":"","wpdc_pin_until":"","discourse_post_id":"","discourse_permalink":"","wpdc_publishing_response":"","wpdc_publishing_error":"","footnotes":""},"class_list":["post-5407","page","type-page","status-publish","hentry"],"yoast_head":"<!-- This site is optimized with the Yoast SEO plugin v25.3.1 - https:\/\/yoast.com\/wordpress\/plugins\/seo\/ -->\n<title>Mapy Google - Dodaj modu\u0142 Map do witryny Drupal<\/title>\n<meta name=\"description\" content=\"Zaprojektuj dostosowany modu\u0142 Google Maps dla witryny Drupal. Wstawiaj obszerne mapy w zaledwie 1 minut\u0119 za darmo w naj\u0142atwiejszym edytorze wtyczek.\" \/>\n<meta name=\"robots\" content=\"index, follow, max-snippet:-1, max-image-preview:large, max-video-preview:-1\" \/>\n<link rel=\"canonical\" href=\"https:\/\/elfsight.com\/pl\/google-maps-widget\/drupal\/\" \/>\n<meta property=\"og:locale\" content=\"pl_PL\" \/>\n<meta property=\"og:type\" content=\"article\" \/>\n<meta property=\"og:title\" content=\"Mapy Google - Dodaj modu\u0142 Map do witryny Drupal\" \/>\n<meta property=\"og:description\" content=\"Zaprojektuj dostosowany modu\u0142 Google Maps dla witryny Drupal. Wstawiaj obszerne mapy w zaledwie 1 minut\u0119 za darmo w naj\u0142atwiejszym edytorze wtyczek.\" \/>\n<meta property=\"og:url\" content=\"https:\/\/elfsight.com\/pl\/google-maps-widget\/drupal\/\" \/>\n<meta property=\"og:site_name\" content=\"Elfsight PL\" \/>\n<meta property=\"article:modified_time\" content=\"2025-06-26T15:17:56+00:00\" \/>\n<meta name=\"twitter:card\" content=\"summary_large_image\" \/>\n<meta name=\"twitter:label1\" content=\"Szacowany czas czytania\" \/>\n\t<meta name=\"twitter:data1\" content=\"3 minuty\" \/>\n<!-- \/ Yoast SEO plugin. -->","yoast_head_json":{"title":"Mapy Google - Dodaj modu\u0142 Map do witryny Drupal","description":"Zaprojektuj dostosowany modu\u0142 Google Maps dla witryny Drupal. Wstawiaj obszerne mapy w zaledwie 1 minut\u0119 za darmo w naj\u0142atwiejszym edytorze wtyczek.","robots":{"index":"index","follow":"follow","max-snippet":"max-snippet:-1","max-image-preview":"max-image-preview:large","max-video-preview":"max-video-preview:-1"},"canonical":"https:\/\/elfsight.com\/pl\/google-maps-widget\/drupal\/","og_locale":"pl_PL","og_type":"article","og_title":"Mapy Google - Dodaj modu\u0142 Map do witryny Drupal","og_description":"Zaprojektuj dostosowany modu\u0142 Google Maps dla witryny Drupal. Wstawiaj obszerne mapy w zaledwie 1 minut\u0119 za darmo w naj\u0142atwiejszym edytorze wtyczek.","og_url":"https:\/\/elfsight.com\/pl\/google-maps-widget\/drupal\/","og_site_name":"Elfsight PL","article_modified_time":"2025-06-26T15:17:56+00:00","twitter_card":"summary_large_image","twitter_misc":{"Szacowany czas czytania":"3 minuty"},"schema":{"@context":"https:\/\/schema.org","@graph":[{"@type":"WebPage","@id":"https:\/\/elfsight.com\/pl\/google-maps-widget\/drupal\/","url":"https:\/\/elfsight.com\/pl\/google-maps-widget\/drupal\/","name":"Mapy Google - Dodaj modu\u0142 Map do witryny Drupal","isPartOf":{"@id":"https:\/\/elfsight.com\/pl\/#website"},"datePublished":"2024-05-03T06:38:50+00:00","dateModified":"2025-06-26T15:17:56+00:00","description":"Zaprojektuj dostosowany modu\u0142 Google Maps dla witryny Drupal. Wstawiaj obszerne mapy w zaledwie 1 minut\u0119 za darmo w naj\u0142atwiejszym edytorze wtyczek.","breadcrumb":{"@id":"https:\/\/elfsight.com\/pl\/google-maps-widget\/drupal\/#breadcrumb"},"inLanguage":"pl-PL","potentialAction":[{"@type":"ReadAction","target":["https:\/\/elfsight.com\/pl\/google-maps-widget\/drupal\/"]}]},{"@type":"BreadcrumbList","@id":"https:\/\/elfsight.com\/pl\/google-maps-widget\/drupal\/#breadcrumb","itemListElement":[{"@type":"ListItem","position":1,"name":"Home","item":"https:\/\/elfsight.com\/pl\/"},{"@type":"ListItem","position":2,"name":"Google Maps","item":"https:\/\/elfsight.com\/pl\/google-maps-widget\/"},{"@type":"ListItem","position":3,"name":"Google Maps &#8211; Drupal"}]},{"@type":"WebSite","@id":"https:\/\/elfsight.com\/pl\/#website","url":"https:\/\/elfsight.com\/pl\/","name":"Elfsight PL","description":"Just another Elfsight Sites site","potentialAction":[{"@type":"SearchAction","target":{"@type":"EntryPoint","urlTemplate":"https:\/\/elfsight.com\/pl\/?s={search_term_string}"},"query-input":{"@type":"PropertyValueSpecification","valueRequired":true,"valueName":"search_term_string"}}],"inLanguage":"pl-PL"}]}},"meta_box":{"industry":"","seo_heading":"","heading":"","description":"","cta_heading":"","cta_description":"","application":"2190","h1":"Modu\u0142 Google Maps dla Drupala","h1_caption":"Osad\u017a responsywn\u0105 map\u0119 Google, aby wy\u015bwietli\u0107 swoj\u0105 lokalizacj\u0119 lub wiele lokalizacji, aby u\u0142atwi\u0107 nawigacj\u0119 po witrynie Drupal.","application_category":[],"applications_title":"","applications_request_title":"","applications_request_button_text":"","hero_text":"","hero_video":"","hero_video_schema_markup":"","selling_points_title":"","selling_points_caption":"","selling_points":[],"selling_points_cta_text":"","features_title":"","features":"","ed_cta_examples_text":"","ed_cta_examples_hidden":"","ed_cta_demo_text":"","ed_cta_demo_hidden":"","why_caption":"","why_editor_title":"","why_editor_text":"","why_team_title":"","why_team_text":"","why_service_title":"","why_service_text":"","template_catalog_visible":"0","template_catalog_title":"","template_catalog_text":"","template_catalog_categories_visible":"","demo_title":"Utw\u00f3rz modu\u0142 Map Google","demo_caption":"Skonfiguruj swoje Mapy Google i dodaj je do swojej witryny Drupal za darmo!","default_faq_hidden":"","app_template_category":[],"platform":"47","template_public_id":"","codecanyon_url":"","codecanyon_item_id":"","codecanyon_price":"","pricing_caption":"","pricing_elfsight_apps_hide_column":"","pricing_elfsight_apps_url":"","pricing_codecanyon_price_caption":"","integration_category":[],"integration_request_title":"","integration_request_cta":"","integration_platform":"","integrations":[],"platform_category":[],"video_schema_markup":"","price":"od 0 USD \/ miesi\u0105c","trial":"","benefits":[{"text":"Bezp\u0142atna us\u0142uga monta\u017cu"},{"text":"Wsparcie premium"},{"text":"14-dniowa gwarancja zwrotu pieni\u0119dzy"}],"button_url":"#demo","button_target_blank":"0","button_nofollow":"0","attributes":[{"name":"Instaluje"},{"name":"Czu\u0142y"},{"name":"Kompatybilne przegl\u0105darki"}],"tags":[],"tags_disable_links":"0","hide_more_platforms":"0","video_object":"","demo_hide_cta":"0","demo_hide_cloud_options":"0","pricing_title":"","pricing":[{"pricing_icon":"cloud","pricing_title":"Elfsight Apps","pricing_title_caption":"Oprogramowanie wieloplatformowe, kt\u00f3re pasuje do ka\u017cdej witryny internetowej","pricing_price":"od 0 USD \/ miesi\u0105c","pricing_price_caption":"zacznij od bezp\u0142atnego planu","pricing_benefits":[{"text":"Nielimitowane domeny"},{"text":"Profesjonalne i terminowe wsparcie"},{"text":"Bezp\u0142atna pomoc w monta\u017cu"},{"text":"Specjalna oferta na wiele aplikacji"}],"pricing_button_text":"Dodaj do witryny","pricing_button_url":"#demo"}],"related_apps_title":"","related_apps_hidden":"0","author":"","image":[],"title":"","job":"","social_networks":[]},"_links":{"self":[{"href":"https:\/\/elfsight.com\/pl\/wp-json\/wp\/v2\/pages\/5407","targetHints":{"allow":["GET"]}}],"collection":[{"href":"https:\/\/elfsight.com\/pl\/wp-json\/wp\/v2\/pages"}],"about":[{"href":"https:\/\/elfsight.com\/pl\/wp-json\/wp\/v2\/types\/page"}],"author":[{"embeddable":true,"href":"https:\/\/elfsight.com\/pl\/wp-json\/wp\/v2\/users\/9"}],"replies":[{"embeddable":true,"href":"https:\/\/elfsight.com\/pl\/wp-json\/wp\/v2\/comments?post=5407"}],"version-history":[{"count":3,"href":"https:\/\/elfsight.com\/pl\/wp-json\/wp\/v2\/pages\/5407\/revisions"}],"predecessor-version":[{"id":10579,"href":"https:\/\/elfsight.com\/pl\/wp-json\/wp\/v2\/pages\/5407\/revisions\/10579"}],"up":[{"embeddable":true,"href":"https:\/\/elfsight.com\/pl\/wp-json\/wp\/v2\/pages\/2191"}],"wp:attachment":[{"href":"https:\/\/elfsight.com\/pl\/wp-json\/wp\/v2\/media?parent=5407"}],"curies":[{"name":"wp","href":"https:\/\/api.w.org\/{rel}","templated":true}]}}