{"id":5406,"date":"2024-05-03T06:38:49","date_gmt":"2024-05-03T06:38:49","guid":{"rendered":"https:\/\/elfsight.com\/pl\/?page_id=5406"},"modified":"2026-02-19T10:10:41","modified_gmt":"2026-02-19T10:10:41","slug":"html","status":"publish","type":"page","link":"https:\/\/elfsight.com\/pl\/google-maps-widget\/html\/","title":{"rendered":"Google Maps &#8211; HTML"},"content":{"rendered":"<div class=\"application-platform-content-item-description application-platform-content-item\" id=\"description\" data-nav-section=\"description\">\n<h2>Opis<\/h2>\n<p>Bezproblemowa konfiguracja, uniwersalny i ca\u0142kowicie niestandardowy widget u\u0142atwia znajdowanie lokalizacji dla Twoich klient\u00f3w. Produktywny w pozyskiwaniu klient\u00f3w offline, \u0142atwy w instalacji i konfiguracji sprawiaj\u0105, \u017ce jest to prawdopodobnie najlepsze narz\u0119dzie dla ka\u017cdej witryny HTML.<\/p>\n<p><b>Zbuduj wi\u0119cej klient\u00f3w offline, korzystaj\u0105c z interaktywnych map na swojej stronie!<\/b><\/p>\n<ul>\n    <li><b>Wi\u0119cej zam\u00f3wie\u0144 od klient\u00f3w Twojej witryny<\/b>.<br>Umie\u015b\u0107 wyczerpuj\u0105ce informacje kontaktowe (adres, telefon i komunikator, dane operacyjne itd.), aby Twoje mo\u017cliwe klienci mog\u0105 skontaktowa\u0107 si\u0119 z Tob\u0105 w dowolny dla nich spos\u00f3b.<\/li>\n    <li><b>Znajd\u017a i zdob\u0105d\u017a lokalnych klient\u00f3w<\/b>.<br>Wy\u015bwietlaj swoje wsp\u00f3\u0142rz\u0119dne, aby klienci zrozumieli, \u017ce jeste\u015b blisko i mog\u0105 szybko udaj\u0105 si\u0119 do Twojego sklepu.<\/li>\n    <li><b>Automatyczne obliczanie trasy do Twojego miejsca<\/b>.<br>Nie pozw\u00f3l, aby klienci opu\u015bcili Twoj\u0105 witryn\u0119, gdy maj\u0105 si\u0119 do Ciebie zwr\u00f3ci\u0107. Poka\u017c ka\u017cdemu klientowi drog\u0119 do swojej lokalizacji bezpo\u015brednio na mapie!<\/li>\n<\/ul>\n<\/div>\n\n<div class=\"application-platform-content-item-features application-platform-content-item\" id=\"features\" data-nav-section=\"features\">\n<h2>Funkcje<\/h2>\n<p>Jakie funkcje zmieniaj\u0105 nasz\u0105 map\u0119 zakodowa\u0107 najlepsz\u0105 dla ka\u017cdej witryny HTML?<\/p>\n<ul>\n    <li>Dodawanie nowej lokalizacji poprzez wpisanie tylko jej adresu, nazwy lub wsp\u00f3\u0142rz\u0119dnych;<\/li>\n    <li>5 warstw Map Google: POI, ruch drogowy, Transport, Rower, Widok ulicy;<\/li>\n    <li>Edytuj tytu\u0142 panelu lokalizacji i wybierz elementy;<\/li>\n    <li>Dwa typy animacji znacznika: upuszczenie lub odbicie;<\/li>\n    <li>Dost\u0119pne regularne aktualizacje na \u017cywo.<\/li>\n<\/ul>\n<p><a href=\"#demo\">Zobacz pe\u0142n\u0105 list\u0119 cech w panelu!<\/a><\/p>\n<\/div>\n\n<div class=\"application-platform-content-item-installation application-platform-content-item\" id=\"installation\" data-nav-section=\"installation\">\n<h2>Jak osadzi\u0107 wid\u017cet Map Google w witrynie HTML<\/h2>\n<div class=\"video-container\"><iframe allowfullscreen=\"\" frameborder=\"0\" height=\"405\" src=\"https:\/\/www.youtube.com\/embed\/eCV4EoWpRv4?si=qHXTZpz3avpyLQsK\" width=\"720\"><\/iframe><\/div>\n<p>Zwi\u0119z\u0142y przewodnik na temat samodzielnego tworzenia responsywnych map w formacie HTML. Aby to zrobi\u0107, nie musisz zaprasza\u0107 programisty ani osobi\u015bcie posiada\u0107 wiedzy z zakresu kodowania. Ca\u0142kowity czas konfiguracji to tylko kilka minut.<\/p>\n<ol>\n    <li><b>Tw\u00f3rz spersonalizowane mapy Google<\/b>.<br>Korzystaj\u0105c z naszej bezp\u0142atnej wersji demonstracyjnej, utw\u00f3rz wtyczk\u0119 o preferowanym wygl\u0105dzie i funkcjach.<\/li>\n    <li><b>Zdob\u0105d\u017a kod do integracji wtyczki<\/b>.<br>Po dostrojeniu wid\u017cetu odbierz kod wtyczki Map z wyskakuj\u0105cego okna aplikacji Elfsight.<\/li>\n    <li><b>Wstaw widget do witryny HTML<\/b>.<br>Uruchom kod strony w edytorze HTML, umie\u015b\u0107 widget w \u017c\u0105danym miejscu (tre\u015b\u0107, stopka, pasek boczny itp.) i opublikuj zmiany.<\/li>\n    <li><b>Instalacja przebieg\u0142a pomy\u015blnie<\/b>.<br>Otw\u00f3rz witryn\u0119 HTML, aby zobaczy\u0107 swoj\u0105 wtyczk\u0119.<\/li>\n<\/ol>\n<p>Wyst\u0119puj\u0105 trudno\u015bci lub problemy podczas konfigurowania mapy osobistej? Przeczytaj obszerny podr\u0119cznik \u00ab<a href=\"https:\/\/elfsight.com\/tutorials\/how-to-add-google-maps-builder-to-html\/\" target=\"_blank\" rel=\"noopener noreferrer\">Jak Zainstaluj map\u0119 na stronie HTML<\/a>\u00bb lub skontaktuj si\u0119 z centrum wsparcia Elfsight, a my z przyjemno\u015bci\u0105 pomo\u017cemy Ci w tworzeniu i dodawaniu map na Twojej stronie.<\/p>\n<div class=\"faq\" data-component=\"FAQ\">\n    <div class=\"faq-item\">\r\n\t\t\t\t\t<div class=\"faq-item-question\">\r\n\t\t\t\t\t\t<h3 class=\"faq-item-question-text\">Jak mog\u0119 doda\u0107 Google Mapy do mojej witryny HTML bez umiej\u0119tno\u015bci kodowania?<\/h3>\r\n\r\n\t\t\t\t\t\t<div class=\"faq-item-question-icon\"><\/div>\r\n\t\t\t\t\t<\/div>\r\n\r\n\t\t\t\t\t<div class=\"faq-item-answer\">\r\n\t\t\t\t\t\t<div class=\"faq-item-answer-text\">\n    <p>Elfsight zapewnia rozwi\u0105zanie SaaS, kt\u00f3re pozwala samodzielnie utworzy\u0107 wid\u017cet Map Google. Zobacz, jak \u0142atwy jest ten proces: Pracuj bezpo\u015brednio w edytorze online, aby utworzy\u0107 wid\u017cet Map Google, kt\u00f3ry chcia\u0142by\u015b chcia\u0142by\u015b zobaczy\u0107 na swojej stronie HTML. Wybierz jeden z gotowych szablon\u00f3w i dostosuj ustawienia Map Google, dodaj tre\u015b\u0107, zmie\u0144 uk\u0142ad i kolory bez umiej\u0119tno\u015bci kodowania. Zapisz Mapy Google i skopiuj ich kod instalacyjny, kt\u00f3ry mo\u017cesz \u0142atwo osadzi\u0107 na swojej stronie HTML bez konieczno\u015bci kupowania p\u0142atnego planu. Dzi\u0119ki naszemu intuicyjnemu Edytorowi ka\u017cdy u\u017cytkownik Internetu mo\u017ce stworzy\u0107 wid\u017cet Map Google online i \u0142atwo osadzi\u0107 go na swojej stronie HTML. Aby uzyska\u0107 dost\u0119p do us\u0142ugi, nie trzeba p\u0142aci\u0107 ani wprowadza\u0107 danych uwierzytelniaj\u0105cych karty. Je\u015bli na kt\u00f3rymkolwiek etapie napotkasz jakiekolwiek problemy, skontaktuj si\u0119 z naszym zespo\u0142em pomocy technicznej.<\/p>\n    <\/div>\r\n\t\t\t\t\t<\/div>\r\n\t\t\t\t<\/div>\n<\/div>\n<\/div>","protected":false},"excerpt":{"rendered":"","protected":false},"author":9,"featured_media":0,"parent":2191,"menu_order":0,"comment_status":"closed","ping_status":"closed","template":"templates\/template-application-platform.php","meta":{"publish_to_discourse":"","publish_post_category":"","wpdc_auto_publish_overridden":"","wpdc_topic_tags":"","wpdc_pin_topic":"","wpdc_pin_until":"","discourse_post_id":"","discourse_permalink":"","wpdc_publishing_response":"","wpdc_publishing_error":"","footnotes":""},"class_list":["post-5406","page","type-page","status-publish","hentry"],"yoast_head":"<!-- This site is optimized with the Yoast SEO plugin v25.3.1 - https:\/\/yoast.com\/wordpress\/plugins\/seo\/ -->\n<title>Mapy Google - Dodaj wid\u017cet Mapa do strony HTML<\/title>\n<meta name=\"description\" content=\"Utw\u00f3rz dostosowany widget Map Google dla witryny HTML. Wstaw kod interaktywnej mapy w zaledwie 3 minuty za darmo w najprostszym edytorze wtyczek.\" \/>\n<meta name=\"robots\" content=\"index, follow, max-snippet:-1, max-image-preview:large, max-video-preview:-1\" \/>\n<link rel=\"canonical\" href=\"https:\/\/elfsight.com\/pl\/google-maps-widget\/html\/\" \/>\n<meta property=\"og:locale\" content=\"pl_PL\" \/>\n<meta property=\"og:type\" content=\"article\" \/>\n<meta property=\"og:title\" content=\"Mapy Google - Dodaj wid\u017cet Mapa do strony HTML\" \/>\n<meta property=\"og:description\" content=\"Utw\u00f3rz dostosowany widget Map Google dla witryny HTML. Wstaw kod interaktywnej mapy w zaledwie 3 minuty za darmo w najprostszym edytorze wtyczek.\" \/>\n<meta property=\"og:url\" content=\"https:\/\/elfsight.com\/pl\/google-maps-widget\/html\/\" \/>\n<meta property=\"og:site_name\" content=\"Elfsight PL\" \/>\n<meta property=\"article:modified_time\" content=\"2026-02-19T10:10:41+00:00\" \/>\n<meta name=\"twitter:card\" content=\"summary_large_image\" \/>\n<meta name=\"twitter:label1\" content=\"Szacowany czas czytania\" \/>\n\t<meta name=\"twitter:data1\" content=\"3 minuty\" \/>\n<!-- \/ Yoast SEO plugin. -->","yoast_head_json":{"title":"Mapy Google - Dodaj wid\u017cet Mapa do strony HTML","description":"Utw\u00f3rz dostosowany widget Map Google dla witryny HTML. Wstaw kod interaktywnej mapy w zaledwie 3 minuty za darmo w najprostszym edytorze wtyczek.","robots":{"index":"index","follow":"follow","max-snippet":"max-snippet:-1","max-image-preview":"max-image-preview:large","max-video-preview":"max-video-preview:-1"},"canonical":"https:\/\/elfsight.com\/pl\/google-maps-widget\/html\/","og_locale":"pl_PL","og_type":"article","og_title":"Mapy Google - Dodaj wid\u017cet Mapa do strony HTML","og_description":"Utw\u00f3rz dostosowany widget Map Google dla witryny HTML. Wstaw kod interaktywnej mapy w zaledwie 3 minuty za darmo w najprostszym edytorze wtyczek.","og_url":"https:\/\/elfsight.com\/pl\/google-maps-widget\/html\/","og_site_name":"Elfsight PL","article_modified_time":"2026-02-19T10:10:41+00:00","twitter_card":"summary_large_image","twitter_misc":{"Szacowany czas czytania":"3 minuty"},"schema":{"@context":"https:\/\/schema.org","@graph":[{"@type":"WebPage","@id":"https:\/\/elfsight.com\/pl\/google-maps-widget\/html\/","url":"https:\/\/elfsight.com\/pl\/google-maps-widget\/html\/","name":"Mapy Google - Dodaj wid\u017cet Mapa do strony HTML","isPartOf":{"@id":"https:\/\/elfsight.com\/pl\/#website"},"datePublished":"2024-05-03T06:38:49+00:00","dateModified":"2026-02-19T10:10:41+00:00","description":"Utw\u00f3rz dostosowany widget Map Google dla witryny HTML. Wstaw kod interaktywnej mapy w zaledwie 3 minuty za darmo w najprostszym edytorze wtyczek.","breadcrumb":{"@id":"https:\/\/elfsight.com\/pl\/google-maps-widget\/html\/#breadcrumb"},"inLanguage":"pl-PL","potentialAction":[{"@type":"ReadAction","target":["https:\/\/elfsight.com\/pl\/google-maps-widget\/html\/"]}]},{"@type":"BreadcrumbList","@id":"https:\/\/elfsight.com\/pl\/google-maps-widget\/html\/#breadcrumb","itemListElement":[{"@type":"ListItem","position":1,"name":"Home","item":"https:\/\/elfsight.com\/pl\/"},{"@type":"ListItem","position":2,"name":"Google Maps","item":"https:\/\/elfsight.com\/pl\/google-maps-widget\/"},{"@type":"ListItem","position":3,"name":"Google Maps &#8211; HTML"}]},{"@type":"WebSite","@id":"https:\/\/elfsight.com\/pl\/#website","url":"https:\/\/elfsight.com\/pl\/","name":"Elfsight PL","description":"Just another Elfsight Sites site","potentialAction":[{"@type":"SearchAction","target":{"@type":"EntryPoint","urlTemplate":"https:\/\/elfsight.com\/pl\/?s={search_term_string}"},"query-input":{"@type":"PropertyValueSpecification","valueRequired":true,"valueName":"search_term_string"}}],"inLanguage":"pl-PL"}]}},"meta_box":{"industry":"","seo_heading":"","heading":"","description":"","cta_heading":"","cta_description":"","application":"2190","h1":"Wid\u017cet Map Google dla HTML","h1_caption":"Osad\u017a responsywn\u0105 map\u0119 Google, aby wy\u015bwietla\u0107 swoj\u0105 lokalizacj\u0119 lub wiele lokalizacji, co u\u0142atwi nawigacj\u0119 po witrynie HTML.","application_category":[],"applications_title":"","applications_request_title":"","applications_request_button_text":"","hero_text":"","hero_video":"","hero_video_schema_markup":"","selling_points_title":"","selling_points_caption":"","selling_points":[],"selling_points_cta_text":"","features_title":"","features":"","ed_cta_examples_text":"","ed_cta_examples_hidden":"","ed_cta_demo_text":"","ed_cta_demo_hidden":"","why_caption":"","why_editor_title":"","why_editor_text":"","why_team_title":"","why_team_text":"","why_service_title":"","why_service_text":"","template_catalog_visible":"0","template_catalog_title":"","template_catalog_text":"","template_catalog_categories_visible":"","demo_title":"Utw\u00f3rz wid\u017cet Map Google","demo_caption":"Skonfiguruj swoje Mapy Google i dodaj je do swojej witryny HTML za darmo!","default_faq_hidden":"","app_template_category":[],"platform":"50","template_public_id":"","codecanyon_url":"","codecanyon_item_id":"","codecanyon_price":"","pricing_caption":"","pricing_elfsight_apps_hide_column":"","pricing_elfsight_apps_url":"","pricing_codecanyon_price_caption":"","integration_category":[],"integration_request_title":"","integration_request_cta":"","integration_platform":"","integrations":[],"platform_category":[],"video_schema_markup":"","price":"od 0 USD \/ miesi\u0105c","trial":"","benefits":[{"text":"Bezp\u0142atna pomoc w monta\u017cu"},{"text":"Wsparcie premium"},{"text":"14-dniowa gwarancja zwrotu pieni\u0119dzy"}],"button_url":"#demo","button_target_blank":"0","button_nofollow":"0","attributes":[{"name":"Instaluje"},{"name":"Czu\u0142y"},{"name":"Kompatybilne przegl\u0105darki"}],"tags":[],"tags_disable_links":"0","hide_more_platforms":"0","video_object":"","demo_hide_cta":"0","demo_hide_cloud_options":"0","pricing_title":"","pricing":[{"pricing_icon":"platform","pricing_title":"Elfsight Apps","pricing_title_caption":"Wieloplatformowe rozwi\u0105zanie cyfrowe, kt\u00f3re dzia\u0142a na ka\u017cdej stronie internetowej","pricing_price":"od 0 USD \/ miesi\u0105c","pricing_price_caption":"zacznij od bezp\u0142atnego planu","pricing_benefits":[{"text":"Nielimitowane domeny"},{"text":"Ca\u0142odobowe wsparcie firmy"},{"text":"Bezp\u0142atna pomoc w instalacji"},{"text":"Specjalna cena za wiele aplikacji"}],"pricing_button_text":"Dodaj do witryny","pricing_button_url":"#demo"}],"related_apps_title":"","related_apps_hidden":"0","author":"","image":[],"title":"","job":"","social_networks":[]},"_links":{"self":[{"href":"https:\/\/elfsight.com\/pl\/wp-json\/wp\/v2\/pages\/5406","targetHints":{"allow":["GET"]}}],"collection":[{"href":"https:\/\/elfsight.com\/pl\/wp-json\/wp\/v2\/pages"}],"about":[{"href":"https:\/\/elfsight.com\/pl\/wp-json\/wp\/v2\/types\/page"}],"author":[{"embeddable":true,"href":"https:\/\/elfsight.com\/pl\/wp-json\/wp\/v2\/users\/9"}],"replies":[{"embeddable":true,"href":"https:\/\/elfsight.com\/pl\/wp-json\/wp\/v2\/comments?post=5406"}],"version-history":[{"count":5,"href":"https:\/\/elfsight.com\/pl\/wp-json\/wp\/v2\/pages\/5406\/revisions"}],"predecessor-version":[{"id":10868,"href":"https:\/\/elfsight.com\/pl\/wp-json\/wp\/v2\/pages\/5406\/revisions\/10868"}],"up":[{"embeddable":true,"href":"https:\/\/elfsight.com\/pl\/wp-json\/wp\/v2\/pages\/2191"}],"wp:attachment":[{"href":"https:\/\/elfsight.com\/pl\/wp-json\/wp\/v2\/media?parent=5406"}],"curies":[{"name":"wp","href":"https:\/\/api.w.org\/{rel}","templated":true}]}}