{"id":5405,"date":"2024-05-03T06:38:48","date_gmt":"2024-05-03T06:38:48","guid":{"rendered":"https:\/\/elfsight.com\/pl\/?page_id=5405"},"modified":"2025-06-26T15:19:52","modified_gmt":"2025-06-26T15:19:52","slug":"joomla","status":"publish","type":"page","link":"https:\/\/elfsight.com\/pl\/google-maps-widget\/joomla\/","title":{"rendered":"Google Maps &#8211; Joomla"},"content":{"rendered":"<div class=\"application-platform-content-item-description application-platform-content-item\" id=\"description\" data-nav-section=\"description\"><h2>Opis<\/h2>\u0141atwe w instalacji, uniwersalne i ca\u0142kowicie niestandardowe rozszerzenie znacznie u\u0142atwia Twoim klientom wyszukiwanie lokalizacji na mapie. Przyci\u0105gni\u0119cie wi\u0119kszej liczby klient\u00f3w offline, \u0142atwa integracja i konfiguracja sprawiaj\u0105, \u017ce jest to jedno z najlepszych narz\u0119dzi dla Twojej witryny Joomla.<b>Generuj wi\u0119cej klient\u00f3w offline za pomoc\u0105 najlepszych map w Twojej witrynie!<\/b><ul> <li><b>Wzmocnij interakcj\u0119 swoich klient\u00f3w z mapami<\/b>. Zaprojektuj swoj\u0105 map\u0119 tak, aby by\u0142a u\u017cyteczna dla odwiedzaj\u0105cych i umie\u015b\u0107 j\u0105 na swojej stronie internetowej, aby klienci mogli efektywnie korzysta\u0107 z Twoich danych kontaktowych.<\/li> <li><b>Wyszukaj i zdob\u0105d\u017a regionalnych klient\u00f3w<\/b>. Poka\u017c swoje miejsce, aby klienci zrozumieli, \u017ce jeste\u015b w pobli\u017cu i mog\u0105 szybko uda\u0107 si\u0119 do Twojego biura.<\/li> <li><b>Nie zabieraj ze sob\u0105 swojego tworzenie map wymaga wysi\u0142ku<\/b>.Wszystkie ustawienia otwieraj\u0105 si\u0119 kilkoma klikni\u0119ciami myszy, a maksymalnie wydajna mapa dla Twojej witryny jest generowana w ci\u0105gu kilku sekund.<\/li><\/ul><\/div><div class=\"application-platform-content-item-features application-platform-content-item\" id=\"features\" data-nav-section=\"features\"> <h2>Funkcje<\/h2>Jakie specjalne cechy sprawiaj\u0105, \u017ce mapa Elfsight jest najlepsza dla Twojej witryny Joomla?<ul> <li>R\u00f3\u017cne znaczniki lokalizacji dla mapy interaktywnej;<\/li> <li>4 typy map: mapa drogowa, satelitarna, hybrydowa , teren;<\/li> <li>Poka\u017c\/ukryj panel lokalizacji, aby wy\u015bwietli\u0107 list\u0119 wielu dzia\u0142\u00f3w;<\/li> <li>Prze\u0142\u0105czane przeci\u0105ganie i przewijanie w celu skalowania;<\/li> <li>Obs\u0142ugiwane jest ponad 60 j\u0119zyk\u00f3w.<\/li> <\/ul><a href=\"#demo\">Zobacz pe\u0142ny zestaw funkcji w edytorze!<\/a><\/div><div class=\"application-platform-content-item-installation application-platform-content-item\" id=\"installation\" data-nav-section=\"installation\"><h2>Jak doda\u0107 rozszerzenie Google Maps do witryny Joomla <\/h2><div class=\"video-container\"><iframe width=\"720\" height=\"405\" src=\"https:\/\/www.youtube.com\/embed\/WIxFpRvG5Q0\" frameborder=\"0\" allowfullscreen=\"\"><\/iframe><\/div>Wystarczy wykona\u0107 poni\u017csze kroki, aby osadzi\u0107 rozszerzenie w Joomla.<ol> <li><b>Wykonaj nasz\u0105 bezp\u0142atn\u0105 wersj\u0119 demonstracyjn\u0105 i zacznij tworzy\u0107 swoj\u0105 spersonalizowan\u0105 wtyczk\u0119. <\/b>Okre\u015bl preferowany projekt i funkcje rozszerzenia Mapy i zapisz zmiany.<\/li> <li><b>Odbierz sw\u00f3j osobisty kod widoczny w specjalnym formularzu w aplikacjach Elfsight. <\/b>Po zako\u0144czeniu konfiguracji osobistego rozszerzenia skopiuj kod osobisty z wy\u015bwietlonego wyskakuj\u0105cego okienka i zapisz go do dalszego wykorzystania.<\/li> <li><b>Rozpocznij korzystanie z narz\u0119dzia na swojej stronie Joomla. <\/b>Umie\u015b\u0107 zapisany wcze\u015bniej kod na swojej stronie i zastosuj modyfikacje.<\/li> <li><b>Gotowe! Osadzanie zosta\u0142o pomy\u015blnie wykonane. <\/b>Odwied\u017a swoj\u0105 witryn\u0119, aby sprawdzi\u0107 dzia\u0142anie rozszerzenia.<\/li><\/ol>Masz trudno\u015bci lub masz pytania podczas korzystania z samouczka lub ustawiania mapy osobistej? Przeczytaj szczeg\u00f3\u0142owy przewodnik \u00ab<a href=\"https:\/\/elfsight.com\/tutorials\/how-to-add-google-maps-builder-to-joomla\/\" target=\"_blank\" rel=\"noopener noreferrer\">Jak dodaj map\u0119 na stronie Joomla<\/a>\u00bb lub napisz do obs\u0142ugi klienta, a Elfsight z przyjemno\u015bci\u0105 doradzi Ci w generowaniu i dodawaniu map na Twojej stronie.<div class=\"faq\" data-component=\"FAQ\"><div class=\"faq-item\">\r\n\t\t\t\t\t<div class=\"faq-item-question\">\r\n\t\t\t\t\t\t<h3 class=\"faq-item-question-text\">Jak mog\u0119 doda\u0107 Mapy Google do mojej Joomla stron\u0119 internetow\u0105 bez umiej\u0119tno\u015bci kodowania?<\/h3>\r\n\r\n\t\t\t\t\t\t<div class=\"faq-item-question-icon\"><\/div>\r\n\t\t\t\t\t<\/div>\r\n\r\n\t\t\t\t\t<div class=\"faq-item-answer\">\r\n\t\t\t\t\t\t<div class=\"faq-item-answer-text\"> <p>Elfsight zapewnia rozwi\u0105zanie SaaS, kt\u00f3re pozwala samodzielnie utworzy\u0107 wid\u017cet Map Google. Zobacz, jak \u0142atwy jest ten proces: Pracuj bezpo\u015brednio w edytorze online, aby utworzy\u0107 wid\u017cet Map Google, w kt\u00f3rym chcesz go ogl\u0105da\u0107 swoj\u0105 witryn\u0119 Joomla. Wybierz jeden z gotowych szablon\u00f3w i dostosuj ustawienia Map Google, dodaj tre\u015b\u0107, zmie\u0144 uk\u0142ad i kolory bez umiej\u0119tno\u015bci kodowania. Zapisz Mapy Google i skopiuj ich kod instalacyjny, kt\u00f3ry mo\u017cesz bez problemu umie\u015bci\u0107 na swojej stronie Joomla bez konieczno\u015bci zakupu p\u0142atnej subskrypcji. Dzi\u0119ki naszemu intuicyjnemu edytorowi ka\u017cdy u\u017cytkownik Internetu mo\u017ce stworzy\u0107 wid\u017cet Map Google online i \u0142atwo osadzi\u0107 go na swojej stronie Joomla. Aby uzyska\u0107 dost\u0119p do us\u0142ugi, nie trzeba p\u0142aci\u0107 ani wprowadza\u0107 danych uwierzytelniaj\u0105cych karty. Je\u015bli na kt\u00f3rymkolwiek etapie napotkasz jakiekolwiek problemy, skontaktuj si\u0119 z naszym zespo\u0142em pomocy technicznej.<\/p> <\/div>\r\n\t\t\t\t\t<\/div>\r\n\t\t\t\t<\/div> <\/div><\/div>","protected":false},"excerpt":{"rendered":"","protected":false},"author":9,"featured_media":0,"parent":2191,"menu_order":0,"comment_status":"closed","ping_status":"closed","template":"templates\/template-application-platform.php","meta":{"publish_to_discourse":"","publish_post_category":"","wpdc_auto_publish_overridden":"","wpdc_topic_tags":"","wpdc_pin_topic":"","wpdc_pin_until":"","discourse_post_id":"","discourse_permalink":"","wpdc_publishing_response":"","wpdc_publishing_error":"","footnotes":""},"class_list":["post-5405","page","type-page","status-publish","hentry"],"yoast_head":"<!-- This site is optimized with the Yoast SEO plugin v25.3.1 - https:\/\/yoast.com\/wordpress\/plugins\/seo\/ -->\n<title>Mapy Google - Dodaj rozszerzenie Map do witryny Joomla<\/title>\n<meta name=\"description\" content=\"Wypr\u00f3buj niestandardowe rozszerzenie Google Maps dla witryny Joomla. Wstaw interaktywne mapy w zaledwie 2 minuty za darmo w naj\u0142atwiejszej wersji demonstracyjnej wtyczki.\" \/>\n<meta name=\"robots\" content=\"index, follow, max-snippet:-1, max-image-preview:large, max-video-preview:-1\" \/>\n<link rel=\"canonical\" href=\"https:\/\/elfsight.com\/pl\/google-maps-widget\/joomla\/\" \/>\n<meta property=\"og:locale\" content=\"pl_PL\" \/>\n<meta property=\"og:type\" content=\"article\" \/>\n<meta property=\"og:title\" content=\"Mapy Google - Dodaj rozszerzenie Map do witryny Joomla\" \/>\n<meta property=\"og:description\" content=\"Wypr\u00f3buj niestandardowe rozszerzenie Google Maps dla witryny Joomla. Wstaw interaktywne mapy w zaledwie 2 minuty za darmo w naj\u0142atwiejszej wersji demonstracyjnej wtyczki.\" \/>\n<meta property=\"og:url\" content=\"https:\/\/elfsight.com\/pl\/google-maps-widget\/joomla\/\" \/>\n<meta property=\"og:site_name\" content=\"Elfsight PL\" \/>\n<meta property=\"article:modified_time\" content=\"2025-06-26T15:19:52+00:00\" \/>\n<meta name=\"twitter:card\" content=\"summary_large_image\" \/>\n<meta name=\"twitter:label1\" content=\"Szacowany czas czytania\" \/>\n\t<meta name=\"twitter:data1\" content=\"3 minuty\" \/>\n<!-- \/ Yoast SEO plugin. -->","yoast_head_json":{"title":"Mapy Google - Dodaj rozszerzenie Map do witryny Joomla","description":"Wypr\u00f3buj niestandardowe rozszerzenie Google Maps dla witryny Joomla. Wstaw interaktywne mapy w zaledwie 2 minuty za darmo w naj\u0142atwiejszej wersji demonstracyjnej wtyczki.","robots":{"index":"index","follow":"follow","max-snippet":"max-snippet:-1","max-image-preview":"max-image-preview:large","max-video-preview":"max-video-preview:-1"},"canonical":"https:\/\/elfsight.com\/pl\/google-maps-widget\/joomla\/","og_locale":"pl_PL","og_type":"article","og_title":"Mapy Google - Dodaj rozszerzenie Map do witryny Joomla","og_description":"Wypr\u00f3buj niestandardowe rozszerzenie Google Maps dla witryny Joomla. Wstaw interaktywne mapy w zaledwie 2 minuty za darmo w naj\u0142atwiejszej wersji demonstracyjnej wtyczki.","og_url":"https:\/\/elfsight.com\/pl\/google-maps-widget\/joomla\/","og_site_name":"Elfsight PL","article_modified_time":"2025-06-26T15:19:52+00:00","twitter_card":"summary_large_image","twitter_misc":{"Szacowany czas czytania":"3 minuty"},"schema":{"@context":"https:\/\/schema.org","@graph":[{"@type":"WebPage","@id":"https:\/\/elfsight.com\/pl\/google-maps-widget\/joomla\/","url":"https:\/\/elfsight.com\/pl\/google-maps-widget\/joomla\/","name":"Mapy Google - Dodaj rozszerzenie Map do witryny Joomla","isPartOf":{"@id":"https:\/\/elfsight.com\/pl\/#website"},"datePublished":"2024-05-03T06:38:48+00:00","dateModified":"2025-06-26T15:19:52+00:00","description":"Wypr\u00f3buj niestandardowe rozszerzenie Google Maps dla witryny Joomla. Wstaw interaktywne mapy w zaledwie 2 minuty za darmo w naj\u0142atwiejszej wersji demonstracyjnej wtyczki.","breadcrumb":{"@id":"https:\/\/elfsight.com\/pl\/google-maps-widget\/joomla\/#breadcrumb"},"inLanguage":"pl-PL","potentialAction":[{"@type":"ReadAction","target":["https:\/\/elfsight.com\/pl\/google-maps-widget\/joomla\/"]}]},{"@type":"BreadcrumbList","@id":"https:\/\/elfsight.com\/pl\/google-maps-widget\/joomla\/#breadcrumb","itemListElement":[{"@type":"ListItem","position":1,"name":"Home","item":"https:\/\/elfsight.com\/pl\/"},{"@type":"ListItem","position":2,"name":"Google Maps","item":"https:\/\/elfsight.com\/pl\/google-maps-widget\/"},{"@type":"ListItem","position":3,"name":"Google Maps &#8211; Joomla"}]},{"@type":"WebSite","@id":"https:\/\/elfsight.com\/pl\/#website","url":"https:\/\/elfsight.com\/pl\/","name":"Elfsight PL","description":"Just another Elfsight Sites site","potentialAction":[{"@type":"SearchAction","target":{"@type":"EntryPoint","urlTemplate":"https:\/\/elfsight.com\/pl\/?s={search_term_string}"},"query-input":{"@type":"PropertyValueSpecification","valueRequired":true,"valueName":"search_term_string"}}],"inLanguage":"pl-PL"}]}},"meta_box":{"industry":"","seo_heading":"","heading":"","description":"","cta_heading":"","cta_description":"","application":"2190","h1":"Rozszerzenie Map Google dla Joomla","h1_caption":"Osad\u017a responsywn\u0105 map\u0119 Google, aby wy\u015bwietla\u0107 swoj\u0105 lokalizacj\u0119 lub wiele lokalizacji, aby u\u0142atwi\u0107 nawigacj\u0119 po witrynie Joomla.","application_category":[],"applications_title":"","applications_request_title":"","applications_request_button_text":"","hero_text":"","hero_video":"","hero_video_schema_markup":"","selling_points_title":"","selling_points_caption":"","selling_points":[],"selling_points_cta_text":"","features_title":"","features":"","ed_cta_examples_text":"","ed_cta_examples_hidden":"","ed_cta_demo_text":"","ed_cta_demo_hidden":"","why_caption":"","why_editor_title":"","why_editor_text":"","why_team_title":"","why_team_text":"","why_service_title":"","why_service_text":"","template_catalog_visible":"0","template_catalog_title":"","template_catalog_text":"","template_catalog_categories_visible":"","demo_title":"Utw\u00f3rz wtyczk\u0119 Map Google","demo_caption":"Skonfiguruj swoje Mapy Google i dodaj je do swojej witryny Joomla za darmo!","default_faq_hidden":"","app_template_category":[],"platform":"53","template_public_id":"","codecanyon_url":"","codecanyon_item_id":"","codecanyon_price":"","pricing_caption":"","pricing_elfsight_apps_hide_column":"","pricing_elfsight_apps_url":"","pricing_codecanyon_price_caption":"","integration_category":[],"integration_request_title":"","integration_request_cta":"","integration_platform":"","integrations":[],"platform_category":[],"video_schema_markup":"","price":"od 0 USD \/ miesi\u0105c","trial":"","benefits":[{"text":"Bezp\u0142atna us\u0142uga monta\u017cu"},{"text":"Kompetentna obs\u0142uga klienta"},{"text":"14-dniowa gwarancja zwrotu pieni\u0119dzy"}],"button_url":"#demo","button_target_blank":"0","button_nofollow":"0","attributes":[{"name":"Instaluje"},{"name":"Czu\u0142y"},{"name":"Kompatybilne przegl\u0105darki"}],"tags":[],"tags_disable_links":"0","hide_more_platforms":"0","video_object":"","demo_hide_cta":"0","demo_hide_cloud_options":"0","pricing_title":"","pricing":[{"pricing_icon":"cloud","pricing_title":"Elfsight Apps","pricing_title_caption":"Wersja niezale\u017cna od platformy, kt\u00f3ra dzia\u0142a na ka\u017cdej stronie","pricing_price":"od 0 USD \/ miesi\u0105c","pricing_price_caption":"zacznij od bezp\u0142atnego planu","pricing_benefits":[{"text":"Nielimitowane strony internetowe"},{"text":"Wsparcie 24\/7"},{"text":"Bezp\u0142atna us\u0142uga monta\u017cu"},{"text":"Oferta specjalna na wiele aplikacji"}],"pricing_button_text":"Dodaj do witryny","pricing_button_url":"#demo"}],"related_apps_title":"","related_apps_hidden":"0","author":"","image":[],"title":"","job":"","social_networks":[]},"_links":{"self":[{"href":"https:\/\/elfsight.com\/pl\/wp-json\/wp\/v2\/pages\/5405","targetHints":{"allow":["GET"]}}],"collection":[{"href":"https:\/\/elfsight.com\/pl\/wp-json\/wp\/v2\/pages"}],"about":[{"href":"https:\/\/elfsight.com\/pl\/wp-json\/wp\/v2\/types\/page"}],"author":[{"embeddable":true,"href":"https:\/\/elfsight.com\/pl\/wp-json\/wp\/v2\/users\/9"}],"replies":[{"embeddable":true,"href":"https:\/\/elfsight.com\/pl\/wp-json\/wp\/v2\/comments?post=5405"}],"version-history":[{"count":3,"href":"https:\/\/elfsight.com\/pl\/wp-json\/wp\/v2\/pages\/5405\/revisions"}],"predecessor-version":[{"id":10582,"href":"https:\/\/elfsight.com\/pl\/wp-json\/wp\/v2\/pages\/5405\/revisions\/10582"}],"up":[{"embeddable":true,"href":"https:\/\/elfsight.com\/pl\/wp-json\/wp\/v2\/pages\/2191"}],"wp:attachment":[{"href":"https:\/\/elfsight.com\/pl\/wp-json\/wp\/v2\/media?parent=5405"}],"curies":[{"name":"wp","href":"https:\/\/api.w.org\/{rel}","templated":true}]}}