{"id":5397,"date":"2024-05-03T06:38:44","date_gmt":"2024-05-03T06:38:44","guid":{"rendered":"https:\/\/elfsight.com\/pl\/?page_id=5397"},"modified":"2026-02-20T10:24:52","modified_gmt":"2026-02-20T10:24:52","slug":"squarespace","status":"publish","type":"page","link":"https:\/\/elfsight.com\/pl\/google-maps-widget\/squarespace\/","title":{"rendered":"Google Maps &#8211; Squarespace"},"content":{"rendered":"<div class=\"application-platform-content-item-description application-platform-content-item\" id=\"description\" data-nav-section=\"description\">\n<h2>Osad\u017a Mapy Google na Squarespace za pomoc\u0105 wid\u017cetu Elfsight<\/h2>\n<p>Nieskomplikowany w instalacji, skuteczny i ca\u0142kowicie spersonalizowany instrument, kt\u00f3ry u\u0142atwia znajd\u017a sklepy dla swoich go\u015bci. Produktywny w przyci\u0105ganiu prawdziwych klient\u00f3w, prosty w instalacji i opcjach dostosowywania, jest to jedna z najbardziej op\u0142acalnych stron internetowych Squarespace.<\/p>\n<p><b>Zdob\u0105d\u017a wi\u0119cej odwiedzaj\u0105cych offline dzi\u0119ki responsywnym mapom w Twojej witrynie!<\/b><\/p>\n<ul>\n    <li><b>Zbli\u017c si\u0119 do u\u017cytkownik\u00f3w<\/b>. Podaj swoje dane kontaktowe, dzi\u0119ki kt\u00f3rym klienci b\u0119d\u0105 mogli si\u0119 do Ciebie zwr\u00f3ci\u0107 lub znale\u017a\u0107 Ci\u0119 zar\u00f3wno w \u017cyciu codziennym, jak i w Internecie.<\/li>\n    <li><b>Wyszukaj i zdob\u0105d\u017a klient\u00f3w regionalnych<\/b>. Dodaj swoje wsp\u00f3\u0142rz\u0119dne, aby klienci mieli pewno\u015b\u0107, \u017ce jeste\u015b bli\u017cej nich i mog\u0105 szybko dotrze\u0107 do Twojego sklepu.<\/li>\n    <li><b>Nie marnuj swojego czasu na kszta\u0142towanie map<\/b>.Wszystkie funkcje otworz\u0105 si\u0119 jednym klikni\u0119ciem, w kilka sekund stworzysz najpot\u0119\u017cniejsz\u0105 map\u0119 dla swojej witryny.<\/li>\n<\/ul>\n<\/div>\n\n<div class=\"application-platform-content-item-features application-platform-content-item\" id=\"features\" data-nav-section=\"features\">\n<h2>G\u0142\u00f3wne cechy wid\u017cetu Map Google<\/h2>\n<p>Jakie cechy sprawiaj\u0105, \u017ce mapa Elfsight jest najlepsza dla dowolnej witryny Squarespace?<\/p>\n<ul>\n    <li>Dodawanie nowej lokalizacji poprzez wprowadzenie jedynie jej adresu, nazwy lub wsp\u00f3\u0142rz\u0119dnych;<\/li>\n    <li>5 warstw Map Google: POI, ruch drogowy, transport publiczny, rower, widok ulicy;<\/li>\n    <li>Karta informacyjna wy\u015bwietlana indywidualnie dla ka\u017cdego znacznika;<\/li>\n    <li>Ponad 50 znacznik\u00f3w lokalizacji;<\/li>\n    <li>Dost\u0119pne regularne aktualizacje na \u017cywo.<\/li>\n<\/ul>\n<p><a href=\"#demo\">Zobacz pe\u0142ny zestaw funkcji w panelu!<\/a><\/p>\n<\/div>\n\n<div class=\"application-platform-content-item-installation application-platform-content-item\" id=\"installation\" data-nav-section=\"installation\">\n<h2>Jak doda\u0107 wid\u017cet Map Google do witryny Squarespace<\/h2>\n<div class=\"video-container\">\n<iframe width=\"720\" height=\"405\" src=\"https:\/\/www.youtube.com\/embed\/tFm7cgYTpGU?si=rXykyhtK0UwQsR9L\" frameborder=\"0\" allowfullscreen=\"\"><\/iframe>\n<\/div>\n<p>Podsumowuj\u0105cy samouczek na temat samodzielnego tworzenia responsywnych map w Squarespace. Aby to zrobi\u0107, nie potrzebujesz programisty ani nie masz kompetencji w programowaniu. Ca\u0142kowity czas wykonania to tylko 3 minuty.<\/p>\n<ol>\n    <li><b>Wygeneruj spersonalizowane mapy Google<\/b>.Za pomoc\u0105 naszego bezp\u0142atnego konfiguratora skompletuj wtyczk\u0119 z \u017c\u0105danym szablonem i ustawieniami.<\/li>\n    <li><b>Odbierz kod umo\u017cliwiaj\u0105cy wy\u015bwietlenie wtyczki<\/b>. Po utworzeniu wid\u017cetu zdob\u0105d\u017a kod wtyczki Map z wy\u015bwietlonego okna aplikacji Elfsight.<\/li>\n    <li><b>Odkryj wtyczk\u0119 w Witryna SquareSpace<\/b>.Dodaj wtyczk\u0119 w wymaganym miejscu witryny i zastosuj wyniki.<\/li>\n    <li><b>Integracja przebieg\u0142a pomy\u015blnie!<\/b>. Przejd\u017a do swojej witryny SquareSpace, aby zobaczy\u0107 swoj\u0105 map\u0119.<\/li>\n<\/ol>\n<p>Napotka\u0142e\u015b trudno\u015bci lub problemy podczas korzystania z przewodnika lub ustawiania w\u0142asnej mapy? Napisz do centrum pomocy Elfsight, a ch\u0119tnie pomo\u017cemy Ci w generowaniu i wstawianiu map dla Twojej witryny.<\/p>\n<div class=\"faq\" data-component=\"FAQ\">\n    <div class=\"faq-item\">\r\n\t\t\t\t\t<div class=\"faq-item-question\">\r\n\t\t\t\t\t\t<h3 class=\"faq-item-question-text\">Jak mog\u0119 doda\u0107 Mapy Google do mojej witryny Squarespace bez umiej\u0119tno\u015bci kodowania?<\/h3>\r\n\r\n\t\t\t\t\t\t<div class=\"faq-item-question-icon\"><\/div>\r\n\t\t\t\t\t<\/div>\r\n\r\n\t\t\t\t\t<div class=\"faq-item-answer\">\r\n\t\t\t\t\t\t<div class=\"faq-item-answer-text\">\n    <p>Elfsight udost\u0119pnia rozwi\u0105zanie SaaS, kt\u00f3re umo\u017cliwia samodzielne utworzenie wid\u017cetu Map Google. Przekonaj si\u0119, jak \u0142atwy jest ten proces: Pracuj bezpo\u015brednio w edytorze online, aby utworzy\u0107 wid\u017cet Map Google, kt\u00f3ry chcesz widzie\u0107 w swojej witrynie Squarespace. Wybierz jeden z gotowych szablon\u00f3w i dostosuj ustawienia Map Google, dodaj tre\u015b\u0107, zmie\u0144 uk\u0142ad i kolory bez umiej\u0119tno\u015bci kodowania. Zapisz Mapy Google i skopiuj ich kod instalacyjny, kt\u00f3ry mo\u017cesz \u0142atwo osadzi\u0107 na swojej stronie Squarespace bez kupowania wersji p\u0142atnej. Dzi\u0119ki naszemu intuicyjnemu edytorowi ka\u017cdy u\u017cytkownik Internetu mo\u017ce stworzy\u0107 wid\u017cet Map Google online i \u0142atwo osadzi\u0107 go na swojej stronie internetowej Squarespace. Aby uzyska\u0107 dost\u0119p do us\u0142ugi, nie trzeba p\u0142aci\u0107 ani wprowadza\u0107 danych uwierzytelniaj\u0105cych karty. Je\u015bli na kt\u00f3rymkolwiek etapie napotkasz jakiekolwiek problemy, skontaktuj si\u0119 z naszym zespo\u0142em pomocy technicznej.<\/p>\n    <\/div>\r\n\t\t\t\t\t<\/div>\r\n\t\t\t\t<\/div>\n<\/div>\n<\/div>","protected":false},"excerpt":{"rendered":"","protected":false},"author":9,"featured_media":0,"parent":2191,"menu_order":0,"comment_status":"closed","ping_status":"closed","template":"templates\/template-application-platform.php","meta":{"publish_to_discourse":"","publish_post_category":"","wpdc_auto_publish_overridden":"","wpdc_topic_tags":"","wpdc_pin_topic":"","wpdc_pin_until":"","discourse_post_id":"","discourse_permalink":"","wpdc_publishing_response":"","wpdc_publishing_error":"","footnotes":""},"class_list":["post-5397","page","type-page","status-publish","hentry"],"yoast_head":"<!-- This site is optimized with the Yoast SEO plugin v25.3.1 - https:\/\/yoast.com\/wordpress\/plugins\/seo\/ -->\n<title>Mapy Google \u2014 dodaj wid\u017cet mapy do witryny SquareSpace<\/title>\n<meta name=\"description\" content=\"Utw\u00f3rz niestandardowy wid\u017cet Map Google dla witryny Squarespace. Zademonstruj rozbudowane mapy w zaledwie 2 minuty za darmo w naj\u0142atwiejszym panelu wtyczek.\" \/>\n<meta name=\"robots\" content=\"index, follow, max-snippet:-1, max-image-preview:large, max-video-preview:-1\" \/>\n<link rel=\"canonical\" href=\"https:\/\/elfsight.com\/pl\/google-maps-widget\/squarespace\/\" \/>\n<meta property=\"og:locale\" content=\"pl_PL\" \/>\n<meta property=\"og:type\" content=\"article\" \/>\n<meta property=\"og:title\" content=\"Mapy Google \u2014 dodaj wid\u017cet mapy do witryny SquareSpace\" \/>\n<meta property=\"og:description\" content=\"Utw\u00f3rz niestandardowy wid\u017cet Map Google dla witryny Squarespace. Zademonstruj rozbudowane mapy w zaledwie 2 minuty za darmo w naj\u0142atwiejszym panelu wtyczek.\" \/>\n<meta property=\"og:url\" content=\"https:\/\/elfsight.com\/pl\/google-maps-widget\/squarespace\/\" \/>\n<meta property=\"og:site_name\" content=\"Elfsight PL\" \/>\n<meta property=\"article:modified_time\" content=\"2026-02-20T10:24:52+00:00\" \/>\n<meta name=\"twitter:card\" content=\"summary_large_image\" \/>\n<meta name=\"twitter:label1\" content=\"Szacowany czas czytania\" \/>\n\t<meta name=\"twitter:data1\" content=\"3 minuty\" \/>\n<!-- \/ Yoast SEO plugin. -->","yoast_head_json":{"title":"Mapy Google \u2014 dodaj wid\u017cet mapy do witryny SquareSpace","description":"Utw\u00f3rz niestandardowy wid\u017cet Map Google dla witryny Squarespace. Zademonstruj rozbudowane mapy w zaledwie 2 minuty za darmo w naj\u0142atwiejszym panelu wtyczek.","robots":{"index":"index","follow":"follow","max-snippet":"max-snippet:-1","max-image-preview":"max-image-preview:large","max-video-preview":"max-video-preview:-1"},"canonical":"https:\/\/elfsight.com\/pl\/google-maps-widget\/squarespace\/","og_locale":"pl_PL","og_type":"article","og_title":"Mapy Google \u2014 dodaj wid\u017cet mapy do witryny SquareSpace","og_description":"Utw\u00f3rz niestandardowy wid\u017cet Map Google dla witryny Squarespace. Zademonstruj rozbudowane mapy w zaledwie 2 minuty za darmo w naj\u0142atwiejszym panelu wtyczek.","og_url":"https:\/\/elfsight.com\/pl\/google-maps-widget\/squarespace\/","og_site_name":"Elfsight PL","article_modified_time":"2026-02-20T10:24:52+00:00","twitter_card":"summary_large_image","twitter_misc":{"Szacowany czas czytania":"3 minuty"},"schema":{"@context":"https:\/\/schema.org","@graph":[{"@type":"WebPage","@id":"https:\/\/elfsight.com\/pl\/google-maps-widget\/squarespace\/","url":"https:\/\/elfsight.com\/pl\/google-maps-widget\/squarespace\/","name":"Mapy Google \u2014 dodaj wid\u017cet mapy do witryny SquareSpace","isPartOf":{"@id":"https:\/\/elfsight.com\/pl\/#website"},"datePublished":"2024-05-03T06:38:44+00:00","dateModified":"2026-02-20T10:24:52+00:00","description":"Utw\u00f3rz niestandardowy wid\u017cet Map Google dla witryny Squarespace. Zademonstruj rozbudowane mapy w zaledwie 2 minuty za darmo w naj\u0142atwiejszym panelu wtyczek.","breadcrumb":{"@id":"https:\/\/elfsight.com\/pl\/google-maps-widget\/squarespace\/#breadcrumb"},"inLanguage":"pl-PL","potentialAction":[{"@type":"ReadAction","target":["https:\/\/elfsight.com\/pl\/google-maps-widget\/squarespace\/"]}]},{"@type":"BreadcrumbList","@id":"https:\/\/elfsight.com\/pl\/google-maps-widget\/squarespace\/#breadcrumb","itemListElement":[{"@type":"ListItem","position":1,"name":"Home","item":"https:\/\/elfsight.com\/pl\/"},{"@type":"ListItem","position":2,"name":"Google Maps","item":"https:\/\/elfsight.com\/pl\/google-maps-widget\/"},{"@type":"ListItem","position":3,"name":"Google Maps &#8211; Squarespace"}]},{"@type":"WebSite","@id":"https:\/\/elfsight.com\/pl\/#website","url":"https:\/\/elfsight.com\/pl\/","name":"Elfsight PL","description":"Just another Elfsight Sites site","potentialAction":[{"@type":"SearchAction","target":{"@type":"EntryPoint","urlTemplate":"https:\/\/elfsight.com\/pl\/?s={search_term_string}"},"query-input":{"@type":"PropertyValueSpecification","valueRequired":true,"valueName":"search_term_string"}}],"inLanguage":"pl-PL"}]}},"meta_box":{"industry":"","seo_heading":"","heading":"","description":"","cta_heading":"","cta_description":"","application":"2190","h1":"Wid\u017cet Map Google dla Squarespace","h1_caption":"Osad\u017a responsywn\u0105 map\u0119 Google, aby wy\u015bwietli\u0107 swoj\u0105 lokalizacj\u0119 lub wiele lokalizacji, aby u\u0142atwi\u0107 nawigacj\u0119 po witrynie Squarespace.","application_category":[],"applications_title":"","applications_request_title":"","applications_request_button_text":"","hero_text":"","hero_video":"","hero_video_schema_markup":"","selling_points_title":"","selling_points_caption":"","selling_points":[],"selling_points_cta_text":"","features_title":"","features":"","ed_cta_examples_text":"","ed_cta_examples_hidden":"","ed_cta_demo_text":"","ed_cta_demo_hidden":"","why_caption":"","why_editor_title":"","why_editor_text":"","why_team_title":"","why_team_text":"","why_service_title":"","why_service_text":"","template_catalog_visible":"0","template_catalog_title":"","template_catalog_text":"","template_catalog_categories_visible":"","demo_title":"Utw\u00f3rz wtyczk\u0119 Map Google","demo_caption":"Skonfiguruj swoje Mapy Google i dodaj je do swojej witryny Squarespace za darmo!","default_faq_hidden":"","app_template_category":[],"platform":"7588","template_public_id":"","codecanyon_url":"","codecanyon_item_id":"","codecanyon_price":"","pricing_caption":"","pricing_elfsight_apps_hide_column":"","pricing_elfsight_apps_url":"","pricing_codecanyon_price_caption":"","integration_category":[],"integration_request_title":"","integration_request_cta":"","integration_platform":"","integrations":[],"platform_category":[],"video_schema_markup":"","price":"od 0 USD \/ miesi\u0105c","trial":"","benefits":[{"text":"Bezp\u0142atna pomoc w monta\u017cu"},{"text":"Wyj\u0105tkowe wsparcie"},{"text":"14-dniowa gwarancja zwrotu pieni\u0119dzy"}],"button_url":"#demo","button_target_blank":"0","button_nofollow":"0","attributes":[{"name":"Instaluje"},{"name":"Czu\u0142y"},{"name":"Kompatybilne przegl\u0105darki"}],"tags":[],"tags_disable_links":"0","hide_more_platforms":"0","video_object":"","demo_hide_cta":"0","demo_hide_cloud_options":"0","pricing_title":"","pricing":[{"pricing_icon":"platform","pricing_title":"Elfsight Apps","pricing_title_caption":"Wersja wieloplatformowa","pricing_price":"od 0 USD \/ miesi\u0105c","pricing_price_caption":"zacznij od bezp\u0142atnego planu","pricing_benefits":[{"text":"Nielimitowane strony internetowe"},{"text":"Szybkie i terminowe wsparcie"},{"text":"Bezp\u0142atne wsparcie przy instalacji"},{"text":"100% konfigurowalny"}],"pricing_button_text":"Dodaj do witryny","pricing_button_url":"#demo"}],"related_apps_title":"","related_apps_hidden":"0","author":"","image":[],"title":"","job":"","social_networks":[]},"_links":{"self":[{"href":"https:\/\/elfsight.com\/pl\/wp-json\/wp\/v2\/pages\/5397","targetHints":{"allow":["GET"]}}],"collection":[{"href":"https:\/\/elfsight.com\/pl\/wp-json\/wp\/v2\/pages"}],"about":[{"href":"https:\/\/elfsight.com\/pl\/wp-json\/wp\/v2\/types\/page"}],"author":[{"embeddable":true,"href":"https:\/\/elfsight.com\/pl\/wp-json\/wp\/v2\/users\/9"}],"replies":[{"embeddable":true,"href":"https:\/\/elfsight.com\/pl\/wp-json\/wp\/v2\/comments?post=5397"}],"version-history":[{"count":4,"href":"https:\/\/elfsight.com\/pl\/wp-json\/wp\/v2\/pages\/5397\/revisions"}],"predecessor-version":[{"id":10872,"href":"https:\/\/elfsight.com\/pl\/wp-json\/wp\/v2\/pages\/5397\/revisions\/10872"}],"up":[{"embeddable":true,"href":"https:\/\/elfsight.com\/pl\/wp-json\/wp\/v2\/pages\/2191"}],"wp:attachment":[{"href":"https:\/\/elfsight.com\/pl\/wp-json\/wp\/v2\/media?parent=5397"}],"curies":[{"name":"wp","href":"https:\/\/api.w.org\/{rel}","templated":true}]}}