{"id":5392,"date":"2024-05-03T06:38:43","date_gmt":"2024-05-03T06:38:43","guid":{"rendered":"https:\/\/elfsight.com\/pl\/?page_id=5392"},"modified":"2025-06-26T15:30:22","modified_gmt":"2025-06-26T15:30:22","slug":"webflow","status":"publish","type":"page","link":"https:\/\/elfsight.com\/pl\/google-maps-widget\/webflow\/","title":{"rendered":"Google Maps &#8211; Webflow"},"content":{"rendered":"<div class=\"application-platform-content-item-description application-platform-content-item\" id=\"description\" data-nav-section=\"description\"><h2>Osad\u017a Mapy Google w Webflow za pomoc\u0105 wid\u017cetu Elfsight<\/h2>Szybka konfiguracja, uniwersalny i ca\u0142kowicie niestandardowy interfejs znacznie u\u0142atwi\u0105 to Twoim klientom aby wyszuka\u0107 punkty na mapie. Skuteczne przyci\u0105ganie prawdziwych klient\u00f3w, szybkie dodawanie do witryny i konfiguracja sprawiaj\u0105, \u017ce staje si\u0119 ona prawdopodobnie najlepszym narz\u0119dziem dla ka\u017cdej witryny Webflow.<b>Zdob\u0105d\u017a wi\u0119cej prawdziwych klient\u00f3w, korzystaj\u0105c z atrakcyjnych map na swojej stronie internetowej!<\/b><ul> <li><b>Zmaksymalizuj interakcj\u0119 swoich klient\u00f3w z mapami<\/b>. Spraw, aby osobista mapa by\u0142a wygodna dla odwiedzaj\u0105cych i wstaw j\u0105 do swojej witryny, aby odwiedzaj\u0105cy mogli z \u0142atwo\u015bci\u0105 korzysta\u0107 z Twoich danych kontaktowych.<\/li> <li><b>Poka\u017c pe\u0142n\u0105 list\u0119 swoich punkt\u00f3w na mapie<\/b>.Odkryj na mapie wszystkie dost\u0119pne sklepy, lokalizacje sprzeda\u017cy lub kompletacji towar\u00f3w i daj swoim klientom przyjazn\u0105 dla u\u017cytkownika map\u0119, na kt\u00f3rej b\u0119d\u0105 mogli znale\u017a\u0107 lokalizacj\u0119 szaf.<\/li> <li><b>Nie tra\u0107 czasu na tworzenie map<\/b>.Wszystkie funkcje s\u0105 dost\u0119pne po 2 klikni\u0119ciach, dzi\u0119ki czemu mo\u017cesz stworzy\u0107 maksymalnie wydajn\u0105 map\u0119 swojej witryny w zaledwie kilka sekund.<\/li> <\/ul><\/div><div class=\"application-platform-content-item-features application-platform-content-item\" id=\"features\" data-nav-section=\"features\"><h2>G\u0142\u00f3wne cechy wid\u017cetu Map Google<\/h2>Kt\u00f3re funkcje sprawiaj\u0105, \u017ce mapy Elfsight s\u0105 najlepsze dla wszystkich witryn Webflow?<ul> <li>Zr\u00f3\u017cnicowana lokalizacja znaczniki do mapy interaktywnej;<\/li> <li>4 typy map: mapa drogowa, satelitarna, hybrydowa, terenowa;<\/li> <li>Karta informacyjna pojawia si\u0119 indywidualnie dla ka\u017cdego znacznika;<\/li> <li>animacja 3 znacznik\u00f3w typy;<\/li> <li>Obs\u0142ugiwanych ponad 60 j\u0119zyk\u00f3w.<\/li><\/ul><a href=\"#demo\">Przeczytaj pe\u0142n\u0105 list\u0119 cech w panelu!<\/a><\/div><div class=\"application-platform-content-item-installation application-platform-content-item\" id=\"installation\" data-nav-section=\"installation\"><h2>Jak doda\u0107 wid\u017cet Map Google do witryny Webflow<\/h2><div class=\"video-container\"><iframe width=\"720\" height=\"405\" src=\"https:\/\/www.youtube.com\/embed\/GJlb5ZLdPuI\" frameborder=\"0\" allowfullscreen=\"\"><\/iframe><\/div>Kr\u00f3tki przewodnik na temat samodzielnego instalowania responsywnych map w Webflow. Aby to zrobi\u0107, nie musisz zatrudnia\u0107 programisty ani posiada\u0107 wiedzy na temat samodzielnego rozwoju. Ca\u0142kowity czas konfiguracji to zaledwie 3 minuty.<ol> <li><b>Wygeneruj swoje osobiste mapy Google<\/b>. Korzystaj\u0105c z naszej bezp\u0142atnej wersji demonstracyjnej, utw\u00f3rz wid\u017cet z niezb\u0119dnym szablonem i mo\u017cliwo\u015bciami.<\/li> <li><b>Skopiuj kod do wy\u015bwietlenia wid\u017cetu<\/b>. Po wygenerowaniu wid\u017cetu uzyskaj kod do wid\u017cetu Map z wy\u015bwietlonego powiadomienia w aplikacjach Elfsight.<\/li> <li><b>Wy\u015bwietl wid\u017cet w witrynie Webflow <\/b>.Zintegruj widget w odpowiednim miejscu strony i opublikuj zmiany.<\/li> <li><b>Instalacja zosta\u0142a zako\u0144czona<\/b>. Przejd\u017a do swojej witryny Webflow, aby sprawdzi\u0107 map\u0119.<\/li><\/ol>Masz trudno\u015bci lub problemy podczas korzystania z instrukcji lub generowania w\u0142asnej mapy? Przeczytaj pouczaj\u0105c\u0105 instrukcj\u0119 \u00ab<a href=\"https:\/\/elfsight.com\/tutorials\/how-to-add-google-maps-builder-to-webflow\/\" target=\"_blank\" rel=\"noopener noreferrer\">Jak aby umie\u015bci\u0107 map\u0119 na stronie Webflow<\/a>\u00bb lub zostaw pro\u015bb\u0119 w dziale obs\u0142ugi klienta, a ch\u0119tnie pomo\u017cemy Ci w tworzeniu i wy\u015bwietlaniu map na Twojej stronie.<div class=\"faq\" data-component=\"FAQ\"><div class=\"faq-item\">\r\n\t\t\t\t\t<div class=\"faq-item-question\">\r\n\t\t\t\t\t\t<h3 class=\"faq-item-question-text\">Jak mog\u0119 doda\u0107 Mapy Google do mojej witryny Webflow bez umiej\u0119tno\u015bci kodowania?<\/h3>\r\n\r\n\t\t\t\t\t\t<div class=\"faq-item-question-icon\"><\/div>\r\n\t\t\t\t\t<\/div>\r\n\r\n\t\t\t\t\t<div class=\"faq-item-answer\">\r\n\t\t\t\t\t\t<div class=\"faq-item-answer-text\"> <p>Elfsight zapewnia rozwi\u0105zanie SaaS, kt\u00f3re pozwala samodzielnie utworzy\u0107 wid\u017cet Map Google. Zobacz, jak \u0142atwy jest ten proces: Pracuj bezpo\u015brednio w edytorze online, aby utworzy\u0107 wid\u017cet Map Google, jaki chcesz kt\u00f3re mo\u017cesz zobaczy\u0107 na swojej stronie internetowej Webflow. Wybierz jeden z gotowych szablon\u00f3w i dostosuj ustawienia Map Google, dodaj tre\u015b\u0107, zmie\u0144 uk\u0142ad i kolory bez umiej\u0119tno\u015bci kodowania. Zapisz Mapy Google i skopiuj ich kod instalacyjny, kt\u00f3ry mo\u017cesz bez problemu wklei\u0107 na swojej stronie Webflow bez konieczno\u015bci zakupu p\u0142atnej subskrypcji. Dzi\u0119ki naszemu intuicyjnemu Edytorowi ka\u017cdy u\u017cytkownik Internetu mo\u017ce stworzy\u0107 wid\u017cet Map Google online i \u0142atwo osadzi\u0107 go na swojej stronie internetowej Webflow. Aby uzyska\u0107 dost\u0119p do us\u0142ugi, nie trzeba p\u0142aci\u0107 ani wprowadza\u0107 danych uwierzytelniaj\u0105cych karty. Je\u015bli na kt\u00f3rymkolwiek etapie napotkasz jakiekolwiek problemy, skontaktuj si\u0119 z naszym zespo\u0142em pomocy technicznej.<\/p> <\/div>\r\n\t\t\t\t\t<\/div>\r\n\t\t\t\t<\/div> <\/div><\/div>","protected":false},"excerpt":{"rendered":"","protected":false},"author":9,"featured_media":0,"parent":2191,"menu_order":0,"comment_status":"closed","ping_status":"closed","template":"templates\/template-application-platform.php","meta":{"publish_to_discourse":"","publish_post_category":"","wpdc_auto_publish_overridden":"","wpdc_topic_tags":"","wpdc_pin_topic":"","wpdc_pin_until":"","discourse_post_id":"","discourse_permalink":"","wpdc_publishing_response":"","wpdc_publishing_error":"","footnotes":""},"class_list":["post-5392","page","type-page","status-publish","hentry"],"yoast_head":"<!-- This site is optimized with the Yoast SEO plugin v25.3.1 - https:\/\/yoast.com\/wordpress\/plugins\/seo\/ -->\n<title>Mapy Google - Dodaj wid\u017cet Mapa do witryny Webflow<\/title>\n<meta name=\"description\" content=\"Stw\u00f3rz niestandardowy widget Google Maps dla witryny Webflow. Zainstaluj interaktywne mapy w zaledwie 3 minuty za darmo w najszybszym panelu wtyczek.\" \/>\n<meta name=\"robots\" content=\"index, follow, max-snippet:-1, max-image-preview:large, max-video-preview:-1\" \/>\n<link rel=\"canonical\" href=\"https:\/\/elfsight.com\/pl\/google-maps-widget\/webflow\/\" \/>\n<meta property=\"og:locale\" content=\"pl_PL\" \/>\n<meta property=\"og:type\" content=\"article\" \/>\n<meta property=\"og:title\" content=\"Mapy Google - Dodaj wid\u017cet Mapa do witryny Webflow\" \/>\n<meta property=\"og:description\" content=\"Stw\u00f3rz niestandardowy widget Google Maps dla witryny Webflow. Zainstaluj interaktywne mapy w zaledwie 3 minuty za darmo w najszybszym panelu wtyczek.\" \/>\n<meta property=\"og:url\" content=\"https:\/\/elfsight.com\/pl\/google-maps-widget\/webflow\/\" \/>\n<meta property=\"og:site_name\" content=\"Elfsight PL\" \/>\n<meta property=\"article:modified_time\" content=\"2025-06-26T15:30:22+00:00\" \/>\n<meta name=\"twitter:card\" content=\"summary_large_image\" \/>\n<meta name=\"twitter:label1\" content=\"Szacowany czas czytania\" \/>\n\t<meta name=\"twitter:data1\" content=\"3 minuty\" \/>\n<!-- \/ Yoast SEO plugin. -->","yoast_head_json":{"title":"Mapy Google - Dodaj wid\u017cet Mapa do witryny Webflow","description":"Stw\u00f3rz niestandardowy widget Google Maps dla witryny Webflow. Zainstaluj interaktywne mapy w zaledwie 3 minuty za darmo w najszybszym panelu wtyczek.","robots":{"index":"index","follow":"follow","max-snippet":"max-snippet:-1","max-image-preview":"max-image-preview:large","max-video-preview":"max-video-preview:-1"},"canonical":"https:\/\/elfsight.com\/pl\/google-maps-widget\/webflow\/","og_locale":"pl_PL","og_type":"article","og_title":"Mapy Google - Dodaj wid\u017cet Mapa do witryny Webflow","og_description":"Stw\u00f3rz niestandardowy widget Google Maps dla witryny Webflow. Zainstaluj interaktywne mapy w zaledwie 3 minuty za darmo w najszybszym panelu wtyczek.","og_url":"https:\/\/elfsight.com\/pl\/google-maps-widget\/webflow\/","og_site_name":"Elfsight PL","article_modified_time":"2025-06-26T15:30:22+00:00","twitter_card":"summary_large_image","twitter_misc":{"Szacowany czas czytania":"3 minuty"},"schema":{"@context":"https:\/\/schema.org","@graph":[{"@type":"WebPage","@id":"https:\/\/elfsight.com\/pl\/google-maps-widget\/webflow\/","url":"https:\/\/elfsight.com\/pl\/google-maps-widget\/webflow\/","name":"Mapy Google - Dodaj wid\u017cet Mapa do witryny Webflow","isPartOf":{"@id":"https:\/\/elfsight.com\/pl\/#website"},"datePublished":"2024-05-03T06:38:43+00:00","dateModified":"2025-06-26T15:30:22+00:00","description":"Stw\u00f3rz niestandardowy widget Google Maps dla witryny Webflow. Zainstaluj interaktywne mapy w zaledwie 3 minuty za darmo w najszybszym panelu wtyczek.","breadcrumb":{"@id":"https:\/\/elfsight.com\/pl\/google-maps-widget\/webflow\/#breadcrumb"},"inLanguage":"pl-PL","potentialAction":[{"@type":"ReadAction","target":["https:\/\/elfsight.com\/pl\/google-maps-widget\/webflow\/"]}]},{"@type":"BreadcrumbList","@id":"https:\/\/elfsight.com\/pl\/google-maps-widget\/webflow\/#breadcrumb","itemListElement":[{"@type":"ListItem","position":1,"name":"Home","item":"https:\/\/elfsight.com\/pl\/"},{"@type":"ListItem","position":2,"name":"Google Maps","item":"https:\/\/elfsight.com\/pl\/google-maps-widget\/"},{"@type":"ListItem","position":3,"name":"Google Maps &#8211; Webflow"}]},{"@type":"WebSite","@id":"https:\/\/elfsight.com\/pl\/#website","url":"https:\/\/elfsight.com\/pl\/","name":"Elfsight PL","description":"Just another Elfsight Sites site","potentialAction":[{"@type":"SearchAction","target":{"@type":"EntryPoint","urlTemplate":"https:\/\/elfsight.com\/pl\/?s={search_term_string}"},"query-input":{"@type":"PropertyValueSpecification","valueRequired":true,"valueName":"search_term_string"}}],"inLanguage":"pl-PL"}]}},"meta_box":{"industry":"","seo_heading":"","heading":"","description":"","cta_heading":"","cta_description":"","application":"2190","h1":"Widget Map Google dla Webflow","h1_caption":"Osad\u017a responsywn\u0105 map\u0119 Google, aby wy\u015bwietla\u0107 swoj\u0105 lokalizacj\u0119 lub wiele lokalizacji, co u\u0142atwi nawigacj\u0119 po witrynie Webflow.","application_category":[],"applications_title":"","applications_request_title":"","applications_request_button_text":"","hero_text":"","hero_video":"","hero_video_schema_markup":"","selling_points_title":"","selling_points_caption":"","selling_points":[],"selling_points_cta_text":"","features_title":"","features":"","ed_cta_examples_text":"","ed_cta_examples_hidden":"","ed_cta_demo_text":"","ed_cta_demo_hidden":"","why_caption":"","why_editor_title":"","why_editor_text":"","why_team_title":"","why_team_text":"","why_service_title":"","why_service_text":"","template_catalog_visible":"0","template_catalog_title":"","template_catalog_text":"","template_catalog_categories_visible":"","demo_title":"Utw\u00f3rz wid\u017cet Map Google","demo_caption":"Skonfiguruj swoje Mapy Google i dodaj je do swojej witryny Webflow za darmo!","default_faq_hidden":"","app_template_category":[],"platform":"127","template_public_id":"","codecanyon_url":"","codecanyon_item_id":"","codecanyon_price":"","pricing_caption":"","pricing_elfsight_apps_hide_column":"","pricing_elfsight_apps_url":"","pricing_codecanyon_price_caption":"","integration_category":[],"integration_request_title":"","integration_request_cta":"","integration_platform":"","integrations":[],"platform_category":[],"video_schema_markup":"","price":"od 0 USD \/ miesi\u0105c","trial":"","benefits":[{"text":"Bezp\u0142atna pomoc w instalacji"},{"text":"Profesjonalna obs\u0142uga klienta"},{"text":"14-dniowa gwarancja zwrotu pieni\u0119dzy"}],"button_url":"#demo","button_target_blank":"0","button_nofollow":"0","attributes":[{"name":"Instaluje"},{"name":"Czu\u0142y"},{"name":"Kompatybilne przegl\u0105darki"}],"tags":[],"tags_disable_links":"0","hide_more_platforms":"0","video_object":"","demo_hide_cta":"0","demo_hide_cloud_options":"0","pricing_title":"","pricing":[{"pricing_icon":"platform","pricing_title":"Webflow widget","pricing_title_caption":"Wieloplatformowe oprogramowanie dzia\u0142aj\u0105ce na dowolnej witrynie (w tym Webflow)","pricing_price":"od 0 USD \/ miesi\u0105c","pricing_price_caption":"zacznij od bezp\u0142atnego planu","pricing_benefits":[{"text":"Nielimitowane strony internetowe"},{"text":"Profesjonalne i terminowe wsparcie"},{"text":"Bezp\u0142atna pomoc w monta\u017cu"},{"text":"Oferta specjalna na wiele aplikacji"}],"pricing_button_text":"Dodaj do witryny","pricing_button_url":"#demo"}],"related_apps_title":"","related_apps_hidden":"0","author":"","image":[],"title":"","job":"","social_networks":[]},"_links":{"self":[{"href":"https:\/\/elfsight.com\/pl\/wp-json\/wp\/v2\/pages\/5392","targetHints":{"allow":["GET"]}}],"collection":[{"href":"https:\/\/elfsight.com\/pl\/wp-json\/wp\/v2\/pages"}],"about":[{"href":"https:\/\/elfsight.com\/pl\/wp-json\/wp\/v2\/types\/page"}],"author":[{"embeddable":true,"href":"https:\/\/elfsight.com\/pl\/wp-json\/wp\/v2\/users\/9"}],"replies":[{"embeddable":true,"href":"https:\/\/elfsight.com\/pl\/wp-json\/wp\/v2\/comments?post=5392"}],"version-history":[{"count":3,"href":"https:\/\/elfsight.com\/pl\/wp-json\/wp\/v2\/pages\/5392\/revisions"}],"predecessor-version":[{"id":10593,"href":"https:\/\/elfsight.com\/pl\/wp-json\/wp\/v2\/pages\/5392\/revisions\/10593"}],"up":[{"embeddable":true,"href":"https:\/\/elfsight.com\/pl\/wp-json\/wp\/v2\/pages\/2191"}],"wp:attachment":[{"href":"https:\/\/elfsight.com\/pl\/wp-json\/wp\/v2\/media?parent=5392"}],"curies":[{"name":"wp","href":"https:\/\/api.w.org\/{rel}","templated":true}]}}