{"id":5391,"date":"2024-05-03T06:38:42","date_gmt":"2024-05-03T06:38:42","guid":{"rendered":"https:\/\/elfsight.com\/pl\/?page_id=5391"},"modified":"2024-11-14T12:49:41","modified_gmt":"2024-11-14T12:49:41","slug":"webnode","status":"publish","type":"page","link":"https:\/\/elfsight.com\/pl\/google-maps-widget\/webnode\/","title":{"rendered":"Google Maps &#8211; Webnode"},"content":{"rendered":"<div class=\"application-platform-content-item-description application-platform-content-item\" id=\"description\" data-nav-section=\"description\"><h2>Opis<\/h2>Bezproblemowa instalacja, efektywny i w pe\u0142ni konfigurowalny interfejs u\u0142atwiaj\u0105 Twoim klientom wyszukiwanie Twoich adres\u00f3w na mapie. Przyci\u0105ganie prawdziwych klient\u00f3w, szybkie dodawanie do witryny i opcje dostosowywania sprawiaj\u0105, \u017ce jest to jedna z najlepszych wtyczek dla ka\u017cdej witryny Webnode.<b>Zdob\u0105d\u017a wi\u0119cej prawdziwych klient\u00f3w dzi\u0119ki interaktywnym mapom w Twojej witrynie!<\/b><ul> <li><b>Zbli\u017c si\u0119 do klient\u00f3w<\/b>. Udost\u0119pnij swoje dane kontaktowe, za pomoc\u0105 kt\u00f3rych klienci mog\u0105 do Ciebie pisa\u0107 lub kontaktowa\u0107 si\u0119 zar\u00f3wno w realu, jak i w Internecie.<\/li> <li><b>Odkryj na mapie pe\u0142n\u0105 list\u0119 swoich sklep\u00f3w<\/b>. Zlokalizuj na mapie wszystkie miejsca publiczne, punkty sprzeda\u017cy lub kompletacji towar\u00f3w i pozw\u00f3l swoim u\u017cytkownikom z \u0142atwo\u015bci\u0105 wybra\u0107 maksymalnie odpowiedni\u0105 lokalizacj\u0119 i b\u0119d\u0105 za to wdzi\u0119czni.<\/li> <li><b>Korzystaj z niesko\u0144czonej liczby lokalizacji na jednej mapie<\/b>. Nie ograniczaj liczby swoich miejsc na mapie, zaznaczaj wszystko, co mo\u017ce by\u0107 potrzebne i zabawne dla Twoich klient\u00f3w.&lt;\/li <\/ul><\/div><div class=\"application-platform-content-item-features application-platform-content-item\" id=\"features\" data-nav-section=\"features\"><h2>Funkcje<\/h2>Jakie zalety sprawiaj\u0105, \u017ce mapa Elfsight jest najlepsza dla Twojej witryny Webnode?<ul> <li>Dodawanie nowej lokalizacji poprzez samo wprowadzenie jego adres, nazwa lub wsp\u00f3\u0142rz\u0119dne;<\/li> <li>5 warstw Map Google: POI, ruch drogowy, transport publiczny, rower, widok ulicy;<\/li> <li>Karta informacyjna z maksymaln\u0105 liczb\u0105 informacji kontaktowych;<\/li> <li>Ponad 50 znacznik\u00f3w lokalizacji;<\/li> <li>Dost\u0119pne regularne aktualizacje na \u017cywo.<\/li><\/ul><a href=\"#demo\">Wypr\u00f3buj pe\u0142n\u0105 list\u0119 zalet w edytorze!<\/a> <\/div><div class=\"application-platform-content-item-installation application-platform-content-item\" id=\"installation\" data-nav-section=\"installation\"><h2>Jak doda\u0107 wtyczk\u0119 Google Maps do witryny Webnode<\/h2>Kr\u00f3tka instrukcja dotycz\u0105ca samodzielnego wy\u015bwietlania responsywnych map w witrynie Webnode. Aby to zrobi\u0107, nie musisz zatrudnia\u0107 programisty ani posiada\u0107 kompetencji w programowaniu stron internetowych. Ca\u0142kowity czas konfiguracji to zaledwie 2 minuty.<ol> <li><b>Tw\u00f3rz w\u0142asne mapy Google<\/b>.Za pomoc\u0105 naszego bezp\u0142atnego edytora wygeneruj wtyczk\u0119 z preferowanym wygl\u0105dem i opcjami.<\/li> <li><b>Skopiuj kod dodania wtyczki<\/b>. Po dostosowaniu wid\u017cetu pobierz kod wtyczki Map z wy\u015bwietlonego okna aplikacji Elfsight.<\/li> <li><b>Umie\u015b\u0107 wtyczk\u0119 na stronie internetowej Webnode <\/b>.Dodaj wtyczk\u0119 w \u017c\u0105danym miejscu witryny i zapisz zmiany.<\/li> <li><b>Instalacja zosta\u0142a w pe\u0142ni przeprowadzona<\/b>.Wejd\u017a na swoj\u0105 witryn\u0119 Webnode, aby sprawdzi\u0107 wtyczk\u0119. <\/li><\/ol>Masz trudno\u015bci lub pytania podczas wykonywania instrukcji lub konfigurowania w\u0142asnej mapy? Skontaktuj si\u0119 z obs\u0142ug\u0105 klienta, a z przyjemno\u015bci\u0105 doradzimy Ci w projektowaniu i dodawaniu map do Twojej witryny.<div class=\"faq\" data-component=\"FAQ\"> <div class=\"faq-item\">\r\n\t\t\t\t\t<div class=\"faq-item-question\">\r\n\t\t\t\t\t\t<h3 class=\"faq-item-question-text\">Jak mog\u0119 doda\u0107 Mapy Google do mojej witryny Webnode bez umiej\u0119tno\u015bci kodowania?<\/h3>\r\n\r\n\t\t\t\t\t\t<div class=\"faq-item-question-icon\"><\/div>\r\n\t\t\t\t\t<\/div>\r\n\r\n\t\t\t\t\t<div class=\"faq-item-answer\">\r\n\t\t\t\t\t\t<div class=\"faq-item-answer-text\">Elfsight zapewnia rozwi\u0105zanie SaaS, kt\u00f3re umo\u017cliwia samodzielne utworzenie wid\u017cetu Map Google, przekonaj si\u0119, jak \u0142atwy jest ten proces: Pracuj bezpo\u015brednio w edytorze online, aby utworzy\u0107 wid\u017cet Map Google, kt\u00f3ry chcesz widzie\u0107 w swojej witrynie Webnode. Wybierz jeden z gotowych szablon\u00f3w i dostosuj ustawienia Map Google, dodaj tre\u015b\u0107, zmie\u0144 uk\u0142ad i kolory bez umiej\u0119tno\u015bci kodowania. Zapisz Mapy Google i skopiuj ich kod instalacyjny, kt\u00f3ry mo\u017cesz \u0142atwo doda\u0107 na swojej stronie Webnode, bez konieczno\u015bci kupowania p\u0142atnej subskrypcji. Dzi\u0119ki naszemu intuicyjnemu edytorowi ka\u017cdy u\u017cytkownik Internetu mo\u017ce stworzy\u0107 wid\u017cet Map Google online i \u0142atwo osadzi\u0107 go na swojej stronie internetowej Webnode. Aby uzyska\u0107 dost\u0119p do us\u0142ugi, nie trzeba p\u0142aci\u0107 ani wprowadza\u0107 danych uwierzytelniaj\u0105cych karty. Je\u015bli na kt\u00f3rymkolwiek etapie napotkasz jakiekolwiek problemy, skontaktuj si\u0119 z naszym zespo\u0142em pomocy technicznej.<\/div>\r\n\t\t\t\t\t<\/div>\r\n\t\t\t\t<\/div> <\/div><\/div>","protected":false},"excerpt":{"rendered":"","protected":false},"author":9,"featured_media":0,"parent":2191,"menu_order":0,"comment_status":"closed","ping_status":"closed","template":"templates\/template-application-platform.php","meta":{"publish_to_discourse":"","publish_post_category":"","wpdc_auto_publish_overridden":"","wpdc_topic_tags":"","wpdc_pin_topic":"","wpdc_pin_until":"","discourse_post_id":"","discourse_permalink":"","wpdc_publishing_response":"","wpdc_publishing_error":"","footnotes":""},"class_list":["post-5391","page","type-page","status-publish","hentry"],"yoast_head":"<!-- This site is optimized with the Yoast SEO plugin v25.3.1 - https:\/\/yoast.com\/wordpress\/plugins\/seo\/ -->\n<title>Mapy Google - Dodaj wid\u017cet Mapa do witryny Webnode<\/title>\n<meta name=\"description\" content=\"Wypr\u00f3buj najlepsz\u0105 wtyczk\u0119 Google Maps dla witryny Webnode. Zademonstruj interaktywne mapy w zaledwie 1 minut\u0119 za darmo w naj\u0142atwiejszej wersji demonstracyjnej wtyczki.\" \/>\n<meta name=\"robots\" content=\"index, follow, max-snippet:-1, max-image-preview:large, max-video-preview:-1\" \/>\n<link rel=\"canonical\" href=\"https:\/\/elfsight.com\/pl\/google-maps-widget\/webnode\/\" \/>\n<meta property=\"og:locale\" content=\"pl_PL\" \/>\n<meta property=\"og:type\" content=\"article\" \/>\n<meta property=\"og:title\" content=\"Mapy Google - Dodaj wid\u017cet Mapa do witryny Webnode\" \/>\n<meta property=\"og:description\" content=\"Wypr\u00f3buj najlepsz\u0105 wtyczk\u0119 Google Maps dla witryny Webnode. Zademonstruj interaktywne mapy w zaledwie 1 minut\u0119 za darmo w naj\u0142atwiejszej wersji demonstracyjnej wtyczki.\" \/>\n<meta property=\"og:url\" content=\"https:\/\/elfsight.com\/pl\/google-maps-widget\/webnode\/\" \/>\n<meta property=\"og:site_name\" content=\"Elfsight PL\" \/>\n<meta property=\"article:modified_time\" content=\"2024-11-14T12:49:41+00:00\" \/>\n<meta name=\"twitter:card\" content=\"summary_large_image\" \/>\n<meta name=\"twitter:label1\" content=\"Szacowany czas czytania\" \/>\n\t<meta name=\"twitter:data1\" content=\"3 minuty\" \/>\n<!-- \/ Yoast SEO plugin. -->","yoast_head_json":{"title":"Mapy Google - Dodaj wid\u017cet Mapa do witryny Webnode","description":"Wypr\u00f3buj najlepsz\u0105 wtyczk\u0119 Google Maps dla witryny Webnode. Zademonstruj interaktywne mapy w zaledwie 1 minut\u0119 za darmo w naj\u0142atwiejszej wersji demonstracyjnej wtyczki.","robots":{"index":"index","follow":"follow","max-snippet":"max-snippet:-1","max-image-preview":"max-image-preview:large","max-video-preview":"max-video-preview:-1"},"canonical":"https:\/\/elfsight.com\/pl\/google-maps-widget\/webnode\/","og_locale":"pl_PL","og_type":"article","og_title":"Mapy Google - Dodaj wid\u017cet Mapa do witryny Webnode","og_description":"Wypr\u00f3buj najlepsz\u0105 wtyczk\u0119 Google Maps dla witryny Webnode. Zademonstruj interaktywne mapy w zaledwie 1 minut\u0119 za darmo w naj\u0142atwiejszej wersji demonstracyjnej wtyczki.","og_url":"https:\/\/elfsight.com\/pl\/google-maps-widget\/webnode\/","og_site_name":"Elfsight PL","article_modified_time":"2024-11-14T12:49:41+00:00","twitter_card":"summary_large_image","twitter_misc":{"Szacowany czas czytania":"3 minuty"},"schema":{"@context":"https:\/\/schema.org","@graph":[{"@type":"WebPage","@id":"https:\/\/elfsight.com\/pl\/google-maps-widget\/webnode\/","url":"https:\/\/elfsight.com\/pl\/google-maps-widget\/webnode\/","name":"Mapy Google - Dodaj wid\u017cet Mapa do witryny Webnode","isPartOf":{"@id":"https:\/\/elfsight.com\/pl\/#website"},"datePublished":"2024-05-03T06:38:42+00:00","dateModified":"2024-11-14T12:49:41+00:00","description":"Wypr\u00f3buj najlepsz\u0105 wtyczk\u0119 Google Maps dla witryny Webnode. Zademonstruj interaktywne mapy w zaledwie 1 minut\u0119 za darmo w naj\u0142atwiejszej wersji demonstracyjnej wtyczki.","breadcrumb":{"@id":"https:\/\/elfsight.com\/pl\/google-maps-widget\/webnode\/#breadcrumb"},"inLanguage":"pl-PL","potentialAction":[{"@type":"ReadAction","target":["https:\/\/elfsight.com\/pl\/google-maps-widget\/webnode\/"]}]},{"@type":"BreadcrumbList","@id":"https:\/\/elfsight.com\/pl\/google-maps-widget\/webnode\/#breadcrumb","itemListElement":[{"@type":"ListItem","position":1,"name":"Home","item":"https:\/\/elfsight.com\/pl\/"},{"@type":"ListItem","position":2,"name":"Google Maps","item":"https:\/\/elfsight.com\/pl\/google-maps-widget\/"},{"@type":"ListItem","position":3,"name":"Google Maps &#8211; Webnode"}]},{"@type":"WebSite","@id":"https:\/\/elfsight.com\/pl\/#website","url":"https:\/\/elfsight.com\/pl\/","name":"Elfsight PL","description":"Just another Elfsight Sites site","potentialAction":[{"@type":"SearchAction","target":{"@type":"EntryPoint","urlTemplate":"https:\/\/elfsight.com\/pl\/?s={search_term_string}"},"query-input":{"@type":"PropertyValueSpecification","valueRequired":true,"valueName":"search_term_string"}}],"inLanguage":"pl-PL"}]}},"meta_box":{"industry":"","seo_heading":"","heading":"","description":"","cta_heading":"","cta_description":"","application":"2190","h1":"Wid\u017cet Map Google dla Webnode","h1_caption":"Osad\u017a responsywn\u0105 map\u0119 Google, aby wy\u015bwietla\u0107 swoj\u0105 lokalizacj\u0119 lub wiele lokalizacji, co u\u0142atwi nawigacj\u0119 po witrynie Webnode.","application_category":[],"applications_title":"","applications_request_title":"","applications_request_button_text":"","hero_text":"","hero_video":"","hero_video_schema_markup":"","selling_points_title":"","selling_points_caption":"","selling_points":[],"selling_points_cta_text":"","features_title":"","features":"","ed_cta_examples_text":"","ed_cta_examples_hidden":"","ed_cta_demo_text":"","ed_cta_demo_hidden":"","why_caption":"","why_editor_title":"","why_editor_text":"","why_team_title":"","why_team_text":"","why_service_title":"","why_service_text":"","template_catalog_visible":"","template_catalog_title":"","template_catalog_text":"","template_catalog_categories_visible":"","demo_title":"Utw\u00f3rz wid\u017cet Map Google","demo_caption":"Skonfiguruj swoje Mapy Google i dodaj je do swojej witryny Webnode za darmo!","default_faq_hidden":"","app_template_category":[],"platform":"138","template_public_id":"","codecanyon_url":"","codecanyon_item_id":"","codecanyon_price":"","pricing_caption":"","pricing_elfsight_apps_hide_column":"","pricing_elfsight_apps_url":"","pricing_codecanyon_price_caption":"","integration_category":[],"integration_request_title":"","integration_request_cta":"","integration_platform":"","integrations":[],"platform_category":[],"video_schema_markup":"","price":"od 0 USD \/ miesi\u0105c","trial":"","benefits":[{"text":"Bezp\u0142atna pomoc w monta\u017cu"},{"text":"Profesjonalna obs\u0142uga klienta"},{"text":"14-dniowa gwarancja zwrotu pieni\u0119dzy"}],"button_url":"#demo","button_target_blank":"","button_nofollow":"","attributes":[{"name":"Instaluje"},{"name":"Czu\u0142y"},{"name":"Kompatybilne przegl\u0105darki"}],"tags":[],"tags_disable_links":"","hide_more_platforms":"","video_object":"","demo_hide_cta":"","demo_hide_cloud_options":"","pricing_title":"","pricing":[{"pricing_icon":"platform","pricing_title":"Elfsight Apps","pricing_title_caption":"Wersja wieloplatformowa, kt\u00f3ra pasuje do ka\u017cdej witryny","pricing_price":"od 0 USD \/ miesi\u0105c","pricing_price_caption":"zacznij od bezp\u0142atnego planu","pricing_benefits":[{"text":"Nielimitowane strony internetowe"},{"text":"Dedykowane wsparcie firmy"},{"text":"Bezp\u0142atna us\u0142uga monta\u017cu"},{"text":"Cena do z\u0142apania dla wielu aplikacji"}],"pricing_button_text":"Dodaj do witryny","pricing_button_url":"#demo"}],"related_apps_title":"","related_apps_hidden":"","author":"","image":[],"title":"","job":"","social_networks":[]},"_links":{"self":[{"href":"https:\/\/elfsight.com\/pl\/wp-json\/wp\/v2\/pages\/5391","targetHints":{"allow":["GET"]}}],"collection":[{"href":"https:\/\/elfsight.com\/pl\/wp-json\/wp\/v2\/pages"}],"about":[{"href":"https:\/\/elfsight.com\/pl\/wp-json\/wp\/v2\/types\/page"}],"author":[{"embeddable":true,"href":"https:\/\/elfsight.com\/pl\/wp-json\/wp\/v2\/users\/9"}],"replies":[{"embeddable":true,"href":"https:\/\/elfsight.com\/pl\/wp-json\/wp\/v2\/comments?post=5391"}],"version-history":[{"count":1,"href":"https:\/\/elfsight.com\/pl\/wp-json\/wp\/v2\/pages\/5391\/revisions"}],"predecessor-version":[{"id":5395,"href":"https:\/\/elfsight.com\/pl\/wp-json\/wp\/v2\/pages\/5391\/revisions\/5395"}],"up":[{"embeddable":true,"href":"https:\/\/elfsight.com\/pl\/wp-json\/wp\/v2\/pages\/2191"}],"wp:attachment":[{"href":"https:\/\/elfsight.com\/pl\/wp-json\/wp\/v2\/media?parent=5391"}],"curies":[{"name":"wp","href":"https:\/\/api.w.org\/{rel}","templated":true}]}}