{"id":5390,"date":"2024-05-03T06:38:41","date_gmt":"2024-05-03T06:38:41","guid":{"rendered":"https:\/\/elfsight.com\/pl\/?page_id=5390"},"modified":"2025-06-26T15:33:24","modified_gmt":"2025-06-26T15:33:24","slug":"wix","status":"publish","type":"page","link":"https:\/\/elfsight.com\/pl\/google-maps-widget\/wix\/","title":{"rendered":"Google Maps &#8211; Wix"},"content":{"rendered":"<div class=\"application-platform-content-item-description application-platform-content-item\" id=\"description\" data-nav-section=\"description\"><h2>Opis<\/h2>Nieskomplikowana instalacja, wielofunkcyjno\u015b\u0107 i pe\u0142na mo\u017cliwo\u015b\u0107 dostosowania pomog\u0105 Ci w tworzeniu map i u\u0142atwi\u0105 wyszukiwanie lokalizacji. Skuteczny w pozyskiwaniu klient\u00f3w offline, \u0142atwy w instalacji i dostosowywaniu interfejsu \u2013 to chyba najlepsze narz\u0119dzie dla ka\u017cdej witryny Wix.<b>Zdob\u0105d\u017a wi\u0119cej rzeczywistych klient\u00f3w dzi\u0119ki interaktywnym mapom na Twojej stronie!<\/b><ul> <li> <b>Wi\u0119cej zam\u00f3wie\u0144 od kupuj\u0105cych z Twojej strony<\/b>. Podaj kompleksowe dane kontaktowe (adres, numer telefonu, godziny otwarcia messengera itd.), aby Twoi przyszli klienci mogli kontaktowa\u0107 si\u0119 z Tob\u0105 dowoln\u0105 dogodn\u0105 dla siebie metod\u0105.<\/li> <li><b>Zwi\u0119ksz konwersj\u0119 swojej witryny za pomoc\u0105 obszernej karty informacyjnej Twojej firmy<\/b>. Poka\u017c pe\u0142ne dane kontaktowe, aby znale\u017a\u0107 wi\u0119cej przysz\u0142ych u\u017cytkownik\u00f3w chc\u0105cych si\u0119 z Tob\u0105 skontaktowa\u0107 i zainspirowa\u0107 ich do nawi\u0105zania kolejnego przejd\u017a do zakupu.<\/li> <li><b>Oszcz\u0119dzaj czas na kszta\u0142towaniu map<\/b>. Dziesi\u0105tki ustawie\u0144 otwieraj\u0105 si\u0119 za pomoc\u0105 2 klikni\u0119\u0107, stw\u00f3rz najpot\u0119\u017cniejsz\u0105 map\u0119 dla swojej witryny w zaledwie kilka sekund.<\/li> <\/ul><\/div><div class=\"application-platform-content-item-features application-platform-content-item\" id=\"features\" data-nav-section=\"features\"><h2>Funkcje<\/h2>Kt\u00f3re opcje sprawiaj\u0105, \u017ce mapa Elfsight jest najlepsza dla Twojej witryny Wix?<ul> <li>Automatyczne budowanie tras na podstawie lokalizacji odwiedzaj\u0105cego ;<\/li> <li>Obs\u0142ugiwane s\u0105 wszystkie funkcje Map Google: warstwy, typy map, elementy steruj\u0105ce;<\/li> <li>Edytuj tytu\u0142 panelu lokalizacji i wybierz elementy;<\/li> <li>5 predefiniowanych schemat\u00f3w kolor\u00f3w;<\/li><li>Por\u0119czny edytor (nie wymaga kodowania).<\/li><\/ul><a href=\"#demo\">Wypr\u00f3buj ca\u0142y zestaw funkcji w edytorze!<\/a><\/div><div class=\"application-platform-content-item-installation application-platform-content-item\" id=\"installation\" data-nav-section=\"installation\"><h2>Jak doda\u0107 aplikacj\u0119 Mapy Google do witryny Wix<\/h2><div class=\"video-container\"><iframe width=\"720\" height=\"405\" src=\"https:\/\/www.youtube.com\/embed\/8MUxzhX70Os\" frameborder=\"0\" allowfullscreen=\"\"><\/iframe><\/div>Zwi\u0119z\u0142y podr\u0119cznik na temat samodzielnej integracji responsywnych map z Wix. Aby go wykona\u0107, nie musisz zatrudnia\u0107 programisty ani posiada\u0107 umiej\u0119tno\u015bci kodowania. Czas instalacji wynosi \u015brednio zaledwie 3 minuty.<ol> <li><b>Utw\u00f3rz w\u0142asne Mapy Google<\/b>.Dzi\u0119ki naszemu <a href=\"#demo\">darmowemu edytorowi<\/a>, wid\u017cetowi z \u017c\u0105danym projektem i ustawieniami.<\/li> <li><b>Uzyskaj kod do wy\u015bwietlenia wid\u017cetu<\/b>. Po skonfigurowaniu wid\u017cetu uzyskaj kod do mapy z pojawiaj\u0105cego si\u0119 okna aplikacji Elfsight.<\/li> <li><b>Umie\u015b\u0107 wid\u017cet na stronie Wix<\/b>.Wy\u015bwietl wid\u017cet w wybranym miejscu witryny i zastosuj wyniki.<\/li> <li><b>Konfiguracja zosta\u0142a zako\u0144czona!<\/b>Id\u017a do Twojej witryny, aby zobaczy\u0107 swoj\u0105 prac\u0119.<\/li><\/ol>Masz trudno\u015bci lub problemy podczas wykonywania instrukcji lub ustawiania dostosowanej mapy? Przeczytaj ca\u0142y podr\u0119cznik \u00ab<a href=\"https:\/\/elfsight.com\/tutorials\/how-to-add-google-maps-builder-to-wix\/\" target=\"_blank\" rel=\"noopener noreferrer\">Jak aby wstawi\u0107 map\u0119 do witryny Wix<\/a>\u00bb lub wiadomo\u015b\u0107 do centrum wsparcia Elfsight, a my z przyjemno\u015bci\u0105 udzielimy pomocy w kszta\u0142towaniu i wy\u015bwietlaniu map na Twojej stronie.<div class=\"faq\" data-component=\"FAQ\"><div class=\"faq-item\">\r\n\t\t\t\t\t<div class=\"faq-item-question\">\r\n\t\t\t\t\t\t<h3 class=\"faq-item-question-text\">Jak mog\u0119 doda\u0107 Mapy Google do mojej witryny Wix bez umiej\u0119tno\u015bci kodowania?<\/h3>\r\n\r\n\t\t\t\t\t\t<div class=\"faq-item-question-icon\"><\/div>\r\n\t\t\t\t\t<\/div>\r\n\r\n\t\t\t\t\t<div class=\"faq-item-answer\">\r\n\t\t\t\t\t\t<div class=\"faq-item-answer-text\"> <p>Elfsight zapewnia rozwi\u0105zanie SaaS, kt\u00f3re pozwala samodzielnie utworzy\u0107 wid\u017cet Map Google. Zobacz, jak \u0142atwy jest ten proces: Pracuj bezpo\u015brednio w edytorze online, aby utworzy\u0107 wid\u017cet Map Google, jaki chcesz do zobaczenia na swojej stronie Wix. Wybierz jeden z gotowych szablon\u00f3w i dostosuj ustawienia Map Google, dodaj tre\u015b\u0107, zmie\u0144 uk\u0142ad i kolory bez umiej\u0119tno\u015bci kodowania. Zapisz Mapy Google i skopiuj ich kod instalacyjny, kt\u00f3ry mo\u017cesz \u0142atwo umie\u015bci\u0107 na swojej stronie Wix bez konieczno\u015bci zakupu wersji p\u0142atnej. Dzi\u0119ki naszemu intuicyjnemu Edytorowi ka\u017cdy u\u017cytkownik Internetu mo\u017ce stworzy\u0107 wid\u017cet Map Google online i \u0142atwo osadzi\u0107 go na swojej stronie Wix. Aby uzyska\u0107 dost\u0119p do us\u0142ugi, nie trzeba p\u0142aci\u0107 ani wprowadza\u0107 danych uwierzytelniaj\u0105cych karty. Je\u015bli na kt\u00f3rymkolwiek etapie napotkasz jakiekolwiek problemy, skontaktuj si\u0119 z naszym zespo\u0142em pomocy technicznej.<\/p> <\/div>\r\n\t\t\t\t\t<\/div>\r\n\t\t\t\t<\/div> <\/div><\/div>","protected":false},"excerpt":{"rendered":"","protected":false},"author":9,"featured_media":0,"parent":2191,"menu_order":0,"comment_status":"closed","ping_status":"closed","template":"templates\/template-application-platform.php","meta":{"publish_to_discourse":"","publish_post_category":"","wpdc_auto_publish_overridden":"","wpdc_topic_tags":"","wpdc_pin_topic":"","wpdc_pin_until":"","discourse_post_id":"","discourse_permalink":"","wpdc_publishing_response":"","wpdc_publishing_error":"","footnotes":""},"class_list":["post-5390","page","type-page","status-publish","hentry"],"yoast_head":"<!-- This site is optimized with the Yoast SEO plugin v25.3.1 - https:\/\/yoast.com\/wordpress\/plugins\/seo\/ -->\n<title>Mapy Google \u2014 dodaj aplikacj\u0119 Map do witryny Wix<\/title>\n<meta name=\"description\" content=\"Stw\u00f3rz dostosowan\u0105 aplikacj\u0119 Mapy Google dla witryny Wix. Wy\u015bwietlaj interaktywne mapy w zaledwie 1 minut\u0119 za darmo w najbardziej por\u0119cznym panelu wid\u017cet\u00f3w.\" \/>\n<meta name=\"robots\" content=\"index, follow, max-snippet:-1, max-image-preview:large, max-video-preview:-1\" \/>\n<link rel=\"canonical\" href=\"https:\/\/elfsight.com\/pl\/google-maps-widget\/wix\/\" \/>\n<meta property=\"og:locale\" content=\"pl_PL\" \/>\n<meta property=\"og:type\" content=\"article\" \/>\n<meta property=\"og:title\" content=\"Mapy Google \u2014 dodaj aplikacj\u0119 Map do witryny Wix\" \/>\n<meta property=\"og:description\" content=\"Stw\u00f3rz dostosowan\u0105 aplikacj\u0119 Mapy Google dla witryny Wix. Wy\u015bwietlaj interaktywne mapy w zaledwie 1 minut\u0119 za darmo w najbardziej por\u0119cznym panelu wid\u017cet\u00f3w.\" \/>\n<meta property=\"og:url\" content=\"https:\/\/elfsight.com\/pl\/google-maps-widget\/wix\/\" \/>\n<meta property=\"og:site_name\" content=\"Elfsight PL\" \/>\n<meta property=\"article:modified_time\" content=\"2025-06-26T15:33:24+00:00\" \/>\n<meta name=\"twitter:card\" content=\"summary_large_image\" \/>\n<meta name=\"twitter:label1\" content=\"Szacowany czas czytania\" \/>\n\t<meta name=\"twitter:data1\" content=\"3 minuty\" \/>\n<!-- \/ Yoast SEO plugin. -->","yoast_head_json":{"title":"Mapy Google \u2014 dodaj aplikacj\u0119 Map do witryny Wix","description":"Stw\u00f3rz dostosowan\u0105 aplikacj\u0119 Mapy Google dla witryny Wix. Wy\u015bwietlaj interaktywne mapy w zaledwie 1 minut\u0119 za darmo w najbardziej por\u0119cznym panelu wid\u017cet\u00f3w.","robots":{"index":"index","follow":"follow","max-snippet":"max-snippet:-1","max-image-preview":"max-image-preview:large","max-video-preview":"max-video-preview:-1"},"canonical":"https:\/\/elfsight.com\/pl\/google-maps-widget\/wix\/","og_locale":"pl_PL","og_type":"article","og_title":"Mapy Google \u2014 dodaj aplikacj\u0119 Map do witryny Wix","og_description":"Stw\u00f3rz dostosowan\u0105 aplikacj\u0119 Mapy Google dla witryny Wix. Wy\u015bwietlaj interaktywne mapy w zaledwie 1 minut\u0119 za darmo w najbardziej por\u0119cznym panelu wid\u017cet\u00f3w.","og_url":"https:\/\/elfsight.com\/pl\/google-maps-widget\/wix\/","og_site_name":"Elfsight PL","article_modified_time":"2025-06-26T15:33:24+00:00","twitter_card":"summary_large_image","twitter_misc":{"Szacowany czas czytania":"3 minuty"},"schema":{"@context":"https:\/\/schema.org","@graph":[{"@type":"WebPage","@id":"https:\/\/elfsight.com\/pl\/google-maps-widget\/wix\/","url":"https:\/\/elfsight.com\/pl\/google-maps-widget\/wix\/","name":"Mapy Google \u2014 dodaj aplikacj\u0119 Map do witryny Wix","isPartOf":{"@id":"https:\/\/elfsight.com\/pl\/#website"},"datePublished":"2024-05-03T06:38:41+00:00","dateModified":"2025-06-26T15:33:24+00:00","description":"Stw\u00f3rz dostosowan\u0105 aplikacj\u0119 Mapy Google dla witryny Wix. Wy\u015bwietlaj interaktywne mapy w zaledwie 1 minut\u0119 za darmo w najbardziej por\u0119cznym panelu wid\u017cet\u00f3w.","breadcrumb":{"@id":"https:\/\/elfsight.com\/pl\/google-maps-widget\/wix\/#breadcrumb"},"inLanguage":"pl-PL","potentialAction":[{"@type":"ReadAction","target":["https:\/\/elfsight.com\/pl\/google-maps-widget\/wix\/"]}]},{"@type":"BreadcrumbList","@id":"https:\/\/elfsight.com\/pl\/google-maps-widget\/wix\/#breadcrumb","itemListElement":[{"@type":"ListItem","position":1,"name":"Home","item":"https:\/\/elfsight.com\/pl\/"},{"@type":"ListItem","position":2,"name":"Google Maps","item":"https:\/\/elfsight.com\/pl\/google-maps-widget\/"},{"@type":"ListItem","position":3,"name":"Google Maps &#8211; Wix"}]},{"@type":"WebSite","@id":"https:\/\/elfsight.com\/pl\/#website","url":"https:\/\/elfsight.com\/pl\/","name":"Elfsight PL","description":"Just another Elfsight Sites site","potentialAction":[{"@type":"SearchAction","target":{"@type":"EntryPoint","urlTemplate":"https:\/\/elfsight.com\/pl\/?s={search_term_string}"},"query-input":{"@type":"PropertyValueSpecification","valueRequired":true,"valueName":"search_term_string"}}],"inLanguage":"pl-PL"}]}},"meta_box":{"industry":"","seo_heading":"","heading":"","description":"","cta_heading":"","cta_description":"","application":"2190","h1":"Aplikacja Mapy Google dla Wix","h1_caption":"Osad\u017a responsywn\u0105 map\u0119 Google, aby wy\u015bwietla\u0107 Twoj\u0105 lokalizacj\u0119 lub wiele lokalizacji, co u\u0142atwi nawigacj\u0119 po Twojej witrynie Wix.","application_category":[],"applications_title":"","applications_request_title":"","applications_request_button_text":"","hero_text":"","hero_video":"","hero_video_schema_markup":"","selling_points_title":"","selling_points_caption":"","selling_points":[],"selling_points_cta_text":"","features_title":"","features":"","ed_cta_examples_text":"","ed_cta_examples_hidden":"","ed_cta_demo_text":"","ed_cta_demo_hidden":"","why_caption":"","why_editor_title":"","why_editor_text":"","why_team_title":"","why_team_text":"","why_service_title":"","why_service_text":"","template_catalog_visible":"0","template_catalog_title":"","template_catalog_text":"","template_catalog_categories_visible":"","demo_title":"Utw\u00f3rz aplikacj\u0119 Mapy Google","demo_caption":"Skonfiguruj swoje Mapy Google i dodaj je do swojej witryny Wix za darmo!","default_faq_hidden":"","app_template_category":[],"platform":"30","template_public_id":"","codecanyon_url":"","codecanyon_item_id":"","codecanyon_price":"","pricing_caption":"","pricing_elfsight_apps_hide_column":"","pricing_elfsight_apps_url":"","pricing_codecanyon_price_caption":"","integration_category":[],"integration_request_title":"","integration_request_cta":"","integration_platform":"","integrations":[],"platform_category":[],"video_schema_markup":"","price":"od 0 USD \/ miesi\u0105c","trial":"","benefits":[{"text":"Bezp\u0142atna us\u0142uga monta\u017cu"},{"text":"Do\u015bwiadczona obs\u0142uga klienta"},{"text":"14-dniowa gwarancja zwrotu pieni\u0119dzy"}],"button_url":"#demo","button_target_blank":"0","button_nofollow":"0","attributes":[{"name":"Instaluje"},{"name":"Czu\u0142y"},{"name":"Kompatybilne przegl\u0105darki"}],"tags":[],"tags_disable_links":"0","hide_more_platforms":"0","video_object":"","demo_hide_cta":"0","demo_hide_cloud_options":"0","pricing_title":"","pricing":[{"pricing_icon":"platform","pricing_title":"Wix app","pricing_title_caption":"Rozwi\u0105zanie wieloplatformowe, kt\u00f3re pasuje do ka\u017cdej witryny internetowej","pricing_price":"od 0 USD \/ miesi\u0105c","pricing_price_caption":"zacznij od bezp\u0142atnego planu","pricing_benefits":[{"text":"Nieograniczona liczba stron internetowych"},{"text":"Szybka obs\u0142uga klienta"},{"text":"Bezp\u0142atna pomoc w instalacji"},{"text":"Specjalna cena za wiele aplikacji"}],"pricing_button_text":"Dodaj do witryny","pricing_button_url":"#demo"}],"related_apps_title":"","related_apps_hidden":"0","author":"","image":[],"title":"","job":"","social_networks":[]},"_links":{"self":[{"href":"https:\/\/elfsight.com\/pl\/wp-json\/wp\/v2\/pages\/5390","targetHints":{"allow":["GET"]}}],"collection":[{"href":"https:\/\/elfsight.com\/pl\/wp-json\/wp\/v2\/pages"}],"about":[{"href":"https:\/\/elfsight.com\/pl\/wp-json\/wp\/v2\/types\/page"}],"author":[{"embeddable":true,"href":"https:\/\/elfsight.com\/pl\/wp-json\/wp\/v2\/users\/9"}],"replies":[{"embeddable":true,"href":"https:\/\/elfsight.com\/pl\/wp-json\/wp\/v2\/comments?post=5390"}],"version-history":[{"count":4,"href":"https:\/\/elfsight.com\/pl\/wp-json\/wp\/v2\/pages\/5390\/revisions"}],"predecessor-version":[{"id":10596,"href":"https:\/\/elfsight.com\/pl\/wp-json\/wp\/v2\/pages\/5390\/revisions\/10596"}],"up":[{"embeddable":true,"href":"https:\/\/elfsight.com\/pl\/wp-json\/wp\/v2\/pages\/2191"}],"wp:attachment":[{"href":"https:\/\/elfsight.com\/pl\/wp-json\/wp\/v2\/media?parent=5390"}],"curies":[{"name":"wp","href":"https:\/\/api.w.org\/{rel}","templated":true}]}}