{"id":5384,"date":"2024-05-03T06:38:39","date_gmt":"2024-05-03T06:38:39","guid":{"rendered":"https:\/\/elfsight.com\/pl\/?page_id=5384"},"modified":"2025-06-26T15:20:23","modified_gmt":"2025-06-26T15:20:23","slug":"jquery","status":"publish","type":"page","link":"https:\/\/elfsight.com\/pl\/google-maps-widget\/jquery\/","title":{"rendered":"Google Maps &#8211; jQuery"},"content":{"rendered":"<div class=\"application-platform-content-item-description application-platform-content-item\" id=\"description\" data-nav-section=\"description\"><h2>Opis<\/h2>Uniwersalne i ca\u0142kowicie spersonalizowane narz\u0119dzie z nieskomplikowan\u0105 integracj\u0105, kt\u00f3re znacznie u\u0142atwia Twoim klientom znalezienie lokalizacji. Skuteczne w przyci\u0105ganiu klient\u00f3w offline, szybka integracja i dostosowywanie interfejsu sprawiaj\u0105, \u017ce jest to jedna z najlepszych wtyczek dla Twojej witryny.<b>Zdob\u0105d\u017a wi\u0119cej klient\u00f3w offline, korzystaj\u0105c z interaktywnych map na swojej stronie!<\/b><ul> <li> <b>Zbli\u017c si\u0119 do klient\u00f3w<\/b>. Przedstaw swoje dane kontaktowe, dzi\u0119ki kt\u00f3rym klienci b\u0119d\u0105 mogli si\u0119 z Tob\u0105 skontaktowa\u0107 lub znale\u017a\u0107 Ci\u0119 zar\u00f3wno w rzeczywisto\u015bci, jak i online.<\/li> <li><b>Poka\u017c pe\u0142ny zestaw Twoich lokalizacji na mapie<\/b>. Wzboga\u0107 swoj\u0105 map\u0119 o sklepy, miejsca sprzeda\u017cy lub kompletacji towar\u00f3w i pom\u00f3\u017c swoim u\u017cytkownikom znale\u017a\u0107 najbli\u017cszy cel podr\u00f3\u017cy.<\/li> <li><b>Automatyczne tworzenie tras do Twojej lokalizacji<\/b>. Nie pozwalaj klientom na zamykanie Twojej witryny, gdy s\u0105 gotowi si\u0119 do Ciebie zwr\u00f3ci\u0107. Poka\u017c ka\u017cdemu klientowi drog\u0119 do swoich adres\u00f3w bezpo\u015brednio na mapie!<\/li><\/ul><\/div><div class=\"application-platform-content-item-features application-platform-content-item\" id=\"features\" data-nav-section=\"features\"><h2>Funkcje<\/h2>Jakie specjalne cechy sprawiaj\u0105, \u017ce interaktywna mapa Elfsight jQuery najlepsza wtyczka dla ka\u017cdej witryny?<ul> <li>R\u00f3\u017cne znaczniki lokalizacji na mapie;<\/li> <li>Obs\u0142ugiwane s\u0105 wszystkie funkcje Map Google: warstwy, typy map, elementy steruj\u0105ce;<\/li> <li>Edytuj tytu\u0142 panelu lokalizacji i wybierz elementy;<\/li> <li>Ponad 50 wielu znacznik\u00f3w lokalizacji;<\/li> <li>Por\u0119czny edytor (nie wymaga kodowania).<\/li><\/ul><a href=\"#demo\">Sprawd\u017a ca\u0142y zestaw funkcji w wersji demonstracyjnej!<\/a><\/div><div class=\"application-platform-content-item-installation application-platform-content-item\" id=\"installation\" data-nav-section=\"installation\"><h2>Jak osadzi\u0107 wtyczk\u0119 Google Map na stronie jQuery<\/h2>Kr\u00f3tka instrukcja dotycz\u0105ca samodzielnego instalowania responsywnych interaktywnych map strona internetowa. Aby to zrobi\u0107, nie potrzebujesz programisty ani znajomo\u015bci kodowania. Ca\u0142kowity czas instalacji to zaledwie 2 minuty.<ol> <li><b>Stw\u00f3rz swoj\u0105 indywidualn\u0105 wtyczk\u0119 Map<\/b>. Korzystaj\u0105c z naszej bezp\u0142atnej wersji demonstracyjnej, zbuduj wtyczk\u0119 z niezb\u0119dnym szablonem i opcjami.<\/li> <li><b>Uzyskaj kod, aby doda\u0107 wtyczk\u0119 na stronie<\/b>. Po dostrojeniu wid\u017cetu uzyskaj kod dla mapy z wyskakuj\u0105cego powiadomienia w aplikacji Elfsight.<\/li> <li><b>Wy\u015bwietl wtyczk\u0119 na stronie<\/b>.Umie\u015b\u0107 wtyczk\u0119 w wymaganym miejscu witryny i zapisz zmiany.<\/li> <li><b>Konfiguracja zosta\u0142a zako\u0144czona<\/b>. Przejd\u017a do swojej witryny, aby sprawdzi\u0107 swoj\u0105 prac\u0119.<\/li><\/ol>Napotka\u0142e\u015b trudno\u015bci lub problemy podczas wykonywania samouczka lub generowania niestandardowej mapy? Skontaktuj si\u0119 z naszym centrum pomocy, a ch\u0119tnie pomo\u017cemy Ci w tworzeniu i umieszczaniu map w Twojej witrynie.<\/div><div class=\"faq\" data-component=\"FAQ\"> <div class=\"faq-item\">\r\n\t\t\t\t\t<div class=\"faq-item-question\">\r\n\t\t\t\t\t\t<h3 class=\"faq-item-question-text\">W jaki spos\u00f3b doda\u0107 Mapy Google do witryny jQuery?<\/h3>\r\n\r\n\t\t\t\t\t\t<div class=\"faq-item-question-icon\"><\/div>\r\n\t\t\t\t\t<\/div>\r\n\r\n\t\t\t\t\t<div class=\"faq-item-answer\">\r\n\t\t\t\t\t\t<div class=\"faq-item-answer-text\"> Tworzenie wid\u017cetu odbywa si\u0119 na stronach Elfsight i nie trzeba uczy\u0107 si\u0119 kodowania. Otw\u00f3rz nasze demo online, aby dostosowa\u0107 sw\u00f3j w\u0142asny widget, zdoby\u0107 kod i zintegrowa\u0107 go ze swoj\u0105 witryn\u0105.<\/div>\r\n\t\t\t\t\t<\/div>\r\n\t\t\t\t<\/div> <div class=\"faq-item\">\r\n\t\t\t\t\t<div class=\"faq-item-question\">\r\n\t\t\t\t\t\t<h3 class=\"faq-item-question-text\">Najlepsze sposoby wykorzystania integracji z Mapami Google<\/h3>\r\n\r\n\t\t\t\t\t\t<div class=\"faq-item-question-icon\"><\/div>\r\n\t\t\t\t\t<\/div>\r\n\r\n\t\t\t\t\t<div class=\"faq-item-answer\">\r\n\t\t\t\t\t\t<div class=\"faq-item-answer-text\">Dostarczymy Ci wiele opcji dostosowywania: pe\u0142nowymiarowe wid\u017cety do zaimplementowania w sekcji tre\u015bci, p\u0142ywaj\u0105ce wtyczki z mo\u017cliwo\u015bci\u0105 przewijania, uk\u0142ady stopki Twojej witryny, nag\u0142\u00f3wka i wszelkiego rodzaju pionowe mo\u017cliwo\u015bci pask\u00f3w bocznych i menu.<\/div>\r\n\t\t\t\t\t<\/div>\r\n\t\t\t\t<\/div> <div class=\"faq-item\">\r\n\t\t\t\t\t<div class=\"faq-item-question\">\r\n\t\t\t\t\t\t<h3 class=\"faq-item-question-text\">Czy za pomoc\u0105 edytora mog\u0119 stworzy\u0107 lokalizacj\u0119 lub interaktywn\u0105 map\u0119? <\/h3>\r\n\r\n\t\t\t\t\t\t<div class=\"faq-item-question-icon\"><\/div>\r\n\t\t\t\t\t<\/div>\r\n\r\n\t\t\t\t\t<div class=\"faq-item-answer\">\r\n\t\t\t\t\t\t<div class=\"faq-item-answer-text\">Mo\u017cesz kszta\u0142towa\u0107 dowolne zmiany w wid\u017cecie. W edytorze dost\u0119pnych jest mn\u00f3stwo uk\u0142ad\u00f3w, a ka\u017cdy z nich mo\u017cna szybko spersonalizowa\u0107 wed\u0142ug w\u0142asnych upodoba\u0144.<\/div>\r\n\t\t\t\t\t<\/div>\r\n\t\t\t\t<\/div> <\/div>","protected":false},"excerpt":{"rendered":"","protected":false},"author":9,"featured_media":0,"parent":2191,"menu_order":0,"comment_status":"closed","ping_status":"closed","template":"templates\/template-application-platform.php","meta":{"publish_to_discourse":"","publish_post_category":"","wpdc_auto_publish_overridden":"","wpdc_topic_tags":"","wpdc_pin_topic":"","wpdc_pin_until":"","discourse_post_id":"","discourse_permalink":"","wpdc_publishing_response":"","wpdc_publishing_error":"","footnotes":""},"class_list":["post-5384","page","type-page","status-publish","hentry"],"yoast_head":"<!-- This site is optimized with the Yoast SEO plugin v25.3.1 - https:\/\/yoast.com\/wordpress\/plugins\/seo\/ -->\n<title>Wtyczka jQuery Google Map ze znacznikami i wieloma lokalizacjami (2025)<\/title>\n<meta name=\"description\" content=\"Utw\u00f3rz najlepsz\u0105 wtyczk\u0119 Google Map dla witryny JQuery ze znacznikami i wieloma lokalizacjami. Zaprezentuj interaktywne mapy na swojej stronie w zaledwie 3 minuty za darmo.\" \/>\n<meta name=\"robots\" content=\"index, follow, max-snippet:-1, max-image-preview:large, max-video-preview:-1\" \/>\n<link rel=\"canonical\" href=\"https:\/\/elfsight.com\/pl\/google-maps-widget\/jquery\/\" \/>\n<meta property=\"og:locale\" content=\"pl_PL\" \/>\n<meta property=\"og:type\" content=\"article\" \/>\n<meta property=\"og:title\" content=\"Wtyczka jQuery Google Map ze znacznikami i wieloma lokalizacjami (2025)\" \/>\n<meta property=\"og:description\" content=\"Utw\u00f3rz najlepsz\u0105 wtyczk\u0119 Google Map dla witryny JQuery ze znacznikami i wieloma lokalizacjami. Zaprezentuj interaktywne mapy na swojej stronie w zaledwie 3 minuty za darmo.\" \/>\n<meta property=\"og:url\" content=\"https:\/\/elfsight.com\/pl\/google-maps-widget\/jquery\/\" \/>\n<meta property=\"og:site_name\" content=\"Elfsight PL\" \/>\n<meta property=\"article:modified_time\" content=\"2025-06-26T15:20:23+00:00\" \/>\n<meta name=\"twitter:card\" content=\"summary_large_image\" \/>\n<meta name=\"twitter:label1\" content=\"Szacowany czas czytania\" \/>\n\t<meta name=\"twitter:data1\" content=\"3 minuty\" \/>\n<!-- \/ Yoast SEO plugin. -->","yoast_head_json":{"title":"Wtyczka jQuery Google Map ze znacznikami i wieloma lokalizacjami (2025)","description":"Utw\u00f3rz najlepsz\u0105 wtyczk\u0119 Google Map dla witryny JQuery ze znacznikami i wieloma lokalizacjami. Zaprezentuj interaktywne mapy na swojej stronie w zaledwie 3 minuty za darmo.","robots":{"index":"index","follow":"follow","max-snippet":"max-snippet:-1","max-image-preview":"max-image-preview:large","max-video-preview":"max-video-preview:-1"},"canonical":"https:\/\/elfsight.com\/pl\/google-maps-widget\/jquery\/","og_locale":"pl_PL","og_type":"article","og_title":"Wtyczka jQuery Google Map ze znacznikami i wieloma lokalizacjami (2025)","og_description":"Utw\u00f3rz najlepsz\u0105 wtyczk\u0119 Google Map dla witryny JQuery ze znacznikami i wieloma lokalizacjami. Zaprezentuj interaktywne mapy na swojej stronie w zaledwie 3 minuty za darmo.","og_url":"https:\/\/elfsight.com\/pl\/google-maps-widget\/jquery\/","og_site_name":"Elfsight PL","article_modified_time":"2025-06-26T15:20:23+00:00","twitter_card":"summary_large_image","twitter_misc":{"Szacowany czas czytania":"3 minuty"},"schema":{"@context":"https:\/\/schema.org","@graph":[{"@type":"WebPage","@id":"https:\/\/elfsight.com\/pl\/google-maps-widget\/jquery\/","url":"https:\/\/elfsight.com\/pl\/google-maps-widget\/jquery\/","name":"Wtyczka jQuery Google Map ze znacznikami i wieloma lokalizacjami (2025)","isPartOf":{"@id":"https:\/\/elfsight.com\/pl\/#website"},"datePublished":"2024-05-03T06:38:39+00:00","dateModified":"2025-06-26T15:20:23+00:00","description":"Utw\u00f3rz najlepsz\u0105 wtyczk\u0119 Google Map dla witryny JQuery ze znacznikami i wieloma lokalizacjami. Zaprezentuj interaktywne mapy na swojej stronie w zaledwie 3 minuty za darmo.","breadcrumb":{"@id":"https:\/\/elfsight.com\/pl\/google-maps-widget\/jquery\/#breadcrumb"},"inLanguage":"pl-PL","potentialAction":[{"@type":"ReadAction","target":["https:\/\/elfsight.com\/pl\/google-maps-widget\/jquery\/"]}]},{"@type":"BreadcrumbList","@id":"https:\/\/elfsight.com\/pl\/google-maps-widget\/jquery\/#breadcrumb","itemListElement":[{"@type":"ListItem","position":1,"name":"Home","item":"https:\/\/elfsight.com\/pl\/"},{"@type":"ListItem","position":2,"name":"Google Maps","item":"https:\/\/elfsight.com\/pl\/google-maps-widget\/"},{"@type":"ListItem","position":3,"name":"Google Maps &#8211; jQuery"}]},{"@type":"WebSite","@id":"https:\/\/elfsight.com\/pl\/#website","url":"https:\/\/elfsight.com\/pl\/","name":"Elfsight PL","description":"Just another Elfsight Sites site","potentialAction":[{"@type":"SearchAction","target":{"@type":"EntryPoint","urlTemplate":"https:\/\/elfsight.com\/pl\/?s={search_term_string}"},"query-input":{"@type":"PropertyValueSpecification","valueRequired":true,"valueName":"search_term_string"}}],"inLanguage":"pl-PL"}]}},"meta_box":{"industry":"","seo_heading":"","heading":"","description":"","cta_heading":"","cta_description":"","application":"2190","h1":"Wtyczka jQuery Google Map","h1_caption":"Osad\u017a responsywn\u0105 map\u0119 Google, aby wy\u015bwietla\u0107 swoj\u0105 lokalizacj\u0119 lub wiele lokalizacji, aby u\u0142atwi\u0107 nawigacj\u0119 po witrynie jQuery.","application_category":[],"applications_title":"","applications_request_title":"","applications_request_button_text":"","hero_text":"","hero_video":"","hero_video_schema_markup":"","selling_points_title":"","selling_points_caption":"","selling_points":[],"selling_points_cta_text":"","features_title":"","features":"","ed_cta_examples_text":"","ed_cta_examples_hidden":"","ed_cta_demo_text":"","ed_cta_demo_hidden":"","why_caption":"","why_editor_title":"","why_editor_text":"","why_team_title":"","why_team_text":"","why_service_title":"","why_service_text":"","template_catalog_visible":"0","template_catalog_title":"","template_catalog_text":"","template_catalog_categories_visible":"","demo_title":"Utw\u00f3rz wtyczk\u0119 Map Google","demo_caption":"Skonfiguruj swoje Mapy Google i dodaj je do swojej witryny jQuery za darmo!","default_faq_hidden":"","app_template_category":[],"platform":"56","template_public_id":"","codecanyon_url":"","codecanyon_item_id":"","codecanyon_price":"","pricing_caption":"","pricing_elfsight_apps_hide_column":"","pricing_elfsight_apps_url":"","pricing_codecanyon_price_caption":"","integration_category":[],"integration_request_title":"","integration_request_cta":"","integration_platform":"","integrations":[],"platform_category":[],"video_schema_markup":"","price":"od 0 USD \/ miesi\u0105c","trial":"","benefits":[{"text":"Bezp\u0142atna us\u0142uga monta\u017cu"},{"text":"Do\u015bwiadczona obs\u0142uga klienta"},{"text":"14-dniowa gwarancja zwrotu pieni\u0119dzy"}],"button_url":"#demo","button_target_blank":"0","button_nofollow":"0","attributes":[{"name":"Instaluje"},{"name":"Czu\u0142y"},{"name":"Kompatybilne przegl\u0105darki"}],"tags":[],"tags_disable_links":"0","hide_more_platforms":"0","video_object":"","demo_hide_cta":"0","demo_hide_cloud_options":"0","pricing_title":"","pricing":[{"pricing_icon":"platform","pricing_title":"Elfsight Apps","pricing_title_caption":"Oprogramowanie niezale\u017cne od platformy","pricing_price":"od 0 USD \/ miesi\u0105c","pricing_price_caption":"zacznij od bezp\u0142atnego planu","pricing_benefits":[{"text":"Nielimitowane strony internetowe"},{"text":"Szybkie i terminowe wsparcie"},{"text":"Bezp\u0142atna pomoc w monta\u017cu"},{"text":"W pe\u0142ni konfigurowalny"}],"pricing_button_text":"Dodaj do witryny","pricing_button_url":"#demo"}],"related_apps_title":"","related_apps_hidden":"0","author":"","image":[],"title":"","job":"","social_networks":[]},"_links":{"self":[{"href":"https:\/\/elfsight.com\/pl\/wp-json\/wp\/v2\/pages\/5384","targetHints":{"allow":["GET"]}}],"collection":[{"href":"https:\/\/elfsight.com\/pl\/wp-json\/wp\/v2\/pages"}],"about":[{"href":"https:\/\/elfsight.com\/pl\/wp-json\/wp\/v2\/types\/page"}],"author":[{"embeddable":true,"href":"https:\/\/elfsight.com\/pl\/wp-json\/wp\/v2\/users\/9"}],"replies":[{"embeddable":true,"href":"https:\/\/elfsight.com\/pl\/wp-json\/wp\/v2\/comments?post=5384"}],"version-history":[{"count":2,"href":"https:\/\/elfsight.com\/pl\/wp-json\/wp\/v2\/pages\/5384\/revisions"}],"predecessor-version":[{"id":10583,"href":"https:\/\/elfsight.com\/pl\/wp-json\/wp\/v2\/pages\/5384\/revisions\/10583"}],"up":[{"embeddable":true,"href":"https:\/\/elfsight.com\/pl\/wp-json\/wp\/v2\/pages\/2191"}],"wp:attachment":[{"href":"https:\/\/elfsight.com\/pl\/wp-json\/wp\/v2\/media?parent=5384"}],"curies":[{"name":"wp","href":"https:\/\/api.w.org\/{rel}","templated":true}]}}