{"id":5383,"date":"2024-05-03T06:38:38","date_gmt":"2024-05-03T06:38:38","guid":{"rendered":"https:\/\/elfsight.com\/pl\/?page_id=5383"},"modified":"2025-06-26T15:21:47","modified_gmt":"2025-06-26T15:21:47","slug":"elementor","status":"publish","type":"page","link":"https:\/\/elfsight.com\/pl\/google-maps-widget\/elementor\/","title":{"rendered":"Google Maps &#8211; Elementor"},"content":{"rendered":"<div class=\"application-platform-content-item-description application-platform-content-item\" id=\"description\" data-nav-section=\"description\"><h2>Osad\u017a Mapy Google na Elementorze za pomoc\u0105 wid\u017cetu Elfsight<\/h2><p>Wielofunkcyjna i w pe\u0142ni konfigurowalna wtyczka, kt\u00f3ra u\u0142atwia klientom wyszukiwanie Twoich lokalizacji i kontaktowanie si\u0119 z Tob\u0105. Szybka instalacja i dostosowywanie sprawiaj\u0105, \u017ce jest to jedno z najlepszych narz\u0119dzi dla wszystkich witryn WordPress.<\/p><p><b>Zwi\u0119ksz liczb\u0119 odwiedzaj\u0105cych offline dzi\u0119ki inteligentnym mapom w Twojej witrynie!<\/b><\/p><p><b>Wi\u0119cej wiadomo\u015bci od klient\u00f3w z Twojej witryny<\/b><br> Podaj szczeg\u00f3\u0142owe dane kontaktowe (lokalizacja, telefon, godziny otwarcia poczty e-mail, godziny pracy itd.), aby Twoi przyszli kupuj\u0105cy mogli skontaktowa\u0107 si\u0119 z Tob\u0105 w dowolny spos\u00f3b. <\/p><p><b>Poka\u017c na mapie pe\u0142n\u0105 list\u0119 swoich lokalizacji<\/b><br> Zaznacz na mapie wszystkie urz\u0119dy publiczne, lokalizacje sprzeda\u017cy lub kompletacji towar\u00f3w i pozw\u00f3l swoim u\u017cytkownikom \u0142atwo znale\u017a\u0107 najbardziej odpowiedni\u0105 punkt.<\/p><p><b>Oszcz\u0119dzaj czas i wysi\u0142ek, tworz\u0105c map\u0119<\/b><br> Wszystkie funkcje s\u0105 dost\u0119pne za pomoc\u0105 1 klikni\u0119cia, dzi\u0119ki czemu mo\u017cesz ukszta\u0142towa\u0107 efektywn\u0105 map\u0119 swojej witryny w zaledwie kilka minut .<\/p><\/div><div class=\"application-platform-content-item-features application-platform-content-item\" id=\"features\" data-nav-section=\"features\"><h2>G\u0142\u00f3wne funkcje wid\u017cetu Map Google<\/h2><p>Jakie funkcje sprawiaj\u0105, \u017ce nasza mapa jest najlepsza dla wszystkich witryn Elementor?<\/p><ul><li>Dodawanie nowej lokalizacji poprzez podanie tylko jej adresu, nazwy lub wsp\u00f3\u0142rz\u0119dnych;<\/li><li>5 warstw Map Google: POI, ruch drogowy, transport publiczny, rower, widok ulicy;<\/li><li>Karta informacyjna z maksymaln\u0105 liczb\u0105 informacji kontaktowych;<\/li><li>Ponad 50 znacznik\u00f3w lokalizacji;<\/li><li>Dost\u0119pne regularne aktualizacje na \u017cywo.<\/li><\/ul><p><a href=\"# demo\">Odkryj pe\u0142n\u0105 list\u0119 funkcji wid\u017cetu w wersji demonstracyjnej!<\/a><\/p><\/div><div class=\"application-platform-content-item-installation application-platform-content-item\" id=\"installation\" data-nav-section=\"installation\"><h2>Jak doda\u0107 wtyczk\u0119 Google Maps do witryny Elementor<\/h2> <div class=\"video-container\"><iframe width=\"720\" height=\"405\" src=\"https:\/\/www.youtube.com\/embed\/uE944YgEMR4\" frameborder=\"0\" allowfullscreen=\"\"><\/iframe><\/div><p>Kr\u00f3tki podr\u0119cznik dotycz\u0105cy samodzielnego projektowania responsywnych map. W tym celu nie musisz zatrudnia\u0107 programisty ani posiada\u0107 kompetencji w zakresie programowania. Przybli\u017cony czas to tylko kilka minut.<\/p><ol><li><b>Zaprojektuj w\u0142asn\u0105 map\u0119 Google<\/b><br> Za pomoc\u0105 naszego bezp\u0142atnego konfiguratora skonfiguruj swoj\u0105 wtyczk\u0119, wybieraj\u0105c szablon i inne parametry interfejsu.<\/li><li><b>Odbierz unikalny kod do opublikowania wtyczki<\/b><br> Po skonfigurowaniu wid\u017cetu zapisz unikalny kod, kt\u00f3ry zobaczysz w powiadomieniu.<\/b><br> li&gt;<li><b>Wy\u015bwietl wtyczk\u0119 na stronie Elementora<\/b><br> Wstaw wtyczk\u0119 w wybranym obszarze witryny i zastosuj zmiany.<\/li><li><b>Instalacja zako\u0144czona! <\/b><br> Przejd\u017a do swojej witryny i sprawd\u017a sw\u00f3j widget.<\/li><\/ol><p>Napotka\u0142e\u015b trudno\u015bci lub pytania podczas wykonywania instrukcji? Skontaktuj si\u0119 z obs\u0142ug\u0105 klienta, a nasz zesp\u00f3\u0142 z przyjemno\u015bci\u0105 pomo\u017ce Ci w generowaniu i wstawianiu map do Twojej witryny.<\/p><div class=\"faq\" data-component=\"FAQ\"><div class=\"faq-item\">\r\n\t\t\t\t\t<div class=\"faq-item-question\">\r\n\t\t\t\t\t\t<h3 class=\"faq-item-question-text\">Jak mog\u0119 doda\u0107 Mapy Google do mojej witryny Elementor bez umiej\u0119tno\u015bci kodowania?<\/h3>\r\n\r\n\t\t\t\t\t\t<div class=\"faq-item-question-icon\"><\/div>\r\n\t\t\t\t\t<\/div>\r\n\r\n\t\t\t\t\t<div class=\"faq-item-answer\">\r\n\t\t\t\t\t\t<div class=\"faq-item-answer-text\"> <p>Elfsight zapewnia rozwi\u0105zanie SaaS, kt\u00f3re umo\u017cliwia samodzielne utworzenie wid\u017cetu Map Google. Zobacz, jak \u0142atwy jest ten proces: Pracuj bezpo\u015brednio w edytorze online, aby utworzy\u0107 wid\u017cet Map Google, kt\u00f3ry chcesz widzie\u0107 na swojej stronie internetowej Elementor. Wybierz jeden z gotowych szablon\u00f3w i dostosuj ustawienia Map Google, dodaj tre\u015b\u0107, zmie\u0144 uk\u0142ad i kolory bez umiej\u0119tno\u015bci kodowania. Zapisz Mapy Google i skopiuj ich kod instalacyjny, kt\u00f3ry mo\u017cesz bez problemu osadzi\u0107 na swojej stronie Elementora, bez konieczno\u015bci kupowania p\u0142atnej subskrypcji. Dzi\u0119ki naszemu intuicyjnemu Edytorowi ka\u017cdy u\u017cytkownik Internetu mo\u017ce stworzy\u0107 wid\u017cet Map Google online i \u0142atwo osadzi\u0107 go na swojej stronie Elementor. Aby uzyska\u0107 dost\u0119p do us\u0142ugi, nie trzeba p\u0142aci\u0107 ani wprowadza\u0107 danych uwierzytelniaj\u0105cych karty. Je\u015bli na kt\u00f3rymkolwiek etapie napotkasz jakiekolwiek problemy, skontaktuj si\u0119 z naszym zespo\u0142em pomocy technicznej.<\/p> <\/div>\r\n\t\t\t\t\t<\/div>\r\n\t\t\t\t<\/div> <\/div><\/div>","protected":false},"excerpt":{"rendered":"","protected":false},"author":9,"featured_media":0,"parent":2191,"menu_order":0,"comment_status":"closed","ping_status":"closed","template":"templates\/template-application-platform.php","meta":{"publish_to_discourse":"","publish_post_category":"","wpdc_auto_publish_overridden":"","wpdc_topic_tags":"","wpdc_pin_topic":"","wpdc_pin_until":"","discourse_post_id":"","discourse_permalink":"","wpdc_publishing_response":"","wpdc_publishing_error":"","footnotes":""},"class_list":["post-5383","page","type-page","status-publish","hentry"],"yoast_head":"<!-- This site is optimized with the Yoast SEO plugin v25.3.1 - https:\/\/yoast.com\/wordpress\/plugins\/seo\/ -->\n<title>Wid\u017cet Map Google dla witryny Elementor (2025)<\/title>\n<meta name=\"description\" content=\"Wygeneruj najlepsz\u0105 wtyczk\u0119 Google Maps dla witryny Elementor. Dodaj obszerne mapy w zaledwie 2 minuty za darmo w najbardziej przydatnej wersji demonstracyjnej wtyczki.\" \/>\n<meta name=\"robots\" content=\"index, follow, max-snippet:-1, max-image-preview:large, max-video-preview:-1\" \/>\n<link rel=\"canonical\" href=\"https:\/\/elfsight.com\/pl\/google-maps-widget\/elementor\/\" \/>\n<meta property=\"og:locale\" content=\"pl_PL\" \/>\n<meta property=\"og:type\" content=\"article\" \/>\n<meta property=\"og:title\" content=\"Wid\u017cet Map Google dla witryny Elementor (2025)\" \/>\n<meta property=\"og:description\" content=\"Wygeneruj najlepsz\u0105 wtyczk\u0119 Google Maps dla witryny Elementor. Dodaj obszerne mapy w zaledwie 2 minuty za darmo w najbardziej przydatnej wersji demonstracyjnej wtyczki.\" \/>\n<meta property=\"og:url\" content=\"https:\/\/elfsight.com\/pl\/google-maps-widget\/elementor\/\" \/>\n<meta property=\"og:site_name\" content=\"Elfsight PL\" \/>\n<meta property=\"article:modified_time\" content=\"2025-06-26T15:21:47+00:00\" \/>\n<meta name=\"twitter:card\" content=\"summary_large_image\" \/>\n<meta name=\"twitter:label1\" content=\"Szacowany czas czytania\" \/>\n\t<meta name=\"twitter:data1\" content=\"3 minuty\" \/>\n<!-- \/ Yoast SEO plugin. -->","yoast_head_json":{"title":"Wid\u017cet Map Google dla witryny Elementor (2025)","description":"Wygeneruj najlepsz\u0105 wtyczk\u0119 Google Maps dla witryny Elementor. Dodaj obszerne mapy w zaledwie 2 minuty za darmo w najbardziej przydatnej wersji demonstracyjnej wtyczki.","robots":{"index":"index","follow":"follow","max-snippet":"max-snippet:-1","max-image-preview":"max-image-preview:large","max-video-preview":"max-video-preview:-1"},"canonical":"https:\/\/elfsight.com\/pl\/google-maps-widget\/elementor\/","og_locale":"pl_PL","og_type":"article","og_title":"Wid\u017cet Map Google dla witryny Elementor (2025)","og_description":"Wygeneruj najlepsz\u0105 wtyczk\u0119 Google Maps dla witryny Elementor. Dodaj obszerne mapy w zaledwie 2 minuty za darmo w najbardziej przydatnej wersji demonstracyjnej wtyczki.","og_url":"https:\/\/elfsight.com\/pl\/google-maps-widget\/elementor\/","og_site_name":"Elfsight PL","article_modified_time":"2025-06-26T15:21:47+00:00","twitter_card":"summary_large_image","twitter_misc":{"Szacowany czas czytania":"3 minuty"},"schema":{"@context":"https:\/\/schema.org","@graph":[{"@type":"WebPage","@id":"https:\/\/elfsight.com\/pl\/google-maps-widget\/elementor\/","url":"https:\/\/elfsight.com\/pl\/google-maps-widget\/elementor\/","name":"Wid\u017cet Map Google dla witryny Elementor (2025)","isPartOf":{"@id":"https:\/\/elfsight.com\/pl\/#website"},"datePublished":"2024-05-03T06:38:38+00:00","dateModified":"2025-06-26T15:21:47+00:00","description":"Wygeneruj najlepsz\u0105 wtyczk\u0119 Google Maps dla witryny Elementor. Dodaj obszerne mapy w zaledwie 2 minuty za darmo w najbardziej przydatnej wersji demonstracyjnej wtyczki.","breadcrumb":{"@id":"https:\/\/elfsight.com\/pl\/google-maps-widget\/elementor\/#breadcrumb"},"inLanguage":"pl-PL","potentialAction":[{"@type":"ReadAction","target":["https:\/\/elfsight.com\/pl\/google-maps-widget\/elementor\/"]}]},{"@type":"BreadcrumbList","@id":"https:\/\/elfsight.com\/pl\/google-maps-widget\/elementor\/#breadcrumb","itemListElement":[{"@type":"ListItem","position":1,"name":"Home","item":"https:\/\/elfsight.com\/pl\/"},{"@type":"ListItem","position":2,"name":"Google Maps","item":"https:\/\/elfsight.com\/pl\/google-maps-widget\/"},{"@type":"ListItem","position":3,"name":"Google Maps &#8211; Elementor"}]},{"@type":"WebSite","@id":"https:\/\/elfsight.com\/pl\/#website","url":"https:\/\/elfsight.com\/pl\/","name":"Elfsight PL","description":"Just another Elfsight Sites site","potentialAction":[{"@type":"SearchAction","target":{"@type":"EntryPoint","urlTemplate":"https:\/\/elfsight.com\/pl\/?s={search_term_string}"},"query-input":{"@type":"PropertyValueSpecification","valueRequired":true,"valueName":"search_term_string"}}],"inLanguage":"pl-PL"}]}},"meta_box":{"industry":"","seo_heading":"","heading":"","description":"","cta_heading":"","cta_description":"","application":"2190","h1":"Widget Elementora Mapy Google","h1_caption":"Osad\u017a responsywn\u0105 map\u0119 Google, aby wy\u015bwietli\u0107 swoj\u0105 lokalizacj\u0119 lub wiele lokalizacji, aby u\u0142atwi\u0107 nawigacj\u0119 po witrynie Elementor.","application_category":[],"applications_title":"","applications_request_title":"","applications_request_button_text":"","hero_text":"","hero_video":"","hero_video_schema_markup":"","selling_points_title":"","selling_points_caption":"","selling_points":[],"selling_points_cta_text":"","features_title":"","features":"","ed_cta_examples_text":"","ed_cta_examples_hidden":"","ed_cta_demo_text":"","ed_cta_demo_hidden":"","why_caption":"","why_editor_title":"","why_editor_text":"","why_team_title":"","why_team_text":"","why_service_title":"","why_service_text":"","template_catalog_visible":"0","template_catalog_title":"","template_catalog_text":"","template_catalog_categories_visible":"","demo_title":"Utw\u00f3rz wid\u017cet Map Google","demo_caption":"Skonfiguruj swoje Mapy Google i dodaj je do swojej witryny Elementor za darmo!","default_faq_hidden":"","app_template_category":[],"platform":"268","template_public_id":"","codecanyon_url":"","codecanyon_item_id":"","codecanyon_price":"","pricing_caption":"","pricing_elfsight_apps_hide_column":"","pricing_elfsight_apps_url":"","pricing_codecanyon_price_caption":"","integration_category":[],"integration_request_title":"","integration_request_cta":"","integration_platform":"","integrations":[],"platform_category":[],"video_schema_markup":"","price":"od 0 USD \/ miesi\u0105c","trial":"","benefits":[{"text":"Bezp\u0142atna pomoc w monta\u017cu"},{"text":"Wsparcie premium"},{"text":"14-dniowa gwarancja zwrotu pieni\u0119dzy"}],"button_url":"#demo","button_target_blank":"0","button_nofollow":"0","attributes":[{"name":"Instaluje"},{"name":"Czu\u0142y"},{"name":"Kompatybilne przegl\u0105darki"}],"tags":[],"tags_disable_links":"0","hide_more_platforms":"0","video_object":"","demo_hide_cta":"0","demo_hide_cloud_options":"0","pricing_title":"","pricing":[{"pricing_icon":"platform","pricing_title":"Elfsight Apps","pricing_title_caption":"Rozwi\u0105zanie niezale\u017cne od platformy, kt\u00f3re dzia\u0142a na ka\u017cdej stronie internetowej","pricing_price":"od 0 USD \/ miesi\u0105c","pricing_price_caption":"zacznij od bezp\u0142atnego planu","pricing_benefits":[{"text":"Nielimitowane strony internetowe"},{"text":"Profesjonalna obs\u0142uga klienta"},{"text":"Bezp\u0142atna pomoc w instalacji"},{"text":"Specjalna cena za wiele aplikacji"}],"pricing_button_text":"Dodaj do witryny","pricing_button_url":"#demo"}],"related_apps_title":"","related_apps_hidden":"0","author":"","image":[],"title":"","job":"","social_networks":[]},"_links":{"self":[{"href":"https:\/\/elfsight.com\/pl\/wp-json\/wp\/v2\/pages\/5383","targetHints":{"allow":["GET"]}}],"collection":[{"href":"https:\/\/elfsight.com\/pl\/wp-json\/wp\/v2\/pages"}],"about":[{"href":"https:\/\/elfsight.com\/pl\/wp-json\/wp\/v2\/types\/page"}],"author":[{"embeddable":true,"href":"https:\/\/elfsight.com\/pl\/wp-json\/wp\/v2\/users\/9"}],"replies":[{"embeddable":true,"href":"https:\/\/elfsight.com\/pl\/wp-json\/wp\/v2\/comments?post=5383"}],"version-history":[{"count":3,"href":"https:\/\/elfsight.com\/pl\/wp-json\/wp\/v2\/pages\/5383\/revisions"}],"predecessor-version":[{"id":10585,"href":"https:\/\/elfsight.com\/pl\/wp-json\/wp\/v2\/pages\/5383\/revisions\/10585"}],"up":[{"embeddable":true,"href":"https:\/\/elfsight.com\/pl\/wp-json\/wp\/v2\/pages\/2191"}],"wp:attachment":[{"href":"https:\/\/elfsight.com\/pl\/wp-json\/wp\/v2\/media?parent=5383"}],"curies":[{"name":"wp","href":"https:\/\/api.w.org\/{rel}","templated":true}]}}