{"id":5382,"date":"2024-05-03T06:38:37","date_gmt":"2024-05-03T06:38:37","guid":{"rendered":"https:\/\/elfsight.com\/pl\/?page_id=5382"},"modified":"2024-11-14T09:32:18","modified_gmt":"2024-11-14T09:32:18","slug":"iframe","status":"publish","type":"page","link":"https:\/\/elfsight.com\/pl\/google-maps-widget\/iframe\/","title":{"rendered":"Google Maps &#8211; iFrame"},"content":{"rendered":"<div class=\"application-platform-content-item-description application-platform-content-item\" id=\"description\" data-nav-section=\"description\"><h2>Osad\u017a Mapy Google w ramce iFrame za pomoc\u0105 wid\u017cetu Elfsight<\/h2><p>Oferujemy wtyczk\u0119 z integracj\u0105 bez potu i r\u00f3\u017cnymi opcje dostosowywania. Dzi\u0119ki temu Twoi klienci z \u0142atwo\u015bci\u0105 odnajd\u0105 Twoje sklepy. Zaznacz swoje miejsca na mapie i pom\u00f3\u017c u\u017cytkownikom znale\u017a\u0107 tras\u0119 w kilku prostych krokach. Jest to absolutny must-have w ka\u017cdej witrynie e-commerce iFrame.<\/p> <p><b>Przyci\u0105gnij wi\u0119cej prawdziwych odwiedzaj\u0105cych dzi\u0119ki responsywnym mapom w swojej witrynie!<\/b><\/p> <p> <b>Podnie\u015b poziom interakcji odwiedzaj\u0105cych z tre\u015bci\u0105 witryny<\/b><br> Skonfiguruj swoj\u0105 map\u0119 tak, aby by\u0142a wygodna dla klient\u00f3w i poka\u017c j\u0105 na swojej stronie, aby klienci mogli efektywnie korzysta\u0107 z Twoich danych kontaktowych.<\/p><p><b>Znajd\u017a i przyci\u0105gnij lokalnych klient\u00f3w<\/b><br> Oznacz swoj\u0105 lokalizacj\u0119, aby u\u017cytkownicy wiedzieli, \u017ce jeste\u015b w pobli\u017cu i mog\u0105 szybko dotrze\u0107 do Twojego biura.<\/p><p><b> Oszcz\u0119dzaj czas i wysi\u0142ek przy tworzeniu map<\/b><br> Dziesi\u0105tki funkcji dost\u0119pnych po kilku klikni\u0119ciach myszk\u0105 pomagaj\u0105 stworzy\u0107 najskuteczniejsz\u0105 map\u0119 Twojej witryny.<\/p><\/div><div class=\"application-platform-content-item-features application-platform-content-item\" id=\"features\" data-nav-section=\"features\"> <h2>G\u0142\u00f3wne cechy wid\u017cetu Mapy Google<\/h2><p>Jakie zalety sprawiaj\u0105, \u017ce wtyczka mapy Elfsight jest najlepsza dla ka\u017cdej witryny iFrame?<\/p><ul><li>Ponad 50 znacznik\u00f3w lokalizacji;<\/li><li>Dodawanie nowej lokalizacji poprzez podanie tylko jej adresu, nazwy lub wsp\u00f3\u0142rz\u0119dnych;<\/li><li>Przekierowanie adresu URL dla ka\u017cdego klikalnego znacznika;<\/li><li>Karta informacyjna z maksymaln\u0105 liczb\u0105 danych kontaktowych;<\/li><li>Automatyczne budowanie tras na podstawie lokalizacji odwiedzaj\u0105cego.<\/li><p><a href=\"#demo\">Przetestuj pe\u0142n\u0105 list\u0119 funkcji w wersji demonstracyjnej!<\/a><\/p><\/div><div class=\"application-platform-content-item-installation application-platform-content-item\" id=\"installation\" data-nav-section=\"installation\"><h2>Jak osadzi\u0107 wtyczk\u0119 Google Maps w witrynie iFrame<\/h2><p>Kr\u00f3tki poradnik na temat samodzielnej integracji responsywnych map w iFrame. Aby to zrobi\u0107, nie musisz zatrudnia\u0107 programisty ani posiada\u0107 wiedzy z zakresu programowania webowego. Ca\u0142kowity czas wykonania to zaledwie 4 minuty.<\/p><ol><li><b>Zaprojektuj w\u0142asn\u0105 wtyczk\u0119 mapy<\/b><br> Korzystaj\u0105c z naszej bezp\u0142atnej wersji demonstracyjnej, wygeneruj wtyczk\u0119 z niestandardowym uk\u0142adem i funkcje. <\/li><li><b>Zdob\u0105d\u017a indywidualny kod, aby opublikowa\u0107 wtyczk\u0119<\/b><br> Po skonfigurowaniu wtyczki otrzymasz kod instalacyjny z powiadomienia, kt\u00f3re pojawi si\u0119 w aplikacji Elfsight. Skopiuj ten kod do dalszego wykorzystania. <\/li> <li><b>Osad\u017a wtyczk\u0119 na swojej stronie<\/b><br> Przejd\u017a do obszaru, w kt\u00f3rym chcesz doda\u0107 wtyczk\u0119 i wstaw tam skopiowany kod. Zapisz zmiany. <\/li> <li><b>Gotowe! <\/b><br> Odwied\u017a sklep, aby zobaczy\u0107 swoj\u0105 map\u0119 Google. <\/li> <\/ol><p>Masz trudno\u015bci lub pytania podczas wykonywania instrukcji konfiguracji? Przeczytaj obszern\u0105 instrukcj\u0119 \u00abJak wy\u015bwietli\u0107 map\u0119 na stronie iFrame\u00bb lub zostaw pro\u015bb\u0119 w centrum pomocy, a zesp\u00f3\u0142 wsparcia ch\u0119tnie pomo\u017ce Ci w kszta\u0142towaniu i wstawianiu map na Twojej stronie.<\/p><\/div><div class=\"faq\" data-component=\"FAQ\"><div class=\"faq-item\">\r\n\t\t\t\t\t<div class=\"faq-item-question\">\r\n\t\t\t\t\t\t<h3 class=\"faq-item-question-text\">Jak doda\u0107 Mapy Google do witryny iFrame? <\/h3>\r\n\r\n\t\t\t\t\t\t<div class=\"faq-item-question-icon\"><\/div>\r\n\t\t\t\t\t<\/div>\r\n\r\n\t\t\t\t\t<div class=\"faq-item-answer\">\r\n\t\t\t\t\t\t<div class=\"faq-item-answer-text\"><p>Podstawy narz\u0119dzia s\u0105 wykonywane na stronach Elfsight i nie ma potrzeby kodowania. Przejd\u017a do naszego demo online, aby dostosowa\u0107 sw\u00f3j osobisty widget, pobra\u0107 kod i wdro\u017cy\u0107 go na swojej stronie internetowej. <\/p><\/div>\r\n\t\t\t\t\t<\/div>\r\n\t\t\t\t<\/div><div class=\"faq-item\">\r\n\t\t\t\t\t<div class=\"faq-item-question\">\r\n\t\t\t\t\t\t<h3 class=\"faq-item-question-text\">Najlepsze przyk\u0142ady wykorzystania integracji wid\u017cet\u00f3w Map<\/h3>\r\n\r\n\t\t\t\t\t\t<div class=\"faq-item-question-icon\"><\/div>\r\n\t\t\t\t\t<\/div>\r\n\r\n\t\t\t\t\t<div class=\"faq-item-answer\">\r\n\t\t\t\t\t\t<div class=\"faq-item-answer-text\"><p>Oferujemy wiele mo\u017cliwo\u015bci dostosowania: pe\u0142nowymiarowe wid\u017cety do wstawiania w obszarze zawarto\u015bci, wid\u017cety p\u0142ywaj\u0105ce z funkcj\u0105 przewijania, uk\u0142adami stopki witryny, sekcj\u0105 nag\u0142\u00f3wka i wszelkiego rodzaju pionowymi mo\u017cliwo\u015bciami pask\u00f3w bocznych i menu. <\/p><\/div>\r\n\t\t\t\t\t<\/div>\r\n\t\t\t\t<\/div><div class=\"faq-item\">\r\n\t\t\t\t\t<div class=\"faq-item-question\">\r\n\t\t\t\t\t\t<h3 class=\"faq-item-question-text\">Czy mog\u0119 utworzy\u0107 map\u0119 lokaln\u0105 lub prost\u0105 za pomoc\u0105 Twojego edytora? <\/h3>\r\n\r\n\t\t\t\t\t\t<div class=\"faq-item-question-icon\"><\/div>\r\n\t\t\t\t\t<\/div>\r\n\r\n\t\t\t\t\t<div class=\"faq-item-answer\">\r\n\t\t\t\t\t\t<div class=\"faq-item-answer-text\"><p>Mo\u017cesz tworzy\u0107 dowolne odmiany wid\u017cetu. W edytorze dost\u0119pnych jest wiele uk\u0142ad\u00f3w, a ka\u017cdy z nich mo\u017cna szybko dostosowa\u0107, tak jak Ci brakuje. <\/p><\/div>\r\n\t\t\t\t\t<\/div>\r\n\t\t\t\t<\/div><\/div><\/ul>","protected":false},"excerpt":{"rendered":"","protected":false},"author":9,"featured_media":0,"parent":2191,"menu_order":0,"comment_status":"closed","ping_status":"closed","template":"templates\/template-application-platform.php","meta":{"publish_to_discourse":"","publish_post_category":"","wpdc_auto_publish_overridden":"","wpdc_topic_tags":"","wpdc_pin_topic":"","wpdc_pin_until":"","discourse_post_id":"","discourse_permalink":"","wpdc_publishing_response":"","wpdc_publishing_error":"","footnotes":""},"class_list":["post-5382","page","type-page","status-publish","hentry"],"yoast_head":"<!-- This site is optimized with the Yoast SEO plugin v25.3.1 - https:\/\/yoast.com\/wordpress\/plugins\/seo\/ -->\n<title>Wtyczka iFrame Google Maps dla Twojej witryny (bezp\u0142atna i szybka)<\/title>\n<meta name=\"description\" content=\"Wypr\u00f3buj najlepsz\u0105 wtyczk\u0119 Google Maps dla witryny iFrame. Dodaj interaktywne mapy w zaledwie 2 minuty za darmo w najszybszym edytorze wtyczek.\" \/>\n<meta name=\"robots\" content=\"index, follow, max-snippet:-1, max-image-preview:large, max-video-preview:-1\" \/>\n<link rel=\"canonical\" href=\"https:\/\/elfsight.com\/pl\/google-maps-widget\/iframe\/\" \/>\n<meta property=\"og:locale\" content=\"pl_PL\" \/>\n<meta property=\"og:type\" content=\"article\" \/>\n<meta property=\"og:title\" content=\"Wtyczka iFrame Google Maps dla Twojej witryny (bezp\u0142atna i szybka)\" \/>\n<meta property=\"og:description\" content=\"Wypr\u00f3buj najlepsz\u0105 wtyczk\u0119 Google Maps dla witryny iFrame. Dodaj interaktywne mapy w zaledwie 2 minuty za darmo w najszybszym edytorze wtyczek.\" \/>\n<meta property=\"og:url\" content=\"https:\/\/elfsight.com\/pl\/google-maps-widget\/iframe\/\" \/>\n<meta property=\"og:site_name\" content=\"Elfsight PL\" \/>\n<meta property=\"article:modified_time\" content=\"2024-11-14T09:32:18+00:00\" \/>\n<meta name=\"twitter:card\" content=\"summary_large_image\" \/>\n<meta name=\"twitter:label1\" content=\"Szacowany czas czytania\" \/>\n\t<meta name=\"twitter:data1\" content=\"3 minuty\" \/>\n<!-- \/ Yoast SEO plugin. -->","yoast_head_json":{"title":"Wtyczka iFrame Google Maps dla Twojej witryny (bezp\u0142atna i szybka)","description":"Wypr\u00f3buj najlepsz\u0105 wtyczk\u0119 Google Maps dla witryny iFrame. Dodaj interaktywne mapy w zaledwie 2 minuty za darmo w najszybszym edytorze wtyczek.","robots":{"index":"index","follow":"follow","max-snippet":"max-snippet:-1","max-image-preview":"max-image-preview:large","max-video-preview":"max-video-preview:-1"},"canonical":"https:\/\/elfsight.com\/pl\/google-maps-widget\/iframe\/","og_locale":"pl_PL","og_type":"article","og_title":"Wtyczka iFrame Google Maps dla Twojej witryny (bezp\u0142atna i szybka)","og_description":"Wypr\u00f3buj najlepsz\u0105 wtyczk\u0119 Google Maps dla witryny iFrame. Dodaj interaktywne mapy w zaledwie 2 minuty za darmo w najszybszym edytorze wtyczek.","og_url":"https:\/\/elfsight.com\/pl\/google-maps-widget\/iframe\/","og_site_name":"Elfsight PL","article_modified_time":"2024-11-14T09:32:18+00:00","twitter_card":"summary_large_image","twitter_misc":{"Szacowany czas czytania":"3 minuty"},"schema":{"@context":"https:\/\/schema.org","@graph":[{"@type":"WebPage","@id":"https:\/\/elfsight.com\/pl\/google-maps-widget\/iframe\/","url":"https:\/\/elfsight.com\/pl\/google-maps-widget\/iframe\/","name":"Wtyczka iFrame Google Maps dla Twojej witryny (bezp\u0142atna i szybka)","isPartOf":{"@id":"https:\/\/elfsight.com\/pl\/#website"},"datePublished":"2024-05-03T06:38:37+00:00","dateModified":"2024-11-14T09:32:18+00:00","description":"Wypr\u00f3buj najlepsz\u0105 wtyczk\u0119 Google Maps dla witryny iFrame. Dodaj interaktywne mapy w zaledwie 2 minuty za darmo w najszybszym edytorze wtyczek.","breadcrumb":{"@id":"https:\/\/elfsight.com\/pl\/google-maps-widget\/iframe\/#breadcrumb"},"inLanguage":"pl-PL","potentialAction":[{"@type":"ReadAction","target":["https:\/\/elfsight.com\/pl\/google-maps-widget\/iframe\/"]}]},{"@type":"BreadcrumbList","@id":"https:\/\/elfsight.com\/pl\/google-maps-widget\/iframe\/#breadcrumb","itemListElement":[{"@type":"ListItem","position":1,"name":"Home","item":"https:\/\/elfsight.com\/pl\/"},{"@type":"ListItem","position":2,"name":"Google Maps","item":"https:\/\/elfsight.com\/pl\/google-maps-widget\/"},{"@type":"ListItem","position":3,"name":"Google Maps &#8211; iFrame"}]},{"@type":"WebSite","@id":"https:\/\/elfsight.com\/pl\/#website","url":"https:\/\/elfsight.com\/pl\/","name":"Elfsight PL","description":"Just another Elfsight Sites site","potentialAction":[{"@type":"SearchAction","target":{"@type":"EntryPoint","urlTemplate":"https:\/\/elfsight.com\/pl\/?s={search_term_string}"},"query-input":{"@type":"PropertyValueSpecification","valueRequired":true,"valueName":"search_term_string"}}],"inLanguage":"pl-PL"}]}},"meta_box":{"industry":"","seo_heading":"","heading":"","description":"","cta_heading":"","cta_description":"","application":"2190","h1":"Wtyczka iFrame Map Google","h1_caption":"Osad\u017a responsywn\u0105 map\u0119 Google, aby wy\u015bwietla\u0107 swoj\u0105 lokalizacj\u0119 lub wiele lokalizacji, co u\u0142atwi nawigacj\u0119 po witrynie iFrame.","application_category":[],"applications_title":"","applications_request_title":"","applications_request_button_text":"","hero_text":"","hero_video":"","hero_video_schema_markup":"","selling_points_title":"","selling_points_caption":"","selling_points":[],"selling_points_cta_text":"","features_title":"","features":"","ed_cta_examples_text":"","ed_cta_examples_hidden":"","ed_cta_demo_text":"","ed_cta_demo_hidden":"","why_caption":"","why_editor_title":"","why_editor_text":"","why_team_title":"","why_team_text":"","why_service_title":"","why_service_text":"","template_catalog_visible":"","template_catalog_title":"","template_catalog_text":"","template_catalog_categories_visible":"","demo_title":"Utw\u00f3rz wid\u017cet Map Google","demo_caption":"Skonfiguruj swoje Mapy Google i dodaj je do swojej witryny iFrame za darmo!","default_faq_hidden":"","app_template_category":[],"platform":"187","template_public_id":"","codecanyon_url":"","codecanyon_item_id":"","codecanyon_price":"","pricing_caption":"","pricing_elfsight_apps_hide_column":"","pricing_elfsight_apps_url":"","pricing_codecanyon_price_caption":"","integration_category":[],"integration_request_title":"","integration_request_cta":"","integration_platform":"","integrations":[],"platform_category":[],"video_schema_markup":"","price":"od 0 USD \/ miesi\u0105c","trial":"","benefits":[{"text":"Bezp\u0142atna us\u0142uga monta\u017cu"},{"text":"Profesjonalna obs\u0142uga klienta"},{"text":"14-dniowa gwarancja zwrotu pieni\u0119dzy"}],"button_url":"#demo","button_target_blank":"","button_nofollow":"","attributes":[{"name":"Instaluje"},{"name":"Czu\u0142y"},{"name":"Kompatybilne przegl\u0105darki"}],"tags":[],"tags_disable_links":"","hide_more_platforms":"","video_object":"","demo_hide_cta":"","demo_hide_cloud_options":"","pricing_title":"","pricing":[{"pricing_icon":"platform","pricing_title":"Elfsight Apps","pricing_title_caption":"Wersja wieloplatformowa","pricing_price":"od 0 USD \/ miesi\u0105c","pricing_price_caption":"zacznij od bezp\u0142atnego planu","pricing_benefits":[{"text":"Nieograniczona liczba stron internetowych"},{"text":"Szybkie i terminowe wsparcie"},{"text":"Bezp\u0142atna pomoc w monta\u017cu"},{"text":"Oferta specjalna na wiele aplikacji"}],"pricing_button_text":"Dodaj do witryny","pricing_button_url":"#demo"}],"related_apps_title":"","related_apps_hidden":"","author":"","image":[],"title":"","job":"","social_networks":[]},"_links":{"self":[{"href":"https:\/\/elfsight.com\/pl\/wp-json\/wp\/v2\/pages\/5382","targetHints":{"allow":["GET"]}}],"collection":[{"href":"https:\/\/elfsight.com\/pl\/wp-json\/wp\/v2\/pages"}],"about":[{"href":"https:\/\/elfsight.com\/pl\/wp-json\/wp\/v2\/types\/page"}],"author":[{"embeddable":true,"href":"https:\/\/elfsight.com\/pl\/wp-json\/wp\/v2\/users\/9"}],"replies":[{"embeddable":true,"href":"https:\/\/elfsight.com\/pl\/wp-json\/wp\/v2\/comments?post=5382"}],"version-history":[{"count":1,"href":"https:\/\/elfsight.com\/pl\/wp-json\/wp\/v2\/pages\/5382\/revisions"}],"predecessor-version":[{"id":5386,"href":"https:\/\/elfsight.com\/pl\/wp-json\/wp\/v2\/pages\/5382\/revisions\/5386"}],"up":[{"embeddable":true,"href":"https:\/\/elfsight.com\/pl\/wp-json\/wp\/v2\/pages\/2191"}],"wp:attachment":[{"href":"https:\/\/elfsight.com\/pl\/wp-json\/wp\/v2\/media?parent=5382"}],"curies":[{"name":"wp","href":"https:\/\/api.w.org\/{rel}","templated":true}]}}