{"id":5381,"date":"2024-05-03T06:38:36","date_gmt":"2024-05-03T06:38:36","guid":{"rendered":"https:\/\/elfsight.com\/pl\/?page_id=5381"},"modified":"2025-06-26T15:19:26","modified_gmt":"2025-06-26T15:19:26","slug":"facebook","status":"publish","type":"page","link":"https:\/\/elfsight.com\/pl\/google-maps-widget\/facebook\/","title":{"rendered":"Google Maps &#8211; Facebook Page"},"content":{"rendered":"<div class=\"application-platform-content-item-description application-platform-content-item\" id=\"description\" data-nav-section=\"description\">\n<h2>Opis<\/h2>\n<p>Prosta, wielofunkcyjna i w pe\u0142ni konfigurowalna wtyczka, kt\u00f3ra u\u0142atwia Twoim klientom wyszukiwanie punktowe. Skuteczne w przyci\u0105ganiu klient\u00f3w offline, szybka konfiguracja i dostosowywanie interfejsu sprawiaj\u0105, \u017ce jest to prawdopodobnie najlepsze narz\u0119dzie dla ka\u017cdej strony na Facebooku.<\/p>\n<p><b>Przyci\u0105gaj wi\u0119cej odwiedzaj\u0105cych offline, korzystaj\u0105c z interaktywnych map na swojej stronie!<\/b><\/p>\n<\/div>\n\n<div class=\"application-platform-content-item-features application-platform-content-item\" id=\"features\" data-nav-section=\"features\">\n<h2>Funkcje<\/h2>\n<p>Kt\u00f3re funkcje sprawiaj\u0105, \u017ce nasza mapa staje si\u0119 najlepszym narz\u0119dziem dla Twojej strony firmowej na Facebooku?<\/p>\n<ul>\n    <li>Automatycznie budowanie tras na podstawie lokalizacji odwiedzaj\u0105cego;<\/li>\n    <li>Obs\u0142ugiwane wszystkie funkcje Map Google: warstwy, typy map, elementy steruj\u0105ce;<\/li>\n    <li>Karta informacyjna z maksymaln\u0105 liczb\u0105 informacji kontaktowych;<\/li>\n    <li>6 typ\u00f3w element\u00f3w steruj\u0105cych nawigacj\u0105;<\/li>\n    <li>Por\u0119czny edytor (nie wymaga kodowania).<\/li>\n<\/ul>\n<p><a href=\"#demo\">Oce\u0144 list\u0119 wszystkich funkcji w edytorze!<\/a><\/p>\n<\/div>\n\n<div class=\"application-platform-content-item-installation application-platform-content-item\" id=\"installation\" data-nav-section=\"installation\">\n<h2>Jak doda\u0107 Map\u0119 Google do strony na Facebooku<\/h2>\n<p>Kr\u00f3tki przewodnik na temat dodawania lokalizacji na mapie na Twojej stronie. Do jego wykonania nie potrzebujesz programisty ani umiej\u0119tno\u015bci programowania stron internetowych.<\/p>\n<ul>\n    <li><b>Stw\u00f3rz sw\u00f3j unikalny wid\u017cet lokalizacji na mapie<\/b><br>Pobierz wtyczk\u0119 z preferowan\u0105 uk\u0142ad i funkcje w naszym darmowym konfiguratorze.<\/li>\n    <li><b>Uzyskaj indywidualny kod do osadzenia wid\u017cetu<\/b><br>Po skonfigurowaniu wid\u017cetu otrzymasz unikalny kod z wy\u015bwietlonego okna aplikacji Elfsight. Skopiuj go.<\/li>\n    <li><b>Dodaj wid\u017cet mapy do strony na Facebooku<\/b><br> Utw\u00f3rz w\u0142asn\u0105 zak\u0142adk\u0119 na Facebooku. Wpisz w zak\u0142adce kod otrzymany w aplikacji elfsight. Je\u015bli masz jakiekolwiek problemy, po prostu zapoznaj si\u0119 z naszym przewodnikiem na stronie <a href=\"https:\/\/elfsight.com\/blog\/how-to-add-custom-tab-to-facebook-page\/\" target=\"_blank\" rel=\"noopener noreferrer\">tworzenie niestandardowej karty na Facebooku<\/a><\/li>\n    <li><b>Gotowe! <\/b><br>Odwied\u017a swoj\u0105 stron\u0119 na Facebooku, aby sprawdzi\u0107 lokalizacj\u0119 na mapie.<\/li>\n<\/ul>\n<p>Masz trudno\u015bci podczas wykonywania samouczka lub generowania osobistej mapy? Zobacz nasz szczeg\u00f3\u0142owy artyku\u0142 \u00abJak doda\u0107 map\u0119 na stronie Facebook\u00bb lub wiadomo\u015b\u0107 w centrum pomocy, a zesp\u00f3\u0142 Elfsight z przyjemno\u015bci\u0105 pomo\u017ce Ci w wy\u015bwietlaniu map na Twojej stronie internetowej.<\/p>\n<div class=\"faq\" data-component=\"FAQ\">\n    <div class=\"faq-item\">\r\n\t\t\t\t\t<div class=\"faq-item-question\">\r\n\t\t\t\t\t\t<h3 class=\"faq-item-question-text\">Jak to zrobi\u0107 doda\u0107 Mapy Google do mojej strony na Facebooku bez umiej\u0119tno\u015bci kodowania?<\/h3>\r\n\r\n\t\t\t\t\t\t<div class=\"faq-item-question-icon\"><\/div>\r\n\t\t\t\t\t<\/div>\r\n\r\n\t\t\t\t\t<div class=\"faq-item-answer\">\r\n\t\t\t\t\t\t<div class=\"faq-item-answer-text\">\n    <p>Elfsight zapewnia rozwi\u0105zanie SaaS, kt\u00f3re pozwala samodzielnie utworzy\u0107 wid\u017cet Map Google. Zobacz, jak \u0142atwy jest ten proces: Pracuj bezpo\u015brednio w edytorze online, aby utworzy\u0107 Mapy Google widget, kt\u00f3ry chcesz widzie\u0107 na swojej stronie na Facebooku. Wybierz jeden z gotowych szablon\u00f3w i dostosuj ustawienia Map Google, dodaj tre\u015b\u0107, zmie\u0144 uk\u0142ad i kolory bez umiej\u0119tno\u015bci kodowania. Zapisz Mapy Google i skopiuj ich kod instalacyjny, kt\u00f3ry mo\u017cesz po prostu osadzi\u0107 na swojej stronie na Facebooku bez konieczno\u015bci zakupu p\u0142atnej subskrypcji. Dzi\u0119ki naszemu intuicyjnemu edytorowi ka\u017cdy u\u017cytkownik Internetu mo\u017ce stworzy\u0107 wid\u017cet Map Google online i \u0142atwo osadzi\u0107 go na swojej stronie na Facebooku. Aby uzyska\u0107 dost\u0119p do us\u0142ugi, nie trzeba p\u0142aci\u0107 ani wprowadza\u0107 danych uwierzytelniaj\u0105cych karty. Je\u015bli na kt\u00f3rymkolwiek etapie napotkasz jakiekolwiek problemy, skontaktuj si\u0119 z naszym zespo\u0142em pomocy technicznej.<\/p>\n    <\/div>\r\n\t\t\t\t\t<\/div>\r\n\t\t\t\t<\/div>\n<\/div>\n<\/div>","protected":false},"excerpt":{"rendered":"","protected":false},"author":9,"featured_media":0,"parent":2191,"menu_order":0,"comment_status":"closed","ping_status":"closed","template":"templates\/template-application-platform.php","meta":{"publish_to_discourse":"","publish_post_category":"","wpdc_auto_publish_overridden":"","wpdc_topic_tags":"","wpdc_pin_topic":"","wpdc_pin_until":"","discourse_post_id":"","discourse_permalink":"","wpdc_publishing_response":"","wpdc_publishing_error":"","footnotes":""},"class_list":["post-5381","page","type-page","status-publish","hentry"],"yoast_head":"<!-- This site is optimized with the Yoast SEO plugin v25.3.1 - https:\/\/yoast.com\/wordpress\/plugins\/seo\/ -->\n<title>Dodaj zak\u0142adk\u0119 Mapa Google do strony na Facebooku (\u0142atwo i szybko)<\/title>\n<meta name=\"description\" content=\"Sprawd\u017a najlepsz\u0105 Map\u0119 Google dla osobistej lub biznesowej strony na Facebooku. Wy\u015bwietlaj rozbudowane mapy za darmo za pomoc\u0105 najszybszego demo wtyczki.\" \/>\n<meta name=\"robots\" content=\"index, follow, max-snippet:-1, max-image-preview:large, max-video-preview:-1\" \/>\n<link rel=\"canonical\" href=\"https:\/\/elfsight.com\/pl\/google-maps-widget\/facebook\/\" \/>\n<meta property=\"og:locale\" content=\"pl_PL\" \/>\n<meta property=\"og:type\" content=\"article\" \/>\n<meta property=\"og:title\" content=\"Dodaj zak\u0142adk\u0119 Mapa Google do strony na Facebooku (\u0142atwo i szybko)\" \/>\n<meta property=\"og:description\" content=\"Sprawd\u017a najlepsz\u0105 Map\u0119 Google dla osobistej lub biznesowej strony na Facebooku. Wy\u015bwietlaj rozbudowane mapy za darmo za pomoc\u0105 najszybszego demo wtyczki.\" \/>\n<meta property=\"og:url\" content=\"https:\/\/elfsight.com\/pl\/google-maps-widget\/facebook\/\" \/>\n<meta property=\"og:site_name\" content=\"Elfsight PL\" \/>\n<meta property=\"article:modified_time\" content=\"2025-06-26T15:19:26+00:00\" \/>\n<meta name=\"twitter:card\" content=\"summary_large_image\" \/>\n<meta name=\"twitter:label1\" content=\"Szacowany czas czytania\" \/>\n\t<meta name=\"twitter:data1\" content=\"3 minuty\" \/>\n<!-- \/ Yoast SEO plugin. -->","yoast_head_json":{"title":"Dodaj zak\u0142adk\u0119 Mapa Google do strony na Facebooku (\u0142atwo i szybko)","description":"Sprawd\u017a najlepsz\u0105 Map\u0119 Google dla osobistej lub biznesowej strony na Facebooku. Wy\u015bwietlaj rozbudowane mapy za darmo za pomoc\u0105 najszybszego demo wtyczki.","robots":{"index":"index","follow":"follow","max-snippet":"max-snippet:-1","max-image-preview":"max-image-preview:large","max-video-preview":"max-video-preview:-1"},"canonical":"https:\/\/elfsight.com\/pl\/google-maps-widget\/facebook\/","og_locale":"pl_PL","og_type":"article","og_title":"Dodaj zak\u0142adk\u0119 Mapa Google do strony na Facebooku (\u0142atwo i szybko)","og_description":"Sprawd\u017a najlepsz\u0105 Map\u0119 Google dla osobistej lub biznesowej strony na Facebooku. Wy\u015bwietlaj rozbudowane mapy za darmo za pomoc\u0105 najszybszego demo wtyczki.","og_url":"https:\/\/elfsight.com\/pl\/google-maps-widget\/facebook\/","og_site_name":"Elfsight PL","article_modified_time":"2025-06-26T15:19:26+00:00","twitter_card":"summary_large_image","twitter_misc":{"Szacowany czas czytania":"3 minuty"},"schema":{"@context":"https:\/\/schema.org","@graph":[{"@type":"WebPage","@id":"https:\/\/elfsight.com\/pl\/google-maps-widget\/facebook\/","url":"https:\/\/elfsight.com\/pl\/google-maps-widget\/facebook\/","name":"Dodaj zak\u0142adk\u0119 Mapa Google do strony na Facebooku (\u0142atwo i szybko)","isPartOf":{"@id":"https:\/\/elfsight.com\/pl\/#website"},"datePublished":"2024-05-03T06:38:36+00:00","dateModified":"2025-06-26T15:19:26+00:00","description":"Sprawd\u017a najlepsz\u0105 Map\u0119 Google dla osobistej lub biznesowej strony na Facebooku. Wy\u015bwietlaj rozbudowane mapy za darmo za pomoc\u0105 najszybszego demo wtyczki.","breadcrumb":{"@id":"https:\/\/elfsight.com\/pl\/google-maps-widget\/facebook\/#breadcrumb"},"inLanguage":"pl-PL","potentialAction":[{"@type":"ReadAction","target":["https:\/\/elfsight.com\/pl\/google-maps-widget\/facebook\/"]}]},{"@type":"BreadcrumbList","@id":"https:\/\/elfsight.com\/pl\/google-maps-widget\/facebook\/#breadcrumb","itemListElement":[{"@type":"ListItem","position":1,"name":"Home","item":"https:\/\/elfsight.com\/pl\/"},{"@type":"ListItem","position":2,"name":"Google Maps","item":"https:\/\/elfsight.com\/pl\/google-maps-widget\/"},{"@type":"ListItem","position":3,"name":"Google Maps &#8211; Facebook Page"}]},{"@type":"WebSite","@id":"https:\/\/elfsight.com\/pl\/#website","url":"https:\/\/elfsight.com\/pl\/","name":"Elfsight PL","description":"Just another Elfsight Sites site","potentialAction":[{"@type":"SearchAction","target":{"@type":"EntryPoint","urlTemplate":"https:\/\/elfsight.com\/pl\/?s={search_term_string}"},"query-input":{"@type":"PropertyValueSpecification","valueRequired":true,"valueName":"search_term_string"}}],"inLanguage":"pl-PL"}]}},"meta_box":{"industry":"","seo_heading":"","heading":"","description":"","cta_heading":"","cta_description":"","application":"2190","h1":"Mapa Google dla strony na Facebooku","h1_caption":"Osad\u017a responsywn\u0105 map\u0119 Google, aby wy\u015bwietla\u0107 swoj\u0105 lokalizacj\u0119 lub wiele lokalizacji, co u\u0142atwi nawigacj\u0119 po witrynie strony na Facebooku.","application_category":[],"applications_title":"","applications_request_title":"","applications_request_button_text":"","hero_text":"","hero_video":"","hero_video_schema_markup":"","selling_points_title":"","selling_points_caption":"","selling_points":[],"selling_points_cta_text":"","features_title":"","features":"","ed_cta_examples_text":"","ed_cta_examples_hidden":"","ed_cta_demo_text":"","ed_cta_demo_hidden":"","why_caption":"","why_editor_title":"","why_editor_text":"","why_team_title":"","why_team_text":"","why_service_title":"","why_service_text":"","template_catalog_visible":"0","template_catalog_title":"","template_catalog_text":"","template_catalog_categories_visible":"","demo_title":"Utw\u00f3rz wid\u017cet Map Google","demo_caption":"Skonfiguruj swoje Mapy Google i dodaj je za darmo do swojej strony na Facebooku!","default_faq_hidden":"","app_template_category":[],"platform":"319","template_public_id":"","codecanyon_url":"","codecanyon_item_id":"","codecanyon_price":"","pricing_caption":"","pricing_elfsight_apps_hide_column":"","pricing_elfsight_apps_url":"","pricing_codecanyon_price_caption":"","integration_category":[],"integration_request_title":"","integration_request_cta":"","integration_platform":"","integrations":[],"platform_category":[],"video_schema_markup":"","price":"od 0 USD \/ miesi\u0105c","trial":"","benefits":[{"text":"Bezp\u0142atna pomoc w instalacji"},{"text":"Do\u015bwiadczona obs\u0142uga klienta"},{"text":"14-dniowa gwarancja zwrotu pieni\u0119dzy"}],"button_url":"#demo","button_target_blank":"0","button_nofollow":"0","attributes":[{"name":"Instaluje"},{"name":"Czu\u0142y"},{"name":"Kompatybilne przegl\u0105darki"}],"tags":[],"tags_disable_links":"0","hide_more_platforms":"0","video_object":"","demo_hide_cta":"0","demo_hide_cloud_options":"0","pricing_title":"","pricing":[{"pricing_icon":"platform","pricing_title":"Elfsight Apps","pricing_title_caption":"Oprogramowanie wieloplatformowe, kt\u00f3re pasuje do ka\u017cdej witryny internetowej","pricing_price":"od 0 USD \/ miesi\u0105c","pricing_price_caption":"zacznij od bezp\u0142atnego planu","pricing_benefits":[{"text":"Nielimitowane strony internetowe"},{"text":"Wsparcie premium"},{"text":"Bezp\u0142atna us\u0142uga monta\u017cu"},{"text":"Oferta specjalna na wiele aplikacji"}],"pricing_button_text":"Dodaj do witryny","pricing_button_url":"#demo"}],"related_apps_title":"","related_apps_hidden":"0","author":"","image":[],"title":"","job":"","social_networks":[]},"_links":{"self":[{"href":"https:\/\/elfsight.com\/pl\/wp-json\/wp\/v2\/pages\/5381","targetHints":{"allow":["GET"]}}],"collection":[{"href":"https:\/\/elfsight.com\/pl\/wp-json\/wp\/v2\/pages"}],"about":[{"href":"https:\/\/elfsight.com\/pl\/wp-json\/wp\/v2\/types\/page"}],"author":[{"embeddable":true,"href":"https:\/\/elfsight.com\/pl\/wp-json\/wp\/v2\/users\/9"}],"replies":[{"embeddable":true,"href":"https:\/\/elfsight.com\/pl\/wp-json\/wp\/v2\/comments?post=5381"}],"version-history":[{"count":3,"href":"https:\/\/elfsight.com\/pl\/wp-json\/wp\/v2\/pages\/5381\/revisions"}],"predecessor-version":[{"id":10581,"href":"https:\/\/elfsight.com\/pl\/wp-json\/wp\/v2\/pages\/5381\/revisions\/10581"}],"up":[{"embeddable":true,"href":"https:\/\/elfsight.com\/pl\/wp-json\/wp\/v2\/pages\/2191"}],"wp:attachment":[{"href":"https:\/\/elfsight.com\/pl\/wp-json\/wp\/v2\/media?parent=5381"}],"curies":[{"name":"wp","href":"https:\/\/api.w.org\/{rel}","templated":true}]}}