{"id":5373,"date":"2024-05-03T06:38:32","date_gmt":"2024-05-03T06:38:32","guid":{"rendered":"https:\/\/elfsight.com\/pl\/?page_id=5373"},"modified":"2024-09-13T13:32:24","modified_gmt":"2024-09-13T13:32:24","slug":"godaddy","status":"publish","type":"page","link":"https:\/\/elfsight.com\/pl\/google-maps-widget\/godaddy\/","title":{"rendered":"Google Maps  &#8211; GoDaddy"},"content":{"rendered":"<div class=\"application-platform-content-item-description application-platform-content-item\" id=\"description\" data-nav-section=\"description\"> <h2>Umie\u015b\u0107 Mapy Google w GoDaddy za pomoc\u0105 wid\u017cetu Elfsight<\/h2> <p>Elfsight Google Maps dla GoDaddy to idealna wtyczka zapewniaj\u0105ca \u0142atwo\u015b\u0107 aby znale\u017a\u0107 i ujawni\u0107 szczeg\u00f3\u0142owe dane kontaktowe dotycz\u0105ce Twojej firmy. Wy\u015bwietlaj r\u00f3\u017cnorodne znaczniki lokalizacji i tw\u00f3rz list\u0119 wszystkich swoich lokalizacji; kszta\u0142tuj informacyjne karty informacyjne z numerem kontaktowym, adresem, godzinami pracy i innymi informacjami, aby zwi\u0119kszy\u0107 liczb\u0119 kontakt\u00f3w. Automatyczne obliczanie trasy pomo\u017ce znale\u017a\u0107 optymaln\u0105 drog\u0119 do Twojej lokalizacji bezpo\u015brednio na stronie, zapewniaj\u0105c najwy\u017cszy komfort Twoich klient\u00f3w. <\/p> <p><b>U\u0142atw swoim klientom wyb\u00f3r miejsca docelowego dzi\u0119ki por\u0119cznej li\u015bcie obejmuj\u0105cej wszystkie Twoje lokalizacje!<\/b><\/p> <\/div> <div class=\"application-platform-content-item-features application-platform-content-item\" id=\"features\" data-nav-section=\"features\"> <h2>The najpopularniejsze funkcje wtyczek obejmuj\u0105<\/h2> <ul><li>R\u00f3\u017cne znaczniki lokalizacji na interaktywnej mapie<\/li><li>Dodawanie nowej lokalizacji poprzez samo wprowadzenie jej adresu, nazwy lub wsp\u00f3\u0142rz\u0119dnych<\/li><li> Obs\u0142ugiwane wszystkie funkcje Map Google: warstwy, typy map, elementy steruj\u0105ce<\/li><li>6 typ\u00f3w element\u00f3w steruj\u0105cych nawigacj\u0105<\/li><li>5 warstw Map Google: POI, ruch drogowy, transport publiczny, rower, widok ulicy<\/li> <\/ul><p><a href=\"#demo\">Mo\u017cesz sprawdzi\u0107, czy wtyczka jest dla Ciebie, korzystaj\u0105c z wersji demonstracyjnej<\/a><\/p> <\/div> <div class=\"application-platform-content-item-installation application-platform-content-item\" id=\"installation\" data-nav-section=\"installation\"> <h2>Jak osadzi\u0107 Mapy Google na mojej stronie internetowej GoDaddy? <\/h2> <p>Wystarczy wykona\u0107 poni\u017csze kroki, aby zintegrowa\u0107 wtyczk\u0119. <\/p> <ol><li><b>Otw\u00f3rz nasz darmowy edytor i zacznij tworzy\u0107 w\u0142asn\u0105 wtyczk\u0119. <\/b><br> Okre\u015bl preferowany interfejs i charakterystyk\u0119 wtyczki oraz zapisz zmiany. <\/li> <li><b>Odbierz indywidualny kod pojawiaj\u0105cy si\u0119 w oknie aplikacji Elfsight. <\/b><br> Po zako\u0144czeniu generowania narz\u0119dzia skopiuj kod osobisty w wy\u015bwietlonym polu i zapisz go na p\u00f3\u017aniej. <\/li> <li><b>Zainicjuj u\u017cycie wtyczki na stronie g\u0142\u00f3wnej GoDaddy. <\/b><br> Zintegruj zapisany wcze\u015bniej kod ze swoj\u0105 stron\u0105 i zapisz zmiany. <\/li> <li><b>Instalacja zako\u0144czy\u0142a si\u0119 pomy\u015blnie. <\/b><br> Odwied\u017a swoj\u0105 witryn\u0119, aby zobaczy\u0107, jak dzia\u0142a narz\u0119dzie. <\/li><\/ol> <p>Je\u015bli masz do czynienia z zapytaniami lub napotkasz jakie\u015b trudno\u015bci, nie wahaj si\u0119 napisa\u0107 do naszego personelu pomocy technicznej. Nasi konsultanci z przyjemno\u015bci\u0105 rozwi\u0105\u017c\u0105 wszystkie problemy, jakie mo\u017cesz mie\u0107 z wtyczk\u0105. <\/p> <div class=\"faq\" data-component=\"FAQ\"><div class=\"faq-item\">\r\n\t\t\t\t\t<div class=\"faq-item-question\">\r\n\t\t\t\t\t\t<h3 class=\"faq-item-question-text\">Jak mog\u0119 doda\u0107 Mapy Google do mojej witryny GoDaddy bez umiej\u0119tno\u015bci kodowania?<\/h3>\r\n\r\n\t\t\t\t\t\t<div class=\"faq-item-question-icon\"><\/div>\r\n\t\t\t\t\t<\/div>\r\n\r\n\t\t\t\t\t<div class=\"faq-item-answer\">\r\n\t\t\t\t\t\t<div class=\"faq-item-answer-text\"> <p>Elfsight zapewnia rozwi\u0105zanie SaaS, kt\u00f3re pozwala samodzielnie utworzy\u0107 wid\u017cet Map Google. Zobacz, jak \u0142atwo proces jest nast\u0119puj\u0105cy: Pracuj bezpo\u015brednio w edytorze online, aby utworzy\u0107 wid\u017cet Map Google, kt\u00f3ry chcesz widzie\u0107 w swojej witrynie GoDaddy. Wybierz jeden z gotowych szablon\u00f3w i dostosuj ustawienia Map Google, dodaj tre\u015b\u0107, zmie\u0144 uk\u0142ad i kolory bez umiej\u0119tno\u015bci kodowania. Zapisz Mapy Google i skopiuj ich kod instalacyjny, kt\u00f3ry mo\u017cesz \u0142atwo umie\u015bci\u0107 na swojej stronie GoDaddy, bez konieczno\u015bci kupowania p\u0142atnego planu. Dzi\u0119ki naszemu intuicyjnemu Edytorowi ka\u017cdy u\u017cytkownik Internetu mo\u017ce stworzy\u0107 wid\u017cet Map Google online i \u0142atwo osadzi\u0107 go na swojej stronie GoDaddy. Aby uzyska\u0107 dost\u0119p do us\u0142ugi, nie trzeba p\u0142aci\u0107 ani wprowadza\u0107 danych uwierzytelniaj\u0105cych karty. Je\u015bli na kt\u00f3rymkolwiek etapie napotkasz jakiekolwiek problemy, skontaktuj si\u0119 z naszym zespo\u0142em pomocy technicznej.<\/p> <\/div>\r\n\t\t\t\t\t<\/div>\r\n\t\t\t\t<\/div> <\/div><\/div>","protected":false},"excerpt":{"rendered":"","protected":false},"author":9,"featured_media":0,"parent":2191,"menu_order":0,"comment_status":"closed","ping_status":"closed","template":"templates\/template-application-platform.php","meta":{"publish_to_discourse":"","publish_post_category":"","wpdc_auto_publish_overridden":"","wpdc_topic_tags":"","wpdc_pin_topic":"","wpdc_pin_until":"","discourse_post_id":"","discourse_permalink":"","wpdc_publishing_response":"","wpdc_publishing_error":"","footnotes":""},"class_list":["post-5373","page","type-page","status-publish","hentry"],"yoast_head":"<!-- This site is optimized with the Yoast SEO plugin v25.3.1 - https:\/\/yoast.com\/wordpress\/plugins\/seo\/ -->\n<title>Wtyczka Google Maps - Dodaj wtyczk\u0119 Google Maps do witryny GoDaddy!<\/title>\n<meta name=\"description\" content=\"Przenie\u015b wydajno\u015b\u0107 swojej witryny na wy\u017cszy poziom dzi\u0119ki wtyczce Elfsight Google Maps dla GoDaddy! Zacznij rozwija\u0107 sw\u00f3j biznes ju\u017c teraz!\" \/>\n<meta name=\"robots\" content=\"index, follow, max-snippet:-1, max-image-preview:large, max-video-preview:-1\" \/>\n<link rel=\"canonical\" href=\"https:\/\/elfsight.com\/pl\/google-maps-widget\/godaddy\/\" \/>\n<meta property=\"og:locale\" content=\"pl_PL\" \/>\n<meta property=\"og:type\" content=\"article\" \/>\n<meta property=\"og:title\" content=\"Wtyczka Google Maps - Dodaj wtyczk\u0119 Google Maps do witryny GoDaddy!\" \/>\n<meta property=\"og:description\" content=\"Przenie\u015b wydajno\u015b\u0107 swojej witryny na wy\u017cszy poziom dzi\u0119ki wtyczce Elfsight Google Maps dla GoDaddy! Zacznij rozwija\u0107 sw\u00f3j biznes ju\u017c teraz!\" \/>\n<meta property=\"og:url\" content=\"https:\/\/elfsight.com\/pl\/google-maps-widget\/godaddy\/\" \/>\n<meta property=\"og:site_name\" content=\"Elfsight PL\" \/>\n<meta property=\"article:modified_time\" content=\"2024-09-13T13:32:24+00:00\" \/>\n<meta name=\"twitter:card\" content=\"summary_large_image\" \/>\n<meta name=\"twitter:label1\" content=\"Szacowany czas czytania\" \/>\n\t<meta name=\"twitter:data1\" content=\"3 minuty\" \/>\n<!-- \/ Yoast SEO plugin. -->","yoast_head_json":{"title":"Wtyczka Google Maps - Dodaj wtyczk\u0119 Google Maps do witryny GoDaddy!","description":"Przenie\u015b wydajno\u015b\u0107 swojej witryny na wy\u017cszy poziom dzi\u0119ki wtyczce Elfsight Google Maps dla GoDaddy! Zacznij rozwija\u0107 sw\u00f3j biznes ju\u017c teraz!","robots":{"index":"index","follow":"follow","max-snippet":"max-snippet:-1","max-image-preview":"max-image-preview:large","max-video-preview":"max-video-preview:-1"},"canonical":"https:\/\/elfsight.com\/pl\/google-maps-widget\/godaddy\/","og_locale":"pl_PL","og_type":"article","og_title":"Wtyczka Google Maps - Dodaj wtyczk\u0119 Google Maps do witryny GoDaddy!","og_description":"Przenie\u015b wydajno\u015b\u0107 swojej witryny na wy\u017cszy poziom dzi\u0119ki wtyczce Elfsight Google Maps dla GoDaddy! Zacznij rozwija\u0107 sw\u00f3j biznes ju\u017c teraz!","og_url":"https:\/\/elfsight.com\/pl\/google-maps-widget\/godaddy\/","og_site_name":"Elfsight PL","article_modified_time":"2024-09-13T13:32:24+00:00","twitter_card":"summary_large_image","twitter_misc":{"Szacowany czas czytania":"3 minuty"},"schema":{"@context":"https:\/\/schema.org","@graph":[{"@type":"WebPage","@id":"https:\/\/elfsight.com\/pl\/google-maps-widget\/godaddy\/","url":"https:\/\/elfsight.com\/pl\/google-maps-widget\/godaddy\/","name":"Wtyczka Google Maps - Dodaj wtyczk\u0119 Google Maps do witryny GoDaddy!","isPartOf":{"@id":"https:\/\/elfsight.com\/pl\/#website"},"datePublished":"2024-05-03T06:38:32+00:00","dateModified":"2024-09-13T13:32:24+00:00","description":"Przenie\u015b wydajno\u015b\u0107 swojej witryny na wy\u017cszy poziom dzi\u0119ki wtyczce Elfsight Google Maps dla GoDaddy! Zacznij rozwija\u0107 sw\u00f3j biznes ju\u017c teraz!","breadcrumb":{"@id":"https:\/\/elfsight.com\/pl\/google-maps-widget\/godaddy\/#breadcrumb"},"inLanguage":"pl-PL","potentialAction":[{"@type":"ReadAction","target":["https:\/\/elfsight.com\/pl\/google-maps-widget\/godaddy\/"]}]},{"@type":"BreadcrumbList","@id":"https:\/\/elfsight.com\/pl\/google-maps-widget\/godaddy\/#breadcrumb","itemListElement":[{"@type":"ListItem","position":1,"name":"Home","item":"https:\/\/elfsight.com\/pl\/"},{"@type":"ListItem","position":2,"name":"Google Maps","item":"https:\/\/elfsight.com\/pl\/google-maps-widget\/"},{"@type":"ListItem","position":3,"name":"Google Maps &#8211; GoDaddy"}]},{"@type":"WebSite","@id":"https:\/\/elfsight.com\/pl\/#website","url":"https:\/\/elfsight.com\/pl\/","name":"Elfsight PL","description":"Just another Elfsight Sites site","potentialAction":[{"@type":"SearchAction","target":{"@type":"EntryPoint","urlTemplate":"https:\/\/elfsight.com\/pl\/?s={search_term_string}"},"query-input":{"@type":"PropertyValueSpecification","valueRequired":true,"valueName":"search_term_string"}}],"inLanguage":"pl-PL"}]}},"meta_box":{"industry":"","seo_heading":"","heading":"","description":"","cta_heading":"","cta_description":"","application":"2190","h1":"Wtyczka GoDaddy do Map Google","h1_caption":"Dzi\u0119ki informacyjnym mapom i obliczaniu tras \u0142atwo znajdziesz i przyci\u0105gniesz wi\u0119cej prawdziwych go\u015bci","application_category":[],"applications_title":"","applications_request_title":"","applications_request_button_text":"","hero_text":"","hero_video":"","hero_video_schema_markup":"","selling_points_title":"","selling_points_caption":"","selling_points":[],"selling_points_cta_text":"","features_title":"","features":"","ed_cta_examples_text":"","ed_cta_examples_hidden":"","ed_cta_demo_text":"","ed_cta_demo_hidden":"","why_caption":"","why_editor_title":"","why_editor_text":"","why_team_title":"","why_team_text":"","why_service_title":"","why_service_text":"","template_catalog_visible":"","template_catalog_title":"","template_catalog_text":"","template_catalog_categories_visible":"","demo_title":"Pospiesz si\u0119, aby utworzy\u0107 niestandardowe Mapy Google GoDaddy","demo_caption":"Dostosuj go i wstaw na swoj\u0105 stron\u0119 g\u0142\u00f3wn\u0105, korzystaj\u0105c z aktywnego demo.","default_faq_hidden":"","app_template_category":[],"platform":"180","template_public_id":"","codecanyon_url":"","codecanyon_item_id":"","codecanyon_price":"","pricing_caption":"","pricing_elfsight_apps_hide_column":"","pricing_elfsight_apps_url":"","pricing_codecanyon_price_caption":"","integration_category":[],"integration_request_title":"","integration_request_cta":"","integration_platform":"","integrations":[],"platform_category":[],"video_schema_markup":"","price":"od 0 USD \/ miesi\u0105c","trial":"","benefits":[{"text":"Bezp\u0142atna pomoc w instalacji"},{"text":"Profesjonalna obs\u0142uga klienta"},{"text":"14-dniowa gwarancja zwrotu pieni\u0119dzy"}],"button_url":"#demo","button_target_blank":"","button_nofollow":"","attributes":[{"name":"Instaluje"},{"name":"Czu\u0142y"},{"name":"Kompatybilne przegl\u0105darki"}],"tags":[],"tags_disable_links":"","hide_more_platforms":"","video_object":"","demo_hide_cta":"","demo_hide_cloud_options":"","pricing_title":"","pricing":[{"pricing_icon":"platform","pricing_title":"Elfsight Apps","pricing_title_caption":"Wersja wieloplatformowa","pricing_price":"od 0 USD \/ miesi\u0105c","pricing_price_caption":"zacznij od bezp\u0142atnego planu","pricing_benefits":[{"text":"Nielimitowane strony internetowe"},{"text":"Dedykowane wsparcie i dobrze udokumentowane"},{"text":"Bezp\u0142atna pomoc w instalacji"},{"text":"100% konfigurowalny"}],"pricing_button_text":"Dodaj do witryny","pricing_button_url":"#demo"}],"related_apps_title":"","related_apps_hidden":"","author":"","image":[],"title":"","job":"","social_networks":[]},"_links":{"self":[{"href":"https:\/\/elfsight.com\/pl\/wp-json\/wp\/v2\/pages\/5373","targetHints":{"allow":["GET"]}}],"collection":[{"href":"https:\/\/elfsight.com\/pl\/wp-json\/wp\/v2\/pages"}],"about":[{"href":"https:\/\/elfsight.com\/pl\/wp-json\/wp\/v2\/types\/page"}],"author":[{"embeddable":true,"href":"https:\/\/elfsight.com\/pl\/wp-json\/wp\/v2\/users\/9"}],"replies":[{"embeddable":true,"href":"https:\/\/elfsight.com\/pl\/wp-json\/wp\/v2\/comments?post=5373"}],"version-history":[{"count":1,"href":"https:\/\/elfsight.com\/pl\/wp-json\/wp\/v2\/pages\/5373\/revisions"}],"predecessor-version":[{"id":5377,"href":"https:\/\/elfsight.com\/pl\/wp-json\/wp\/v2\/pages\/5373\/revisions\/5377"}],"up":[{"embeddable":true,"href":"https:\/\/elfsight.com\/pl\/wp-json\/wp\/v2\/pages\/2191"}],"wp:attachment":[{"href":"https:\/\/elfsight.com\/pl\/wp-json\/wp\/v2\/media?parent=5373"}],"curies":[{"name":"wp","href":"https:\/\/api.w.org\/{rel}","templated":true}]}}