{"id":5368,"date":"2024-05-03T06:38:31","date_gmt":"2024-05-03T06:38:31","guid":{"rendered":"https:\/\/elfsight.com\/pl\/?page_id=5368"},"modified":"2024-10-24T12:03:34","modified_gmt":"2024-10-24T12:03:34","slug":"prestashop","status":"publish","type":"page","link":"https:\/\/elfsight.com\/pl\/google-maps-widget\/prestashop\/","title":{"rendered":"Google Maps &#8211; PrestaShop"},"content":{"rendered":"<div class=\"application-platform-content-item-description application-platform-content-item\" id=\"description\" data-nav-section=\"description\"> <h2>Opis<\/h2> <p>Prosty w instalacji, funkcjonalny i w pe\u0142ni spersonalizowany instrument, kt\u00f3ry znacznie u\u0142atwia wyszukiwanie sklep\u00f3w dla Twojego klienci. Produktywne w przyci\u0105ganiu klient\u00f3w offline, szybka integracja i dostosowywanie interfejsu sprawiaj\u0105, \u017ce jest to jedna z najlepszych witryn WordPress, wartych swojej ceny. Zdob\u0105d\u017a wi\u0119cej realnych klient\u00f3w dzi\u0119ki interaktywnym mapom na Twojej stronie! <\/p><p><b>Dzi\u0119ki Mapom Google mo\u017cesz znacz\u0105co rozwin\u0105\u0107 sw\u00f3j biznes i zwi\u0119kszy\u0107 sprzeda\u017c!<\/b><\/p> <\/div> <div class=\"application-platform-content-item-features application-platform-content-item\" id=\"features\" data-nav-section=\"features\"> <h2>Przejrzyj list\u0119 najwi\u0119ksze funkcje: <\/h2> <ul><li>Ponad 50 znacznik\u00f3w lokalizacji na interaktywnej mapie<\/li><li>Trzy typy animacji znacznik\u00f3w<\/li><li>Dodawanie nowej lokalizacji poprzez samo wprowadzenie jej wsp\u00f3\u0142rz\u0119dnych, nazwy, lub adres <\/li><li>Obs\u0142ugiwane wszystkie funkcje Map Google: warstwy, elementy steruj\u0105ce, typy map<\/li><li>Karta informacyjna z maksymaln\u0105 liczb\u0105 informacji kontaktowych<\/li><li>Automatyczne budowanie tras na podstawie lokalizacji odwiedzaj\u0105cego <\/li><li>wybierz elementy i Edytuj tytu\u0142 panelu lokalizacji<\/li><li>Przekierowanie adresu URL dla ka\u017cdego klikalnego znacznika <\/li><li>Karta informacyjna wyskakuje indywidualnie dla ka\u017cdego znacznika<\/li><\/ul><p><a href=\"#demo\">Przetestuj wszystkie funkcje personalizacji w pe\u0142ni funkcjonalnej wersji demonstracyjnej<\/a><\/p> <\/div> <div class=\"application-platform-content-item-installation application-platform-content-item\" id=\"installation\" data-nav-section=\"installation\"> <h2>Jak mog\u0119 doda\u0107 Mapy Google do mojego Strona internetowa PrestaShop? <\/h2> <p>Wystarczy wykona\u0107 kilka krok\u00f3w przedstawionych poni\u017cej, aby aktywowa\u0107 wid\u017cet. <\/p> <ol><li><b>Zarz\u0105dzaj naszym bezp\u0142atnym konfiguratorem i zacznij tworzy\u0107 w\u0142asny widget. <\/b><br> Wybierz preferowany uk\u0142ad i funkcjonalno\u015b\u0107 dodatku i zastosuj modyfikacje. <\/li> <li><b>Wy\u015bwietl sw\u00f3j osobisty kod w oknie aplikacji Elfsight. <\/b><br> Gdy tylko generowanie Twojego osobistego dodatku zostanie zako\u0144czone, skopiuj indywidualny kod w wy\u015bwietlonym oknie i zachowaj go na p\u00f3\u017aniej. <\/li> <li><b>Wpisz ch\u0119\u0107 korzystania z dodatku na stronie internetowej PrestaShop. <\/b><br> Dodaj skopiowany wcze\u015bniej kod na swoj\u0105 stron\u0119 i zapisz zmiany. <\/li> <li><b>Gotowe! Integracja zosta\u0142a pomy\u015blnie przeprowadzona. <\/b><br> Odwied\u017a swoj\u0105 stron\u0119 internetow\u0105, aby sprawdzi\u0107, jak dzia\u0142a widget. <\/li><\/ol> <p>W przypadku pyta\u0144 lub wyst\u0105pienia jakichkolwiek komplikacji prosimy o kontakt z naszym dzia\u0142em obs\u0142ugi klienta. Nasi specjali\u015bci ch\u0119tnie odpowiedz\u0105 na wszystkie pytania, jakie mo\u017cesz mie\u0107 w zwi\u0105zku z tym narz\u0119dziem. <\/p> <div class=\"faq\" data-component=\"FAQ\"><div class=\"faq-item\">\r\n\t\t\t\t\t<div class=\"faq-item-question\">\r\n\t\t\t\t\t\t<h3 class=\"faq-item-question-text\">Jak doda\u0107 Mapy Google do mojej witryny PrestaShop bez umiej\u0119tno\u015bci kodowania?<\/h3>\r\n\r\n\t\t\t\t\t\t<div class=\"faq-item-question-icon\"><\/div>\r\n\t\t\t\t\t<\/div>\r\n\r\n\t\t\t\t\t<div class=\"faq-item-answer\">\r\n\t\t\t\t\t\t<div class=\"faq-item-answer-text\"> <p>Elfsight zapewnia rozwi\u0105zanie SaaS, kt\u00f3re pozwala samodzielnie utworzy\u0107 wid\u017cet Map Google, zobacz, jak \u0142atwy jest ten proces to: Pracuj bezpo\u015brednio w edytorze online, aby utworzy\u0107 wid\u017cet Map Google, kt\u00f3ry chcia\u0142by\u015b zobaczy\u0107 na swojej stronie PrestaShop. Wybierz jeden z gotowych szablon\u00f3w i dostosuj ustawienia Map Google, dodaj tre\u015b\u0107, zmie\u0144 uk\u0142ad i kolory bez umiej\u0119tno\u015bci kodowania. Zapisz Mapy Google i skopiuj ich kod instalacyjny, kt\u00f3ry mo\u017cesz bez problemu umie\u015bci\u0107 na swojej stronie PrestaShop bez konieczno\u015bci zakupu wersji p\u0142atnej. Dzi\u0119ki naszemu intuicyjnemu Edytorowi ka\u017cdy u\u017cytkownik Internetu mo\u017ce stworzy\u0107 wid\u017cet Map Google online i \u0142atwo osadzi\u0107 go na swojej stronie PrestaShop. Aby uzyska\u0107 dost\u0119p do us\u0142ugi, nie trzeba p\u0142aci\u0107 ani wprowadza\u0107 danych uwierzytelniaj\u0105cych karty. Je\u015bli na kt\u00f3rymkolwiek etapie napotkasz jakiekolwiek problemy, skontaktuj si\u0119 z naszym zespo\u0142em pomocy technicznej.<\/p> <\/div>\r\n\t\t\t\t\t<\/div>\r\n\t\t\t\t<\/div> <\/div><\/div>","protected":false},"excerpt":{"rendered":"","protected":false},"author":9,"featured_media":0,"parent":2191,"menu_order":0,"comment_status":"closed","ping_status":"closed","template":"templates\/template-application-platform.php","meta":{"publish_to_discourse":"","publish_post_category":"","wpdc_auto_publish_overridden":"","wpdc_topic_tags":"","wpdc_pin_topic":"","wpdc_pin_until":"","discourse_post_id":"","discourse_permalink":"","wpdc_publishing_response":"","wpdc_publishing_error":"","footnotes":""},"class_list":["post-5368","page","type-page","status-publish","hentry"],"yoast_head":"<!-- This site is optimized with the Yoast SEO plugin v25.3.1 - https:\/\/yoast.com\/wordpress\/plugins\/seo\/ -->\n<title>Mapy Google - Dodaj wid\u017cet Mapa do witryny PrestaShop<\/title>\n<meta name=\"description\" content=\"Utw\u00f3rz niestandardowy dodatek Google Maps dla witryny PrestaShop. Zademonstruj rozbudowane mapy w zaledwie 2 minuty za darmo w naj\u0142atwiejszym edytorze.\" \/>\n<meta name=\"robots\" content=\"index, follow, max-snippet:-1, max-image-preview:large, max-video-preview:-1\" \/>\n<link rel=\"canonical\" href=\"https:\/\/elfsight.com\/pl\/google-maps-widget\/prestashop\/\" \/>\n<meta property=\"og:locale\" content=\"pl_PL\" \/>\n<meta property=\"og:type\" content=\"article\" \/>\n<meta property=\"og:title\" content=\"Mapy Google - Dodaj wid\u017cet Mapa do witryny PrestaShop\" \/>\n<meta property=\"og:description\" content=\"Utw\u00f3rz niestandardowy dodatek Google Maps dla witryny PrestaShop. Zademonstruj rozbudowane mapy w zaledwie 2 minuty za darmo w naj\u0142atwiejszym edytorze.\" \/>\n<meta property=\"og:url\" content=\"https:\/\/elfsight.com\/pl\/google-maps-widget\/prestashop\/\" \/>\n<meta property=\"og:site_name\" content=\"Elfsight PL\" \/>\n<meta property=\"article:modified_time\" content=\"2024-10-24T12:03:34+00:00\" \/>\n<meta name=\"twitter:card\" content=\"summary_large_image\" \/>\n<meta name=\"twitter:label1\" content=\"Szacowany czas czytania\" \/>\n\t<meta name=\"twitter:data1\" content=\"3 minuty\" \/>\n<!-- \/ Yoast SEO plugin. -->","yoast_head_json":{"title":"Mapy Google - Dodaj wid\u017cet Mapa do witryny PrestaShop","description":"Utw\u00f3rz niestandardowy dodatek Google Maps dla witryny PrestaShop. Zademonstruj rozbudowane mapy w zaledwie 2 minuty za darmo w naj\u0142atwiejszym edytorze.","robots":{"index":"index","follow":"follow","max-snippet":"max-snippet:-1","max-image-preview":"max-image-preview:large","max-video-preview":"max-video-preview:-1"},"canonical":"https:\/\/elfsight.com\/pl\/google-maps-widget\/prestashop\/","og_locale":"pl_PL","og_type":"article","og_title":"Mapy Google - Dodaj wid\u017cet Mapa do witryny PrestaShop","og_description":"Utw\u00f3rz niestandardowy dodatek Google Maps dla witryny PrestaShop. Zademonstruj rozbudowane mapy w zaledwie 2 minuty za darmo w naj\u0142atwiejszym edytorze.","og_url":"https:\/\/elfsight.com\/pl\/google-maps-widget\/prestashop\/","og_site_name":"Elfsight PL","article_modified_time":"2024-10-24T12:03:34+00:00","twitter_card":"summary_large_image","twitter_misc":{"Szacowany czas czytania":"3 minuty"},"schema":{"@context":"https:\/\/schema.org","@graph":[{"@type":"WebPage","@id":"https:\/\/elfsight.com\/pl\/google-maps-widget\/prestashop\/","url":"https:\/\/elfsight.com\/pl\/google-maps-widget\/prestashop\/","name":"Mapy Google - Dodaj wid\u017cet Mapa do witryny PrestaShop","isPartOf":{"@id":"https:\/\/elfsight.com\/pl\/#website"},"datePublished":"2024-05-03T06:38:31+00:00","dateModified":"2024-10-24T12:03:34+00:00","description":"Utw\u00f3rz niestandardowy dodatek Google Maps dla witryny PrestaShop. Zademonstruj rozbudowane mapy w zaledwie 2 minuty za darmo w naj\u0142atwiejszym edytorze.","breadcrumb":{"@id":"https:\/\/elfsight.com\/pl\/google-maps-widget\/prestashop\/#breadcrumb"},"inLanguage":"pl-PL","potentialAction":[{"@type":"ReadAction","target":["https:\/\/elfsight.com\/pl\/google-maps-widget\/prestashop\/"]}]},{"@type":"BreadcrumbList","@id":"https:\/\/elfsight.com\/pl\/google-maps-widget\/prestashop\/#breadcrumb","itemListElement":[{"@type":"ListItem","position":1,"name":"Home","item":"https:\/\/elfsight.com\/pl\/"},{"@type":"ListItem","position":2,"name":"Google Maps","item":"https:\/\/elfsight.com\/pl\/google-maps-widget\/"},{"@type":"ListItem","position":3,"name":"Google Maps &#8211; PrestaShop"}]},{"@type":"WebSite","@id":"https:\/\/elfsight.com\/pl\/#website","url":"https:\/\/elfsight.com\/pl\/","name":"Elfsight PL","description":"Just another Elfsight Sites site","potentialAction":[{"@type":"SearchAction","target":{"@type":"EntryPoint","urlTemplate":"https:\/\/elfsight.com\/pl\/?s={search_term_string}"},"query-input":{"@type":"PropertyValueSpecification","valueRequired":true,"valueName":"search_term_string"}}],"inLanguage":"pl-PL"}]}},"meta_box":{"industry":"","seo_heading":"","heading":"","description":"","cta_heading":"","cta_description":"","application":"2190","h1":"Dodatek Map Google do PrestaShop","h1_caption":"Osad\u017a responsywn\u0105 map\u0119 Google, aby wy\u015bwietla\u0107 swoj\u0105 lokalizacj\u0119 lub wiele lokalizacji, co u\u0142atwi nawigacj\u0119 po witrynie Prestashop.","application_category":[],"applications_title":"","applications_request_title":"","applications_request_button_text":"","hero_text":"","hero_video":"","hero_video_schema_markup":"","selling_points_title":"","selling_points_caption":"","selling_points":[],"selling_points_cta_text":"","features_title":"","features":"","ed_cta_examples_text":"","ed_cta_examples_hidden":"","ed_cta_demo_text":"","ed_cta_demo_hidden":"","why_caption":"","why_editor_title":"","why_editor_text":"","why_team_title":"","why_team_text":"","why_service_title":"","why_service_text":"","template_catalog_visible":"","template_catalog_title":"","template_catalog_text":"","template_catalog_categories_visible":"","demo_title":"\u015amia\u0142o, stw\u00f3rz spersonalizowany dodatek do mapy PrestaShop!","demo_caption":"Dostosuj Mapy Google i dodaj je do swojej strony g\u0142\u00f3wnej za pomoc\u0105 aktywnego demo.","default_faq_hidden":"","app_template_category":[],"platform":"586","template_public_id":"","codecanyon_url":"","codecanyon_item_id":"","codecanyon_price":"","pricing_caption":"","pricing_elfsight_apps_hide_column":"","pricing_elfsight_apps_url":"","pricing_codecanyon_price_caption":"","integration_category":[],"integration_request_title":"","integration_request_cta":"","integration_platform":"","integrations":[],"platform_category":[],"video_schema_markup":"","price":"od 0 USD \/ miesi\u0105c","trial":"","benefits":[{"text":"Bezp\u0142atna us\u0142uga monta\u017cu"},{"text":"Do\u015bwiadczona obs\u0142uga klienta"},{"text":"14-dniowa gwarancja zwrotu pieni\u0119dzy"}],"button_url":"#demo","button_target_blank":"","button_nofollow":"","attributes":[{"name":"Instaluje"},{"name":"Czu\u0142y"},{"name":"Kompatybilne przegl\u0105darki"}],"tags":[],"tags_disable_links":"","hide_more_platforms":"","video_object":"","demo_hide_cta":"","demo_hide_cloud_options":"","pricing_title":"","pricing":[{"pricing_icon":"platform","pricing_title":"Elfsight Apps","pricing_title_caption":"Wieloplatformowe rozwi\u0105zanie cyfrowe","pricing_price":"od 0 USD \/ miesi\u0105c","pricing_price_caption":"zacznij od bezp\u0142atnego planu","pricing_benefits":[{"text":"Nielimitowane domeny"},{"text":"Profesjonalne wsparcie firmy"},{"text":"Bezp\u0142atna us\u0142uga monta\u017cu"},{"text":"100% konfigurowalny"}],"pricing_button_text":"Dodaj do witryny","pricing_button_url":"#demo"}],"related_apps_title":"","related_apps_hidden":"","author":"","image":[],"title":"","job":"","social_networks":[]},"_links":{"self":[{"href":"https:\/\/elfsight.com\/pl\/wp-json\/wp\/v2\/pages\/5368","targetHints":{"allow":["GET"]}}],"collection":[{"href":"https:\/\/elfsight.com\/pl\/wp-json\/wp\/v2\/pages"}],"about":[{"href":"https:\/\/elfsight.com\/pl\/wp-json\/wp\/v2\/types\/page"}],"author":[{"embeddable":true,"href":"https:\/\/elfsight.com\/pl\/wp-json\/wp\/v2\/users\/9"}],"replies":[{"embeddable":true,"href":"https:\/\/elfsight.com\/pl\/wp-json\/wp\/v2\/comments?post=5368"}],"version-history":[{"count":1,"href":"https:\/\/elfsight.com\/pl\/wp-json\/wp\/v2\/pages\/5368\/revisions"}],"predecessor-version":[{"id":5372,"href":"https:\/\/elfsight.com\/pl\/wp-json\/wp\/v2\/pages\/5368\/revisions\/5372"}],"up":[{"embeddable":true,"href":"https:\/\/elfsight.com\/pl\/wp-json\/wp\/v2\/pages\/2191"}],"wp:attachment":[{"href":"https:\/\/elfsight.com\/pl\/wp-json\/wp\/v2\/media?parent=5368"}],"curies":[{"name":"wp","href":"https:\/\/api.w.org\/{rel}","templated":true}]}}